{"id":21800,"date":"2026-02-04T21:09:49","date_gmt":"2026-02-04T19:09:49","guid":{"rendered":"https:\/\/mekulo.com\/dk\/produkt\/koekkenrulleholder-uden-boring\/"},"modified":"2026-02-05T07:47:52","modified_gmt":"2026-02-05T05:47:52","slug":"koekkenrulleholder-uden-boring","status":"publish","type":"product","link":"https:\/\/mekulo.com\/dk\/produkt\/koekkenrulleholder-uden-boring\/","title":{"rendered":"K\u00f8kkenrulleholder uden boring"},"content":{"rendered":"<p style=\"text-align: center\" data-start=\"0\" data-end=\"70\"><strong data-start=\"0\" data-end=\"70\">Monter dine papirh\u00e5ndkl\u00e6der med det samme uden at bore eller beskadige v\u00e6ggen. \ud83d\udc69\u200d\ud83c\udf73<\/strong><\/p>\n<p data-start=\"0\" data-end=\"70\"><img fetchpriority=\"high\" decoding=\"async\" class=\"size-full wp-image-23234 aligncenter\" src=\"https:\/\/mekulo.com\/template\/wp-content\/uploads\/sites\/6\/2026\/02\/2-2.jpeg\" alt=\"\" width=\"800\" height=\"800\" \/><\/p>\n<h2 style=\"text-align: center\" data-start=\"415\" data-end=\"432\"><strong>Vigtigste fordele \ud83e\uddfb<\/strong><\/h2>\n<p data-start=\"435\" data-end=\"508\">\ud83d\udee0\ufe0f Installation uden boring &#8211; St\u00e6rk sugekop monteres uden v\u00e6rkt\u00f8j.<\/p>\n<p data-start=\"511\" data-end=\"572\">\ud83e\uddf2 Sikkert greb &#8211; Bliver p\u00e5 plads under daglig brug.<\/p>\n<p data-start=\"575\" data-end=\"649\">\ud83e\uddfb Nem udskiftning af ruller &#8211; Passer til standard- og jumbopapirruller.<\/p>\n<p data-start=\"652\" data-end=\"718\">\ud83c\udf3f Elegant tr\u00e6finish &#8211; Passer til moderne og klassiske k\u00f8kkener.<\/p>\n<p data-start=\"721\" data-end=\"793\">\ud83d\udca7 Rustbestandige materialer &#8211; Ideel til fugtige k\u00f8kkenmilj\u00f8er.<\/p>\n<p data-start=\"796\" data-end=\"857\">\ud83d\udd04 Multi-purpose use &#8211; Holder papirh\u00e5ndkl\u00e6der eller karklude.<\/p>\n<p data-start=\"796\" data-end=\"857\"><img decoding=\"async\" class=\"size-full wp-image-23237 aligncenter\" src=\"https:\/\/mekulo.com\/template\/wp-content\/uploads\/sites\/6\/2026\/02\/5-1.jpeg\" alt=\"\" width=\"800\" height=\"800\" \/><\/p>\n<h2 style=\"text-align: center\" data-start=\"859\" data-end=\"873\"><strong>S\u00e5dan bruges \ud83d\udccc<\/strong><\/h2>\n<ol data-start=\"874\" data-end=\"1120\">\n<li data-start=\"874\" data-end=\"934\">\n<p data-start=\"877\" data-end=\"934\">Clean and dry a smooth surface (tile, glass, or metal).<\/p>\n<\/li>\n<li data-start=\"935\" data-end=\"989\">\n<p data-start=\"938\" data-end=\"989\">Press the suction cup firmly against the surface.<\/p>\n<\/li>\n<li data-start=\"990\" data-end=\"1033\">\n<p data-start=\"993\" data-end=\"1033\">Lock the suction to secure the holder.<\/p>\n<\/li>\n<li data-start=\"1034\" data-end=\"1080\">\n<p data-start=\"1037\" data-end=\"1080\">Insert the paper towel roll onto the bar.<\/p>\n<\/li>\n<li data-start=\"1081\" data-end=\"1120\">\n<p data-start=\"1084\" data-end=\"1120\">Pull towels smoothly from any angle.<\/p>\n<\/li>\n<\/ol>\n<h2 style=\"text-align: center\" data-start=\"1122\" data-end=\"1141\"><strong>Produktdetaljer \ud83d\udccf<\/strong><\/h2>\n<ul data-start=\"1142\" data-end=\"1396\">\n<li data-start=\"1142\" data-end=\"1182\">\n<p data-start=\"1144\" data-end=\"1182\">Installation: Sugemontering uden at bore<\/p>\n<\/li>\n<li data-start=\"1183\" data-end=\"1227\">\n<p data-start=\"1185\" data-end=\"1227\">Monteringsmuligheder: Vandret eller lodret<\/p>\n<\/li>\n<li data-start=\"1228\" data-end=\"1263\">\n<p data-start=\"1230\" data-end=\"1263\">Materiale: Tr\u00e6 + jern + plast<\/p>\n<\/li>\n<li data-start=\"1301\" data-end=\"1356\">\n<p data-start=\"1303\" data-end=\"1356\">Design: Fjederbelastet stang til kontrolleret udlevering<\/p>\n<\/li>\n<li data-start=\"1357\" data-end=\"1396\">\n<p data-start=\"1359\" data-end=\"1396\">Anvendelse: Papirh\u00e5ndkl\u00e6der eller k\u00f8kkenklude<\/p>\n<\/li>\n<li data-start=\"1357\" data-end=\"1396\">St\u00f8rrelse: 30,4 x 11,9 x 5,4 cm<\/li>\n<\/ul>\n<h2 style=\"text-align: center\" data-start=\"1398\" data-end=\"1418\"><strong>Pakken indeholder \ud83d\udce6<\/strong><\/h2>\n<ul data-start=\"1419\" data-end=\"1460\" data-is-last-node=\"\" data-is-only-node=\"\">\n<li data-start=\"1419\" data-end=\"1460\" data-is-last-node=\"\">\n<p data-start=\"1421\" data-end=\"1460\" data-is-last-node=\"\">1, 2x no-drill k\u00f8kkenrulleholder.<\/p>\n<\/li>\n<\/ul>\n","protected":false},"excerpt":{"rendered":"<p>\ud83e\uddfbDenne k\u00f8kkenrulleholder uden boring bruger et st\u00e6rkt sugesystem til at fastg\u00f8re sikkert til glatte overflader, s\u00e5 dine k\u00f8kkenruller altid er inden for r\u00e6kkevidde.<br \/>\n\ud83c\udfe0Den fungerer perfekt i k\u00f8kkener, lejligheder eller lejeboliger, hvor boring ikke er en mulighed.<br \/>\n\ud83d\udd2aDenne smarte holder sparer plads, beskytter dine v\u00e6gge og g\u00f8r de daglige opgaver i k\u00f8kkenet lettere.<\/p>\n","protected":false},"featured_media":21796,"comment_status":"open","ping_status":"closed","template":"","meta":{"site-sidebar-layout":"default","site-content-layout":"","ast-site-content-layout":"default","site-content-style":"default","site-sidebar-style":"default","ast-global-header-display":"","ast-banner-title-visibility":"","ast-main-header-display":"","ast-hfb-above-header-display":"","ast-hfb-below-header-display":"","ast-hfb-mobile-header-display":"","site-post-title":"","ast-breadcrumbs-content":"","ast-featured-img":"","footer-sml-layout":"","ast-disable-related-posts":"","theme-transparent-header-meta":"default","adv-header-id-meta":"","stick-header-meta":"","header-above-stick-meta":"","header-main-stick-meta":"","header-below-stick-meta":"","astra-migrate-meta-layouts":"set","ast-page-background-enabled":"default","ast-page-background-meta":{"desktop":{"background-color":"var(--ast-global-color-5)","background-image":"","background-repeat":"repeat","background-position":"center center","background-size":"auto","background-attachment":"scroll","background-type":"","background-media":"","overlay-type":"","overlay-color":"","overlay-opacity":"","overlay-gradient":""},"tablet":{"background-color":"","background-image":"","background-repeat":"repeat","background-position":"center center","background-size":"auto","background-attachment":"scroll","background-type":"","background-media":"","overlay-type":"","overlay-color":"","overlay-opacity":"","overlay-gradient":""},"mobile":{"background-color":"","background-image":"","background-repeat":"repeat","background-position":"center center","background-size":"auto","background-attachment":"scroll","background-type":"","background-media":"","overlay-type":"","overlay-color":"","overlay-opacity":"","overlay-gradient":""}},"ast-content-background-meta":{"desktop":{"background-color":"var(--ast-global-color-4)","background-image":"","background-repeat":"repeat","background-position":"center center","background-size":"auto","background-attachment":"scroll","background-type":"","background-media":"","overlay-type":"","overlay-color":"","overlay-opacity":"","overlay-gradient":""},"tablet":{"background-color":"var(--ast-global-color-4)","background-image":"","background-repeat":"repeat","background-position":"center center","background-size":"auto","background-attachment":"scroll","background-type":"","background-media":"","overlay-type":"","overlay-color":"","overlay-opacity":"","overlay-gradient":""},"mobile":{"background-color":"var(--ast-global-color-4)","background-image":"","background-repeat":"repeat","background-position":"center center","background-size":"auto","background-attachment":"scroll","background-type":"","background-media":"","overlay-type":"","overlay-color":"","overlay-opacity":"","overlay-gradient":""}}},"product_brand":[],"product_cat":[168],"product_tag":[],"class_list":{"0":"post-21800","1":"product","2":"type-product","3":"status-publish","4":"has-post-thumbnail","6":"product_cat-husholdningsartikler","7":"pa_54226_1llgdl1e-1-stk","8":"pa_54226_1llgdl1e-2-stk","9":"pa_54226_jbhkx1jr-a","10":"pa_54226_jbhkx1jr-b","11":"desktop-align-left","12":"tablet-align-left","13":"mobile-align-left","15":"first","16":"instock","17":"shipping-taxable","18":"purchasable","19":"product-type-variable","20":"has-default-attributes"},"yoast_head":"<!-- This site is optimized with the Yoast SEO plugin v27.4 - https:\/\/yoast.com\/product\/yoast-seo-wordpress\/ -->\n<title>K\u00f8kkenrulleholder uden boring - Mekulo DK<\/title>\n<meta name=\"robots\" content=\"index, follow, max-snippet:-1, max-image-preview:large, max-video-preview:-1\" \/>\n<link rel=\"canonical\" href=\"https:\/\/mekulo.com\/dk\/produkt\/koekkenrulleholder-uden-boring\/\" \/>\n<meta property=\"og:locale\" content=\"da_DK\" \/>\n<meta property=\"og:type\" content=\"article\" \/>\n<meta property=\"og:title\" content=\"K\u00f8kkenrulleholder uden boring - Mekulo DK\" \/>\n<meta property=\"og:description\" content=\"\ud83e\uddfbDenne k\u00f8kkenrulleholder uden boring bruger et st\u00e6rkt sugesystem til at fastg\u00f8re sikkert til glatte overflader, s\u00e5 dine k\u00f8kkenruller altid er inden for r\u00e6kkevidde. \ud83c\udfe0Den fungerer perfekt i k\u00f8kkener, lejligheder eller lejeboliger, hvor boring ikke er en mulighed. \ud83d\udd2aDenne smarte holder sparer plads, beskytter dine v\u00e6gge og g\u00f8r de daglige opgaver i k\u00f8kkenet lettere.\" \/>\n<meta property=\"og:url\" content=\"https:\/\/mekulo.com\/dk\/produkt\/koekkenrulleholder-uden-boring\/\" \/>\n<meta property=\"og:site_name\" content=\"Mekulo DK\" \/>\n<meta property=\"article:modified_time\" content=\"2026-02-05T05:47:52+00:00\" \/>\n<meta property=\"og:image\" content=\"https:\/\/mekulo.com\/dk\/wp-content\/uploads\/sites\/12\/2026\/02\/fosv6vv-1.jpeg\" \/>\n\t<meta property=\"og:image:width\" content=\"800\" \/>\n\t<meta property=\"og:image:height\" content=\"800\" \/>\n\t<meta property=\"og:image:type\" content=\"image\/jpeg\" \/>\n<meta name=\"twitter:card\" content=\"summary_large_image\" \/>\n<meta name=\"twitter:label1\" content=\"Estimeret l\u00e6setid\" \/>\n\t<meta name=\"twitter:data1\" content=\"2 minutter\" \/>\n<script type=\"application\/ld+json\" class=\"yoast-schema-graph\">{\"@context\":\"https:\\\/\\\/schema.org\",\"@graph\":[{\"@type\":\"WebPage\",\"@id\":\"https:\\\/\\\/mekulo.com\\\/dk\\\/produkt\\\/koekkenrulleholder-uden-boring\\\/\",\"url\":\"https:\\\/\\\/mekulo.com\\\/dk\\\/produkt\\\/koekkenrulleholder-uden-boring\\\/\",\"name\":\"K\u00f8kkenrulleholder uden boring - Mekulo DK\",\"isPartOf\":{\"@id\":\"https:\\\/\\\/mekulo.com\\\/dk\\\/#website\"},\"primaryImageOfPage\":{\"@id\":\"https:\\\/\\\/mekulo.com\\\/dk\\\/produkt\\\/koekkenrulleholder-uden-boring\\\/#primaryimage\"},\"image\":{\"@id\":\"https:\\\/\\\/mekulo.com\\\/dk\\\/produkt\\\/koekkenrulleholder-uden-boring\\\/#primaryimage\"},\"thumbnailUrl\":\"https:\\\/\\\/mekulo.com\\\/dk\\\/wp-content\\\/uploads\\\/sites\\\/12\\\/2026\\\/02\\\/fosv6vv-1.jpeg\",\"datePublished\":\"2026-02-04T19:09:49+00:00\",\"dateModified\":\"2026-02-05T05:47:52+00:00\",\"breadcrumb\":{\"@id\":\"https:\\\/\\\/mekulo.com\\\/dk\\\/produkt\\\/koekkenrulleholder-uden-boring\\\/#breadcrumb\"},\"inLanguage\":\"da-DK\",\"potentialAction\":[{\"@type\":\"ReadAction\",\"target\":[\"https:\\\/\\\/mekulo.com\\\/dk\\\/produkt\\\/koekkenrulleholder-uden-boring\\\/\"]}]},{\"@type\":\"ImageObject\",\"inLanguage\":\"da-DK\",\"@id\":\"https:\\\/\\\/mekulo.com\\\/dk\\\/produkt\\\/koekkenrulleholder-uden-boring\\\/#primaryimage\",\"url\":\"https:\\\/\\\/mekulo.com\\\/dk\\\/wp-content\\\/uploads\\\/sites\\\/12\\\/2026\\\/02\\\/fosv6vv-1.jpeg\",\"contentUrl\":\"https:\\\/\\\/mekulo.com\\\/dk\\\/wp-content\\\/uploads\\\/sites\\\/12\\\/2026\\\/02\\\/fosv6vv-1.jpeg\",\"width\":800,\"height\":800},{\"@type\":\"BreadcrumbList\",\"@id\":\"https:\\\/\\\/mekulo.com\\\/dk\\\/produkt\\\/koekkenrulleholder-uden-boring\\\/#breadcrumb\",\"itemListElement\":[{\"@type\":\"ListItem\",\"position\":1,\"name\":\"Home\",\"item\":\"https:\\\/\\\/mekulo.com\\\/dk\\\/\"},{\"@type\":\"ListItem\",\"position\":2,\"name\":\"Butik\",\"item\":\"https:\\\/\\\/mekulo.com\\\/dk\\\/butik\\\/\"},{\"@type\":\"ListItem\",\"position\":3,\"name\":\"K\u00f8kkenrulleholder uden boring\"}]},{\"@type\":\"WebSite\",\"@id\":\"https:\\\/\\\/mekulo.com\\\/dk\\\/#website\",\"url\":\"https:\\\/\\\/mekulo.com\\\/dk\\\/\",\"name\":\"Mekulo DK\",\"description\":\"\",\"publisher\":{\"@id\":\"https:\\\/\\\/mekulo.com\\\/dk\\\/#organization\"},\"potentialAction\":[{\"@type\":\"SearchAction\",\"target\":{\"@type\":\"EntryPoint\",\"urlTemplate\":\"https:\\\/\\\/mekulo.com\\\/dk\\\/?s={search_term_string}\"},\"query-input\":{\"@type\":\"PropertyValueSpecification\",\"valueRequired\":true,\"valueName\":\"search_term_string\"}}],\"inLanguage\":\"da-DK\"},{\"@type\":\"Organization\",\"@id\":\"https:\\\/\\\/mekulo.com\\\/dk\\\/#organization\",\"name\":\"Mekulo\",\"url\":\"https:\\\/\\\/mekulo.com\\\/dk\\\/\",\"logo\":{\"@type\":\"ImageObject\",\"inLanguage\":\"da-DK\",\"@id\":\"https:\\\/\\\/mekulo.com\\\/dk\\\/#\\\/schema\\\/logo\\\/image\\\/\",\"url\":\"https:\\\/\\\/mekulo.com\\\/dk\\\/wp-content\\\/uploads\\\/sites\\\/12\\\/2025\\\/12\\\/favicon_mekulo.png\",\"contentUrl\":\"https:\\\/\\\/mekulo.com\\\/dk\\\/wp-content\\\/uploads\\\/sites\\\/12\\\/2025\\\/12\\\/favicon_mekulo.png\",\"width\":50,\"height\":50,\"caption\":\"Mekulo\"},\"image\":{\"@id\":\"https:\\\/\\\/mekulo.com\\\/dk\\\/#\\\/schema\\\/logo\\\/image\\\/\"}}]}<\/script>\n<!-- \/ Yoast SEO plugin. -->","yoast_head_json":{"title":"K\u00f8kkenrulleholder uden boring - Mekulo DK","robots":{"index":"index","follow":"follow","max-snippet":"max-snippet:-1","max-image-preview":"max-image-preview:large","max-video-preview":"max-video-preview:-1"},"canonical":"https:\/\/mekulo.com\/dk\/produkt\/koekkenrulleholder-uden-boring\/","og_locale":"da_DK","og_type":"article","og_title":"K\u00f8kkenrulleholder uden boring - Mekulo DK","og_description":"\ud83e\uddfbDenne k\u00f8kkenrulleholder uden boring bruger et st\u00e6rkt sugesystem til at fastg\u00f8re sikkert til glatte overflader, s\u00e5 dine k\u00f8kkenruller altid er inden for r\u00e6kkevidde. \ud83c\udfe0Den fungerer perfekt i k\u00f8kkener, lejligheder eller lejeboliger, hvor boring ikke er en mulighed. \ud83d\udd2aDenne smarte holder sparer plads, beskytter dine v\u00e6gge og g\u00f8r de daglige opgaver i k\u00f8kkenet lettere.","og_url":"https:\/\/mekulo.com\/dk\/produkt\/koekkenrulleholder-uden-boring\/","og_site_name":"Mekulo DK","article_modified_time":"2026-02-05T05:47:52+00:00","og_image":[{"width":800,"height":800,"url":"https:\/\/mekulo.com\/dk\/wp-content\/uploads\/sites\/12\/2026\/02\/fosv6vv-1.jpeg","type":"image\/jpeg"}],"twitter_card":"summary_large_image","twitter_misc":{"Estimeret l\u00e6setid":"2 minutter"},"schema":{"@context":"https:\/\/schema.org","@graph":[{"@type":"WebPage","@id":"https:\/\/mekulo.com\/dk\/produkt\/koekkenrulleholder-uden-boring\/","url":"https:\/\/mekulo.com\/dk\/produkt\/koekkenrulleholder-uden-boring\/","name":"K\u00f8kkenrulleholder uden boring - Mekulo DK","isPartOf":{"@id":"https:\/\/mekulo.com\/dk\/#website"},"primaryImageOfPage":{"@id":"https:\/\/mekulo.com\/dk\/produkt\/koekkenrulleholder-uden-boring\/#primaryimage"},"image":{"@id":"https:\/\/mekulo.com\/dk\/produkt\/koekkenrulleholder-uden-boring\/#primaryimage"},"thumbnailUrl":"https:\/\/mekulo.com\/dk\/wp-content\/uploads\/sites\/12\/2026\/02\/fosv6vv-1.jpeg","datePublished":"2026-02-04T19:09:49+00:00","dateModified":"2026-02-05T05:47:52+00:00","breadcrumb":{"@id":"https:\/\/mekulo.com\/dk\/produkt\/koekkenrulleholder-uden-boring\/#breadcrumb"},"inLanguage":"da-DK","potentialAction":[{"@type":"ReadAction","target":["https:\/\/mekulo.com\/dk\/produkt\/koekkenrulleholder-uden-boring\/"]}]},{"@type":"ImageObject","inLanguage":"da-DK","@id":"https:\/\/mekulo.com\/dk\/produkt\/koekkenrulleholder-uden-boring\/#primaryimage","url":"https:\/\/mekulo.com\/dk\/wp-content\/uploads\/sites\/12\/2026\/02\/fosv6vv-1.jpeg","contentUrl":"https:\/\/mekulo.com\/dk\/wp-content\/uploads\/sites\/12\/2026\/02\/fosv6vv-1.jpeg","width":800,"height":800},{"@type":"BreadcrumbList","@id":"https:\/\/mekulo.com\/dk\/produkt\/koekkenrulleholder-uden-boring\/#breadcrumb","itemListElement":[{"@type":"ListItem","position":1,"name":"Home","item":"https:\/\/mekulo.com\/dk\/"},{"@type":"ListItem","position":2,"name":"Butik","item":"https:\/\/mekulo.com\/dk\/butik\/"},{"@type":"ListItem","position":3,"name":"K\u00f8kkenrulleholder uden boring"}]},{"@type":"WebSite","@id":"https:\/\/mekulo.com\/dk\/#website","url":"https:\/\/mekulo.com\/dk\/","name":"Mekulo DK","description":"","publisher":{"@id":"https:\/\/mekulo.com\/dk\/#organization"},"potentialAction":[{"@type":"SearchAction","target":{"@type":"EntryPoint","urlTemplate":"https:\/\/mekulo.com\/dk\/?s={search_term_string}"},"query-input":{"@type":"PropertyValueSpecification","valueRequired":true,"valueName":"search_term_string"}}],"inLanguage":"da-DK"},{"@type":"Organization","@id":"https:\/\/mekulo.com\/dk\/#organization","name":"Mekulo","url":"https:\/\/mekulo.com\/dk\/","logo":{"@type":"ImageObject","inLanguage":"da-DK","@id":"https:\/\/mekulo.com\/dk\/#\/schema\/logo\/image\/","url":"https:\/\/mekulo.com\/dk\/wp-content\/uploads\/sites\/12\/2025\/12\/favicon_mekulo.png","contentUrl":"https:\/\/mekulo.com\/dk\/wp-content\/uploads\/sites\/12\/2025\/12\/favicon_mekulo.png","width":50,"height":50,"caption":"Mekulo"},"image":{"@id":"https:\/\/mekulo.com\/dk\/#\/schema\/logo\/image\/"}}]}},"_links":{"self":[{"href":"https:\/\/mekulo.com\/dk\/wp-json\/wp\/v2\/product\/21800","targetHints":{"allow":["GET"]}}],"collection":[{"href":"https:\/\/mekulo.com\/dk\/wp-json\/wp\/v2\/product"}],"about":[{"href":"https:\/\/mekulo.com\/dk\/wp-json\/wp\/v2\/types\/product"}],"replies":[{"embeddable":true,"href":"https:\/\/mekulo.com\/dk\/wp-json\/wp\/v2\/comments?post=21800"}],"wp:featuredmedia":[{"embeddable":true,"href":"https:\/\/mekulo.com\/dk\/wp-json\/wp\/v2\/media\/21796"}],"wp:attachment":[{"href":"https:\/\/mekulo.com\/dk\/wp-json\/wp\/v2\/media?parent=21800"}],"wp:term":[{"taxonomy":"product_brand","embeddable":true,"href":"https:\/\/mekulo.com\/dk\/wp-json\/wp\/v2\/product_brand?post=21800"},{"taxonomy":"product_cat","embeddable":true,"href":"https:\/\/mekulo.com\/dk\/wp-json\/wp\/v2\/product_cat?post=21800"},{"taxonomy":"product_tag","embeddable":true,"href":"https:\/\/mekulo.com\/dk\/wp-json\/wp\/v2\/product_tag?post=21800"}],"curies":[{"name":"wp","href":"https:\/\/api.w.org\/{rel}","templated":true}]}}