{"id":21770,"date":"2026-02-04T12:11:38","date_gmt":"2026-02-04T10:11:38","guid":{"rendered":"https:\/\/mekulo.com\/dk\/produkt\/elektrisk-afisoleringstang\/"},"modified":"2026-02-04T12:11:54","modified_gmt":"2026-02-04T10:11:54","slug":"elektrisk-afisoleringstang","status":"publish","type":"product","link":"https:\/\/mekulo.com\/dk\/produkt\/elektrisk-afisoleringstang\/","title":{"rendered":"Elektrisk afisoleringstang"},"content":{"rendered":"<div class=\"flex max-w-full flex-col grow\">\n<div class=\"min-h-8 text-message relative flex w-full flex-col items-end gap-2 text-start break-words whitespace-normal [.text-message+&amp;]:mt-1\" dir=\"auto\" data-message-author-role=\"assistant\" data-message-id=\"7d089b2f-6ca7-43fa-8a72-218ffa56c952\" data-message-model-slug=\"gpt-5-2\">\n<div class=\"flex w-full flex-col gap-1 empty:hidden first:pt-[1px]\">\n<div class=\"markdown prose dark:prose-invert w-full wrap-break-word light markdown-new-styling\">\n<p style=\"text-align: center\" data-start=\"0\" data-end=\"77\"><strong data-start=\"0\" data-end=\"77\">Afisoler og drej ledninger hurtigere ved hj\u00e6lp af din boremaskine for rene, pr\u00e6cise resultater. \u2699\ufe0f<\/strong><\/p>\n<p data-start=\"0\" data-end=\"77\"><img decoding=\"async\" class=\"size-full wp-image-23150 aligncenter\" src=\"https:\/\/mekulo.com\/template\/wp-content\/uploads\/sites\/6\/2026\/02\/645bd9f6de343fbee1101e40a67b7b63e015d12f-700.avif\" alt=\"\" \/><\/p>\n<h2 style=\"text-align: center\" data-start=\"364\" data-end=\"381\">Main Fordele \u26a1<\/h2>\n<p data-start=\"384\" data-end=\"449\">\u26a1 Boredrevet effektivitet &#8211; Afisoler ledninger hurtigt og j\u00e6vnt.<\/p>\n<p data-start=\"452\" data-end=\"529\">\ud83d\udd01 Hurtig udskiftning af hoveder &#8211; Skift hoveder uden at fjerne stikket.<\/p>\n<p data-start=\"532\" data-end=\"597\">\ud83e\uddf0 Multifunktionss\u00e6t &#8211; Afisoler og drej ledninger med \u00e9t v\u00e6rkt\u00f8j.<\/p>\n<p data-start=\"600\" data-end=\"653\">\ud83e\udeb6 Kompakt og b\u00e6rbar &#8211; Let at b\u00e6re og opbevare.<\/p>\n<p data-start=\"656\" data-end=\"712\">\ud83d\udee1\ufe0f Sikker betjening &#8211; Stabilt greb reducerer glidning.<\/p>\n<p data-start=\"715\" data-end=\"765\">\ud83d\udd29 Holdbar konstruktion &#8211; Rustfri aluminiumslegering.<\/p>\n<p data-start=\"715\" data-end=\"765\"><img fetchpriority=\"high\" decoding=\"async\" class=\"size-full wp-image-23145 aligncenter\" src=\"https:\/\/mekulo.com\/template\/wp-content\/uploads\/sites\/6\/2026\/02\/Se129495da79c4d6da2af103c73792339P.jpg_960x960q75.jpg_.jpg\" alt=\"\" width=\"1074\" height=\"964\" \/><\/p>\n<h2 style=\"text-align: center\" data-start=\"767\" data-end=\"781\">S\u00e5dan Bruges \ud83d\udccc<\/h2>\n<ol data-start=\"782\" data-end=\"1018\">\n<li data-start=\"782\" data-end=\"829\">\n<p data-start=\"785\" data-end=\"829\">S\u00e6t forbindelsesstangen i din boremaskine.<\/p>\n<\/li>\n<li data-start=\"830\" data-end=\"882\">\n<p data-start=\"833\" data-end=\"882\">S\u00e6t afisoleringshovedet p\u00e5 forbindelsen.<\/p>\n<\/li>\n<li data-start=\"883\" data-end=\"926\">\n<p data-start=\"886\" data-end=\"926\">Juster afisoleringsl\u00e6ngden efter behov.<\/p>\n<\/li>\n<li data-start=\"927\" data-end=\"971\">\n<p data-start=\"930\" data-end=\"971\">S\u00e6t ledningen ind i afisoleringshovedet.<\/p>\n<\/li>\n<li data-start=\"972\" data-end=\"1018\">\n<p data-start=\"975\" data-end=\"1018\">Start boremaskinen for at afisolere eller dreje ledningen.<\/p>\n<\/li>\n<\/ol>\n<h2 style=\"text-align: center\" data-start=\"1020\" data-end=\"1039\">Produktdetaljer \ud83d\udccf<\/h2>\n<ul data-start=\"1040\" data-end=\"1242\">\n<li data-start=\"1040\" data-end=\"1068\">\n<p data-start=\"1042\" data-end=\"1068\">Materiale: Aluminiumslegering<\/p>\n<\/li>\n<li data-start=\"1069\" data-end=\"1123\">\n<p data-start=\"1071\" data-end=\"1123\">V\u00e6rkt\u00f8jstype: Boredrevet stripper og twister<\/p>\n<\/li>\n<li data-start=\"1124\" data-end=\"1161\">\n<p data-start=\"1126\" data-end=\"1161\">Kompatibilitet: Forskellige ledningstyper<\/p>\n<\/li>\n<li data-start=\"1162\" data-end=\"1198\">\n<p data-start=\"1164\" data-end=\"1198\">Design: Let og b\u00e6rbar<\/p>\n<\/li>\n<li data-start=\"1199\" data-end=\"1242\">\n<p data-start=\"1201\" data-end=\"1242\">Brug: Elektrisk installation og reparation<\/p>\n<\/li>\n<li data-start=\"1199\" data-end=\"1242\">St\u00f8rrelse: A (2,5 mm<sup id=\"mwFA\">2<\/sup>), B (4 mm<sup id=\"mwFA\">2<\/sup>), C (6 mm<sup id=\"mwFA\">2<\/sup>)<\/li>\n<\/ul>\n<h2 style=\"text-align: center\" data-start=\"1244\" data-end=\"1264\">Pakken Indeholder \ud83d\udce6<\/h2>\n<ul data-start=\"1265\" data-end=\"1377\" data-is-last-node=\"\" data-is-only-node=\"\">\n<li data-start=\"1265\" data-end=\"1292\">\n<p data-start=\"1267\" data-end=\"1292\">1, 3x afisoleringshoveder<\/p>\n<\/li>\n<li data-start=\"1293\" data-end=\"1315\">\n<p data-start=\"1295\" data-end=\"1315\">1x forbindelsesstang<\/p>\n<\/li>\n<li data-start=\"1316\" data-end=\"1336\">\n<p data-start=\"1318\" data-end=\"1336\">1x tr\u00e5dvrider<\/p>\n<\/li>\n<li data-start=\"1337\" data-end=\"1351\">\n<p data-start=\"1339\" data-end=\"1351\">1x skruen\u00f8gle.<\/p>\n<\/li>\n<\/ul>\n<\/div>\n<\/div>\n<\/div>\n<\/div>\n","protected":false},"excerpt":{"rendered":"<p>\u26a1Denne elektriske afisoleringstang forvandler din boremaskine til et kraftfuldt v\u00e6rkt\u00f8j til afisolering og vridning af ledninger.<br \/>\n\u231bDen sparer tid, reducerer belastningen af h\u00e6nderne og forbedrer n\u00f8jagtigheden ved elektrisk arbejde.<br \/>\n\ud83e\uddf0Ideal til b\u00e5de g\u00f8r-det-selv-brugere og professionelle, der \u00f8nsker hurtigere, sikrere og mere ensartede ledningsf\u00f8ringsresultater.<\/p>\n","protected":false},"featured_media":21766,"comment_status":"open","ping_status":"closed","template":"","meta":{"site-sidebar-layout":"default","site-content-layout":"","ast-site-content-layout":"default","site-content-style":"default","site-sidebar-style":"default","ast-global-header-display":"","ast-banner-title-visibility":"","ast-main-header-display":"","ast-hfb-above-header-display":"","ast-hfb-below-header-display":"","ast-hfb-mobile-header-display":"","site-post-title":"","ast-breadcrumbs-content":"","ast-featured-img":"","footer-sml-layout":"","ast-disable-related-posts":"","theme-transparent-header-meta":"default","adv-header-id-meta":"","stick-header-meta":"","header-above-stick-meta":"","header-main-stick-meta":"","header-below-stick-meta":"","astra-migrate-meta-layouts":"set","ast-page-background-enabled":"default","ast-page-background-meta":{"desktop":{"background-color":"var(--ast-global-color-5)","background-image":"","background-repeat":"repeat","background-position":"center center","background-size":"auto","background-attachment":"scroll","background-type":"","background-media":"","overlay-type":"","overlay-color":"","overlay-opacity":"","overlay-gradient":""},"tablet":{"background-color":"","background-image":"","background-repeat":"repeat","background-position":"center center","background-size":"auto","background-attachment":"scroll","background-type":"","background-media":"","overlay-type":"","overlay-color":"","overlay-opacity":"","overlay-gradient":""},"mobile":{"background-color":"","background-image":"","background-repeat":"repeat","background-position":"center center","background-size":"auto","background-attachment":"scroll","background-type":"","background-media":"","overlay-type":"","overlay-color":"","overlay-opacity":"","overlay-gradient":""}},"ast-content-background-meta":{"desktop":{"background-color":"var(--ast-global-color-4)","background-image":"","background-repeat":"repeat","background-position":"center center","background-size":"auto","background-attachment":"scroll","background-type":"","background-media":"","overlay-type":"","overlay-color":"","overlay-opacity":"","overlay-gradient":""},"tablet":{"background-color":"var(--ast-global-color-4)","background-image":"","background-repeat":"repeat","background-position":"center center","background-size":"auto","background-attachment":"scroll","background-type":"","background-media":"","overlay-type":"","overlay-color":"","overlay-opacity":"","overlay-gradient":""},"mobile":{"background-color":"var(--ast-global-color-4)","background-image":"","background-repeat":"repeat","background-position":"center center","background-size":"auto","background-attachment":"scroll","background-type":"","background-media":"","overlay-type":"","overlay-color":"","overlay-opacity":"","overlay-gradient":""}}},"product_brand":[],"product_cat":[171],"product_tag":[],"class_list":{"0":"post-21770","1":"product","2":"type-product","3":"status-publish","4":"has-post-thumbnail","6":"product_cat-vaerktoejer","7":"pa_54207_n5tsc3al-a","8":"pa_54207_n5tsc3al-b","9":"pa_54207_n5tsc3al-c","10":"pa_54207_n5tsc3al-saet-med-3-stk","11":"desktop-align-left","12":"tablet-align-left","13":"mobile-align-left","15":"first","16":"instock","17":"shipping-taxable","18":"purchasable","19":"product-type-variable"},"yoast_head":"<!-- This site is optimized with the Yoast SEO plugin v27.4 - https:\/\/yoast.com\/product\/yoast-seo-wordpress\/ -->\n<title>Elektrisk afisoleringstang - Mekulo DK<\/title>\n<meta name=\"robots\" content=\"index, follow, max-snippet:-1, max-image-preview:large, max-video-preview:-1\" \/>\n<link rel=\"canonical\" href=\"https:\/\/mekulo.com\/dk\/produkt\/elektrisk-afisoleringstang\/\" \/>\n<meta property=\"og:locale\" content=\"da_DK\" \/>\n<meta property=\"og:type\" content=\"article\" \/>\n<meta property=\"og:title\" content=\"Elektrisk afisoleringstang - Mekulo DK\" \/>\n<meta property=\"og:description\" content=\"\u26a1Denne elektriske afisoleringstang forvandler din boremaskine til et kraftfuldt v\u00e6rkt\u00f8j til afisolering og vridning af ledninger. \u231bDen sparer tid, reducerer belastningen af h\u00e6nderne og forbedrer n\u00f8jagtigheden ved elektrisk arbejde. \ud83e\uddf0Ideal til b\u00e5de g\u00f8r-det-selv-brugere og professionelle, der \u00f8nsker hurtigere, sikrere og mere ensartede ledningsf\u00f8ringsresultater.\" \/>\n<meta property=\"og:url\" content=\"https:\/\/mekulo.com\/dk\/produkt\/elektrisk-afisoleringstang\/\" \/>\n<meta property=\"og:site_name\" content=\"Mekulo DK\" \/>\n<meta property=\"article:modified_time\" content=\"2026-02-04T10:11:54+00:00\" \/>\n<meta property=\"og:image\" content=\"https:\/\/mekulo.com\/dk\/wp-content\/uploads\/sites\/12\/2026\/02\/8mud343-1.jpg\" \/>\n\t<meta property=\"og:image:width\" content=\"1436\" \/>\n\t<meta property=\"og:image:height\" content=\"1481\" \/>\n\t<meta property=\"og:image:type\" content=\"image\/jpeg\" \/>\n<meta name=\"twitter:card\" content=\"summary_large_image\" \/>\n<meta name=\"twitter:label1\" content=\"Estimeret l\u00e6setid\" \/>\n\t<meta name=\"twitter:data1\" content=\"2 minutter\" \/>\n<script type=\"application\/ld+json\" class=\"yoast-schema-graph\">{\"@context\":\"https:\\\/\\\/schema.org\",\"@graph\":[{\"@type\":\"WebPage\",\"@id\":\"https:\\\/\\\/mekulo.com\\\/dk\\\/produkt\\\/elektrisk-afisoleringstang\\\/\",\"url\":\"https:\\\/\\\/mekulo.com\\\/dk\\\/produkt\\\/elektrisk-afisoleringstang\\\/\",\"name\":\"Elektrisk afisoleringstang - Mekulo DK\",\"isPartOf\":{\"@id\":\"https:\\\/\\\/mekulo.com\\\/dk\\\/#website\"},\"primaryImageOfPage\":{\"@id\":\"https:\\\/\\\/mekulo.com\\\/dk\\\/produkt\\\/elektrisk-afisoleringstang\\\/#primaryimage\"},\"image\":{\"@id\":\"https:\\\/\\\/mekulo.com\\\/dk\\\/produkt\\\/elektrisk-afisoleringstang\\\/#primaryimage\"},\"thumbnailUrl\":\"https:\\\/\\\/mekulo.com\\\/dk\\\/wp-content\\\/uploads\\\/sites\\\/12\\\/2026\\\/02\\\/8mud343-1.jpg\",\"datePublished\":\"2026-02-04T10:11:38+00:00\",\"dateModified\":\"2026-02-04T10:11:54+00:00\",\"breadcrumb\":{\"@id\":\"https:\\\/\\\/mekulo.com\\\/dk\\\/produkt\\\/elektrisk-afisoleringstang\\\/#breadcrumb\"},\"inLanguage\":\"da-DK\",\"potentialAction\":[{\"@type\":\"ReadAction\",\"target\":[\"https:\\\/\\\/mekulo.com\\\/dk\\\/produkt\\\/elektrisk-afisoleringstang\\\/\"]}]},{\"@type\":\"ImageObject\",\"inLanguage\":\"da-DK\",\"@id\":\"https:\\\/\\\/mekulo.com\\\/dk\\\/produkt\\\/elektrisk-afisoleringstang\\\/#primaryimage\",\"url\":\"https:\\\/\\\/mekulo.com\\\/dk\\\/wp-content\\\/uploads\\\/sites\\\/12\\\/2026\\\/02\\\/8mud343-1.jpg\",\"contentUrl\":\"https:\\\/\\\/mekulo.com\\\/dk\\\/wp-content\\\/uploads\\\/sites\\\/12\\\/2026\\\/02\\\/8mud343-1.jpg\",\"width\":1436,\"height\":1481},{\"@type\":\"BreadcrumbList\",\"@id\":\"https:\\\/\\\/mekulo.com\\\/dk\\\/produkt\\\/elektrisk-afisoleringstang\\\/#breadcrumb\",\"itemListElement\":[{\"@type\":\"ListItem\",\"position\":1,\"name\":\"Home\",\"item\":\"https:\\\/\\\/mekulo.com\\\/dk\\\/\"},{\"@type\":\"ListItem\",\"position\":2,\"name\":\"Butik\",\"item\":\"https:\\\/\\\/mekulo.com\\\/dk\\\/butik\\\/\"},{\"@type\":\"ListItem\",\"position\":3,\"name\":\"Elektrisk afisoleringstang\"}]},{\"@type\":\"WebSite\",\"@id\":\"https:\\\/\\\/mekulo.com\\\/dk\\\/#website\",\"url\":\"https:\\\/\\\/mekulo.com\\\/dk\\\/\",\"name\":\"Mekulo DK\",\"description\":\"\",\"publisher\":{\"@id\":\"https:\\\/\\\/mekulo.com\\\/dk\\\/#organization\"},\"potentialAction\":[{\"@type\":\"SearchAction\",\"target\":{\"@type\":\"EntryPoint\",\"urlTemplate\":\"https:\\\/\\\/mekulo.com\\\/dk\\\/?s={search_term_string}\"},\"query-input\":{\"@type\":\"PropertyValueSpecification\",\"valueRequired\":true,\"valueName\":\"search_term_string\"}}],\"inLanguage\":\"da-DK\"},{\"@type\":\"Organization\",\"@id\":\"https:\\\/\\\/mekulo.com\\\/dk\\\/#organization\",\"name\":\"Mekulo\",\"url\":\"https:\\\/\\\/mekulo.com\\\/dk\\\/\",\"logo\":{\"@type\":\"ImageObject\",\"inLanguage\":\"da-DK\",\"@id\":\"https:\\\/\\\/mekulo.com\\\/dk\\\/#\\\/schema\\\/logo\\\/image\\\/\",\"url\":\"https:\\\/\\\/mekulo.com\\\/dk\\\/wp-content\\\/uploads\\\/sites\\\/12\\\/2025\\\/12\\\/favicon_mekulo.png\",\"contentUrl\":\"https:\\\/\\\/mekulo.com\\\/dk\\\/wp-content\\\/uploads\\\/sites\\\/12\\\/2025\\\/12\\\/favicon_mekulo.png\",\"width\":50,\"height\":50,\"caption\":\"Mekulo\"},\"image\":{\"@id\":\"https:\\\/\\\/mekulo.com\\\/dk\\\/#\\\/schema\\\/logo\\\/image\\\/\"}}]}<\/script>\n<!-- \/ Yoast SEO plugin. -->","yoast_head_json":{"title":"Elektrisk afisoleringstang - Mekulo DK","robots":{"index":"index","follow":"follow","max-snippet":"max-snippet:-1","max-image-preview":"max-image-preview:large","max-video-preview":"max-video-preview:-1"},"canonical":"https:\/\/mekulo.com\/dk\/produkt\/elektrisk-afisoleringstang\/","og_locale":"da_DK","og_type":"article","og_title":"Elektrisk afisoleringstang - Mekulo DK","og_description":"\u26a1Denne elektriske afisoleringstang forvandler din boremaskine til et kraftfuldt v\u00e6rkt\u00f8j til afisolering og vridning af ledninger. \u231bDen sparer tid, reducerer belastningen af h\u00e6nderne og forbedrer n\u00f8jagtigheden ved elektrisk arbejde. \ud83e\uddf0Ideal til b\u00e5de g\u00f8r-det-selv-brugere og professionelle, der \u00f8nsker hurtigere, sikrere og mere ensartede ledningsf\u00f8ringsresultater.","og_url":"https:\/\/mekulo.com\/dk\/produkt\/elektrisk-afisoleringstang\/","og_site_name":"Mekulo DK","article_modified_time":"2026-02-04T10:11:54+00:00","og_image":[{"width":1436,"height":1481,"url":"https:\/\/mekulo.com\/dk\/wp-content\/uploads\/sites\/12\/2026\/02\/8mud343-1.jpg","type":"image\/jpeg"}],"twitter_card":"summary_large_image","twitter_misc":{"Estimeret l\u00e6setid":"2 minutter"},"schema":{"@context":"https:\/\/schema.org","@graph":[{"@type":"WebPage","@id":"https:\/\/mekulo.com\/dk\/produkt\/elektrisk-afisoleringstang\/","url":"https:\/\/mekulo.com\/dk\/produkt\/elektrisk-afisoleringstang\/","name":"Elektrisk afisoleringstang - Mekulo DK","isPartOf":{"@id":"https:\/\/mekulo.com\/dk\/#website"},"primaryImageOfPage":{"@id":"https:\/\/mekulo.com\/dk\/produkt\/elektrisk-afisoleringstang\/#primaryimage"},"image":{"@id":"https:\/\/mekulo.com\/dk\/produkt\/elektrisk-afisoleringstang\/#primaryimage"},"thumbnailUrl":"https:\/\/mekulo.com\/dk\/wp-content\/uploads\/sites\/12\/2026\/02\/8mud343-1.jpg","datePublished":"2026-02-04T10:11:38+00:00","dateModified":"2026-02-04T10:11:54+00:00","breadcrumb":{"@id":"https:\/\/mekulo.com\/dk\/produkt\/elektrisk-afisoleringstang\/#breadcrumb"},"inLanguage":"da-DK","potentialAction":[{"@type":"ReadAction","target":["https:\/\/mekulo.com\/dk\/produkt\/elektrisk-afisoleringstang\/"]}]},{"@type":"ImageObject","inLanguage":"da-DK","@id":"https:\/\/mekulo.com\/dk\/produkt\/elektrisk-afisoleringstang\/#primaryimage","url":"https:\/\/mekulo.com\/dk\/wp-content\/uploads\/sites\/12\/2026\/02\/8mud343-1.jpg","contentUrl":"https:\/\/mekulo.com\/dk\/wp-content\/uploads\/sites\/12\/2026\/02\/8mud343-1.jpg","width":1436,"height":1481},{"@type":"BreadcrumbList","@id":"https:\/\/mekulo.com\/dk\/produkt\/elektrisk-afisoleringstang\/#breadcrumb","itemListElement":[{"@type":"ListItem","position":1,"name":"Home","item":"https:\/\/mekulo.com\/dk\/"},{"@type":"ListItem","position":2,"name":"Butik","item":"https:\/\/mekulo.com\/dk\/butik\/"},{"@type":"ListItem","position":3,"name":"Elektrisk afisoleringstang"}]},{"@type":"WebSite","@id":"https:\/\/mekulo.com\/dk\/#website","url":"https:\/\/mekulo.com\/dk\/","name":"Mekulo DK","description":"","publisher":{"@id":"https:\/\/mekulo.com\/dk\/#organization"},"potentialAction":[{"@type":"SearchAction","target":{"@type":"EntryPoint","urlTemplate":"https:\/\/mekulo.com\/dk\/?s={search_term_string}"},"query-input":{"@type":"PropertyValueSpecification","valueRequired":true,"valueName":"search_term_string"}}],"inLanguage":"da-DK"},{"@type":"Organization","@id":"https:\/\/mekulo.com\/dk\/#organization","name":"Mekulo","url":"https:\/\/mekulo.com\/dk\/","logo":{"@type":"ImageObject","inLanguage":"da-DK","@id":"https:\/\/mekulo.com\/dk\/#\/schema\/logo\/image\/","url":"https:\/\/mekulo.com\/dk\/wp-content\/uploads\/sites\/12\/2025\/12\/favicon_mekulo.png","contentUrl":"https:\/\/mekulo.com\/dk\/wp-content\/uploads\/sites\/12\/2025\/12\/favicon_mekulo.png","width":50,"height":50,"caption":"Mekulo"},"image":{"@id":"https:\/\/mekulo.com\/dk\/#\/schema\/logo\/image\/"}}]}},"_links":{"self":[{"href":"https:\/\/mekulo.com\/dk\/wp-json\/wp\/v2\/product\/21770","targetHints":{"allow":["GET"]}}],"collection":[{"href":"https:\/\/mekulo.com\/dk\/wp-json\/wp\/v2\/product"}],"about":[{"href":"https:\/\/mekulo.com\/dk\/wp-json\/wp\/v2\/types\/product"}],"replies":[{"embeddable":true,"href":"https:\/\/mekulo.com\/dk\/wp-json\/wp\/v2\/comments?post=21770"}],"wp:featuredmedia":[{"embeddable":true,"href":"https:\/\/mekulo.com\/dk\/wp-json\/wp\/v2\/media\/21766"}],"wp:attachment":[{"href":"https:\/\/mekulo.com\/dk\/wp-json\/wp\/v2\/media?parent=21770"}],"wp:term":[{"taxonomy":"product_brand","embeddable":true,"href":"https:\/\/mekulo.com\/dk\/wp-json\/wp\/v2\/product_brand?post=21770"},{"taxonomy":"product_cat","embeddable":true,"href":"https:\/\/mekulo.com\/dk\/wp-json\/wp\/v2\/product_cat?post=21770"},{"taxonomy":"product_tag","embeddable":true,"href":"https:\/\/mekulo.com\/dk\/wp-json\/wp\/v2\/product_tag?post=21770"}],"curies":[{"name":"wp","href":"https:\/\/api.w.org\/{rel}","templated":true}]}}