{"id":21755,"date":"2026-02-04T12:10:00","date_gmt":"2026-02-04T10:10:00","guid":{"rendered":"https:\/\/mekulo.com\/dk\/produkt\/kedel-med-magiske-blandinger\/"},"modified":"2026-02-04T15:11:25","modified_gmt":"2026-02-04T13:11:25","slug":"kedel-med-magiske-blandinger","status":"publish","type":"product","link":"https:\/\/mekulo.com\/dk\/produkt\/kedel-med-magiske-blandinger\/","title":{"rendered":"Kedel med magiske blandinger"},"content":{"rendered":"<div class=\"flex flex-col text-sm pb-25\">\n<article class=\"text-token-text-primary w-full focus:outline-none [--shadow-height:45px] has-data-writing-block:pointer-events-none has-data-writing-block:-mt-(--shadow-height) has-data-writing-block:pt-(--shadow-height) [&amp;:has([data-writing-block])&gt;*]:pointer-events-auto scroll-mt-[calc(var(--header-height)+min(200px,max(70px,20svh)))]\" dir=\"auto\" data-turn-id=\"26952490-7288-49c6-8ab8-b0baa0bbfc2d\" data-testid=\"conversation-turn-88\" data-scroll-anchor=\"true\" data-turn=\"assistant\">\n<div class=\"text-base my-auto mx-auto pb-10 [--thread-content-margin:--spacing(4)] @w-sm\/main:[--thread-content-margin:--spacing(6)] @w-lg\/main:[--thread-content-margin:--spacing(16)] px-(--thread-content-margin)\">\n<div class=\"[--thread-content-max-width:40rem] @w-lg\/main:[--thread-content-max-width:48rem] mx-auto max-w-(--thread-content-max-width) flex-1 group\/turn-messages focus-visible:outline-hidden relative flex w-full min-w-0 flex-col agent-turn\">\n<div class=\"flex max-w-full flex-col grow\">\n<div class=\"min-h-8 text-message relative flex w-full flex-col items-end gap-2 text-start break-words whitespace-normal [.text-message+&amp;]:mt-1\" dir=\"auto\" data-message-author-role=\"assistant\" data-message-id=\"d25bea94-ee52-4374-8df2-b6f060c41879\" data-message-model-slug=\"gpt-5-2\">\n<div class=\"flex w-full flex-col gap-1 empty:hidden first:pt-[1px]\">\n<div class=\"markdown prose dark:prose-invert w-full wrap-break-word light markdown-new-styling\">\n<p style=\"text-align: center\" data-start=\"0\" data-end=\"76\"><strong data-start=\"0\" data-end=\"76\">Skab \u00c6gte Magi Med En Boblende Gryde Og Overraskende Blandinger Indeni. \ud83e\uddd9\u200d\u2640\ufe0f<\/strong><\/p>\n<p data-start=\"0\" data-end=\"76\"><img decoding=\"async\" class=\"size-full wp-image-23209 aligncenter\" src=\"https:\/\/mekulo.com\/template\/wp-content\/uploads\/sites\/6\/2026\/02\/32ccf81ec161b6323d10c3e129b254a60910ee8f-700.avif\" alt=\"\" \/><\/p>\n<h2 style=\"text-align: center\" data-start=\"404\" data-end=\"421\">Main Fordele \ud83e\uddd9<\/h2>\n<p data-start=\"424\" data-end=\"491\">\ud83e\uddd9 Magisk Udpakning &#8211; Bland, Brus Og Afsl\u00f8r Overraskende Blandinger.<\/p>\n<p data-start=\"494\" data-end=\"559\">\u2728 Sjov Med Trylleformularer &#8211; Brug Tryllestaven Til At L\u00e5se Op For S\u00e6rlige Kr\u00e6fter.<\/p>\n<p data-start=\"562\" data-end=\"632\">\ud83c\udf08 Sanseoplevelse &#8211; Boblende Og Brusende Handling Begejstrer B\u00f8rn.<\/p>\n<p data-start=\"635\" data-end=\"696\">\ud83e\uddda Samlefigurer &#8211; Over 40 Blandinger At Samle.<\/p>\n<p data-start=\"699\" data-end=\"762\">\ud83e\udee7 Dobbelt Overraskelse &#8211; Indeholder 1 Eller 2 Blandinger, Hvoraf Den Ene Kan V\u00e6re Sj\u00e6lden.<\/p>\n<p data-start=\"765\" data-end=\"827\">\ud83c\udffa Genanvendelig Kedel &#8211; Opbevar Mixlings Eller Sm\u00e5 Skatte.<\/p>\n<p data-start=\"765\" data-end=\"827\"><img decoding=\"async\" class=\"size-full wp-image-23207 aligncenter\" src=\"https:\/\/mekulo.com\/template\/wp-content\/uploads\/sites\/6\/2026\/02\/565e95e7826a849b436655374df6ebd9db911ac9-700.avif\" alt=\"\" \/><\/p>\n<h2 style=\"text-align: center\" data-start=\"829\" data-end=\"843\">S\u00e5dan Bruges Den \ud83d\udccc<\/h2>\n<ol data-start=\"844\" data-end=\"1126\">\n<li data-start=\"844\" data-end=\"879\">\n<p data-start=\"847\" data-end=\"879\">\u00c5bn Magic Mixes-Kedlen.<\/p>\n<\/li>\n<li data-start=\"880\" data-end=\"920\">\n<p data-start=\"883\" data-end=\"920\">Tils\u00e6t De Medf\u00f8lgende Magiske Ingredienser.<\/p>\n<\/li>\n<li data-start=\"921\" data-end=\"960\">\n<p data-start=\"924\" data-end=\"960\">Se Blandingen Boble Og Bruse.<\/p>\n<\/li>\n<li data-start=\"961\" data-end=\"1006\">\n<p data-start=\"964\" data-end=\"1006\">Sig De Magiske Ord \u201cMagicus Mixus\u201d.<\/p>\n<\/li>\n<li data-start=\"1007\" data-end=\"1071\">\n<p data-start=\"1010\" data-end=\"1071\">Afsl\u00f8r Dine Magic Mixlings, Og Brug Tryllestaven Til At Kaste Trylleformularer.<\/p>\n<\/li>\n<li data-start=\"1072\" data-end=\"1126\">\n<p data-start=\"1075\" data-end=\"1126\">Opbevar Dine Mixlings I Kedlen Efter Leg.<\/p>\n<\/li>\n<\/ol>\n<h2 style=\"text-align: center\" data-start=\"1128\" data-end=\"1147\">Produktdetaljer \ud83d\udccf<\/h2>\n<ul data-start=\"1148\" data-end=\"1381\">\n<li data-start=\"1188\" data-end=\"1237\">\n<p data-start=\"1190\" data-end=\"1237\">Serie: Magic Mixies Mixlings \u2013 Crystal Woods<\/p>\n<\/li>\n<li data-start=\"1291\" data-end=\"1345\">\n<p data-start=\"1293\" data-end=\"1345\">Funktioner: Sprudlende Mix, Tryllestav, Overraskende Afsl\u00f8ring<\/p>\n<\/li>\n<li data-start=\"1346\" data-end=\"1381\">\n<p data-start=\"1348\" data-end=\"1381\">Brug: Leg, Saml Og Vis<\/p>\n<\/li>\n<\/ul>\n<h2 style=\"text-align: center\" data-start=\"1383\" data-end=\"1403\">Pakken Indeholder \ud83d\udce6<\/h2>\n<ul>\n<li data-start=\"65\" data-end=\"129\">1, 2x Mystisk Magisk Mixie Mixlings-Figur<\/li>\n<li data-start=\"65\" data-end=\"129\">1x Magisk Mixes-Kedel<\/li>\n<li data-start=\"65\" data-end=\"129\">1, 2x Tryllestavstilbeh\u00f8r<\/li>\n<li data-start=\"65\" data-end=\"129\">1x Samlervejledning<\/li>\n<li data-start=\"65\" data-end=\"129\">1x Instruktionsfolder.<\/li>\n<\/ul>\n<\/div>\n<\/div>\n<\/div>\n<\/div>\n<\/div>\n<\/div>\n<\/article>\n<\/div>\n","protected":false},"excerpt":{"rendered":"<p>\ud83e\uddd9\u200d\u2640\ufe0fDenne magi blander cauldron lader b\u00f8rn blande ingredienser, sige magiske ord og afsl\u00f8re yndige magic mixies mixlings p\u00e5 en sjov, interaktiv m\u00e5de.<br \/>\n\ud83d\udd2eMed brusende effekter, trylleformularer og overraskelsesfigurer f\u00f8les hver udpakning virkelig magisk.<br \/>\n\ud83e\ude84Det g\u00f8r legetid til et sp\u00e6ndende sensorisk eventyr fuld af fantasi og undren.<\/p>\n","protected":false},"featured_media":21751,"comment_status":"open","ping_status":"closed","template":"","meta":{"site-sidebar-layout":"default","site-content-layout":"","ast-site-content-layout":"default","site-content-style":"default","site-sidebar-style":"default","ast-global-header-display":"","ast-banner-title-visibility":"","ast-main-header-display":"","ast-hfb-above-header-display":"","ast-hfb-below-header-display":"","ast-hfb-mobile-header-display":"","site-post-title":"","ast-breadcrumbs-content":"","ast-featured-img":"","footer-sml-layout":"","theme-transparent-header-meta":"default","adv-header-id-meta":"","stick-header-meta":"","header-above-stick-meta":"","header-main-stick-meta":"","header-below-stick-meta":"","astra-migrate-meta-layouts":"set","ast-page-background-enabled":"default","ast-page-background-meta":{"desktop":{"background-color":"var(--ast-global-color-5)","background-image":"","background-repeat":"repeat","background-position":"center center","background-size":"auto","background-attachment":"scroll","background-type":"","background-media":"","overlay-type":"","overlay-color":"","overlay-opacity":"","overlay-gradient":""},"tablet":{"background-color":"","background-image":"","background-repeat":"repeat","background-position":"center center","background-size":"auto","background-attachment":"scroll","background-type":"","background-media":"","overlay-type":"","overlay-color":"","overlay-opacity":"","overlay-gradient":""},"mobile":{"background-color":"","background-image":"","background-repeat":"repeat","background-position":"center center","background-size":"auto","background-attachment":"scroll","background-type":"","background-media":"","overlay-type":"","overlay-color":"","overlay-opacity":"","overlay-gradient":""}},"ast-content-background-meta":{"desktop":{"background-color":"var(--ast-global-color-4)","background-image":"","background-repeat":"repeat","background-position":"center center","background-size":"auto","background-attachment":"scroll","background-type":"","background-media":"","overlay-type":"","overlay-color":"","overlay-opacity":"","overlay-gradient":""},"tablet":{"background-color":"var(--ast-global-color-4)","background-image":"","background-repeat":"repeat","background-position":"center center","background-size":"auto","background-attachment":"scroll","background-type":"","background-media":"","overlay-type":"","overlay-color":"","overlay-opacity":"","overlay-gradient":""},"mobile":{"background-color":"var(--ast-global-color-4)","background-image":"","background-repeat":"repeat","background-position":"center center","background-size":"auto","background-attachment":"scroll","background-type":"","background-media":"","overlay-type":"","overlay-color":"","overlay-opacity":"","overlay-gradient":""}}},"product_brand":[],"product_cat":[172],"product_tag":[],"class_list":{"0":"post-21755","1":"product","2":"type-product","3":"status-publish","4":"has-post-thumbnail","6":"product_cat-legetoej-boerne-og-babyprodukter","7":"pa_54193_z8wkmtab-1-stk","8":"pa_54193_z8wkmtab-2-stk","9":"desktop-align-left","10":"tablet-align-left","11":"mobile-align-left","13":"first","14":"instock","15":"shipping-taxable","16":"purchasable","17":"product-type-variable"},"yoast_head":"<!-- This site is optimized with the Yoast SEO plugin v26.6 - https:\/\/yoast.com\/wordpress\/plugins\/seo\/ -->\n<title>Kedel med magiske blandinger - Mekulo DK<\/title>\n<meta name=\"robots\" content=\"index, follow, max-snippet:-1, max-image-preview:large, max-video-preview:-1\" \/>\n<link rel=\"canonical\" href=\"https:\/\/mekulo.com\/dk\/produkt\/kedel-med-magiske-blandinger\/\" \/>\n<meta property=\"og:locale\" content=\"da_DK\" \/>\n<meta property=\"og:type\" content=\"article\" \/>\n<meta property=\"og:title\" content=\"Kedel med magiske blandinger - Mekulo DK\" \/>\n<meta property=\"og:description\" content=\"\ud83e\uddd9\u200d\u2640\ufe0fDenne magi blander cauldron lader b\u00f8rn blande ingredienser, sige magiske ord og afsl\u00f8re yndige magic mixies mixlings p\u00e5 en sjov, interaktiv m\u00e5de. \ud83d\udd2eMed brusende effekter, trylleformularer og overraskelsesfigurer f\u00f8les hver udpakning virkelig magisk. \ud83e\ude84Det g\u00f8r legetid til et sp\u00e6ndende sensorisk eventyr fuld af fantasi og undren.\" \/>\n<meta property=\"og:url\" content=\"https:\/\/mekulo.com\/dk\/produkt\/kedel-med-magiske-blandinger\/\" \/>\n<meta property=\"og:site_name\" content=\"Mekulo DK\" \/>\n<meta property=\"article:modified_time\" content=\"2026-02-04T13:11:25+00:00\" \/>\n<meta property=\"og:image\" content=\"https:\/\/mekulo.com\/dk\/wp-content\/uploads\/sites\/12\/2026\/02\/yi6n9mm-1.png\" \/>\n\t<meta property=\"og:image:width\" content=\"700\" \/>\n\t<meta property=\"og:image:height\" content=\"718\" \/>\n\t<meta property=\"og:image:type\" content=\"image\/png\" \/>\n<meta name=\"twitter:card\" content=\"summary_large_image\" \/>\n<meta name=\"twitter:label1\" content=\"Estimeret l\u00e6setid\" \/>\n\t<meta name=\"twitter:data1\" content=\"2 minutter\" \/>\n<script type=\"application\/ld+json\" class=\"yoast-schema-graph\">{\"@context\":\"https:\/\/schema.org\",\"@graph\":[{\"@type\":\"WebPage\",\"@id\":\"https:\/\/mekulo.com\/dk\/produkt\/kedel-med-magiske-blandinger\/\",\"url\":\"https:\/\/mekulo.com\/dk\/produkt\/kedel-med-magiske-blandinger\/\",\"name\":\"Kedel med magiske blandinger - Mekulo DK\",\"isPartOf\":{\"@id\":\"https:\/\/mekulo.com\/dk\/#website\"},\"primaryImageOfPage\":{\"@id\":\"https:\/\/mekulo.com\/dk\/produkt\/kedel-med-magiske-blandinger\/#primaryimage\"},\"image\":{\"@id\":\"https:\/\/mekulo.com\/dk\/produkt\/kedel-med-magiske-blandinger\/#primaryimage\"},\"thumbnailUrl\":\"https:\/\/mekulo.com\/dk\/wp-content\/uploads\/sites\/12\/2026\/02\/yi6n9mm-1.png\",\"datePublished\":\"2026-02-04T10:10:00+00:00\",\"dateModified\":\"2026-02-04T13:11:25+00:00\",\"breadcrumb\":{\"@id\":\"https:\/\/mekulo.com\/dk\/produkt\/kedel-med-magiske-blandinger\/#breadcrumb\"},\"inLanguage\":\"da-DK\",\"potentialAction\":[{\"@type\":\"ReadAction\",\"target\":[\"https:\/\/mekulo.com\/dk\/produkt\/kedel-med-magiske-blandinger\/\"]}]},{\"@type\":\"ImageObject\",\"inLanguage\":\"da-DK\",\"@id\":\"https:\/\/mekulo.com\/dk\/produkt\/kedel-med-magiske-blandinger\/#primaryimage\",\"url\":\"https:\/\/mekulo.com\/dk\/wp-content\/uploads\/sites\/12\/2026\/02\/yi6n9mm-1.png\",\"contentUrl\":\"https:\/\/mekulo.com\/dk\/wp-content\/uploads\/sites\/12\/2026\/02\/yi6n9mm-1.png\",\"width\":700,\"height\":718},{\"@type\":\"BreadcrumbList\",\"@id\":\"https:\/\/mekulo.com\/dk\/produkt\/kedel-med-magiske-blandinger\/#breadcrumb\",\"itemListElement\":[{\"@type\":\"ListItem\",\"position\":1,\"name\":\"Home\",\"item\":\"https:\/\/mekulo.com\/dk\/\"},{\"@type\":\"ListItem\",\"position\":2,\"name\":\"Butik\",\"item\":\"https:\/\/mekulo.com\/dk\/butik\/\"},{\"@type\":\"ListItem\",\"position\":3,\"name\":\"Kedel med magiske blandinger\"}]},{\"@type\":\"WebSite\",\"@id\":\"https:\/\/mekulo.com\/dk\/#website\",\"url\":\"https:\/\/mekulo.com\/dk\/\",\"name\":\"Mekulo DK\",\"description\":\"\",\"publisher\":{\"@id\":\"https:\/\/mekulo.com\/dk\/#organization\"},\"potentialAction\":[{\"@type\":\"SearchAction\",\"target\":{\"@type\":\"EntryPoint\",\"urlTemplate\":\"https:\/\/mekulo.com\/dk\/?s={search_term_string}\"},\"query-input\":{\"@type\":\"PropertyValueSpecification\",\"valueRequired\":true,\"valueName\":\"search_term_string\"}}],\"inLanguage\":\"da-DK\"},{\"@type\":\"Organization\",\"@id\":\"https:\/\/mekulo.com\/dk\/#organization\",\"name\":\"Mekulo\",\"url\":\"https:\/\/mekulo.com\/dk\/\",\"logo\":{\"@type\":\"ImageObject\",\"inLanguage\":\"da-DK\",\"@id\":\"https:\/\/mekulo.com\/dk\/#\/schema\/logo\/image\/\",\"url\":\"https:\/\/mekulo.com\/dk\/wp-content\/uploads\/sites\/12\/2025\/12\/favicon_mekulo.png\",\"contentUrl\":\"https:\/\/mekulo.com\/dk\/wp-content\/uploads\/sites\/12\/2025\/12\/favicon_mekulo.png\",\"width\":50,\"height\":50,\"caption\":\"Mekulo\"},\"image\":{\"@id\":\"https:\/\/mekulo.com\/dk\/#\/schema\/logo\/image\/\"}}]}<\/script>\n<!-- \/ Yoast SEO plugin. -->","yoast_head_json":{"title":"Kedel med magiske blandinger - Mekulo DK","robots":{"index":"index","follow":"follow","max-snippet":"max-snippet:-1","max-image-preview":"max-image-preview:large","max-video-preview":"max-video-preview:-1"},"canonical":"https:\/\/mekulo.com\/dk\/produkt\/kedel-med-magiske-blandinger\/","og_locale":"da_DK","og_type":"article","og_title":"Kedel med magiske blandinger - Mekulo DK","og_description":"\ud83e\uddd9\u200d\u2640\ufe0fDenne magi blander cauldron lader b\u00f8rn blande ingredienser, sige magiske ord og afsl\u00f8re yndige magic mixies mixlings p\u00e5 en sjov, interaktiv m\u00e5de. \ud83d\udd2eMed brusende effekter, trylleformularer og overraskelsesfigurer f\u00f8les hver udpakning virkelig magisk. \ud83e\ude84Det g\u00f8r legetid til et sp\u00e6ndende sensorisk eventyr fuld af fantasi og undren.","og_url":"https:\/\/mekulo.com\/dk\/produkt\/kedel-med-magiske-blandinger\/","og_site_name":"Mekulo DK","article_modified_time":"2026-02-04T13:11:25+00:00","og_image":[{"width":700,"height":718,"url":"https:\/\/mekulo.com\/dk\/wp-content\/uploads\/sites\/12\/2026\/02\/yi6n9mm-1.png","type":"image\/png"}],"twitter_card":"summary_large_image","twitter_misc":{"Estimeret l\u00e6setid":"2 minutter"},"schema":{"@context":"https:\/\/schema.org","@graph":[{"@type":"WebPage","@id":"https:\/\/mekulo.com\/dk\/produkt\/kedel-med-magiske-blandinger\/","url":"https:\/\/mekulo.com\/dk\/produkt\/kedel-med-magiske-blandinger\/","name":"Kedel med magiske blandinger - Mekulo DK","isPartOf":{"@id":"https:\/\/mekulo.com\/dk\/#website"},"primaryImageOfPage":{"@id":"https:\/\/mekulo.com\/dk\/produkt\/kedel-med-magiske-blandinger\/#primaryimage"},"image":{"@id":"https:\/\/mekulo.com\/dk\/produkt\/kedel-med-magiske-blandinger\/#primaryimage"},"thumbnailUrl":"https:\/\/mekulo.com\/dk\/wp-content\/uploads\/sites\/12\/2026\/02\/yi6n9mm-1.png","datePublished":"2026-02-04T10:10:00+00:00","dateModified":"2026-02-04T13:11:25+00:00","breadcrumb":{"@id":"https:\/\/mekulo.com\/dk\/produkt\/kedel-med-magiske-blandinger\/#breadcrumb"},"inLanguage":"da-DK","potentialAction":[{"@type":"ReadAction","target":["https:\/\/mekulo.com\/dk\/produkt\/kedel-med-magiske-blandinger\/"]}]},{"@type":"ImageObject","inLanguage":"da-DK","@id":"https:\/\/mekulo.com\/dk\/produkt\/kedel-med-magiske-blandinger\/#primaryimage","url":"https:\/\/mekulo.com\/dk\/wp-content\/uploads\/sites\/12\/2026\/02\/yi6n9mm-1.png","contentUrl":"https:\/\/mekulo.com\/dk\/wp-content\/uploads\/sites\/12\/2026\/02\/yi6n9mm-1.png","width":700,"height":718},{"@type":"BreadcrumbList","@id":"https:\/\/mekulo.com\/dk\/produkt\/kedel-med-magiske-blandinger\/#breadcrumb","itemListElement":[{"@type":"ListItem","position":1,"name":"Home","item":"https:\/\/mekulo.com\/dk\/"},{"@type":"ListItem","position":2,"name":"Butik","item":"https:\/\/mekulo.com\/dk\/butik\/"},{"@type":"ListItem","position":3,"name":"Kedel med magiske blandinger"}]},{"@type":"WebSite","@id":"https:\/\/mekulo.com\/dk\/#website","url":"https:\/\/mekulo.com\/dk\/","name":"Mekulo DK","description":"","publisher":{"@id":"https:\/\/mekulo.com\/dk\/#organization"},"potentialAction":[{"@type":"SearchAction","target":{"@type":"EntryPoint","urlTemplate":"https:\/\/mekulo.com\/dk\/?s={search_term_string}"},"query-input":{"@type":"PropertyValueSpecification","valueRequired":true,"valueName":"search_term_string"}}],"inLanguage":"da-DK"},{"@type":"Organization","@id":"https:\/\/mekulo.com\/dk\/#organization","name":"Mekulo","url":"https:\/\/mekulo.com\/dk\/","logo":{"@type":"ImageObject","inLanguage":"da-DK","@id":"https:\/\/mekulo.com\/dk\/#\/schema\/logo\/image\/","url":"https:\/\/mekulo.com\/dk\/wp-content\/uploads\/sites\/12\/2025\/12\/favicon_mekulo.png","contentUrl":"https:\/\/mekulo.com\/dk\/wp-content\/uploads\/sites\/12\/2025\/12\/favicon_mekulo.png","width":50,"height":50,"caption":"Mekulo"},"image":{"@id":"https:\/\/mekulo.com\/dk\/#\/schema\/logo\/image\/"}}]}},"_links":{"self":[{"href":"https:\/\/mekulo.com\/dk\/wp-json\/wp\/v2\/product\/21755","targetHints":{"allow":["GET"]}}],"collection":[{"href":"https:\/\/mekulo.com\/dk\/wp-json\/wp\/v2\/product"}],"about":[{"href":"https:\/\/mekulo.com\/dk\/wp-json\/wp\/v2\/types\/product"}],"replies":[{"embeddable":true,"href":"https:\/\/mekulo.com\/dk\/wp-json\/wp\/v2\/comments?post=21755"}],"wp:featuredmedia":[{"embeddable":true,"href":"https:\/\/mekulo.com\/dk\/wp-json\/wp\/v2\/media\/21751"}],"wp:attachment":[{"href":"https:\/\/mekulo.com\/dk\/wp-json\/wp\/v2\/media?parent=21755"}],"wp:term":[{"taxonomy":"product_brand","embeddable":true,"href":"https:\/\/mekulo.com\/dk\/wp-json\/wp\/v2\/product_brand?post=21755"},{"taxonomy":"product_cat","embeddable":true,"href":"https:\/\/mekulo.com\/dk\/wp-json\/wp\/v2\/product_cat?post=21755"},{"taxonomy":"product_tag","embeddable":true,"href":"https:\/\/mekulo.com\/dk\/wp-json\/wp\/v2\/product_tag?post=21755"}],"curies":[{"name":"wp","href":"https:\/\/api.w.org\/{rel}","templated":true}]}}