{"id":21689,"date":"2026-02-04T12:04:54","date_gmt":"2026-02-04T10:04:54","guid":{"rendered":"https:\/\/mekulo.com\/dk\/produkt\/kabelbindere-af-metal\/"},"modified":"2026-02-04T12:05:03","modified_gmt":"2026-02-04T10:05:03","slug":"kabelbindere-af-metal","status":"publish","type":"product","link":"https:\/\/mekulo.com\/dk\/produkt\/kabelbindere-af-metal\/","title":{"rendered":"Kabelbindere af metal"},"content":{"rendered":"<p style=\"text-align: center\" data-start=\"0\" data-end=\"69\"><strong data-start=\"0\" data-end=\"69\">Fastg\u00f8r kabler permanent med st\u00e6rke, varmebestandige metalb\u00e5nd. \ud83d\udd25<\/strong><\/p>\n<p data-start=\"0\" data-end=\"69\"><img fetchpriority=\"high\" decoding=\"async\" class=\"size-full wp-image-23134 aligncenter\" src=\"https:\/\/mekulo.com\/template\/wp-content\/uploads\/sites\/6\/2026\/02\/Sd107671b651c4b9b826bd7665f2e37104.jpg\" alt=\"\" width=\"1080\" height=\"1080\" \/><\/p>\n<h2 style=\"text-align: center\" data-start=\"364\" data-end=\"381\"><strong>Hovedfordele \ud83d\udd12<\/strong><\/h2>\n<p data-start=\"384\" data-end=\"446\">\ud83d\udd12 Selvl\u00e5sende design &#8211; St\u00e6rkt hold uden ekstra v\u00e6rkt\u00f8j.<\/p>\n<p data-start=\"449\" data-end=\"506\">\ud83d\udcaa Rustfri st\u00e5lkonstruktion &#8211; Bygget til kraftig brug.<\/p>\n<p data-start=\"509\" data-end=\"569\">\ud83d\udd25 Varmebestandig &#8211; T\u00e5ler temperaturer op til 105 \u00b0C.<\/p>\n<p data-start=\"572\" data-end=\"646\">\ud83c\udf27\ufe0f Rust- og korrosionsbestandig &#8211; Velegnet til indend\u00f8rs og udend\u00f8rs brug.<\/p>\n<p data-start=\"649\" data-end=\"707\">\ud83c\udfed Industrielt klar &#8211; Perfekt til h\u00e5rde milj\u00f8er.<\/p>\n<p data-start=\"710\" data-end=\"768\">\ud83e\uddf9 Ren organisering &#8211; Holder kablerne p\u00e6ne og sikre.<\/p>\n<p data-start=\"710\" data-end=\"768\"><img decoding=\"async\" class=\"size-full wp-image-23132 aligncenter\" src=\"https:\/\/mekulo.com\/template\/wp-content\/uploads\/sites\/6\/2026\/02\/S40fcda5f6dff457883a69e508dca4fbcC.jpg\" alt=\"\" width=\"1080\" height=\"1080\" \/><\/p>\n<h2 style=\"text-align: center\" data-start=\"770\" data-end=\"784\"><strong>S\u00e5dan Bruges \ud83d\udccc<\/strong><\/h2>\n<ol data-start=\"785\" data-end=\"979\">\n<li data-start=\"785\" data-end=\"837\">\n<p data-start=\"788\" data-end=\"837\">Vikl kabelbinderen rundt om kablerne eller genstanden.<\/p>\n<\/li>\n<li data-start=\"838\" data-end=\"881\">\n<p data-start=\"841\" data-end=\"881\">Inds\u00e6t halen i l\u00e5sehovedet.<\/p>\n<\/li>\n<li data-start=\"882\" data-end=\"908\">\n<p data-start=\"885\" data-end=\"908\">Tr\u00e6k stramt for at sikre.<\/p>\n<\/li>\n<li data-start=\"909\" data-end=\"947\">\n<p data-start=\"912\" data-end=\"947\">S\u00f8rg for, at l\u00e5sen er helt i indgreb.<\/p>\n<\/li>\n<li data-start=\"948\" data-end=\"979\">\n<p data-start=\"951\" data-end=\"979\">Sk\u00e6r overskydende l\u00e6ngde, hvis det er n\u00f8dvendigt.<\/p>\n<\/li>\n<\/ol>\n<h2 style=\"text-align: center\" data-start=\"981\" data-end=\"1000\"><strong>Produktdetaljer \ud83d\udccf<\/strong><\/h2>\n<ul data-start=\"1001\" data-end=\"1212\">\n<li data-start=\"1001\" data-end=\"1041\">\n<p data-start=\"1003\" data-end=\"1041\">Materiale: Rustfrit st\u00e5l af h\u00f8j kvalitet<\/p>\n<\/li>\n<li data-start=\"1042\" data-end=\"1080\">\n<p data-start=\"1044\" data-end=\"1080\">Type: Selvl\u00e5sende metalkabelbinder<\/p>\n<\/li>\n<li data-start=\"1081\" data-end=\"1112\">\n<p data-start=\"1083\" data-end=\"1112\">Varmebestandighed: Op til 105\u2103<\/p>\n<\/li>\n<li data-start=\"1113\" data-end=\"1159\">\n<p data-start=\"1115\" data-end=\"1159\">Egenskaber: Rustbestandig, korrosionsfri<\/p>\n<\/li>\n<li data-start=\"1160\" data-end=\"1212\">\n<p data-start=\"1162\" data-end=\"1212\">Anvendelsesomr\u00e5der: Hjem, kontor, industrielle milj\u00f8er<\/p>\n<\/li>\n<\/ul>\n<h2 style=\"text-align: center\" data-start=\"1214\" data-end=\"1234\"><strong>Pakken Indeholder \ud83d\udce6<\/strong><\/h2>\n<ul>\n<li data-start=\"1237\" data-end=\"1289\">20, 50, 100x metalkabelbindere.<\/li>\n<\/ul>\n","protected":false},"excerpt":{"rendered":"<p>\ud83d\udd0cDisse metalkabelbindere giver en p\u00e5lidelig m\u00e5de at bundte og organisere kabler i kr\u00e6vende milj\u00f8er.<br \/>\n\ud83d\udd25Lavet af rustfrit st\u00e5l af h\u00f8j kvalitet, de l\u00e5ser t\u00e6t og modst\u00e5r varme, rust og korrosion til langvarig brug.<br \/>\n\ud83c\udfe1Ideal til situationer, hvor plastbindere svigter, og der kr\u00e6ves maksimal styrke.<\/p>\n","protected":false},"featured_media":21685,"comment_status":"open","ping_status":"closed","template":"","meta":{"site-sidebar-layout":"default","site-content-layout":"","ast-site-content-layout":"default","site-content-style":"default","site-sidebar-style":"default","ast-global-header-display":"","ast-banner-title-visibility":"","ast-main-header-display":"","ast-hfb-above-header-display":"","ast-hfb-below-header-display":"","ast-hfb-mobile-header-display":"","site-post-title":"","ast-breadcrumbs-content":"","ast-featured-img":"","footer-sml-layout":"","ast-disable-related-posts":"","theme-transparent-header-meta":"default","adv-header-id-meta":"","stick-header-meta":"","header-above-stick-meta":"","header-main-stick-meta":"","header-below-stick-meta":"","astra-migrate-meta-layouts":"set","ast-page-background-enabled":"default","ast-page-background-meta":{"desktop":{"background-color":"var(--ast-global-color-5)","background-image":"","background-repeat":"repeat","background-position":"center center","background-size":"auto","background-attachment":"scroll","background-type":"","background-media":"","overlay-type":"","overlay-color":"","overlay-opacity":"","overlay-gradient":""},"tablet":{"background-color":"","background-image":"","background-repeat":"repeat","background-position":"center center","background-size":"auto","background-attachment":"scroll","background-type":"","background-media":"","overlay-type":"","overlay-color":"","overlay-opacity":"","overlay-gradient":""},"mobile":{"background-color":"","background-image":"","background-repeat":"repeat","background-position":"center center","background-size":"auto","background-attachment":"scroll","background-type":"","background-media":"","overlay-type":"","overlay-color":"","overlay-opacity":"","overlay-gradient":""}},"ast-content-background-meta":{"desktop":{"background-color":"var(--ast-global-color-4)","background-image":"","background-repeat":"repeat","background-position":"center center","background-size":"auto","background-attachment":"scroll","background-type":"","background-media":"","overlay-type":"","overlay-color":"","overlay-opacity":"","overlay-gradient":""},"tablet":{"background-color":"var(--ast-global-color-4)","background-image":"","background-repeat":"repeat","background-position":"center center","background-size":"auto","background-attachment":"scroll","background-type":"","background-media":"","overlay-type":"","overlay-color":"","overlay-opacity":"","overlay-gradient":""},"mobile":{"background-color":"var(--ast-global-color-4)","background-image":"","background-repeat":"repeat","background-position":"center center","background-size":"auto","background-attachment":"scroll","background-type":"","background-media":"","overlay-type":"","overlay-color":"","overlay-opacity":"","overlay-gradient":""}}},"product_brand":[],"product_cat":[15],"product_tag":[],"class_list":{"0":"post-21689","1":"product","2":"type-product","3":"status-publish","4":"has-post-thumbnail","6":"product_cat-uncategorized","7":"pa_54175_q2glwxw6-100-stk","8":"pa_54175_q2glwxw6-20-stk","9":"pa_54175_q2glwxw6-50-stk","10":"desktop-align-left","11":"tablet-align-left","12":"mobile-align-left","14":"first","15":"instock","16":"shipping-taxable","17":"purchasable","18":"product-type-variable"},"yoast_head":"<!-- This site is optimized with the Yoast SEO plugin v27.4 - https:\/\/yoast.com\/product\/yoast-seo-wordpress\/ -->\n<title>Kabelbindere af metal - Mekulo DK<\/title>\n<meta name=\"robots\" content=\"index, follow, max-snippet:-1, max-image-preview:large, max-video-preview:-1\" \/>\n<link rel=\"canonical\" href=\"https:\/\/mekulo.com\/dk\/produkt\/kabelbindere-af-metal\/\" \/>\n<meta property=\"og:locale\" content=\"da_DK\" \/>\n<meta property=\"og:type\" content=\"article\" \/>\n<meta property=\"og:title\" content=\"Kabelbindere af metal - Mekulo DK\" \/>\n<meta property=\"og:description\" content=\"\ud83d\udd0cDisse metalkabelbindere giver en p\u00e5lidelig m\u00e5de at bundte og organisere kabler i kr\u00e6vende milj\u00f8er. \ud83d\udd25Lavet af rustfrit st\u00e5l af h\u00f8j kvalitet, de l\u00e5ser t\u00e6t og modst\u00e5r varme, rust og korrosion til langvarig brug. \ud83c\udfe1Ideal til situationer, hvor plastbindere svigter, og der kr\u00e6ves maksimal styrke.\" \/>\n<meta property=\"og:url\" content=\"https:\/\/mekulo.com\/dk\/produkt\/kabelbindere-af-metal\/\" \/>\n<meta property=\"og:site_name\" content=\"Mekulo DK\" \/>\n<meta property=\"article:modified_time\" content=\"2026-02-04T10:05:03+00:00\" \/>\n<meta property=\"og:image\" content=\"https:\/\/mekulo.com\/dk\/wp-content\/uploads\/sites\/12\/2026\/02\/t788wpk-1.jpg\" \/>\n\t<meta property=\"og:image:width\" content=\"800\" \/>\n\t<meta property=\"og:image:height\" content=\"800\" \/>\n\t<meta property=\"og:image:type\" content=\"image\/jpeg\" \/>\n<meta name=\"twitter:card\" content=\"summary_large_image\" \/>\n<meta name=\"twitter:label1\" content=\"Estimeret l\u00e6setid\" \/>\n\t<meta name=\"twitter:data1\" content=\"2 minutter\" \/>\n<script type=\"application\/ld+json\" class=\"yoast-schema-graph\">{\"@context\":\"https:\\\/\\\/schema.org\",\"@graph\":[{\"@type\":\"WebPage\",\"@id\":\"https:\\\/\\\/mekulo.com\\\/dk\\\/produkt\\\/kabelbindere-af-metal\\\/\",\"url\":\"https:\\\/\\\/mekulo.com\\\/dk\\\/produkt\\\/kabelbindere-af-metal\\\/\",\"name\":\"Kabelbindere af metal - Mekulo DK\",\"isPartOf\":{\"@id\":\"https:\\\/\\\/mekulo.com\\\/dk\\\/#website\"},\"primaryImageOfPage\":{\"@id\":\"https:\\\/\\\/mekulo.com\\\/dk\\\/produkt\\\/kabelbindere-af-metal\\\/#primaryimage\"},\"image\":{\"@id\":\"https:\\\/\\\/mekulo.com\\\/dk\\\/produkt\\\/kabelbindere-af-metal\\\/#primaryimage\"},\"thumbnailUrl\":\"https:\\\/\\\/mekulo.com\\\/dk\\\/wp-content\\\/uploads\\\/sites\\\/12\\\/2026\\\/02\\\/t788wpk-1.jpg\",\"datePublished\":\"2026-02-04T10:04:54+00:00\",\"dateModified\":\"2026-02-04T10:05:03+00:00\",\"breadcrumb\":{\"@id\":\"https:\\\/\\\/mekulo.com\\\/dk\\\/produkt\\\/kabelbindere-af-metal\\\/#breadcrumb\"},\"inLanguage\":\"da-DK\",\"potentialAction\":[{\"@type\":\"ReadAction\",\"target\":[\"https:\\\/\\\/mekulo.com\\\/dk\\\/produkt\\\/kabelbindere-af-metal\\\/\"]}]},{\"@type\":\"ImageObject\",\"inLanguage\":\"da-DK\",\"@id\":\"https:\\\/\\\/mekulo.com\\\/dk\\\/produkt\\\/kabelbindere-af-metal\\\/#primaryimage\",\"url\":\"https:\\\/\\\/mekulo.com\\\/dk\\\/wp-content\\\/uploads\\\/sites\\\/12\\\/2026\\\/02\\\/t788wpk-1.jpg\",\"contentUrl\":\"https:\\\/\\\/mekulo.com\\\/dk\\\/wp-content\\\/uploads\\\/sites\\\/12\\\/2026\\\/02\\\/t788wpk-1.jpg\",\"width\":800,\"height\":800},{\"@type\":\"BreadcrumbList\",\"@id\":\"https:\\\/\\\/mekulo.com\\\/dk\\\/produkt\\\/kabelbindere-af-metal\\\/#breadcrumb\",\"itemListElement\":[{\"@type\":\"ListItem\",\"position\":1,\"name\":\"Home\",\"item\":\"https:\\\/\\\/mekulo.com\\\/dk\\\/\"},{\"@type\":\"ListItem\",\"position\":2,\"name\":\"Butik\",\"item\":\"https:\\\/\\\/mekulo.com\\\/dk\\\/butik\\\/\"},{\"@type\":\"ListItem\",\"position\":3,\"name\":\"Kabelbindere af metal\"}]},{\"@type\":\"WebSite\",\"@id\":\"https:\\\/\\\/mekulo.com\\\/dk\\\/#website\",\"url\":\"https:\\\/\\\/mekulo.com\\\/dk\\\/\",\"name\":\"Mekulo DK\",\"description\":\"\",\"publisher\":{\"@id\":\"https:\\\/\\\/mekulo.com\\\/dk\\\/#organization\"},\"potentialAction\":[{\"@type\":\"SearchAction\",\"target\":{\"@type\":\"EntryPoint\",\"urlTemplate\":\"https:\\\/\\\/mekulo.com\\\/dk\\\/?s={search_term_string}\"},\"query-input\":{\"@type\":\"PropertyValueSpecification\",\"valueRequired\":true,\"valueName\":\"search_term_string\"}}],\"inLanguage\":\"da-DK\"},{\"@type\":\"Organization\",\"@id\":\"https:\\\/\\\/mekulo.com\\\/dk\\\/#organization\",\"name\":\"Mekulo\",\"url\":\"https:\\\/\\\/mekulo.com\\\/dk\\\/\",\"logo\":{\"@type\":\"ImageObject\",\"inLanguage\":\"da-DK\",\"@id\":\"https:\\\/\\\/mekulo.com\\\/dk\\\/#\\\/schema\\\/logo\\\/image\\\/\",\"url\":\"https:\\\/\\\/mekulo.com\\\/dk\\\/wp-content\\\/uploads\\\/sites\\\/12\\\/2025\\\/12\\\/favicon_mekulo.png\",\"contentUrl\":\"https:\\\/\\\/mekulo.com\\\/dk\\\/wp-content\\\/uploads\\\/sites\\\/12\\\/2025\\\/12\\\/favicon_mekulo.png\",\"width\":50,\"height\":50,\"caption\":\"Mekulo\"},\"image\":{\"@id\":\"https:\\\/\\\/mekulo.com\\\/dk\\\/#\\\/schema\\\/logo\\\/image\\\/\"}}]}<\/script>\n<!-- \/ Yoast SEO plugin. -->","yoast_head_json":{"title":"Kabelbindere af metal - Mekulo DK","robots":{"index":"index","follow":"follow","max-snippet":"max-snippet:-1","max-image-preview":"max-image-preview:large","max-video-preview":"max-video-preview:-1"},"canonical":"https:\/\/mekulo.com\/dk\/produkt\/kabelbindere-af-metal\/","og_locale":"da_DK","og_type":"article","og_title":"Kabelbindere af metal - Mekulo DK","og_description":"\ud83d\udd0cDisse metalkabelbindere giver en p\u00e5lidelig m\u00e5de at bundte og organisere kabler i kr\u00e6vende milj\u00f8er. \ud83d\udd25Lavet af rustfrit st\u00e5l af h\u00f8j kvalitet, de l\u00e5ser t\u00e6t og modst\u00e5r varme, rust og korrosion til langvarig brug. \ud83c\udfe1Ideal til situationer, hvor plastbindere svigter, og der kr\u00e6ves maksimal styrke.","og_url":"https:\/\/mekulo.com\/dk\/produkt\/kabelbindere-af-metal\/","og_site_name":"Mekulo DK","article_modified_time":"2026-02-04T10:05:03+00:00","og_image":[{"width":800,"height":800,"url":"https:\/\/mekulo.com\/dk\/wp-content\/uploads\/sites\/12\/2026\/02\/t788wpk-1.jpg","type":"image\/jpeg"}],"twitter_card":"summary_large_image","twitter_misc":{"Estimeret l\u00e6setid":"2 minutter"},"schema":{"@context":"https:\/\/schema.org","@graph":[{"@type":"WebPage","@id":"https:\/\/mekulo.com\/dk\/produkt\/kabelbindere-af-metal\/","url":"https:\/\/mekulo.com\/dk\/produkt\/kabelbindere-af-metal\/","name":"Kabelbindere af metal - Mekulo DK","isPartOf":{"@id":"https:\/\/mekulo.com\/dk\/#website"},"primaryImageOfPage":{"@id":"https:\/\/mekulo.com\/dk\/produkt\/kabelbindere-af-metal\/#primaryimage"},"image":{"@id":"https:\/\/mekulo.com\/dk\/produkt\/kabelbindere-af-metal\/#primaryimage"},"thumbnailUrl":"https:\/\/mekulo.com\/dk\/wp-content\/uploads\/sites\/12\/2026\/02\/t788wpk-1.jpg","datePublished":"2026-02-04T10:04:54+00:00","dateModified":"2026-02-04T10:05:03+00:00","breadcrumb":{"@id":"https:\/\/mekulo.com\/dk\/produkt\/kabelbindere-af-metal\/#breadcrumb"},"inLanguage":"da-DK","potentialAction":[{"@type":"ReadAction","target":["https:\/\/mekulo.com\/dk\/produkt\/kabelbindere-af-metal\/"]}]},{"@type":"ImageObject","inLanguage":"da-DK","@id":"https:\/\/mekulo.com\/dk\/produkt\/kabelbindere-af-metal\/#primaryimage","url":"https:\/\/mekulo.com\/dk\/wp-content\/uploads\/sites\/12\/2026\/02\/t788wpk-1.jpg","contentUrl":"https:\/\/mekulo.com\/dk\/wp-content\/uploads\/sites\/12\/2026\/02\/t788wpk-1.jpg","width":800,"height":800},{"@type":"BreadcrumbList","@id":"https:\/\/mekulo.com\/dk\/produkt\/kabelbindere-af-metal\/#breadcrumb","itemListElement":[{"@type":"ListItem","position":1,"name":"Home","item":"https:\/\/mekulo.com\/dk\/"},{"@type":"ListItem","position":2,"name":"Butik","item":"https:\/\/mekulo.com\/dk\/butik\/"},{"@type":"ListItem","position":3,"name":"Kabelbindere af metal"}]},{"@type":"WebSite","@id":"https:\/\/mekulo.com\/dk\/#website","url":"https:\/\/mekulo.com\/dk\/","name":"Mekulo DK","description":"","publisher":{"@id":"https:\/\/mekulo.com\/dk\/#organization"},"potentialAction":[{"@type":"SearchAction","target":{"@type":"EntryPoint","urlTemplate":"https:\/\/mekulo.com\/dk\/?s={search_term_string}"},"query-input":{"@type":"PropertyValueSpecification","valueRequired":true,"valueName":"search_term_string"}}],"inLanguage":"da-DK"},{"@type":"Organization","@id":"https:\/\/mekulo.com\/dk\/#organization","name":"Mekulo","url":"https:\/\/mekulo.com\/dk\/","logo":{"@type":"ImageObject","inLanguage":"da-DK","@id":"https:\/\/mekulo.com\/dk\/#\/schema\/logo\/image\/","url":"https:\/\/mekulo.com\/dk\/wp-content\/uploads\/sites\/12\/2025\/12\/favicon_mekulo.png","contentUrl":"https:\/\/mekulo.com\/dk\/wp-content\/uploads\/sites\/12\/2025\/12\/favicon_mekulo.png","width":50,"height":50,"caption":"Mekulo"},"image":{"@id":"https:\/\/mekulo.com\/dk\/#\/schema\/logo\/image\/"}}]}},"_links":{"self":[{"href":"https:\/\/mekulo.com\/dk\/wp-json\/wp\/v2\/product\/21689","targetHints":{"allow":["GET"]}}],"collection":[{"href":"https:\/\/mekulo.com\/dk\/wp-json\/wp\/v2\/product"}],"about":[{"href":"https:\/\/mekulo.com\/dk\/wp-json\/wp\/v2\/types\/product"}],"replies":[{"embeddable":true,"href":"https:\/\/mekulo.com\/dk\/wp-json\/wp\/v2\/comments?post=21689"}],"wp:featuredmedia":[{"embeddable":true,"href":"https:\/\/mekulo.com\/dk\/wp-json\/wp\/v2\/media\/21685"}],"wp:attachment":[{"href":"https:\/\/mekulo.com\/dk\/wp-json\/wp\/v2\/media?parent=21689"}],"wp:term":[{"taxonomy":"product_brand","embeddable":true,"href":"https:\/\/mekulo.com\/dk\/wp-json\/wp\/v2\/product_brand?post=21689"},{"taxonomy":"product_cat","embeddable":true,"href":"https:\/\/mekulo.com\/dk\/wp-json\/wp\/v2\/product_cat?post=21689"},{"taxonomy":"product_tag","embeddable":true,"href":"https:\/\/mekulo.com\/dk\/wp-json\/wp\/v2\/product_tag?post=21689"}],"curies":[{"name":"wp","href":"https:\/\/api.w.org\/{rel}","templated":true}]}}