{"id":21648,"date":"2026-02-04T12:01:44","date_gmt":"2026-02-04T10:01:44","guid":{"rendered":"https:\/\/mekulo.com\/dk\/produkt\/elektrisk-dinosaurus-boblemaskine\/"},"modified":"2026-02-04T15:06:14","modified_gmt":"2026-02-04T13:06:14","slug":"elektrisk-dinosaurus-boblemaskine","status":"publish","type":"product","link":"https:\/\/mekulo.com\/dk\/produkt\/elektrisk-dinosaurus-boblemaskine\/","title":{"rendered":"Elektrisk dinosaurus-boblemaskine"},"content":{"rendered":"<div class=\"flex max-w-full flex-col grow\">\n<div class=\"min-h-8 text-message relative flex w-full flex-col items-end gap-2 text-start break-words whitespace-normal [.text-message+&amp;]:mt-1\" dir=\"auto\" data-message-author-role=\"assistant\" data-message-id=\"f07f1695-b15b-4506-b2c5-6a98b86b97fa\" data-message-model-slug=\"gpt-5-2\">\n<div class=\"flex w-full flex-col gap-1 empty:hidden first:pt-[1px]\">\n<div class=\"markdown prose dark:prose-invert w-full wrap-break-word light markdown-new-styling\">\n<p style=\"text-align: center\" data-start=\"0\" data-end=\"66\"><strong data-start=\"0\" data-end=\"66\">Skab Tusindvis Af Bobler Med Det Samme Til Nonstop Udend\u00f8rs Sjov. \ud83e\udee7<\/strong><\/p>\n<p data-start=\"0\" data-end=\"66\"><img fetchpriority=\"high\" decoding=\"async\" class=\"alignnone size-full wp-image-23100\" src=\"https:\/\/mekulo.com\/template\/wp-content\/uploads\/sites\/6\/2026\/02\/S737815628aef4b4dbf630309f3a62ea9C.jpg_960x960q75.jpg_.jpg\" alt=\"\" width=\"1080\" height=\"1080\" \/><\/p>\n<h2 style=\"text-align: center\" data-start=\"388\" data-end=\"405\"><strong>Vigtigste fordele \ud83e\udd96<\/strong><\/h2>\n<p data-start=\"408\" data-end=\"465\">\ud83e\udd96 Sjovt dinosaurdesign &#8211; Elsket af b\u00f8rn og sm\u00e5b\u00f8rn.<\/p>\n<p data-start=\"468\" data-end=\"528\">\ud83c\udf88 Hurtig bobleproduktion &#8211; Bl\u00e6ser 5000+ bobler i minuttet.<\/p>\n<p data-start=\"531\" data-end=\"587\">\ud83d\udd04 360\u00b0 l\u00e6kagesikker brug &#8211; Intet spild eller klistrede h\u00e6nder.<\/p>\n<p data-start=\"590\" data-end=\"645\">\ud83d\udca8 Automatisk boblebl\u00e6sning &#8211; Bare tryk og spil.<\/p>\n<p data-start=\"648\" data-end=\"704\">\ud83e\udeb6 Let og b\u00e6rbar &#8211; Nem for b\u00f8rn at b\u00e6re.<\/p>\n<p data-start=\"707\" data-end=\"769\">\ud83c\udf89 Perfekt til fester &#8211; f\u00f8dselsdage, udend\u00f8rs leg, events.<\/p>\n<p data-start=\"707\" data-end=\"769\"><img decoding=\"async\" class=\"size-full wp-image-23099 aligncenter\" src=\"https:\/\/mekulo.com\/template\/wp-content\/uploads\/sites\/6\/2026\/02\/S53496e7ecb384c859d84998da703c07cJ.jpg_960x960q75.jpg_.jpg\" alt=\"\" width=\"1080\" height=\"1080\" \/><\/p>\n<h2 style=\"text-align: center\" data-start=\"771\" data-end=\"785\"><strong>S\u00e5dan bruges \ud83d\udccc<\/strong><\/h2>\n<ol data-start=\"786\" data-end=\"1044\">\n<li data-start=\"786\" data-end=\"828\">\n<p data-start=\"789\" data-end=\"828\">S\u00e6t 4x AA-batterier i (medf\u00f8lger ikke).<\/p>\n<\/li>\n<li data-start=\"829\" data-end=\"886\">\n<p data-start=\"832\" data-end=\"886\">Fyld flasken med bobleopl\u00f8sning (medf\u00f8lger ikke).<\/p>\n<\/li>\n<li data-start=\"887\" data-end=\"934\">\n<p data-start=\"890\" data-end=\"934\">S\u00e6t flasken godt fast p\u00e5 maskinen.<\/p>\n<\/li>\n<li data-start=\"935\" data-end=\"988\">\n<p data-start=\"938\" data-end=\"988\">Tryk p\u00e5 t\u00e6nd\/sluk-knappen for at begynde at bl\u00e6se bobler.<\/p>\n<\/li>\n<li data-start=\"989\" data-end=\"1044\">\n<p data-start=\"992\" data-end=\"1044\">Bev\u00e6g og roter frit for at sprede bobler overalt.<\/p>\n<\/li>\n<\/ol>\n<h2 style=\"text-align: center\" data-start=\"1046\" data-end=\"1065\"><strong>Produktdetaljer \ud83d\udccf<\/strong><\/h2>\n<ul data-start=\"1066\" data-end=\"1329\">\n<li data-start=\"1108\" data-end=\"1134\">\n<p data-start=\"1110\" data-end=\"1134\">Design: Dinosaurform<\/p>\n<\/li>\n<li data-start=\"1135\" data-end=\"1178\">\n<p data-start=\"1137\" data-end=\"1178\">Bobleoutput: 5000+ bobler pr. minut<\/p>\n<\/li>\n<li data-start=\"1179\" data-end=\"1215\">\n<p data-start=\"1181\" data-end=\"1215\">Rotation: 360\u00b0 l\u00e6kagesikkert design<\/p>\n<\/li>\n<li data-start=\"1216\" data-end=\"1258\">\n<p data-start=\"1218\" data-end=\"1258\">Str\u00f8m: 4x AA-batterier (medf\u00f8lger ikke)<\/p>\n<\/li>\n<li data-start=\"1284\" data-end=\"1329\">\n<p data-start=\"1286\" data-end=\"1329\">Aldersanbefaling: B\u00f8rn og sm\u00e5b\u00f8rn<\/p>\n<\/li>\n<li data-start=\"1284\" data-end=\"1329\">St\u00f8rrelse: 256 x 220 cm<\/li>\n<\/ul>\n<h2 style=\"text-align: center\" data-start=\"1331\" data-end=\"1351\"><strong>Pakken indeholder \ud83d\udce6<\/strong><\/h2>\n<ul data-start=\"1352\" data-end=\"1418\" data-is-last-node=\"\" data-is-only-node=\"\">\n<li data-start=\"1352\" data-end=\"1392\">\n<p data-start=\"1354\" data-end=\"1392\">1x elektrisk dinosaurboblemaskine<\/p>\n<\/li>\n<li data-start=\"1393\" data-end=\"1418\" data-is-last-node=\"\">\n<p data-start=\"1395\" data-end=\"1418\" data-is-last-node=\"\">1x tom bobleflaske<\/p>\n<\/li>\n<li data-start=\"1393\" data-end=\"1418\" data-is-last-node=\"\">\n<p data-start=\"1395\" data-end=\"1418\" data-is-last-node=\"\">1x boblev\u00e6skebakke.<\/p>\n<\/li>\n<\/ul>\n<\/div>\n<\/div>\n<\/div>\n<\/div>\n","protected":false},"excerpt":{"rendered":"<p>\ud83d\udc31\u200d\ud83d\udc09This elektrisk dinosaurboblemaskine bl\u00e6ser en kontinuerlig str\u00f8m af farverige bobler med et tryk p\u00e5 en knap.<br \/>\n\ud83c\udf89Den kraftige motor og det l\u00e6kagesikre design g\u00f8r det nemt og problemfrit for b\u00f8rn at bruge den til fester, legeaftaler eller sjov i baghaven.<br \/>\n\ud83e\udd96Den s\u00f8de dinosaurform giver ekstra sp\u00e6nding og holder b\u00f8rn besk\u00e6ftiget i l\u00e6ngere tid.<\/p>\n","protected":false},"featured_media":21644,"comment_status":"open","ping_status":"closed","template":"","meta":{"site-sidebar-layout":"default","site-content-layout":"","ast-site-content-layout":"default","site-content-style":"default","site-sidebar-style":"default","ast-global-header-display":"","ast-banner-title-visibility":"","ast-main-header-display":"","ast-hfb-above-header-display":"","ast-hfb-below-header-display":"","ast-hfb-mobile-header-display":"","site-post-title":"","ast-breadcrumbs-content":"","ast-featured-img":"","footer-sml-layout":"","ast-disable-related-posts":"","theme-transparent-header-meta":"default","adv-header-id-meta":"","stick-header-meta":"","header-above-stick-meta":"","header-main-stick-meta":"","header-below-stick-meta":"","astra-migrate-meta-layouts":"set","ast-page-background-enabled":"default","ast-page-background-meta":{"desktop":{"background-color":"var(--ast-global-color-5)","background-image":"","background-repeat":"repeat","background-position":"center center","background-size":"auto","background-attachment":"scroll","background-type":"","background-media":"","overlay-type":"","overlay-color":"","overlay-opacity":"","overlay-gradient":""},"tablet":{"background-color":"","background-image":"","background-repeat":"repeat","background-position":"center center","background-size":"auto","background-attachment":"scroll","background-type":"","background-media":"","overlay-type":"","overlay-color":"","overlay-opacity":"","overlay-gradient":""},"mobile":{"background-color":"","background-image":"","background-repeat":"repeat","background-position":"center center","background-size":"auto","background-attachment":"scroll","background-type":"","background-media":"","overlay-type":"","overlay-color":"","overlay-opacity":"","overlay-gradient":""}},"ast-content-background-meta":{"desktop":{"background-color":"var(--ast-global-color-4)","background-image":"","background-repeat":"repeat","background-position":"center center","background-size":"auto","background-attachment":"scroll","background-type":"","background-media":"","overlay-type":"","overlay-color":"","overlay-opacity":"","overlay-gradient":""},"tablet":{"background-color":"var(--ast-global-color-4)","background-image":"","background-repeat":"repeat","background-position":"center center","background-size":"auto","background-attachment":"scroll","background-type":"","background-media":"","overlay-type":"","overlay-color":"","overlay-opacity":"","overlay-gradient":""},"mobile":{"background-color":"var(--ast-global-color-4)","background-image":"","background-repeat":"repeat","background-position":"center center","background-size":"auto","background-attachment":"scroll","background-type":"","background-media":"","overlay-type":"","overlay-color":"","overlay-opacity":"","overlay-gradient":""}}},"product_brand":[],"product_cat":[172],"product_tag":[],"class_list":{"0":"post-21648","1":"product","2":"type-product","3":"status-publish","4":"has-post-thumbnail","6":"product_cat-legetoej-boerne-og-babyprodukter","7":"pa_54160_whw78g9q-blaa","8":"pa_54160_whw78g9q-groen","9":"pa_54160_whw78g9q-roed","10":"desktop-align-left","11":"tablet-align-left","12":"mobile-align-left","14":"first","15":"instock","16":"shipping-taxable","17":"purchasable","18":"product-type-variable"},"yoast_head":"<!-- This site is optimized with the Yoast SEO plugin v27.4 - https:\/\/yoast.com\/product\/yoast-seo-wordpress\/ -->\n<title>Elektrisk dinosaurus-boblemaskine - Mekulo DK<\/title>\n<meta name=\"robots\" content=\"index, follow, max-snippet:-1, max-image-preview:large, max-video-preview:-1\" \/>\n<link rel=\"canonical\" href=\"https:\/\/mekulo.com\/dk\/produkt\/elektrisk-dinosaurus-boblemaskine\/\" \/>\n<meta property=\"og:locale\" content=\"da_DK\" \/>\n<meta property=\"og:type\" content=\"article\" \/>\n<meta property=\"og:title\" content=\"Elektrisk dinosaurus-boblemaskine - Mekulo DK\" \/>\n<meta property=\"og:description\" content=\"\ud83d\udc31\u200d\ud83d\udc09This elektrisk dinosaurboblemaskine bl\u00e6ser en kontinuerlig str\u00f8m af farverige bobler med et tryk p\u00e5 en knap. \ud83c\udf89Den kraftige motor og det l\u00e6kagesikre design g\u00f8r det nemt og problemfrit for b\u00f8rn at bruge den til fester, legeaftaler eller sjov i baghaven. \ud83e\udd96Den s\u00f8de dinosaurform giver ekstra sp\u00e6nding og holder b\u00f8rn besk\u00e6ftiget i l\u00e6ngere tid.\" \/>\n<meta property=\"og:url\" content=\"https:\/\/mekulo.com\/dk\/produkt\/elektrisk-dinosaurus-boblemaskine\/\" \/>\n<meta property=\"og:site_name\" content=\"Mekulo DK\" \/>\n<meta property=\"article:modified_time\" content=\"2026-02-04T13:06:14+00:00\" \/>\n<meta property=\"og:image\" content=\"https:\/\/mekulo.com\/dk\/wp-content\/uploads\/sites\/12\/2026\/02\/vrrfaf9-1.jpg\" \/>\n\t<meta property=\"og:image:width\" content=\"800\" \/>\n\t<meta property=\"og:image:height\" content=\"800\" \/>\n\t<meta property=\"og:image:type\" content=\"image\/jpeg\" \/>\n<meta name=\"twitter:card\" content=\"summary_large_image\" \/>\n<meta name=\"twitter:label1\" content=\"Estimeret l\u00e6setid\" \/>\n\t<meta name=\"twitter:data1\" content=\"2 minutter\" \/>\n<script type=\"application\/ld+json\" class=\"yoast-schema-graph\">{\"@context\":\"https:\\\/\\\/schema.org\",\"@graph\":[{\"@type\":\"WebPage\",\"@id\":\"https:\\\/\\\/mekulo.com\\\/dk\\\/produkt\\\/elektrisk-dinosaurus-boblemaskine\\\/\",\"url\":\"https:\\\/\\\/mekulo.com\\\/dk\\\/produkt\\\/elektrisk-dinosaurus-boblemaskine\\\/\",\"name\":\"Elektrisk dinosaurus-boblemaskine - Mekulo DK\",\"isPartOf\":{\"@id\":\"https:\\\/\\\/mekulo.com\\\/dk\\\/#website\"},\"primaryImageOfPage\":{\"@id\":\"https:\\\/\\\/mekulo.com\\\/dk\\\/produkt\\\/elektrisk-dinosaurus-boblemaskine\\\/#primaryimage\"},\"image\":{\"@id\":\"https:\\\/\\\/mekulo.com\\\/dk\\\/produkt\\\/elektrisk-dinosaurus-boblemaskine\\\/#primaryimage\"},\"thumbnailUrl\":\"https:\\\/\\\/mekulo.com\\\/dk\\\/wp-content\\\/uploads\\\/sites\\\/12\\\/2026\\\/02\\\/vrrfaf9-1.jpg\",\"datePublished\":\"2026-02-04T10:01:44+00:00\",\"dateModified\":\"2026-02-04T13:06:14+00:00\",\"breadcrumb\":{\"@id\":\"https:\\\/\\\/mekulo.com\\\/dk\\\/produkt\\\/elektrisk-dinosaurus-boblemaskine\\\/#breadcrumb\"},\"inLanguage\":\"da-DK\",\"potentialAction\":[{\"@type\":\"ReadAction\",\"target\":[\"https:\\\/\\\/mekulo.com\\\/dk\\\/produkt\\\/elektrisk-dinosaurus-boblemaskine\\\/\"]}]},{\"@type\":\"ImageObject\",\"inLanguage\":\"da-DK\",\"@id\":\"https:\\\/\\\/mekulo.com\\\/dk\\\/produkt\\\/elektrisk-dinosaurus-boblemaskine\\\/#primaryimage\",\"url\":\"https:\\\/\\\/mekulo.com\\\/dk\\\/wp-content\\\/uploads\\\/sites\\\/12\\\/2026\\\/02\\\/vrrfaf9-1.jpg\",\"contentUrl\":\"https:\\\/\\\/mekulo.com\\\/dk\\\/wp-content\\\/uploads\\\/sites\\\/12\\\/2026\\\/02\\\/vrrfaf9-1.jpg\",\"width\":800,\"height\":800},{\"@type\":\"BreadcrumbList\",\"@id\":\"https:\\\/\\\/mekulo.com\\\/dk\\\/produkt\\\/elektrisk-dinosaurus-boblemaskine\\\/#breadcrumb\",\"itemListElement\":[{\"@type\":\"ListItem\",\"position\":1,\"name\":\"Home\",\"item\":\"https:\\\/\\\/mekulo.com\\\/dk\\\/\"},{\"@type\":\"ListItem\",\"position\":2,\"name\":\"Butik\",\"item\":\"https:\\\/\\\/mekulo.com\\\/dk\\\/butik\\\/\"},{\"@type\":\"ListItem\",\"position\":3,\"name\":\"Elektrisk dinosaurus-boblemaskine\"}]},{\"@type\":\"WebSite\",\"@id\":\"https:\\\/\\\/mekulo.com\\\/dk\\\/#website\",\"url\":\"https:\\\/\\\/mekulo.com\\\/dk\\\/\",\"name\":\"Mekulo DK\",\"description\":\"\",\"publisher\":{\"@id\":\"https:\\\/\\\/mekulo.com\\\/dk\\\/#organization\"},\"potentialAction\":[{\"@type\":\"SearchAction\",\"target\":{\"@type\":\"EntryPoint\",\"urlTemplate\":\"https:\\\/\\\/mekulo.com\\\/dk\\\/?s={search_term_string}\"},\"query-input\":{\"@type\":\"PropertyValueSpecification\",\"valueRequired\":true,\"valueName\":\"search_term_string\"}}],\"inLanguage\":\"da-DK\"},{\"@type\":\"Organization\",\"@id\":\"https:\\\/\\\/mekulo.com\\\/dk\\\/#organization\",\"name\":\"Mekulo\",\"url\":\"https:\\\/\\\/mekulo.com\\\/dk\\\/\",\"logo\":{\"@type\":\"ImageObject\",\"inLanguage\":\"da-DK\",\"@id\":\"https:\\\/\\\/mekulo.com\\\/dk\\\/#\\\/schema\\\/logo\\\/image\\\/\",\"url\":\"https:\\\/\\\/mekulo.com\\\/dk\\\/wp-content\\\/uploads\\\/sites\\\/12\\\/2025\\\/12\\\/favicon_mekulo.png\",\"contentUrl\":\"https:\\\/\\\/mekulo.com\\\/dk\\\/wp-content\\\/uploads\\\/sites\\\/12\\\/2025\\\/12\\\/favicon_mekulo.png\",\"width\":50,\"height\":50,\"caption\":\"Mekulo\"},\"image\":{\"@id\":\"https:\\\/\\\/mekulo.com\\\/dk\\\/#\\\/schema\\\/logo\\\/image\\\/\"}}]}<\/script>\n<!-- \/ Yoast SEO plugin. -->","yoast_head_json":{"title":"Elektrisk dinosaurus-boblemaskine - Mekulo DK","robots":{"index":"index","follow":"follow","max-snippet":"max-snippet:-1","max-image-preview":"max-image-preview:large","max-video-preview":"max-video-preview:-1"},"canonical":"https:\/\/mekulo.com\/dk\/produkt\/elektrisk-dinosaurus-boblemaskine\/","og_locale":"da_DK","og_type":"article","og_title":"Elektrisk dinosaurus-boblemaskine - Mekulo DK","og_description":"\ud83d\udc31\u200d\ud83d\udc09This elektrisk dinosaurboblemaskine bl\u00e6ser en kontinuerlig str\u00f8m af farverige bobler med et tryk p\u00e5 en knap. \ud83c\udf89Den kraftige motor og det l\u00e6kagesikre design g\u00f8r det nemt og problemfrit for b\u00f8rn at bruge den til fester, legeaftaler eller sjov i baghaven. \ud83e\udd96Den s\u00f8de dinosaurform giver ekstra sp\u00e6nding og holder b\u00f8rn besk\u00e6ftiget i l\u00e6ngere tid.","og_url":"https:\/\/mekulo.com\/dk\/produkt\/elektrisk-dinosaurus-boblemaskine\/","og_site_name":"Mekulo DK","article_modified_time":"2026-02-04T13:06:14+00:00","og_image":[{"width":800,"height":800,"url":"https:\/\/mekulo.com\/dk\/wp-content\/uploads\/sites\/12\/2026\/02\/vrrfaf9-1.jpg","type":"image\/jpeg"}],"twitter_card":"summary_large_image","twitter_misc":{"Estimeret l\u00e6setid":"2 minutter"},"schema":{"@context":"https:\/\/schema.org","@graph":[{"@type":"WebPage","@id":"https:\/\/mekulo.com\/dk\/produkt\/elektrisk-dinosaurus-boblemaskine\/","url":"https:\/\/mekulo.com\/dk\/produkt\/elektrisk-dinosaurus-boblemaskine\/","name":"Elektrisk dinosaurus-boblemaskine - Mekulo DK","isPartOf":{"@id":"https:\/\/mekulo.com\/dk\/#website"},"primaryImageOfPage":{"@id":"https:\/\/mekulo.com\/dk\/produkt\/elektrisk-dinosaurus-boblemaskine\/#primaryimage"},"image":{"@id":"https:\/\/mekulo.com\/dk\/produkt\/elektrisk-dinosaurus-boblemaskine\/#primaryimage"},"thumbnailUrl":"https:\/\/mekulo.com\/dk\/wp-content\/uploads\/sites\/12\/2026\/02\/vrrfaf9-1.jpg","datePublished":"2026-02-04T10:01:44+00:00","dateModified":"2026-02-04T13:06:14+00:00","breadcrumb":{"@id":"https:\/\/mekulo.com\/dk\/produkt\/elektrisk-dinosaurus-boblemaskine\/#breadcrumb"},"inLanguage":"da-DK","potentialAction":[{"@type":"ReadAction","target":["https:\/\/mekulo.com\/dk\/produkt\/elektrisk-dinosaurus-boblemaskine\/"]}]},{"@type":"ImageObject","inLanguage":"da-DK","@id":"https:\/\/mekulo.com\/dk\/produkt\/elektrisk-dinosaurus-boblemaskine\/#primaryimage","url":"https:\/\/mekulo.com\/dk\/wp-content\/uploads\/sites\/12\/2026\/02\/vrrfaf9-1.jpg","contentUrl":"https:\/\/mekulo.com\/dk\/wp-content\/uploads\/sites\/12\/2026\/02\/vrrfaf9-1.jpg","width":800,"height":800},{"@type":"BreadcrumbList","@id":"https:\/\/mekulo.com\/dk\/produkt\/elektrisk-dinosaurus-boblemaskine\/#breadcrumb","itemListElement":[{"@type":"ListItem","position":1,"name":"Home","item":"https:\/\/mekulo.com\/dk\/"},{"@type":"ListItem","position":2,"name":"Butik","item":"https:\/\/mekulo.com\/dk\/butik\/"},{"@type":"ListItem","position":3,"name":"Elektrisk dinosaurus-boblemaskine"}]},{"@type":"WebSite","@id":"https:\/\/mekulo.com\/dk\/#website","url":"https:\/\/mekulo.com\/dk\/","name":"Mekulo DK","description":"","publisher":{"@id":"https:\/\/mekulo.com\/dk\/#organization"},"potentialAction":[{"@type":"SearchAction","target":{"@type":"EntryPoint","urlTemplate":"https:\/\/mekulo.com\/dk\/?s={search_term_string}"},"query-input":{"@type":"PropertyValueSpecification","valueRequired":true,"valueName":"search_term_string"}}],"inLanguage":"da-DK"},{"@type":"Organization","@id":"https:\/\/mekulo.com\/dk\/#organization","name":"Mekulo","url":"https:\/\/mekulo.com\/dk\/","logo":{"@type":"ImageObject","inLanguage":"da-DK","@id":"https:\/\/mekulo.com\/dk\/#\/schema\/logo\/image\/","url":"https:\/\/mekulo.com\/dk\/wp-content\/uploads\/sites\/12\/2025\/12\/favicon_mekulo.png","contentUrl":"https:\/\/mekulo.com\/dk\/wp-content\/uploads\/sites\/12\/2025\/12\/favicon_mekulo.png","width":50,"height":50,"caption":"Mekulo"},"image":{"@id":"https:\/\/mekulo.com\/dk\/#\/schema\/logo\/image\/"}}]}},"_links":{"self":[{"href":"https:\/\/mekulo.com\/dk\/wp-json\/wp\/v2\/product\/21648","targetHints":{"allow":["GET"]}}],"collection":[{"href":"https:\/\/mekulo.com\/dk\/wp-json\/wp\/v2\/product"}],"about":[{"href":"https:\/\/mekulo.com\/dk\/wp-json\/wp\/v2\/types\/product"}],"replies":[{"embeddable":true,"href":"https:\/\/mekulo.com\/dk\/wp-json\/wp\/v2\/comments?post=21648"}],"wp:featuredmedia":[{"embeddable":true,"href":"https:\/\/mekulo.com\/dk\/wp-json\/wp\/v2\/media\/21644"}],"wp:attachment":[{"href":"https:\/\/mekulo.com\/dk\/wp-json\/wp\/v2\/media?parent=21648"}],"wp:term":[{"taxonomy":"product_brand","embeddable":true,"href":"https:\/\/mekulo.com\/dk\/wp-json\/wp\/v2\/product_brand?post=21648"},{"taxonomy":"product_cat","embeddable":true,"href":"https:\/\/mekulo.com\/dk\/wp-json\/wp\/v2\/product_cat?post=21648"},{"taxonomy":"product_tag","embeddable":true,"href":"https:\/\/mekulo.com\/dk\/wp-json\/wp\/v2\/product_tag?post=21648"}],"curies":[{"name":"wp","href":"https:\/\/api.w.org\/{rel}","templated":true}]}}