{"id":21581,"date":"2026-02-04T11:55:14","date_gmt":"2026-02-04T09:55:14","guid":{"rendered":"https:\/\/mekulo.com\/dk\/produkt\/vandhane-vinkelventil-udtraek\/"},"modified":"2026-02-04T15:03:22","modified_gmt":"2026-02-04T13:03:22","slug":"vandhane-vinkelventil-udtraek","status":"publish","type":"product","link":"https:\/\/mekulo.com\/dk\/produkt\/vandhane-vinkelventil-udtraek\/","title":{"rendered":"Vandhane vinkelventil udtr\u00e6k"},"content":{"rendered":"<div class=\"flex flex-col text-sm pb-25\">\n<article class=\"text-token-text-primary w-full focus:outline-none [--shadow-height:45px] has-data-writing-block:pointer-events-none has-data-writing-block:-mt-(--shadow-height) has-data-writing-block:pt-(--shadow-height) [&amp;:has([data-writing-block])&gt;*]:pointer-events-auto scroll-mt-[calc(var(--header-height)+min(200px,max(70px,20svh)))]\" dir=\"auto\" data-turn-id=\"request-69788f7d-d97c-832a-a512-ce7bdd364928-8\" data-testid=\"conversation-turn-66\" data-scroll-anchor=\"true\" data-turn=\"assistant\">\n<div class=\"text-base my-auto mx-auto pb-10 [--thread-content-margin:--spacing(4)] @w-sm\/main:[--thread-content-margin:--spacing(6)] @w-lg\/main:[--thread-content-margin:--spacing(16)] px-(--thread-content-margin)\">\n<div class=\"[--thread-content-max-width:40rem] @w-lg\/main:[--thread-content-max-width:48rem] mx-auto max-w-(--thread-content-max-width) flex-1 group\/turn-messages focus-visible:outline-hidden relative flex w-full min-w-0 flex-col agent-turn\">\n<div class=\"flex max-w-full flex-col grow\">\n<div class=\"min-h-8 text-message relative flex w-full flex-col items-end gap-2 text-start break-words whitespace-normal [.text-message+&amp;]:mt-1\" dir=\"auto\" data-message-author-role=\"assistant\" data-message-id=\"bd506e6b-b441-48ad-80c4-efe02a06900f\" data-message-model-slug=\"gpt-5-2\">\n<div class=\"flex w-full flex-col gap-1 empty:hidden first:pt-[1px]\">\n<div class=\"markdown prose dark:prose-invert w-full wrap-break-word light markdown-new-styling\">\n<p style=\"text-align: center\" data-start=\"0\" data-end=\"77\"><strong data-start=\"0\" data-end=\"77\">Fjern \u00d8delagte Vandhanevinkelventilskruer Hurtigt Uden Skader Eller Stress. \ud83d\udca6<\/strong><\/p>\n<p data-start=\"0\" data-end=\"77\"><img fetchpriority=\"high\" decoding=\"async\" class=\"size-full wp-image-22730 aligncenter\" src=\"https:\/\/mekulo.com\/template\/wp-content\/uploads\/sites\/6\/2026\/01\/09a0d543d6267765c2d2a63d18c15de70b173f9e-700.png\" alt=\"\" width=\"700\" height=\"700\" \/><\/p>\n<h2 style=\"text-align: center\" data-start=\"365\" data-end=\"382\"><strong>Main Fordele \ud83d\udd27<\/strong><\/h2>\n<p data-start=\"385\" data-end=\"450\">\ud83d\udd27 4-punkts &amp; 6-punkts design &#8211; H\u00e5ndterer forskellige skruetyper.<\/p>\n<p data-start=\"453\" data-end=\"517\">\ud83d\udd04 St\u00e6rk gribekraft &#8211; Fjerner kn\u00e6kkede og fastsiddende skruer.<\/p>\n<p data-start=\"520\" data-end=\"576\">\u270b Let at bruge &#8211; Enkel betjening med fast kontrol.<\/p>\n<p data-start=\"579\" data-end=\"634\">\ud83d\udcaa Holdbar konstruktion &#8211; Bygget til langvarig brug.<\/p>\n<p data-start=\"637\" data-end=\"709\">\ud83c\udfe0 Multifunktionel anvendelse &#8211; Perfekt til VVS, hjem og bilreparationer.<\/p>\n<p data-start=\"712\" data-end=\"773\">\u23f1\ufe0f Tidsbesparende l\u00f8sning &#8211; Ingen boring eller beskadigelse af dele.<\/p>\n<p data-start=\"712\" data-end=\"773\"><img decoding=\"async\" class=\"size-full wp-image-22736 aligncenter\" src=\"https:\/\/mekulo.com\/template\/wp-content\/uploads\/sites\/6\/2026\/01\/Sb7fc3ce77a8d4c86bfeacb2af9f63c1aZ.jpg_960x960q75.jpg_.avif\" alt=\"\" width=\"800\" height=\"800\" \/><\/p>\n<h2 style=\"text-align: center\" data-start=\"775\" data-end=\"789\"><strong>S\u00e5dan Bruges \ud83d\udccc<\/strong><\/h2>\n<ol data-start=\"790\" data-end=\"1003\">\n<li data-start=\"790\" data-end=\"837\">\n<p data-start=\"793\" data-end=\"837\">Placer udtr\u00e6kkeren over den kn\u00e6kkede skrue.<\/p>\n<\/li>\n<li data-start=\"838\" data-end=\"889\">\n<p data-start=\"841\" data-end=\"889\">Inds\u00e6t og stram unbrakon\u00f8glen for at sikre den.<\/p>\n<\/li>\n<li data-start=\"890\" data-end=\"932\">\n<p data-start=\"893\" data-end=\"932\">Drej udtr\u00e6kkeren mod uret.<\/p>\n<\/li>\n<li data-start=\"933\" data-end=\"964\">\n<p data-start=\"936\" data-end=\"964\">Fjern skruen j\u00e6vnt.<\/p>\n<\/li>\n<li data-start=\"965\" data-end=\"1003\">\n<p data-start=\"968\" data-end=\"1003\">Reng\u00f8r og opbevar v\u00e6rkt\u00f8jet efter brug.<\/p>\n<\/li>\n<\/ol>\n<h2 style=\"text-align: center\" data-start=\"1005\" data-end=\"1024\"><strong>Produktoplysninger \ud83d\udccf<\/strong><\/h2>\n<ul data-start=\"1025\" data-end=\"1231\">\n<li data-start=\"1025\" data-end=\"1062\">\n<p data-start=\"1027\" data-end=\"1062\">V\u00e6rkt\u00f8jstype: Udtr\u00e6kker til kn\u00e6kkede skruer<\/p>\n<\/li>\n<li data-start=\"1063\" data-end=\"1099\">\n<p data-start=\"1065\" data-end=\"1099\">Design: 4-punkts- og 6-punktsgreb<\/p>\n<\/li>\n<li data-start=\"1100\" data-end=\"1130\">\n<p data-start=\"1102\" data-end=\"1130\">Betjening: Manuel rotation<\/p>\n<\/li>\n<li data-start=\"1131\" data-end=\"1171\">\n<p data-start=\"1133\" data-end=\"1171\">Materiale: Holdbart metal af h\u00f8j kvalitet<\/p>\n<\/li>\n<li data-start=\"1172\" data-end=\"1231\">\n<p data-start=\"1174\" data-end=\"1231\">Anvendelse: Vinkelventiler til vandhaner, VVS, g\u00f8r-det-selv-reparationer<\/p>\n<\/li>\n<li data-start=\"1172\" data-end=\"1231\">St\u00f8rrelse: 60 x 13 mm, 55 x 24 mm<\/li>\n<\/ul>\n<h2 style=\"text-align: center\" data-start=\"1233\" data-end=\"1253\"><strong>Pakken Indeholder \ud83d\udce6<\/strong><\/h2>\n<ul>\n<li>2, 4, 6x metalmonteringsplader\/adaptere (med flere huller)<\/li>\n<li>2, 4, 6x skruer\/bolte<\/li>\n<li data-start=\"107\" data-end=\"128\">\n<p data-start=\"109\" data-end=\"128\">1, 2, 3x L-formet sekskantn\u00f8gle (unbrakon\u00f8gle).<\/p>\n<\/li>\n<\/ul>\n<\/div>\n<\/div>\n<\/div>\n<\/div>\n<\/div>\n<\/div>\n<\/article>\n<\/div>\n","protected":false},"excerpt":{"rendered":"<p>\ud83e\ude9bDenne vinkelventiludtr\u00e6kker til vandhaner hj\u00e6lper dig med at fjerne \u00f8delagte, rustne eller sk\u00e6ve skruer med lethed.<br \/>\n\ud83d\udd29Det smarte flerpunktsdesign griber godt fat og drejer genstridige skruer ud uden problemer.<br \/>\n\ud83d\udc68\u200d\ud83d\udd27An vigtigt reparationsv\u00e6rkt\u00f8j, der sparer tid, kr\u00e6fter og dyre udskiftninger under VVS- eller g\u00f8r-det-selv-arbejde.<\/p>\n","protected":false},"featured_media":21577,"comment_status":"open","ping_status":"closed","template":"","meta":{"site-sidebar-layout":"default","site-content-layout":"","ast-site-content-layout":"default","site-content-style":"default","site-sidebar-style":"default","ast-global-header-display":"","ast-banner-title-visibility":"","ast-main-header-display":"","ast-hfb-above-header-display":"","ast-hfb-below-header-display":"","ast-hfb-mobile-header-display":"","site-post-title":"","ast-breadcrumbs-content":"","ast-featured-img":"","footer-sml-layout":"","ast-disable-related-posts":"","theme-transparent-header-meta":"default","adv-header-id-meta":"","stick-header-meta":"","header-above-stick-meta":"","header-main-stick-meta":"","header-below-stick-meta":"","astra-migrate-meta-layouts":"set","ast-page-background-enabled":"default","ast-page-background-meta":{"desktop":{"background-color":"var(--ast-global-color-5)","background-image":"","background-repeat":"repeat","background-position":"center center","background-size":"auto","background-attachment":"scroll","background-type":"","background-media":"","overlay-type":"","overlay-color":"","overlay-opacity":"","overlay-gradient":""},"tablet":{"background-color":"","background-image":"","background-repeat":"repeat","background-position":"center center","background-size":"auto","background-attachment":"scroll","background-type":"","background-media":"","overlay-type":"","overlay-color":"","overlay-opacity":"","overlay-gradient":""},"mobile":{"background-color":"","background-image":"","background-repeat":"repeat","background-position":"center center","background-size":"auto","background-attachment":"scroll","background-type":"","background-media":"","overlay-type":"","overlay-color":"","overlay-opacity":"","overlay-gradient":""}},"ast-content-background-meta":{"desktop":{"background-color":"var(--ast-global-color-4)","background-image":"","background-repeat":"repeat","background-position":"center center","background-size":"auto","background-attachment":"scroll","background-type":"","background-media":"","overlay-type":"","overlay-color":"","overlay-opacity":"","overlay-gradient":""},"tablet":{"background-color":"var(--ast-global-color-4)","background-image":"","background-repeat":"repeat","background-position":"center center","background-size":"auto","background-attachment":"scroll","background-type":"","background-media":"","overlay-type":"","overlay-color":"","overlay-opacity":"","overlay-gradient":""},"mobile":{"background-color":"var(--ast-global-color-4)","background-image":"","background-repeat":"repeat","background-position":"center center","background-size":"auto","background-attachment":"scroll","background-type":"","background-media":"","overlay-type":"","overlay-color":"","overlay-opacity":"","overlay-gradient":""}}},"product_brand":[],"product_cat":[171],"product_tag":[],"class_list":{"0":"post-21581","1":"product","2":"type-product","3":"status-publish","4":"has-post-thumbnail","6":"product_cat-vaerktoejer","7":"pa_54106_z7m1jadm-1-stk","8":"pa_54106_z7m1jadm-2-stk","9":"pa_54106_z7m1jadm-3-stk","10":"desktop-align-left","11":"tablet-align-left","12":"mobile-align-left","14":"first","15":"instock","16":"shipping-taxable","17":"purchasable","18":"product-type-variable"},"yoast_head":"<!-- This site is optimized with the Yoast SEO plugin v27.4 - https:\/\/yoast.com\/product\/yoast-seo-wordpress\/ -->\n<title>Vandhane vinkelventil udtr\u00e6k - Mekulo DK<\/title>\n<meta name=\"robots\" content=\"index, follow, max-snippet:-1, max-image-preview:large, max-video-preview:-1\" \/>\n<link rel=\"canonical\" href=\"https:\/\/mekulo.com\/dk\/produkt\/vandhane-vinkelventil-udtraek\/\" \/>\n<meta property=\"og:locale\" content=\"da_DK\" \/>\n<meta property=\"og:type\" content=\"article\" \/>\n<meta property=\"og:title\" content=\"Vandhane vinkelventil udtr\u00e6k - Mekulo DK\" \/>\n<meta property=\"og:description\" content=\"\ud83e\ude9bDenne vinkelventiludtr\u00e6kker til vandhaner hj\u00e6lper dig med at fjerne \u00f8delagte, rustne eller sk\u00e6ve skruer med lethed. \ud83d\udd29Det smarte flerpunktsdesign griber godt fat og drejer genstridige skruer ud uden problemer. \ud83d\udc68\u200d\ud83d\udd27An vigtigt reparationsv\u00e6rkt\u00f8j, der sparer tid, kr\u00e6fter og dyre udskiftninger under VVS- eller g\u00f8r-det-selv-arbejde.\" \/>\n<meta property=\"og:url\" content=\"https:\/\/mekulo.com\/dk\/produkt\/vandhane-vinkelventil-udtraek\/\" \/>\n<meta property=\"og:site_name\" content=\"Mekulo DK\" \/>\n<meta property=\"article:modified_time\" content=\"2026-02-04T13:03:22+00:00\" \/>\n<meta property=\"og:image\" content=\"https:\/\/mekulo.com\/dk\/wp-content\/uploads\/sites\/12\/2026\/02\/urpu55m-1.jpg\" \/>\n\t<meta property=\"og:image:width\" content=\"800\" \/>\n\t<meta property=\"og:image:height\" content=\"800\" \/>\n\t<meta property=\"og:image:type\" content=\"image\/jpeg\" \/>\n<meta name=\"twitter:card\" content=\"summary_large_image\" \/>\n<meta name=\"twitter:label1\" content=\"Estimeret l\u00e6setid\" \/>\n\t<meta name=\"twitter:data1\" content=\"2 minutter\" \/>\n<script type=\"application\/ld+json\" class=\"yoast-schema-graph\">{\"@context\":\"https:\\\/\\\/schema.org\",\"@graph\":[{\"@type\":\"WebPage\",\"@id\":\"https:\\\/\\\/mekulo.com\\\/dk\\\/produkt\\\/vandhane-vinkelventil-udtraek\\\/\",\"url\":\"https:\\\/\\\/mekulo.com\\\/dk\\\/produkt\\\/vandhane-vinkelventil-udtraek\\\/\",\"name\":\"Vandhane vinkelventil udtr\u00e6k - Mekulo DK\",\"isPartOf\":{\"@id\":\"https:\\\/\\\/mekulo.com\\\/dk\\\/#website\"},\"primaryImageOfPage\":{\"@id\":\"https:\\\/\\\/mekulo.com\\\/dk\\\/produkt\\\/vandhane-vinkelventil-udtraek\\\/#primaryimage\"},\"image\":{\"@id\":\"https:\\\/\\\/mekulo.com\\\/dk\\\/produkt\\\/vandhane-vinkelventil-udtraek\\\/#primaryimage\"},\"thumbnailUrl\":\"https:\\\/\\\/mekulo.com\\\/dk\\\/wp-content\\\/uploads\\\/sites\\\/12\\\/2026\\\/02\\\/urpu55m-1.jpg\",\"datePublished\":\"2026-02-04T09:55:14+00:00\",\"dateModified\":\"2026-02-04T13:03:22+00:00\",\"breadcrumb\":{\"@id\":\"https:\\\/\\\/mekulo.com\\\/dk\\\/produkt\\\/vandhane-vinkelventil-udtraek\\\/#breadcrumb\"},\"inLanguage\":\"da-DK\",\"potentialAction\":[{\"@type\":\"ReadAction\",\"target\":[\"https:\\\/\\\/mekulo.com\\\/dk\\\/produkt\\\/vandhane-vinkelventil-udtraek\\\/\"]}]},{\"@type\":\"ImageObject\",\"inLanguage\":\"da-DK\",\"@id\":\"https:\\\/\\\/mekulo.com\\\/dk\\\/produkt\\\/vandhane-vinkelventil-udtraek\\\/#primaryimage\",\"url\":\"https:\\\/\\\/mekulo.com\\\/dk\\\/wp-content\\\/uploads\\\/sites\\\/12\\\/2026\\\/02\\\/urpu55m-1.jpg\",\"contentUrl\":\"https:\\\/\\\/mekulo.com\\\/dk\\\/wp-content\\\/uploads\\\/sites\\\/12\\\/2026\\\/02\\\/urpu55m-1.jpg\",\"width\":800,\"height\":800},{\"@type\":\"BreadcrumbList\",\"@id\":\"https:\\\/\\\/mekulo.com\\\/dk\\\/produkt\\\/vandhane-vinkelventil-udtraek\\\/#breadcrumb\",\"itemListElement\":[{\"@type\":\"ListItem\",\"position\":1,\"name\":\"Home\",\"item\":\"https:\\\/\\\/mekulo.com\\\/dk\\\/\"},{\"@type\":\"ListItem\",\"position\":2,\"name\":\"Butik\",\"item\":\"https:\\\/\\\/mekulo.com\\\/dk\\\/butik\\\/\"},{\"@type\":\"ListItem\",\"position\":3,\"name\":\"Vandhane vinkelventil udtr\u00e6k\"}]},{\"@type\":\"WebSite\",\"@id\":\"https:\\\/\\\/mekulo.com\\\/dk\\\/#website\",\"url\":\"https:\\\/\\\/mekulo.com\\\/dk\\\/\",\"name\":\"Mekulo DK\",\"description\":\"\",\"publisher\":{\"@id\":\"https:\\\/\\\/mekulo.com\\\/dk\\\/#organization\"},\"potentialAction\":[{\"@type\":\"SearchAction\",\"target\":{\"@type\":\"EntryPoint\",\"urlTemplate\":\"https:\\\/\\\/mekulo.com\\\/dk\\\/?s={search_term_string}\"},\"query-input\":{\"@type\":\"PropertyValueSpecification\",\"valueRequired\":true,\"valueName\":\"search_term_string\"}}],\"inLanguage\":\"da-DK\"},{\"@type\":\"Organization\",\"@id\":\"https:\\\/\\\/mekulo.com\\\/dk\\\/#organization\",\"name\":\"Mekulo\",\"url\":\"https:\\\/\\\/mekulo.com\\\/dk\\\/\",\"logo\":{\"@type\":\"ImageObject\",\"inLanguage\":\"da-DK\",\"@id\":\"https:\\\/\\\/mekulo.com\\\/dk\\\/#\\\/schema\\\/logo\\\/image\\\/\",\"url\":\"https:\\\/\\\/mekulo.com\\\/dk\\\/wp-content\\\/uploads\\\/sites\\\/12\\\/2025\\\/12\\\/favicon_mekulo.png\",\"contentUrl\":\"https:\\\/\\\/mekulo.com\\\/dk\\\/wp-content\\\/uploads\\\/sites\\\/12\\\/2025\\\/12\\\/favicon_mekulo.png\",\"width\":50,\"height\":50,\"caption\":\"Mekulo\"},\"image\":{\"@id\":\"https:\\\/\\\/mekulo.com\\\/dk\\\/#\\\/schema\\\/logo\\\/image\\\/\"}}]}<\/script>\n<!-- \/ Yoast SEO plugin. -->","yoast_head_json":{"title":"Vandhane vinkelventil udtr\u00e6k - Mekulo DK","robots":{"index":"index","follow":"follow","max-snippet":"max-snippet:-1","max-image-preview":"max-image-preview:large","max-video-preview":"max-video-preview:-1"},"canonical":"https:\/\/mekulo.com\/dk\/produkt\/vandhane-vinkelventil-udtraek\/","og_locale":"da_DK","og_type":"article","og_title":"Vandhane vinkelventil udtr\u00e6k - Mekulo DK","og_description":"\ud83e\ude9bDenne vinkelventiludtr\u00e6kker til vandhaner hj\u00e6lper dig med at fjerne \u00f8delagte, rustne eller sk\u00e6ve skruer med lethed. \ud83d\udd29Det smarte flerpunktsdesign griber godt fat og drejer genstridige skruer ud uden problemer. \ud83d\udc68\u200d\ud83d\udd27An vigtigt reparationsv\u00e6rkt\u00f8j, der sparer tid, kr\u00e6fter og dyre udskiftninger under VVS- eller g\u00f8r-det-selv-arbejde.","og_url":"https:\/\/mekulo.com\/dk\/produkt\/vandhane-vinkelventil-udtraek\/","og_site_name":"Mekulo DK","article_modified_time":"2026-02-04T13:03:22+00:00","og_image":[{"width":800,"height":800,"url":"https:\/\/mekulo.com\/dk\/wp-content\/uploads\/sites\/12\/2026\/02\/urpu55m-1.jpg","type":"image\/jpeg"}],"twitter_card":"summary_large_image","twitter_misc":{"Estimeret l\u00e6setid":"2 minutter"},"schema":{"@context":"https:\/\/schema.org","@graph":[{"@type":"WebPage","@id":"https:\/\/mekulo.com\/dk\/produkt\/vandhane-vinkelventil-udtraek\/","url":"https:\/\/mekulo.com\/dk\/produkt\/vandhane-vinkelventil-udtraek\/","name":"Vandhane vinkelventil udtr\u00e6k - Mekulo DK","isPartOf":{"@id":"https:\/\/mekulo.com\/dk\/#website"},"primaryImageOfPage":{"@id":"https:\/\/mekulo.com\/dk\/produkt\/vandhane-vinkelventil-udtraek\/#primaryimage"},"image":{"@id":"https:\/\/mekulo.com\/dk\/produkt\/vandhane-vinkelventil-udtraek\/#primaryimage"},"thumbnailUrl":"https:\/\/mekulo.com\/dk\/wp-content\/uploads\/sites\/12\/2026\/02\/urpu55m-1.jpg","datePublished":"2026-02-04T09:55:14+00:00","dateModified":"2026-02-04T13:03:22+00:00","breadcrumb":{"@id":"https:\/\/mekulo.com\/dk\/produkt\/vandhane-vinkelventil-udtraek\/#breadcrumb"},"inLanguage":"da-DK","potentialAction":[{"@type":"ReadAction","target":["https:\/\/mekulo.com\/dk\/produkt\/vandhane-vinkelventil-udtraek\/"]}]},{"@type":"ImageObject","inLanguage":"da-DK","@id":"https:\/\/mekulo.com\/dk\/produkt\/vandhane-vinkelventil-udtraek\/#primaryimage","url":"https:\/\/mekulo.com\/dk\/wp-content\/uploads\/sites\/12\/2026\/02\/urpu55m-1.jpg","contentUrl":"https:\/\/mekulo.com\/dk\/wp-content\/uploads\/sites\/12\/2026\/02\/urpu55m-1.jpg","width":800,"height":800},{"@type":"BreadcrumbList","@id":"https:\/\/mekulo.com\/dk\/produkt\/vandhane-vinkelventil-udtraek\/#breadcrumb","itemListElement":[{"@type":"ListItem","position":1,"name":"Home","item":"https:\/\/mekulo.com\/dk\/"},{"@type":"ListItem","position":2,"name":"Butik","item":"https:\/\/mekulo.com\/dk\/butik\/"},{"@type":"ListItem","position":3,"name":"Vandhane vinkelventil udtr\u00e6k"}]},{"@type":"WebSite","@id":"https:\/\/mekulo.com\/dk\/#website","url":"https:\/\/mekulo.com\/dk\/","name":"Mekulo DK","description":"","publisher":{"@id":"https:\/\/mekulo.com\/dk\/#organization"},"potentialAction":[{"@type":"SearchAction","target":{"@type":"EntryPoint","urlTemplate":"https:\/\/mekulo.com\/dk\/?s={search_term_string}"},"query-input":{"@type":"PropertyValueSpecification","valueRequired":true,"valueName":"search_term_string"}}],"inLanguage":"da-DK"},{"@type":"Organization","@id":"https:\/\/mekulo.com\/dk\/#organization","name":"Mekulo","url":"https:\/\/mekulo.com\/dk\/","logo":{"@type":"ImageObject","inLanguage":"da-DK","@id":"https:\/\/mekulo.com\/dk\/#\/schema\/logo\/image\/","url":"https:\/\/mekulo.com\/dk\/wp-content\/uploads\/sites\/12\/2025\/12\/favicon_mekulo.png","contentUrl":"https:\/\/mekulo.com\/dk\/wp-content\/uploads\/sites\/12\/2025\/12\/favicon_mekulo.png","width":50,"height":50,"caption":"Mekulo"},"image":{"@id":"https:\/\/mekulo.com\/dk\/#\/schema\/logo\/image\/"}}]}},"_links":{"self":[{"href":"https:\/\/mekulo.com\/dk\/wp-json\/wp\/v2\/product\/21581","targetHints":{"allow":["GET"]}}],"collection":[{"href":"https:\/\/mekulo.com\/dk\/wp-json\/wp\/v2\/product"}],"about":[{"href":"https:\/\/mekulo.com\/dk\/wp-json\/wp\/v2\/types\/product"}],"replies":[{"embeddable":true,"href":"https:\/\/mekulo.com\/dk\/wp-json\/wp\/v2\/comments?post=21581"}],"wp:featuredmedia":[{"embeddable":true,"href":"https:\/\/mekulo.com\/dk\/wp-json\/wp\/v2\/media\/21577"}],"wp:attachment":[{"href":"https:\/\/mekulo.com\/dk\/wp-json\/wp\/v2\/media?parent=21581"}],"wp:term":[{"taxonomy":"product_brand","embeddable":true,"href":"https:\/\/mekulo.com\/dk\/wp-json\/wp\/v2\/product_brand?post=21581"},{"taxonomy":"product_cat","embeddable":true,"href":"https:\/\/mekulo.com\/dk\/wp-json\/wp\/v2\/product_cat?post=21581"},{"taxonomy":"product_tag","embeddable":true,"href":"https:\/\/mekulo.com\/dk\/wp-json\/wp\/v2\/product_tag?post=21581"}],"curies":[{"name":"wp","href":"https:\/\/api.w.org\/{rel}","templated":true}]}}