{"id":21563,"date":"2026-02-04T11:53:28","date_gmt":"2026-02-04T09:53:28","guid":{"rendered":"https:\/\/mekulo.com\/dk\/produkt\/dansende-blaeksprutte-legetoej\/"},"modified":"2026-02-10T11:14:41","modified_gmt":"2026-02-10T09:14:41","slug":"dansende-blaeksprutte-legetoej","status":"publish","type":"product","link":"https:\/\/mekulo.com\/dk\/produkt\/dansende-blaeksprutte-legetoej\/","title":{"rendered":"Dansende bl\u00e6ksprutte-leget\u00f8j"},"content":{"rendered":"<p style=\"text-align: center\" data-start=\"0\" data-end=\"62\"><strong data-start=\"0\" data-end=\"62\">Bring nonstop bev\u00e6gelse, musik og latter ind i legetiden. \ud83d\udc19<\/strong><\/p>\n<p data-start=\"0\" data-end=\"62\"><img decoding=\"async\" class=\"size-full wp-image-22704 aligncenter\" src=\"https:\/\/mekulo.com\/template\/wp-content\/uploads\/sites\/6\/2026\/01\/d70965cee68d3b0e4f3e753d7e13ae93340cbdd2-700.avif\" alt=\"\" \/><\/p>\n<h2 style=\"text-align: center\" data-start=\"394\" data-end=\"411\"><strong>Hovedfordele \ud83d\udc67<\/strong><\/h2>\n<p data-start=\"414\" data-end=\"488\">\ud83d\udc19 Interaktiv dansehandling &#8211; Vrikker, drejer og bev\u00e6ger sig p\u00e5 egen h\u00e5nd.<\/p>\n<p data-start=\"491\" data-end=\"552\">\ud83d\udca1 Farverige LED-lys &#8211; \u00d8ger visuel og sensorisk leg.<\/p>\n<p data-start=\"555\" data-end=\"622\">\ud83e\udde0 Smart forhindringsundg\u00e5else &#8211; \u00c6ndrer automatisk retning.<\/p>\n<p data-start=\"625\" data-end=\"688\">\ud83c\udfc3 Opmuntrer til aktiv leg &#8211; Fremmer kravling og gang.<\/p>\n<p data-start=\"691\" data-end=\"751\">\ud83e\uddf8 Sikker og holdbar &#8211; BPA-fri plast med glatte kanter.<\/p>\n<p data-start=\"754\" data-end=\"810\">\ud83c\udf81 Perfekt gave &#8211; Perfekt til f\u00f8dselsdage og ferier.<\/p>\n<p data-start=\"754\" data-end=\"810\"><img fetchpriority=\"high\" decoding=\"async\" class=\"size-full wp-image-22703 aligncenter\" src=\"https:\/\/mekulo.com\/template\/wp-content\/uploads\/sites\/6\/2026\/01\/4e93a3e7-cbe5-4970-b289-bfbf04ffac5a.jpg\" alt=\"\" width=\"1080\" height=\"1080\" \/><\/p>\n<h2 style=\"text-align: center\" data-start=\"812\" data-end=\"826\"><strong>Brugsanvisning \ud83d\udccc<\/strong><\/h2>\n<ol data-start=\"827\" data-end=\"1047\">\n<li data-start=\"827\" data-end=\"878\">\n<p data-start=\"830\" data-end=\"878\">Lad leget\u00f8jet helt op med det medf\u00f8lgende kabel.<\/p>\n<\/li>\n<li data-start=\"879\" data-end=\"909\">\n<p data-start=\"882\" data-end=\"909\">T\u00e6nd for kontakten.<\/p>\n<\/li>\n<li data-start=\"910\" data-end=\"946\">\n<p data-start=\"913\" data-end=\"946\">Placer bl\u00e6ksprutten p\u00e5 gulvet.<\/p>\n<\/li>\n<li data-start=\"947\" data-end=\"994\">\n<p data-start=\"950\" data-end=\"994\">Se den danse, bev\u00e6ge sig og undg\u00e5 forhindringer.<\/p>\n<\/li>\n<li data-start=\"995\" data-end=\"1047\">\n<p data-start=\"998\" data-end=\"1047\">Sluk efter legetid og genoplad efter behov.<\/p>\n<\/li>\n<\/ol>\n<h2 style=\"text-align: center\" data-start=\"1049\" data-end=\"1068\"><strong>Produktoplysninger \ud83d\udccf<\/strong><\/h2>\n<ul data-start=\"1069\" data-end=\"1263\">\n<li data-start=\"1069\" data-end=\"1103\">\n<p data-start=\"1071\" data-end=\"1103\">Materiale: BPA-fri ABS-plast<\/p>\n<\/li>\n<li data-start=\"1104\" data-end=\"1133\">\n<p data-start=\"1106\" data-end=\"1133\">Anbefalet alder: 3+ \u00e5r<\/p>\n<\/li>\n<li data-start=\"1134\" data-end=\"1162\">\n<p data-start=\"1136\" data-end=\"1162\">Opladningstid: 2\u20133 timer<\/p>\n<\/li>\n<li data-start=\"1163\" data-end=\"1188\">\n<p data-start=\"1165\" data-end=\"1188\">Brugstid: 2\u20133 timer<\/p>\n<\/li>\n<li data-start=\"1189\" data-end=\"1240\">\n<p data-start=\"1191\" data-end=\"1240\">Funktioner: LED-lys, musik, undg\u00e5else af forhindringer<\/p>\n<\/li>\n<li data-start=\"1189\" data-end=\"1240\">St\u00f8rrelse: 20,5 x 18,5 x 12,5 cm<\/li>\n<\/ul>\n<h2 style=\"text-align: center\" data-start=\"1265\" data-end=\"1285\"><strong>Pakken Indeholder \ud83d\udce6<\/strong><\/h2>\n<ul data-start=\"1286\" data-end=\"1354\" data-is-last-node=\"\" data-is-only-node=\"\">\n<li data-start=\"1286\" data-end=\"1313\">\n<p data-start=\"1288\" data-end=\"1313\">1x dansende bl\u00e6ksprutte leget\u00f8j<\/p>\n<\/li>\n<li data-start=\"1314\" data-end=\"1333\">\n<p data-start=\"1316\" data-end=\"1333\">1x fiskestang<\/p>\n<\/li>\n<li data-start=\"1334\" data-end=\"1354\" data-is-last-node=\"\">\n<p data-start=\"1336\" data-end=\"1354\" data-is-last-node=\"\">1x opladningskabel.<\/p>\n<\/li>\n<\/ul>\n","protected":false},"excerpt":{"rendered":"<p>\ud83d\udc19Denne dansende bl\u00e6ksprutte vrider sig, drejer rundt og lyser op for at underholde b\u00f8rn, mens den holder dem aktive og engagerede.<br \/>\n\ud83d\udea5Med smart forhindring af forhindringer og farverige LED-effekter bev\u00e6ger den sig af sig selv og holder det sjove i gang uden at stoppe.<br \/>\n\ud83d\udc76Et legende og l\u00e6rerigt stykke leget\u00f8j, der forvandler ethvert rum til et sp\u00e6ndende dansegulv for de sm\u00e5.<\/p>\n","protected":false},"featured_media":21559,"comment_status":"open","ping_status":"closed","template":"","meta":{"site-sidebar-layout":"default","site-content-layout":"","ast-site-content-layout":"default","site-content-style":"default","site-sidebar-style":"default","ast-global-header-display":"","ast-banner-title-visibility":"","ast-main-header-display":"","ast-hfb-above-header-display":"","ast-hfb-below-header-display":"","ast-hfb-mobile-header-display":"","site-post-title":"","ast-breadcrumbs-content":"","ast-featured-img":"","footer-sml-layout":"","ast-disable-related-posts":"","theme-transparent-header-meta":"default","adv-header-id-meta":"","stick-header-meta":"","header-above-stick-meta":"","header-main-stick-meta":"","header-below-stick-meta":"","astra-migrate-meta-layouts":"set","ast-page-background-enabled":"default","ast-page-background-meta":{"desktop":{"background-color":"var(--ast-global-color-5)","background-image":"","background-repeat":"repeat","background-position":"center center","background-size":"auto","background-attachment":"scroll","background-type":"","background-media":"","overlay-type":"","overlay-color":"","overlay-opacity":"","overlay-gradient":""},"tablet":{"background-color":"","background-image":"","background-repeat":"repeat","background-position":"center center","background-size":"auto","background-attachment":"scroll","background-type":"","background-media":"","overlay-type":"","overlay-color":"","overlay-opacity":"","overlay-gradient":""},"mobile":{"background-color":"","background-image":"","background-repeat":"repeat","background-position":"center center","background-size":"auto","background-attachment":"scroll","background-type":"","background-media":"","overlay-type":"","overlay-color":"","overlay-opacity":"","overlay-gradient":""}},"ast-content-background-meta":{"desktop":{"background-color":"var(--ast-global-color-4)","background-image":"","background-repeat":"repeat","background-position":"center center","background-size":"auto","background-attachment":"scroll","background-type":"","background-media":"","overlay-type":"","overlay-color":"","overlay-opacity":"","overlay-gradient":""},"tablet":{"background-color":"var(--ast-global-color-4)","background-image":"","background-repeat":"repeat","background-position":"center center","background-size":"auto","background-attachment":"scroll","background-type":"","background-media":"","overlay-type":"","overlay-color":"","overlay-opacity":"","overlay-gradient":""},"mobile":{"background-color":"var(--ast-global-color-4)","background-image":"","background-repeat":"repeat","background-position":"center center","background-size":"auto","background-attachment":"scroll","background-type":"","background-media":"","overlay-type":"","overlay-color":"","overlay-opacity":"","overlay-gradient":""}}},"product_brand":[],"product_cat":[172],"product_tag":[],"class_list":{"0":"post-21563","1":"product","2":"type-product","3":"status-publish","4":"has-post-thumbnail","6":"product_cat-legetoej-boerne-og-babyprodukter","7":"pa_54089_dnp7t1lq-groen","8":"pa_54089_dnp7t1lq-gul","9":"pa_54089_dnp7t1lq-lyseroed","10":"desktop-align-left","11":"tablet-align-left","12":"mobile-align-left","14":"first","15":"instock","16":"shipping-taxable","17":"purchasable","18":"product-type-variable"},"yoast_head":"<!-- This site is optimized with the Yoast SEO plugin v27.4 - https:\/\/yoast.com\/product\/yoast-seo-wordpress\/ -->\n<title>Dansende bl\u00e6ksprutte-leget\u00f8j - Mekulo DK<\/title>\n<meta name=\"robots\" content=\"index, follow, max-snippet:-1, max-image-preview:large, max-video-preview:-1\" \/>\n<link rel=\"canonical\" href=\"https:\/\/mekulo.com\/dk\/produkt\/dansende-blaeksprutte-legetoej\/\" \/>\n<meta property=\"og:locale\" content=\"da_DK\" \/>\n<meta property=\"og:type\" content=\"article\" \/>\n<meta property=\"og:title\" content=\"Dansende bl\u00e6ksprutte-leget\u00f8j - Mekulo DK\" \/>\n<meta property=\"og:description\" content=\"\ud83d\udc19Denne dansende bl\u00e6ksprutte vrider sig, drejer rundt og lyser op for at underholde b\u00f8rn, mens den holder dem aktive og engagerede. \ud83d\udea5Med smart forhindring af forhindringer og farverige LED-effekter bev\u00e6ger den sig af sig selv og holder det sjove i gang uden at stoppe. \ud83d\udc76Et legende og l\u00e6rerigt stykke leget\u00f8j, der forvandler ethvert rum til et sp\u00e6ndende dansegulv for de sm\u00e5.\" \/>\n<meta property=\"og:url\" content=\"https:\/\/mekulo.com\/dk\/produkt\/dansende-blaeksprutte-legetoej\/\" \/>\n<meta property=\"og:site_name\" content=\"Mekulo DK\" \/>\n<meta property=\"article:modified_time\" content=\"2026-02-10T09:14:41+00:00\" \/>\n<meta property=\"og:image\" content=\"https:\/\/mekulo.com\/dk\/wp-content\/uploads\/sites\/12\/2026\/02\/367n63n-1.jpg\" \/>\n\t<meta property=\"og:image:width\" content=\"700\" \/>\n\t<meta property=\"og:image:height\" content=\"700\" \/>\n\t<meta property=\"og:image:type\" content=\"image\/jpeg\" \/>\n<meta name=\"twitter:card\" content=\"summary_large_image\" \/>\n<meta name=\"twitter:label1\" content=\"Estimeret l\u00e6setid\" \/>\n\t<meta name=\"twitter:data1\" content=\"2 minutter\" \/>\n<script type=\"application\/ld+json\" class=\"yoast-schema-graph\">{\"@context\":\"https:\\\/\\\/schema.org\",\"@graph\":[{\"@type\":\"WebPage\",\"@id\":\"https:\\\/\\\/mekulo.com\\\/dk\\\/produkt\\\/dansende-blaeksprutte-legetoej\\\/\",\"url\":\"https:\\\/\\\/mekulo.com\\\/dk\\\/produkt\\\/dansende-blaeksprutte-legetoej\\\/\",\"name\":\"Dansende bl\u00e6ksprutte-leget\u00f8j - Mekulo DK\",\"isPartOf\":{\"@id\":\"https:\\\/\\\/mekulo.com\\\/dk\\\/#website\"},\"primaryImageOfPage\":{\"@id\":\"https:\\\/\\\/mekulo.com\\\/dk\\\/produkt\\\/dansende-blaeksprutte-legetoej\\\/#primaryimage\"},\"image\":{\"@id\":\"https:\\\/\\\/mekulo.com\\\/dk\\\/produkt\\\/dansende-blaeksprutte-legetoej\\\/#primaryimage\"},\"thumbnailUrl\":\"https:\\\/\\\/mekulo.com\\\/dk\\\/wp-content\\\/uploads\\\/sites\\\/12\\\/2026\\\/02\\\/367n63n-1.jpg\",\"datePublished\":\"2026-02-04T09:53:28+00:00\",\"dateModified\":\"2026-02-10T09:14:41+00:00\",\"breadcrumb\":{\"@id\":\"https:\\\/\\\/mekulo.com\\\/dk\\\/produkt\\\/dansende-blaeksprutte-legetoej\\\/#breadcrumb\"},\"inLanguage\":\"da-DK\",\"potentialAction\":[{\"@type\":\"ReadAction\",\"target\":[\"https:\\\/\\\/mekulo.com\\\/dk\\\/produkt\\\/dansende-blaeksprutte-legetoej\\\/\"]}]},{\"@type\":\"ImageObject\",\"inLanguage\":\"da-DK\",\"@id\":\"https:\\\/\\\/mekulo.com\\\/dk\\\/produkt\\\/dansende-blaeksprutte-legetoej\\\/#primaryimage\",\"url\":\"https:\\\/\\\/mekulo.com\\\/dk\\\/wp-content\\\/uploads\\\/sites\\\/12\\\/2026\\\/02\\\/367n63n-1.jpg\",\"contentUrl\":\"https:\\\/\\\/mekulo.com\\\/dk\\\/wp-content\\\/uploads\\\/sites\\\/12\\\/2026\\\/02\\\/367n63n-1.jpg\",\"width\":700,\"height\":700},{\"@type\":\"BreadcrumbList\",\"@id\":\"https:\\\/\\\/mekulo.com\\\/dk\\\/produkt\\\/dansende-blaeksprutte-legetoej\\\/#breadcrumb\",\"itemListElement\":[{\"@type\":\"ListItem\",\"position\":1,\"name\":\"Home\",\"item\":\"https:\\\/\\\/mekulo.com\\\/dk\\\/\"},{\"@type\":\"ListItem\",\"position\":2,\"name\":\"Butik\",\"item\":\"https:\\\/\\\/mekulo.com\\\/dk\\\/butik\\\/\"},{\"@type\":\"ListItem\",\"position\":3,\"name\":\"Dansende bl\u00e6ksprutte-leget\u00f8j\"}]},{\"@type\":\"WebSite\",\"@id\":\"https:\\\/\\\/mekulo.com\\\/dk\\\/#website\",\"url\":\"https:\\\/\\\/mekulo.com\\\/dk\\\/\",\"name\":\"Mekulo DK\",\"description\":\"\",\"publisher\":{\"@id\":\"https:\\\/\\\/mekulo.com\\\/dk\\\/#organization\"},\"potentialAction\":[{\"@type\":\"SearchAction\",\"target\":{\"@type\":\"EntryPoint\",\"urlTemplate\":\"https:\\\/\\\/mekulo.com\\\/dk\\\/?s={search_term_string}\"},\"query-input\":{\"@type\":\"PropertyValueSpecification\",\"valueRequired\":true,\"valueName\":\"search_term_string\"}}],\"inLanguage\":\"da-DK\"},{\"@type\":\"Organization\",\"@id\":\"https:\\\/\\\/mekulo.com\\\/dk\\\/#organization\",\"name\":\"Mekulo\",\"url\":\"https:\\\/\\\/mekulo.com\\\/dk\\\/\",\"logo\":{\"@type\":\"ImageObject\",\"inLanguage\":\"da-DK\",\"@id\":\"https:\\\/\\\/mekulo.com\\\/dk\\\/#\\\/schema\\\/logo\\\/image\\\/\",\"url\":\"https:\\\/\\\/mekulo.com\\\/dk\\\/wp-content\\\/uploads\\\/sites\\\/12\\\/2025\\\/12\\\/favicon_mekulo.png\",\"contentUrl\":\"https:\\\/\\\/mekulo.com\\\/dk\\\/wp-content\\\/uploads\\\/sites\\\/12\\\/2025\\\/12\\\/favicon_mekulo.png\",\"width\":50,\"height\":50,\"caption\":\"Mekulo\"},\"image\":{\"@id\":\"https:\\\/\\\/mekulo.com\\\/dk\\\/#\\\/schema\\\/logo\\\/image\\\/\"}}]}<\/script>\n<!-- \/ Yoast SEO plugin. -->","yoast_head_json":{"title":"Dansende bl\u00e6ksprutte-leget\u00f8j - Mekulo DK","robots":{"index":"index","follow":"follow","max-snippet":"max-snippet:-1","max-image-preview":"max-image-preview:large","max-video-preview":"max-video-preview:-1"},"canonical":"https:\/\/mekulo.com\/dk\/produkt\/dansende-blaeksprutte-legetoej\/","og_locale":"da_DK","og_type":"article","og_title":"Dansende bl\u00e6ksprutte-leget\u00f8j - Mekulo DK","og_description":"\ud83d\udc19Denne dansende bl\u00e6ksprutte vrider sig, drejer rundt og lyser op for at underholde b\u00f8rn, mens den holder dem aktive og engagerede. \ud83d\udea5Med smart forhindring af forhindringer og farverige LED-effekter bev\u00e6ger den sig af sig selv og holder det sjove i gang uden at stoppe. \ud83d\udc76Et legende og l\u00e6rerigt stykke leget\u00f8j, der forvandler ethvert rum til et sp\u00e6ndende dansegulv for de sm\u00e5.","og_url":"https:\/\/mekulo.com\/dk\/produkt\/dansende-blaeksprutte-legetoej\/","og_site_name":"Mekulo DK","article_modified_time":"2026-02-10T09:14:41+00:00","og_image":[{"width":700,"height":700,"url":"https:\/\/mekulo.com\/dk\/wp-content\/uploads\/sites\/12\/2026\/02\/367n63n-1.jpg","type":"image\/jpeg"}],"twitter_card":"summary_large_image","twitter_misc":{"Estimeret l\u00e6setid":"2 minutter"},"schema":{"@context":"https:\/\/schema.org","@graph":[{"@type":"WebPage","@id":"https:\/\/mekulo.com\/dk\/produkt\/dansende-blaeksprutte-legetoej\/","url":"https:\/\/mekulo.com\/dk\/produkt\/dansende-blaeksprutte-legetoej\/","name":"Dansende bl\u00e6ksprutte-leget\u00f8j - Mekulo DK","isPartOf":{"@id":"https:\/\/mekulo.com\/dk\/#website"},"primaryImageOfPage":{"@id":"https:\/\/mekulo.com\/dk\/produkt\/dansende-blaeksprutte-legetoej\/#primaryimage"},"image":{"@id":"https:\/\/mekulo.com\/dk\/produkt\/dansende-blaeksprutte-legetoej\/#primaryimage"},"thumbnailUrl":"https:\/\/mekulo.com\/dk\/wp-content\/uploads\/sites\/12\/2026\/02\/367n63n-1.jpg","datePublished":"2026-02-04T09:53:28+00:00","dateModified":"2026-02-10T09:14:41+00:00","breadcrumb":{"@id":"https:\/\/mekulo.com\/dk\/produkt\/dansende-blaeksprutte-legetoej\/#breadcrumb"},"inLanguage":"da-DK","potentialAction":[{"@type":"ReadAction","target":["https:\/\/mekulo.com\/dk\/produkt\/dansende-blaeksprutte-legetoej\/"]}]},{"@type":"ImageObject","inLanguage":"da-DK","@id":"https:\/\/mekulo.com\/dk\/produkt\/dansende-blaeksprutte-legetoej\/#primaryimage","url":"https:\/\/mekulo.com\/dk\/wp-content\/uploads\/sites\/12\/2026\/02\/367n63n-1.jpg","contentUrl":"https:\/\/mekulo.com\/dk\/wp-content\/uploads\/sites\/12\/2026\/02\/367n63n-1.jpg","width":700,"height":700},{"@type":"BreadcrumbList","@id":"https:\/\/mekulo.com\/dk\/produkt\/dansende-blaeksprutte-legetoej\/#breadcrumb","itemListElement":[{"@type":"ListItem","position":1,"name":"Home","item":"https:\/\/mekulo.com\/dk\/"},{"@type":"ListItem","position":2,"name":"Butik","item":"https:\/\/mekulo.com\/dk\/butik\/"},{"@type":"ListItem","position":3,"name":"Dansende bl\u00e6ksprutte-leget\u00f8j"}]},{"@type":"WebSite","@id":"https:\/\/mekulo.com\/dk\/#website","url":"https:\/\/mekulo.com\/dk\/","name":"Mekulo DK","description":"","publisher":{"@id":"https:\/\/mekulo.com\/dk\/#organization"},"potentialAction":[{"@type":"SearchAction","target":{"@type":"EntryPoint","urlTemplate":"https:\/\/mekulo.com\/dk\/?s={search_term_string}"},"query-input":{"@type":"PropertyValueSpecification","valueRequired":true,"valueName":"search_term_string"}}],"inLanguage":"da-DK"},{"@type":"Organization","@id":"https:\/\/mekulo.com\/dk\/#organization","name":"Mekulo","url":"https:\/\/mekulo.com\/dk\/","logo":{"@type":"ImageObject","inLanguage":"da-DK","@id":"https:\/\/mekulo.com\/dk\/#\/schema\/logo\/image\/","url":"https:\/\/mekulo.com\/dk\/wp-content\/uploads\/sites\/12\/2025\/12\/favicon_mekulo.png","contentUrl":"https:\/\/mekulo.com\/dk\/wp-content\/uploads\/sites\/12\/2025\/12\/favicon_mekulo.png","width":50,"height":50,"caption":"Mekulo"},"image":{"@id":"https:\/\/mekulo.com\/dk\/#\/schema\/logo\/image\/"}}]}},"_links":{"self":[{"href":"https:\/\/mekulo.com\/dk\/wp-json\/wp\/v2\/product\/21563","targetHints":{"allow":["GET"]}}],"collection":[{"href":"https:\/\/mekulo.com\/dk\/wp-json\/wp\/v2\/product"}],"about":[{"href":"https:\/\/mekulo.com\/dk\/wp-json\/wp\/v2\/types\/product"}],"replies":[{"embeddable":true,"href":"https:\/\/mekulo.com\/dk\/wp-json\/wp\/v2\/comments?post=21563"}],"wp:featuredmedia":[{"embeddable":true,"href":"https:\/\/mekulo.com\/dk\/wp-json\/wp\/v2\/media\/21559"}],"wp:attachment":[{"href":"https:\/\/mekulo.com\/dk\/wp-json\/wp\/v2\/media?parent=21563"}],"wp:term":[{"taxonomy":"product_brand","embeddable":true,"href":"https:\/\/mekulo.com\/dk\/wp-json\/wp\/v2\/product_brand?post=21563"},{"taxonomy":"product_cat","embeddable":true,"href":"https:\/\/mekulo.com\/dk\/wp-json\/wp\/v2\/product_cat?post=21563"},{"taxonomy":"product_tag","embeddable":true,"href":"https:\/\/mekulo.com\/dk\/wp-json\/wp\/v2\/product_tag?post=21563"}],"curies":[{"name":"wp","href":"https:\/\/api.w.org\/{rel}","templated":true}]}}