{"id":21531,"date":"2026-02-04T11:51:01","date_gmt":"2026-02-04T09:51:01","guid":{"rendered":"https:\/\/mekulo.com\/dk\/produkt\/indehavere-af-dieseladditiver\/"},"modified":"2026-02-04T11:51:15","modified_gmt":"2026-02-04T09:51:15","slug":"indehavere-af-dieseladditiver","status":"publish","type":"product","link":"https:\/\/mekulo.com\/dk\/produkt\/indehavere-af-dieseladditiver\/","title":{"rendered":"Indehavere af dieseladditiver"},"content":{"rendered":"<p style=\"text-align: center\" data-start=\"0\" data-end=\"69\"><strong data-start=\"0\" data-end=\"69\">Hold dieseladditiver organiseret, sikkert og altid inden for r\u00e6kkevidde. \ud83d\ude98<\/strong><\/p>\n<p data-start=\"0\" data-end=\"69\"><img fetchpriority=\"high\" decoding=\"async\" class=\"size-full wp-image-23219 aligncenter\" src=\"https:\/\/mekulo.com\/template\/wp-content\/uploads\/sites\/6\/2026\/02\/5.jpeg\" alt=\"\" width=\"1601\" height=\"1601\" \/><\/p>\n<h2 style=\"text-align: center\" data-start=\"401\" data-end=\"418\">Hovedfordele \ud83e\uddf2<\/h2>\n<p data-start=\"421\" data-end=\"485\">\ud83e\uddf2 Magnetisk montering &#8211; Fastg\u00f8res sikkert til metaloverflader.<\/p>\n<p data-start=\"488\" data-end=\"551\">\ud83e\uddf0 Mulighed for flere huller &#8211; V\u00e6lg 2, 3, 4 eller 5 flaske\u00e5bninger.<\/p>\n<p data-start=\"554\" data-end=\"616\">\ud83d\udce6 Pladsbesparende design &#8211; Holder tils\u00e6tningsstoffer p\u00e6nt arrangeret.<\/p>\n<p data-start=\"619\" data-end=\"679\">\ud83d\udcaa Holdbart PLA+-materiale &#8211; St\u00e6rkt og slagfast.<\/p>\n<p data-start=\"682\" data-end=\"740\">\ud83d\udd27 Nem installation &#8211; Intet v\u00e6rkt\u00f8j eller boring kr\u00e6ves.<\/p>\n<p data-start=\"743\" data-end=\"808\">\ud83d\ude9b Diesel-fokuseret design &#8211; lavet til dieselmotoradditiver.<\/p>\n<p data-start=\"743\" data-end=\"808\"><img decoding=\"async\" class=\"size-full wp-image-23220 aligncenter\" src=\"https:\/\/mekulo.com\/template\/wp-content\/uploads\/sites\/6\/2026\/02\/6-1.jpeg\" alt=\"\" width=\"1601\" height=\"1601\" \/><\/p>\n<h2 style=\"text-align: center\" data-start=\"810\" data-end=\"824\">S\u00e5dan bruges \ud83d\udccc<\/h2>\n<ol data-start=\"825\" data-end=\"1103\">\n<li data-start=\"825\" data-end=\"887\">\n<p data-start=\"828\" data-end=\"887\">V\u00e6lg en ren metaloverflade i dit k\u00f8ret\u00f8j eller v\u00e6rksted.<\/p>\n<\/li>\n<li data-start=\"888\" data-end=\"961\">\n<p data-start=\"891\" data-end=\"961\">Placer holderen mod overfladen for at aktivere den magnetiske montering.<\/p>\n<\/li>\n<li data-start=\"962\" data-end=\"1013\">\n<p data-start=\"965\" data-end=\"1013\">Inds\u00e6t dieseladditivflasker i \u00e5bningerne.<\/p>\n<\/li>\n<li data-start=\"1014\" data-end=\"1053\">\n<p data-start=\"1017\" data-end=\"1053\">Fjern flaskerne let, n\u00e5r det er n\u00f8dvendigt.<\/p>\n<\/li>\n<li data-start=\"1054\" data-end=\"1103\">\n<p data-start=\"1057\" data-end=\"1103\">Flyt holderen n\u00e5r som helst for nemheds skyld.<\/p>\n<\/li>\n<\/ol>\n<h2 style=\"text-align: center\" data-start=\"1105\" data-end=\"1124\">Produktdetaljer \ud83d\udccf<\/h2>\n<ul data-start=\"1125\" data-end=\"1403\">\n<li data-start=\"1125\" data-end=\"1143\">\n<p data-start=\"1127\" data-end=\"1143\">Materiale: PLA+<\/p>\n<\/li>\n<li data-start=\"1144\" data-end=\"1183\">\n<p data-start=\"1146\" data-end=\"1183\">Installationsmetode: Magnetisk fastgjort<\/p>\n<\/li>\n<li data-start=\"1184\" data-end=\"1221\">\n<p data-start=\"1186\" data-end=\"1221\">Hulmuligheder: 2 \/ 3 \/ 4 \/ 5 huller<\/p>\n<\/li>\n<li data-start=\"1222\" data-end=\"1353\">\n<p data-start=\"1224\" data-end=\"1237\">Dimensioner:<\/p>\n<ul data-start=\"1240\" data-end=\"1353\">\n<li data-start=\"1240\" data-end=\"1266\">\n<p data-start=\"1242\" data-end=\"1266\">2 huller: 10 x 6 x 5 cm<\/p>\n<\/li>\n<li data-start=\"1269\" data-end=\"1295\">\n<p data-start=\"1271\" data-end=\"1295\">3 huller: 11 x 7 x 6 cm<\/p>\n<\/li>\n<li data-start=\"1298\" data-end=\"1324\">\n<p data-start=\"1300\" data-end=\"1324\">4 huller: 12 x 8 x 7 cm<\/p>\n<\/li>\n<li data-start=\"1327\" data-end=\"1353\">\n<p data-start=\"1329\" data-end=\"1353\">5 huller: 13 x 9 x 8 cm<\/p>\n<\/li>\n<\/ul>\n<\/li>\n<li data-start=\"1354\" data-end=\"1403\">\n<p data-start=\"1356\" data-end=\"1403\">Brug: Opbevaring og organisering af dieseladditiver<\/p>\n<\/li>\n<\/ul>\n<h2 style=\"text-align: center\" data-start=\"1405\" data-end=\"1425\">Pakken indeholder \ud83d\udce6<\/h2>\n<ul data-start=\"1426\" data-end=\"1454\" data-is-last-node=\"\" data-is-only-node=\"\">\n<li data-start=\"1426\" data-end=\"1454\" data-is-last-node=\"\">\n<p data-start=\"1428\" data-end=\"1454\" data-is-last-node=\"\">1x dieseladditivholder<\/p>\n<\/li>\n<li data-start=\"1426\" data-end=\"1454\" data-is-last-node=\"\">\n<p data-start=\"1428\" data-end=\"1454\" data-is-last-node=\"\">2, 3, 4, 5x magnetiske knapper.<\/p>\n<\/li>\n<\/ul>\n","protected":false},"excerpt":{"rendered":"<p>\u26fdDisse dieseladditivholdere opbevarer dine br\u00e6ndstofadditiver p\u00e6nt p\u00e5 \u00e9t sted, hvilket g\u00f8r k\u00f8ret\u00f8jsvedligeholdelse hurtigere og mere effektiv.<br \/>\n\ud83e\uddf2Den st\u00e6rke magnetiske holder holder flaskerne oprejst og let tilg\u00e6ngelige under service.<br \/>\n\ud83d\ude99Denne enkle arrang\u00f8r reducerer rod og hj\u00e6lper dig med at arbejde mere smidigt, hver gang du vedligeholder din dieselmotor.<\/p>\n","protected":false},"featured_media":21527,"comment_status":"open","ping_status":"closed","template":"","meta":{"site-sidebar-layout":"default","site-content-layout":"","ast-site-content-layout":"default","site-content-style":"default","site-sidebar-style":"default","ast-global-header-display":"","ast-banner-title-visibility":"","ast-main-header-display":"","ast-hfb-above-header-display":"","ast-hfb-below-header-display":"","ast-hfb-mobile-header-display":"","site-post-title":"","ast-breadcrumbs-content":"","ast-featured-img":"","footer-sml-layout":"","theme-transparent-header-meta":"default","adv-header-id-meta":"","stick-header-meta":"","header-above-stick-meta":"","header-main-stick-meta":"","header-below-stick-meta":"","astra-migrate-meta-layouts":"set","ast-page-background-enabled":"default","ast-page-background-meta":{"desktop":{"background-color":"var(--ast-global-color-5)","background-image":"","background-repeat":"repeat","background-position":"center center","background-size":"auto","background-attachment":"scroll","background-type":"","background-media":"","overlay-type":"","overlay-color":"","overlay-opacity":"","overlay-gradient":""},"tablet":{"background-color":"","background-image":"","background-repeat":"repeat","background-position":"center center","background-size":"auto","background-attachment":"scroll","background-type":"","background-media":"","overlay-type":"","overlay-color":"","overlay-opacity":"","overlay-gradient":""},"mobile":{"background-color":"","background-image":"","background-repeat":"repeat","background-position":"center center","background-size":"auto","background-attachment":"scroll","background-type":"","background-media":"","overlay-type":"","overlay-color":"","overlay-opacity":"","overlay-gradient":""}},"ast-content-background-meta":{"desktop":{"background-color":"var(--ast-global-color-4)","background-image":"","background-repeat":"repeat","background-position":"center center","background-size":"auto","background-attachment":"scroll","background-type":"","background-media":"","overlay-type":"","overlay-color":"","overlay-opacity":"","overlay-gradient":""},"tablet":{"background-color":"var(--ast-global-color-4)","background-image":"","background-repeat":"repeat","background-position":"center center","background-size":"auto","background-attachment":"scroll","background-type":"","background-media":"","overlay-type":"","overlay-color":"","overlay-opacity":"","overlay-gradient":""},"mobile":{"background-color":"var(--ast-global-color-4)","background-image":"","background-repeat":"repeat","background-position":"center center","background-size":"auto","background-attachment":"scroll","background-type":"","background-media":"","overlay-type":"","overlay-color":"","overlay-opacity":"","overlay-gradient":""}}},"product_brand":[],"product_cat":[161],"product_tag":[],"class_list":{"0":"post-21531","1":"product","2":"type-product","3":"status-publish","4":"has-post-thumbnail","6":"product_cat-bilprodukter","7":"pa_54023_kx5xkacl-2-huller","8":"pa_54023_kx5xkacl-3-huller","9":"pa_54023_kx5xkacl-4-huller","10":"pa_54023_kx5xkacl-5-huller","11":"desktop-align-left","12":"tablet-align-left","13":"mobile-align-left","15":"first","16":"instock","17":"shipping-taxable","18":"purchasable","19":"product-type-variable"},"yoast_head":"<!-- This site is optimized with the Yoast SEO plugin v26.6 - https:\/\/yoast.com\/wordpress\/plugins\/seo\/ -->\n<title>Indehavere af dieseladditiver - Mekulo DK<\/title>\n<meta name=\"robots\" content=\"index, follow, max-snippet:-1, max-image-preview:large, max-video-preview:-1\" \/>\n<link rel=\"canonical\" href=\"https:\/\/mekulo.com\/dk\/produkt\/indehavere-af-dieseladditiver\/\" \/>\n<meta property=\"og:locale\" content=\"da_DK\" \/>\n<meta property=\"og:type\" content=\"article\" \/>\n<meta property=\"og:title\" content=\"Indehavere af dieseladditiver - Mekulo DK\" \/>\n<meta property=\"og:description\" content=\"\u26fdDisse dieseladditivholdere opbevarer dine br\u00e6ndstofadditiver p\u00e6nt p\u00e5 \u00e9t sted, hvilket g\u00f8r k\u00f8ret\u00f8jsvedligeholdelse hurtigere og mere effektiv. \ud83e\uddf2Den st\u00e6rke magnetiske holder holder flaskerne oprejst og let tilg\u00e6ngelige under service. \ud83d\ude99Denne enkle arrang\u00f8r reducerer rod og hj\u00e6lper dig med at arbejde mere smidigt, hver gang du vedligeholder din dieselmotor.\" \/>\n<meta property=\"og:url\" content=\"https:\/\/mekulo.com\/dk\/produkt\/indehavere-af-dieseladditiver\/\" \/>\n<meta property=\"og:site_name\" content=\"Mekulo DK\" \/>\n<meta property=\"article:modified_time\" content=\"2026-02-04T09:51:15+00:00\" \/>\n<meta property=\"og:image\" content=\"https:\/\/mekulo.com\/dk\/wp-content\/uploads\/sites\/12\/2026\/02\/oc2wa7v-1.jpeg\" \/>\n\t<meta property=\"og:image:width\" content=\"1601\" \/>\n\t<meta property=\"og:image:height\" content=\"1601\" \/>\n\t<meta property=\"og:image:type\" content=\"image\/jpeg\" \/>\n<meta name=\"twitter:card\" content=\"summary_large_image\" \/>\n<meta name=\"twitter:label1\" content=\"Estimeret l\u00e6setid\" \/>\n\t<meta name=\"twitter:data1\" content=\"2 minutter\" \/>\n<script type=\"application\/ld+json\" class=\"yoast-schema-graph\">{\"@context\":\"https:\/\/schema.org\",\"@graph\":[{\"@type\":\"WebPage\",\"@id\":\"https:\/\/mekulo.com\/dk\/produkt\/indehavere-af-dieseladditiver\/\",\"url\":\"https:\/\/mekulo.com\/dk\/produkt\/indehavere-af-dieseladditiver\/\",\"name\":\"Indehavere af dieseladditiver - Mekulo DK\",\"isPartOf\":{\"@id\":\"https:\/\/mekulo.com\/dk\/#website\"},\"primaryImageOfPage\":{\"@id\":\"https:\/\/mekulo.com\/dk\/produkt\/indehavere-af-dieseladditiver\/#primaryimage\"},\"image\":{\"@id\":\"https:\/\/mekulo.com\/dk\/produkt\/indehavere-af-dieseladditiver\/#primaryimage\"},\"thumbnailUrl\":\"https:\/\/mekulo.com\/dk\/wp-content\/uploads\/sites\/12\/2026\/02\/oc2wa7v-1.jpeg\",\"datePublished\":\"2026-02-04T09:51:01+00:00\",\"dateModified\":\"2026-02-04T09:51:15+00:00\",\"breadcrumb\":{\"@id\":\"https:\/\/mekulo.com\/dk\/produkt\/indehavere-af-dieseladditiver\/#breadcrumb\"},\"inLanguage\":\"da-DK\",\"potentialAction\":[{\"@type\":\"ReadAction\",\"target\":[\"https:\/\/mekulo.com\/dk\/produkt\/indehavere-af-dieseladditiver\/\"]}]},{\"@type\":\"ImageObject\",\"inLanguage\":\"da-DK\",\"@id\":\"https:\/\/mekulo.com\/dk\/produkt\/indehavere-af-dieseladditiver\/#primaryimage\",\"url\":\"https:\/\/mekulo.com\/dk\/wp-content\/uploads\/sites\/12\/2026\/02\/oc2wa7v-1.jpeg\",\"contentUrl\":\"https:\/\/mekulo.com\/dk\/wp-content\/uploads\/sites\/12\/2026\/02\/oc2wa7v-1.jpeg\",\"width\":1601,\"height\":1601},{\"@type\":\"BreadcrumbList\",\"@id\":\"https:\/\/mekulo.com\/dk\/produkt\/indehavere-af-dieseladditiver\/#breadcrumb\",\"itemListElement\":[{\"@type\":\"ListItem\",\"position\":1,\"name\":\"Home\",\"item\":\"https:\/\/mekulo.com\/dk\/\"},{\"@type\":\"ListItem\",\"position\":2,\"name\":\"Butik\",\"item\":\"https:\/\/mekulo.com\/dk\/butik\/\"},{\"@type\":\"ListItem\",\"position\":3,\"name\":\"Indehavere af dieseladditiver\"}]},{\"@type\":\"WebSite\",\"@id\":\"https:\/\/mekulo.com\/dk\/#website\",\"url\":\"https:\/\/mekulo.com\/dk\/\",\"name\":\"Mekulo DK\",\"description\":\"\",\"publisher\":{\"@id\":\"https:\/\/mekulo.com\/dk\/#organization\"},\"potentialAction\":[{\"@type\":\"SearchAction\",\"target\":{\"@type\":\"EntryPoint\",\"urlTemplate\":\"https:\/\/mekulo.com\/dk\/?s={search_term_string}\"},\"query-input\":{\"@type\":\"PropertyValueSpecification\",\"valueRequired\":true,\"valueName\":\"search_term_string\"}}],\"inLanguage\":\"da-DK\"},{\"@type\":\"Organization\",\"@id\":\"https:\/\/mekulo.com\/dk\/#organization\",\"name\":\"Mekulo\",\"url\":\"https:\/\/mekulo.com\/dk\/\",\"logo\":{\"@type\":\"ImageObject\",\"inLanguage\":\"da-DK\",\"@id\":\"https:\/\/mekulo.com\/dk\/#\/schema\/logo\/image\/\",\"url\":\"https:\/\/mekulo.com\/dk\/wp-content\/uploads\/sites\/12\/2025\/12\/favicon_mekulo.png\",\"contentUrl\":\"https:\/\/mekulo.com\/dk\/wp-content\/uploads\/sites\/12\/2025\/12\/favicon_mekulo.png\",\"width\":50,\"height\":50,\"caption\":\"Mekulo\"},\"image\":{\"@id\":\"https:\/\/mekulo.com\/dk\/#\/schema\/logo\/image\/\"}}]}<\/script>\n<!-- \/ Yoast SEO plugin. -->","yoast_head_json":{"title":"Indehavere af dieseladditiver - Mekulo DK","robots":{"index":"index","follow":"follow","max-snippet":"max-snippet:-1","max-image-preview":"max-image-preview:large","max-video-preview":"max-video-preview:-1"},"canonical":"https:\/\/mekulo.com\/dk\/produkt\/indehavere-af-dieseladditiver\/","og_locale":"da_DK","og_type":"article","og_title":"Indehavere af dieseladditiver - Mekulo DK","og_description":"\u26fdDisse dieseladditivholdere opbevarer dine br\u00e6ndstofadditiver p\u00e6nt p\u00e5 \u00e9t sted, hvilket g\u00f8r k\u00f8ret\u00f8jsvedligeholdelse hurtigere og mere effektiv. \ud83e\uddf2Den st\u00e6rke magnetiske holder holder flaskerne oprejst og let tilg\u00e6ngelige under service. \ud83d\ude99Denne enkle arrang\u00f8r reducerer rod og hj\u00e6lper dig med at arbejde mere smidigt, hver gang du vedligeholder din dieselmotor.","og_url":"https:\/\/mekulo.com\/dk\/produkt\/indehavere-af-dieseladditiver\/","og_site_name":"Mekulo DK","article_modified_time":"2026-02-04T09:51:15+00:00","og_image":[{"width":1601,"height":1601,"url":"https:\/\/mekulo.com\/dk\/wp-content\/uploads\/sites\/12\/2026\/02\/oc2wa7v-1.jpeg","type":"image\/jpeg"}],"twitter_card":"summary_large_image","twitter_misc":{"Estimeret l\u00e6setid":"2 minutter"},"schema":{"@context":"https:\/\/schema.org","@graph":[{"@type":"WebPage","@id":"https:\/\/mekulo.com\/dk\/produkt\/indehavere-af-dieseladditiver\/","url":"https:\/\/mekulo.com\/dk\/produkt\/indehavere-af-dieseladditiver\/","name":"Indehavere af dieseladditiver - Mekulo DK","isPartOf":{"@id":"https:\/\/mekulo.com\/dk\/#website"},"primaryImageOfPage":{"@id":"https:\/\/mekulo.com\/dk\/produkt\/indehavere-af-dieseladditiver\/#primaryimage"},"image":{"@id":"https:\/\/mekulo.com\/dk\/produkt\/indehavere-af-dieseladditiver\/#primaryimage"},"thumbnailUrl":"https:\/\/mekulo.com\/dk\/wp-content\/uploads\/sites\/12\/2026\/02\/oc2wa7v-1.jpeg","datePublished":"2026-02-04T09:51:01+00:00","dateModified":"2026-02-04T09:51:15+00:00","breadcrumb":{"@id":"https:\/\/mekulo.com\/dk\/produkt\/indehavere-af-dieseladditiver\/#breadcrumb"},"inLanguage":"da-DK","potentialAction":[{"@type":"ReadAction","target":["https:\/\/mekulo.com\/dk\/produkt\/indehavere-af-dieseladditiver\/"]}]},{"@type":"ImageObject","inLanguage":"da-DK","@id":"https:\/\/mekulo.com\/dk\/produkt\/indehavere-af-dieseladditiver\/#primaryimage","url":"https:\/\/mekulo.com\/dk\/wp-content\/uploads\/sites\/12\/2026\/02\/oc2wa7v-1.jpeg","contentUrl":"https:\/\/mekulo.com\/dk\/wp-content\/uploads\/sites\/12\/2026\/02\/oc2wa7v-1.jpeg","width":1601,"height":1601},{"@type":"BreadcrumbList","@id":"https:\/\/mekulo.com\/dk\/produkt\/indehavere-af-dieseladditiver\/#breadcrumb","itemListElement":[{"@type":"ListItem","position":1,"name":"Home","item":"https:\/\/mekulo.com\/dk\/"},{"@type":"ListItem","position":2,"name":"Butik","item":"https:\/\/mekulo.com\/dk\/butik\/"},{"@type":"ListItem","position":3,"name":"Indehavere af dieseladditiver"}]},{"@type":"WebSite","@id":"https:\/\/mekulo.com\/dk\/#website","url":"https:\/\/mekulo.com\/dk\/","name":"Mekulo DK","description":"","publisher":{"@id":"https:\/\/mekulo.com\/dk\/#organization"},"potentialAction":[{"@type":"SearchAction","target":{"@type":"EntryPoint","urlTemplate":"https:\/\/mekulo.com\/dk\/?s={search_term_string}"},"query-input":{"@type":"PropertyValueSpecification","valueRequired":true,"valueName":"search_term_string"}}],"inLanguage":"da-DK"},{"@type":"Organization","@id":"https:\/\/mekulo.com\/dk\/#organization","name":"Mekulo","url":"https:\/\/mekulo.com\/dk\/","logo":{"@type":"ImageObject","inLanguage":"da-DK","@id":"https:\/\/mekulo.com\/dk\/#\/schema\/logo\/image\/","url":"https:\/\/mekulo.com\/dk\/wp-content\/uploads\/sites\/12\/2025\/12\/favicon_mekulo.png","contentUrl":"https:\/\/mekulo.com\/dk\/wp-content\/uploads\/sites\/12\/2025\/12\/favicon_mekulo.png","width":50,"height":50,"caption":"Mekulo"},"image":{"@id":"https:\/\/mekulo.com\/dk\/#\/schema\/logo\/image\/"}}]}},"_links":{"self":[{"href":"https:\/\/mekulo.com\/dk\/wp-json\/wp\/v2\/product\/21531","targetHints":{"allow":["GET"]}}],"collection":[{"href":"https:\/\/mekulo.com\/dk\/wp-json\/wp\/v2\/product"}],"about":[{"href":"https:\/\/mekulo.com\/dk\/wp-json\/wp\/v2\/types\/product"}],"replies":[{"embeddable":true,"href":"https:\/\/mekulo.com\/dk\/wp-json\/wp\/v2\/comments?post=21531"}],"wp:featuredmedia":[{"embeddable":true,"href":"https:\/\/mekulo.com\/dk\/wp-json\/wp\/v2\/media\/21527"}],"wp:attachment":[{"href":"https:\/\/mekulo.com\/dk\/wp-json\/wp\/v2\/media?parent=21531"}],"wp:term":[{"taxonomy":"product_brand","embeddable":true,"href":"https:\/\/mekulo.com\/dk\/wp-json\/wp\/v2\/product_brand?post=21531"},{"taxonomy":"product_cat","embeddable":true,"href":"https:\/\/mekulo.com\/dk\/wp-json\/wp\/v2\/product_cat?post=21531"},{"taxonomy":"product_tag","embeddable":true,"href":"https:\/\/mekulo.com\/dk\/wp-json\/wp\/v2\/product_tag?post=21531"}],"curies":[{"name":"wp","href":"https:\/\/api.w.org\/{rel}","templated":true}]}}