{"id":21305,"date":"2026-02-03T16:09:52","date_gmt":"2026-02-03T14:09:52","guid":{"rendered":"https:\/\/mekulo.com\/dk\/produkt\/farverige-lydloese-vinduesviskere-uden-ben\/"},"modified":"2026-02-03T16:30:36","modified_gmt":"2026-02-03T14:30:36","slug":"farverige-lydloese-vinduesviskere-uden-ben","status":"publish","type":"product","link":"https:\/\/mekulo.com\/dk\/produkt\/farverige-lydloese-vinduesviskere-uden-ben\/","title":{"rendered":"Farverige, lydl\u00f8se vinduesviskere uden ben"},"content":{"rendered":"<div class=\"flex max-w-full flex-col grow\">\n<div class=\"min-h-8 text-message relative flex w-full flex-col items-end gap-2 text-start break-words whitespace-normal [.text-message+&amp;]:mt-1\" dir=\"auto\" data-message-author-role=\"assistant\" data-message-id=\"32d5150e-d5c8-4447-85d3-cb2cffd52b5a\" data-message-model-slug=\"gpt-5-2\">\n<div class=\"flex w-full flex-col gap-1 empty:hidden first:pt-[1px]\">\n<div class=\"markdown prose dark:prose-invert w-full wrap-break-word light markdown-new-styling\">\n<p style=\"text-align: center\" data-start=\"0\" data-end=\"80\"><strong data-start=\"0\" data-end=\"80\">Nyd En Klar, Stille Forrude Med Stilfulde, H\u00f8jtydende Viskerblade. \ud83d\ude98<\/strong><\/p>\n<p data-start=\"0\" data-end=\"80\"><img decoding=\"async\" class=\"size-full wp-image-22750 aligncenter\" src=\"https:\/\/mekulo.com\/template\/wp-content\/uploads\/sites\/6\/2026\/01\/bebd5626a98c278cd6802f4e0474ac6a8de2ebdb-700.avif\" alt=\"\" \/><\/p>\n<h2 style=\"text-align: center\" data-start=\"434\" data-end=\"451\">Hovedfordele \ud83d\ude97<\/h2>\n<p data-start=\"454\" data-end=\"519\">\ud83d\udd07 Lydl\u00f8s drift &#8211; Dobbelt grafitbel\u00e6gning reducerer st\u00f8j.<\/p>\n<p data-start=\"522\" data-end=\"581\">\ud83c\udf27\ufe0f Ren aft\u00f8rring &#8211; Effektiv, stribefri ydeevne.<\/p>\n<p data-start=\"584\" data-end=\"650\">\ud83e\uddf2 Benfrit design &#8211; Bedre forrudekontakt og stabilitet.<\/p>\n<p data-start=\"653\" data-end=\"706\">\ud83c\udfa8 Farvemuligheder &#8211; Tilpas din bils stil.<\/p>\n<p data-start=\"709\" data-end=\"756\">\ud83d\ude97 Universel pasform &#8211; Fungerer p\u00e5 de fleste k\u00f8ret\u00f8jer.<\/p>\n<p data-start=\"759\" data-end=\"809\">\ud83e\uddf0 Nem installation &#8211; Trykknap 19 mm interface.<\/p>\n<p data-start=\"759\" data-end=\"809\"><img fetchpriority=\"high\" decoding=\"async\" class=\"size-full wp-image-22745 aligncenter\" src=\"https:\/\/mekulo.com\/template\/wp-content\/uploads\/sites\/6\/2026\/01\/Sc46922f5b18b48fd84a8dcf443295398h.jpg_960x960q75.jpg_.jpg\" alt=\"\" width=\"1080\" height=\"1080\" \/><\/p>\n<h2 style=\"text-align: center\" data-start=\"811\" data-end=\"825\">S\u00e5dan Bruges \ud83d\udccc<\/h2>\n<ol data-start=\"826\" data-end=\"1023\">\n<li data-start=\"826\" data-end=\"862\">\n<p data-start=\"829\" data-end=\"862\">Tjek din \u00f8nskede bladst\u00f8rrelse.<\/p>\n<\/li>\n<li data-start=\"863\" data-end=\"895\">\n<p data-start=\"866\" data-end=\"895\">Fjern det gamle viskerblad.<\/p>\n<\/li>\n<li data-start=\"896\" data-end=\"938\">\n<p data-start=\"899\" data-end=\"938\">Juster trykknappen 19 mm stik.<\/p>\n<\/li>\n<li data-start=\"939\" data-end=\"975\">\n<p data-start=\"942\" data-end=\"975\">Klik det nye blad p\u00e5 plads.<\/p>\n<\/li>\n<li data-start=\"976\" data-end=\"1023\">\n<p data-start=\"979\" data-end=\"1023\">Test for at sikre sikker pasform og glat aft\u00f8rring.<\/p>\n<\/li>\n<\/ol>\n<h2 style=\"text-align: center\" data-start=\"1025\" data-end=\"1044\">Produktdetaljer \ud83d\udccf<\/h2>\n<ul data-start=\"1045\" data-end=\"1380\">\n<li data-start=\"1078\" data-end=\"1113\">\n<p data-start=\"1080\" data-end=\"1113\">Design: Rammel\u00f8s \/ uden beslag<\/p>\n<\/li>\n<li data-start=\"1114\" data-end=\"1169\">\n<p data-start=\"1116\" data-end=\"1169\">Materiale: Dobbeltlagsgummi med grafitbel\u00e6gning<\/p>\n<\/li>\n<li data-start=\"1170\" data-end=\"1201\">\n<p data-start=\"1172\" data-end=\"1201\">Interface: Trykknap 19 mm<\/p>\n<\/li>\n<li data-start=\"1202\" data-end=\"1238\">\n<p data-start=\"1204\" data-end=\"1238\">L\u00e6ngde: 350 mm, 375 mm, 400 mm, 425 mm, 450 mm, 475 mm, 500 mm, 525 mm, 550 mm, 575 mm, 600 mm, 625 mm, 650 mm, 675 mm, 700 mm, 750 mm<\/p>\n<\/li>\n<li data-start=\"1322\" data-end=\"1380\">\n<p data-start=\"1324\" data-end=\"1380\">Kompatibilitet: Venstre- og h\u00f8jrestyrede k\u00f8ret\u00f8jer (alle k\u00f8ret\u00f8jer)<\/p>\n<\/li>\n<\/ul>\n<h2 style=\"text-align: center\" data-start=\"1382\" data-end=\"1402\">Pakken Indeholder \ud83d\udce6<\/h2>\n<ul data-start=\"1403\" data-end=\"1456\" data-is-last-node=\"\" data-is-only-node=\"\">\n<li data-start=\"1403\" data-end=\"1456\" data-is-last-node=\"\">\n<p data-start=\"1405\" data-end=\"1456\" data-is-last-node=\"\">1x farverigt udbenet lydl\u00f8st forrudeviskerblad.<\/p>\n<\/li>\n<\/ul>\n<\/div>\n<\/div>\n<\/div>\n<\/div>\n","protected":false},"excerpt":{"rendered":"<p>\ud83d\ude99Disse farverige, lydl\u00f8se vinduesviskere uden ben giver j\u00e6vn, stribefri aft\u00f8rring med reduceret st\u00f8j takket v\u00e6re et dobbelt grafitbelagt gummidesign.<br \/>\n\ud83c\udf27\ufe0fThe rammel\u00f8s, beslagl\u00f8s konstruktion forbedrer kontakt og holdbarhed, samtidig med at den tilf\u00f8jer et dristigt farvetouch til din bil.<br \/>\n\ud83d\udd07De kombinerer p\u00e5lidelig ydeevne i al slags vejr med et rent, moderne look til en stor v\u00e6rdi.<\/p>\n","protected":false},"featured_media":21301,"comment_status":"open","ping_status":"closed","template":"","meta":{"site-sidebar-layout":"default","site-content-layout":"","ast-site-content-layout":"default","site-content-style":"default","site-sidebar-style":"default","ast-global-header-display":"","ast-banner-title-visibility":"","ast-main-header-display":"","ast-hfb-above-header-display":"","ast-hfb-below-header-display":"","ast-hfb-mobile-header-display":"","site-post-title":"","ast-breadcrumbs-content":"","ast-featured-img":"","footer-sml-layout":"","ast-disable-related-posts":"","theme-transparent-header-meta":"default","adv-header-id-meta":"","stick-header-meta":"","header-above-stick-meta":"","header-main-stick-meta":"","header-below-stick-meta":"","astra-migrate-meta-layouts":"set","ast-page-background-enabled":"default","ast-page-background-meta":{"desktop":{"background-color":"var(--ast-global-color-5)","background-image":"","background-repeat":"repeat","background-position":"center center","background-size":"auto","background-attachment":"scroll","background-type":"","background-media":"","overlay-type":"","overlay-color":"","overlay-opacity":"","overlay-gradient":""},"tablet":{"background-color":"","background-image":"","background-repeat":"repeat","background-position":"center center","background-size":"auto","background-attachment":"scroll","background-type":"","background-media":"","overlay-type":"","overlay-color":"","overlay-opacity":"","overlay-gradient":""},"mobile":{"background-color":"","background-image":"","background-repeat":"repeat","background-position":"center center","background-size":"auto","background-attachment":"scroll","background-type":"","background-media":"","overlay-type":"","overlay-color":"","overlay-opacity":"","overlay-gradient":""}},"ast-content-background-meta":{"desktop":{"background-color":"var(--ast-global-color-4)","background-image":"","background-repeat":"repeat","background-position":"center center","background-size":"auto","background-attachment":"scroll","background-type":"","background-media":"","overlay-type":"","overlay-color":"","overlay-opacity":"","overlay-gradient":""},"tablet":{"background-color":"var(--ast-global-color-4)","background-image":"","background-repeat":"repeat","background-position":"center center","background-size":"auto","background-attachment":"scroll","background-type":"","background-media":"","overlay-type":"","overlay-color":"","overlay-opacity":"","overlay-gradient":""},"mobile":{"background-color":"var(--ast-global-color-4)","background-image":"","background-repeat":"repeat","background-position":"center center","background-size":"auto","background-attachment":"scroll","background-type":"","background-media":"","overlay-type":"","overlay-color":"","overlay-opacity":"","overlay-gradient":""}}},"product_brand":[],"product_cat":[161],"product_tag":[],"class_list":{"0":"post-21305","1":"product","2":"type-product","3":"status-publish","4":"has-post-thumbnail","6":"product_cat-bilprodukter","7":"pa_54018_nr2ljg2y-blaa","8":"pa_54018_nr2ljg2y-groen","9":"pa_54018_nr2ljg2y-gul","10":"pa_54018_nr2ljg2y-hvid","11":"pa_54018_nr2ljg2y-roed","12":"pa_54018_nr2ljg2y-sort","13":"pa_54018_rxq74heg-350-mm","14":"pa_54018_rxq74heg-375-mm","15":"pa_54018_rxq74heg-400-mm","16":"pa_54018_rxq74heg-425-mm","17":"pa_54018_rxq74heg-450-mm","18":"pa_54018_rxq74heg-475-mm","19":"pa_54018_rxq74heg-500-mm","20":"pa_54018_rxq74heg-525-mm","21":"pa_54018_rxq74heg-550-mm","22":"pa_54018_rxq74heg-575-mm","23":"pa_54018_rxq74heg-600-mm","24":"pa_54018_rxq74heg-625-mm","25":"pa_54018_rxq74heg-650-mm","26":"pa_54018_rxq74heg-675-mm","27":"pa_54018_rxq74heg-700-mm","28":"pa_54018_rxq74heg-750-mm","29":"desktop-align-left","30":"tablet-align-left","31":"mobile-align-left","33":"first","34":"instock","35":"shipping-taxable","36":"purchasable","37":"product-type-variable","38":"has-default-attributes"},"yoast_head":"<!-- This site is optimized with the Yoast SEO plugin v27.4 - https:\/\/yoast.com\/product\/yoast-seo-wordpress\/ -->\n<title>Farverige, lydl\u00f8se vinduesviskere uden ben - Mekulo DK<\/title>\n<meta name=\"robots\" content=\"index, follow, max-snippet:-1, max-image-preview:large, max-video-preview:-1\" \/>\n<link rel=\"canonical\" href=\"https:\/\/mekulo.com\/dk\/produkt\/farverige-lydloese-vinduesviskere-uden-ben\/\" \/>\n<meta property=\"og:locale\" content=\"da_DK\" \/>\n<meta property=\"og:type\" content=\"article\" \/>\n<meta property=\"og:title\" content=\"Farverige, lydl\u00f8se vinduesviskere uden ben - Mekulo DK\" \/>\n<meta property=\"og:description\" content=\"\ud83d\ude99Disse farverige, lydl\u00f8se vinduesviskere uden ben giver j\u00e6vn, stribefri aft\u00f8rring med reduceret st\u00f8j takket v\u00e6re et dobbelt grafitbelagt gummidesign. \ud83c\udf27\ufe0fThe rammel\u00f8s, beslagl\u00f8s konstruktion forbedrer kontakt og holdbarhed, samtidig med at den tilf\u00f8jer et dristigt farvetouch til din bil. \ud83d\udd07De kombinerer p\u00e5lidelig ydeevne i al slags vejr med et rent, moderne look til en stor v\u00e6rdi.\" \/>\n<meta property=\"og:url\" content=\"https:\/\/mekulo.com\/dk\/produkt\/farverige-lydloese-vinduesviskere-uden-ben\/\" \/>\n<meta property=\"og:site_name\" content=\"Mekulo DK\" \/>\n<meta property=\"article:modified_time\" content=\"2026-02-03T14:30:36+00:00\" \/>\n<meta property=\"og:image\" content=\"https:\/\/mekulo.com\/dk\/wp-content\/uploads\/sites\/12\/2026\/02\/vj1izxz-1.jpg\" \/>\n\t<meta property=\"og:image:width\" content=\"800\" \/>\n\t<meta property=\"og:image:height\" content=\"800\" \/>\n\t<meta property=\"og:image:type\" content=\"image\/jpeg\" \/>\n<meta name=\"twitter:card\" content=\"summary_large_image\" \/>\n<meta name=\"twitter:label1\" content=\"Estimeret l\u00e6setid\" \/>\n\t<meta name=\"twitter:data1\" content=\"2 minutter\" \/>\n<script type=\"application\/ld+json\" class=\"yoast-schema-graph\">{\"@context\":\"https:\\\/\\\/schema.org\",\"@graph\":[{\"@type\":\"WebPage\",\"@id\":\"https:\\\/\\\/mekulo.com\\\/dk\\\/produkt\\\/farverige-lydloese-vinduesviskere-uden-ben\\\/\",\"url\":\"https:\\\/\\\/mekulo.com\\\/dk\\\/produkt\\\/farverige-lydloese-vinduesviskere-uden-ben\\\/\",\"name\":\"Farverige, lydl\u00f8se vinduesviskere uden ben - Mekulo DK\",\"isPartOf\":{\"@id\":\"https:\\\/\\\/mekulo.com\\\/dk\\\/#website\"},\"primaryImageOfPage\":{\"@id\":\"https:\\\/\\\/mekulo.com\\\/dk\\\/produkt\\\/farverige-lydloese-vinduesviskere-uden-ben\\\/#primaryimage\"},\"image\":{\"@id\":\"https:\\\/\\\/mekulo.com\\\/dk\\\/produkt\\\/farverige-lydloese-vinduesviskere-uden-ben\\\/#primaryimage\"},\"thumbnailUrl\":\"https:\\\/\\\/mekulo.com\\\/dk\\\/wp-content\\\/uploads\\\/sites\\\/12\\\/2026\\\/02\\\/vj1izxz-1.jpg\",\"datePublished\":\"2026-02-03T14:09:52+00:00\",\"dateModified\":\"2026-02-03T14:30:36+00:00\",\"breadcrumb\":{\"@id\":\"https:\\\/\\\/mekulo.com\\\/dk\\\/produkt\\\/farverige-lydloese-vinduesviskere-uden-ben\\\/#breadcrumb\"},\"inLanguage\":\"da-DK\",\"potentialAction\":[{\"@type\":\"ReadAction\",\"target\":[\"https:\\\/\\\/mekulo.com\\\/dk\\\/produkt\\\/farverige-lydloese-vinduesviskere-uden-ben\\\/\"]}]},{\"@type\":\"ImageObject\",\"inLanguage\":\"da-DK\",\"@id\":\"https:\\\/\\\/mekulo.com\\\/dk\\\/produkt\\\/farverige-lydloese-vinduesviskere-uden-ben\\\/#primaryimage\",\"url\":\"https:\\\/\\\/mekulo.com\\\/dk\\\/wp-content\\\/uploads\\\/sites\\\/12\\\/2026\\\/02\\\/vj1izxz-1.jpg\",\"contentUrl\":\"https:\\\/\\\/mekulo.com\\\/dk\\\/wp-content\\\/uploads\\\/sites\\\/12\\\/2026\\\/02\\\/vj1izxz-1.jpg\",\"width\":800,\"height\":800},{\"@type\":\"BreadcrumbList\",\"@id\":\"https:\\\/\\\/mekulo.com\\\/dk\\\/produkt\\\/farverige-lydloese-vinduesviskere-uden-ben\\\/#breadcrumb\",\"itemListElement\":[{\"@type\":\"ListItem\",\"position\":1,\"name\":\"Home\",\"item\":\"https:\\\/\\\/mekulo.com\\\/dk\\\/\"},{\"@type\":\"ListItem\",\"position\":2,\"name\":\"Butik\",\"item\":\"https:\\\/\\\/mekulo.com\\\/dk\\\/butik\\\/\"},{\"@type\":\"ListItem\",\"position\":3,\"name\":\"Farverige, lydl\u00f8se vinduesviskere uden ben\"}]},{\"@type\":\"WebSite\",\"@id\":\"https:\\\/\\\/mekulo.com\\\/dk\\\/#website\",\"url\":\"https:\\\/\\\/mekulo.com\\\/dk\\\/\",\"name\":\"Mekulo DK\",\"description\":\"\",\"publisher\":{\"@id\":\"https:\\\/\\\/mekulo.com\\\/dk\\\/#organization\"},\"potentialAction\":[{\"@type\":\"SearchAction\",\"target\":{\"@type\":\"EntryPoint\",\"urlTemplate\":\"https:\\\/\\\/mekulo.com\\\/dk\\\/?s={search_term_string}\"},\"query-input\":{\"@type\":\"PropertyValueSpecification\",\"valueRequired\":true,\"valueName\":\"search_term_string\"}}],\"inLanguage\":\"da-DK\"},{\"@type\":\"Organization\",\"@id\":\"https:\\\/\\\/mekulo.com\\\/dk\\\/#organization\",\"name\":\"Mekulo\",\"url\":\"https:\\\/\\\/mekulo.com\\\/dk\\\/\",\"logo\":{\"@type\":\"ImageObject\",\"inLanguage\":\"da-DK\",\"@id\":\"https:\\\/\\\/mekulo.com\\\/dk\\\/#\\\/schema\\\/logo\\\/image\\\/\",\"url\":\"https:\\\/\\\/mekulo.com\\\/dk\\\/wp-content\\\/uploads\\\/sites\\\/12\\\/2025\\\/12\\\/favicon_mekulo.png\",\"contentUrl\":\"https:\\\/\\\/mekulo.com\\\/dk\\\/wp-content\\\/uploads\\\/sites\\\/12\\\/2025\\\/12\\\/favicon_mekulo.png\",\"width\":50,\"height\":50,\"caption\":\"Mekulo\"},\"image\":{\"@id\":\"https:\\\/\\\/mekulo.com\\\/dk\\\/#\\\/schema\\\/logo\\\/image\\\/\"}}]}<\/script>\n<!-- \/ Yoast SEO plugin. -->","yoast_head_json":{"title":"Farverige, lydl\u00f8se vinduesviskere uden ben - Mekulo DK","robots":{"index":"index","follow":"follow","max-snippet":"max-snippet:-1","max-image-preview":"max-image-preview:large","max-video-preview":"max-video-preview:-1"},"canonical":"https:\/\/mekulo.com\/dk\/produkt\/farverige-lydloese-vinduesviskere-uden-ben\/","og_locale":"da_DK","og_type":"article","og_title":"Farverige, lydl\u00f8se vinduesviskere uden ben - Mekulo DK","og_description":"\ud83d\ude99Disse farverige, lydl\u00f8se vinduesviskere uden ben giver j\u00e6vn, stribefri aft\u00f8rring med reduceret st\u00f8j takket v\u00e6re et dobbelt grafitbelagt gummidesign. \ud83c\udf27\ufe0fThe rammel\u00f8s, beslagl\u00f8s konstruktion forbedrer kontakt og holdbarhed, samtidig med at den tilf\u00f8jer et dristigt farvetouch til din bil. \ud83d\udd07De kombinerer p\u00e5lidelig ydeevne i al slags vejr med et rent, moderne look til en stor v\u00e6rdi.","og_url":"https:\/\/mekulo.com\/dk\/produkt\/farverige-lydloese-vinduesviskere-uden-ben\/","og_site_name":"Mekulo DK","article_modified_time":"2026-02-03T14:30:36+00:00","og_image":[{"width":800,"height":800,"url":"https:\/\/mekulo.com\/dk\/wp-content\/uploads\/sites\/12\/2026\/02\/vj1izxz-1.jpg","type":"image\/jpeg"}],"twitter_card":"summary_large_image","twitter_misc":{"Estimeret l\u00e6setid":"2 minutter"},"schema":{"@context":"https:\/\/schema.org","@graph":[{"@type":"WebPage","@id":"https:\/\/mekulo.com\/dk\/produkt\/farverige-lydloese-vinduesviskere-uden-ben\/","url":"https:\/\/mekulo.com\/dk\/produkt\/farverige-lydloese-vinduesviskere-uden-ben\/","name":"Farverige, lydl\u00f8se vinduesviskere uden ben - Mekulo DK","isPartOf":{"@id":"https:\/\/mekulo.com\/dk\/#website"},"primaryImageOfPage":{"@id":"https:\/\/mekulo.com\/dk\/produkt\/farverige-lydloese-vinduesviskere-uden-ben\/#primaryimage"},"image":{"@id":"https:\/\/mekulo.com\/dk\/produkt\/farverige-lydloese-vinduesviskere-uden-ben\/#primaryimage"},"thumbnailUrl":"https:\/\/mekulo.com\/dk\/wp-content\/uploads\/sites\/12\/2026\/02\/vj1izxz-1.jpg","datePublished":"2026-02-03T14:09:52+00:00","dateModified":"2026-02-03T14:30:36+00:00","breadcrumb":{"@id":"https:\/\/mekulo.com\/dk\/produkt\/farverige-lydloese-vinduesviskere-uden-ben\/#breadcrumb"},"inLanguage":"da-DK","potentialAction":[{"@type":"ReadAction","target":["https:\/\/mekulo.com\/dk\/produkt\/farverige-lydloese-vinduesviskere-uden-ben\/"]}]},{"@type":"ImageObject","inLanguage":"da-DK","@id":"https:\/\/mekulo.com\/dk\/produkt\/farverige-lydloese-vinduesviskere-uden-ben\/#primaryimage","url":"https:\/\/mekulo.com\/dk\/wp-content\/uploads\/sites\/12\/2026\/02\/vj1izxz-1.jpg","contentUrl":"https:\/\/mekulo.com\/dk\/wp-content\/uploads\/sites\/12\/2026\/02\/vj1izxz-1.jpg","width":800,"height":800},{"@type":"BreadcrumbList","@id":"https:\/\/mekulo.com\/dk\/produkt\/farverige-lydloese-vinduesviskere-uden-ben\/#breadcrumb","itemListElement":[{"@type":"ListItem","position":1,"name":"Home","item":"https:\/\/mekulo.com\/dk\/"},{"@type":"ListItem","position":2,"name":"Butik","item":"https:\/\/mekulo.com\/dk\/butik\/"},{"@type":"ListItem","position":3,"name":"Farverige, lydl\u00f8se vinduesviskere uden ben"}]},{"@type":"WebSite","@id":"https:\/\/mekulo.com\/dk\/#website","url":"https:\/\/mekulo.com\/dk\/","name":"Mekulo DK","description":"","publisher":{"@id":"https:\/\/mekulo.com\/dk\/#organization"},"potentialAction":[{"@type":"SearchAction","target":{"@type":"EntryPoint","urlTemplate":"https:\/\/mekulo.com\/dk\/?s={search_term_string}"},"query-input":{"@type":"PropertyValueSpecification","valueRequired":true,"valueName":"search_term_string"}}],"inLanguage":"da-DK"},{"@type":"Organization","@id":"https:\/\/mekulo.com\/dk\/#organization","name":"Mekulo","url":"https:\/\/mekulo.com\/dk\/","logo":{"@type":"ImageObject","inLanguage":"da-DK","@id":"https:\/\/mekulo.com\/dk\/#\/schema\/logo\/image\/","url":"https:\/\/mekulo.com\/dk\/wp-content\/uploads\/sites\/12\/2025\/12\/favicon_mekulo.png","contentUrl":"https:\/\/mekulo.com\/dk\/wp-content\/uploads\/sites\/12\/2025\/12\/favicon_mekulo.png","width":50,"height":50,"caption":"Mekulo"},"image":{"@id":"https:\/\/mekulo.com\/dk\/#\/schema\/logo\/image\/"}}]}},"_links":{"self":[{"href":"https:\/\/mekulo.com\/dk\/wp-json\/wp\/v2\/product\/21305","targetHints":{"allow":["GET"]}}],"collection":[{"href":"https:\/\/mekulo.com\/dk\/wp-json\/wp\/v2\/product"}],"about":[{"href":"https:\/\/mekulo.com\/dk\/wp-json\/wp\/v2\/types\/product"}],"replies":[{"embeddable":true,"href":"https:\/\/mekulo.com\/dk\/wp-json\/wp\/v2\/comments?post=21305"}],"wp:featuredmedia":[{"embeddable":true,"href":"https:\/\/mekulo.com\/dk\/wp-json\/wp\/v2\/media\/21301"}],"wp:attachment":[{"href":"https:\/\/mekulo.com\/dk\/wp-json\/wp\/v2\/media?parent=21305"}],"wp:term":[{"taxonomy":"product_brand","embeddable":true,"href":"https:\/\/mekulo.com\/dk\/wp-json\/wp\/v2\/product_brand?post=21305"},{"taxonomy":"product_cat","embeddable":true,"href":"https:\/\/mekulo.com\/dk\/wp-json\/wp\/v2\/product_cat?post=21305"},{"taxonomy":"product_tag","embeddable":true,"href":"https:\/\/mekulo.com\/dk\/wp-json\/wp\/v2\/product_tag?post=21305"}],"curies":[{"name":"wp","href":"https:\/\/api.w.org\/{rel}","templated":true}]}}