{"id":21282,"date":"2026-02-03T16:05:44","date_gmt":"2026-02-03T14:05:44","guid":{"rendered":"https:\/\/mekulo.com\/dk\/produkt\/stativ-til-frituregryde\/"},"modified":"2026-02-04T15:00:08","modified_gmt":"2026-02-04T13:00:08","slug":"stativ-til-frituregryde","status":"publish","type":"product","link":"https:\/\/mekulo.com\/dk\/produkt\/stativ-til-frituregryde\/","title":{"rendered":"Stativ til frituregryde"},"content":{"rendered":"<p style=\"text-align: center\" data-start=\"0\" data-end=\"74\"><strong data-start=\"0\" data-end=\"74\">Tilbered Mere Mad J\u00e6vnt Og Spar Tid Med En Frituregryde I Flere Lag. \ud83c\udf57<\/strong><\/p>\n<p data-start=\"0\" data-end=\"74\"><img fetchpriority=\"high\" decoding=\"async\" class=\"size-full wp-image-22691 aligncenter\" src=\"https:\/\/mekulo.com\/template\/wp-content\/uploads\/sites\/6\/2026\/01\/S052a33e818564451bcbf16b2474561d8g.jpg_960x960q75.jpg_.jpg\" alt=\"\" width=\"1072\" height=\"872\" \/><\/p>\n<h2 style=\"text-align: center\" data-start=\"388\" data-end=\"405\">Hovedfordele \ud83d\udd25<\/h2>\n<p data-start=\"408\" data-end=\"470\">\ud83c\udf7d\ufe0f Trelagsdesign &#8211; Tilbered mere mad p\u00e5 samme tid.<\/p>\n<p data-start=\"473\" data-end=\"534\">\ud83d\udd25 J\u00e6vn luftcirkulation &#8211; Forbedrer tilberedning og spr\u00f8dhed.<\/p>\n<p data-start=\"537\" data-end=\"593\">\ud83e\uddf1 F\u00f8devaresikkert st\u00e5l &#8211; Lavet af 304 rustfrit st\u00e5l.<\/p>\n<p data-start=\"596\" data-end=\"656\">\ud83e\uddfc Let at reng\u00f8re &#8211; Glat overflade, opvaskemaskinevenlig.<\/p>\n<p data-start=\"659\" data-end=\"711\">\ud83e\udde9 Aftagelige hylder &#8211; Enkel at bruge og opbevare.<\/p>\n<p data-start=\"714\" data-end=\"786\">\ud83c\udf56 Multifunktionel anvendelse &#8211; Perfekt til t\u00f8rret frugt og grill.<\/p>\n<p data-start=\"714\" data-end=\"786\"><img decoding=\"async\" class=\"size-full wp-image-22692 aligncenter\" src=\"https:\/\/mekulo.com\/template\/wp-content\/uploads\/sites\/6\/2026\/01\/S19a0c4d5ab8048dcad0eeafdcdc38214P.jpg_960x960q75.jpg_.jpg\" alt=\"\" width=\"1074\" height=\"947\" \/><\/p>\n<h2 style=\"text-align: center\" data-start=\"788\" data-end=\"802\">S\u00e5dan bruges \ud83d\udccc<\/h2>\n<ol>\n<li>Placer stativet inde i din luftfryserkurv.<\/li>\n<li>Fordel maden j\u00e6vnt p\u00e5 hvert lag.<\/li>\n<li>S\u00e6t kurven ind i luftfryser.<\/li>\n<li>Tilbered som normalt, s\u00e5 luften kan cirkulere mellem lagene.<\/li>\n<li>Fjern og reng\u00f8r stativet efter brug.<\/li>\n<\/ol>\n<h2 style=\"text-align: center\" data-start=\"1035\" data-end=\"1054\">Produktdetaljer \ud83d\udccf<\/h2>\n<ul data-start=\"1055\" data-end=\"1257\">\n<li data-start=\"1055\" data-end=\"1088\">\n<p data-start=\"1057\" data-end=\"1088\">Material: 304 rustfrit st\u00e5l<\/p>\n<\/li>\n<li data-start=\"1089\" data-end=\"1120\">\n<p data-start=\"1091\" data-end=\"1120\">Lag: 3 aftagelige hylder<\/p>\n<\/li>\n<li data-start=\"1121\" data-end=\"1179\">\n<p data-start=\"1123\" data-end=\"1179\">Kompatibilitet: Ninja DZ201 8 Qt \/ DZ401 10 Qt DualZone, men passer ogs\u00e5 til andre luftfrysere<\/p>\n<\/li>\n<li data-start=\"1180\" data-end=\"1219\">\n<p data-start=\"1182\" data-end=\"1219\">Finish: Poleret, f\u00f8devaresikker overflade<\/p>\n<\/li>\n<li data-start=\"1220\" data-end=\"1257\">\n<p data-start=\"1222\" data-end=\"1257\">Brug: Luftstegning, t\u00f8rring, grillning<\/p>\n<\/li>\n<li data-start=\"1220\" data-end=\"1257\">St\u00f8rrelse: 19 x 12,5 x 11. 5 cm<\/li>\n<\/ul>\n<h2 style=\"text-align: center\" data-start=\"1259\" data-end=\"1279\">Pakken indeholder \ud83d\udce6<\/h2>\n<ul data-start=\"1280\" data-end=\"1317\" data-is-last-node=\"\" data-is-only-node=\"\">\n<li data-start=\"1280\" data-end=\"1317\" data-is-last-node=\"\">\n<p data-start=\"1282\" data-end=\"1317\" data-is-last-node=\"\">1x friturestativ (3-lags design).<\/p>\n<\/li>\n<\/ul>\n","protected":false},"excerpt":{"rendered":"<p>\ud83d\udd25Dette frituregryde-stativ tilf\u00f8jer tre stabelbare lag til din frituregryde, s\u00e5 den varme luft kan cirkulere j\u00e6vnt omkring din mad.<br \/>\n\ud83e\udd69Det hj\u00e6lper dig med at tilberede mere p\u00e5 \u00e9n gang, uden at maden klistrer sammen, og udnytter pladsen i din frituregryde bedre.<br \/>\n\ud83d\udc69\u200d\ud83c\udf73A perfekt opgradering til hurtigere m\u00e5ltider, bedre resultater og mere madlavningsfleksibilitet.<\/p>\n","protected":false},"featured_media":21278,"comment_status":"open","ping_status":"closed","template":"","meta":{"site-sidebar-layout":"default","site-content-layout":"","ast-site-content-layout":"default","site-content-style":"default","site-sidebar-style":"default","ast-global-header-display":"","ast-banner-title-visibility":"","ast-main-header-display":"","ast-hfb-above-header-display":"","ast-hfb-below-header-display":"","ast-hfb-mobile-header-display":"","site-post-title":"","ast-breadcrumbs-content":"","ast-featured-img":"","footer-sml-layout":"","ast-disable-related-posts":"","theme-transparent-header-meta":"default","adv-header-id-meta":"","stick-header-meta":"","header-above-stick-meta":"","header-main-stick-meta":"","header-below-stick-meta":"","astra-migrate-meta-layouts":"set","ast-page-background-enabled":"default","ast-page-background-meta":{"desktop":{"background-color":"var(--ast-global-color-5)","background-image":"","background-repeat":"repeat","background-position":"center center","background-size":"auto","background-attachment":"scroll","background-type":"","background-media":"","overlay-type":"","overlay-color":"","overlay-opacity":"","overlay-gradient":""},"tablet":{"background-color":"","background-image":"","background-repeat":"repeat","background-position":"center center","background-size":"auto","background-attachment":"scroll","background-type":"","background-media":"","overlay-type":"","overlay-color":"","overlay-opacity":"","overlay-gradient":""},"mobile":{"background-color":"","background-image":"","background-repeat":"repeat","background-position":"center center","background-size":"auto","background-attachment":"scroll","background-type":"","background-media":"","overlay-type":"","overlay-color":"","overlay-opacity":"","overlay-gradient":""}},"ast-content-background-meta":{"desktop":{"background-color":"var(--ast-global-color-4)","background-image":"","background-repeat":"repeat","background-position":"center center","background-size":"auto","background-attachment":"scroll","background-type":"","background-media":"","overlay-type":"","overlay-color":"","overlay-opacity":"","overlay-gradient":""},"tablet":{"background-color":"var(--ast-global-color-4)","background-image":"","background-repeat":"repeat","background-position":"center center","background-size":"auto","background-attachment":"scroll","background-type":"","background-media":"","overlay-type":"","overlay-color":"","overlay-opacity":"","overlay-gradient":""},"mobile":{"background-color":"var(--ast-global-color-4)","background-image":"","background-repeat":"repeat","background-position":"center center","background-size":"auto","background-attachment":"scroll","background-type":"","background-media":"","overlay-type":"","overlay-color":"","overlay-opacity":"","overlay-gradient":""}}},"product_brand":[],"product_cat":[168],"product_tag":[],"class_list":{"0":"post-21282","1":"product","2":"type-product","3":"status-publish","4":"has-post-thumbnail","6":"product_cat-husholdningsartikler","7":"desktop-align-left","8":"tablet-align-left","9":"mobile-align-left","11":"first","12":"instock","13":"shipping-taxable","14":"purchasable","15":"product-type-simple"},"yoast_head":"<!-- This site is optimized with the Yoast SEO plugin v27.4 - https:\/\/yoast.com\/product\/yoast-seo-wordpress\/ -->\n<title>Stativ til frituregryde - Mekulo DK<\/title>\n<meta name=\"robots\" content=\"index, follow, max-snippet:-1, max-image-preview:large, max-video-preview:-1\" \/>\n<link rel=\"canonical\" href=\"https:\/\/mekulo.com\/dk\/produkt\/stativ-til-frituregryde\/\" \/>\n<meta property=\"og:locale\" content=\"da_DK\" \/>\n<meta property=\"og:type\" content=\"article\" \/>\n<meta property=\"og:title\" content=\"Stativ til frituregryde - Mekulo DK\" \/>\n<meta property=\"og:description\" content=\"\ud83d\udd25Dette frituregryde-stativ tilf\u00f8jer tre stabelbare lag til din frituregryde, s\u00e5 den varme luft kan cirkulere j\u00e6vnt omkring din mad. \ud83e\udd69Det hj\u00e6lper dig med at tilberede mere p\u00e5 \u00e9n gang, uden at maden klistrer sammen, og udnytter pladsen i din frituregryde bedre. \ud83d\udc69\u200d\ud83c\udf73A perfekt opgradering til hurtigere m\u00e5ltider, bedre resultater og mere madlavningsfleksibilitet.\" \/>\n<meta property=\"og:url\" content=\"https:\/\/mekulo.com\/dk\/produkt\/stativ-til-frituregryde\/\" \/>\n<meta property=\"og:site_name\" content=\"Mekulo DK\" \/>\n<meta property=\"article:modified_time\" content=\"2026-02-04T13:00:08+00:00\" \/>\n<meta property=\"og:image\" content=\"https:\/\/mekulo.com\/dk\/wp-content\/uploads\/sites\/12\/2026\/02\/1xvnasu-1.jpg\" \/>\n\t<meta property=\"og:image:width\" content=\"1441\" \/>\n\t<meta property=\"og:image:height\" content=\"1496\" \/>\n\t<meta property=\"og:image:type\" content=\"image\/jpeg\" \/>\n<meta name=\"twitter:card\" content=\"summary_large_image\" \/>\n<meta name=\"twitter:label1\" content=\"Estimeret l\u00e6setid\" \/>\n\t<meta name=\"twitter:data1\" content=\"2 minutter\" \/>\n<script type=\"application\/ld+json\" class=\"yoast-schema-graph\">{\"@context\":\"https:\\\/\\\/schema.org\",\"@graph\":[{\"@type\":\"WebPage\",\"@id\":\"https:\\\/\\\/mekulo.com\\\/dk\\\/produkt\\\/stativ-til-frituregryde\\\/\",\"url\":\"https:\\\/\\\/mekulo.com\\\/dk\\\/produkt\\\/stativ-til-frituregryde\\\/\",\"name\":\"Stativ til frituregryde - Mekulo DK\",\"isPartOf\":{\"@id\":\"https:\\\/\\\/mekulo.com\\\/dk\\\/#website\"},\"primaryImageOfPage\":{\"@id\":\"https:\\\/\\\/mekulo.com\\\/dk\\\/produkt\\\/stativ-til-frituregryde\\\/#primaryimage\"},\"image\":{\"@id\":\"https:\\\/\\\/mekulo.com\\\/dk\\\/produkt\\\/stativ-til-frituregryde\\\/#primaryimage\"},\"thumbnailUrl\":\"https:\\\/\\\/mekulo.com\\\/dk\\\/wp-content\\\/uploads\\\/sites\\\/12\\\/2026\\\/02\\\/1xvnasu-1.jpg\",\"datePublished\":\"2026-02-03T14:05:44+00:00\",\"dateModified\":\"2026-02-04T13:00:08+00:00\",\"breadcrumb\":{\"@id\":\"https:\\\/\\\/mekulo.com\\\/dk\\\/produkt\\\/stativ-til-frituregryde\\\/#breadcrumb\"},\"inLanguage\":\"da-DK\",\"potentialAction\":[{\"@type\":\"ReadAction\",\"target\":[\"https:\\\/\\\/mekulo.com\\\/dk\\\/produkt\\\/stativ-til-frituregryde\\\/\"]}]},{\"@type\":\"ImageObject\",\"inLanguage\":\"da-DK\",\"@id\":\"https:\\\/\\\/mekulo.com\\\/dk\\\/produkt\\\/stativ-til-frituregryde\\\/#primaryimage\",\"url\":\"https:\\\/\\\/mekulo.com\\\/dk\\\/wp-content\\\/uploads\\\/sites\\\/12\\\/2026\\\/02\\\/1xvnasu-1.jpg\",\"contentUrl\":\"https:\\\/\\\/mekulo.com\\\/dk\\\/wp-content\\\/uploads\\\/sites\\\/12\\\/2026\\\/02\\\/1xvnasu-1.jpg\",\"width\":1441,\"height\":1496},{\"@type\":\"BreadcrumbList\",\"@id\":\"https:\\\/\\\/mekulo.com\\\/dk\\\/produkt\\\/stativ-til-frituregryde\\\/#breadcrumb\",\"itemListElement\":[{\"@type\":\"ListItem\",\"position\":1,\"name\":\"Home\",\"item\":\"https:\\\/\\\/mekulo.com\\\/dk\\\/\"},{\"@type\":\"ListItem\",\"position\":2,\"name\":\"Butik\",\"item\":\"https:\\\/\\\/mekulo.com\\\/dk\\\/butik\\\/\"},{\"@type\":\"ListItem\",\"position\":3,\"name\":\"Stativ til frituregryde\"}]},{\"@type\":\"WebSite\",\"@id\":\"https:\\\/\\\/mekulo.com\\\/dk\\\/#website\",\"url\":\"https:\\\/\\\/mekulo.com\\\/dk\\\/\",\"name\":\"Mekulo DK\",\"description\":\"\",\"publisher\":{\"@id\":\"https:\\\/\\\/mekulo.com\\\/dk\\\/#organization\"},\"potentialAction\":[{\"@type\":\"SearchAction\",\"target\":{\"@type\":\"EntryPoint\",\"urlTemplate\":\"https:\\\/\\\/mekulo.com\\\/dk\\\/?s={search_term_string}\"},\"query-input\":{\"@type\":\"PropertyValueSpecification\",\"valueRequired\":true,\"valueName\":\"search_term_string\"}}],\"inLanguage\":\"da-DK\"},{\"@type\":\"Organization\",\"@id\":\"https:\\\/\\\/mekulo.com\\\/dk\\\/#organization\",\"name\":\"Mekulo\",\"url\":\"https:\\\/\\\/mekulo.com\\\/dk\\\/\",\"logo\":{\"@type\":\"ImageObject\",\"inLanguage\":\"da-DK\",\"@id\":\"https:\\\/\\\/mekulo.com\\\/dk\\\/#\\\/schema\\\/logo\\\/image\\\/\",\"url\":\"https:\\\/\\\/mekulo.com\\\/dk\\\/wp-content\\\/uploads\\\/sites\\\/12\\\/2025\\\/12\\\/favicon_mekulo.png\",\"contentUrl\":\"https:\\\/\\\/mekulo.com\\\/dk\\\/wp-content\\\/uploads\\\/sites\\\/12\\\/2025\\\/12\\\/favicon_mekulo.png\",\"width\":50,\"height\":50,\"caption\":\"Mekulo\"},\"image\":{\"@id\":\"https:\\\/\\\/mekulo.com\\\/dk\\\/#\\\/schema\\\/logo\\\/image\\\/\"}}]}<\/script>\n<!-- \/ Yoast SEO plugin. -->","yoast_head_json":{"title":"Stativ til frituregryde - Mekulo DK","robots":{"index":"index","follow":"follow","max-snippet":"max-snippet:-1","max-image-preview":"max-image-preview:large","max-video-preview":"max-video-preview:-1"},"canonical":"https:\/\/mekulo.com\/dk\/produkt\/stativ-til-frituregryde\/","og_locale":"da_DK","og_type":"article","og_title":"Stativ til frituregryde - Mekulo DK","og_description":"\ud83d\udd25Dette frituregryde-stativ tilf\u00f8jer tre stabelbare lag til din frituregryde, s\u00e5 den varme luft kan cirkulere j\u00e6vnt omkring din mad. \ud83e\udd69Det hj\u00e6lper dig med at tilberede mere p\u00e5 \u00e9n gang, uden at maden klistrer sammen, og udnytter pladsen i din frituregryde bedre. \ud83d\udc69\u200d\ud83c\udf73A perfekt opgradering til hurtigere m\u00e5ltider, bedre resultater og mere madlavningsfleksibilitet.","og_url":"https:\/\/mekulo.com\/dk\/produkt\/stativ-til-frituregryde\/","og_site_name":"Mekulo DK","article_modified_time":"2026-02-04T13:00:08+00:00","og_image":[{"width":1441,"height":1496,"url":"https:\/\/mekulo.com\/dk\/wp-content\/uploads\/sites\/12\/2026\/02\/1xvnasu-1.jpg","type":"image\/jpeg"}],"twitter_card":"summary_large_image","twitter_misc":{"Estimeret l\u00e6setid":"2 minutter"},"schema":{"@context":"https:\/\/schema.org","@graph":[{"@type":"WebPage","@id":"https:\/\/mekulo.com\/dk\/produkt\/stativ-til-frituregryde\/","url":"https:\/\/mekulo.com\/dk\/produkt\/stativ-til-frituregryde\/","name":"Stativ til frituregryde - Mekulo DK","isPartOf":{"@id":"https:\/\/mekulo.com\/dk\/#website"},"primaryImageOfPage":{"@id":"https:\/\/mekulo.com\/dk\/produkt\/stativ-til-frituregryde\/#primaryimage"},"image":{"@id":"https:\/\/mekulo.com\/dk\/produkt\/stativ-til-frituregryde\/#primaryimage"},"thumbnailUrl":"https:\/\/mekulo.com\/dk\/wp-content\/uploads\/sites\/12\/2026\/02\/1xvnasu-1.jpg","datePublished":"2026-02-03T14:05:44+00:00","dateModified":"2026-02-04T13:00:08+00:00","breadcrumb":{"@id":"https:\/\/mekulo.com\/dk\/produkt\/stativ-til-frituregryde\/#breadcrumb"},"inLanguage":"da-DK","potentialAction":[{"@type":"ReadAction","target":["https:\/\/mekulo.com\/dk\/produkt\/stativ-til-frituregryde\/"]}]},{"@type":"ImageObject","inLanguage":"da-DK","@id":"https:\/\/mekulo.com\/dk\/produkt\/stativ-til-frituregryde\/#primaryimage","url":"https:\/\/mekulo.com\/dk\/wp-content\/uploads\/sites\/12\/2026\/02\/1xvnasu-1.jpg","contentUrl":"https:\/\/mekulo.com\/dk\/wp-content\/uploads\/sites\/12\/2026\/02\/1xvnasu-1.jpg","width":1441,"height":1496},{"@type":"BreadcrumbList","@id":"https:\/\/mekulo.com\/dk\/produkt\/stativ-til-frituregryde\/#breadcrumb","itemListElement":[{"@type":"ListItem","position":1,"name":"Home","item":"https:\/\/mekulo.com\/dk\/"},{"@type":"ListItem","position":2,"name":"Butik","item":"https:\/\/mekulo.com\/dk\/butik\/"},{"@type":"ListItem","position":3,"name":"Stativ til frituregryde"}]},{"@type":"WebSite","@id":"https:\/\/mekulo.com\/dk\/#website","url":"https:\/\/mekulo.com\/dk\/","name":"Mekulo DK","description":"","publisher":{"@id":"https:\/\/mekulo.com\/dk\/#organization"},"potentialAction":[{"@type":"SearchAction","target":{"@type":"EntryPoint","urlTemplate":"https:\/\/mekulo.com\/dk\/?s={search_term_string}"},"query-input":{"@type":"PropertyValueSpecification","valueRequired":true,"valueName":"search_term_string"}}],"inLanguage":"da-DK"},{"@type":"Organization","@id":"https:\/\/mekulo.com\/dk\/#organization","name":"Mekulo","url":"https:\/\/mekulo.com\/dk\/","logo":{"@type":"ImageObject","inLanguage":"da-DK","@id":"https:\/\/mekulo.com\/dk\/#\/schema\/logo\/image\/","url":"https:\/\/mekulo.com\/dk\/wp-content\/uploads\/sites\/12\/2025\/12\/favicon_mekulo.png","contentUrl":"https:\/\/mekulo.com\/dk\/wp-content\/uploads\/sites\/12\/2025\/12\/favicon_mekulo.png","width":50,"height":50,"caption":"Mekulo"},"image":{"@id":"https:\/\/mekulo.com\/dk\/#\/schema\/logo\/image\/"}}]}},"_links":{"self":[{"href":"https:\/\/mekulo.com\/dk\/wp-json\/wp\/v2\/product\/21282","targetHints":{"allow":["GET"]}}],"collection":[{"href":"https:\/\/mekulo.com\/dk\/wp-json\/wp\/v2\/product"}],"about":[{"href":"https:\/\/mekulo.com\/dk\/wp-json\/wp\/v2\/types\/product"}],"replies":[{"embeddable":true,"href":"https:\/\/mekulo.com\/dk\/wp-json\/wp\/v2\/comments?post=21282"}],"wp:featuredmedia":[{"embeddable":true,"href":"https:\/\/mekulo.com\/dk\/wp-json\/wp\/v2\/media\/21278"}],"wp:attachment":[{"href":"https:\/\/mekulo.com\/dk\/wp-json\/wp\/v2\/media?parent=21282"}],"wp:term":[{"taxonomy":"product_brand","embeddable":true,"href":"https:\/\/mekulo.com\/dk\/wp-json\/wp\/v2\/product_brand?post=21282"},{"taxonomy":"product_cat","embeddable":true,"href":"https:\/\/mekulo.com\/dk\/wp-json\/wp\/v2\/product_cat?post=21282"},{"taxonomy":"product_tag","embeddable":true,"href":"https:\/\/mekulo.com\/dk\/wp-json\/wp\/v2\/product_tag?post=21282"}],"curies":[{"name":"wp","href":"https:\/\/api.w.org\/{rel}","templated":true}]}}