{"id":21266,"date":"2026-02-03T16:04:22","date_gmt":"2026-02-03T14:04:22","guid":{"rendered":"https:\/\/mekulo.com\/dk\/produkt\/udtraekkelig-dobbelt-hundesnor-med-led-lys\/"},"modified":"2026-02-03T16:04:32","modified_gmt":"2026-02-03T14:04:32","slug":"udtraekkelig-dobbelt-hundesnor-med-led-lys","status":"publish","type":"product","link":"https:\/\/mekulo.com\/dk\/produkt\/udtraekkelig-dobbelt-hundesnor-med-led-lys\/","title":{"rendered":"Udtr\u00e6kkelig dobbelt hundesnor med LED-lys"},"content":{"rendered":"<p style=\"text-align: center\" data-start=\"0\" data-end=\"68\"><strong data-start=\"0\" data-end=\"68\">G\u00e5 tur med to hunde sikkert og komfortabelt med \u00e9n snor, der ikke vikler sig sammen. \ud83d\udc15\u200d\ud83e\uddba<\/strong><\/p>\n<p data-start=\"0\" data-end=\"68\"><img decoding=\"async\" class=\"size-full wp-image-22678 aligncenter\" src=\"https:\/\/mekulo.com\/template\/wp-content\/uploads\/sites\/6\/2026\/01\/5f96ccbea0352ca7e40126be24cefcc310b85c2f.avif\" alt=\"\" \/><\/p>\n<h2 style=\"text-align: center\" data-start=\"365\" data-end=\"382\">Main Fordele \ud83d\udc36<\/h2>\n<p data-start=\"385\" data-end=\"450\">\ud83d\udd04 360\u00b0 anti-tangle design &#8211; J\u00e6vn rotation forhindrer knuder.<\/p>\n<p data-start=\"453\" data-end=\"517\">\ud83d\udc15\ud83d\udc15 To udtr\u00e6kkelige snore &#8211; 3 m forl\u00e6ngelse til hver hund.<\/p>\n<p data-start=\"520\" data-end=\"574\">\ud83d\udd26 Indbygget LED-lys &#8211; Sikrere g\u00e5ture i svagt lys.<\/p>\n<p data-start=\"577\" data-end=\"633\">\ud83d\uded1 \u00d8jeblikkeligt l\u00e5sesystem &#8211; Hurtig opbremsning, n\u00e5r det er n\u00f8dvendigt.<\/p>\n<p data-start=\"636\" data-end=\"696\">\ud83d\udcaa St\u00e6rk og holdbar &#8211; Forst\u00e6rkede nylon- og legeringsdele.<\/p>\n<p data-start=\"699\" data-end=\"755\">\u270b Komfortabelt h\u00e5ndtag &#8211; Skridsikkert og nemt at holde p\u00e5.<\/p>\n<p data-start=\"699\" data-end=\"755\"><img fetchpriority=\"high\" decoding=\"async\" class=\"size-full wp-image-22679 aligncenter\" src=\"https:\/\/mekulo.com\/template\/wp-content\/uploads\/sites\/6\/2026\/01\/S7a863709d38d47d7bde9f254ddfc93647.webp\" alt=\"\" width=\"970\" height=\"600\" \/><\/p>\n<h2 style=\"text-align: center\" data-start=\"757\" data-end=\"771\">S\u00e5dan Bruges \ud83d\udccc<\/h2>\n<ol data-start=\"772\" data-end=\"1043\">\n<li data-start=\"772\" data-end=\"829\">\n<p data-start=\"775\" data-end=\"829\">Fastg\u00f8r hver clips til dine hundes halsb\u00e5nd eller seler.<\/p>\n<\/li>\n<li data-start=\"830\" data-end=\"874\">\n<p data-start=\"833\" data-end=\"874\">Juster hver snorl\u00e6ngde uafh\u00e6ngigt af hinanden.<\/p>\n<\/li>\n<li data-start=\"875\" data-end=\"930\">\n<p data-start=\"878\" data-end=\"930\">Brug bremseknappen til at l\u00e5se eller frig\u00f8re efter behov.<\/p>\n<\/li>\n<li data-start=\"931\" data-end=\"991\">\n<p data-start=\"934\" data-end=\"991\">T\u00e6nd LED-lyset til g\u00e5ture om natten eller tidligt om morgenen.<\/p>\n<\/li>\n<li data-start=\"992\" data-end=\"1043\">\n<p data-start=\"995\" data-end=\"1043\">Nyd en j\u00e6vn, sammenfiltret g\u00e5tur med begge hunde.<\/p>\n<\/li>\n<\/ol>\n<h2 style=\"text-align: center\" data-start=\"1045\" data-end=\"1064\">Produktdetaljer \ud83d\udccf<\/h2>\n<ul data-start=\"1065\" data-end=\"1307\">\n<li data-start=\"1065\" data-end=\"1103\">\n<p data-start=\"1067\" data-end=\"1103\">Snorl\u00e6ngde: 3 m x 2<\/p>\n<\/li>\n<li data-start=\"1104\" data-end=\"1141\">\n<p data-start=\"1106\" data-end=\"1141\">Rotation: 360\u00b0 dobbelt drejesystem<\/p>\n<\/li>\n<li data-start=\"1142\" data-end=\"1200\">\n<p data-start=\"1144\" data-end=\"1200\">Materiale: Forst\u00e6rket nylon + korrosionsbestandig legering<\/p>\n<\/li>\n<li data-start=\"1201\" data-end=\"1237\">\n<p data-start=\"1203\" data-end=\"1237\">H\u00e5ndtag: Ergonomisk, skridsikkert greb<\/p>\n<\/li>\n<li data-start=\"1238\" data-end=\"1276\">\n<p data-start=\"1240\" data-end=\"1276\">LED-tilstande: Steady \/ Flash \/ Strobe<\/p>\n<\/li>\n<li data-start=\"1277\" data-end=\"1307\">\n<p data-start=\"1279\" data-end=\"1307\">Belastningskapacitet: Op til 25 kg<\/p>\n<\/li>\n<\/ul>\n<h2 style=\"text-align: center\" data-start=\"1309\" data-end=\"1329\">Pakken Indeholder \ud83d\udce6<\/h2>\n<ul data-start=\"1330\" data-end=\"1377\" data-is-last-node=\"\" data-is-only-node=\"\">\n<li data-start=\"1330\" data-end=\"1377\" data-is-last-node=\"\">\n<p data-start=\"1332\" data-end=\"1377\" data-is-last-node=\"\">1x indtr\u00e6kkelig dobbelt hundesnor med LED-lys.<\/p>\n<\/li>\n<\/ul>\n","protected":false},"excerpt":{"rendered":"<p>\ud83d\udc15Denne udtr\u00e6kkelige dobbelte hundesnor med LED-lys giver dig mulighed for at styre to hunde p\u00e5 \u00e9n gang uden knuder eller stress.<br \/>\n\ud83d\udd26Hver snor str\u00e6kker sig uafh\u00e6ngigt, mens det indbyggede LED-lys holder dig synlig under natteture.<br \/>\n\ud83d\udeb6Perfekt til daglige g\u00e5ture, der giver begge hunde frihed, mens du har fuld kontrol.<\/p>\n","protected":false},"featured_media":21262,"comment_status":"open","ping_status":"closed","template":"","meta":{"site-sidebar-layout":"default","site-content-layout":"","ast-site-content-layout":"default","site-content-style":"default","site-sidebar-style":"default","ast-global-header-display":"","ast-banner-title-visibility":"","ast-main-header-display":"","ast-hfb-above-header-display":"","ast-hfb-below-header-display":"","ast-hfb-mobile-header-display":"","site-post-title":"","ast-breadcrumbs-content":"","ast-featured-img":"","footer-sml-layout":"","ast-disable-related-posts":"","theme-transparent-header-meta":"default","adv-header-id-meta":"","stick-header-meta":"","header-above-stick-meta":"","header-main-stick-meta":"","header-below-stick-meta":"","astra-migrate-meta-layouts":"set","ast-page-background-enabled":"default","ast-page-background-meta":{"desktop":{"background-color":"var(--ast-global-color-5)","background-image":"","background-repeat":"repeat","background-position":"center center","background-size":"auto","background-attachment":"scroll","background-type":"","background-media":"","overlay-type":"","overlay-color":"","overlay-opacity":"","overlay-gradient":""},"tablet":{"background-color":"","background-image":"","background-repeat":"repeat","background-position":"center center","background-size":"auto","background-attachment":"scroll","background-type":"","background-media":"","overlay-type":"","overlay-color":"","overlay-opacity":"","overlay-gradient":""},"mobile":{"background-color":"","background-image":"","background-repeat":"repeat","background-position":"center center","background-size":"auto","background-attachment":"scroll","background-type":"","background-media":"","overlay-type":"","overlay-color":"","overlay-opacity":"","overlay-gradient":""}},"ast-content-background-meta":{"desktop":{"background-color":"var(--ast-global-color-4)","background-image":"","background-repeat":"repeat","background-position":"center center","background-size":"auto","background-attachment":"scroll","background-type":"","background-media":"","overlay-type":"","overlay-color":"","overlay-opacity":"","overlay-gradient":""},"tablet":{"background-color":"var(--ast-global-color-4)","background-image":"","background-repeat":"repeat","background-position":"center center","background-size":"auto","background-attachment":"scroll","background-type":"","background-media":"","overlay-type":"","overlay-color":"","overlay-opacity":"","overlay-gradient":""},"mobile":{"background-color":"var(--ast-global-color-4)","background-image":"","background-repeat":"repeat","background-position":"center center","background-size":"auto","background-attachment":"scroll","background-type":"","background-media":"","overlay-type":"","overlay-color":"","overlay-opacity":"","overlay-gradient":""}}},"product_brand":[],"product_cat":[169],"product_tag":[],"class_list":{"0":"post-21266","1":"product","2":"type-product","3":"status-publish","4":"has-post-thumbnail","6":"product_cat-kaeledyrsprodukter","7":"pa_52546_fsbp8pp7-blaa","8":"pa_52546_fsbp8pp7-roed","9":"pa_52546_fsbp8pp7-sort","10":"desktop-align-left","11":"tablet-align-left","12":"mobile-align-left","14":"first","15":"instock","16":"shipping-taxable","17":"purchasable","18":"product-type-variable"},"yoast_head":"<!-- This site is optimized with the Yoast SEO plugin v27.4 - https:\/\/yoast.com\/product\/yoast-seo-wordpress\/ -->\n<title>Udtr\u00e6kkelig dobbelt hundesnor med LED-lys - Mekulo DK<\/title>\n<meta name=\"robots\" content=\"index, follow, max-snippet:-1, max-image-preview:large, max-video-preview:-1\" \/>\n<link rel=\"canonical\" href=\"https:\/\/mekulo.com\/dk\/produkt\/udtraekkelig-dobbelt-hundesnor-med-led-lys\/\" \/>\n<meta property=\"og:locale\" content=\"da_DK\" \/>\n<meta property=\"og:type\" content=\"article\" \/>\n<meta property=\"og:title\" content=\"Udtr\u00e6kkelig dobbelt hundesnor med LED-lys - Mekulo DK\" \/>\n<meta property=\"og:description\" content=\"\ud83d\udc15Denne udtr\u00e6kkelige dobbelte hundesnor med LED-lys giver dig mulighed for at styre to hunde p\u00e5 \u00e9n gang uden knuder eller stress. \ud83d\udd26Hver snor str\u00e6kker sig uafh\u00e6ngigt, mens det indbyggede LED-lys holder dig synlig under natteture. \ud83d\udeb6Perfekt til daglige g\u00e5ture, der giver begge hunde frihed, mens du har fuld kontrol.\" \/>\n<meta property=\"og:url\" content=\"https:\/\/mekulo.com\/dk\/produkt\/udtraekkelig-dobbelt-hundesnor-med-led-lys\/\" \/>\n<meta property=\"og:site_name\" content=\"Mekulo DK\" \/>\n<meta property=\"article:modified_time\" content=\"2026-02-03T14:04:32+00:00\" \/>\n<meta property=\"og:image\" content=\"https:\/\/mekulo.com\/dk\/wp-content\/uploads\/sites\/12\/2026\/02\/03bzjlr-1.jpg\" \/>\n\t<meta property=\"og:image:width\" content=\"1080\" \/>\n\t<meta property=\"og:image:height\" content=\"1080\" \/>\n\t<meta property=\"og:image:type\" content=\"image\/jpeg\" \/>\n<meta name=\"twitter:card\" content=\"summary_large_image\" \/>\n<meta name=\"twitter:label1\" content=\"Estimeret l\u00e6setid\" \/>\n\t<meta name=\"twitter:data1\" content=\"2 minutter\" \/>\n<script type=\"application\/ld+json\" class=\"yoast-schema-graph\">{\"@context\":\"https:\\\/\\\/schema.org\",\"@graph\":[{\"@type\":\"WebPage\",\"@id\":\"https:\\\/\\\/mekulo.com\\\/dk\\\/produkt\\\/udtraekkelig-dobbelt-hundesnor-med-led-lys\\\/\",\"url\":\"https:\\\/\\\/mekulo.com\\\/dk\\\/produkt\\\/udtraekkelig-dobbelt-hundesnor-med-led-lys\\\/\",\"name\":\"Udtr\u00e6kkelig dobbelt hundesnor med LED-lys - Mekulo DK\",\"isPartOf\":{\"@id\":\"https:\\\/\\\/mekulo.com\\\/dk\\\/#website\"},\"primaryImageOfPage\":{\"@id\":\"https:\\\/\\\/mekulo.com\\\/dk\\\/produkt\\\/udtraekkelig-dobbelt-hundesnor-med-led-lys\\\/#primaryimage\"},\"image\":{\"@id\":\"https:\\\/\\\/mekulo.com\\\/dk\\\/produkt\\\/udtraekkelig-dobbelt-hundesnor-med-led-lys\\\/#primaryimage\"},\"thumbnailUrl\":\"https:\\\/\\\/mekulo.com\\\/dk\\\/wp-content\\\/uploads\\\/sites\\\/12\\\/2026\\\/02\\\/03bzjlr-1.jpg\",\"datePublished\":\"2026-02-03T14:04:22+00:00\",\"dateModified\":\"2026-02-03T14:04:32+00:00\",\"breadcrumb\":{\"@id\":\"https:\\\/\\\/mekulo.com\\\/dk\\\/produkt\\\/udtraekkelig-dobbelt-hundesnor-med-led-lys\\\/#breadcrumb\"},\"inLanguage\":\"da-DK\",\"potentialAction\":[{\"@type\":\"ReadAction\",\"target\":[\"https:\\\/\\\/mekulo.com\\\/dk\\\/produkt\\\/udtraekkelig-dobbelt-hundesnor-med-led-lys\\\/\"]}]},{\"@type\":\"ImageObject\",\"inLanguage\":\"da-DK\",\"@id\":\"https:\\\/\\\/mekulo.com\\\/dk\\\/produkt\\\/udtraekkelig-dobbelt-hundesnor-med-led-lys\\\/#primaryimage\",\"url\":\"https:\\\/\\\/mekulo.com\\\/dk\\\/wp-content\\\/uploads\\\/sites\\\/12\\\/2026\\\/02\\\/03bzjlr-1.jpg\",\"contentUrl\":\"https:\\\/\\\/mekulo.com\\\/dk\\\/wp-content\\\/uploads\\\/sites\\\/12\\\/2026\\\/02\\\/03bzjlr-1.jpg\",\"width\":1080,\"height\":1080},{\"@type\":\"BreadcrumbList\",\"@id\":\"https:\\\/\\\/mekulo.com\\\/dk\\\/produkt\\\/udtraekkelig-dobbelt-hundesnor-med-led-lys\\\/#breadcrumb\",\"itemListElement\":[{\"@type\":\"ListItem\",\"position\":1,\"name\":\"Home\",\"item\":\"https:\\\/\\\/mekulo.com\\\/dk\\\/\"},{\"@type\":\"ListItem\",\"position\":2,\"name\":\"Butik\",\"item\":\"https:\\\/\\\/mekulo.com\\\/dk\\\/butik\\\/\"},{\"@type\":\"ListItem\",\"position\":3,\"name\":\"Udtr\u00e6kkelig dobbelt hundesnor med LED-lys\"}]},{\"@type\":\"WebSite\",\"@id\":\"https:\\\/\\\/mekulo.com\\\/dk\\\/#website\",\"url\":\"https:\\\/\\\/mekulo.com\\\/dk\\\/\",\"name\":\"Mekulo DK\",\"description\":\"\",\"publisher\":{\"@id\":\"https:\\\/\\\/mekulo.com\\\/dk\\\/#organization\"},\"potentialAction\":[{\"@type\":\"SearchAction\",\"target\":{\"@type\":\"EntryPoint\",\"urlTemplate\":\"https:\\\/\\\/mekulo.com\\\/dk\\\/?s={search_term_string}\"},\"query-input\":{\"@type\":\"PropertyValueSpecification\",\"valueRequired\":true,\"valueName\":\"search_term_string\"}}],\"inLanguage\":\"da-DK\"},{\"@type\":\"Organization\",\"@id\":\"https:\\\/\\\/mekulo.com\\\/dk\\\/#organization\",\"name\":\"Mekulo\",\"url\":\"https:\\\/\\\/mekulo.com\\\/dk\\\/\",\"logo\":{\"@type\":\"ImageObject\",\"inLanguage\":\"da-DK\",\"@id\":\"https:\\\/\\\/mekulo.com\\\/dk\\\/#\\\/schema\\\/logo\\\/image\\\/\",\"url\":\"https:\\\/\\\/mekulo.com\\\/dk\\\/wp-content\\\/uploads\\\/sites\\\/12\\\/2025\\\/12\\\/favicon_mekulo.png\",\"contentUrl\":\"https:\\\/\\\/mekulo.com\\\/dk\\\/wp-content\\\/uploads\\\/sites\\\/12\\\/2025\\\/12\\\/favicon_mekulo.png\",\"width\":50,\"height\":50,\"caption\":\"Mekulo\"},\"image\":{\"@id\":\"https:\\\/\\\/mekulo.com\\\/dk\\\/#\\\/schema\\\/logo\\\/image\\\/\"}}]}<\/script>\n<!-- \/ Yoast SEO plugin. -->","yoast_head_json":{"title":"Udtr\u00e6kkelig dobbelt hundesnor med LED-lys - Mekulo DK","robots":{"index":"index","follow":"follow","max-snippet":"max-snippet:-1","max-image-preview":"max-image-preview:large","max-video-preview":"max-video-preview:-1"},"canonical":"https:\/\/mekulo.com\/dk\/produkt\/udtraekkelig-dobbelt-hundesnor-med-led-lys\/","og_locale":"da_DK","og_type":"article","og_title":"Udtr\u00e6kkelig dobbelt hundesnor med LED-lys - Mekulo DK","og_description":"\ud83d\udc15Denne udtr\u00e6kkelige dobbelte hundesnor med LED-lys giver dig mulighed for at styre to hunde p\u00e5 \u00e9n gang uden knuder eller stress. \ud83d\udd26Hver snor str\u00e6kker sig uafh\u00e6ngigt, mens det indbyggede LED-lys holder dig synlig under natteture. \ud83d\udeb6Perfekt til daglige g\u00e5ture, der giver begge hunde frihed, mens du har fuld kontrol.","og_url":"https:\/\/mekulo.com\/dk\/produkt\/udtraekkelig-dobbelt-hundesnor-med-led-lys\/","og_site_name":"Mekulo DK","article_modified_time":"2026-02-03T14:04:32+00:00","og_image":[{"width":1080,"height":1080,"url":"https:\/\/mekulo.com\/dk\/wp-content\/uploads\/sites\/12\/2026\/02\/03bzjlr-1.jpg","type":"image\/jpeg"}],"twitter_card":"summary_large_image","twitter_misc":{"Estimeret l\u00e6setid":"2 minutter"},"schema":{"@context":"https:\/\/schema.org","@graph":[{"@type":"WebPage","@id":"https:\/\/mekulo.com\/dk\/produkt\/udtraekkelig-dobbelt-hundesnor-med-led-lys\/","url":"https:\/\/mekulo.com\/dk\/produkt\/udtraekkelig-dobbelt-hundesnor-med-led-lys\/","name":"Udtr\u00e6kkelig dobbelt hundesnor med LED-lys - Mekulo DK","isPartOf":{"@id":"https:\/\/mekulo.com\/dk\/#website"},"primaryImageOfPage":{"@id":"https:\/\/mekulo.com\/dk\/produkt\/udtraekkelig-dobbelt-hundesnor-med-led-lys\/#primaryimage"},"image":{"@id":"https:\/\/mekulo.com\/dk\/produkt\/udtraekkelig-dobbelt-hundesnor-med-led-lys\/#primaryimage"},"thumbnailUrl":"https:\/\/mekulo.com\/dk\/wp-content\/uploads\/sites\/12\/2026\/02\/03bzjlr-1.jpg","datePublished":"2026-02-03T14:04:22+00:00","dateModified":"2026-02-03T14:04:32+00:00","breadcrumb":{"@id":"https:\/\/mekulo.com\/dk\/produkt\/udtraekkelig-dobbelt-hundesnor-med-led-lys\/#breadcrumb"},"inLanguage":"da-DK","potentialAction":[{"@type":"ReadAction","target":["https:\/\/mekulo.com\/dk\/produkt\/udtraekkelig-dobbelt-hundesnor-med-led-lys\/"]}]},{"@type":"ImageObject","inLanguage":"da-DK","@id":"https:\/\/mekulo.com\/dk\/produkt\/udtraekkelig-dobbelt-hundesnor-med-led-lys\/#primaryimage","url":"https:\/\/mekulo.com\/dk\/wp-content\/uploads\/sites\/12\/2026\/02\/03bzjlr-1.jpg","contentUrl":"https:\/\/mekulo.com\/dk\/wp-content\/uploads\/sites\/12\/2026\/02\/03bzjlr-1.jpg","width":1080,"height":1080},{"@type":"BreadcrumbList","@id":"https:\/\/mekulo.com\/dk\/produkt\/udtraekkelig-dobbelt-hundesnor-med-led-lys\/#breadcrumb","itemListElement":[{"@type":"ListItem","position":1,"name":"Home","item":"https:\/\/mekulo.com\/dk\/"},{"@type":"ListItem","position":2,"name":"Butik","item":"https:\/\/mekulo.com\/dk\/butik\/"},{"@type":"ListItem","position":3,"name":"Udtr\u00e6kkelig dobbelt hundesnor med LED-lys"}]},{"@type":"WebSite","@id":"https:\/\/mekulo.com\/dk\/#website","url":"https:\/\/mekulo.com\/dk\/","name":"Mekulo DK","description":"","publisher":{"@id":"https:\/\/mekulo.com\/dk\/#organization"},"potentialAction":[{"@type":"SearchAction","target":{"@type":"EntryPoint","urlTemplate":"https:\/\/mekulo.com\/dk\/?s={search_term_string}"},"query-input":{"@type":"PropertyValueSpecification","valueRequired":true,"valueName":"search_term_string"}}],"inLanguage":"da-DK"},{"@type":"Organization","@id":"https:\/\/mekulo.com\/dk\/#organization","name":"Mekulo","url":"https:\/\/mekulo.com\/dk\/","logo":{"@type":"ImageObject","inLanguage":"da-DK","@id":"https:\/\/mekulo.com\/dk\/#\/schema\/logo\/image\/","url":"https:\/\/mekulo.com\/dk\/wp-content\/uploads\/sites\/12\/2025\/12\/favicon_mekulo.png","contentUrl":"https:\/\/mekulo.com\/dk\/wp-content\/uploads\/sites\/12\/2025\/12\/favicon_mekulo.png","width":50,"height":50,"caption":"Mekulo"},"image":{"@id":"https:\/\/mekulo.com\/dk\/#\/schema\/logo\/image\/"}}]}},"_links":{"self":[{"href":"https:\/\/mekulo.com\/dk\/wp-json\/wp\/v2\/product\/21266","targetHints":{"allow":["GET"]}}],"collection":[{"href":"https:\/\/mekulo.com\/dk\/wp-json\/wp\/v2\/product"}],"about":[{"href":"https:\/\/mekulo.com\/dk\/wp-json\/wp\/v2\/types\/product"}],"replies":[{"embeddable":true,"href":"https:\/\/mekulo.com\/dk\/wp-json\/wp\/v2\/comments?post=21266"}],"wp:featuredmedia":[{"embeddable":true,"href":"https:\/\/mekulo.com\/dk\/wp-json\/wp\/v2\/media\/21262"}],"wp:attachment":[{"href":"https:\/\/mekulo.com\/dk\/wp-json\/wp\/v2\/media?parent=21266"}],"wp:term":[{"taxonomy":"product_brand","embeddable":true,"href":"https:\/\/mekulo.com\/dk\/wp-json\/wp\/v2\/product_brand?post=21266"},{"taxonomy":"product_cat","embeddable":true,"href":"https:\/\/mekulo.com\/dk\/wp-json\/wp\/v2\/product_cat?post=21266"},{"taxonomy":"product_tag","embeddable":true,"href":"https:\/\/mekulo.com\/dk\/wp-json\/wp\/v2\/product_tag?post=21266"}],"curies":[{"name":"wp","href":"https:\/\/api.w.org\/{rel}","templated":true}]}}