{"id":21199,"date":"2026-02-02T11:23:03","date_gmt":"2026-02-02T09:23:03","guid":{"rendered":"https:\/\/mekulo.com\/dk\/produkt\/organisering-af-snacks\/"},"modified":"2026-02-02T11:32:28","modified_gmt":"2026-02-02T09:32:28","slug":"organisering-af-snacks","status":"publish","type":"product","link":"https:\/\/mekulo.com\/dk\/produkt\/organisering-af-snacks\/","title":{"rendered":"Snack arrang\u00f8r"},"content":{"rendered":"<p style=\"text-align: center;\" data-start=\"180\" data-end=\"249\"><strong>Hold alle dine snacks friske, adskilte og nemme at dele overalt. \ud83e\udd68\ud83c\udfe1<\/strong><\/p>\n<p data-start=\"251\" data-end=\"508\"><img fetchpriority=\"high\" decoding=\"async\" class=\"size-full wp-image-43982 aligncenter\" src=\"https:\/\/keluvo.com\/template\/wp-content\/uploads\/sites\/5\/2025\/12\/10223-ezgif.com-video-to-webp-converter-1-1.webp\" alt=\"\" width=\"500\" height=\"500\" \/><\/p>\n<h2 style=\"text-align: center;\" data-start=\"515\" data-end=\"539\"><strong>Hovedfordele \u2728<\/strong><\/h2>\n<p data-start=\"542\" data-end=\"638\">\ud83c\udf6a Opdelte rum &#8211; Forhindrer, at snacks blandes, og holder alt p\u00e6nt adskilt.<\/p>\n<p data-start=\"641\" data-end=\"725\">\ud83e\udd68 St\u00e6rkt forseglende design &#8211; Holder p\u00e5 friskheden og beskytter maden mod fugt.<\/p>\n<p data-start=\"728\" data-end=\"832\">\ud83c\udf89 Perfekt til enhver begivenhed &#8211; Picnic, grillaftener, f\u00f8dselsdagsfester, bryllupper eller hyggelige aftener derhjemme.<\/p>\n<p data-start=\"835\" data-end=\"927\">\ud83c\udfe1 Stor kapacitet &#8211; Har plads til flere snacks, mens du holder dit bord organiseret og p\u00e6nt.<\/p>\n<p data-start=\"930\" data-end=\"1024\">\ud83d\udcaa Holdbare materialer &#8211; Fortykket ABS + PET g\u00f8r den st\u00e6rk, genanvendelig og nem at reng\u00f8re.<\/p>\n<p data-start=\"1027\" data-end=\"1124\">\ud83d\ude97 Perfekt til udend\u00f8rs brug &#8211; Let, praktisk og ideel til at dele snacks med venner.<\/p>\n<p data-start=\"1027\" data-end=\"1124\"><img decoding=\"async\" class=\" wp-image-43986 aligncenter\" src=\"https:\/\/keluvo.com\/template\/wp-content\/uploads\/sites\/5\/2025\/12\/3deaa340ce2e1637849ba09d3bf6b85671cdbae2.webp\" alt=\"\" width=\"500\" height=\"667\" \/><\/p>\n<h2 style=\"text-align: center;\" data-start=\"1131\" data-end=\"1153\"><strong>S\u00e5dan Bruges \ud83e\uddf0<\/strong><\/h2>\n<ol data-start=\"1154\" data-end=\"1404\">\n<li data-start=\"1154\" data-end=\"1219\">\n<p data-start=\"1157\" data-end=\"1219\">\u00c5bn l\u00e5get, og l\u00e6g forskellige snacks i hvert rum.<\/p>\n<\/li>\n<li data-start=\"1220\" data-end=\"1270\">\n<p data-start=\"1223\" data-end=\"1270\">Luk l\u00e5get t\u00e6t for at sikre, at det er forseglet.<\/p>\n<\/li>\n<li data-start=\"1271\" data-end=\"1336\">\n<p data-start=\"1274\" data-end=\"1336\">Placer det p\u00e5 dit bord eller tag det med udend\u00f8rs for nem servering.<\/p>\n<\/li>\n<li data-start=\"1337\" data-end=\"1404\">\n<p data-start=\"1340\" data-end=\"1404\">\u00c5bn og nyd &#8211; snacks forbliver friske, adskilt og klar til at dele.<\/p>\n<\/li>\n<\/ol>\n<h2 style=\"text-align: center;\" data-start=\"1411\" data-end=\"1438\"><strong>Produktdetaljer \ud83d\udccf<\/strong><\/h2>\n<ul data-start=\"1439\" data-end=\"1691\">\n<li data-start=\"1439\" data-end=\"1462\">\n<p data-start=\"1441\" data-end=\"1462\">Materiale: ABS + PET<\/p>\n<\/li>\n<li data-start=\"1439\" data-end=\"1462\">\n<p data-start=\"1441\" data-end=\"1462\">V\u00e6gt: 925 g<\/p>\n<\/li>\n<li data-start=\"1439\" data-end=\"1462\">\n<p data-start=\"1441\" data-end=\"1462\">St\u00f8rrelse: 28,5 x 9,5 cm<\/p>\n<\/li>\n<li data-start=\"1481\" data-end=\"1525\">\n<p data-start=\"1483\" data-end=\"1525\">Struktur: Flere opdelte rum<\/p>\n<\/li>\n<li data-start=\"1526\" data-end=\"1604\">\n<p data-start=\"1528\" data-end=\"1604\">Funktioner: St\u00e6rk forsegling, stor lagerkapacitet, fortykket holdbart design<\/p>\n<\/li>\n<li data-start=\"1605\" data-end=\"1691\">\n<p data-start=\"1607\" data-end=\"1691\">Brugskasser: Hjem, picnic, fester, grillfester, bryllupper, sammenkomster, udend\u00f8rs arrangementer<\/p>\n<\/li>\n<\/ul>\n<h2 style=\"text-align: center;\" data-start=\"1698\" data-end=\"1726\"><strong>Pakken Indeholder \ud83d\udce6<\/strong><\/h2>\n<ul data-start=\"1727\" data-end=\"1750\">\n<li data-start=\"1727\" data-end=\"1750\">\n<p data-start=\"1729\" data-end=\"1750\">1x snack arrang\u00f8r.<\/p>\n<\/li>\n<\/ul>\n","protected":false},"excerpt":{"rendered":"<p>Denne snackorganizer har opdelte rum, st\u00e6rk forsegling og en stor kapacitet, der g\u00f8r det nemt at opbevare og servere snacks. Den er perfekt til hjemmebrug, fester og udend\u00f8rsarrangementer og hj\u00e6lper dig med at holde alting rent, organiseret og klar til at blive nydt.<\/p>\n","protected":false},"featured_media":21195,"comment_status":"open","ping_status":"closed","template":"","meta":{"site-sidebar-layout":"default","site-content-layout":"","ast-site-content-layout":"default","site-content-style":"default","site-sidebar-style":"default","ast-global-header-display":"","ast-banner-title-visibility":"","ast-main-header-display":"","ast-hfb-above-header-display":"","ast-hfb-below-header-display":"","ast-hfb-mobile-header-display":"","site-post-title":"","ast-breadcrumbs-content":"","ast-featured-img":"","footer-sml-layout":"","ast-disable-related-posts":"","theme-transparent-header-meta":"default","adv-header-id-meta":"","stick-header-meta":"","header-above-stick-meta":"","header-main-stick-meta":"","header-below-stick-meta":"","astra-migrate-meta-layouts":"set","ast-page-background-enabled":"default","ast-page-background-meta":{"desktop":{"background-color":"var(--ast-global-color-5)","background-image":"","background-repeat":"repeat","background-position":"center center","background-size":"auto","background-attachment":"scroll","background-type":"","background-media":"","overlay-type":"","overlay-color":"","overlay-opacity":"","overlay-gradient":""},"tablet":{"background-color":"","background-image":"","background-repeat":"repeat","background-position":"center center","background-size":"auto","background-attachment":"scroll","background-type":"","background-media":"","overlay-type":"","overlay-color":"","overlay-opacity":"","overlay-gradient":""},"mobile":{"background-color":"","background-image":"","background-repeat":"repeat","background-position":"center center","background-size":"auto","background-attachment":"scroll","background-type":"","background-media":"","overlay-type":"","overlay-color":"","overlay-opacity":"","overlay-gradient":""}},"ast-content-background-meta":{"desktop":{"background-color":"var(--ast-global-color-4)","background-image":"","background-repeat":"repeat","background-position":"center center","background-size":"auto","background-attachment":"scroll","background-type":"","background-media":"","overlay-type":"","overlay-color":"","overlay-opacity":"","overlay-gradient":""},"tablet":{"background-color":"var(--ast-global-color-4)","background-image":"","background-repeat":"repeat","background-position":"center center","background-size":"auto","background-attachment":"scroll","background-type":"","background-media":"","overlay-type":"","overlay-color":"","overlay-opacity":"","overlay-gradient":""},"mobile":{"background-color":"var(--ast-global-color-4)","background-image":"","background-repeat":"repeat","background-position":"center center","background-size":"auto","background-attachment":"scroll","background-type":"","background-media":"","overlay-type":"","overlay-color":"","overlay-opacity":"","overlay-gradient":""}}},"product_brand":[],"product_cat":[168],"product_tag":[],"class_list":{"0":"post-21199","1":"product","2":"type-product","3":"status-publish","4":"has-post-thumbnail","6":"product_cat-husholdningsartikler","7":"pa_55576_h11box5n-graa","8":"pa_55576_h11box5n-hvid","9":"pa_55576_h11box5n-soelv","10":"desktop-align-left","11":"tablet-align-left","12":"mobile-align-left","14":"first","15":"instock","16":"shipping-taxable","17":"purchasable","18":"product-type-variable"},"yoast_head":"<!-- This site is optimized with the Yoast SEO plugin v27.4 - https:\/\/yoast.com\/product\/yoast-seo-wordpress\/ -->\n<title>Snack arrang\u00f8r - Mekulo DK<\/title>\n<meta name=\"robots\" content=\"index, follow, max-snippet:-1, max-image-preview:large, max-video-preview:-1\" \/>\n<link rel=\"canonical\" href=\"https:\/\/mekulo.com\/dk\/produkt\/organisering-af-snacks\/\" \/>\n<meta property=\"og:locale\" content=\"da_DK\" \/>\n<meta property=\"og:type\" content=\"article\" \/>\n<meta property=\"og:title\" content=\"Snack arrang\u00f8r - Mekulo DK\" \/>\n<meta property=\"og:description\" content=\"Denne snackorganizer har opdelte rum, st\u00e6rk forsegling og en stor kapacitet, der g\u00f8r det nemt at opbevare og servere snacks. Den er perfekt til hjemmebrug, fester og udend\u00f8rsarrangementer og hj\u00e6lper dig med at holde alting rent, organiseret og klar til at blive nydt.\" \/>\n<meta property=\"og:url\" content=\"https:\/\/mekulo.com\/dk\/produkt\/organisering-af-snacks\/\" \/>\n<meta property=\"og:site_name\" content=\"Mekulo DK\" \/>\n<meta property=\"article:modified_time\" content=\"2026-02-02T09:32:28+00:00\" \/>\n<meta property=\"og:image\" content=\"https:\/\/mekulo.com\/dk\/wp-content\/uploads\/sites\/12\/2026\/02\/pdtnrz0-1.jpg\" \/>\n\t<meta property=\"og:image:width\" content=\"748\" \/>\n\t<meta property=\"og:image:height\" content=\"766\" \/>\n\t<meta property=\"og:image:type\" content=\"image\/jpeg\" \/>\n<meta name=\"twitter:card\" content=\"summary_large_image\" \/>\n<meta name=\"twitter:label1\" content=\"Estimeret l\u00e6setid\" \/>\n\t<meta name=\"twitter:data1\" content=\"2 minutter\" \/>\n<script type=\"application\/ld+json\" class=\"yoast-schema-graph\">{\"@context\":\"https:\\\/\\\/schema.org\",\"@graph\":[{\"@type\":\"WebPage\",\"@id\":\"https:\\\/\\\/mekulo.com\\\/dk\\\/produkt\\\/organisering-af-snacks\\\/\",\"url\":\"https:\\\/\\\/mekulo.com\\\/dk\\\/produkt\\\/organisering-af-snacks\\\/\",\"name\":\"Snack arrang\u00f8r - Mekulo DK\",\"isPartOf\":{\"@id\":\"https:\\\/\\\/mekulo.com\\\/dk\\\/#website\"},\"primaryImageOfPage\":{\"@id\":\"https:\\\/\\\/mekulo.com\\\/dk\\\/produkt\\\/organisering-af-snacks\\\/#primaryimage\"},\"image\":{\"@id\":\"https:\\\/\\\/mekulo.com\\\/dk\\\/produkt\\\/organisering-af-snacks\\\/#primaryimage\"},\"thumbnailUrl\":\"https:\\\/\\\/mekulo.com\\\/dk\\\/wp-content\\\/uploads\\\/sites\\\/12\\\/2026\\\/02\\\/pdtnrz0-1.jpg\",\"datePublished\":\"2026-02-02T09:23:03+00:00\",\"dateModified\":\"2026-02-02T09:32:28+00:00\",\"breadcrumb\":{\"@id\":\"https:\\\/\\\/mekulo.com\\\/dk\\\/produkt\\\/organisering-af-snacks\\\/#breadcrumb\"},\"inLanguage\":\"da-DK\",\"potentialAction\":[{\"@type\":\"ReadAction\",\"target\":[\"https:\\\/\\\/mekulo.com\\\/dk\\\/produkt\\\/organisering-af-snacks\\\/\"]}]},{\"@type\":\"ImageObject\",\"inLanguage\":\"da-DK\",\"@id\":\"https:\\\/\\\/mekulo.com\\\/dk\\\/produkt\\\/organisering-af-snacks\\\/#primaryimage\",\"url\":\"https:\\\/\\\/mekulo.com\\\/dk\\\/wp-content\\\/uploads\\\/sites\\\/12\\\/2026\\\/02\\\/pdtnrz0-1.jpg\",\"contentUrl\":\"https:\\\/\\\/mekulo.com\\\/dk\\\/wp-content\\\/uploads\\\/sites\\\/12\\\/2026\\\/02\\\/pdtnrz0-1.jpg\",\"width\":748,\"height\":766},{\"@type\":\"BreadcrumbList\",\"@id\":\"https:\\\/\\\/mekulo.com\\\/dk\\\/produkt\\\/organisering-af-snacks\\\/#breadcrumb\",\"itemListElement\":[{\"@type\":\"ListItem\",\"position\":1,\"name\":\"Home\",\"item\":\"https:\\\/\\\/mekulo.com\\\/dk\\\/\"},{\"@type\":\"ListItem\",\"position\":2,\"name\":\"Butik\",\"item\":\"https:\\\/\\\/mekulo.com\\\/dk\\\/butik\\\/\"},{\"@type\":\"ListItem\",\"position\":3,\"name\":\"Snack arrang\u00f8r\"}]},{\"@type\":\"WebSite\",\"@id\":\"https:\\\/\\\/mekulo.com\\\/dk\\\/#website\",\"url\":\"https:\\\/\\\/mekulo.com\\\/dk\\\/\",\"name\":\"Mekulo DK\",\"description\":\"\",\"publisher\":{\"@id\":\"https:\\\/\\\/mekulo.com\\\/dk\\\/#organization\"},\"potentialAction\":[{\"@type\":\"SearchAction\",\"target\":{\"@type\":\"EntryPoint\",\"urlTemplate\":\"https:\\\/\\\/mekulo.com\\\/dk\\\/?s={search_term_string}\"},\"query-input\":{\"@type\":\"PropertyValueSpecification\",\"valueRequired\":true,\"valueName\":\"search_term_string\"}}],\"inLanguage\":\"da-DK\"},{\"@type\":\"Organization\",\"@id\":\"https:\\\/\\\/mekulo.com\\\/dk\\\/#organization\",\"name\":\"Mekulo\",\"url\":\"https:\\\/\\\/mekulo.com\\\/dk\\\/\",\"logo\":{\"@type\":\"ImageObject\",\"inLanguage\":\"da-DK\",\"@id\":\"https:\\\/\\\/mekulo.com\\\/dk\\\/#\\\/schema\\\/logo\\\/image\\\/\",\"url\":\"https:\\\/\\\/mekulo.com\\\/dk\\\/wp-content\\\/uploads\\\/sites\\\/12\\\/2025\\\/12\\\/favicon_mekulo.png\",\"contentUrl\":\"https:\\\/\\\/mekulo.com\\\/dk\\\/wp-content\\\/uploads\\\/sites\\\/12\\\/2025\\\/12\\\/favicon_mekulo.png\",\"width\":50,\"height\":50,\"caption\":\"Mekulo\"},\"image\":{\"@id\":\"https:\\\/\\\/mekulo.com\\\/dk\\\/#\\\/schema\\\/logo\\\/image\\\/\"}}]}<\/script>\n<!-- \/ Yoast SEO plugin. -->","yoast_head_json":{"title":"Snack arrang\u00f8r - Mekulo DK","robots":{"index":"index","follow":"follow","max-snippet":"max-snippet:-1","max-image-preview":"max-image-preview:large","max-video-preview":"max-video-preview:-1"},"canonical":"https:\/\/mekulo.com\/dk\/produkt\/organisering-af-snacks\/","og_locale":"da_DK","og_type":"article","og_title":"Snack arrang\u00f8r - Mekulo DK","og_description":"Denne snackorganizer har opdelte rum, st\u00e6rk forsegling og en stor kapacitet, der g\u00f8r det nemt at opbevare og servere snacks. Den er perfekt til hjemmebrug, fester og udend\u00f8rsarrangementer og hj\u00e6lper dig med at holde alting rent, organiseret og klar til at blive nydt.","og_url":"https:\/\/mekulo.com\/dk\/produkt\/organisering-af-snacks\/","og_site_name":"Mekulo DK","article_modified_time":"2026-02-02T09:32:28+00:00","og_image":[{"width":748,"height":766,"url":"https:\/\/mekulo.com\/dk\/wp-content\/uploads\/sites\/12\/2026\/02\/pdtnrz0-1.jpg","type":"image\/jpeg"}],"twitter_card":"summary_large_image","twitter_misc":{"Estimeret l\u00e6setid":"2 minutter"},"schema":{"@context":"https:\/\/schema.org","@graph":[{"@type":"WebPage","@id":"https:\/\/mekulo.com\/dk\/produkt\/organisering-af-snacks\/","url":"https:\/\/mekulo.com\/dk\/produkt\/organisering-af-snacks\/","name":"Snack arrang\u00f8r - Mekulo DK","isPartOf":{"@id":"https:\/\/mekulo.com\/dk\/#website"},"primaryImageOfPage":{"@id":"https:\/\/mekulo.com\/dk\/produkt\/organisering-af-snacks\/#primaryimage"},"image":{"@id":"https:\/\/mekulo.com\/dk\/produkt\/organisering-af-snacks\/#primaryimage"},"thumbnailUrl":"https:\/\/mekulo.com\/dk\/wp-content\/uploads\/sites\/12\/2026\/02\/pdtnrz0-1.jpg","datePublished":"2026-02-02T09:23:03+00:00","dateModified":"2026-02-02T09:32:28+00:00","breadcrumb":{"@id":"https:\/\/mekulo.com\/dk\/produkt\/organisering-af-snacks\/#breadcrumb"},"inLanguage":"da-DK","potentialAction":[{"@type":"ReadAction","target":["https:\/\/mekulo.com\/dk\/produkt\/organisering-af-snacks\/"]}]},{"@type":"ImageObject","inLanguage":"da-DK","@id":"https:\/\/mekulo.com\/dk\/produkt\/organisering-af-snacks\/#primaryimage","url":"https:\/\/mekulo.com\/dk\/wp-content\/uploads\/sites\/12\/2026\/02\/pdtnrz0-1.jpg","contentUrl":"https:\/\/mekulo.com\/dk\/wp-content\/uploads\/sites\/12\/2026\/02\/pdtnrz0-1.jpg","width":748,"height":766},{"@type":"BreadcrumbList","@id":"https:\/\/mekulo.com\/dk\/produkt\/organisering-af-snacks\/#breadcrumb","itemListElement":[{"@type":"ListItem","position":1,"name":"Home","item":"https:\/\/mekulo.com\/dk\/"},{"@type":"ListItem","position":2,"name":"Butik","item":"https:\/\/mekulo.com\/dk\/butik\/"},{"@type":"ListItem","position":3,"name":"Snack arrang\u00f8r"}]},{"@type":"WebSite","@id":"https:\/\/mekulo.com\/dk\/#website","url":"https:\/\/mekulo.com\/dk\/","name":"Mekulo DK","description":"","publisher":{"@id":"https:\/\/mekulo.com\/dk\/#organization"},"potentialAction":[{"@type":"SearchAction","target":{"@type":"EntryPoint","urlTemplate":"https:\/\/mekulo.com\/dk\/?s={search_term_string}"},"query-input":{"@type":"PropertyValueSpecification","valueRequired":true,"valueName":"search_term_string"}}],"inLanguage":"da-DK"},{"@type":"Organization","@id":"https:\/\/mekulo.com\/dk\/#organization","name":"Mekulo","url":"https:\/\/mekulo.com\/dk\/","logo":{"@type":"ImageObject","inLanguage":"da-DK","@id":"https:\/\/mekulo.com\/dk\/#\/schema\/logo\/image\/","url":"https:\/\/mekulo.com\/dk\/wp-content\/uploads\/sites\/12\/2025\/12\/favicon_mekulo.png","contentUrl":"https:\/\/mekulo.com\/dk\/wp-content\/uploads\/sites\/12\/2025\/12\/favicon_mekulo.png","width":50,"height":50,"caption":"Mekulo"},"image":{"@id":"https:\/\/mekulo.com\/dk\/#\/schema\/logo\/image\/"}}]}},"_links":{"self":[{"href":"https:\/\/mekulo.com\/dk\/wp-json\/wp\/v2\/product\/21199","targetHints":{"allow":["GET"]}}],"collection":[{"href":"https:\/\/mekulo.com\/dk\/wp-json\/wp\/v2\/product"}],"about":[{"href":"https:\/\/mekulo.com\/dk\/wp-json\/wp\/v2\/types\/product"}],"replies":[{"embeddable":true,"href":"https:\/\/mekulo.com\/dk\/wp-json\/wp\/v2\/comments?post=21199"}],"wp:featuredmedia":[{"embeddable":true,"href":"https:\/\/mekulo.com\/dk\/wp-json\/wp\/v2\/media\/21195"}],"wp:attachment":[{"href":"https:\/\/mekulo.com\/dk\/wp-json\/wp\/v2\/media?parent=21199"}],"wp:term":[{"taxonomy":"product_brand","embeddable":true,"href":"https:\/\/mekulo.com\/dk\/wp-json\/wp\/v2\/product_brand?post=21199"},{"taxonomy":"product_cat","embeddable":true,"href":"https:\/\/mekulo.com\/dk\/wp-json\/wp\/v2\/product_cat?post=21199"},{"taxonomy":"product_tag","embeddable":true,"href":"https:\/\/mekulo.com\/dk\/wp-json\/wp\/v2\/product_tag?post=21199"}],"curies":[{"name":"wp","href":"https:\/\/api.w.org\/{rel}","templated":true}]}}