{"id":21130,"date":"2026-02-02T11:16:52","date_gmt":"2026-02-02T09:16:52","guid":{"rendered":"https:\/\/mekulo.com\/dk\/produkt\/varme-babystoevler-i-fleece\/"},"modified":"2026-02-10T11:12:48","modified_gmt":"2026-02-10T09:12:48","slug":"varme-babystoevler-i-fleece","status":"publish","type":"product","link":"https:\/\/mekulo.com\/dk\/produkt\/varme-babystoevler-i-fleece\/","title":{"rendered":"Varme babyst\u00f8vler i fleece"},"content":{"rendered":"<p style=\"text-align: center;\" data-start=\"0\" data-end=\"77\"><strong data-start=\"0\" data-end=\"75\">Hold din babys sm\u00e5 f\u00f8dder varme, hyggelige og beskyttede hele vinteren. \ud83e\uddf8<\/strong><\/p>\n<p data-start=\"79\" data-end=\"338\"><img decoding=\"async\" class=\"size-full wp-image-41226 aligncenter\" src=\"https:\/\/keluvo.com\/template\/wp-content\/uploads\/sites\/5\/2025\/11\/52242d92191cf52bd9d91c3612fd8ecbd547e9d5.webp\" alt=\"\" \/><\/p>\n<h2 style=\"text-align: center;\" data-start=\"345\" data-end=\"367\">Vigtigste fordele<\/h2>\n<p data-start=\"370\" data-end=\"494\">\ud83d\udc76 Elastisk anti-drop-design &#8211; Sn\u00f8relukning holder st\u00f8vlerne sikkert p\u00e5 &#8211; de glider ikke af, mens du sparker eller kravler.<\/p>\n<p data-start=\"497\" data-end=\"622\">\u2744\ufe0f Varm &amp; \u00e5ndbar &#8211; Bl\u00f8dt bomuldsfor omslutter din babys f\u00f8dder i 360\u00b0 komfort og holder dem varme uden at overophede.<\/p>\n<p data-start=\"625\" data-end=\"722\">\ud83e\uddf8 Bl\u00f8d og let &#8211; Skridsikre, fleksible s\u00e5ler hj\u00e6lper din baby med at bev\u00e6ge sig naturligt og sikkert.<\/p>\n<p data-start=\"725\" data-end=\"836\">\ud83c\udf81 Perfekt gave til enhver lejlighed &#8211; Perfekt til daglig brug, lure, leg, de f\u00f8rste skridt og julegaver.<\/p>\n<p data-start=\"839\" data-end=\"927\">\ud83d\udc95 Sk\u00e5nsom mod huden &#8211; Svedabsorberende, lugtbestandig og lavet til at v\u00e6re bl\u00f8d hele dagen.<\/p>\n<p data-start=\"839\" data-end=\"927\"><img decoding=\"async\" class=\"size-full wp-image-41223 aligncenter\" src=\"https:\/\/keluvo.com\/template\/wp-content\/uploads\/sites\/5\/2025\/11\/618f923fc8fb0b6cc404c9533bda97a896e64cac.avif\" alt=\"\" \/><\/p>\n<h2 style=\"text-align: center;\" data-start=\"934\" data-end=\"953\">S\u00e5dan bruges<\/h2>\n<ol data-start=\"954\" data-end=\"1203\">\n<li data-start=\"954\" data-end=\"1003\">\n<p data-start=\"957\" data-end=\"1003\">Slid forsigtigt st\u00f8vlerne p\u00e5 din babys f\u00f8dder.<\/p>\n<\/li>\n<li data-start=\"1004\" data-end=\"1062\">\n<p data-start=\"1007\" data-end=\"1062\">Juster den elastiske snor for at f\u00e5 en t\u00e6t, sikker pasform.<\/p>\n<\/li>\n<li data-start=\"1063\" data-end=\"1139\">\n<p data-start=\"1066\" data-end=\"1139\">S\u00f8rg for, at st\u00f8vlerne sidder godt fast, f\u00f8r du leger eller g\u00e5r udend\u00f8rs.<\/p>\n<\/li>\n<li data-start=\"1140\" data-end=\"1203\">\n<p data-start=\"1143\" data-end=\"1203\">Tag dem ud og luft dem regelm\u00e6ssigt for at holde dem friske og rene.<\/p>\n<\/li>\n<\/ol>\n<h2 style=\"text-align: center;\" data-start=\"1210\" data-end=\"1234\">Produktdetaljer<\/h2>\n<ul data-start=\"1235\" data-end=\"1504\">\n<li data-start=\"1235\" data-end=\"1285\">\n<p data-start=\"1237\" data-end=\"1285\">Materiale: Bl\u00f8d bomuld + varm fleeceforing<\/p>\n<\/li>\n<li data-start=\"1286\" data-end=\"1306\">\n<p data-start=\"1288\" data-end=\"1306\">V\u00e6gt: 80 g<\/p>\n<\/li>\n<li data-start=\"1307\" data-end=\"1393\">\n<p data-start=\"1309\" data-end=\"1393\">Tilg\u00e6ngelige modeller: Rensdyr, jordb\u00e6r, kat, regnbue, enhj\u00f8rning, krone, k\u00f8ret\u00f8j, hund, dinosaur, bj\u00f8rn<\/p>\n<\/li>\n<li data-start=\"1394\" data-end=\"1430\">\n<p data-start=\"1396\" data-end=\"1430\">St\u00f8rrelser: 0-6 m\u00e5neder, 7-12 m\u00e5neder, 13-18 m\u00e5neder<\/p>\n<\/li>\n<li data-start=\"1431\" data-end=\"1504\">\n<p data-start=\"1433\" data-end=\"1504\">Funktioner: Anti-drop-snor, skridsikker s\u00e5l, varm inderfrott\u00e9<\/p>\n<\/li>\n<\/ul>\n<h2 style=\"text-align: center;\" data-start=\"1511\" data-end=\"1536\">Pakke inkluderer<\/h2>\n<ul data-start=\"1537\" data-end=\"1579\">\n<li data-start=\"1537\" data-end=\"1579\">\n<p data-start=\"1539\" data-end=\"1579\">1x par varme fleece-babyst\u00f8vler (2 stk.).<\/p>\n<\/li>\n<\/ul>\n","protected":false},"excerpt":{"rendered":"<p>Disse varme babyst\u00f8vler i fleece er designet til at give din baby bl\u00f8d komfort, stabil varme og en god pasform hele dagen. Med deres elastiske anti-drop-design og plysbomuldsfor sidder de sikkert p\u00e5 de sm\u00e5 f\u00f8dder, samtidig med at de tillader naturlig bev\u00e6gelse og plads til at vokse.<\/p>\n","protected":false},"featured_media":21127,"comment_status":"open","ping_status":"closed","template":"","meta":{"site-sidebar-layout":"default","site-content-layout":"","ast-site-content-layout":"default","site-content-style":"default","site-sidebar-style":"default","ast-global-header-display":"","ast-banner-title-visibility":"","ast-main-header-display":"","ast-hfb-above-header-display":"","ast-hfb-below-header-display":"","ast-hfb-mobile-header-display":"","site-post-title":"","ast-breadcrumbs-content":"","ast-featured-img":"","footer-sml-layout":"","theme-transparent-header-meta":"default","adv-header-id-meta":"","stick-header-meta":"","header-above-stick-meta":"","header-main-stick-meta":"","header-below-stick-meta":"","astra-migrate-meta-layouts":"set","ast-page-background-enabled":"default","ast-page-background-meta":{"desktop":{"background-color":"var(--ast-global-color-5)","background-image":"","background-repeat":"repeat","background-position":"center center","background-size":"auto","background-attachment":"scroll","background-type":"","background-media":"","overlay-type":"","overlay-color":"","overlay-opacity":"","overlay-gradient":""},"tablet":{"background-color":"","background-image":"","background-repeat":"repeat","background-position":"center center","background-size":"auto","background-attachment":"scroll","background-type":"","background-media":"","overlay-type":"","overlay-color":"","overlay-opacity":"","overlay-gradient":""},"mobile":{"background-color":"","background-image":"","background-repeat":"repeat","background-position":"center center","background-size":"auto","background-attachment":"scroll","background-type":"","background-media":"","overlay-type":"","overlay-color":"","overlay-opacity":"","overlay-gradient":""}},"ast-content-background-meta":{"desktop":{"background-color":"var(--ast-global-color-4)","background-image":"","background-repeat":"repeat","background-position":"center center","background-size":"auto","background-attachment":"scroll","background-type":"","background-media":"","overlay-type":"","overlay-color":"","overlay-opacity":"","overlay-gradient":""},"tablet":{"background-color":"var(--ast-global-color-4)","background-image":"","background-repeat":"repeat","background-position":"center center","background-size":"auto","background-attachment":"scroll","background-type":"","background-media":"","overlay-type":"","overlay-color":"","overlay-opacity":"","overlay-gradient":""},"mobile":{"background-color":"var(--ast-global-color-4)","background-image":"","background-repeat":"repeat","background-position":"center center","background-size":"auto","background-attachment":"scroll","background-type":"","background-media":"","overlay-type":"","overlay-color":"","overlay-opacity":"","overlay-gradient":""}}},"product_brand":[],"product_cat":[172],"product_tag":[],"class_list":{"0":"post-21130","1":"product","2":"type-product","3":"status-publish","4":"has-post-thumbnail","6":"product_cat-legetoej-boerne-og-babyprodukter","7":"pa_51235_vhutgxpj-bjoern","8":"pa_51235_vhutgxpj-dinosaur","9":"pa_51235_vhutgxpj-enhjoerning","10":"pa_51235_vhutgxpj-hund","11":"pa_51235_vhutgxpj-jordbaer","12":"pa_51235_vhutgxpj-kat","13":"pa_51235_vhutgxpj-koeretoej","14":"pa_51235_vhutgxpj-krone","15":"pa_51235_vhutgxpj-regnbue","16":"pa_51235_vhutgxpj-rensdyr","17":"pa_51235_vlkfl5n0-0-6-maaneder","18":"pa_51235_vlkfl5n0-13-18-maaneder","19":"pa_51235_vlkfl5n0-7-12-maaneder","20":"desktop-align-left","21":"tablet-align-left","22":"mobile-align-left","24":"first","25":"instock","26":"shipping-taxable","27":"purchasable","28":"product-type-variable","29":"has-default-attributes"},"yoast_head":"<!-- This site is optimized with the Yoast SEO plugin v26.6 - https:\/\/yoast.com\/wordpress\/plugins\/seo\/ -->\n<title>Varme babyst\u00f8vler i fleece - Mekulo DK<\/title>\n<meta name=\"robots\" content=\"index, follow, max-snippet:-1, max-image-preview:large, max-video-preview:-1\" \/>\n<link rel=\"canonical\" href=\"https:\/\/mekulo.com\/dk\/produkt\/varme-babystoevler-i-fleece\/\" \/>\n<meta property=\"og:locale\" content=\"da_DK\" \/>\n<meta property=\"og:type\" content=\"article\" \/>\n<meta property=\"og:title\" content=\"Varme babyst\u00f8vler i fleece - Mekulo DK\" \/>\n<meta property=\"og:description\" content=\"Disse varme babyst\u00f8vler i fleece er designet til at give din baby bl\u00f8d komfort, stabil varme og en god pasform hele dagen. Med deres elastiske anti-drop-design og plysbomuldsfor sidder de sikkert p\u00e5 de sm\u00e5 f\u00f8dder, samtidig med at de tillader naturlig bev\u00e6gelse og plads til at vokse.\" \/>\n<meta property=\"og:url\" content=\"https:\/\/mekulo.com\/dk\/produkt\/varme-babystoevler-i-fleece\/\" \/>\n<meta property=\"og:site_name\" content=\"Mekulo DK\" \/>\n<meta property=\"article:modified_time\" content=\"2026-02-10T09:12:48+00:00\" \/>\n<meta property=\"og:image\" content=\"https:\/\/mekulo.com\/dk\/wp-content\/uploads\/sites\/12\/2026\/02\/tqaqg8j-1.jpg\" \/>\n\t<meta property=\"og:image:width\" content=\"960\" \/>\n\t<meta property=\"og:image:height\" content=\"960\" \/>\n\t<meta property=\"og:image:type\" content=\"image\/jpeg\" \/>\n<meta name=\"twitter:card\" content=\"summary_large_image\" \/>\n<meta name=\"twitter:label1\" content=\"Estimeret l\u00e6setid\" \/>\n\t<meta name=\"twitter:data1\" content=\"2 minutter\" \/>\n<script type=\"application\/ld+json\" class=\"yoast-schema-graph\">{\"@context\":\"https:\/\/schema.org\",\"@graph\":[{\"@type\":\"WebPage\",\"@id\":\"https:\/\/mekulo.com\/dk\/produkt\/varme-babystoevler-i-fleece\/\",\"url\":\"https:\/\/mekulo.com\/dk\/produkt\/varme-babystoevler-i-fleece\/\",\"name\":\"Varme babyst\u00f8vler i fleece - Mekulo DK\",\"isPartOf\":{\"@id\":\"https:\/\/mekulo.com\/dk\/#website\"},\"primaryImageOfPage\":{\"@id\":\"https:\/\/mekulo.com\/dk\/produkt\/varme-babystoevler-i-fleece\/#primaryimage\"},\"image\":{\"@id\":\"https:\/\/mekulo.com\/dk\/produkt\/varme-babystoevler-i-fleece\/#primaryimage\"},\"thumbnailUrl\":\"https:\/\/mekulo.com\/dk\/wp-content\/uploads\/sites\/12\/2026\/02\/tqaqg8j-1.jpg\",\"datePublished\":\"2026-02-02T09:16:52+00:00\",\"dateModified\":\"2026-02-10T09:12:48+00:00\",\"breadcrumb\":{\"@id\":\"https:\/\/mekulo.com\/dk\/produkt\/varme-babystoevler-i-fleece\/#breadcrumb\"},\"inLanguage\":\"da-DK\",\"potentialAction\":[{\"@type\":\"ReadAction\",\"target\":[\"https:\/\/mekulo.com\/dk\/produkt\/varme-babystoevler-i-fleece\/\"]}]},{\"@type\":\"ImageObject\",\"inLanguage\":\"da-DK\",\"@id\":\"https:\/\/mekulo.com\/dk\/produkt\/varme-babystoevler-i-fleece\/#primaryimage\",\"url\":\"https:\/\/mekulo.com\/dk\/wp-content\/uploads\/sites\/12\/2026\/02\/tqaqg8j-1.jpg\",\"contentUrl\":\"https:\/\/mekulo.com\/dk\/wp-content\/uploads\/sites\/12\/2026\/02\/tqaqg8j-1.jpg\",\"width\":960,\"height\":960},{\"@type\":\"BreadcrumbList\",\"@id\":\"https:\/\/mekulo.com\/dk\/produkt\/varme-babystoevler-i-fleece\/#breadcrumb\",\"itemListElement\":[{\"@type\":\"ListItem\",\"position\":1,\"name\":\"Home\",\"item\":\"https:\/\/mekulo.com\/dk\/\"},{\"@type\":\"ListItem\",\"position\":2,\"name\":\"Butik\",\"item\":\"https:\/\/mekulo.com\/dk\/butik\/\"},{\"@type\":\"ListItem\",\"position\":3,\"name\":\"Varme babyst\u00f8vler i fleece\"}]},{\"@type\":\"WebSite\",\"@id\":\"https:\/\/mekulo.com\/dk\/#website\",\"url\":\"https:\/\/mekulo.com\/dk\/\",\"name\":\"Mekulo DK\",\"description\":\"\",\"publisher\":{\"@id\":\"https:\/\/mekulo.com\/dk\/#organization\"},\"potentialAction\":[{\"@type\":\"SearchAction\",\"target\":{\"@type\":\"EntryPoint\",\"urlTemplate\":\"https:\/\/mekulo.com\/dk\/?s={search_term_string}\"},\"query-input\":{\"@type\":\"PropertyValueSpecification\",\"valueRequired\":true,\"valueName\":\"search_term_string\"}}],\"inLanguage\":\"da-DK\"},{\"@type\":\"Organization\",\"@id\":\"https:\/\/mekulo.com\/dk\/#organization\",\"name\":\"Mekulo\",\"url\":\"https:\/\/mekulo.com\/dk\/\",\"logo\":{\"@type\":\"ImageObject\",\"inLanguage\":\"da-DK\",\"@id\":\"https:\/\/mekulo.com\/dk\/#\/schema\/logo\/image\/\",\"url\":\"https:\/\/mekulo.com\/dk\/wp-content\/uploads\/sites\/12\/2025\/12\/favicon_mekulo.png\",\"contentUrl\":\"https:\/\/mekulo.com\/dk\/wp-content\/uploads\/sites\/12\/2025\/12\/favicon_mekulo.png\",\"width\":50,\"height\":50,\"caption\":\"Mekulo\"},\"image\":{\"@id\":\"https:\/\/mekulo.com\/dk\/#\/schema\/logo\/image\/\"}}]}<\/script>\n<!-- \/ Yoast SEO plugin. -->","yoast_head_json":{"title":"Varme babyst\u00f8vler i fleece - Mekulo DK","robots":{"index":"index","follow":"follow","max-snippet":"max-snippet:-1","max-image-preview":"max-image-preview:large","max-video-preview":"max-video-preview:-1"},"canonical":"https:\/\/mekulo.com\/dk\/produkt\/varme-babystoevler-i-fleece\/","og_locale":"da_DK","og_type":"article","og_title":"Varme babyst\u00f8vler i fleece - Mekulo DK","og_description":"Disse varme babyst\u00f8vler i fleece er designet til at give din baby bl\u00f8d komfort, stabil varme og en god pasform hele dagen. Med deres elastiske anti-drop-design og plysbomuldsfor sidder de sikkert p\u00e5 de sm\u00e5 f\u00f8dder, samtidig med at de tillader naturlig bev\u00e6gelse og plads til at vokse.","og_url":"https:\/\/mekulo.com\/dk\/produkt\/varme-babystoevler-i-fleece\/","og_site_name":"Mekulo DK","article_modified_time":"2026-02-10T09:12:48+00:00","og_image":[{"width":960,"height":960,"url":"https:\/\/mekulo.com\/dk\/wp-content\/uploads\/sites\/12\/2026\/02\/tqaqg8j-1.jpg","type":"image\/jpeg"}],"twitter_card":"summary_large_image","twitter_misc":{"Estimeret l\u00e6setid":"2 minutter"},"schema":{"@context":"https:\/\/schema.org","@graph":[{"@type":"WebPage","@id":"https:\/\/mekulo.com\/dk\/produkt\/varme-babystoevler-i-fleece\/","url":"https:\/\/mekulo.com\/dk\/produkt\/varme-babystoevler-i-fleece\/","name":"Varme babyst\u00f8vler i fleece - Mekulo DK","isPartOf":{"@id":"https:\/\/mekulo.com\/dk\/#website"},"primaryImageOfPage":{"@id":"https:\/\/mekulo.com\/dk\/produkt\/varme-babystoevler-i-fleece\/#primaryimage"},"image":{"@id":"https:\/\/mekulo.com\/dk\/produkt\/varme-babystoevler-i-fleece\/#primaryimage"},"thumbnailUrl":"https:\/\/mekulo.com\/dk\/wp-content\/uploads\/sites\/12\/2026\/02\/tqaqg8j-1.jpg","datePublished":"2026-02-02T09:16:52+00:00","dateModified":"2026-02-10T09:12:48+00:00","breadcrumb":{"@id":"https:\/\/mekulo.com\/dk\/produkt\/varme-babystoevler-i-fleece\/#breadcrumb"},"inLanguage":"da-DK","potentialAction":[{"@type":"ReadAction","target":["https:\/\/mekulo.com\/dk\/produkt\/varme-babystoevler-i-fleece\/"]}]},{"@type":"ImageObject","inLanguage":"da-DK","@id":"https:\/\/mekulo.com\/dk\/produkt\/varme-babystoevler-i-fleece\/#primaryimage","url":"https:\/\/mekulo.com\/dk\/wp-content\/uploads\/sites\/12\/2026\/02\/tqaqg8j-1.jpg","contentUrl":"https:\/\/mekulo.com\/dk\/wp-content\/uploads\/sites\/12\/2026\/02\/tqaqg8j-1.jpg","width":960,"height":960},{"@type":"BreadcrumbList","@id":"https:\/\/mekulo.com\/dk\/produkt\/varme-babystoevler-i-fleece\/#breadcrumb","itemListElement":[{"@type":"ListItem","position":1,"name":"Home","item":"https:\/\/mekulo.com\/dk\/"},{"@type":"ListItem","position":2,"name":"Butik","item":"https:\/\/mekulo.com\/dk\/butik\/"},{"@type":"ListItem","position":3,"name":"Varme babyst\u00f8vler i fleece"}]},{"@type":"WebSite","@id":"https:\/\/mekulo.com\/dk\/#website","url":"https:\/\/mekulo.com\/dk\/","name":"Mekulo DK","description":"","publisher":{"@id":"https:\/\/mekulo.com\/dk\/#organization"},"potentialAction":[{"@type":"SearchAction","target":{"@type":"EntryPoint","urlTemplate":"https:\/\/mekulo.com\/dk\/?s={search_term_string}"},"query-input":{"@type":"PropertyValueSpecification","valueRequired":true,"valueName":"search_term_string"}}],"inLanguage":"da-DK"},{"@type":"Organization","@id":"https:\/\/mekulo.com\/dk\/#organization","name":"Mekulo","url":"https:\/\/mekulo.com\/dk\/","logo":{"@type":"ImageObject","inLanguage":"da-DK","@id":"https:\/\/mekulo.com\/dk\/#\/schema\/logo\/image\/","url":"https:\/\/mekulo.com\/dk\/wp-content\/uploads\/sites\/12\/2025\/12\/favicon_mekulo.png","contentUrl":"https:\/\/mekulo.com\/dk\/wp-content\/uploads\/sites\/12\/2025\/12\/favicon_mekulo.png","width":50,"height":50,"caption":"Mekulo"},"image":{"@id":"https:\/\/mekulo.com\/dk\/#\/schema\/logo\/image\/"}}]}},"_links":{"self":[{"href":"https:\/\/mekulo.com\/dk\/wp-json\/wp\/v2\/product\/21130","targetHints":{"allow":["GET"]}}],"collection":[{"href":"https:\/\/mekulo.com\/dk\/wp-json\/wp\/v2\/product"}],"about":[{"href":"https:\/\/mekulo.com\/dk\/wp-json\/wp\/v2\/types\/product"}],"replies":[{"embeddable":true,"href":"https:\/\/mekulo.com\/dk\/wp-json\/wp\/v2\/comments?post=21130"}],"wp:featuredmedia":[{"embeddable":true,"href":"https:\/\/mekulo.com\/dk\/wp-json\/wp\/v2\/media\/21127"}],"wp:attachment":[{"href":"https:\/\/mekulo.com\/dk\/wp-json\/wp\/v2\/media?parent=21130"}],"wp:term":[{"taxonomy":"product_brand","embeddable":true,"href":"https:\/\/mekulo.com\/dk\/wp-json\/wp\/v2\/product_brand?post=21130"},{"taxonomy":"product_cat","embeddable":true,"href":"https:\/\/mekulo.com\/dk\/wp-json\/wp\/v2\/product_cat?post=21130"},{"taxonomy":"product_tag","embeddable":true,"href":"https:\/\/mekulo.com\/dk\/wp-json\/wp\/v2\/product_tag?post=21130"}],"curies":[{"name":"wp","href":"https:\/\/api.w.org\/{rel}","templated":true}]}}