{"id":20958,"date":"2026-01-30T08:12:38","date_gmt":"2026-01-30T06:12:38","guid":{"rendered":"https:\/\/mekulo.com\/dk\/produkt\/adapter-til-hurtigt-skift-af-sekskantet-skaft\/"},"modified":"2026-01-30T08:21:33","modified_gmt":"2026-01-30T06:21:33","slug":"adapter-til-hurtigt-skift-af-sekskantet-skaft","status":"publish","type":"product","link":"https:\/\/mekulo.com\/dk\/produkt\/adapter-til-hurtigt-skift-af-sekskantet-skaft\/","title":{"rendered":"Adapter til hurtigt skift af sekskantet skaft"},"content":{"rendered":"<p style=\"text-align: center\" data-start=\"0\" data-end=\"69\"><strong data-start=\"0\" data-end=\"69\">Skift bore- og skruetr\u00e6kkerbits med et hurtigt klik. \ud83d\udd12<\/strong><\/p>\n<p data-start=\"0\" data-end=\"69\"><img fetchpriority=\"high\" decoding=\"async\" class=\"size-full wp-image-22662 aligncenter\" src=\"https:\/\/mekulo.com\/template\/wp-content\/uploads\/sites\/6\/2026\/01\/S6bd367478ee9423d9f3e4fa3f96f4d27Z.jpg_960x960q75.jpg_.avif\" alt=\"\" width=\"800\" height=\"800\" \/><\/p>\n<h2 style=\"text-align: center\" data-start=\"337\" data-end=\"354\"><strong>Hovedfordele \u26a1<\/strong><\/h2>\n<p data-start=\"357\" data-end=\"408\">\u26a1 Hurtige bitskift &#8211; Skift bits p\u00e5 et sekund.<\/p>\n<p data-start=\"411\" data-end=\"470\">\ud83d\udd12 Sikkert l\u00e5sesystem &#8211; Holder bits fast p\u00e5 plads.<\/p>\n<p data-start=\"473\" data-end=\"526\">\ud83d\udcaa Kraftigt st\u00e5l &#8211; St\u00e6rkt og slidst\u00e6rkt.<\/p>\n<p data-start=\"529\" data-end=\"589\">\u270b Enh\u00e5ndsbetjening &#8211; Let tryk-og-frig\u00f8r-design.<\/p>\n<p data-start=\"592\" data-end=\"653\">\ud83c\udfaf Stabil ydeevne &#8211; H\u00f8j koncentriskitet for n\u00f8jagtighed.<\/p>\n<p data-start=\"656\" data-end=\"701\">\ud83d\udd27 Bred kompatibilitet &#8211; Passer til mange v\u00e6rkt\u00f8jer.<\/p>\n<p data-start=\"656\" data-end=\"701\"><img decoding=\"async\" class=\"size-full wp-image-22658 aligncenter\" src=\"https:\/\/mekulo.com\/template\/wp-content\/uploads\/sites\/6\/2026\/01\/27ced5c5760c4485c148c82e53319ed196c08be4-800.avif\" alt=\"\" \/><\/p>\n<h2 style=\"text-align: center\" data-start=\"703\" data-end=\"717\"><strong>S\u00e5dan bruges \ud83d\udccc<\/strong><\/h2>\n<ol data-start=\"718\" data-end=\"938\">\n<li data-start=\"718\" data-end=\"768\">\n<p data-start=\"721\" data-end=\"768\">S\u00e6t adapteren i din boremaskine eller driver.<\/p>\n<\/li>\n<li data-start=\"769\" data-end=\"818\">\n<p data-start=\"772\" data-end=\"818\">Skub bitten ind i holderen, indtil den l\u00e5ser.<\/p>\n<\/li>\n<li data-start=\"819\" data-end=\"847\">\n<p data-start=\"822\" data-end=\"847\">Brug v\u00e6rkt\u00f8jet som normalt.<\/p>\n<\/li>\n<li data-start=\"848\" data-end=\"896\">\n<p data-start=\"851\" data-end=\"896\">Tryk p\u00e5 udl\u00f8serb\u00f8sningen for at fjerne bitten.<\/p>\n<\/li>\n<li data-start=\"897\" data-end=\"938\">\n<p data-start=\"900\" data-end=\"938\">S\u00e6t en ny bit i, og forts\u00e6t arbejdet.<\/p>\n<\/li>\n<\/ol>\n<h2 style=\"text-align: center\" data-start=\"940\" data-end=\"959\"><strong>Produktdetaljer \ud83d\udccf<\/strong><\/h2>\n<ul data-start=\"960\" data-end=\"1167\">\n<li data-start=\"960\" data-end=\"1001\">\n<p data-start=\"962\" data-end=\"1001\">Materiale: Krom-vanadiumlegeret st\u00e5l<\/p>\n<\/li>\n<li data-start=\"1002\" data-end=\"1030\">\n<p data-start=\"1004\" data-end=\"1030\">Skafttype: 0,6 cm sekskant<\/p>\n<\/li>\n<li data-start=\"1031\" data-end=\"1078\">\n<p data-start=\"1033\" data-end=\"1078\">L\u00e5sesystem: Fjederbelastet hurtigudl\u00f8ser<\/p>\n<\/li>\n<li data-start=\"1079\" data-end=\"1106\">\n<p data-start=\"1081\" data-end=\"1106\">Magnetisme: Ikke-magnetisk<\/p>\n<\/li>\n<li data-start=\"1107\" data-end=\"1167\">\n<p data-start=\"1109\" data-end=\"1167\">Kompatibilitet: Boremaskiner, slagskruemaskiner, h\u00e5ndskruetr\u00e6kkere<\/p>\n<\/li>\n<li data-start=\"1107\" data-end=\"1167\">St\u00f8rrelse: 60 x 24 x 6,3 mm<\/li>\n<\/ul>\n<h2 style=\"text-align: center\" data-start=\"1169\" data-end=\"1189\"><strong>Pakken indeholder \ud83d\udce6<\/strong><\/h2>\n<ul data-start=\"1190\" data-end=\"1226\">\n<li data-start=\"1190\" data-end=\"1226\">\n<p data-start=\"1192\" data-end=\"1226\">1, 2, 4x adaptere til hurtigskift af sekskantskaft.<\/p>\n<\/li>\n<\/ul>\n","protected":false},"excerpt":{"rendered":"<p>\u2699\ufe0fThis adapter til hurtigskift af sekskantet skaft, s\u00e5 du hurtigt kan skifte bits med \u00e9n h\u00e5nd og spare tid p\u00e5 alle opgaver.<br \/>\n\ud83e\udeb5Den er fremstillet af st\u00e6rkt kromvanadiumst\u00e5l og holder bits fast og forbedrer arbejdseffektiviteten.<br \/>\n\ud83d\udee0\ufe0fA et must-have-v\u00e6rkt\u00f8j til hurtigere og mere j\u00e6vnt bore- og fastg\u00f8relsesarbejde.<\/p>\n","protected":false},"featured_media":20954,"comment_status":"open","ping_status":"closed","template":"","meta":{"site-sidebar-layout":"default","site-content-layout":"","ast-site-content-layout":"default","site-content-style":"default","site-sidebar-style":"default","ast-global-header-display":"","ast-banner-title-visibility":"","ast-main-header-display":"","ast-hfb-above-header-display":"","ast-hfb-below-header-display":"","ast-hfb-mobile-header-display":"","site-post-title":"","ast-breadcrumbs-content":"","ast-featured-img":"","footer-sml-layout":"","ast-disable-related-posts":"","theme-transparent-header-meta":"default","adv-header-id-meta":"","stick-header-meta":"","header-above-stick-meta":"","header-main-stick-meta":"","header-below-stick-meta":"","astra-migrate-meta-layouts":"set","ast-page-background-enabled":"default","ast-page-background-meta":{"desktop":{"background-color":"var(--ast-global-color-5)","background-image":"","background-repeat":"repeat","background-position":"center center","background-size":"auto","background-attachment":"scroll","background-type":"","background-media":"","overlay-type":"","overlay-color":"","overlay-opacity":"","overlay-gradient":""},"tablet":{"background-color":"","background-image":"","background-repeat":"repeat","background-position":"center center","background-size":"auto","background-attachment":"scroll","background-type":"","background-media":"","overlay-type":"","overlay-color":"","overlay-opacity":"","overlay-gradient":""},"mobile":{"background-color":"","background-image":"","background-repeat":"repeat","background-position":"center center","background-size":"auto","background-attachment":"scroll","background-type":"","background-media":"","overlay-type":"","overlay-color":"","overlay-opacity":"","overlay-gradient":""}},"ast-content-background-meta":{"desktop":{"background-color":"var(--ast-global-color-4)","background-image":"","background-repeat":"repeat","background-position":"center center","background-size":"auto","background-attachment":"scroll","background-type":"","background-media":"","overlay-type":"","overlay-color":"","overlay-opacity":"","overlay-gradient":""},"tablet":{"background-color":"var(--ast-global-color-4)","background-image":"","background-repeat":"repeat","background-position":"center center","background-size":"auto","background-attachment":"scroll","background-type":"","background-media":"","overlay-type":"","overlay-color":"","overlay-opacity":"","overlay-gradient":""},"mobile":{"background-color":"var(--ast-global-color-4)","background-image":"","background-repeat":"repeat","background-position":"center center","background-size":"auto","background-attachment":"scroll","background-type":"","background-media":"","overlay-type":"","overlay-color":"","overlay-opacity":"","overlay-gradient":""}}},"product_brand":[],"product_cat":[171],"product_tag":[],"class_list":{"0":"post-20958","1":"product","2":"type-product","3":"status-publish","4":"has-post-thumbnail","6":"product_cat-vaerktoejer","7":"pa_53480_2aamqq93-1-stk","8":"pa_53480_2aamqq93-2-stk","9":"pa_53480_2aamqq93-4-stk","10":"desktop-align-left","11":"tablet-align-left","12":"mobile-align-left","14":"first","15":"instock","16":"shipping-taxable","17":"purchasable","18":"product-type-variable"},"yoast_head":"<!-- This site is optimized with the Yoast SEO plugin v27.4 - https:\/\/yoast.com\/product\/yoast-seo-wordpress\/ -->\n<title>Adapter til hurtigt skift af sekskantet skaft - Mekulo DK<\/title>\n<meta name=\"robots\" content=\"index, follow, max-snippet:-1, max-image-preview:large, max-video-preview:-1\" \/>\n<link rel=\"canonical\" href=\"https:\/\/mekulo.com\/dk\/produkt\/adapter-til-hurtigt-skift-af-sekskantet-skaft\/\" \/>\n<meta property=\"og:locale\" content=\"da_DK\" \/>\n<meta property=\"og:type\" content=\"article\" \/>\n<meta property=\"og:title\" content=\"Adapter til hurtigt skift af sekskantet skaft - Mekulo DK\" \/>\n<meta property=\"og:description\" content=\"\u2699\ufe0fThis adapter til hurtigskift af sekskantet skaft, s\u00e5 du hurtigt kan skifte bits med \u00e9n h\u00e5nd og spare tid p\u00e5 alle opgaver. \ud83e\udeb5Den er fremstillet af st\u00e6rkt kromvanadiumst\u00e5l og holder bits fast og forbedrer arbejdseffektiviteten. \ud83d\udee0\ufe0fA et must-have-v\u00e6rkt\u00f8j til hurtigere og mere j\u00e6vnt bore- og fastg\u00f8relsesarbejde.\" \/>\n<meta property=\"og:url\" content=\"https:\/\/mekulo.com\/dk\/produkt\/adapter-til-hurtigt-skift-af-sekskantet-skaft\/\" \/>\n<meta property=\"og:site_name\" content=\"Mekulo DK\" \/>\n<meta property=\"article:modified_time\" content=\"2026-01-30T06:21:33+00:00\" \/>\n<meta property=\"og:image\" content=\"https:\/\/mekulo.com\/dk\/wp-content\/uploads\/sites\/12\/2026\/01\/qa7cskg-1.jpg\" \/>\n\t<meta property=\"og:image:width\" content=\"800\" \/>\n\t<meta property=\"og:image:height\" content=\"800\" \/>\n\t<meta property=\"og:image:type\" content=\"image\/jpeg\" \/>\n<meta name=\"twitter:card\" content=\"summary_large_image\" \/>\n<meta name=\"twitter:label1\" content=\"Estimeret l\u00e6setid\" \/>\n\t<meta name=\"twitter:data1\" content=\"2 minutter\" \/>\n<script type=\"application\/ld+json\" class=\"yoast-schema-graph\">{\"@context\":\"https:\\\/\\\/schema.org\",\"@graph\":[{\"@type\":\"WebPage\",\"@id\":\"https:\\\/\\\/mekulo.com\\\/dk\\\/produkt\\\/adapter-til-hurtigt-skift-af-sekskantet-skaft\\\/\",\"url\":\"https:\\\/\\\/mekulo.com\\\/dk\\\/produkt\\\/adapter-til-hurtigt-skift-af-sekskantet-skaft\\\/\",\"name\":\"Adapter til hurtigt skift af sekskantet skaft - Mekulo DK\",\"isPartOf\":{\"@id\":\"https:\\\/\\\/mekulo.com\\\/dk\\\/#website\"},\"primaryImageOfPage\":{\"@id\":\"https:\\\/\\\/mekulo.com\\\/dk\\\/produkt\\\/adapter-til-hurtigt-skift-af-sekskantet-skaft\\\/#primaryimage\"},\"image\":{\"@id\":\"https:\\\/\\\/mekulo.com\\\/dk\\\/produkt\\\/adapter-til-hurtigt-skift-af-sekskantet-skaft\\\/#primaryimage\"},\"thumbnailUrl\":\"https:\\\/\\\/mekulo.com\\\/dk\\\/wp-content\\\/uploads\\\/sites\\\/12\\\/2026\\\/01\\\/qa7cskg-1.jpg\",\"datePublished\":\"2026-01-30T06:12:38+00:00\",\"dateModified\":\"2026-01-30T06:21:33+00:00\",\"breadcrumb\":{\"@id\":\"https:\\\/\\\/mekulo.com\\\/dk\\\/produkt\\\/adapter-til-hurtigt-skift-af-sekskantet-skaft\\\/#breadcrumb\"},\"inLanguage\":\"da-DK\",\"potentialAction\":[{\"@type\":\"ReadAction\",\"target\":[\"https:\\\/\\\/mekulo.com\\\/dk\\\/produkt\\\/adapter-til-hurtigt-skift-af-sekskantet-skaft\\\/\"]}]},{\"@type\":\"ImageObject\",\"inLanguage\":\"da-DK\",\"@id\":\"https:\\\/\\\/mekulo.com\\\/dk\\\/produkt\\\/adapter-til-hurtigt-skift-af-sekskantet-skaft\\\/#primaryimage\",\"url\":\"https:\\\/\\\/mekulo.com\\\/dk\\\/wp-content\\\/uploads\\\/sites\\\/12\\\/2026\\\/01\\\/qa7cskg-1.jpg\",\"contentUrl\":\"https:\\\/\\\/mekulo.com\\\/dk\\\/wp-content\\\/uploads\\\/sites\\\/12\\\/2026\\\/01\\\/qa7cskg-1.jpg\",\"width\":800,\"height\":800},{\"@type\":\"BreadcrumbList\",\"@id\":\"https:\\\/\\\/mekulo.com\\\/dk\\\/produkt\\\/adapter-til-hurtigt-skift-af-sekskantet-skaft\\\/#breadcrumb\",\"itemListElement\":[{\"@type\":\"ListItem\",\"position\":1,\"name\":\"Home\",\"item\":\"https:\\\/\\\/mekulo.com\\\/dk\\\/\"},{\"@type\":\"ListItem\",\"position\":2,\"name\":\"Butik\",\"item\":\"https:\\\/\\\/mekulo.com\\\/dk\\\/butik\\\/\"},{\"@type\":\"ListItem\",\"position\":3,\"name\":\"Adapter til hurtigt skift af sekskantet skaft\"}]},{\"@type\":\"WebSite\",\"@id\":\"https:\\\/\\\/mekulo.com\\\/dk\\\/#website\",\"url\":\"https:\\\/\\\/mekulo.com\\\/dk\\\/\",\"name\":\"Mekulo DK\",\"description\":\"\",\"publisher\":{\"@id\":\"https:\\\/\\\/mekulo.com\\\/dk\\\/#organization\"},\"potentialAction\":[{\"@type\":\"SearchAction\",\"target\":{\"@type\":\"EntryPoint\",\"urlTemplate\":\"https:\\\/\\\/mekulo.com\\\/dk\\\/?s={search_term_string}\"},\"query-input\":{\"@type\":\"PropertyValueSpecification\",\"valueRequired\":true,\"valueName\":\"search_term_string\"}}],\"inLanguage\":\"da-DK\"},{\"@type\":\"Organization\",\"@id\":\"https:\\\/\\\/mekulo.com\\\/dk\\\/#organization\",\"name\":\"Mekulo\",\"url\":\"https:\\\/\\\/mekulo.com\\\/dk\\\/\",\"logo\":{\"@type\":\"ImageObject\",\"inLanguage\":\"da-DK\",\"@id\":\"https:\\\/\\\/mekulo.com\\\/dk\\\/#\\\/schema\\\/logo\\\/image\\\/\",\"url\":\"https:\\\/\\\/mekulo.com\\\/dk\\\/wp-content\\\/uploads\\\/sites\\\/12\\\/2025\\\/12\\\/favicon_mekulo.png\",\"contentUrl\":\"https:\\\/\\\/mekulo.com\\\/dk\\\/wp-content\\\/uploads\\\/sites\\\/12\\\/2025\\\/12\\\/favicon_mekulo.png\",\"width\":50,\"height\":50,\"caption\":\"Mekulo\"},\"image\":{\"@id\":\"https:\\\/\\\/mekulo.com\\\/dk\\\/#\\\/schema\\\/logo\\\/image\\\/\"}}]}<\/script>\n<!-- \/ Yoast SEO plugin. -->","yoast_head_json":{"title":"Adapter til hurtigt skift af sekskantet skaft - Mekulo DK","robots":{"index":"index","follow":"follow","max-snippet":"max-snippet:-1","max-image-preview":"max-image-preview:large","max-video-preview":"max-video-preview:-1"},"canonical":"https:\/\/mekulo.com\/dk\/produkt\/adapter-til-hurtigt-skift-af-sekskantet-skaft\/","og_locale":"da_DK","og_type":"article","og_title":"Adapter til hurtigt skift af sekskantet skaft - Mekulo DK","og_description":"\u2699\ufe0fThis adapter til hurtigskift af sekskantet skaft, s\u00e5 du hurtigt kan skifte bits med \u00e9n h\u00e5nd og spare tid p\u00e5 alle opgaver. \ud83e\udeb5Den er fremstillet af st\u00e6rkt kromvanadiumst\u00e5l og holder bits fast og forbedrer arbejdseffektiviteten. \ud83d\udee0\ufe0fA et must-have-v\u00e6rkt\u00f8j til hurtigere og mere j\u00e6vnt bore- og fastg\u00f8relsesarbejde.","og_url":"https:\/\/mekulo.com\/dk\/produkt\/adapter-til-hurtigt-skift-af-sekskantet-skaft\/","og_site_name":"Mekulo DK","article_modified_time":"2026-01-30T06:21:33+00:00","og_image":[{"width":800,"height":800,"url":"https:\/\/mekulo.com\/dk\/wp-content\/uploads\/sites\/12\/2026\/01\/qa7cskg-1.jpg","type":"image\/jpeg"}],"twitter_card":"summary_large_image","twitter_misc":{"Estimeret l\u00e6setid":"2 minutter"},"schema":{"@context":"https:\/\/schema.org","@graph":[{"@type":"WebPage","@id":"https:\/\/mekulo.com\/dk\/produkt\/adapter-til-hurtigt-skift-af-sekskantet-skaft\/","url":"https:\/\/mekulo.com\/dk\/produkt\/adapter-til-hurtigt-skift-af-sekskantet-skaft\/","name":"Adapter til hurtigt skift af sekskantet skaft - Mekulo DK","isPartOf":{"@id":"https:\/\/mekulo.com\/dk\/#website"},"primaryImageOfPage":{"@id":"https:\/\/mekulo.com\/dk\/produkt\/adapter-til-hurtigt-skift-af-sekskantet-skaft\/#primaryimage"},"image":{"@id":"https:\/\/mekulo.com\/dk\/produkt\/adapter-til-hurtigt-skift-af-sekskantet-skaft\/#primaryimage"},"thumbnailUrl":"https:\/\/mekulo.com\/dk\/wp-content\/uploads\/sites\/12\/2026\/01\/qa7cskg-1.jpg","datePublished":"2026-01-30T06:12:38+00:00","dateModified":"2026-01-30T06:21:33+00:00","breadcrumb":{"@id":"https:\/\/mekulo.com\/dk\/produkt\/adapter-til-hurtigt-skift-af-sekskantet-skaft\/#breadcrumb"},"inLanguage":"da-DK","potentialAction":[{"@type":"ReadAction","target":["https:\/\/mekulo.com\/dk\/produkt\/adapter-til-hurtigt-skift-af-sekskantet-skaft\/"]}]},{"@type":"ImageObject","inLanguage":"da-DK","@id":"https:\/\/mekulo.com\/dk\/produkt\/adapter-til-hurtigt-skift-af-sekskantet-skaft\/#primaryimage","url":"https:\/\/mekulo.com\/dk\/wp-content\/uploads\/sites\/12\/2026\/01\/qa7cskg-1.jpg","contentUrl":"https:\/\/mekulo.com\/dk\/wp-content\/uploads\/sites\/12\/2026\/01\/qa7cskg-1.jpg","width":800,"height":800},{"@type":"BreadcrumbList","@id":"https:\/\/mekulo.com\/dk\/produkt\/adapter-til-hurtigt-skift-af-sekskantet-skaft\/#breadcrumb","itemListElement":[{"@type":"ListItem","position":1,"name":"Home","item":"https:\/\/mekulo.com\/dk\/"},{"@type":"ListItem","position":2,"name":"Butik","item":"https:\/\/mekulo.com\/dk\/butik\/"},{"@type":"ListItem","position":3,"name":"Adapter til hurtigt skift af sekskantet skaft"}]},{"@type":"WebSite","@id":"https:\/\/mekulo.com\/dk\/#website","url":"https:\/\/mekulo.com\/dk\/","name":"Mekulo DK","description":"","publisher":{"@id":"https:\/\/mekulo.com\/dk\/#organization"},"potentialAction":[{"@type":"SearchAction","target":{"@type":"EntryPoint","urlTemplate":"https:\/\/mekulo.com\/dk\/?s={search_term_string}"},"query-input":{"@type":"PropertyValueSpecification","valueRequired":true,"valueName":"search_term_string"}}],"inLanguage":"da-DK"},{"@type":"Organization","@id":"https:\/\/mekulo.com\/dk\/#organization","name":"Mekulo","url":"https:\/\/mekulo.com\/dk\/","logo":{"@type":"ImageObject","inLanguage":"da-DK","@id":"https:\/\/mekulo.com\/dk\/#\/schema\/logo\/image\/","url":"https:\/\/mekulo.com\/dk\/wp-content\/uploads\/sites\/12\/2025\/12\/favicon_mekulo.png","contentUrl":"https:\/\/mekulo.com\/dk\/wp-content\/uploads\/sites\/12\/2025\/12\/favicon_mekulo.png","width":50,"height":50,"caption":"Mekulo"},"image":{"@id":"https:\/\/mekulo.com\/dk\/#\/schema\/logo\/image\/"}}]}},"_links":{"self":[{"href":"https:\/\/mekulo.com\/dk\/wp-json\/wp\/v2\/product\/20958","targetHints":{"allow":["GET"]}}],"collection":[{"href":"https:\/\/mekulo.com\/dk\/wp-json\/wp\/v2\/product"}],"about":[{"href":"https:\/\/mekulo.com\/dk\/wp-json\/wp\/v2\/types\/product"}],"replies":[{"embeddable":true,"href":"https:\/\/mekulo.com\/dk\/wp-json\/wp\/v2\/comments?post=20958"}],"wp:featuredmedia":[{"embeddable":true,"href":"https:\/\/mekulo.com\/dk\/wp-json\/wp\/v2\/media\/20954"}],"wp:attachment":[{"href":"https:\/\/mekulo.com\/dk\/wp-json\/wp\/v2\/media?parent=20958"}],"wp:term":[{"taxonomy":"product_brand","embeddable":true,"href":"https:\/\/mekulo.com\/dk\/wp-json\/wp\/v2\/product_brand?post=20958"},{"taxonomy":"product_cat","embeddable":true,"href":"https:\/\/mekulo.com\/dk\/wp-json\/wp\/v2\/product_cat?post=20958"},{"taxonomy":"product_tag","embeddable":true,"href":"https:\/\/mekulo.com\/dk\/wp-json\/wp\/v2\/product_tag?post=20958"}],"curies":[{"name":"wp","href":"https:\/\/api.w.org\/{rel}","templated":true}]}}