{"id":20947,"date":"2026-01-30T08:11:27","date_gmt":"2026-01-30T06:11:27","guid":{"rendered":"https:\/\/mekulo.com\/dk\/produkt\/adapter-til-vinkelsliber-og-ligesliber\/"},"modified":"2026-02-10T11:55:22","modified_gmt":"2026-02-10T09:55:22","slug":"adapter-til-vinkelsliber-og-ligesliber","status":"publish","type":"product","link":"https:\/\/mekulo.com\/dk\/produkt\/adapter-til-vinkelsliber-og-ligesliber\/","title":{"rendered":"Adapter til vinkelsliber og ligesliber"},"content":{"rendered":"<p style=\"text-align: center\" data-start=\"0\" data-end=\"69\"><strong data-start=\"0\" data-end=\"69\">G\u00f8r din vinkelsliber til en ligesliber til pr\u00e6cist arbejde. \ud83d\udcd0<\/strong><\/p>\n<p data-start=\"0\" data-end=\"69\"><img fetchpriority=\"high\" decoding=\"async\" class=\"size-full wp-image-22650 aligncenter\" src=\"https:\/\/mekulo.com\/template\/wp-content\/uploads\/sites\/6\/2026\/01\/83b951b38a45523524a24cf40ffdeaf48998ac65-800.jpg\" alt=\"\" width=\"1080\" height=\"1080\" \/><\/p>\n<h2 style=\"text-align: center\" data-start=\"412\" data-end=\"429\"><strong>Hovedfordele \ud83d\udee0\ufe0f<\/strong><\/h2>\n<p data-start=\"432\" data-end=\"505\">\ud83d\udd04 V\u00e6rkt\u00f8jskonvertering &#8211; Omdanner en vinkelsliber til en ligesliber.<\/p>\n<p data-start=\"508\" data-end=\"578\">\u2699\ufe0f Bred bitkompatibilitet &#8211; Underst\u00f8tter 3 mm og 6 mm slibebits.<\/p>\n<p data-start=\"581\" data-end=\"635\">\ud83d\udee0\ufe0f Nem installation &#8211; Passer til slibemaskiner med M10-gevind.<\/p>\n<p data-start=\"638\" data-end=\"692\">\ud83d\udcaa St\u00e6rk metalopbygning &#8211; Holdbar og langtidsholdbar.<\/p>\n<p data-start=\"695\" data-end=\"750\">\u270b Letv\u00e6gtsdesign &#8211; Komfortabelt til l\u00e6ngere tids brug.<\/p>\n<p data-start=\"753\" data-end=\"806\">\ud83c\udfaf Forbedret pr\u00e6cision &#8211; Ideel til detaljeret arbejde.<\/p>\n<p data-start=\"753\" data-end=\"806\"><img decoding=\"async\" class=\"size-full wp-image-22655 aligncenter\" src=\"https:\/\/mekulo.com\/template\/wp-content\/uploads\/sites\/6\/2026\/01\/5dcbbfe0631e3748be768f0c50d3cab0881061cb-800.avif\" alt=\"\" \/><\/p>\n<h2 style=\"text-align: center\" data-start=\"808\" data-end=\"822\"><strong>S\u00e5dan Bruges \ud83d\udccc<\/strong><\/h2>\n<ol data-start=\"823\" data-end=\"1096\">\n<li data-start=\"823\" data-end=\"875\">\n<p data-start=\"826\" data-end=\"875\">S\u00f8rg for, at din vinkelsliber har et M10-gevind.<\/p>\n<\/li>\n<li data-start=\"876\" data-end=\"922\">\n<p data-start=\"879\" data-end=\"922\">S\u00e6t adapteren godt fast p\u00e5 sliberen.<\/p>\n<\/li>\n<li data-start=\"923\" data-end=\"967\">\n<p data-start=\"926\" data-end=\"967\">S\u00e6t slibebitten i borepatronen.<\/p>\n<\/li>\n<li data-start=\"968\" data-end=\"1000\">\n<p data-start=\"971\" data-end=\"1000\">Sp\u00e6nd borepatronen godt til.<\/p>\n<\/li>\n<li data-start=\"1001\" data-end=\"1044\">\n<p data-start=\"1004\" data-end=\"1044\">K\u00f8r en tomgangstest, f\u00f8r du begynder at arbejde.<\/p>\n<\/li>\n<li data-start=\"1045\" data-end=\"1096\">\n<p data-start=\"1048\" data-end=\"1096\">Begynd at slibe, polere eller slibe efter behov.<\/p>\n<\/li>\n<\/ol>\n<h2 style=\"text-align: center\" data-start=\"1098\" data-end=\"1117\"><strong>Produktdetaljer \ud83d\udccf<\/strong><\/h2>\n<ul data-start=\"1118\" data-end=\"1302\">\n<li data-start=\"1118\" data-end=\"1137\">\n<p data-start=\"1120\" data-end=\"1137\">Materiale: Metal<\/p>\n<\/li>\n<li data-start=\"1155\" data-end=\"1181\">\n<p data-start=\"1157\" data-end=\"1181\">Gevindtype: M10 x 1,5<\/p>\n<\/li>\n<li data-start=\"1182\" data-end=\"1210\">\n<p data-start=\"1184\" data-end=\"1210\">Patronst\u00f8rrelser: 3 mm \/ 6 mm<\/p>\n<\/li>\n<li data-start=\"1211\" data-end=\"1234\">\n<p data-start=\"1213\" data-end=\"1234\">Produktst\u00f8rrelse: 50 mm<\/p>\n<\/li>\n<li data-start=\"1235\" data-end=\"1255\">\n<p data-start=\"1237\" data-end=\"1255\">Nettov\u00e6gt: 66 g<\/p>\n<\/li>\n<li data-start=\"1256\" data-end=\"1302\">\n<p data-start=\"1258\" data-end=\"1302\">Kompatibel slibemaskine: 100-type vinkelsliber<\/p>\n<\/li>\n<\/ul>\n<h2 style=\"text-align: center\" data-start=\"1304\" data-end=\"1324\"><strong>Pakken Indeholder \ud83d\udce6<\/strong><\/h2>\n<ul data-start=\"1325\" data-end=\"1372\">\n<li data-start=\"1325\" data-end=\"1372\">\n<p data-start=\"1327\" data-end=\"1372\">1x konverteringshoved (adapterhus)<\/p>\n<\/li>\n<li data-start=\"1325\" data-end=\"1372\">\n<p data-start=\"1327\" data-end=\"1372\">1x m\u00f8trik<\/p>\n<\/li>\n<li data-start=\"1325\" data-end=\"1372\">\n<p data-start=\"1327\" data-end=\"1372\">1x 6mm chuck<\/p>\n<\/li>\n<li data-start=\"1325\" data-end=\"1372\">1x 3mm chuck.<\/li>\n<\/ul>\n","protected":false},"excerpt":{"rendered":"<p>\ud83d\udcd0Med denne adapter fra vinkelsliber til ligesliber kan du bruge din vinkelsliber til detaljerede slibe-, polerings-, slibe- og sk\u00e6reopgaver.<br \/>\n\u2699\ufe0fIt installeres hurtigt og holder forskellige slibebits sikkert fast, s\u00e5 du f\u00e5r mere kontrol og fleksibilitet.<br \/>\n\ud83d\udee0\ufe0fA smart add-on, der udvider, hvad dit eksisterende v\u00e6rkt\u00f8j kan g\u00f8re, uden at du skal k\u00f8be en ny maskine.<\/p>\n","protected":false},"featured_media":20943,"comment_status":"open","ping_status":"closed","template":"","meta":{"site-sidebar-layout":"default","site-content-layout":"","ast-site-content-layout":"default","site-content-style":"default","site-sidebar-style":"default","ast-global-header-display":"","ast-banner-title-visibility":"","ast-main-header-display":"","ast-hfb-above-header-display":"","ast-hfb-below-header-display":"","ast-hfb-mobile-header-display":"","site-post-title":"","ast-breadcrumbs-content":"","ast-featured-img":"","footer-sml-layout":"","theme-transparent-header-meta":"default","adv-header-id-meta":"","stick-header-meta":"","header-above-stick-meta":"","header-main-stick-meta":"","header-below-stick-meta":"","astra-migrate-meta-layouts":"set","ast-page-background-enabled":"default","ast-page-background-meta":{"desktop":{"background-color":"var(--ast-global-color-5)","background-image":"","background-repeat":"repeat","background-position":"center center","background-size":"auto","background-attachment":"scroll","background-type":"","background-media":"","overlay-type":"","overlay-color":"","overlay-opacity":"","overlay-gradient":""},"tablet":{"background-color":"","background-image":"","background-repeat":"repeat","background-position":"center center","background-size":"auto","background-attachment":"scroll","background-type":"","background-media":"","overlay-type":"","overlay-color":"","overlay-opacity":"","overlay-gradient":""},"mobile":{"background-color":"","background-image":"","background-repeat":"repeat","background-position":"center center","background-size":"auto","background-attachment":"scroll","background-type":"","background-media":"","overlay-type":"","overlay-color":"","overlay-opacity":"","overlay-gradient":""}},"ast-content-background-meta":{"desktop":{"background-color":"var(--ast-global-color-4)","background-image":"","background-repeat":"repeat","background-position":"center center","background-size":"auto","background-attachment":"scroll","background-type":"","background-media":"","overlay-type":"","overlay-color":"","overlay-opacity":"","overlay-gradient":""},"tablet":{"background-color":"var(--ast-global-color-4)","background-image":"","background-repeat":"repeat","background-position":"center center","background-size":"auto","background-attachment":"scroll","background-type":"","background-media":"","overlay-type":"","overlay-color":"","overlay-opacity":"","overlay-gradient":""},"mobile":{"background-color":"var(--ast-global-color-4)","background-image":"","background-repeat":"repeat","background-position":"center center","background-size":"auto","background-attachment":"scroll","background-type":"","background-media":"","overlay-type":"","overlay-color":"","overlay-opacity":"","overlay-gradient":""}}},"product_brand":[],"product_cat":[171],"product_tag":[],"class_list":{"0":"post-20947","1":"product","2":"type-product","3":"status-publish","4":"has-post-thumbnail","6":"product_cat-vaerktoejer","7":"desktop-align-left","8":"tablet-align-left","9":"mobile-align-left","11":"first","12":"instock","13":"shipping-taxable","14":"purchasable","15":"product-type-simple"},"yoast_head":"<!-- This site is optimized with the Yoast SEO plugin v26.6 - https:\/\/yoast.com\/wordpress\/plugins\/seo\/ -->\n<title>Adapter til vinkelsliber og ligesliber - Mekulo DK<\/title>\n<meta name=\"robots\" content=\"index, follow, max-snippet:-1, max-image-preview:large, max-video-preview:-1\" \/>\n<link rel=\"canonical\" href=\"https:\/\/mekulo.com\/dk\/produkt\/adapter-til-vinkelsliber-og-ligesliber\/\" \/>\n<meta property=\"og:locale\" content=\"da_DK\" \/>\n<meta property=\"og:type\" content=\"article\" \/>\n<meta property=\"og:title\" content=\"Adapter til vinkelsliber og ligesliber - Mekulo DK\" \/>\n<meta property=\"og:description\" content=\"\ud83d\udcd0Med denne adapter fra vinkelsliber til ligesliber kan du bruge din vinkelsliber til detaljerede slibe-, polerings-, slibe- og sk\u00e6reopgaver. \u2699\ufe0fIt installeres hurtigt og holder forskellige slibebits sikkert fast, s\u00e5 du f\u00e5r mere kontrol og fleksibilitet. \ud83d\udee0\ufe0fA smart add-on, der udvider, hvad dit eksisterende v\u00e6rkt\u00f8j kan g\u00f8re, uden at du skal k\u00f8be en ny maskine.\" \/>\n<meta property=\"og:url\" content=\"https:\/\/mekulo.com\/dk\/produkt\/adapter-til-vinkelsliber-og-ligesliber\/\" \/>\n<meta property=\"og:site_name\" content=\"Mekulo DK\" \/>\n<meta property=\"article:modified_time\" content=\"2026-02-10T09:55:22+00:00\" \/>\n<meta property=\"og:image\" content=\"https:\/\/mekulo.com\/dk\/wp-content\/uploads\/sites\/12\/2026\/01\/jab5srj-1.jpg\" \/>\n\t<meta property=\"og:image:width\" content=\"900\" \/>\n\t<meta property=\"og:image:height\" content=\"852\" \/>\n\t<meta property=\"og:image:type\" content=\"image\/jpeg\" \/>\n<meta name=\"twitter:card\" content=\"summary_large_image\" \/>\n<meta name=\"twitter:label1\" content=\"Estimeret l\u00e6setid\" \/>\n\t<meta name=\"twitter:data1\" content=\"2 minutter\" \/>\n<script type=\"application\/ld+json\" class=\"yoast-schema-graph\">{\"@context\":\"https:\/\/schema.org\",\"@graph\":[{\"@type\":\"WebPage\",\"@id\":\"https:\/\/mekulo.com\/dk\/produkt\/adapter-til-vinkelsliber-og-ligesliber\/\",\"url\":\"https:\/\/mekulo.com\/dk\/produkt\/adapter-til-vinkelsliber-og-ligesliber\/\",\"name\":\"Adapter til vinkelsliber og ligesliber - Mekulo DK\",\"isPartOf\":{\"@id\":\"https:\/\/mekulo.com\/dk\/#website\"},\"primaryImageOfPage\":{\"@id\":\"https:\/\/mekulo.com\/dk\/produkt\/adapter-til-vinkelsliber-og-ligesliber\/#primaryimage\"},\"image\":{\"@id\":\"https:\/\/mekulo.com\/dk\/produkt\/adapter-til-vinkelsliber-og-ligesliber\/#primaryimage\"},\"thumbnailUrl\":\"https:\/\/mekulo.com\/dk\/wp-content\/uploads\/sites\/12\/2026\/01\/jab5srj-1.jpg\",\"datePublished\":\"2026-01-30T06:11:27+00:00\",\"dateModified\":\"2026-02-10T09:55:22+00:00\",\"breadcrumb\":{\"@id\":\"https:\/\/mekulo.com\/dk\/produkt\/adapter-til-vinkelsliber-og-ligesliber\/#breadcrumb\"},\"inLanguage\":\"da-DK\",\"potentialAction\":[{\"@type\":\"ReadAction\",\"target\":[\"https:\/\/mekulo.com\/dk\/produkt\/adapter-til-vinkelsliber-og-ligesliber\/\"]}]},{\"@type\":\"ImageObject\",\"inLanguage\":\"da-DK\",\"@id\":\"https:\/\/mekulo.com\/dk\/produkt\/adapter-til-vinkelsliber-og-ligesliber\/#primaryimage\",\"url\":\"https:\/\/mekulo.com\/dk\/wp-content\/uploads\/sites\/12\/2026\/01\/jab5srj-1.jpg\",\"contentUrl\":\"https:\/\/mekulo.com\/dk\/wp-content\/uploads\/sites\/12\/2026\/01\/jab5srj-1.jpg\",\"width\":900,\"height\":852},{\"@type\":\"BreadcrumbList\",\"@id\":\"https:\/\/mekulo.com\/dk\/produkt\/adapter-til-vinkelsliber-og-ligesliber\/#breadcrumb\",\"itemListElement\":[{\"@type\":\"ListItem\",\"position\":1,\"name\":\"Home\",\"item\":\"https:\/\/mekulo.com\/dk\/\"},{\"@type\":\"ListItem\",\"position\":2,\"name\":\"Butik\",\"item\":\"https:\/\/mekulo.com\/dk\/butik\/\"},{\"@type\":\"ListItem\",\"position\":3,\"name\":\"Adapter til vinkelsliber og ligesliber\"}]},{\"@type\":\"WebSite\",\"@id\":\"https:\/\/mekulo.com\/dk\/#website\",\"url\":\"https:\/\/mekulo.com\/dk\/\",\"name\":\"Mekulo DK\",\"description\":\"\",\"publisher\":{\"@id\":\"https:\/\/mekulo.com\/dk\/#organization\"},\"potentialAction\":[{\"@type\":\"SearchAction\",\"target\":{\"@type\":\"EntryPoint\",\"urlTemplate\":\"https:\/\/mekulo.com\/dk\/?s={search_term_string}\"},\"query-input\":{\"@type\":\"PropertyValueSpecification\",\"valueRequired\":true,\"valueName\":\"search_term_string\"}}],\"inLanguage\":\"da-DK\"},{\"@type\":\"Organization\",\"@id\":\"https:\/\/mekulo.com\/dk\/#organization\",\"name\":\"Mekulo\",\"url\":\"https:\/\/mekulo.com\/dk\/\",\"logo\":{\"@type\":\"ImageObject\",\"inLanguage\":\"da-DK\",\"@id\":\"https:\/\/mekulo.com\/dk\/#\/schema\/logo\/image\/\",\"url\":\"https:\/\/mekulo.com\/dk\/wp-content\/uploads\/sites\/12\/2025\/12\/favicon_mekulo.png\",\"contentUrl\":\"https:\/\/mekulo.com\/dk\/wp-content\/uploads\/sites\/12\/2025\/12\/favicon_mekulo.png\",\"width\":50,\"height\":50,\"caption\":\"Mekulo\"},\"image\":{\"@id\":\"https:\/\/mekulo.com\/dk\/#\/schema\/logo\/image\/\"}}]}<\/script>\n<!-- \/ Yoast SEO plugin. -->","yoast_head_json":{"title":"Adapter til vinkelsliber og ligesliber - Mekulo DK","robots":{"index":"index","follow":"follow","max-snippet":"max-snippet:-1","max-image-preview":"max-image-preview:large","max-video-preview":"max-video-preview:-1"},"canonical":"https:\/\/mekulo.com\/dk\/produkt\/adapter-til-vinkelsliber-og-ligesliber\/","og_locale":"da_DK","og_type":"article","og_title":"Adapter til vinkelsliber og ligesliber - Mekulo DK","og_description":"\ud83d\udcd0Med denne adapter fra vinkelsliber til ligesliber kan du bruge din vinkelsliber til detaljerede slibe-, polerings-, slibe- og sk\u00e6reopgaver. \u2699\ufe0fIt installeres hurtigt og holder forskellige slibebits sikkert fast, s\u00e5 du f\u00e5r mere kontrol og fleksibilitet. \ud83d\udee0\ufe0fA smart add-on, der udvider, hvad dit eksisterende v\u00e6rkt\u00f8j kan g\u00f8re, uden at du skal k\u00f8be en ny maskine.","og_url":"https:\/\/mekulo.com\/dk\/produkt\/adapter-til-vinkelsliber-og-ligesliber\/","og_site_name":"Mekulo DK","article_modified_time":"2026-02-10T09:55:22+00:00","og_image":[{"width":900,"height":852,"url":"https:\/\/mekulo.com\/dk\/wp-content\/uploads\/sites\/12\/2026\/01\/jab5srj-1.jpg","type":"image\/jpeg"}],"twitter_card":"summary_large_image","twitter_misc":{"Estimeret l\u00e6setid":"2 minutter"},"schema":{"@context":"https:\/\/schema.org","@graph":[{"@type":"WebPage","@id":"https:\/\/mekulo.com\/dk\/produkt\/adapter-til-vinkelsliber-og-ligesliber\/","url":"https:\/\/mekulo.com\/dk\/produkt\/adapter-til-vinkelsliber-og-ligesliber\/","name":"Adapter til vinkelsliber og ligesliber - Mekulo DK","isPartOf":{"@id":"https:\/\/mekulo.com\/dk\/#website"},"primaryImageOfPage":{"@id":"https:\/\/mekulo.com\/dk\/produkt\/adapter-til-vinkelsliber-og-ligesliber\/#primaryimage"},"image":{"@id":"https:\/\/mekulo.com\/dk\/produkt\/adapter-til-vinkelsliber-og-ligesliber\/#primaryimage"},"thumbnailUrl":"https:\/\/mekulo.com\/dk\/wp-content\/uploads\/sites\/12\/2026\/01\/jab5srj-1.jpg","datePublished":"2026-01-30T06:11:27+00:00","dateModified":"2026-02-10T09:55:22+00:00","breadcrumb":{"@id":"https:\/\/mekulo.com\/dk\/produkt\/adapter-til-vinkelsliber-og-ligesliber\/#breadcrumb"},"inLanguage":"da-DK","potentialAction":[{"@type":"ReadAction","target":["https:\/\/mekulo.com\/dk\/produkt\/adapter-til-vinkelsliber-og-ligesliber\/"]}]},{"@type":"ImageObject","inLanguage":"da-DK","@id":"https:\/\/mekulo.com\/dk\/produkt\/adapter-til-vinkelsliber-og-ligesliber\/#primaryimage","url":"https:\/\/mekulo.com\/dk\/wp-content\/uploads\/sites\/12\/2026\/01\/jab5srj-1.jpg","contentUrl":"https:\/\/mekulo.com\/dk\/wp-content\/uploads\/sites\/12\/2026\/01\/jab5srj-1.jpg","width":900,"height":852},{"@type":"BreadcrumbList","@id":"https:\/\/mekulo.com\/dk\/produkt\/adapter-til-vinkelsliber-og-ligesliber\/#breadcrumb","itemListElement":[{"@type":"ListItem","position":1,"name":"Home","item":"https:\/\/mekulo.com\/dk\/"},{"@type":"ListItem","position":2,"name":"Butik","item":"https:\/\/mekulo.com\/dk\/butik\/"},{"@type":"ListItem","position":3,"name":"Adapter til vinkelsliber og ligesliber"}]},{"@type":"WebSite","@id":"https:\/\/mekulo.com\/dk\/#website","url":"https:\/\/mekulo.com\/dk\/","name":"Mekulo DK","description":"","publisher":{"@id":"https:\/\/mekulo.com\/dk\/#organization"},"potentialAction":[{"@type":"SearchAction","target":{"@type":"EntryPoint","urlTemplate":"https:\/\/mekulo.com\/dk\/?s={search_term_string}"},"query-input":{"@type":"PropertyValueSpecification","valueRequired":true,"valueName":"search_term_string"}}],"inLanguage":"da-DK"},{"@type":"Organization","@id":"https:\/\/mekulo.com\/dk\/#organization","name":"Mekulo","url":"https:\/\/mekulo.com\/dk\/","logo":{"@type":"ImageObject","inLanguage":"da-DK","@id":"https:\/\/mekulo.com\/dk\/#\/schema\/logo\/image\/","url":"https:\/\/mekulo.com\/dk\/wp-content\/uploads\/sites\/12\/2025\/12\/favicon_mekulo.png","contentUrl":"https:\/\/mekulo.com\/dk\/wp-content\/uploads\/sites\/12\/2025\/12\/favicon_mekulo.png","width":50,"height":50,"caption":"Mekulo"},"image":{"@id":"https:\/\/mekulo.com\/dk\/#\/schema\/logo\/image\/"}}]}},"_links":{"self":[{"href":"https:\/\/mekulo.com\/dk\/wp-json\/wp\/v2\/product\/20947","targetHints":{"allow":["GET"]}}],"collection":[{"href":"https:\/\/mekulo.com\/dk\/wp-json\/wp\/v2\/product"}],"about":[{"href":"https:\/\/mekulo.com\/dk\/wp-json\/wp\/v2\/types\/product"}],"replies":[{"embeddable":true,"href":"https:\/\/mekulo.com\/dk\/wp-json\/wp\/v2\/comments?post=20947"}],"wp:featuredmedia":[{"embeddable":true,"href":"https:\/\/mekulo.com\/dk\/wp-json\/wp\/v2\/media\/20943"}],"wp:attachment":[{"href":"https:\/\/mekulo.com\/dk\/wp-json\/wp\/v2\/media?parent=20947"}],"wp:term":[{"taxonomy":"product_brand","embeddable":true,"href":"https:\/\/mekulo.com\/dk\/wp-json\/wp\/v2\/product_brand?post=20947"},{"taxonomy":"product_cat","embeddable":true,"href":"https:\/\/mekulo.com\/dk\/wp-json\/wp\/v2\/product_cat?post=20947"},{"taxonomy":"product_tag","embeddable":true,"href":"https:\/\/mekulo.com\/dk\/wp-json\/wp\/v2\/product_tag?post=20947"}],"curies":[{"name":"wp","href":"https:\/\/api.w.org\/{rel}","templated":true}]}}