{"id":20886,"date":"2026-01-30T08:07:25","date_gmt":"2026-01-30T06:07:25","guid":{"rendered":"https:\/\/mekulo.com\/dk\/produkt\/forlaengerslange-til-daekventil-2-stk\/"},"modified":"2026-02-10T11:16:00","modified_gmt":"2026-02-10T09:16:00","slug":"forlaengerslange-til-daekventil-2-stk","status":"publish","type":"product","link":"https:\/\/mekulo.com\/dk\/produkt\/forlaengerslange-til-daekventil-2-stk\/","title":{"rendered":"Forl\u00e6ngerslange til d\u00e6kventil (2 stk.)"},"content":{"rendered":"<p style=\"text-align: center\" data-start=\"0\" data-end=\"82\"><strong data-start=\"0\" data-end=\"82\">Det er nemt at pumpe og kontrollere d\u00e6ktrykket, selv i sv\u00e6rt tilg\u00e6ngelige ventilpositioner. \ud83d\udede<\/strong><\/p>\n<p data-start=\"0\" data-end=\"82\"><img fetchpriority=\"high\" decoding=\"async\" class=\"size-full wp-image-22596 aligncenter\" src=\"https:\/\/mekulo.com\/template\/wp-content\/uploads\/sites\/6\/2026\/01\/Sd7eca5d1ef41472e8492d4098988109bG.jpg\" alt=\"\" width=\"1080\" height=\"1080\" \/><\/p>\n<h2 style=\"text-align: center\" data-start=\"401\" data-end=\"418\"><strong>Hovedfordele \ud83d\ude98<\/strong><\/h2>\n<p data-start=\"421\" data-end=\"489\">\ud83d\ude97 Nem ventiladgang &#8211; n\u00e5r stramme eller vinklede ventilpositioner.<\/p>\n<p data-start=\"492\" data-end=\"558\">\ud83d\udca8 L\u00e6kagesikkert design &#8211; Gummipakninger for luftt\u00e6t ydeevne.<\/p>\n<p data-start=\"561\" data-end=\"620\">\ud83d\udd04 Indbygget ventilkerne &#8211; Hurtig oppumpning og t\u00f8mning.<\/p>\n<p data-start=\"623\" data-end=\"677\">\ud83d\udee0\ufe0f V\u00e6rkt\u00f8jsfri installation &#8211; Skrues p\u00e5 p\u00e5 f\u00e5 sekunder.<\/p>\n<p data-start=\"680\" data-end=\"725\">\ud83e\uddf2 Fleksibel slange &#8211; Justeres til enhver vinkel.<\/p>\n<p data-start=\"728\" data-end=\"775\">\ud83c\udf0d Universel pasform &#8211; Fungerer p\u00e5 mange k\u00f8ret\u00f8jer.<\/p>\n<p data-start=\"728\" data-end=\"775\"><img decoding=\"async\" class=\"size-full wp-image-22597 aligncenter\" src=\"https:\/\/mekulo.com\/template\/wp-content\/uploads\/sites\/6\/2026\/01\/S3539298e511548e4b0c22e9ad83cda44Z.jpg_960x960q75.jpg_.avif\" alt=\"\" width=\"960\" height=\"960\" \/><\/p>\n<h2 style=\"text-align: center\" data-start=\"777\" data-end=\"791\"><strong>S\u00e5dan Bruges \ud83d\udccc<\/strong><\/h2>\n<ol data-start=\"792\" data-end=\"1015\">\n<li data-start=\"792\" data-end=\"827\">\n<p data-start=\"795\" data-end=\"827\">Fjern den eksisterende ventilh\u00e6tte.<\/p>\n<\/li>\n<li data-start=\"828\" data-end=\"878\">\n<p data-start=\"831\" data-end=\"878\">Skru forl\u00e6ngerslangen p\u00e5 d\u00e6kventilen.<\/p>\n<\/li>\n<li data-start=\"879\" data-end=\"923\">\n<p data-start=\"882\" data-end=\"923\">Fastg\u00f8r din luftpumpe eller trykm\u00e5ler.<\/p>\n<\/li>\n<li data-start=\"924\" data-end=\"965\">\n<p data-start=\"927\" data-end=\"965\">Pump eller kontroller trykket efter behov.<\/p>\n<\/li>\n<li data-start=\"966\" data-end=\"1015\">\n<p data-start=\"969\" data-end=\"1015\">Stram h\u00e6tten efter brug for at forhindre lufttab.<\/p>\n<\/li>\n<\/ol>\n<h2 style=\"text-align: center\" data-start=\"1017\" data-end=\"1036\"><strong>Produktdetaljer \ud83d\udccf<\/strong><\/h2>\n<ul data-start=\"1037\" data-end=\"1263\">\n<li data-start=\"1037\" data-end=\"1090\">\n<p data-start=\"1039\" data-end=\"1090\">Materiale: Gummislange + korrosionsbestandig messing<\/p>\n<\/li>\n<li data-start=\"1091\" data-end=\"1128\">\n<p data-start=\"1093\" data-end=\"1128\">Design: Fleksibel vinklet forl\u00e6ngelse<\/p>\n<\/li>\n<li data-start=\"1129\" data-end=\"1164\">\n<p data-start=\"1131\" data-end=\"1164\">T\u00e6tningstype: Gummit\u00e6tningsringe<\/p>\n<\/li>\n<li data-start=\"1165\" data-end=\"1204\">\n<p data-start=\"1167\" data-end=\"1204\">Ventill\u00e6ngde: 10 cm, 12 cm, 14 cm, 15 cm, 16 cm, 18 cm, 20 cm, 21 cm<\/p>\n<\/li>\n<li data-start=\"1205\" data-end=\"1263\">\n<p data-start=\"1207\" data-end=\"1263\">Kompatibilitet: Biler, cykler, motorcykler, autocampere, trailere<\/p>\n<\/li>\n<\/ul>\n<h2 style=\"text-align: center\" data-start=\"1265\" data-end=\"1285\"><strong>Pakken Indeholder \ud83d\udce6<\/strong><\/h2>\n<ul data-start=\"1286\" data-end=\"1334\">\n<li data-start=\"1286\" data-end=\"1319\">\n<p data-start=\"1288\" data-end=\"1319\">2x forl\u00e6ngerslanger til d\u00e6kventiler<\/p>\n<\/li>\n<li data-start=\"1320\" data-end=\"1334\">\n<p data-start=\"1322\" data-end=\"1334\">2x st\u00f8vh\u00e6tte.<\/p>\n<\/li>\n<\/ul>\n","protected":false},"excerpt":{"rendered":"<p>\ud83d\ude99Denne forl\u00e6ngerslange til d\u00e6kventiler udvider din d\u00e6kventil til en mere tilg\u00e6ngelig vinkel, hvilket g\u00f8r oppumpning og trykpr\u00f8vning hurtig og problemfri.<br \/>\n\ud83d\udca8Det fleksible design og den indbyggede ventilkerne sikrer en j\u00e6vn luftstr\u00f8m uden l\u00e6kager.<br \/>\n\u231bEn enkel opgradering, der sparer tid og frustration p\u00e5 ethvert k\u00f8ret\u00f8j med sn\u00e6ver ventiladgang.<\/p>\n","protected":false},"featured_media":20882,"comment_status":"open","ping_status":"closed","template":"","meta":{"site-sidebar-layout":"default","site-content-layout":"","ast-site-content-layout":"default","site-content-style":"default","site-sidebar-style":"default","ast-global-header-display":"","ast-banner-title-visibility":"","ast-main-header-display":"","ast-hfb-above-header-display":"","ast-hfb-below-header-display":"","ast-hfb-mobile-header-display":"","site-post-title":"","ast-breadcrumbs-content":"","ast-featured-img":"","footer-sml-layout":"","theme-transparent-header-meta":"default","adv-header-id-meta":"","stick-header-meta":"","header-above-stick-meta":"","header-main-stick-meta":"","header-below-stick-meta":"","astra-migrate-meta-layouts":"set","ast-page-background-enabled":"default","ast-page-background-meta":{"desktop":{"background-color":"var(--ast-global-color-5)","background-image":"","background-repeat":"repeat","background-position":"center center","background-size":"auto","background-attachment":"scroll","background-type":"","background-media":"","overlay-type":"","overlay-color":"","overlay-opacity":"","overlay-gradient":""},"tablet":{"background-color":"","background-image":"","background-repeat":"repeat","background-position":"center center","background-size":"auto","background-attachment":"scroll","background-type":"","background-media":"","overlay-type":"","overlay-color":"","overlay-opacity":"","overlay-gradient":""},"mobile":{"background-color":"","background-image":"","background-repeat":"repeat","background-position":"center center","background-size":"auto","background-attachment":"scroll","background-type":"","background-media":"","overlay-type":"","overlay-color":"","overlay-opacity":"","overlay-gradient":""}},"ast-content-background-meta":{"desktop":{"background-color":"var(--ast-global-color-4)","background-image":"","background-repeat":"repeat","background-position":"center center","background-size":"auto","background-attachment":"scroll","background-type":"","background-media":"","overlay-type":"","overlay-color":"","overlay-opacity":"","overlay-gradient":""},"tablet":{"background-color":"var(--ast-global-color-4)","background-image":"","background-repeat":"repeat","background-position":"center center","background-size":"auto","background-attachment":"scroll","background-type":"","background-media":"","overlay-type":"","overlay-color":"","overlay-opacity":"","overlay-gradient":""},"mobile":{"background-color":"var(--ast-global-color-4)","background-image":"","background-repeat":"repeat","background-position":"center center","background-size":"auto","background-attachment":"scroll","background-type":"","background-media":"","overlay-type":"","overlay-color":"","overlay-opacity":"","overlay-gradient":""}}},"product_brand":[],"product_cat":[161],"product_tag":[],"class_list":{"0":"post-20886","1":"product","2":"type-product","3":"status-publish","4":"has-post-thumbnail","6":"product_cat-bilprodukter","7":"pa_53122_o4dcurpl-10-cm","8":"pa_53122_o4dcurpl-12-cm","9":"pa_53122_o4dcurpl-14-cm","10":"pa_53122_o4dcurpl-15-cm","11":"pa_53122_o4dcurpl-16-cm","12":"pa_53122_o4dcurpl-18-cm","13":"pa_53122_o4dcurpl-20-cm","14":"pa_53122_o4dcurpl-21-cm","15":"desktop-align-left","16":"tablet-align-left","17":"mobile-align-left","19":"first","20":"instock","21":"shipping-taxable","22":"purchasable","23":"product-type-variable"},"yoast_head":"<!-- This site is optimized with the Yoast SEO plugin v26.6 - https:\/\/yoast.com\/wordpress\/plugins\/seo\/ -->\n<title>Forl\u00e6ngerslange til d\u00e6kventil (2 stk.) - Mekulo DK<\/title>\n<meta name=\"robots\" content=\"index, follow, max-snippet:-1, max-image-preview:large, max-video-preview:-1\" \/>\n<link rel=\"canonical\" href=\"https:\/\/mekulo.com\/dk\/produkt\/forlaengerslange-til-daekventil-2-stk\/\" \/>\n<meta property=\"og:locale\" content=\"da_DK\" \/>\n<meta property=\"og:type\" content=\"article\" \/>\n<meta property=\"og:title\" content=\"Forl\u00e6ngerslange til d\u00e6kventil (2 stk.) - Mekulo DK\" \/>\n<meta property=\"og:description\" content=\"\ud83d\ude99Denne forl\u00e6ngerslange til d\u00e6kventiler udvider din d\u00e6kventil til en mere tilg\u00e6ngelig vinkel, hvilket g\u00f8r oppumpning og trykpr\u00f8vning hurtig og problemfri. \ud83d\udca8Det fleksible design og den indbyggede ventilkerne sikrer en j\u00e6vn luftstr\u00f8m uden l\u00e6kager. \u231bEn enkel opgradering, der sparer tid og frustration p\u00e5 ethvert k\u00f8ret\u00f8j med sn\u00e6ver ventiladgang.\" \/>\n<meta property=\"og:url\" content=\"https:\/\/mekulo.com\/dk\/produkt\/forlaengerslange-til-daekventil-2-stk\/\" \/>\n<meta property=\"og:site_name\" content=\"Mekulo DK\" \/>\n<meta property=\"article:modified_time\" content=\"2026-02-10T09:16:00+00:00\" \/>\n<meta property=\"og:image\" content=\"https:\/\/mekulo.com\/dk\/wp-content\/uploads\/sites\/12\/2026\/01\/vwcer1n-1.jpg\" \/>\n\t<meta property=\"og:image:width\" content=\"1080\" \/>\n\t<meta property=\"og:image:height\" content=\"1080\" \/>\n\t<meta property=\"og:image:type\" content=\"image\/jpeg\" \/>\n<meta name=\"twitter:card\" content=\"summary_large_image\" \/>\n<meta name=\"twitter:label1\" content=\"Estimeret l\u00e6setid\" \/>\n\t<meta name=\"twitter:data1\" content=\"2 minutter\" \/>\n<script type=\"application\/ld+json\" class=\"yoast-schema-graph\">{\"@context\":\"https:\/\/schema.org\",\"@graph\":[{\"@type\":\"WebPage\",\"@id\":\"https:\/\/mekulo.com\/dk\/produkt\/forlaengerslange-til-daekventil-2-stk\/\",\"url\":\"https:\/\/mekulo.com\/dk\/produkt\/forlaengerslange-til-daekventil-2-stk\/\",\"name\":\"Forl\u00e6ngerslange til d\u00e6kventil (2 stk.) - Mekulo DK\",\"isPartOf\":{\"@id\":\"https:\/\/mekulo.com\/dk\/#website\"},\"primaryImageOfPage\":{\"@id\":\"https:\/\/mekulo.com\/dk\/produkt\/forlaengerslange-til-daekventil-2-stk\/#primaryimage\"},\"image\":{\"@id\":\"https:\/\/mekulo.com\/dk\/produkt\/forlaengerslange-til-daekventil-2-stk\/#primaryimage\"},\"thumbnailUrl\":\"https:\/\/mekulo.com\/dk\/wp-content\/uploads\/sites\/12\/2026\/01\/vwcer1n-1.jpg\",\"datePublished\":\"2026-01-30T06:07:25+00:00\",\"dateModified\":\"2026-02-10T09:16:00+00:00\",\"breadcrumb\":{\"@id\":\"https:\/\/mekulo.com\/dk\/produkt\/forlaengerslange-til-daekventil-2-stk\/#breadcrumb\"},\"inLanguage\":\"da-DK\",\"potentialAction\":[{\"@type\":\"ReadAction\",\"target\":[\"https:\/\/mekulo.com\/dk\/produkt\/forlaengerslange-til-daekventil-2-stk\/\"]}]},{\"@type\":\"ImageObject\",\"inLanguage\":\"da-DK\",\"@id\":\"https:\/\/mekulo.com\/dk\/produkt\/forlaengerslange-til-daekventil-2-stk\/#primaryimage\",\"url\":\"https:\/\/mekulo.com\/dk\/wp-content\/uploads\/sites\/12\/2026\/01\/vwcer1n-1.jpg\",\"contentUrl\":\"https:\/\/mekulo.com\/dk\/wp-content\/uploads\/sites\/12\/2026\/01\/vwcer1n-1.jpg\",\"width\":1080,\"height\":1080},{\"@type\":\"BreadcrumbList\",\"@id\":\"https:\/\/mekulo.com\/dk\/produkt\/forlaengerslange-til-daekventil-2-stk\/#breadcrumb\",\"itemListElement\":[{\"@type\":\"ListItem\",\"position\":1,\"name\":\"Home\",\"item\":\"https:\/\/mekulo.com\/dk\/\"},{\"@type\":\"ListItem\",\"position\":2,\"name\":\"Butik\",\"item\":\"https:\/\/mekulo.com\/dk\/butik\/\"},{\"@type\":\"ListItem\",\"position\":3,\"name\":\"Forl\u00e6ngerslange til d\u00e6kventil (2 stk.)\"}]},{\"@type\":\"WebSite\",\"@id\":\"https:\/\/mekulo.com\/dk\/#website\",\"url\":\"https:\/\/mekulo.com\/dk\/\",\"name\":\"Mekulo DK\",\"description\":\"\",\"publisher\":{\"@id\":\"https:\/\/mekulo.com\/dk\/#organization\"},\"potentialAction\":[{\"@type\":\"SearchAction\",\"target\":{\"@type\":\"EntryPoint\",\"urlTemplate\":\"https:\/\/mekulo.com\/dk\/?s={search_term_string}\"},\"query-input\":{\"@type\":\"PropertyValueSpecification\",\"valueRequired\":true,\"valueName\":\"search_term_string\"}}],\"inLanguage\":\"da-DK\"},{\"@type\":\"Organization\",\"@id\":\"https:\/\/mekulo.com\/dk\/#organization\",\"name\":\"Mekulo\",\"url\":\"https:\/\/mekulo.com\/dk\/\",\"logo\":{\"@type\":\"ImageObject\",\"inLanguage\":\"da-DK\",\"@id\":\"https:\/\/mekulo.com\/dk\/#\/schema\/logo\/image\/\",\"url\":\"https:\/\/mekulo.com\/dk\/wp-content\/uploads\/sites\/12\/2025\/12\/favicon_mekulo.png\",\"contentUrl\":\"https:\/\/mekulo.com\/dk\/wp-content\/uploads\/sites\/12\/2025\/12\/favicon_mekulo.png\",\"width\":50,\"height\":50,\"caption\":\"Mekulo\"},\"image\":{\"@id\":\"https:\/\/mekulo.com\/dk\/#\/schema\/logo\/image\/\"}}]}<\/script>\n<!-- \/ Yoast SEO plugin. -->","yoast_head_json":{"title":"Forl\u00e6ngerslange til d\u00e6kventil (2 stk.) - Mekulo DK","robots":{"index":"index","follow":"follow","max-snippet":"max-snippet:-1","max-image-preview":"max-image-preview:large","max-video-preview":"max-video-preview:-1"},"canonical":"https:\/\/mekulo.com\/dk\/produkt\/forlaengerslange-til-daekventil-2-stk\/","og_locale":"da_DK","og_type":"article","og_title":"Forl\u00e6ngerslange til d\u00e6kventil (2 stk.) - Mekulo DK","og_description":"\ud83d\ude99Denne forl\u00e6ngerslange til d\u00e6kventiler udvider din d\u00e6kventil til en mere tilg\u00e6ngelig vinkel, hvilket g\u00f8r oppumpning og trykpr\u00f8vning hurtig og problemfri. \ud83d\udca8Det fleksible design og den indbyggede ventilkerne sikrer en j\u00e6vn luftstr\u00f8m uden l\u00e6kager. \u231bEn enkel opgradering, der sparer tid og frustration p\u00e5 ethvert k\u00f8ret\u00f8j med sn\u00e6ver ventiladgang.","og_url":"https:\/\/mekulo.com\/dk\/produkt\/forlaengerslange-til-daekventil-2-stk\/","og_site_name":"Mekulo DK","article_modified_time":"2026-02-10T09:16:00+00:00","og_image":[{"width":1080,"height":1080,"url":"https:\/\/mekulo.com\/dk\/wp-content\/uploads\/sites\/12\/2026\/01\/vwcer1n-1.jpg","type":"image\/jpeg"}],"twitter_card":"summary_large_image","twitter_misc":{"Estimeret l\u00e6setid":"2 minutter"},"schema":{"@context":"https:\/\/schema.org","@graph":[{"@type":"WebPage","@id":"https:\/\/mekulo.com\/dk\/produkt\/forlaengerslange-til-daekventil-2-stk\/","url":"https:\/\/mekulo.com\/dk\/produkt\/forlaengerslange-til-daekventil-2-stk\/","name":"Forl\u00e6ngerslange til d\u00e6kventil (2 stk.) - Mekulo DK","isPartOf":{"@id":"https:\/\/mekulo.com\/dk\/#website"},"primaryImageOfPage":{"@id":"https:\/\/mekulo.com\/dk\/produkt\/forlaengerslange-til-daekventil-2-stk\/#primaryimage"},"image":{"@id":"https:\/\/mekulo.com\/dk\/produkt\/forlaengerslange-til-daekventil-2-stk\/#primaryimage"},"thumbnailUrl":"https:\/\/mekulo.com\/dk\/wp-content\/uploads\/sites\/12\/2026\/01\/vwcer1n-1.jpg","datePublished":"2026-01-30T06:07:25+00:00","dateModified":"2026-02-10T09:16:00+00:00","breadcrumb":{"@id":"https:\/\/mekulo.com\/dk\/produkt\/forlaengerslange-til-daekventil-2-stk\/#breadcrumb"},"inLanguage":"da-DK","potentialAction":[{"@type":"ReadAction","target":["https:\/\/mekulo.com\/dk\/produkt\/forlaengerslange-til-daekventil-2-stk\/"]}]},{"@type":"ImageObject","inLanguage":"da-DK","@id":"https:\/\/mekulo.com\/dk\/produkt\/forlaengerslange-til-daekventil-2-stk\/#primaryimage","url":"https:\/\/mekulo.com\/dk\/wp-content\/uploads\/sites\/12\/2026\/01\/vwcer1n-1.jpg","contentUrl":"https:\/\/mekulo.com\/dk\/wp-content\/uploads\/sites\/12\/2026\/01\/vwcer1n-1.jpg","width":1080,"height":1080},{"@type":"BreadcrumbList","@id":"https:\/\/mekulo.com\/dk\/produkt\/forlaengerslange-til-daekventil-2-stk\/#breadcrumb","itemListElement":[{"@type":"ListItem","position":1,"name":"Home","item":"https:\/\/mekulo.com\/dk\/"},{"@type":"ListItem","position":2,"name":"Butik","item":"https:\/\/mekulo.com\/dk\/butik\/"},{"@type":"ListItem","position":3,"name":"Forl\u00e6ngerslange til d\u00e6kventil (2 stk.)"}]},{"@type":"WebSite","@id":"https:\/\/mekulo.com\/dk\/#website","url":"https:\/\/mekulo.com\/dk\/","name":"Mekulo DK","description":"","publisher":{"@id":"https:\/\/mekulo.com\/dk\/#organization"},"potentialAction":[{"@type":"SearchAction","target":{"@type":"EntryPoint","urlTemplate":"https:\/\/mekulo.com\/dk\/?s={search_term_string}"},"query-input":{"@type":"PropertyValueSpecification","valueRequired":true,"valueName":"search_term_string"}}],"inLanguage":"da-DK"},{"@type":"Organization","@id":"https:\/\/mekulo.com\/dk\/#organization","name":"Mekulo","url":"https:\/\/mekulo.com\/dk\/","logo":{"@type":"ImageObject","inLanguage":"da-DK","@id":"https:\/\/mekulo.com\/dk\/#\/schema\/logo\/image\/","url":"https:\/\/mekulo.com\/dk\/wp-content\/uploads\/sites\/12\/2025\/12\/favicon_mekulo.png","contentUrl":"https:\/\/mekulo.com\/dk\/wp-content\/uploads\/sites\/12\/2025\/12\/favicon_mekulo.png","width":50,"height":50,"caption":"Mekulo"},"image":{"@id":"https:\/\/mekulo.com\/dk\/#\/schema\/logo\/image\/"}}]}},"_links":{"self":[{"href":"https:\/\/mekulo.com\/dk\/wp-json\/wp\/v2\/product\/20886","targetHints":{"allow":["GET"]}}],"collection":[{"href":"https:\/\/mekulo.com\/dk\/wp-json\/wp\/v2\/product"}],"about":[{"href":"https:\/\/mekulo.com\/dk\/wp-json\/wp\/v2\/types\/product"}],"replies":[{"embeddable":true,"href":"https:\/\/mekulo.com\/dk\/wp-json\/wp\/v2\/comments?post=20886"}],"wp:featuredmedia":[{"embeddable":true,"href":"https:\/\/mekulo.com\/dk\/wp-json\/wp\/v2\/media\/20882"}],"wp:attachment":[{"href":"https:\/\/mekulo.com\/dk\/wp-json\/wp\/v2\/media?parent=20886"}],"wp:term":[{"taxonomy":"product_brand","embeddable":true,"href":"https:\/\/mekulo.com\/dk\/wp-json\/wp\/v2\/product_brand?post=20886"},{"taxonomy":"product_cat","embeddable":true,"href":"https:\/\/mekulo.com\/dk\/wp-json\/wp\/v2\/product_cat?post=20886"},{"taxonomy":"product_tag","embeddable":true,"href":"https:\/\/mekulo.com\/dk\/wp-json\/wp\/v2\/product_tag?post=20886"}],"curies":[{"name":"wp","href":"https:\/\/api.w.org\/{rel}","templated":true}]}}