{"id":20870,"date":"2026-01-30T08:05:49","date_gmt":"2026-01-30T06:05:49","guid":{"rendered":"https:\/\/mekulo.com\/dk\/produkt\/armbaand-og-ring-med-englevinger\/"},"modified":"2026-02-10T11:56:09","modified_gmt":"2026-02-10T09:56:09","slug":"armbaand-og-ring-med-englevinger","status":"publish","type":"product","link":"https:\/\/mekulo.com\/dk\/produkt\/armbaand-og-ring-med-englevinger\/","title":{"rendered":"Armb\u00e5nd og ring med englevinger"},"content":{"rendered":"<p style=\"text-align: center\" data-start=\"0\" data-end=\"79\"><strong data-start=\"0\" data-end=\"79\">Tilf\u00f8j elegance og betydning til dit look med et smukt armb\u00e5nd med englevinger. \ud83d\udc7c<\/strong><\/p>\n<p data-start=\"0\" data-end=\"79\"><img decoding=\"async\" class=\"size-full wp-image-22564 aligncenter\" src=\"https:\/\/mekulo.com\/template\/wp-content\/uploads\/sites\/6\/2026\/01\/13c560b5920bfa633f9ef80fa40901d2eff31226.avif\" alt=\"\" \/><\/p>\n<h2 style=\"text-align: center\" data-start=\"448\" data-end=\"465\"><strong>Hovedfordele \ud83e\udebd<\/strong><\/h2>\n<p data-start=\"468\" data-end=\"529\">\ud83e\udebd Design af englevinger &#8211; Symbol p\u00e5 beskyttelse og frihed.<\/p>\n<p data-start=\"532\" data-end=\"597\">\u2728 Funklende sten &#8211; Cubic zirkonia, der skinner smukt.<\/p>\n<p data-start=\"600\" data-end=\"658\">\ud83d\udc8d Elegant stil &#8211; Matcher afslappet og formelt t\u00f8j.<\/p>\n<p data-start=\"661\" data-end=\"712\">\ud83e\udeb6 Letv\u00e6gtskomfort &#8211; Let at have p\u00e5 hele dagen.<\/p>\n<p data-start=\"715\" data-end=\"762\">\ud83d\udd04 Justerbar pasform &#8211; Passer til de fleste h\u00e5ndleds- og fingerst\u00f8rrelser.<\/p>\n<p data-start=\"765\" data-end=\"831\">\ud83c\udf81 Perfekt gave &#8211; Ideel til dine k\u00e6re og s\u00e6rlige lejligheder.<\/p>\n<p data-start=\"765\" data-end=\"831\"><img fetchpriority=\"high\" decoding=\"async\" class=\"size-full wp-image-22565 aligncenter\" src=\"https:\/\/mekulo.com\/template\/wp-content\/uploads\/sites\/6\/2026\/01\/S4ff31dc905924b9597b668ed4b6608bb2.webp\" alt=\"\" width=\"1000\" height=\"1000\" \/><\/p>\n<h2 style=\"text-align: center\" data-start=\"833\" data-end=\"847\"><strong>S\u00e5dan Bruges \ud83d\udccc<\/strong><\/h2>\n<ol data-start=\"848\" data-end=\"1053\">\n<li data-start=\"848\" data-end=\"897\">\n<p data-start=\"851\" data-end=\"897\">\u00c5bn forsigtigt armb\u00e5ndet eller ringen for at justere st\u00f8rrelsen.<\/p>\n<\/li>\n<li data-start=\"898\" data-end=\"942\">\n<p data-start=\"901\" data-end=\"942\">Placer det komfortabelt omkring dit h\u00e5ndled eller din finger.<\/p>\n<\/li>\n<li data-start=\"943\" data-end=\"981\">\n<p data-start=\"946\" data-end=\"981\">Juster lidt for en sikker pasform.<\/p>\n<\/li>\n<li data-start=\"982\" data-end=\"1020\">\n<p data-start=\"985\" data-end=\"1020\">Brug dagligt eller til s\u00e6rlige begivenheder.<\/p>\n<\/li>\n<li data-start=\"1021\" data-end=\"1053\">\n<p data-start=\"1024\" data-end=\"1053\">Opbevar sikkert, n\u00e5r det ikke er i brug.<\/p>\n<\/li>\n<\/ol>\n<h2 style=\"text-align: center\" data-start=\"1055\" data-end=\"1074\"><strong>Produktdetaljer \ud83d\udccf<\/strong><\/h2>\n<ul data-start=\"1075\" data-end=\"1256\">\n<li data-start=\"1075\" data-end=\"1103\">\n<p data-start=\"1077\" data-end=\"1103\">Armb\u00e5ndsmateriale: Legering<\/p>\n<\/li>\n<li data-start=\"1104\" data-end=\"1129\">\n<p data-start=\"1106\" data-end=\"1129\">Ringmateriale: Kobber<\/p>\n<\/li>\n<li data-start=\"1130\" data-end=\"1159\">\n<p data-start=\"1132\" data-end=\"1159\">Designstil: Englevinger<\/p>\n<\/li>\n<li data-start=\"1160\" data-end=\"1188\">\n<p data-start=\"1162\" data-end=\"1188\">St\u00f8rrelse: Justerbar \u00e5bning<\/p>\n<\/li>\n<li data-start=\"1189\" data-end=\"1215\">\n<p data-start=\"1191\" data-end=\"1215\">Steiner: Cubic zirconia<\/p>\n<\/li>\n<li data-start=\"1216\" data-end=\"1256\">\n<p data-start=\"1218\" data-end=\"1256\">Brugstype: Hverdags- eller lejlighedsbrug<\/p>\n<\/li>\n<\/ul>\n<h2 style=\"text-align: center\" data-start=\"1258\" data-end=\"1278\"><strong>Pakken Indeholder \ud83d\udce6<\/strong><\/h2>\n<ul data-start=\"1279\" data-end=\"1338\">\n<li data-start=\"1279\" data-end=\"1338\">\n<p data-start=\"1281\" data-end=\"1338\">1x s\u00e6t med englevinger, armb\u00e5nd og ring.<\/p>\n<\/li>\n<\/ul>\n","protected":false},"excerpt":{"rendered":"<p>\ud83e\udebdDette armb\u00e5nd og ring med englevinger har et yndefuldt vingedesign, der symboliserer beskyttelse og frihed, samtidig med at det tilf\u00f8jer en bl\u00f8d gnist til dit outfit.<br \/>\n\u2728Lavet af holdbart metal og dekoreret med skinnende kubiske zirkoner, det er behageligt nok til daglig brug og elegant nok til s\u00e6rlige lejligheder.<br \/>\n\ud83d\udc8dEt tidl\u00f8st tilbeh\u00f8r, der tilf\u00f8jer f\u00f8lelsesm\u00e6ssig v\u00e6rdi og stil til hvert \u00f8jeblik.<\/p>\n","protected":false},"featured_media":20866,"comment_status":"open","ping_status":"closed","template":"","meta":{"site-sidebar-layout":"default","site-content-layout":"","ast-site-content-layout":"default","site-content-style":"default","site-sidebar-style":"default","ast-global-header-display":"","ast-banner-title-visibility":"","ast-main-header-display":"","ast-hfb-above-header-display":"","ast-hfb-below-header-display":"","ast-hfb-mobile-header-display":"","site-post-title":"","ast-breadcrumbs-content":"","ast-featured-img":"","footer-sml-layout":"","ast-disable-related-posts":"","theme-transparent-header-meta":"default","adv-header-id-meta":"","stick-header-meta":"","header-above-stick-meta":"","header-main-stick-meta":"","header-below-stick-meta":"","astra-migrate-meta-layouts":"set","ast-page-background-enabled":"default","ast-page-background-meta":{"desktop":{"background-color":"var(--ast-global-color-5)","background-image":"","background-repeat":"repeat","background-position":"center center","background-size":"auto","background-attachment":"scroll","background-type":"","background-media":"","overlay-type":"","overlay-color":"","overlay-opacity":"","overlay-gradient":""},"tablet":{"background-color":"","background-image":"","background-repeat":"repeat","background-position":"center center","background-size":"auto","background-attachment":"scroll","background-type":"","background-media":"","overlay-type":"","overlay-color":"","overlay-opacity":"","overlay-gradient":""},"mobile":{"background-color":"","background-image":"","background-repeat":"repeat","background-position":"center center","background-size":"auto","background-attachment":"scroll","background-type":"","background-media":"","overlay-type":"","overlay-color":"","overlay-opacity":"","overlay-gradient":""}},"ast-content-background-meta":{"desktop":{"background-color":"var(--ast-global-color-4)","background-image":"","background-repeat":"repeat","background-position":"center center","background-size":"auto","background-attachment":"scroll","background-type":"","background-media":"","overlay-type":"","overlay-color":"","overlay-opacity":"","overlay-gradient":""},"tablet":{"background-color":"var(--ast-global-color-4)","background-image":"","background-repeat":"repeat","background-position":"center center","background-size":"auto","background-attachment":"scroll","background-type":"","background-media":"","overlay-type":"","overlay-color":"","overlay-opacity":"","overlay-gradient":""},"mobile":{"background-color":"var(--ast-global-color-4)","background-image":"","background-repeat":"repeat","background-position":"center center","background-size":"auto","background-attachment":"scroll","background-type":"","background-media":"","overlay-type":"","overlay-color":"","overlay-opacity":"","overlay-gradient":""}}},"product_brand":[],"product_cat":[165],"product_tag":[],"class_list":{"0":"post-20870","1":"product","2":"type-product","3":"status-publish","4":"has-post-thumbnail","6":"product_cat-fodtoej-tilbehoer","7":"pa_53120_lyo930pp-guld","8":"pa_53120_lyo930pp-rosaguld","9":"pa_53120_lyo930pp-soelv","10":"desktop-align-left","11":"tablet-align-left","12":"mobile-align-left","14":"first","15":"instock","16":"shipping-taxable","17":"purchasable","18":"product-type-variable"},"yoast_head":"<!-- This site is optimized with the Yoast SEO plugin v27.4 - https:\/\/yoast.com\/product\/yoast-seo-wordpress\/ -->\n<title>Armb\u00e5nd og ring med englevinger - Mekulo DK<\/title>\n<meta name=\"robots\" content=\"index, follow, max-snippet:-1, max-image-preview:large, max-video-preview:-1\" \/>\n<link rel=\"canonical\" href=\"https:\/\/mekulo.com\/dk\/produkt\/armbaand-og-ring-med-englevinger\/\" \/>\n<meta property=\"og:locale\" content=\"da_DK\" \/>\n<meta property=\"og:type\" content=\"article\" \/>\n<meta property=\"og:title\" content=\"Armb\u00e5nd og ring med englevinger - Mekulo DK\" \/>\n<meta property=\"og:description\" content=\"\ud83e\udebdDette armb\u00e5nd og ring med englevinger har et yndefuldt vingedesign, der symboliserer beskyttelse og frihed, samtidig med at det tilf\u00f8jer en bl\u00f8d gnist til dit outfit. \u2728Lavet af holdbart metal og dekoreret med skinnende kubiske zirkoner, det er behageligt nok til daglig brug og elegant nok til s\u00e6rlige lejligheder. \ud83d\udc8dEt tidl\u00f8st tilbeh\u00f8r, der tilf\u00f8jer f\u00f8lelsesm\u00e6ssig v\u00e6rdi og stil til hvert \u00f8jeblik.\" \/>\n<meta property=\"og:url\" content=\"https:\/\/mekulo.com\/dk\/produkt\/armbaand-og-ring-med-englevinger\/\" \/>\n<meta property=\"og:site_name\" content=\"Mekulo DK\" \/>\n<meta property=\"article:modified_time\" content=\"2026-02-10T09:56:09+00:00\" \/>\n<meta property=\"og:image\" content=\"https:\/\/mekulo.com\/dk\/wp-content\/uploads\/sites\/12\/2026\/01\/7di3gpr-1.jpg\" \/>\n\t<meta property=\"og:image:width\" content=\"960\" \/>\n\t<meta property=\"og:image:height\" content=\"960\" \/>\n\t<meta property=\"og:image:type\" content=\"image\/jpeg\" \/>\n<meta name=\"twitter:card\" content=\"summary_large_image\" \/>\n<meta name=\"twitter:label1\" content=\"Estimeret l\u00e6setid\" \/>\n\t<meta name=\"twitter:data1\" content=\"2 minutter\" \/>\n<script type=\"application\/ld+json\" class=\"yoast-schema-graph\">{\"@context\":\"https:\\\/\\\/schema.org\",\"@graph\":[{\"@type\":\"WebPage\",\"@id\":\"https:\\\/\\\/mekulo.com\\\/dk\\\/produkt\\\/armbaand-og-ring-med-englevinger\\\/\",\"url\":\"https:\\\/\\\/mekulo.com\\\/dk\\\/produkt\\\/armbaand-og-ring-med-englevinger\\\/\",\"name\":\"Armb\u00e5nd og ring med englevinger - Mekulo DK\",\"isPartOf\":{\"@id\":\"https:\\\/\\\/mekulo.com\\\/dk\\\/#website\"},\"primaryImageOfPage\":{\"@id\":\"https:\\\/\\\/mekulo.com\\\/dk\\\/produkt\\\/armbaand-og-ring-med-englevinger\\\/#primaryimage\"},\"image\":{\"@id\":\"https:\\\/\\\/mekulo.com\\\/dk\\\/produkt\\\/armbaand-og-ring-med-englevinger\\\/#primaryimage\"},\"thumbnailUrl\":\"https:\\\/\\\/mekulo.com\\\/dk\\\/wp-content\\\/uploads\\\/sites\\\/12\\\/2026\\\/01\\\/7di3gpr-1.jpg\",\"datePublished\":\"2026-01-30T06:05:49+00:00\",\"dateModified\":\"2026-02-10T09:56:09+00:00\",\"breadcrumb\":{\"@id\":\"https:\\\/\\\/mekulo.com\\\/dk\\\/produkt\\\/armbaand-og-ring-med-englevinger\\\/#breadcrumb\"},\"inLanguage\":\"da-DK\",\"potentialAction\":[{\"@type\":\"ReadAction\",\"target\":[\"https:\\\/\\\/mekulo.com\\\/dk\\\/produkt\\\/armbaand-og-ring-med-englevinger\\\/\"]}]},{\"@type\":\"ImageObject\",\"inLanguage\":\"da-DK\",\"@id\":\"https:\\\/\\\/mekulo.com\\\/dk\\\/produkt\\\/armbaand-og-ring-med-englevinger\\\/#primaryimage\",\"url\":\"https:\\\/\\\/mekulo.com\\\/dk\\\/wp-content\\\/uploads\\\/sites\\\/12\\\/2026\\\/01\\\/7di3gpr-1.jpg\",\"contentUrl\":\"https:\\\/\\\/mekulo.com\\\/dk\\\/wp-content\\\/uploads\\\/sites\\\/12\\\/2026\\\/01\\\/7di3gpr-1.jpg\",\"width\":960,\"height\":960},{\"@type\":\"BreadcrumbList\",\"@id\":\"https:\\\/\\\/mekulo.com\\\/dk\\\/produkt\\\/armbaand-og-ring-med-englevinger\\\/#breadcrumb\",\"itemListElement\":[{\"@type\":\"ListItem\",\"position\":1,\"name\":\"Home\",\"item\":\"https:\\\/\\\/mekulo.com\\\/dk\\\/\"},{\"@type\":\"ListItem\",\"position\":2,\"name\":\"Butik\",\"item\":\"https:\\\/\\\/mekulo.com\\\/dk\\\/butik\\\/\"},{\"@type\":\"ListItem\",\"position\":3,\"name\":\"Armb\u00e5nd og ring med englevinger\"}]},{\"@type\":\"WebSite\",\"@id\":\"https:\\\/\\\/mekulo.com\\\/dk\\\/#website\",\"url\":\"https:\\\/\\\/mekulo.com\\\/dk\\\/\",\"name\":\"Mekulo DK\",\"description\":\"\",\"publisher\":{\"@id\":\"https:\\\/\\\/mekulo.com\\\/dk\\\/#organization\"},\"potentialAction\":[{\"@type\":\"SearchAction\",\"target\":{\"@type\":\"EntryPoint\",\"urlTemplate\":\"https:\\\/\\\/mekulo.com\\\/dk\\\/?s={search_term_string}\"},\"query-input\":{\"@type\":\"PropertyValueSpecification\",\"valueRequired\":true,\"valueName\":\"search_term_string\"}}],\"inLanguage\":\"da-DK\"},{\"@type\":\"Organization\",\"@id\":\"https:\\\/\\\/mekulo.com\\\/dk\\\/#organization\",\"name\":\"Mekulo\",\"url\":\"https:\\\/\\\/mekulo.com\\\/dk\\\/\",\"logo\":{\"@type\":\"ImageObject\",\"inLanguage\":\"da-DK\",\"@id\":\"https:\\\/\\\/mekulo.com\\\/dk\\\/#\\\/schema\\\/logo\\\/image\\\/\",\"url\":\"https:\\\/\\\/mekulo.com\\\/dk\\\/wp-content\\\/uploads\\\/sites\\\/12\\\/2025\\\/12\\\/favicon_mekulo.png\",\"contentUrl\":\"https:\\\/\\\/mekulo.com\\\/dk\\\/wp-content\\\/uploads\\\/sites\\\/12\\\/2025\\\/12\\\/favicon_mekulo.png\",\"width\":50,\"height\":50,\"caption\":\"Mekulo\"},\"image\":{\"@id\":\"https:\\\/\\\/mekulo.com\\\/dk\\\/#\\\/schema\\\/logo\\\/image\\\/\"}}]}<\/script>\n<!-- \/ Yoast SEO plugin. -->","yoast_head_json":{"title":"Armb\u00e5nd og ring med englevinger - Mekulo DK","robots":{"index":"index","follow":"follow","max-snippet":"max-snippet:-1","max-image-preview":"max-image-preview:large","max-video-preview":"max-video-preview:-1"},"canonical":"https:\/\/mekulo.com\/dk\/produkt\/armbaand-og-ring-med-englevinger\/","og_locale":"da_DK","og_type":"article","og_title":"Armb\u00e5nd og ring med englevinger - Mekulo DK","og_description":"\ud83e\udebdDette armb\u00e5nd og ring med englevinger har et yndefuldt vingedesign, der symboliserer beskyttelse og frihed, samtidig med at det tilf\u00f8jer en bl\u00f8d gnist til dit outfit. \u2728Lavet af holdbart metal og dekoreret med skinnende kubiske zirkoner, det er behageligt nok til daglig brug og elegant nok til s\u00e6rlige lejligheder. \ud83d\udc8dEt tidl\u00f8st tilbeh\u00f8r, der tilf\u00f8jer f\u00f8lelsesm\u00e6ssig v\u00e6rdi og stil til hvert \u00f8jeblik.","og_url":"https:\/\/mekulo.com\/dk\/produkt\/armbaand-og-ring-med-englevinger\/","og_site_name":"Mekulo DK","article_modified_time":"2026-02-10T09:56:09+00:00","og_image":[{"width":960,"height":960,"url":"https:\/\/mekulo.com\/dk\/wp-content\/uploads\/sites\/12\/2026\/01\/7di3gpr-1.jpg","type":"image\/jpeg"}],"twitter_card":"summary_large_image","twitter_misc":{"Estimeret l\u00e6setid":"2 minutter"},"schema":{"@context":"https:\/\/schema.org","@graph":[{"@type":"WebPage","@id":"https:\/\/mekulo.com\/dk\/produkt\/armbaand-og-ring-med-englevinger\/","url":"https:\/\/mekulo.com\/dk\/produkt\/armbaand-og-ring-med-englevinger\/","name":"Armb\u00e5nd og ring med englevinger - Mekulo DK","isPartOf":{"@id":"https:\/\/mekulo.com\/dk\/#website"},"primaryImageOfPage":{"@id":"https:\/\/mekulo.com\/dk\/produkt\/armbaand-og-ring-med-englevinger\/#primaryimage"},"image":{"@id":"https:\/\/mekulo.com\/dk\/produkt\/armbaand-og-ring-med-englevinger\/#primaryimage"},"thumbnailUrl":"https:\/\/mekulo.com\/dk\/wp-content\/uploads\/sites\/12\/2026\/01\/7di3gpr-1.jpg","datePublished":"2026-01-30T06:05:49+00:00","dateModified":"2026-02-10T09:56:09+00:00","breadcrumb":{"@id":"https:\/\/mekulo.com\/dk\/produkt\/armbaand-og-ring-med-englevinger\/#breadcrumb"},"inLanguage":"da-DK","potentialAction":[{"@type":"ReadAction","target":["https:\/\/mekulo.com\/dk\/produkt\/armbaand-og-ring-med-englevinger\/"]}]},{"@type":"ImageObject","inLanguage":"da-DK","@id":"https:\/\/mekulo.com\/dk\/produkt\/armbaand-og-ring-med-englevinger\/#primaryimage","url":"https:\/\/mekulo.com\/dk\/wp-content\/uploads\/sites\/12\/2026\/01\/7di3gpr-1.jpg","contentUrl":"https:\/\/mekulo.com\/dk\/wp-content\/uploads\/sites\/12\/2026\/01\/7di3gpr-1.jpg","width":960,"height":960},{"@type":"BreadcrumbList","@id":"https:\/\/mekulo.com\/dk\/produkt\/armbaand-og-ring-med-englevinger\/#breadcrumb","itemListElement":[{"@type":"ListItem","position":1,"name":"Home","item":"https:\/\/mekulo.com\/dk\/"},{"@type":"ListItem","position":2,"name":"Butik","item":"https:\/\/mekulo.com\/dk\/butik\/"},{"@type":"ListItem","position":3,"name":"Armb\u00e5nd og ring med englevinger"}]},{"@type":"WebSite","@id":"https:\/\/mekulo.com\/dk\/#website","url":"https:\/\/mekulo.com\/dk\/","name":"Mekulo DK","description":"","publisher":{"@id":"https:\/\/mekulo.com\/dk\/#organization"},"potentialAction":[{"@type":"SearchAction","target":{"@type":"EntryPoint","urlTemplate":"https:\/\/mekulo.com\/dk\/?s={search_term_string}"},"query-input":{"@type":"PropertyValueSpecification","valueRequired":true,"valueName":"search_term_string"}}],"inLanguage":"da-DK"},{"@type":"Organization","@id":"https:\/\/mekulo.com\/dk\/#organization","name":"Mekulo","url":"https:\/\/mekulo.com\/dk\/","logo":{"@type":"ImageObject","inLanguage":"da-DK","@id":"https:\/\/mekulo.com\/dk\/#\/schema\/logo\/image\/","url":"https:\/\/mekulo.com\/dk\/wp-content\/uploads\/sites\/12\/2025\/12\/favicon_mekulo.png","contentUrl":"https:\/\/mekulo.com\/dk\/wp-content\/uploads\/sites\/12\/2025\/12\/favicon_mekulo.png","width":50,"height":50,"caption":"Mekulo"},"image":{"@id":"https:\/\/mekulo.com\/dk\/#\/schema\/logo\/image\/"}}]}},"_links":{"self":[{"href":"https:\/\/mekulo.com\/dk\/wp-json\/wp\/v2\/product\/20870","targetHints":{"allow":["GET"]}}],"collection":[{"href":"https:\/\/mekulo.com\/dk\/wp-json\/wp\/v2\/product"}],"about":[{"href":"https:\/\/mekulo.com\/dk\/wp-json\/wp\/v2\/types\/product"}],"replies":[{"embeddable":true,"href":"https:\/\/mekulo.com\/dk\/wp-json\/wp\/v2\/comments?post=20870"}],"wp:featuredmedia":[{"embeddable":true,"href":"https:\/\/mekulo.com\/dk\/wp-json\/wp\/v2\/media\/20866"}],"wp:attachment":[{"href":"https:\/\/mekulo.com\/dk\/wp-json\/wp\/v2\/media?parent=20870"}],"wp:term":[{"taxonomy":"product_brand","embeddable":true,"href":"https:\/\/mekulo.com\/dk\/wp-json\/wp\/v2\/product_brand?post=20870"},{"taxonomy":"product_cat","embeddable":true,"href":"https:\/\/mekulo.com\/dk\/wp-json\/wp\/v2\/product_cat?post=20870"},{"taxonomy":"product_tag","embeddable":true,"href":"https:\/\/mekulo.com\/dk\/wp-json\/wp\/v2\/product_tag?post=20870"}],"curies":[{"name":"wp","href":"https:\/\/api.w.org\/{rel}","templated":true}]}}