{"id":20851,"date":"2026-01-30T08:04:10","date_gmt":"2026-01-30T06:04:10","guid":{"rendered":"https:\/\/mekulo.com\/dk\/produkt\/luk-kassen-spillet\/"},"modified":"2026-02-10T11:15:56","modified_gmt":"2026-02-10T09:15:56","slug":"luk-kassen-spillet","status":"publish","type":"product","link":"https:\/\/mekulo.com\/dk\/produkt\/luk-kassen-spillet\/","title":{"rendered":"Luk kassen spillet"},"content":{"rendered":"<p style=\"text-align: center\" data-start=\"0\" data-end=\"80\"><strong data-start=\"0\" data-end=\"80\">Nyd et klassisk terningespil, der er sjovt, enkelt og perfekt til enhver sammenkomst. \ud83d\udc68\u200d\ud83d\udc69\u200d\ud83d\udc67\u200d\ud83d\udc66<\/strong><\/p>\n<p data-start=\"0\" data-end=\"80\"><img fetchpriority=\"high\" decoding=\"async\" class=\"size-full wp-image-22551 aligncenter\" src=\"https:\/\/mekulo.com\/template\/wp-content\/uploads\/sites\/6\/2026\/01\/3fb3f7868ea8ba3fa87aaab41b6605e5cdb1f0d0.jpg\" alt=\"\" width=\"1080\" height=\"1080\" \/><\/p>\n<h2 style=\"text-align: center\" data-start=\"379\" data-end=\"396\"><strong>Hovedfordele \ud83c\udfb2<\/strong><\/h2>\n<p data-start=\"399\" data-end=\"452\">\ud83c\udfb2 Enkelt gameplay &#8211; let at l\u00e6re for alle aldre.<\/p>\n<p data-start=\"455\" data-end=\"520\">\ud83d\udc68\u200d\ud83d\udc69\u200d\ud83d\udc67\u200d\ud83d\udc66 2-4 spillere &#8211; perfekt til familie og venner.<\/p>\n<p data-start=\"523\" data-end=\"577\">\ud83e\udde0 Uddannelsesv\u00e6rdi &#8211; Underviser i grundl\u00e6ggende matematiske f\u00e6rdigheder.<\/p>\n<p data-start=\"580\" data-end=\"642\">\ud83c\udf7b Festfavorit &#8211; Perfekt til barer, pubber og sammenkomster.<\/p>\n<p data-start=\"645\" data-end=\"700\">\ud83c\udf32 Massivt tr\u00e6 &#8211; Holdbar og f\u00f8rsteklasses kvalitet.<\/p>\n<p data-start=\"703\" data-end=\"751\">\ud83c\udf81 God gaveid\u00e9 &#8211; Sjov til alle lejligheder.<\/p>\n<p data-start=\"703\" data-end=\"751\"><img decoding=\"async\" class=\"size-full wp-image-22547 aligncenter\" src=\"https:\/\/mekulo.com\/template\/wp-content\/uploads\/sites\/6\/2026\/01\/S2668b151df0c488489de228b038ef336k-1.webp\" alt=\"\" width=\"1000\" height=\"1000\" \/><\/p>\n<h2 style=\"text-align: center\" data-start=\"753\" data-end=\"767\"><strong>S\u00e5dan Bruges \ud83d\udccc<\/strong><\/h2>\n<ol data-start=\"768\" data-end=\"1071\">\n<li data-start=\"768\" data-end=\"808\">\n<p data-start=\"771\" data-end=\"808\">\u00c5bn alle talbrikker p\u00e5 br\u00e6ttet.<\/p>\n<\/li>\n<li data-start=\"809\" data-end=\"847\">\n<p data-start=\"812\" data-end=\"847\">Kast terningerne for at starte din tur.<\/p>\n<\/li>\n<li data-start=\"848\" data-end=\"883\">\n<p data-start=\"851\" data-end=\"883\">L\u00e6g terningernes tal sammen.<\/p>\n<\/li>\n<li data-start=\"884\" data-end=\"939\">\n<p data-start=\"887\" data-end=\"939\">Luk enhver kombination af brikker, der matcher totalen.<\/p>\n<\/li>\n<li data-start=\"940\" data-end=\"978\">\n<p data-start=\"943\" data-end=\"978\">Forts\u00e6t, indtil der ikke er flere tr\u00e6k tilbage.<\/p>\n<\/li>\n<li data-start=\"979\" data-end=\"1029\">\n<p data-start=\"982\" data-end=\"1029\">L\u00e6g de resterende \u00e5bne tal sammen som din score.<\/p>\n<\/li>\n<li data-start=\"1030\" data-end=\"1071\">\n<p data-start=\"1033\" data-end=\"1071\">Spilleren med den laveste score vinder.<\/p>\n<\/li>\n<\/ol>\n<h2 style=\"text-align: center\" data-start=\"1073\" data-end=\"1092\"><strong>Produktdetaljer \ud83d\udccf<\/strong><\/h2>\n<ul data-start=\"1093\" data-end=\"1255\">\n<li data-start=\"1093\" data-end=\"1122\">\n<p data-start=\"1095\" data-end=\"1122\">Materiale: Massivt fyrretr\u00e6<\/p>\n<\/li>\n<li data-start=\"1123\" data-end=\"1147\">\n<p data-start=\"1125\" data-end=\"1147\">St\u00f8rrelse: 22,5 x 22,5 x 3 cm<\/p>\n<\/li>\n<li data-start=\"1148\" data-end=\"1172\">\n<p data-start=\"1150\" data-end=\"1172\">Spillere: 2-4 spillere<\/p>\n<\/li>\n<li data-start=\"1173\" data-end=\"1213\">\n<p data-start=\"1175\" data-end=\"1213\">Spiltype: Terning- og talflisespil<\/p>\n<\/li>\n<li data-start=\"1214\" data-end=\"1255\">\n<p data-start=\"1216\" data-end=\"1255\">Anvendelsesomr\u00e5der: Hjem, fester, barer, caf\u00e9er<\/p>\n<\/li>\n<\/ul>\n<h2 style=\"text-align: center\" data-start=\"1257\" data-end=\"1277\"><strong>Pakken Indeholder \ud83d\udce6<\/strong><\/h2>\n<ul data-start=\"1278\" data-end=\"1347\">\n<li data-start=\"1278\" data-end=\"1314\">\n<p data-start=\"1280\" data-end=\"1314\">1x spilleplade i tr\u00e6<\/p>\n<\/li>\n<li data-start=\"1278\" data-end=\"1314\">\n<p data-start=\"1280\" data-end=\"1314\">4x s\u00e6t nummererede tr\u00e6fliser<\/p>\n<\/li>\n<li data-start=\"1278\" data-end=\"1314\">6x terninger i matchende farver.<\/li>\n<\/ul>\n","protected":false},"excerpt":{"rendered":"<p>\ud83e\udeb5Dette luk kassen-spil er et br\u00e6tspil i tr\u00e6, der er nemt at spille, og som bringer venner og familie sammen til timevis af underholdning.<br \/>\n\ud83c\udfb2Rul terningerne, vend talbrikkerne, og g\u00e5 efter den laveste score, eller luk kassen for at vinde.<br \/>\n\ud83e\uddd1\u200d\ud83e\udd1d\u200d\ud83e\uddd1Great til fester, familieaftener, barer og endda til at l\u00e6re grundl\u00e6ggende matematiske f\u00e6rdigheder.<\/p>\n","protected":false},"featured_media":20847,"comment_status":"open","ping_status":"closed","template":"","meta":{"site-sidebar-layout":"default","site-content-layout":"","ast-site-content-layout":"default","site-content-style":"default","site-sidebar-style":"default","ast-global-header-display":"","ast-banner-title-visibility":"","ast-main-header-display":"","ast-hfb-above-header-display":"","ast-hfb-below-header-display":"","ast-hfb-mobile-header-display":"","site-post-title":"","ast-breadcrumbs-content":"","ast-featured-img":"","footer-sml-layout":"","ast-disable-related-posts":"","theme-transparent-header-meta":"default","adv-header-id-meta":"","stick-header-meta":"","header-above-stick-meta":"","header-main-stick-meta":"","header-below-stick-meta":"","astra-migrate-meta-layouts":"set","ast-page-background-enabled":"default","ast-page-background-meta":{"desktop":{"background-color":"var(--ast-global-color-5)","background-image":"","background-repeat":"repeat","background-position":"center center","background-size":"auto","background-attachment":"scroll","background-type":"","background-media":"","overlay-type":"","overlay-color":"","overlay-opacity":"","overlay-gradient":""},"tablet":{"background-color":"","background-image":"","background-repeat":"repeat","background-position":"center center","background-size":"auto","background-attachment":"scroll","background-type":"","background-media":"","overlay-type":"","overlay-color":"","overlay-opacity":"","overlay-gradient":""},"mobile":{"background-color":"","background-image":"","background-repeat":"repeat","background-position":"center center","background-size":"auto","background-attachment":"scroll","background-type":"","background-media":"","overlay-type":"","overlay-color":"","overlay-opacity":"","overlay-gradient":""}},"ast-content-background-meta":{"desktop":{"background-color":"var(--ast-global-color-4)","background-image":"","background-repeat":"repeat","background-position":"center center","background-size":"auto","background-attachment":"scroll","background-type":"","background-media":"","overlay-type":"","overlay-color":"","overlay-opacity":"","overlay-gradient":""},"tablet":{"background-color":"var(--ast-global-color-4)","background-image":"","background-repeat":"repeat","background-position":"center center","background-size":"auto","background-attachment":"scroll","background-type":"","background-media":"","overlay-type":"","overlay-color":"","overlay-opacity":"","overlay-gradient":""},"mobile":{"background-color":"var(--ast-global-color-4)","background-image":"","background-repeat":"repeat","background-position":"center center","background-size":"auto","background-attachment":"scroll","background-type":"","background-media":"","overlay-type":"","overlay-color":"","overlay-opacity":"","overlay-gradient":""}}},"product_brand":[],"product_cat":[15],"product_tag":[],"class_list":{"0":"post-20851","1":"product","2":"type-product","3":"status-publish","4":"has-post-thumbnail","6":"product_cat-uncategorized","7":"pa_53017_cev8yp1b-a","8":"pa_53017_cev8yp1b-b","9":"pa_53017_cev8yp1b-c","10":"desktop-align-left","11":"tablet-align-left","12":"mobile-align-left","14":"first","15":"instock","16":"shipping-taxable","17":"purchasable","18":"product-type-variable"},"yoast_head":"<!-- This site is optimized with the Yoast SEO plugin v27.4 - https:\/\/yoast.com\/product\/yoast-seo-wordpress\/ -->\n<title>Luk kassen spillet - Mekulo DK<\/title>\n<meta name=\"robots\" content=\"index, follow, max-snippet:-1, max-image-preview:large, max-video-preview:-1\" \/>\n<link rel=\"canonical\" href=\"https:\/\/mekulo.com\/dk\/produkt\/luk-kassen-spillet\/\" \/>\n<meta property=\"og:locale\" content=\"da_DK\" \/>\n<meta property=\"og:type\" content=\"article\" \/>\n<meta property=\"og:title\" content=\"Luk kassen spillet - Mekulo DK\" \/>\n<meta property=\"og:description\" content=\"\ud83e\udeb5Dette luk kassen-spil er et br\u00e6tspil i tr\u00e6, der er nemt at spille, og som bringer venner og familie sammen til timevis af underholdning. \ud83c\udfb2Rul terningerne, vend talbrikkerne, og g\u00e5 efter den laveste score, eller luk kassen for at vinde. \ud83e\uddd1\u200d\ud83e\udd1d\u200d\ud83e\uddd1Great til fester, familieaftener, barer og endda til at l\u00e6re grundl\u00e6ggende matematiske f\u00e6rdigheder.\" \/>\n<meta property=\"og:url\" content=\"https:\/\/mekulo.com\/dk\/produkt\/luk-kassen-spillet\/\" \/>\n<meta property=\"og:site_name\" content=\"Mekulo DK\" \/>\n<meta property=\"article:modified_time\" content=\"2026-02-10T09:15:56+00:00\" \/>\n<meta property=\"og:image\" content=\"https:\/\/mekulo.com\/dk\/wp-content\/uploads\/sites\/12\/2026\/01\/a1lttat-1.jpg\" \/>\n\t<meta property=\"og:image:width\" content=\"800\" \/>\n\t<meta property=\"og:image:height\" content=\"800\" \/>\n\t<meta property=\"og:image:type\" content=\"image\/jpeg\" \/>\n<meta name=\"twitter:card\" content=\"summary_large_image\" \/>\n<meta name=\"twitter:label1\" content=\"Estimeret l\u00e6setid\" \/>\n\t<meta name=\"twitter:data1\" content=\"2 minutter\" \/>\n<script type=\"application\/ld+json\" class=\"yoast-schema-graph\">{\"@context\":\"https:\\\/\\\/schema.org\",\"@graph\":[{\"@type\":\"WebPage\",\"@id\":\"https:\\\/\\\/mekulo.com\\\/dk\\\/produkt\\\/luk-kassen-spillet\\\/\",\"url\":\"https:\\\/\\\/mekulo.com\\\/dk\\\/produkt\\\/luk-kassen-spillet\\\/\",\"name\":\"Luk kassen spillet - Mekulo DK\",\"isPartOf\":{\"@id\":\"https:\\\/\\\/mekulo.com\\\/dk\\\/#website\"},\"primaryImageOfPage\":{\"@id\":\"https:\\\/\\\/mekulo.com\\\/dk\\\/produkt\\\/luk-kassen-spillet\\\/#primaryimage\"},\"image\":{\"@id\":\"https:\\\/\\\/mekulo.com\\\/dk\\\/produkt\\\/luk-kassen-spillet\\\/#primaryimage\"},\"thumbnailUrl\":\"https:\\\/\\\/mekulo.com\\\/dk\\\/wp-content\\\/uploads\\\/sites\\\/12\\\/2026\\\/01\\\/a1lttat-1.jpg\",\"datePublished\":\"2026-01-30T06:04:10+00:00\",\"dateModified\":\"2026-02-10T09:15:56+00:00\",\"breadcrumb\":{\"@id\":\"https:\\\/\\\/mekulo.com\\\/dk\\\/produkt\\\/luk-kassen-spillet\\\/#breadcrumb\"},\"inLanguage\":\"da-DK\",\"potentialAction\":[{\"@type\":\"ReadAction\",\"target\":[\"https:\\\/\\\/mekulo.com\\\/dk\\\/produkt\\\/luk-kassen-spillet\\\/\"]}]},{\"@type\":\"ImageObject\",\"inLanguage\":\"da-DK\",\"@id\":\"https:\\\/\\\/mekulo.com\\\/dk\\\/produkt\\\/luk-kassen-spillet\\\/#primaryimage\",\"url\":\"https:\\\/\\\/mekulo.com\\\/dk\\\/wp-content\\\/uploads\\\/sites\\\/12\\\/2026\\\/01\\\/a1lttat-1.jpg\",\"contentUrl\":\"https:\\\/\\\/mekulo.com\\\/dk\\\/wp-content\\\/uploads\\\/sites\\\/12\\\/2026\\\/01\\\/a1lttat-1.jpg\",\"width\":800,\"height\":800},{\"@type\":\"BreadcrumbList\",\"@id\":\"https:\\\/\\\/mekulo.com\\\/dk\\\/produkt\\\/luk-kassen-spillet\\\/#breadcrumb\",\"itemListElement\":[{\"@type\":\"ListItem\",\"position\":1,\"name\":\"Home\",\"item\":\"https:\\\/\\\/mekulo.com\\\/dk\\\/\"},{\"@type\":\"ListItem\",\"position\":2,\"name\":\"Butik\",\"item\":\"https:\\\/\\\/mekulo.com\\\/dk\\\/butik\\\/\"},{\"@type\":\"ListItem\",\"position\":3,\"name\":\"Luk kassen spillet\"}]},{\"@type\":\"WebSite\",\"@id\":\"https:\\\/\\\/mekulo.com\\\/dk\\\/#website\",\"url\":\"https:\\\/\\\/mekulo.com\\\/dk\\\/\",\"name\":\"Mekulo DK\",\"description\":\"\",\"publisher\":{\"@id\":\"https:\\\/\\\/mekulo.com\\\/dk\\\/#organization\"},\"potentialAction\":[{\"@type\":\"SearchAction\",\"target\":{\"@type\":\"EntryPoint\",\"urlTemplate\":\"https:\\\/\\\/mekulo.com\\\/dk\\\/?s={search_term_string}\"},\"query-input\":{\"@type\":\"PropertyValueSpecification\",\"valueRequired\":true,\"valueName\":\"search_term_string\"}}],\"inLanguage\":\"da-DK\"},{\"@type\":\"Organization\",\"@id\":\"https:\\\/\\\/mekulo.com\\\/dk\\\/#organization\",\"name\":\"Mekulo\",\"url\":\"https:\\\/\\\/mekulo.com\\\/dk\\\/\",\"logo\":{\"@type\":\"ImageObject\",\"inLanguage\":\"da-DK\",\"@id\":\"https:\\\/\\\/mekulo.com\\\/dk\\\/#\\\/schema\\\/logo\\\/image\\\/\",\"url\":\"https:\\\/\\\/mekulo.com\\\/dk\\\/wp-content\\\/uploads\\\/sites\\\/12\\\/2025\\\/12\\\/favicon_mekulo.png\",\"contentUrl\":\"https:\\\/\\\/mekulo.com\\\/dk\\\/wp-content\\\/uploads\\\/sites\\\/12\\\/2025\\\/12\\\/favicon_mekulo.png\",\"width\":50,\"height\":50,\"caption\":\"Mekulo\"},\"image\":{\"@id\":\"https:\\\/\\\/mekulo.com\\\/dk\\\/#\\\/schema\\\/logo\\\/image\\\/\"}}]}<\/script>\n<!-- \/ Yoast SEO plugin. -->","yoast_head_json":{"title":"Luk kassen spillet - Mekulo DK","robots":{"index":"index","follow":"follow","max-snippet":"max-snippet:-1","max-image-preview":"max-image-preview:large","max-video-preview":"max-video-preview:-1"},"canonical":"https:\/\/mekulo.com\/dk\/produkt\/luk-kassen-spillet\/","og_locale":"da_DK","og_type":"article","og_title":"Luk kassen spillet - Mekulo DK","og_description":"\ud83e\udeb5Dette luk kassen-spil er et br\u00e6tspil i tr\u00e6, der er nemt at spille, og som bringer venner og familie sammen til timevis af underholdning. \ud83c\udfb2Rul terningerne, vend talbrikkerne, og g\u00e5 efter den laveste score, eller luk kassen for at vinde. \ud83e\uddd1\u200d\ud83e\udd1d\u200d\ud83e\uddd1Great til fester, familieaftener, barer og endda til at l\u00e6re grundl\u00e6ggende matematiske f\u00e6rdigheder.","og_url":"https:\/\/mekulo.com\/dk\/produkt\/luk-kassen-spillet\/","og_site_name":"Mekulo DK","article_modified_time":"2026-02-10T09:15:56+00:00","og_image":[{"width":800,"height":800,"url":"https:\/\/mekulo.com\/dk\/wp-content\/uploads\/sites\/12\/2026\/01\/a1lttat-1.jpg","type":"image\/jpeg"}],"twitter_card":"summary_large_image","twitter_misc":{"Estimeret l\u00e6setid":"2 minutter"},"schema":{"@context":"https:\/\/schema.org","@graph":[{"@type":"WebPage","@id":"https:\/\/mekulo.com\/dk\/produkt\/luk-kassen-spillet\/","url":"https:\/\/mekulo.com\/dk\/produkt\/luk-kassen-spillet\/","name":"Luk kassen spillet - Mekulo DK","isPartOf":{"@id":"https:\/\/mekulo.com\/dk\/#website"},"primaryImageOfPage":{"@id":"https:\/\/mekulo.com\/dk\/produkt\/luk-kassen-spillet\/#primaryimage"},"image":{"@id":"https:\/\/mekulo.com\/dk\/produkt\/luk-kassen-spillet\/#primaryimage"},"thumbnailUrl":"https:\/\/mekulo.com\/dk\/wp-content\/uploads\/sites\/12\/2026\/01\/a1lttat-1.jpg","datePublished":"2026-01-30T06:04:10+00:00","dateModified":"2026-02-10T09:15:56+00:00","breadcrumb":{"@id":"https:\/\/mekulo.com\/dk\/produkt\/luk-kassen-spillet\/#breadcrumb"},"inLanguage":"da-DK","potentialAction":[{"@type":"ReadAction","target":["https:\/\/mekulo.com\/dk\/produkt\/luk-kassen-spillet\/"]}]},{"@type":"ImageObject","inLanguage":"da-DK","@id":"https:\/\/mekulo.com\/dk\/produkt\/luk-kassen-spillet\/#primaryimage","url":"https:\/\/mekulo.com\/dk\/wp-content\/uploads\/sites\/12\/2026\/01\/a1lttat-1.jpg","contentUrl":"https:\/\/mekulo.com\/dk\/wp-content\/uploads\/sites\/12\/2026\/01\/a1lttat-1.jpg","width":800,"height":800},{"@type":"BreadcrumbList","@id":"https:\/\/mekulo.com\/dk\/produkt\/luk-kassen-spillet\/#breadcrumb","itemListElement":[{"@type":"ListItem","position":1,"name":"Home","item":"https:\/\/mekulo.com\/dk\/"},{"@type":"ListItem","position":2,"name":"Butik","item":"https:\/\/mekulo.com\/dk\/butik\/"},{"@type":"ListItem","position":3,"name":"Luk kassen spillet"}]},{"@type":"WebSite","@id":"https:\/\/mekulo.com\/dk\/#website","url":"https:\/\/mekulo.com\/dk\/","name":"Mekulo DK","description":"","publisher":{"@id":"https:\/\/mekulo.com\/dk\/#organization"},"potentialAction":[{"@type":"SearchAction","target":{"@type":"EntryPoint","urlTemplate":"https:\/\/mekulo.com\/dk\/?s={search_term_string}"},"query-input":{"@type":"PropertyValueSpecification","valueRequired":true,"valueName":"search_term_string"}}],"inLanguage":"da-DK"},{"@type":"Organization","@id":"https:\/\/mekulo.com\/dk\/#organization","name":"Mekulo","url":"https:\/\/mekulo.com\/dk\/","logo":{"@type":"ImageObject","inLanguage":"da-DK","@id":"https:\/\/mekulo.com\/dk\/#\/schema\/logo\/image\/","url":"https:\/\/mekulo.com\/dk\/wp-content\/uploads\/sites\/12\/2025\/12\/favicon_mekulo.png","contentUrl":"https:\/\/mekulo.com\/dk\/wp-content\/uploads\/sites\/12\/2025\/12\/favicon_mekulo.png","width":50,"height":50,"caption":"Mekulo"},"image":{"@id":"https:\/\/mekulo.com\/dk\/#\/schema\/logo\/image\/"}}]}},"_links":{"self":[{"href":"https:\/\/mekulo.com\/dk\/wp-json\/wp\/v2\/product\/20851","targetHints":{"allow":["GET"]}}],"collection":[{"href":"https:\/\/mekulo.com\/dk\/wp-json\/wp\/v2\/product"}],"about":[{"href":"https:\/\/mekulo.com\/dk\/wp-json\/wp\/v2\/types\/product"}],"replies":[{"embeddable":true,"href":"https:\/\/mekulo.com\/dk\/wp-json\/wp\/v2\/comments?post=20851"}],"wp:featuredmedia":[{"embeddable":true,"href":"https:\/\/mekulo.com\/dk\/wp-json\/wp\/v2\/media\/20847"}],"wp:attachment":[{"href":"https:\/\/mekulo.com\/dk\/wp-json\/wp\/v2\/media?parent=20851"}],"wp:term":[{"taxonomy":"product_brand","embeddable":true,"href":"https:\/\/mekulo.com\/dk\/wp-json\/wp\/v2\/product_brand?post=20851"},{"taxonomy":"product_cat","embeddable":true,"href":"https:\/\/mekulo.com\/dk\/wp-json\/wp\/v2\/product_cat?post=20851"},{"taxonomy":"product_tag","embeddable":true,"href":"https:\/\/mekulo.com\/dk\/wp-json\/wp\/v2\/product_tag?post=20851"}],"curies":[{"name":"wp","href":"https:\/\/api.w.org\/{rel}","templated":true}]}}