{"id":20776,"date":"2026-01-30T07:57:57","date_gmt":"2026-01-30T05:57:57","guid":{"rendered":"https:\/\/mekulo.com\/dk\/produkt\/kombinationslaas\/"},"modified":"2026-02-10T11:16:52","modified_gmt":"2026-02-10T09:16:52","slug":"kombinationslaas","status":"publish","type":"product","link":"https:\/\/mekulo.com\/dk\/produkt\/kombinationslaas\/","title":{"rendered":"Kombinationsl\u00e5s"},"content":{"rendered":"<p style=\"text-align: center\" data-start=\"0\" data-end=\"77\"><strong data-start=\"0\" data-end=\"77\">Sikr dine skabe og d\u00f8re uden n\u00f8gler ved hj\u00e6lp af en simpel passwordl\u00e5s. \ud83d\udd22<\/strong><\/p>\n<p data-start=\"0\" data-end=\"77\"><img fetchpriority=\"high\" decoding=\"async\" class=\"size-full wp-image-22490 aligncenter\" src=\"https:\/\/mekulo.com\/template\/wp-content\/uploads\/sites\/6\/2026\/01\/Se3d3b9020b604a5281aa82b677ea1f81c.jpg\" alt=\"\" width=\"1080\" height=\"1080\" \/><\/p>\n<h2 style=\"text-align: center\" data-start=\"432\" data-end=\"449\"><strong>Hovedfordele \ud83d\udd22<\/strong><\/h2>\n<p data-start=\"452\" data-end=\"503\">\ud83d\udd22 N\u00f8glel\u00f8s sikkerhed &#8211; Ingen n\u00f8gler at miste eller kopiere.<\/p>\n<p data-start=\"506\" data-end=\"566\">\ud83d\udd10 1000 kombinationer &#8211; St\u00e6rk beskyttelse til daglig brug.<\/p>\n<p data-start=\"569\" data-end=\"630\">\ud83d\udee1\ufe0f Holdbar metalbygning &#8211; Solid zinklegeringskonstruktion.<\/p>\n<p data-start=\"633\" data-end=\"703\">\ud83d\udd04 Venstre &amp; h\u00f8jre \u00e5bning &#8211; Roterer 180\u00b0 for fleksibel installation.<\/p>\n<p data-start=\"706\" data-end=\"763\">\ud83e\uddf1 Korrosionsbestandig &#8211; Flerlags belagt overflade.<\/p>\n<p data-start=\"766\" data-end=\"831\">\ud83c\udfe0 Bred anvendelse &#8211; Ideel til skabe, skuffer, d\u00f8re og pengeskabe.<\/p>\n<p data-start=\"766\" data-end=\"831\"><img decoding=\"async\" class=\"size-full wp-image-22487 aligncenter\" src=\"https:\/\/mekulo.com\/template\/wp-content\/uploads\/sites\/6\/2026\/01\/Sec66c81acdf149378d53e1b25cf214c6e.jpg_960x960q75.jpg_.jpg\" alt=\"\" width=\"1080\" height=\"1080\" \/><\/p>\n<h2 style=\"text-align: center\" data-start=\"833\" data-end=\"847\"><strong>S\u00e5dan Bruges \ud83d\udccc<\/strong><\/h2>\n<ol data-start=\"848\" data-end=\"1075\">\n<li data-start=\"848\" data-end=\"906\">\n<p data-start=\"851\" data-end=\"906\">Installer l\u00e5sen p\u00e5 d\u00f8ren eller skabet ved hj\u00e6lp af skruer.<\/p>\n<\/li>\n<li data-start=\"907\" data-end=\"948\">\n<p data-start=\"910\" data-end=\"948\">Indstil din \u00f8nskede talkombination.<\/p>\n<\/li>\n<li data-start=\"949\" data-end=\"987\">\n<p data-start=\"952\" data-end=\"987\">Drej l\u00e5sen for at sikre d\u00f8ren.<\/p>\n<\/li>\n<li data-start=\"988\" data-end=\"1037\">\n<p data-start=\"991\" data-end=\"1037\">Drej drejeknappen til den korrekte kode for at \u00e5bne.<\/p>\n<\/li>\n<li data-start=\"1038\" data-end=\"1075\">\n<p data-start=\"1041\" data-end=\"1075\">Skift koden n\u00e5r som helst, hvis det er n\u00f8dvendigt.<\/p>\n<\/li>\n<\/ol>\n<h2 style=\"text-align: center\" data-start=\"1077\" data-end=\"1096\"><strong>Produktdetaljer \ud83d\udccc<\/strong><\/h2>\n<ul data-start=\"1097\" data-end=\"1333\">\n<li data-start=\"1097\" data-end=\"1127\">\n<p data-start=\"1099\" data-end=\"1127\">Materiale: Massiv zinklegering<\/p>\n<\/li>\n<li data-start=\"1128\" data-end=\"1170\">\n<p data-start=\"1130\" data-end=\"1170\">L\u00e5setype: Mekanisk kombinationsl\u00e5s<\/p>\n<\/li>\n<li data-start=\"1171\" data-end=\"1195\">\n<p data-start=\"1173\" data-end=\"1195\">Rotation: 90\u00b0 \/ 180\u00b0<\/p>\n<\/li>\n<li data-start=\"1196\" data-end=\"1234\">\n<p data-start=\"1198\" data-end=\"1234\">St\u00f8rrelse: 110 x 46 x 26 mm<\/p>\n<\/li>\n<li data-start=\"1235\" data-end=\"1280\">\n<p data-start=\"1237\" data-end=\"1280\">Installation: Venstre- eller h\u00f8jre\u00e5bnede d\u00f8re<\/p>\n<\/li>\n<li data-start=\"1281\" data-end=\"1333\">\n<p data-start=\"1283\" data-end=\"1333\">Anvendelsesomr\u00e5der: Skabe, skuffer, sm\u00e5 d\u00f8re, pengeskabe<\/p>\n<\/li>\n<\/ul>\n<h2 style=\"text-align: center\" data-start=\"1335\" data-end=\"1355\"><strong>Pakken Indeholder \ud83d\udce6<\/strong><\/h2>\n<ul data-start=\"1356\" data-end=\"1398\" data-is-last-node=\"\" data-is-only-node=\"\">\n<li data-start=\"1356\" data-end=\"1380\">\n<p data-start=\"1358\" data-end=\"1380\">1, 2, 3x kombinationsl\u00e5s\/s<\/p>\n<\/li>\n<li data-start=\"1381\" data-end=\"1398\" data-is-last-node=\"\">\n<p data-start=\"1383\" data-end=\"1398\" data-is-last-node=\"\">7, 14, 21x monteringsskruer.<\/p>\n<\/li>\n<\/ul>\n","protected":false},"excerpt":{"rendered":"<p>\ud83d\udd12Denne kombinationsl\u00e5s giver p\u00e5lidelig, n\u00f8glefri sikkerhed til skabe, skuffer, sm\u00e5 d\u00f8re og pengeskabe.<br \/>\n\ud83d\udd11Med en st\u00e6rk zinklegering og et glat roterende design beskytter den dine ejendele og eliminerer samtidig risikoen for mistede eller kopierede n\u00f8gler.<br \/>\n\ud83c\udfe0En praktisk l\u00f8sning til alle, der \u00f8nsker nem adgangskontrol med ekstra ro i sindet derhjemme eller p\u00e5 arbejdet.<\/p>\n","protected":false},"featured_media":20772,"comment_status":"open","ping_status":"closed","template":"","meta":{"site-sidebar-layout":"default","site-content-layout":"","ast-site-content-layout":"default","site-content-style":"default","site-sidebar-style":"default","ast-global-header-display":"","ast-banner-title-visibility":"","ast-main-header-display":"","ast-hfb-above-header-display":"","ast-hfb-below-header-display":"","ast-hfb-mobile-header-display":"","site-post-title":"","ast-breadcrumbs-content":"","ast-featured-img":"","footer-sml-layout":"","theme-transparent-header-meta":"default","adv-header-id-meta":"","stick-header-meta":"","header-above-stick-meta":"","header-main-stick-meta":"","header-below-stick-meta":"","astra-migrate-meta-layouts":"set","ast-page-background-enabled":"default","ast-page-background-meta":{"desktop":{"background-color":"var(--ast-global-color-5)","background-image":"","background-repeat":"repeat","background-position":"center center","background-size":"auto","background-attachment":"scroll","background-type":"","background-media":"","overlay-type":"","overlay-color":"","overlay-opacity":"","overlay-gradient":""},"tablet":{"background-color":"","background-image":"","background-repeat":"repeat","background-position":"center center","background-size":"auto","background-attachment":"scroll","background-type":"","background-media":"","overlay-type":"","overlay-color":"","overlay-opacity":"","overlay-gradient":""},"mobile":{"background-color":"","background-image":"","background-repeat":"repeat","background-position":"center center","background-size":"auto","background-attachment":"scroll","background-type":"","background-media":"","overlay-type":"","overlay-color":"","overlay-opacity":"","overlay-gradient":""}},"ast-content-background-meta":{"desktop":{"background-color":"var(--ast-global-color-4)","background-image":"","background-repeat":"repeat","background-position":"center center","background-size":"auto","background-attachment":"scroll","background-type":"","background-media":"","overlay-type":"","overlay-color":"","overlay-opacity":"","overlay-gradient":""},"tablet":{"background-color":"var(--ast-global-color-4)","background-image":"","background-repeat":"repeat","background-position":"center center","background-size":"auto","background-attachment":"scroll","background-type":"","background-media":"","overlay-type":"","overlay-color":"","overlay-opacity":"","overlay-gradient":""},"mobile":{"background-color":"var(--ast-global-color-4)","background-image":"","background-repeat":"repeat","background-position":"center center","background-size":"auto","background-attachment":"scroll","background-type":"","background-media":"","overlay-type":"","overlay-color":"","overlay-opacity":"","overlay-gradient":""}}},"product_brand":[],"product_cat":[168],"product_tag":[],"class_list":{"0":"post-20776","1":"product","2":"type-product","3":"status-publish","4":"has-post-thumbnail","6":"product_cat-husholdningsartikler","7":"pa_52872_1dchkm2c-soelv","8":"pa_52872_1dchkm2c-sort","9":"pa_52872_yvsiskgs-1-stk","10":"pa_52872_yvsiskgs-2-stk","11":"pa_52872_yvsiskgs-3-stk","12":"desktop-align-left","13":"tablet-align-left","14":"mobile-align-left","16":"first","17":"instock","18":"shipping-taxable","19":"purchasable","20":"product-type-variable","21":"has-default-attributes"},"yoast_head":"<!-- This site is optimized with the Yoast SEO plugin v26.6 - https:\/\/yoast.com\/wordpress\/plugins\/seo\/ -->\n<title>Kombinationsl\u00e5s - Mekulo DK<\/title>\n<meta name=\"robots\" content=\"index, follow, max-snippet:-1, max-image-preview:large, max-video-preview:-1\" \/>\n<link rel=\"canonical\" href=\"https:\/\/mekulo.com\/dk\/produkt\/kombinationslaas\/\" \/>\n<meta property=\"og:locale\" content=\"da_DK\" \/>\n<meta property=\"og:type\" content=\"article\" \/>\n<meta property=\"og:title\" content=\"Kombinationsl\u00e5s - Mekulo DK\" \/>\n<meta property=\"og:description\" content=\"\ud83d\udd12Denne kombinationsl\u00e5s giver p\u00e5lidelig, n\u00f8glefri sikkerhed til skabe, skuffer, sm\u00e5 d\u00f8re og pengeskabe. \ud83d\udd11Med en st\u00e6rk zinklegering og et glat roterende design beskytter den dine ejendele og eliminerer samtidig risikoen for mistede eller kopierede n\u00f8gler. \ud83c\udfe0En praktisk l\u00f8sning til alle, der \u00f8nsker nem adgangskontrol med ekstra ro i sindet derhjemme eller p\u00e5 arbejdet.\" \/>\n<meta property=\"og:url\" content=\"https:\/\/mekulo.com\/dk\/produkt\/kombinationslaas\/\" \/>\n<meta property=\"og:site_name\" content=\"Mekulo DK\" \/>\n<meta property=\"article:modified_time\" content=\"2026-02-10T09:16:52+00:00\" \/>\n<meta property=\"og:image\" content=\"https:\/\/mekulo.com\/dk\/wp-content\/uploads\/sites\/12\/2026\/01\/9s5i8qi-1.webp\" \/>\n\t<meta property=\"og:image:width\" content=\"1000\" \/>\n\t<meta property=\"og:image:height\" content=\"1000\" \/>\n\t<meta property=\"og:image:type\" content=\"image\/webp\" \/>\n<meta name=\"twitter:card\" content=\"summary_large_image\" \/>\n<meta name=\"twitter:label1\" content=\"Estimeret l\u00e6setid\" \/>\n\t<meta name=\"twitter:data1\" content=\"2 minutter\" \/>\n<script type=\"application\/ld+json\" class=\"yoast-schema-graph\">{\"@context\":\"https:\/\/schema.org\",\"@graph\":[{\"@type\":\"WebPage\",\"@id\":\"https:\/\/mekulo.com\/dk\/produkt\/kombinationslaas\/\",\"url\":\"https:\/\/mekulo.com\/dk\/produkt\/kombinationslaas\/\",\"name\":\"Kombinationsl\u00e5s - Mekulo DK\",\"isPartOf\":{\"@id\":\"https:\/\/mekulo.com\/dk\/#website\"},\"primaryImageOfPage\":{\"@id\":\"https:\/\/mekulo.com\/dk\/produkt\/kombinationslaas\/#primaryimage\"},\"image\":{\"@id\":\"https:\/\/mekulo.com\/dk\/produkt\/kombinationslaas\/#primaryimage\"},\"thumbnailUrl\":\"https:\/\/mekulo.com\/dk\/wp-content\/uploads\/sites\/12\/2026\/01\/9s5i8qi-1.webp\",\"datePublished\":\"2026-01-30T05:57:57+00:00\",\"dateModified\":\"2026-02-10T09:16:52+00:00\",\"breadcrumb\":{\"@id\":\"https:\/\/mekulo.com\/dk\/produkt\/kombinationslaas\/#breadcrumb\"},\"inLanguage\":\"da-DK\",\"potentialAction\":[{\"@type\":\"ReadAction\",\"target\":[\"https:\/\/mekulo.com\/dk\/produkt\/kombinationslaas\/\"]}]},{\"@type\":\"ImageObject\",\"inLanguage\":\"da-DK\",\"@id\":\"https:\/\/mekulo.com\/dk\/produkt\/kombinationslaas\/#primaryimage\",\"url\":\"https:\/\/mekulo.com\/dk\/wp-content\/uploads\/sites\/12\/2026\/01\/9s5i8qi-1.webp\",\"contentUrl\":\"https:\/\/mekulo.com\/dk\/wp-content\/uploads\/sites\/12\/2026\/01\/9s5i8qi-1.webp\",\"width\":1000,\"height\":1000},{\"@type\":\"BreadcrumbList\",\"@id\":\"https:\/\/mekulo.com\/dk\/produkt\/kombinationslaas\/#breadcrumb\",\"itemListElement\":[{\"@type\":\"ListItem\",\"position\":1,\"name\":\"Home\",\"item\":\"https:\/\/mekulo.com\/dk\/\"},{\"@type\":\"ListItem\",\"position\":2,\"name\":\"Butik\",\"item\":\"https:\/\/mekulo.com\/dk\/butik\/\"},{\"@type\":\"ListItem\",\"position\":3,\"name\":\"Kombinationsl\u00e5s\"}]},{\"@type\":\"WebSite\",\"@id\":\"https:\/\/mekulo.com\/dk\/#website\",\"url\":\"https:\/\/mekulo.com\/dk\/\",\"name\":\"Mekulo DK\",\"description\":\"\",\"publisher\":{\"@id\":\"https:\/\/mekulo.com\/dk\/#organization\"},\"potentialAction\":[{\"@type\":\"SearchAction\",\"target\":{\"@type\":\"EntryPoint\",\"urlTemplate\":\"https:\/\/mekulo.com\/dk\/?s={search_term_string}\"},\"query-input\":{\"@type\":\"PropertyValueSpecification\",\"valueRequired\":true,\"valueName\":\"search_term_string\"}}],\"inLanguage\":\"da-DK\"},{\"@type\":\"Organization\",\"@id\":\"https:\/\/mekulo.com\/dk\/#organization\",\"name\":\"Mekulo\",\"url\":\"https:\/\/mekulo.com\/dk\/\",\"logo\":{\"@type\":\"ImageObject\",\"inLanguage\":\"da-DK\",\"@id\":\"https:\/\/mekulo.com\/dk\/#\/schema\/logo\/image\/\",\"url\":\"https:\/\/mekulo.com\/dk\/wp-content\/uploads\/sites\/12\/2025\/12\/favicon_mekulo.png\",\"contentUrl\":\"https:\/\/mekulo.com\/dk\/wp-content\/uploads\/sites\/12\/2025\/12\/favicon_mekulo.png\",\"width\":50,\"height\":50,\"caption\":\"Mekulo\"},\"image\":{\"@id\":\"https:\/\/mekulo.com\/dk\/#\/schema\/logo\/image\/\"}}]}<\/script>\n<!-- \/ Yoast SEO plugin. -->","yoast_head_json":{"title":"Kombinationsl\u00e5s - Mekulo DK","robots":{"index":"index","follow":"follow","max-snippet":"max-snippet:-1","max-image-preview":"max-image-preview:large","max-video-preview":"max-video-preview:-1"},"canonical":"https:\/\/mekulo.com\/dk\/produkt\/kombinationslaas\/","og_locale":"da_DK","og_type":"article","og_title":"Kombinationsl\u00e5s - Mekulo DK","og_description":"\ud83d\udd12Denne kombinationsl\u00e5s giver p\u00e5lidelig, n\u00f8glefri sikkerhed til skabe, skuffer, sm\u00e5 d\u00f8re og pengeskabe. \ud83d\udd11Med en st\u00e6rk zinklegering og et glat roterende design beskytter den dine ejendele og eliminerer samtidig risikoen for mistede eller kopierede n\u00f8gler. \ud83c\udfe0En praktisk l\u00f8sning til alle, der \u00f8nsker nem adgangskontrol med ekstra ro i sindet derhjemme eller p\u00e5 arbejdet.","og_url":"https:\/\/mekulo.com\/dk\/produkt\/kombinationslaas\/","og_site_name":"Mekulo DK","article_modified_time":"2026-02-10T09:16:52+00:00","og_image":[{"width":1000,"height":1000,"url":"https:\/\/mekulo.com\/dk\/wp-content\/uploads\/sites\/12\/2026\/01\/9s5i8qi-1.webp","type":"image\/webp"}],"twitter_card":"summary_large_image","twitter_misc":{"Estimeret l\u00e6setid":"2 minutter"},"schema":{"@context":"https:\/\/schema.org","@graph":[{"@type":"WebPage","@id":"https:\/\/mekulo.com\/dk\/produkt\/kombinationslaas\/","url":"https:\/\/mekulo.com\/dk\/produkt\/kombinationslaas\/","name":"Kombinationsl\u00e5s - Mekulo DK","isPartOf":{"@id":"https:\/\/mekulo.com\/dk\/#website"},"primaryImageOfPage":{"@id":"https:\/\/mekulo.com\/dk\/produkt\/kombinationslaas\/#primaryimage"},"image":{"@id":"https:\/\/mekulo.com\/dk\/produkt\/kombinationslaas\/#primaryimage"},"thumbnailUrl":"https:\/\/mekulo.com\/dk\/wp-content\/uploads\/sites\/12\/2026\/01\/9s5i8qi-1.webp","datePublished":"2026-01-30T05:57:57+00:00","dateModified":"2026-02-10T09:16:52+00:00","breadcrumb":{"@id":"https:\/\/mekulo.com\/dk\/produkt\/kombinationslaas\/#breadcrumb"},"inLanguage":"da-DK","potentialAction":[{"@type":"ReadAction","target":["https:\/\/mekulo.com\/dk\/produkt\/kombinationslaas\/"]}]},{"@type":"ImageObject","inLanguage":"da-DK","@id":"https:\/\/mekulo.com\/dk\/produkt\/kombinationslaas\/#primaryimage","url":"https:\/\/mekulo.com\/dk\/wp-content\/uploads\/sites\/12\/2026\/01\/9s5i8qi-1.webp","contentUrl":"https:\/\/mekulo.com\/dk\/wp-content\/uploads\/sites\/12\/2026\/01\/9s5i8qi-1.webp","width":1000,"height":1000},{"@type":"BreadcrumbList","@id":"https:\/\/mekulo.com\/dk\/produkt\/kombinationslaas\/#breadcrumb","itemListElement":[{"@type":"ListItem","position":1,"name":"Home","item":"https:\/\/mekulo.com\/dk\/"},{"@type":"ListItem","position":2,"name":"Butik","item":"https:\/\/mekulo.com\/dk\/butik\/"},{"@type":"ListItem","position":3,"name":"Kombinationsl\u00e5s"}]},{"@type":"WebSite","@id":"https:\/\/mekulo.com\/dk\/#website","url":"https:\/\/mekulo.com\/dk\/","name":"Mekulo DK","description":"","publisher":{"@id":"https:\/\/mekulo.com\/dk\/#organization"},"potentialAction":[{"@type":"SearchAction","target":{"@type":"EntryPoint","urlTemplate":"https:\/\/mekulo.com\/dk\/?s={search_term_string}"},"query-input":{"@type":"PropertyValueSpecification","valueRequired":true,"valueName":"search_term_string"}}],"inLanguage":"da-DK"},{"@type":"Organization","@id":"https:\/\/mekulo.com\/dk\/#organization","name":"Mekulo","url":"https:\/\/mekulo.com\/dk\/","logo":{"@type":"ImageObject","inLanguage":"da-DK","@id":"https:\/\/mekulo.com\/dk\/#\/schema\/logo\/image\/","url":"https:\/\/mekulo.com\/dk\/wp-content\/uploads\/sites\/12\/2025\/12\/favicon_mekulo.png","contentUrl":"https:\/\/mekulo.com\/dk\/wp-content\/uploads\/sites\/12\/2025\/12\/favicon_mekulo.png","width":50,"height":50,"caption":"Mekulo"},"image":{"@id":"https:\/\/mekulo.com\/dk\/#\/schema\/logo\/image\/"}}]}},"_links":{"self":[{"href":"https:\/\/mekulo.com\/dk\/wp-json\/wp\/v2\/product\/20776","targetHints":{"allow":["GET"]}}],"collection":[{"href":"https:\/\/mekulo.com\/dk\/wp-json\/wp\/v2\/product"}],"about":[{"href":"https:\/\/mekulo.com\/dk\/wp-json\/wp\/v2\/types\/product"}],"replies":[{"embeddable":true,"href":"https:\/\/mekulo.com\/dk\/wp-json\/wp\/v2\/comments?post=20776"}],"wp:featuredmedia":[{"embeddable":true,"href":"https:\/\/mekulo.com\/dk\/wp-json\/wp\/v2\/media\/20772"}],"wp:attachment":[{"href":"https:\/\/mekulo.com\/dk\/wp-json\/wp\/v2\/media?parent=20776"}],"wp:term":[{"taxonomy":"product_brand","embeddable":true,"href":"https:\/\/mekulo.com\/dk\/wp-json\/wp\/v2\/product_brand?post=20776"},{"taxonomy":"product_cat","embeddable":true,"href":"https:\/\/mekulo.com\/dk\/wp-json\/wp\/v2\/product_cat?post=20776"},{"taxonomy":"product_tag","embeddable":true,"href":"https:\/\/mekulo.com\/dk\/wp-json\/wp\/v2\/product_tag?post=20776"}],"curies":[{"name":"wp","href":"https:\/\/api.w.org\/{rel}","templated":true}]}}