{"id":20691,"date":"2026-01-29T13:33:12","date_gmt":"2026-01-29T11:33:12","guid":{"rendered":"https:\/\/mekulo.com\/dk\/produkt\/usynlig-haarklemme\/"},"modified":"2026-02-03T17:21:08","modified_gmt":"2026-02-03T15:21:08","slug":"usynlig-haarklemme","status":"publish","type":"product","link":"https:\/\/mekulo.com\/dk\/produkt\/usynlig-haarklemme\/","title":{"rendered":"Usynlig h\u00e5rklemme"},"content":{"rendered":"<p style=\"text-align: center\" data-start=\"0\" data-end=\"73\"><strong data-start=\"0\" data-end=\"73\">Skab naturlig volumen og l\u00f8ft dine h\u00e5rr\u00f8dder uden synlige clips. \ud83e\udeae<\/strong><\/p>\n<p data-start=\"0\" data-end=\"73\"><img fetchpriority=\"high\" decoding=\"async\" class=\"size-full wp-image-22273 aligncenter\" src=\"https:\/\/mekulo.com\/template\/wp-content\/uploads\/sites\/6\/2026\/01\/2-17.jpeg\" alt=\"\" width=\"800\" height=\"800\" \/><\/p>\n<h2 style=\"text-align: center\"><strong>Vigtigste fordele \ud83d\udc71\u200d\u2640\ufe0f<\/strong><\/h2>\n<p data-start=\"383\" data-end=\"443\">\ud83d\udca8 Naturlig volumen &#8211; L\u00f8fter h\u00e5rr\u00f8dderne for et luftigt look.<\/p>\n<p data-start=\"446\" data-end=\"505\">\ud83d\udc40 Usynligt design &#8211; Ingen synlige klipm\u00e6rker efter brug.<\/p>\n<p data-start=\"508\" data-end=\"572\">\ud83d\udc86\u200d\u2640\ufe0f Ingen h\u00e5rskader &#8211; Sk\u00e5nsom og sikker til daglig styling.<\/p>\n<p data-start=\"575\" data-end=\"635\">\ud83e\uddb7 Design med brede t\u00e6nder &#8211; Hj\u00e6lper med at skabe en h\u00f8j kroneform.<\/p>\n<p data-start=\"638\" data-end=\"685\">\ud83c\udf92 B\u00e6rbar st\u00f8rrelse &#8211; Nem at have med overalt.<\/p>\n<p data-start=\"688\" data-end=\"750\">\u23f1\ufe0f Hurtig styling &#8211; Perfekt til begyndere og travle mennesker.<\/p>\n<p data-start=\"688\" data-end=\"750\"><img decoding=\"async\" class=\"size-full wp-image-22277 aligncenter\" src=\"https:\/\/mekulo.com\/template\/wp-content\/uploads\/sites\/6\/2026\/01\/6-19.jpeg\" alt=\"\" width=\"800\" height=\"800\" \/><\/p>\n<h2 style=\"text-align: center\"><strong>S\u00e5dan bruges \ud83d\udccc<\/strong><\/h2>\n<ol data-start=\"767\" data-end=\"986\">\n<li data-start=\"767\" data-end=\"817\">\n<p data-start=\"770\" data-end=\"817\">Snit dit h\u00e5r, hvor du vil have mere volumen.<\/p>\n<\/li>\n<li data-start=\"818\" data-end=\"862\">\n<p data-start=\"821\" data-end=\"862\">Placer clipsen t\u00e6t p\u00e5 h\u00e5rr\u00f8dderne.<\/p>\n<\/li>\n<li data-start=\"863\" data-end=\"903\">\n<p data-start=\"866\" data-end=\"903\">Fastg\u00f8r den forsigtigt for at l\u00f8fte r\u00f8dderne.<\/p>\n<\/li>\n<li data-start=\"904\" data-end=\"934\">\n<p data-start=\"907\" data-end=\"934\">Style dit h\u00e5r som normalt.<\/p>\n<\/li>\n<li data-start=\"935\" data-end=\"986\">\n<p data-start=\"938\" data-end=\"986\">Fjern det, n\u00e5r du er f\u00e6rdig, for at f\u00e5 et naturligt, fluffy look.<\/p>\n<\/li>\n<\/ol>\n<h2 style=\"text-align: center\"><strong>Produktdetaljer<\/strong><\/h2>\n<ul data-start=\"1008\" data-end=\"1190\">\n<li data-start=\"1008\" data-end=\"1059\">\n<p data-start=\"1010\" data-end=\"1059\">Materiale: Varmebestandigt materiale af h\u00f8j kvalitet<\/p>\n<\/li>\n<li data-start=\"1060\" data-end=\"1102\">\n<p data-start=\"1062\" data-end=\"1102\">Design: Usynlig klemme med brede t\u00e6nder<\/p>\n<\/li>\n<li data-start=\"1103\" data-end=\"1147\">\n<p data-start=\"1105\" data-end=\"1147\">Effekt: L\u00f8fter roden og \u00f8ger volumen<\/p>\n<\/li>\n<li data-start=\"1148\" data-end=\"1190\">\n<p data-start=\"1150\" data-end=\"1190\">H\u00e5rtype: Velegnet til alle h\u00e5rtyper<\/p>\n<\/li>\n<li data-start=\"1148\" data-end=\"1190\">St\u00f8rrelser: 14,5 x 8,5 cm og 15 x 6 cm<\/li>\n<\/ul>\n<h2 style=\"text-align: center\"><strong>Pakken indeholder \ud83d\udce6<\/strong><\/h2>\n<ul data-start=\"1213\" data-end=\"1238\" data-is-last-node=\"\" data-is-only-node=\"\">\n<li data-start=\"1213\" data-end=\"1238\" data-is-last-node=\"\">\n<p data-start=\"1215\" data-end=\"1238\" data-is-last-node=\"\">1, 2x s\u00e6t\/s usynlige h\u00e5rklemmer (2 stk, 4 stk).<\/p>\n<\/li>\n<\/ul>\n","protected":false},"excerpt":{"rendered":"<p>\ud83e\udeaeDenne usynlige h\u00e5rklemme hj\u00e6lper dig med at tilf\u00f8je \u00f8jeblikkelig volumen ved r\u00f8dderne, mens den forbliver helt skjult i dit h\u00e5r.<br \/>\n\ud83d\udc87\u200d\u2640\ufe0fIt er nem at bruge, sk\u00e5nsom mod h\u00e5ret og perfekt til hurtig styling derhjemme eller p\u00e5 farten.<br \/>\n\ud83c\udf04Ideal til travle morgener, n\u00e5r du vil have en fyldigere frisure p\u00e5 f\u00e5 sekunder uden anstrengelse.<\/p>\n","protected":false},"featured_media":20687,"comment_status":"open","ping_status":"closed","template":"","meta":{"site-sidebar-layout":"default","site-content-layout":"","ast-site-content-layout":"default","site-content-style":"default","site-sidebar-style":"default","ast-global-header-display":"","ast-banner-title-visibility":"","ast-main-header-display":"","ast-hfb-above-header-display":"","ast-hfb-below-header-display":"","ast-hfb-mobile-header-display":"","site-post-title":"","ast-breadcrumbs-content":"","ast-featured-img":"","footer-sml-layout":"","ast-disable-related-posts":"","theme-transparent-header-meta":"default","adv-header-id-meta":"","stick-header-meta":"","header-above-stick-meta":"","header-main-stick-meta":"","header-below-stick-meta":"","astra-migrate-meta-layouts":"set","ast-page-background-enabled":"default","ast-page-background-meta":{"desktop":{"background-color":"var(--ast-global-color-5)","background-image":"","background-repeat":"repeat","background-position":"center center","background-size":"auto","background-attachment":"scroll","background-type":"","background-media":"","overlay-type":"","overlay-color":"","overlay-opacity":"","overlay-gradient":""},"tablet":{"background-color":"","background-image":"","background-repeat":"repeat","background-position":"center center","background-size":"auto","background-attachment":"scroll","background-type":"","background-media":"","overlay-type":"","overlay-color":"","overlay-opacity":"","overlay-gradient":""},"mobile":{"background-color":"","background-image":"","background-repeat":"repeat","background-position":"center center","background-size":"auto","background-attachment":"scroll","background-type":"","background-media":"","overlay-type":"","overlay-color":"","overlay-opacity":"","overlay-gradient":""}},"ast-content-background-meta":{"desktop":{"background-color":"var(--ast-global-color-4)","background-image":"","background-repeat":"repeat","background-position":"center center","background-size":"auto","background-attachment":"scroll","background-type":"","background-media":"","overlay-type":"","overlay-color":"","overlay-opacity":"","overlay-gradient":""},"tablet":{"background-color":"var(--ast-global-color-4)","background-image":"","background-repeat":"repeat","background-position":"center center","background-size":"auto","background-attachment":"scroll","background-type":"","background-media":"","overlay-type":"","overlay-color":"","overlay-opacity":"","overlay-gradient":""},"mobile":{"background-color":"var(--ast-global-color-4)","background-image":"","background-repeat":"repeat","background-position":"center center","background-size":"auto","background-attachment":"scroll","background-type":"","background-media":"","overlay-type":"","overlay-color":"","overlay-opacity":"","overlay-gradient":""}}},"product_brand":[],"product_cat":[165],"product_tag":[],"class_list":{"0":"post-20691","1":"product","2":"type-product","3":"status-publish","4":"has-post-thumbnail","6":"product_cat-fodtoej-tilbehoer","7":"pa_52367_av2t24om-1-saet","8":"pa_52367_av2t24om-2-saet","9":"pa_52367_re5sj0ji-blaa","10":"pa_52367_re5sj0ji-lilla","11":"pa_52367_re5sj0ji-lyseroed","12":"pa_52367_re5sj0ji-sort","13":"desktop-align-left","14":"tablet-align-left","15":"mobile-align-left","17":"first","18":"instock","19":"shipping-taxable","20":"purchasable","21":"product-type-variable","22":"has-default-attributes"},"yoast_head":"<!-- This site is optimized with the Yoast SEO plugin v27.4 - https:\/\/yoast.com\/product\/yoast-seo-wordpress\/ -->\n<title>Usynlig h\u00e5rklemme - Mekulo DK<\/title>\n<meta name=\"robots\" content=\"index, follow, max-snippet:-1, max-image-preview:large, max-video-preview:-1\" \/>\n<link rel=\"canonical\" href=\"https:\/\/mekulo.com\/dk\/produkt\/usynlig-haarklemme\/\" \/>\n<meta property=\"og:locale\" content=\"da_DK\" \/>\n<meta property=\"og:type\" content=\"article\" \/>\n<meta property=\"og:title\" content=\"Usynlig h\u00e5rklemme - Mekulo DK\" \/>\n<meta property=\"og:description\" content=\"\ud83e\udeaeDenne usynlige h\u00e5rklemme hj\u00e6lper dig med at tilf\u00f8je \u00f8jeblikkelig volumen ved r\u00f8dderne, mens den forbliver helt skjult i dit h\u00e5r. \ud83d\udc87\u200d\u2640\ufe0fIt er nem at bruge, sk\u00e5nsom mod h\u00e5ret og perfekt til hurtig styling derhjemme eller p\u00e5 farten. \ud83c\udf04Ideal til travle morgener, n\u00e5r du vil have en fyldigere frisure p\u00e5 f\u00e5 sekunder uden anstrengelse.\" \/>\n<meta property=\"og:url\" content=\"https:\/\/mekulo.com\/dk\/produkt\/usynlig-haarklemme\/\" \/>\n<meta property=\"og:site_name\" content=\"Mekulo DK\" \/>\n<meta property=\"article:modified_time\" content=\"2026-02-03T15:21:08+00:00\" \/>\n<meta property=\"og:image\" content=\"https:\/\/mekulo.com\/dk\/wp-content\/uploads\/sites\/12\/2026\/01\/bmt5nlf-1.jpeg\" \/>\n\t<meta property=\"og:image:width\" content=\"800\" \/>\n\t<meta property=\"og:image:height\" content=\"800\" \/>\n\t<meta property=\"og:image:type\" content=\"image\/jpeg\" \/>\n<meta name=\"twitter:card\" content=\"summary_large_image\" \/>\n<meta name=\"twitter:label1\" content=\"Estimeret l\u00e6setid\" \/>\n\t<meta name=\"twitter:data1\" content=\"2 minutter\" \/>\n<script type=\"application\/ld+json\" class=\"yoast-schema-graph\">{\"@context\":\"https:\\\/\\\/schema.org\",\"@graph\":[{\"@type\":\"WebPage\",\"@id\":\"https:\\\/\\\/mekulo.com\\\/dk\\\/produkt\\\/usynlig-haarklemme\\\/\",\"url\":\"https:\\\/\\\/mekulo.com\\\/dk\\\/produkt\\\/usynlig-haarklemme\\\/\",\"name\":\"Usynlig h\u00e5rklemme - Mekulo DK\",\"isPartOf\":{\"@id\":\"https:\\\/\\\/mekulo.com\\\/dk\\\/#website\"},\"primaryImageOfPage\":{\"@id\":\"https:\\\/\\\/mekulo.com\\\/dk\\\/produkt\\\/usynlig-haarklemme\\\/#primaryimage\"},\"image\":{\"@id\":\"https:\\\/\\\/mekulo.com\\\/dk\\\/produkt\\\/usynlig-haarklemme\\\/#primaryimage\"},\"thumbnailUrl\":\"https:\\\/\\\/mekulo.com\\\/dk\\\/wp-content\\\/uploads\\\/sites\\\/12\\\/2026\\\/01\\\/bmt5nlf-1.jpeg\",\"datePublished\":\"2026-01-29T11:33:12+00:00\",\"dateModified\":\"2026-02-03T15:21:08+00:00\",\"breadcrumb\":{\"@id\":\"https:\\\/\\\/mekulo.com\\\/dk\\\/produkt\\\/usynlig-haarklemme\\\/#breadcrumb\"},\"inLanguage\":\"da-DK\",\"potentialAction\":[{\"@type\":\"ReadAction\",\"target\":[\"https:\\\/\\\/mekulo.com\\\/dk\\\/produkt\\\/usynlig-haarklemme\\\/\"]}]},{\"@type\":\"ImageObject\",\"inLanguage\":\"da-DK\",\"@id\":\"https:\\\/\\\/mekulo.com\\\/dk\\\/produkt\\\/usynlig-haarklemme\\\/#primaryimage\",\"url\":\"https:\\\/\\\/mekulo.com\\\/dk\\\/wp-content\\\/uploads\\\/sites\\\/12\\\/2026\\\/01\\\/bmt5nlf-1.jpeg\",\"contentUrl\":\"https:\\\/\\\/mekulo.com\\\/dk\\\/wp-content\\\/uploads\\\/sites\\\/12\\\/2026\\\/01\\\/bmt5nlf-1.jpeg\",\"width\":800,\"height\":800},{\"@type\":\"BreadcrumbList\",\"@id\":\"https:\\\/\\\/mekulo.com\\\/dk\\\/produkt\\\/usynlig-haarklemme\\\/#breadcrumb\",\"itemListElement\":[{\"@type\":\"ListItem\",\"position\":1,\"name\":\"Home\",\"item\":\"https:\\\/\\\/mekulo.com\\\/dk\\\/\"},{\"@type\":\"ListItem\",\"position\":2,\"name\":\"Butik\",\"item\":\"https:\\\/\\\/mekulo.com\\\/dk\\\/butik\\\/\"},{\"@type\":\"ListItem\",\"position\":3,\"name\":\"Usynlig h\u00e5rklemme\"}]},{\"@type\":\"WebSite\",\"@id\":\"https:\\\/\\\/mekulo.com\\\/dk\\\/#website\",\"url\":\"https:\\\/\\\/mekulo.com\\\/dk\\\/\",\"name\":\"Mekulo DK\",\"description\":\"\",\"publisher\":{\"@id\":\"https:\\\/\\\/mekulo.com\\\/dk\\\/#organization\"},\"potentialAction\":[{\"@type\":\"SearchAction\",\"target\":{\"@type\":\"EntryPoint\",\"urlTemplate\":\"https:\\\/\\\/mekulo.com\\\/dk\\\/?s={search_term_string}\"},\"query-input\":{\"@type\":\"PropertyValueSpecification\",\"valueRequired\":true,\"valueName\":\"search_term_string\"}}],\"inLanguage\":\"da-DK\"},{\"@type\":\"Organization\",\"@id\":\"https:\\\/\\\/mekulo.com\\\/dk\\\/#organization\",\"name\":\"Mekulo\",\"url\":\"https:\\\/\\\/mekulo.com\\\/dk\\\/\",\"logo\":{\"@type\":\"ImageObject\",\"inLanguage\":\"da-DK\",\"@id\":\"https:\\\/\\\/mekulo.com\\\/dk\\\/#\\\/schema\\\/logo\\\/image\\\/\",\"url\":\"https:\\\/\\\/mekulo.com\\\/dk\\\/wp-content\\\/uploads\\\/sites\\\/12\\\/2025\\\/12\\\/favicon_mekulo.png\",\"contentUrl\":\"https:\\\/\\\/mekulo.com\\\/dk\\\/wp-content\\\/uploads\\\/sites\\\/12\\\/2025\\\/12\\\/favicon_mekulo.png\",\"width\":50,\"height\":50,\"caption\":\"Mekulo\"},\"image\":{\"@id\":\"https:\\\/\\\/mekulo.com\\\/dk\\\/#\\\/schema\\\/logo\\\/image\\\/\"}}]}<\/script>\n<!-- \/ Yoast SEO plugin. -->","yoast_head_json":{"title":"Usynlig h\u00e5rklemme - Mekulo DK","robots":{"index":"index","follow":"follow","max-snippet":"max-snippet:-1","max-image-preview":"max-image-preview:large","max-video-preview":"max-video-preview:-1"},"canonical":"https:\/\/mekulo.com\/dk\/produkt\/usynlig-haarklemme\/","og_locale":"da_DK","og_type":"article","og_title":"Usynlig h\u00e5rklemme - Mekulo DK","og_description":"\ud83e\udeaeDenne usynlige h\u00e5rklemme hj\u00e6lper dig med at tilf\u00f8je \u00f8jeblikkelig volumen ved r\u00f8dderne, mens den forbliver helt skjult i dit h\u00e5r. \ud83d\udc87\u200d\u2640\ufe0fIt er nem at bruge, sk\u00e5nsom mod h\u00e5ret og perfekt til hurtig styling derhjemme eller p\u00e5 farten. \ud83c\udf04Ideal til travle morgener, n\u00e5r du vil have en fyldigere frisure p\u00e5 f\u00e5 sekunder uden anstrengelse.","og_url":"https:\/\/mekulo.com\/dk\/produkt\/usynlig-haarklemme\/","og_site_name":"Mekulo DK","article_modified_time":"2026-02-03T15:21:08+00:00","og_image":[{"width":800,"height":800,"url":"https:\/\/mekulo.com\/dk\/wp-content\/uploads\/sites\/12\/2026\/01\/bmt5nlf-1.jpeg","type":"image\/jpeg"}],"twitter_card":"summary_large_image","twitter_misc":{"Estimeret l\u00e6setid":"2 minutter"},"schema":{"@context":"https:\/\/schema.org","@graph":[{"@type":"WebPage","@id":"https:\/\/mekulo.com\/dk\/produkt\/usynlig-haarklemme\/","url":"https:\/\/mekulo.com\/dk\/produkt\/usynlig-haarklemme\/","name":"Usynlig h\u00e5rklemme - Mekulo DK","isPartOf":{"@id":"https:\/\/mekulo.com\/dk\/#website"},"primaryImageOfPage":{"@id":"https:\/\/mekulo.com\/dk\/produkt\/usynlig-haarklemme\/#primaryimage"},"image":{"@id":"https:\/\/mekulo.com\/dk\/produkt\/usynlig-haarklemme\/#primaryimage"},"thumbnailUrl":"https:\/\/mekulo.com\/dk\/wp-content\/uploads\/sites\/12\/2026\/01\/bmt5nlf-1.jpeg","datePublished":"2026-01-29T11:33:12+00:00","dateModified":"2026-02-03T15:21:08+00:00","breadcrumb":{"@id":"https:\/\/mekulo.com\/dk\/produkt\/usynlig-haarklemme\/#breadcrumb"},"inLanguage":"da-DK","potentialAction":[{"@type":"ReadAction","target":["https:\/\/mekulo.com\/dk\/produkt\/usynlig-haarklemme\/"]}]},{"@type":"ImageObject","inLanguage":"da-DK","@id":"https:\/\/mekulo.com\/dk\/produkt\/usynlig-haarklemme\/#primaryimage","url":"https:\/\/mekulo.com\/dk\/wp-content\/uploads\/sites\/12\/2026\/01\/bmt5nlf-1.jpeg","contentUrl":"https:\/\/mekulo.com\/dk\/wp-content\/uploads\/sites\/12\/2026\/01\/bmt5nlf-1.jpeg","width":800,"height":800},{"@type":"BreadcrumbList","@id":"https:\/\/mekulo.com\/dk\/produkt\/usynlig-haarklemme\/#breadcrumb","itemListElement":[{"@type":"ListItem","position":1,"name":"Home","item":"https:\/\/mekulo.com\/dk\/"},{"@type":"ListItem","position":2,"name":"Butik","item":"https:\/\/mekulo.com\/dk\/butik\/"},{"@type":"ListItem","position":3,"name":"Usynlig h\u00e5rklemme"}]},{"@type":"WebSite","@id":"https:\/\/mekulo.com\/dk\/#website","url":"https:\/\/mekulo.com\/dk\/","name":"Mekulo DK","description":"","publisher":{"@id":"https:\/\/mekulo.com\/dk\/#organization"},"potentialAction":[{"@type":"SearchAction","target":{"@type":"EntryPoint","urlTemplate":"https:\/\/mekulo.com\/dk\/?s={search_term_string}"},"query-input":{"@type":"PropertyValueSpecification","valueRequired":true,"valueName":"search_term_string"}}],"inLanguage":"da-DK"},{"@type":"Organization","@id":"https:\/\/mekulo.com\/dk\/#organization","name":"Mekulo","url":"https:\/\/mekulo.com\/dk\/","logo":{"@type":"ImageObject","inLanguage":"da-DK","@id":"https:\/\/mekulo.com\/dk\/#\/schema\/logo\/image\/","url":"https:\/\/mekulo.com\/dk\/wp-content\/uploads\/sites\/12\/2025\/12\/favicon_mekulo.png","contentUrl":"https:\/\/mekulo.com\/dk\/wp-content\/uploads\/sites\/12\/2025\/12\/favicon_mekulo.png","width":50,"height":50,"caption":"Mekulo"},"image":{"@id":"https:\/\/mekulo.com\/dk\/#\/schema\/logo\/image\/"}}]}},"_links":{"self":[{"href":"https:\/\/mekulo.com\/dk\/wp-json\/wp\/v2\/product\/20691","targetHints":{"allow":["GET"]}}],"collection":[{"href":"https:\/\/mekulo.com\/dk\/wp-json\/wp\/v2\/product"}],"about":[{"href":"https:\/\/mekulo.com\/dk\/wp-json\/wp\/v2\/types\/product"}],"replies":[{"embeddable":true,"href":"https:\/\/mekulo.com\/dk\/wp-json\/wp\/v2\/comments?post=20691"}],"wp:featuredmedia":[{"embeddable":true,"href":"https:\/\/mekulo.com\/dk\/wp-json\/wp\/v2\/media\/20687"}],"wp:attachment":[{"href":"https:\/\/mekulo.com\/dk\/wp-json\/wp\/v2\/media?parent=20691"}],"wp:term":[{"taxonomy":"product_brand","embeddable":true,"href":"https:\/\/mekulo.com\/dk\/wp-json\/wp\/v2\/product_brand?post=20691"},{"taxonomy":"product_cat","embeddable":true,"href":"https:\/\/mekulo.com\/dk\/wp-json\/wp\/v2\/product_cat?post=20691"},{"taxonomy":"product_tag","embeddable":true,"href":"https:\/\/mekulo.com\/dk\/wp-json\/wp\/v2\/product_tag?post=20691"}],"curies":[{"name":"wp","href":"https:\/\/api.w.org\/{rel}","templated":true}]}}