{"id":20670,"date":"2026-01-29T13:28:27","date_gmt":"2026-01-29T11:28:27","guid":{"rendered":"https:\/\/mekulo.com\/dk\/produkt\/forbedret-doerforstaerkningslaas\/"},"modified":"2026-01-29T13:28:47","modified_gmt":"2026-01-29T11:28:47","slug":"forbedret-doerforstaerkningslaas","status":"publish","type":"product","link":"https:\/\/mekulo.com\/dk\/produkt\/forbedret-doerforstaerkningslaas\/","title":{"rendered":"Forbedret d\u00f8rforst\u00e6rkningsl\u00e5s"},"content":{"rendered":"<p style=\"text-align: center\" data-start=\"0\" data-end=\"60\"><strong data-start=\"0\" data-end=\"60\">Tilf\u00f8j St\u00e6rk, P\u00e5Lidelig Beskyttelse Til Din D\u00f8r P\u00e5 F\u00e5 Sekunder.\ud83d\udeaa<\/strong><\/p>\n<p data-start=\"0\" data-end=\"60\"><img fetchpriority=\"high\" decoding=\"async\" class=\"size-full wp-image-22313 aligncenter\" src=\"https:\/\/mekulo.com\/template\/wp-content\/uploads\/sites\/6\/2026\/01\/3f2aede9ea10a160702f654766f3f6389db674b6-900.jpg\" alt=\"\" width=\"1080\" height=\"1060\" \/><\/p>\n<h2 style=\"text-align: center\" data-start=\"396\" data-end=\"413\">Hovedfordele \ud83c\udfe1<\/h2>\n<p data-start=\"416\" data-end=\"485\">\ud83d\udd12 Forst\u00e6rket sikkerhed &#8211; Styrker d\u00f8re mod indbrud.<\/p>\n<p data-start=\"488\" data-end=\"554\">\ud83d\udeab Tyverisikret design &#8211; Intet n\u00f8glehul, ingen manipulation udefra.<\/p>\n<p data-start=\"557\" data-end=\"625\">\ud83d\udc76 B\u00f8rnesikkerhed &#8211; Forhindrer b\u00f8rn i at \u00e5bne d\u00f8ren.<\/p>\n<p data-start=\"628\" data-end=\"692\">\ud83c\udfe0 Kun indvendig kontrol &#8211; Kan kun betjenes fra indend\u00f8rs.<\/p>\n<p data-start=\"695\" data-end=\"750\">\u2699\ufe0f Nem installation &#8211; Installeres p\u00e5 under 5 minutter.<\/p>\n<p data-start=\"753\" data-end=\"812\">\ud83e\uddf1 Holdbart materiale &#8211; Lavet af st\u00e6rk aluminiumslegering.<\/p>\n<p data-start=\"753\" data-end=\"812\"><img decoding=\"async\" class=\"size-full wp-image-22310 aligncenter\" src=\"https:\/\/mekulo.com\/template\/wp-content\/uploads\/sites\/6\/2026\/01\/3-1-1.jpg\" alt=\"\" width=\"1080\" height=\"1080\" \/><\/p>\n<h2 style=\"text-align: center\" data-start=\"814\" data-end=\"828\">S\u00e5dan Bruges \ud83d\udccc<\/h2>\n<ol data-start=\"829\" data-end=\"1073\">\n<li data-start=\"829\" data-end=\"870\">\n<p data-start=\"832\" data-end=\"870\">Placer l\u00e5sen p\u00e5 d\u00f8rkarmen.<\/p>\n<\/li>\n<li data-start=\"871\" data-end=\"924\">\n<p data-start=\"874\" data-end=\"924\">Fastg\u00f8r den med en boremaskine eller en batteridrevet skruetr\u00e6kker.<\/p>\n<\/li>\n<li data-start=\"925\" data-end=\"975\">\n<p data-start=\"928\" data-end=\"975\">Luk d\u00f8ren, og skub l\u00e5sen p\u00e5 plads.<\/p>\n<\/li>\n<li data-start=\"976\" data-end=\"1026\">\n<p data-start=\"979\" data-end=\"1026\">Udl\u00f8s l\u00e5sen indefra, n\u00e5r det er n\u00f8dvendigt.<\/p>\n<\/li>\n<li data-start=\"1027\" data-end=\"1073\">\n<p data-start=\"1030\" data-end=\"1073\">Hold den tilkoblet for ekstra sikkerhed p\u00e5 alle tidspunkter.<\/p>\n<\/li>\n<\/ol>\n<h2 style=\"text-align: center\" data-start=\"1075\" data-end=\"1094\">Produktdetaljer \ud83d\udccf<\/h2>\n<ul data-start=\"1095\" data-end=\"1348\">\n<li data-start=\"1095\" data-end=\"1123\">\n<p data-start=\"1097\" data-end=\"1123\">Materiale: Aluminiumslegering<\/p>\n<\/li>\n<li data-start=\"1124\" data-end=\"1165\">\n<p data-start=\"1126\" data-end=\"1165\">L\u00e5setype: N\u00f8glefri forst\u00e6rkningsl\u00e5s<\/p>\n<\/li>\n<li data-start=\"1166\" data-end=\"1191\">\n<p data-start=\"1168\" data-end=\"1191\">Stopl\u00e6ngde: 7,6 cm<\/p>\n<\/li>\n<li data-start=\"1192\" data-end=\"1237\">\n<p data-start=\"1194\" data-end=\"1237\">Installation: G\u00f8r-det-selv, ingen professionel n\u00f8dvendig<\/p>\n<\/li>\n<li data-start=\"1238\" data-end=\"1279\">\n<p data-start=\"1240\" data-end=\"1279\">D\u00f8rtype: Passer til indadg\u00e5ende svingd\u00f8re<\/p>\n<\/li>\n<li data-start=\"1280\" data-end=\"1348\">\n<p data-start=\"1282\" data-end=\"1348\">Anvendelsesomr\u00e5der: Hovedd\u00f8re, sovev\u00e6relser, garager, k\u00e6ldre, sided\u00f8re<\/p>\n<\/li>\n<\/ul>\n<h2 style=\"text-align: center\" data-start=\"1350\" data-end=\"1370\">Pakken Indeholder \ud83d\udce6<\/h2>\n<ul data-start=\"1371\" data-end=\"1449\" data-is-last-node=\"\" data-is-only-node=\"\">\n<li data-start=\"1371\" data-end=\"1411\">\n<p data-start=\"1373\" data-end=\"1411\">1, 2, 4x forst\u00e6rket d\u00f8rforst\u00e6rkningsl\u00e5s<\/p>\n<\/li>\n<li data-start=\"1412\" data-end=\"1449\" data-is-last-node=\"\">\n<p data-start=\"1414\" data-end=\"1449\" data-is-last-node=\"\">5, 10, 20x monteringsskruer.<\/p>\n<\/li>\n<\/ul>\n","protected":false},"excerpt":{"rendered":"<p>\ud83d\udeaaDenne forbedrede d\u00f8rforst\u00e6rkningsl\u00e5s styrker din d\u00f8r indefra og hj\u00e6lper med at forhindre indbrud, u\u00f8nsket adgang og ulykker.<br \/>\n\ud83d\udd11Den er n\u00f8glefri, manipulationssikker og nem at installere, hvilket g\u00f8r den perfekt til hverdagens sikkerhed i hjemmet.<br \/>\n\ud83c\udfe0En smart opgradering til familier, der \u00f8nsker ekstra ro i sindet uden at \u00e6ndre deres eksisterende d\u00f8r.<\/p>\n","protected":false},"featured_media":20666,"comment_status":"open","ping_status":"closed","template":"","meta":{"site-sidebar-layout":"default","site-content-layout":"","ast-site-content-layout":"default","site-content-style":"default","site-sidebar-style":"default","ast-global-header-display":"","ast-banner-title-visibility":"","ast-main-header-display":"","ast-hfb-above-header-display":"","ast-hfb-below-header-display":"","ast-hfb-mobile-header-display":"","site-post-title":"","ast-breadcrumbs-content":"","ast-featured-img":"","footer-sml-layout":"","ast-disable-related-posts":"","theme-transparent-header-meta":"default","adv-header-id-meta":"","stick-header-meta":"","header-above-stick-meta":"","header-main-stick-meta":"","header-below-stick-meta":"","astra-migrate-meta-layouts":"set","ast-page-background-enabled":"default","ast-page-background-meta":{"desktop":{"background-color":"var(--ast-global-color-5)","background-image":"","background-repeat":"repeat","background-position":"center center","background-size":"auto","background-attachment":"scroll","background-type":"","background-media":"","overlay-type":"","overlay-color":"","overlay-opacity":"","overlay-gradient":""},"tablet":{"background-color":"","background-image":"","background-repeat":"repeat","background-position":"center center","background-size":"auto","background-attachment":"scroll","background-type":"","background-media":"","overlay-type":"","overlay-color":"","overlay-opacity":"","overlay-gradient":""},"mobile":{"background-color":"","background-image":"","background-repeat":"repeat","background-position":"center center","background-size":"auto","background-attachment":"scroll","background-type":"","background-media":"","overlay-type":"","overlay-color":"","overlay-opacity":"","overlay-gradient":""}},"ast-content-background-meta":{"desktop":{"background-color":"var(--ast-global-color-4)","background-image":"","background-repeat":"repeat","background-position":"center center","background-size":"auto","background-attachment":"scroll","background-type":"","background-media":"","overlay-type":"","overlay-color":"","overlay-opacity":"","overlay-gradient":""},"tablet":{"background-color":"var(--ast-global-color-4)","background-image":"","background-repeat":"repeat","background-position":"center center","background-size":"auto","background-attachment":"scroll","background-type":"","background-media":"","overlay-type":"","overlay-color":"","overlay-opacity":"","overlay-gradient":""},"mobile":{"background-color":"var(--ast-global-color-4)","background-image":"","background-repeat":"repeat","background-position":"center center","background-size":"auto","background-attachment":"scroll","background-type":"","background-media":"","overlay-type":"","overlay-color":"","overlay-opacity":"","overlay-gradient":""}}},"product_brand":[],"product_cat":[168],"product_tag":[],"class_list":{"0":"post-20670","1":"product","2":"type-product","3":"status-publish","4":"has-post-thumbnail","6":"product_cat-husholdningsartikler","7":"pa_52536_i7fzf926-soelv","8":"pa_52536_i7fzf926-sort","9":"pa_52536_jnswpgkf-1-stk","10":"pa_52536_jnswpgkf-2-stk","11":"pa_52536_jnswpgkf-4-stk","12":"desktop-align-left","13":"tablet-align-left","14":"mobile-align-left","16":"first","17":"instock","18":"shipping-taxable","19":"purchasable","20":"product-type-variable","21":"has-default-attributes"},"yoast_head":"<!-- This site is optimized with the Yoast SEO plugin v27.4 - https:\/\/yoast.com\/product\/yoast-seo-wordpress\/ -->\n<title>Forbedret d\u00f8rforst\u00e6rkningsl\u00e5s - Mekulo DK<\/title>\n<meta name=\"robots\" content=\"index, follow, max-snippet:-1, max-image-preview:large, max-video-preview:-1\" \/>\n<link rel=\"canonical\" href=\"https:\/\/mekulo.com\/dk\/produkt\/forbedret-doerforstaerkningslaas\/\" \/>\n<meta property=\"og:locale\" content=\"da_DK\" \/>\n<meta property=\"og:type\" content=\"article\" \/>\n<meta property=\"og:title\" content=\"Forbedret d\u00f8rforst\u00e6rkningsl\u00e5s - Mekulo DK\" \/>\n<meta property=\"og:description\" content=\"\ud83d\udeaaDenne forbedrede d\u00f8rforst\u00e6rkningsl\u00e5s styrker din d\u00f8r indefra og hj\u00e6lper med at forhindre indbrud, u\u00f8nsket adgang og ulykker. \ud83d\udd11Den er n\u00f8glefri, manipulationssikker og nem at installere, hvilket g\u00f8r den perfekt til hverdagens sikkerhed i hjemmet. \ud83c\udfe0En smart opgradering til familier, der \u00f8nsker ekstra ro i sindet uden at \u00e6ndre deres eksisterende d\u00f8r.\" \/>\n<meta property=\"og:url\" content=\"https:\/\/mekulo.com\/dk\/produkt\/forbedret-doerforstaerkningslaas\/\" \/>\n<meta property=\"og:site_name\" content=\"Mekulo DK\" \/>\n<meta property=\"article:modified_time\" content=\"2026-01-29T11:28:47+00:00\" \/>\n<meta property=\"og:image\" content=\"https:\/\/mekulo.com\/dk\/wp-content\/uploads\/sites\/12\/2026\/01\/9gf3vs4-1.jpg\" \/>\n\t<meta property=\"og:image:width\" content=\"800\" \/>\n\t<meta property=\"og:image:height\" content=\"800\" \/>\n\t<meta property=\"og:image:type\" content=\"image\/jpeg\" \/>\n<meta name=\"twitter:card\" content=\"summary_large_image\" \/>\n<meta name=\"twitter:label1\" content=\"Estimeret l\u00e6setid\" \/>\n\t<meta name=\"twitter:data1\" content=\"2 minutter\" \/>\n<script type=\"application\/ld+json\" class=\"yoast-schema-graph\">{\"@context\":\"https:\\\/\\\/schema.org\",\"@graph\":[{\"@type\":\"WebPage\",\"@id\":\"https:\\\/\\\/mekulo.com\\\/dk\\\/produkt\\\/forbedret-doerforstaerkningslaas\\\/\",\"url\":\"https:\\\/\\\/mekulo.com\\\/dk\\\/produkt\\\/forbedret-doerforstaerkningslaas\\\/\",\"name\":\"Forbedret d\u00f8rforst\u00e6rkningsl\u00e5s - Mekulo DK\",\"isPartOf\":{\"@id\":\"https:\\\/\\\/mekulo.com\\\/dk\\\/#website\"},\"primaryImageOfPage\":{\"@id\":\"https:\\\/\\\/mekulo.com\\\/dk\\\/produkt\\\/forbedret-doerforstaerkningslaas\\\/#primaryimage\"},\"image\":{\"@id\":\"https:\\\/\\\/mekulo.com\\\/dk\\\/produkt\\\/forbedret-doerforstaerkningslaas\\\/#primaryimage\"},\"thumbnailUrl\":\"https:\\\/\\\/mekulo.com\\\/dk\\\/wp-content\\\/uploads\\\/sites\\\/12\\\/2026\\\/01\\\/9gf3vs4-1.jpg\",\"datePublished\":\"2026-01-29T11:28:27+00:00\",\"dateModified\":\"2026-01-29T11:28:47+00:00\",\"breadcrumb\":{\"@id\":\"https:\\\/\\\/mekulo.com\\\/dk\\\/produkt\\\/forbedret-doerforstaerkningslaas\\\/#breadcrumb\"},\"inLanguage\":\"da-DK\",\"potentialAction\":[{\"@type\":\"ReadAction\",\"target\":[\"https:\\\/\\\/mekulo.com\\\/dk\\\/produkt\\\/forbedret-doerforstaerkningslaas\\\/\"]}]},{\"@type\":\"ImageObject\",\"inLanguage\":\"da-DK\",\"@id\":\"https:\\\/\\\/mekulo.com\\\/dk\\\/produkt\\\/forbedret-doerforstaerkningslaas\\\/#primaryimage\",\"url\":\"https:\\\/\\\/mekulo.com\\\/dk\\\/wp-content\\\/uploads\\\/sites\\\/12\\\/2026\\\/01\\\/9gf3vs4-1.jpg\",\"contentUrl\":\"https:\\\/\\\/mekulo.com\\\/dk\\\/wp-content\\\/uploads\\\/sites\\\/12\\\/2026\\\/01\\\/9gf3vs4-1.jpg\",\"width\":800,\"height\":800},{\"@type\":\"BreadcrumbList\",\"@id\":\"https:\\\/\\\/mekulo.com\\\/dk\\\/produkt\\\/forbedret-doerforstaerkningslaas\\\/#breadcrumb\",\"itemListElement\":[{\"@type\":\"ListItem\",\"position\":1,\"name\":\"Home\",\"item\":\"https:\\\/\\\/mekulo.com\\\/dk\\\/\"},{\"@type\":\"ListItem\",\"position\":2,\"name\":\"Butik\",\"item\":\"https:\\\/\\\/mekulo.com\\\/dk\\\/butik\\\/\"},{\"@type\":\"ListItem\",\"position\":3,\"name\":\"Forbedret d\u00f8rforst\u00e6rkningsl\u00e5s\"}]},{\"@type\":\"WebSite\",\"@id\":\"https:\\\/\\\/mekulo.com\\\/dk\\\/#website\",\"url\":\"https:\\\/\\\/mekulo.com\\\/dk\\\/\",\"name\":\"Mekulo DK\",\"description\":\"\",\"publisher\":{\"@id\":\"https:\\\/\\\/mekulo.com\\\/dk\\\/#organization\"},\"potentialAction\":[{\"@type\":\"SearchAction\",\"target\":{\"@type\":\"EntryPoint\",\"urlTemplate\":\"https:\\\/\\\/mekulo.com\\\/dk\\\/?s={search_term_string}\"},\"query-input\":{\"@type\":\"PropertyValueSpecification\",\"valueRequired\":true,\"valueName\":\"search_term_string\"}}],\"inLanguage\":\"da-DK\"},{\"@type\":\"Organization\",\"@id\":\"https:\\\/\\\/mekulo.com\\\/dk\\\/#organization\",\"name\":\"Mekulo\",\"url\":\"https:\\\/\\\/mekulo.com\\\/dk\\\/\",\"logo\":{\"@type\":\"ImageObject\",\"inLanguage\":\"da-DK\",\"@id\":\"https:\\\/\\\/mekulo.com\\\/dk\\\/#\\\/schema\\\/logo\\\/image\\\/\",\"url\":\"https:\\\/\\\/mekulo.com\\\/dk\\\/wp-content\\\/uploads\\\/sites\\\/12\\\/2025\\\/12\\\/favicon_mekulo.png\",\"contentUrl\":\"https:\\\/\\\/mekulo.com\\\/dk\\\/wp-content\\\/uploads\\\/sites\\\/12\\\/2025\\\/12\\\/favicon_mekulo.png\",\"width\":50,\"height\":50,\"caption\":\"Mekulo\"},\"image\":{\"@id\":\"https:\\\/\\\/mekulo.com\\\/dk\\\/#\\\/schema\\\/logo\\\/image\\\/\"}}]}<\/script>\n<!-- \/ Yoast SEO plugin. -->","yoast_head_json":{"title":"Forbedret d\u00f8rforst\u00e6rkningsl\u00e5s - Mekulo DK","robots":{"index":"index","follow":"follow","max-snippet":"max-snippet:-1","max-image-preview":"max-image-preview:large","max-video-preview":"max-video-preview:-1"},"canonical":"https:\/\/mekulo.com\/dk\/produkt\/forbedret-doerforstaerkningslaas\/","og_locale":"da_DK","og_type":"article","og_title":"Forbedret d\u00f8rforst\u00e6rkningsl\u00e5s - Mekulo DK","og_description":"\ud83d\udeaaDenne forbedrede d\u00f8rforst\u00e6rkningsl\u00e5s styrker din d\u00f8r indefra og hj\u00e6lper med at forhindre indbrud, u\u00f8nsket adgang og ulykker. \ud83d\udd11Den er n\u00f8glefri, manipulationssikker og nem at installere, hvilket g\u00f8r den perfekt til hverdagens sikkerhed i hjemmet. \ud83c\udfe0En smart opgradering til familier, der \u00f8nsker ekstra ro i sindet uden at \u00e6ndre deres eksisterende d\u00f8r.","og_url":"https:\/\/mekulo.com\/dk\/produkt\/forbedret-doerforstaerkningslaas\/","og_site_name":"Mekulo DK","article_modified_time":"2026-01-29T11:28:47+00:00","og_image":[{"width":800,"height":800,"url":"https:\/\/mekulo.com\/dk\/wp-content\/uploads\/sites\/12\/2026\/01\/9gf3vs4-1.jpg","type":"image\/jpeg"}],"twitter_card":"summary_large_image","twitter_misc":{"Estimeret l\u00e6setid":"2 minutter"},"schema":{"@context":"https:\/\/schema.org","@graph":[{"@type":"WebPage","@id":"https:\/\/mekulo.com\/dk\/produkt\/forbedret-doerforstaerkningslaas\/","url":"https:\/\/mekulo.com\/dk\/produkt\/forbedret-doerforstaerkningslaas\/","name":"Forbedret d\u00f8rforst\u00e6rkningsl\u00e5s - Mekulo DK","isPartOf":{"@id":"https:\/\/mekulo.com\/dk\/#website"},"primaryImageOfPage":{"@id":"https:\/\/mekulo.com\/dk\/produkt\/forbedret-doerforstaerkningslaas\/#primaryimage"},"image":{"@id":"https:\/\/mekulo.com\/dk\/produkt\/forbedret-doerforstaerkningslaas\/#primaryimage"},"thumbnailUrl":"https:\/\/mekulo.com\/dk\/wp-content\/uploads\/sites\/12\/2026\/01\/9gf3vs4-1.jpg","datePublished":"2026-01-29T11:28:27+00:00","dateModified":"2026-01-29T11:28:47+00:00","breadcrumb":{"@id":"https:\/\/mekulo.com\/dk\/produkt\/forbedret-doerforstaerkningslaas\/#breadcrumb"},"inLanguage":"da-DK","potentialAction":[{"@type":"ReadAction","target":["https:\/\/mekulo.com\/dk\/produkt\/forbedret-doerforstaerkningslaas\/"]}]},{"@type":"ImageObject","inLanguage":"da-DK","@id":"https:\/\/mekulo.com\/dk\/produkt\/forbedret-doerforstaerkningslaas\/#primaryimage","url":"https:\/\/mekulo.com\/dk\/wp-content\/uploads\/sites\/12\/2026\/01\/9gf3vs4-1.jpg","contentUrl":"https:\/\/mekulo.com\/dk\/wp-content\/uploads\/sites\/12\/2026\/01\/9gf3vs4-1.jpg","width":800,"height":800},{"@type":"BreadcrumbList","@id":"https:\/\/mekulo.com\/dk\/produkt\/forbedret-doerforstaerkningslaas\/#breadcrumb","itemListElement":[{"@type":"ListItem","position":1,"name":"Home","item":"https:\/\/mekulo.com\/dk\/"},{"@type":"ListItem","position":2,"name":"Butik","item":"https:\/\/mekulo.com\/dk\/butik\/"},{"@type":"ListItem","position":3,"name":"Forbedret d\u00f8rforst\u00e6rkningsl\u00e5s"}]},{"@type":"WebSite","@id":"https:\/\/mekulo.com\/dk\/#website","url":"https:\/\/mekulo.com\/dk\/","name":"Mekulo DK","description":"","publisher":{"@id":"https:\/\/mekulo.com\/dk\/#organization"},"potentialAction":[{"@type":"SearchAction","target":{"@type":"EntryPoint","urlTemplate":"https:\/\/mekulo.com\/dk\/?s={search_term_string}"},"query-input":{"@type":"PropertyValueSpecification","valueRequired":true,"valueName":"search_term_string"}}],"inLanguage":"da-DK"},{"@type":"Organization","@id":"https:\/\/mekulo.com\/dk\/#organization","name":"Mekulo","url":"https:\/\/mekulo.com\/dk\/","logo":{"@type":"ImageObject","inLanguage":"da-DK","@id":"https:\/\/mekulo.com\/dk\/#\/schema\/logo\/image\/","url":"https:\/\/mekulo.com\/dk\/wp-content\/uploads\/sites\/12\/2025\/12\/favicon_mekulo.png","contentUrl":"https:\/\/mekulo.com\/dk\/wp-content\/uploads\/sites\/12\/2025\/12\/favicon_mekulo.png","width":50,"height":50,"caption":"Mekulo"},"image":{"@id":"https:\/\/mekulo.com\/dk\/#\/schema\/logo\/image\/"}}]}},"_links":{"self":[{"href":"https:\/\/mekulo.com\/dk\/wp-json\/wp\/v2\/product\/20670","targetHints":{"allow":["GET"]}}],"collection":[{"href":"https:\/\/mekulo.com\/dk\/wp-json\/wp\/v2\/product"}],"about":[{"href":"https:\/\/mekulo.com\/dk\/wp-json\/wp\/v2\/types\/product"}],"replies":[{"embeddable":true,"href":"https:\/\/mekulo.com\/dk\/wp-json\/wp\/v2\/comments?post=20670"}],"wp:featuredmedia":[{"embeddable":true,"href":"https:\/\/mekulo.com\/dk\/wp-json\/wp\/v2\/media\/20666"}],"wp:attachment":[{"href":"https:\/\/mekulo.com\/dk\/wp-json\/wp\/v2\/media?parent=20670"}],"wp:term":[{"taxonomy":"product_brand","embeddable":true,"href":"https:\/\/mekulo.com\/dk\/wp-json\/wp\/v2\/product_brand?post=20670"},{"taxonomy":"product_cat","embeddable":true,"href":"https:\/\/mekulo.com\/dk\/wp-json\/wp\/v2\/product_cat?post=20670"},{"taxonomy":"product_tag","embeddable":true,"href":"https:\/\/mekulo.com\/dk\/wp-json\/wp\/v2\/product_tag?post=20670"}],"curies":[{"name":"wp","href":"https:\/\/api.w.org\/{rel}","templated":true}]}}