{"id":20557,"date":"2026-01-28T19:49:35","date_gmt":"2026-01-28T17:49:35","guid":{"rendered":"https:\/\/mekulo.com\/dk\/produkt\/langfinger-overraskelsesaeg\/"},"modified":"2026-02-10T11:12:30","modified_gmt":"2026-02-10T09:12:30","slug":"langfinger-overraskelsesaeg","status":"publish","type":"product","link":"https:\/\/mekulo.com\/dk\/produkt\/langfinger-overraskelsesaeg\/","title":{"rendered":"Langfinger-overraskelses\u00e6g"},"content":{"rendered":"<p style=\"text-align: center\" data-start=\"0\" data-end=\"70\"><strong data-start=\"0\" data-end=\"70\">Tilf\u00f8j et chokerende grin til enhver fest med et sjovt overraskelses\u00e6g. \ud83d\udc23<\/strong><\/p>\n<p data-start=\"0\" data-end=\"70\"><img fetchpriority=\"high\" decoding=\"async\" class=\"size-full wp-image-22411 aligncenter\" src=\"https:\/\/mekulo.com\/template\/wp-content\/uploads\/sites\/6\/2026\/01\/S93894e2d19504cc8a7cb1b297cc746734.webp\" alt=\"\" width=\"800\" height=\"800\" \/><\/p>\n<h2 style=\"text-align: center\" data-start=\"405\" data-end=\"422\"><strong>Hovedfordele \ud83e\udd5a<\/strong><\/h2>\n<p data-start=\"425\" data-end=\"486\">\ud83d\ude02 Sjovt prank-design &#8211; Uventet afsl\u00f8ring af langfingeren.<\/p>\n<p data-start=\"489\" data-end=\"550\">\ud83e\udd5a Unikt 3D-look &#8211; Kreativ og i\u00f8jnefaldende \u00e6ggeform.<\/p>\n<p data-start=\"553\" data-end=\"615\">\ud83c\udf89 Perfekt vittighedsgave &#8211; Fantastisk til fester og gag-\u00f8jeblikke.<\/p>\n<p data-start=\"618\" data-end=\"676\">\ud83c\udfe0 Alsidig indretning &#8211; Skrivebord, hylde eller ferieudstilling.<\/p>\n<p data-start=\"679\" data-end=\"734\">\ud83d\udcaa Holdbar plast &#8211; Let og langvarig.<\/p>\n<p data-start=\"737\" data-end=\"800\">\ud83c\udf81 Samtalestarter &#8211; Garanterede reaktioner og grin.<\/p>\n<p data-start=\"737\" data-end=\"800\"><img decoding=\"async\" class=\"size-full wp-image-22416 aligncenter\" src=\"https:\/\/mekulo.com\/template\/wp-content\/uploads\/sites\/6\/2026\/01\/4d2c25684d66274b81e8edca392ff648ba606797.jpg\" alt=\"\" width=\"1080\" height=\"442\" \/><\/p>\n<h2 style=\"text-align: center\" data-start=\"802\" data-end=\"816\"><strong>Brug \ud83d\udccc<\/strong><\/h2>\n<ol data-start=\"817\" data-end=\"1008\">\n<li data-start=\"817\" data-end=\"874\">\n<p data-start=\"820\" data-end=\"874\">S\u00e6t \u00e6gget som dekoration eller i en gavekurv.<\/p>\n<\/li>\n<li data-start=\"875\" data-end=\"916\">\n<p data-start=\"878\" data-end=\"916\">Lad nogen \u00e5bne eller inspicere \u00e6gget.<\/p>\n<\/li>\n<li data-start=\"917\" data-end=\"954\">\n<p data-start=\"920\" data-end=\"954\">Nyd overraskelsen og grinet.<\/p>\n<\/li>\n<li data-start=\"955\" data-end=\"1008\">\n<p data-start=\"958\" data-end=\"1008\">Genbrug det til fremtidige drengestreger eller vis det som dekoration.<\/p>\n<\/li>\n<\/ol>\n<h2 style=\"text-align: center\" data-start=\"1010\" data-end=\"1029\"><strong>Produktdetaljer \ud83d\udccf<\/strong><\/h2>\n<ul data-start=\"1030\" data-end=\"1239\">\n<li data-start=\"1030\" data-end=\"1072\">\n<p data-start=\"1032\" data-end=\"1072\">Materiale: Holdbar plast af h\u00f8j kvalitet<\/p>\n<\/li>\n<li data-start=\"1114\" data-end=\"1137\">\n<p data-start=\"1116\" data-end=\"1137\">V\u00e6gt: Letv\u00e6gts<\/p>\n<\/li>\n<li data-start=\"1138\" data-end=\"1164\">\n<p data-start=\"1140\" data-end=\"1164\">Finish: Glat overflade<\/p>\n<\/li>\n<li data-start=\"1165\" data-end=\"1192\">\n<p data-start=\"1167\" data-end=\"1192\">Stil: Nyhedsfigur<\/p>\n<\/li>\n<li data-start=\"1193\" data-end=\"1239\">\n<p data-start=\"1195\" data-end=\"1239\">Velegnet til: Voksne med humoristisk sans<\/p>\n<\/li>\n<li data-start=\"1193\" data-end=\"1239\">St\u00f8rrelse: 7,8 x 5,6 cm<\/li>\n<\/ul>\n<h2 style=\"text-align: center\" data-start=\"1241\" data-end=\"1261\"><strong>Pakken Indeholder \ud83d\udce6<\/strong><\/h2>\n<ul data-start=\"1262\" data-end=\"1294\" data-is-last-node=\"\" data-is-only-node=\"\">\n<li data-start=\"1262\" data-end=\"1294\" data-is-last-node=\"\">\n<p data-start=\"1264\" data-end=\"1294\" data-is-last-node=\"\">1, 2x langfinger-overraskelses\u00e6g\/er.<\/p>\n<\/li>\n<\/ul>\n","protected":false},"excerpt":{"rendered":"<p>\ud83e\udd5aDette langfinger-overraskelses\u00e6g ser f\u00f8rst uskyldigt ud og leverer s\u00e5 en fed og sjov overraskelse, n\u00e5r det \u00e5bnes.<br \/>\n\ud83d\ude02Det er let, holdbart og designet til at v\u00e6re en perfekt sp\u00f8g og sk\u00e6mt-gave til voksne med humoristisk sans.<br \/>\n\ud83c\udf89Ideal til at bryde isen, f\u00e5 grin og skabe uforglemmelige reaktioner til fester eller h\u00f8jtider.<\/p>\n","protected":false},"featured_media":20553,"comment_status":"open","ping_status":"closed","template":"","meta":{"site-sidebar-layout":"default","site-content-layout":"","ast-site-content-layout":"default","site-content-style":"default","site-sidebar-style":"default","ast-global-header-display":"","ast-banner-title-visibility":"","ast-main-header-display":"","ast-hfb-above-header-display":"","ast-hfb-below-header-display":"","ast-hfb-mobile-header-display":"","site-post-title":"","ast-breadcrumbs-content":"","ast-featured-img":"","footer-sml-layout":"","theme-transparent-header-meta":"default","adv-header-id-meta":"","stick-header-meta":"","header-above-stick-meta":"","header-main-stick-meta":"","header-below-stick-meta":"","astra-migrate-meta-layouts":"set","ast-page-background-enabled":"default","ast-page-background-meta":{"desktop":{"background-color":"var(--ast-global-color-5)","background-image":"","background-repeat":"repeat","background-position":"center center","background-size":"auto","background-attachment":"scroll","background-type":"","background-media":"","overlay-type":"","overlay-color":"","overlay-opacity":"","overlay-gradient":""},"tablet":{"background-color":"","background-image":"","background-repeat":"repeat","background-position":"center center","background-size":"auto","background-attachment":"scroll","background-type":"","background-media":"","overlay-type":"","overlay-color":"","overlay-opacity":"","overlay-gradient":""},"mobile":{"background-color":"","background-image":"","background-repeat":"repeat","background-position":"center center","background-size":"auto","background-attachment":"scroll","background-type":"","background-media":"","overlay-type":"","overlay-color":"","overlay-opacity":"","overlay-gradient":""}},"ast-content-background-meta":{"desktop":{"background-color":"var(--ast-global-color-4)","background-image":"","background-repeat":"repeat","background-position":"center center","background-size":"auto","background-attachment":"scroll","background-type":"","background-media":"","overlay-type":"","overlay-color":"","overlay-opacity":"","overlay-gradient":""},"tablet":{"background-color":"var(--ast-global-color-4)","background-image":"","background-repeat":"repeat","background-position":"center center","background-size":"auto","background-attachment":"scroll","background-type":"","background-media":"","overlay-type":"","overlay-color":"","overlay-opacity":"","overlay-gradient":""},"mobile":{"background-color":"var(--ast-global-color-4)","background-image":"","background-repeat":"repeat","background-position":"center center","background-size":"auto","background-attachment":"scroll","background-type":"","background-media":"","overlay-type":"","overlay-color":"","overlay-opacity":"","overlay-gradient":""}}},"product_brand":[],"product_cat":[172],"product_tag":[],"class_list":{"0":"post-20557","1":"product","2":"type-product","3":"status-publish","4":"has-post-thumbnail","6":"product_cat-legetoej-boerne-og-babyprodukter","7":"pa_52856_ijlfss8w-1-stk","8":"pa_52856_ijlfss8w-2-stk","9":"pa_52856_w6hx7yb8-blaa-groen","10":"pa_52856_w6hx7yb8-blaa-roed","11":"pa_52856_w6hx7yb8-flerfarvet","12":"pa_52856_w6hx7yb8-guld","13":"pa_52856_w6hx7yb8-roed-guld","14":"desktop-align-left","15":"tablet-align-left","16":"mobile-align-left","18":"first","19":"instock","20":"shipping-taxable","21":"purchasable","22":"product-type-variable","23":"has-default-attributes"},"yoast_head":"<!-- This site is optimized with the Yoast SEO plugin v26.6 - https:\/\/yoast.com\/wordpress\/plugins\/seo\/ -->\n<title>Langfinger-overraskelses\u00e6g - Mekulo DK<\/title>\n<meta name=\"robots\" content=\"index, follow, max-snippet:-1, max-image-preview:large, max-video-preview:-1\" \/>\n<link rel=\"canonical\" href=\"https:\/\/mekulo.com\/dk\/produkt\/langfinger-overraskelsesaeg\/\" \/>\n<meta property=\"og:locale\" content=\"da_DK\" \/>\n<meta property=\"og:type\" content=\"article\" \/>\n<meta property=\"og:title\" content=\"Langfinger-overraskelses\u00e6g - Mekulo DK\" \/>\n<meta property=\"og:description\" content=\"\ud83e\udd5aDette langfinger-overraskelses\u00e6g ser f\u00f8rst uskyldigt ud og leverer s\u00e5 en fed og sjov overraskelse, n\u00e5r det \u00e5bnes. \ud83d\ude02Det er let, holdbart og designet til at v\u00e6re en perfekt sp\u00f8g og sk\u00e6mt-gave til voksne med humoristisk sans. \ud83c\udf89Ideal til at bryde isen, f\u00e5 grin og skabe uforglemmelige reaktioner til fester eller h\u00f8jtider.\" \/>\n<meta property=\"og:url\" content=\"https:\/\/mekulo.com\/dk\/produkt\/langfinger-overraskelsesaeg\/\" \/>\n<meta property=\"og:site_name\" content=\"Mekulo DK\" \/>\n<meta property=\"article:modified_time\" content=\"2026-02-10T09:12:30+00:00\" \/>\n<meta property=\"og:image\" content=\"https:\/\/mekulo.com\/dk\/wp-content\/uploads\/sites\/12\/2026\/01\/3azpu0h-1.webp\" \/>\n\t<meta property=\"og:image:width\" content=\"800\" \/>\n\t<meta property=\"og:image:height\" content=\"800\" \/>\n\t<meta property=\"og:image:type\" content=\"image\/webp\" \/>\n<meta name=\"twitter:card\" content=\"summary_large_image\" \/>\n<meta name=\"twitter:label1\" content=\"Estimeret l\u00e6setid\" \/>\n\t<meta name=\"twitter:data1\" content=\"2 minutter\" \/>\n<script type=\"application\/ld+json\" class=\"yoast-schema-graph\">{\"@context\":\"https:\/\/schema.org\",\"@graph\":[{\"@type\":\"WebPage\",\"@id\":\"https:\/\/mekulo.com\/dk\/produkt\/langfinger-overraskelsesaeg\/\",\"url\":\"https:\/\/mekulo.com\/dk\/produkt\/langfinger-overraskelsesaeg\/\",\"name\":\"Langfinger-overraskelses\u00e6g - Mekulo DK\",\"isPartOf\":{\"@id\":\"https:\/\/mekulo.com\/dk\/#website\"},\"primaryImageOfPage\":{\"@id\":\"https:\/\/mekulo.com\/dk\/produkt\/langfinger-overraskelsesaeg\/#primaryimage\"},\"image\":{\"@id\":\"https:\/\/mekulo.com\/dk\/produkt\/langfinger-overraskelsesaeg\/#primaryimage\"},\"thumbnailUrl\":\"https:\/\/mekulo.com\/dk\/wp-content\/uploads\/sites\/12\/2026\/01\/3azpu0h-1.webp\",\"datePublished\":\"2026-01-28T17:49:35+00:00\",\"dateModified\":\"2026-02-10T09:12:30+00:00\",\"breadcrumb\":{\"@id\":\"https:\/\/mekulo.com\/dk\/produkt\/langfinger-overraskelsesaeg\/#breadcrumb\"},\"inLanguage\":\"da-DK\",\"potentialAction\":[{\"@type\":\"ReadAction\",\"target\":[\"https:\/\/mekulo.com\/dk\/produkt\/langfinger-overraskelsesaeg\/\"]}]},{\"@type\":\"ImageObject\",\"inLanguage\":\"da-DK\",\"@id\":\"https:\/\/mekulo.com\/dk\/produkt\/langfinger-overraskelsesaeg\/#primaryimage\",\"url\":\"https:\/\/mekulo.com\/dk\/wp-content\/uploads\/sites\/12\/2026\/01\/3azpu0h-1.webp\",\"contentUrl\":\"https:\/\/mekulo.com\/dk\/wp-content\/uploads\/sites\/12\/2026\/01\/3azpu0h-1.webp\",\"width\":800,\"height\":800},{\"@type\":\"BreadcrumbList\",\"@id\":\"https:\/\/mekulo.com\/dk\/produkt\/langfinger-overraskelsesaeg\/#breadcrumb\",\"itemListElement\":[{\"@type\":\"ListItem\",\"position\":1,\"name\":\"Home\",\"item\":\"https:\/\/mekulo.com\/dk\/\"},{\"@type\":\"ListItem\",\"position\":2,\"name\":\"Butik\",\"item\":\"https:\/\/mekulo.com\/dk\/butik\/\"},{\"@type\":\"ListItem\",\"position\":3,\"name\":\"Langfinger-overraskelses\u00e6g\"}]},{\"@type\":\"WebSite\",\"@id\":\"https:\/\/mekulo.com\/dk\/#website\",\"url\":\"https:\/\/mekulo.com\/dk\/\",\"name\":\"Mekulo DK\",\"description\":\"\",\"publisher\":{\"@id\":\"https:\/\/mekulo.com\/dk\/#organization\"},\"potentialAction\":[{\"@type\":\"SearchAction\",\"target\":{\"@type\":\"EntryPoint\",\"urlTemplate\":\"https:\/\/mekulo.com\/dk\/?s={search_term_string}\"},\"query-input\":{\"@type\":\"PropertyValueSpecification\",\"valueRequired\":true,\"valueName\":\"search_term_string\"}}],\"inLanguage\":\"da-DK\"},{\"@type\":\"Organization\",\"@id\":\"https:\/\/mekulo.com\/dk\/#organization\",\"name\":\"Mekulo\",\"url\":\"https:\/\/mekulo.com\/dk\/\",\"logo\":{\"@type\":\"ImageObject\",\"inLanguage\":\"da-DK\",\"@id\":\"https:\/\/mekulo.com\/dk\/#\/schema\/logo\/image\/\",\"url\":\"https:\/\/mekulo.com\/dk\/wp-content\/uploads\/sites\/12\/2025\/12\/favicon_mekulo.png\",\"contentUrl\":\"https:\/\/mekulo.com\/dk\/wp-content\/uploads\/sites\/12\/2025\/12\/favicon_mekulo.png\",\"width\":50,\"height\":50,\"caption\":\"Mekulo\"},\"image\":{\"@id\":\"https:\/\/mekulo.com\/dk\/#\/schema\/logo\/image\/\"}}]}<\/script>\n<!-- \/ Yoast SEO plugin. -->","yoast_head_json":{"title":"Langfinger-overraskelses\u00e6g - Mekulo DK","robots":{"index":"index","follow":"follow","max-snippet":"max-snippet:-1","max-image-preview":"max-image-preview:large","max-video-preview":"max-video-preview:-1"},"canonical":"https:\/\/mekulo.com\/dk\/produkt\/langfinger-overraskelsesaeg\/","og_locale":"da_DK","og_type":"article","og_title":"Langfinger-overraskelses\u00e6g - Mekulo DK","og_description":"\ud83e\udd5aDette langfinger-overraskelses\u00e6g ser f\u00f8rst uskyldigt ud og leverer s\u00e5 en fed og sjov overraskelse, n\u00e5r det \u00e5bnes. \ud83d\ude02Det er let, holdbart og designet til at v\u00e6re en perfekt sp\u00f8g og sk\u00e6mt-gave til voksne med humoristisk sans. \ud83c\udf89Ideal til at bryde isen, f\u00e5 grin og skabe uforglemmelige reaktioner til fester eller h\u00f8jtider.","og_url":"https:\/\/mekulo.com\/dk\/produkt\/langfinger-overraskelsesaeg\/","og_site_name":"Mekulo DK","article_modified_time":"2026-02-10T09:12:30+00:00","og_image":[{"width":800,"height":800,"url":"https:\/\/mekulo.com\/dk\/wp-content\/uploads\/sites\/12\/2026\/01\/3azpu0h-1.webp","type":"image\/webp"}],"twitter_card":"summary_large_image","twitter_misc":{"Estimeret l\u00e6setid":"2 minutter"},"schema":{"@context":"https:\/\/schema.org","@graph":[{"@type":"WebPage","@id":"https:\/\/mekulo.com\/dk\/produkt\/langfinger-overraskelsesaeg\/","url":"https:\/\/mekulo.com\/dk\/produkt\/langfinger-overraskelsesaeg\/","name":"Langfinger-overraskelses\u00e6g - Mekulo DK","isPartOf":{"@id":"https:\/\/mekulo.com\/dk\/#website"},"primaryImageOfPage":{"@id":"https:\/\/mekulo.com\/dk\/produkt\/langfinger-overraskelsesaeg\/#primaryimage"},"image":{"@id":"https:\/\/mekulo.com\/dk\/produkt\/langfinger-overraskelsesaeg\/#primaryimage"},"thumbnailUrl":"https:\/\/mekulo.com\/dk\/wp-content\/uploads\/sites\/12\/2026\/01\/3azpu0h-1.webp","datePublished":"2026-01-28T17:49:35+00:00","dateModified":"2026-02-10T09:12:30+00:00","breadcrumb":{"@id":"https:\/\/mekulo.com\/dk\/produkt\/langfinger-overraskelsesaeg\/#breadcrumb"},"inLanguage":"da-DK","potentialAction":[{"@type":"ReadAction","target":["https:\/\/mekulo.com\/dk\/produkt\/langfinger-overraskelsesaeg\/"]}]},{"@type":"ImageObject","inLanguage":"da-DK","@id":"https:\/\/mekulo.com\/dk\/produkt\/langfinger-overraskelsesaeg\/#primaryimage","url":"https:\/\/mekulo.com\/dk\/wp-content\/uploads\/sites\/12\/2026\/01\/3azpu0h-1.webp","contentUrl":"https:\/\/mekulo.com\/dk\/wp-content\/uploads\/sites\/12\/2026\/01\/3azpu0h-1.webp","width":800,"height":800},{"@type":"BreadcrumbList","@id":"https:\/\/mekulo.com\/dk\/produkt\/langfinger-overraskelsesaeg\/#breadcrumb","itemListElement":[{"@type":"ListItem","position":1,"name":"Home","item":"https:\/\/mekulo.com\/dk\/"},{"@type":"ListItem","position":2,"name":"Butik","item":"https:\/\/mekulo.com\/dk\/butik\/"},{"@type":"ListItem","position":3,"name":"Langfinger-overraskelses\u00e6g"}]},{"@type":"WebSite","@id":"https:\/\/mekulo.com\/dk\/#website","url":"https:\/\/mekulo.com\/dk\/","name":"Mekulo DK","description":"","publisher":{"@id":"https:\/\/mekulo.com\/dk\/#organization"},"potentialAction":[{"@type":"SearchAction","target":{"@type":"EntryPoint","urlTemplate":"https:\/\/mekulo.com\/dk\/?s={search_term_string}"},"query-input":{"@type":"PropertyValueSpecification","valueRequired":true,"valueName":"search_term_string"}}],"inLanguage":"da-DK"},{"@type":"Organization","@id":"https:\/\/mekulo.com\/dk\/#organization","name":"Mekulo","url":"https:\/\/mekulo.com\/dk\/","logo":{"@type":"ImageObject","inLanguage":"da-DK","@id":"https:\/\/mekulo.com\/dk\/#\/schema\/logo\/image\/","url":"https:\/\/mekulo.com\/dk\/wp-content\/uploads\/sites\/12\/2025\/12\/favicon_mekulo.png","contentUrl":"https:\/\/mekulo.com\/dk\/wp-content\/uploads\/sites\/12\/2025\/12\/favicon_mekulo.png","width":50,"height":50,"caption":"Mekulo"},"image":{"@id":"https:\/\/mekulo.com\/dk\/#\/schema\/logo\/image\/"}}]}},"_links":{"self":[{"href":"https:\/\/mekulo.com\/dk\/wp-json\/wp\/v2\/product\/20557","targetHints":{"allow":["GET"]}}],"collection":[{"href":"https:\/\/mekulo.com\/dk\/wp-json\/wp\/v2\/product"}],"about":[{"href":"https:\/\/mekulo.com\/dk\/wp-json\/wp\/v2\/types\/product"}],"replies":[{"embeddable":true,"href":"https:\/\/mekulo.com\/dk\/wp-json\/wp\/v2\/comments?post=20557"}],"wp:featuredmedia":[{"embeddable":true,"href":"https:\/\/mekulo.com\/dk\/wp-json\/wp\/v2\/media\/20553"}],"wp:attachment":[{"href":"https:\/\/mekulo.com\/dk\/wp-json\/wp\/v2\/media?parent=20557"}],"wp:term":[{"taxonomy":"product_brand","embeddable":true,"href":"https:\/\/mekulo.com\/dk\/wp-json\/wp\/v2\/product_brand?post=20557"},{"taxonomy":"product_cat","embeddable":true,"href":"https:\/\/mekulo.com\/dk\/wp-json\/wp\/v2\/product_cat?post=20557"},{"taxonomy":"product_tag","embeddable":true,"href":"https:\/\/mekulo.com\/dk\/wp-json\/wp\/v2\/product_tag?post=20557"}],"curies":[{"name":"wp","href":"https:\/\/api.w.org\/{rel}","templated":true}]}}