{"id":20509,"date":"2026-01-28T19:42:57","date_gmt":"2026-01-28T17:42:57","guid":{"rendered":"https:\/\/mekulo.com\/dk\/produkt\/2-i-1-magnetisk-pickup-vaerktoej-med-led-lys\/"},"modified":"2026-01-28T19:43:04","modified_gmt":"2026-01-28T17:43:04","slug":"2-i-1-magnetisk-pickup-vaerktoej-med-led-lys","status":"publish","type":"product","link":"https:\/\/mekulo.com\/dk\/produkt\/2-i-1-magnetisk-pickup-vaerktoej-med-led-lys\/","title":{"rendered":"2-i-1 magnetisk pickup-v\u00e6rkt\u00f8j med LED-lys"},"content":{"rendered":"<div class=\"flex flex-col text-sm pb-25\">\n<article class=\"text-token-text-primary w-full focus:outline-none [--shadow-height:45px] has-data-writing-block:pointer-events-none has-data-writing-block:-mt-(--shadow-height) has-data-writing-block:pt-(--shadow-height) [&amp;:has([data-writing-block])&gt;*]:pointer-events-auto scroll-mt-[calc(var(--header-height)+min(200px,max(70px,20svh)))]\" dir=\"auto\" data-turn-id=\"dd77b76c-3113-4213-9192-dc72c97a415e\" data-testid=\"conversation-turn-22\" data-scroll-anchor=\"true\" data-turn=\"assistant\">\n<div class=\"text-base my-auto mx-auto pb-10 [--thread-content-margin:--spacing(4)] @w-sm\/main:[--thread-content-margin:--spacing(6)] @w-lg\/main:[--thread-content-margin:--spacing(16)] px-(--thread-content-margin)\">\n<div class=\"[--thread-content-max-width:40rem] @w-lg\/main:[--thread-content-max-width:48rem] mx-auto max-w-(--thread-content-max-width) flex-1 group\/turn-messages focus-visible:outline-hidden relative flex w-full min-w-0 flex-col agent-turn\">\n<div class=\"flex max-w-full flex-col grow\">\n<div class=\"min-h-8 text-message relative flex w-full flex-col items-end gap-2 text-start break-words whitespace-normal [.text-message+&amp;]:mt-1\" dir=\"auto\" data-message-author-role=\"assistant\" data-message-id=\"664dacce-0b63-4445-b816-25fa05f25174\" data-message-model-slug=\"gpt-5-2\">\n<div class=\"flex w-full flex-col gap-1 empty:hidden first:pt-[1px]\">\n<div class=\"markdown prose dark:prose-invert w-full wrap-break-word light markdown-new-styling\">\n<p style=\"text-align: center\" data-start=\"0\" data-end=\"67\"><strong data-start=\"0\" data-end=\"67\">Saml Let Tabte Metalgenstande Op, Selv I M\u00f8rke Og Trange Rum. \ud83c\udf11<\/strong><\/p>\n<p data-start=\"0\" data-end=\"67\"><img fetchpriority=\"high\" decoding=\"async\" class=\"size-full wp-image-22390 aligncenter\" src=\"https:\/\/mekulo.com\/template\/wp-content\/uploads\/sites\/6\/2026\/01\/S4b99d23816dd44f7a6ec3d37ead78218q.webp\" alt=\"\" width=\"1601\" height=\"1601\" \/><\/p>\n<h2 style=\"text-align: center\" data-start=\"419\" data-end=\"436\">Hovedfordele \ud83d\udd26<\/h2>\n<p data-start=\"439\" data-end=\"511\">\ud83e\uddf2 St\u00e6rkt magnetisk greb \u2013 Samler nemt skruer, bolte og s\u00f8m op.<\/p>\n<p data-start=\"514\" data-end=\"571\">\ud83d\udd26 Indbygget LED-lys \u2013 Se tydeligt i m\u00f8rke rum.<\/p>\n<p data-start=\"574\" data-end=\"624\">\ud83d\udccf Teleskopisk design \u2013 Str\u00e6kker sig op til 57,5 cm.<\/p>\n<p data-start=\"627\" data-end=\"678\">\ud83d\udd04 Fleksibel hals \u2013 Kan b\u00f8jes 360\u00b0 til trange omr\u00e5der.<\/p>\n<p data-start=\"681\" data-end=\"744\">\u270b H\u00e5ndfri brug \u2013 Magnetisk base kl\u00e6ber til metaloverflader.<\/p>\n<p data-start=\"747\" data-end=\"816\">\ud83e\uddf0 V\u00e6rkt\u00f8j til flere form\u00e5l \u2013 Ideelt til reparationer, g\u00f8r-det-selv og udend\u00f8rs brug.<\/p>\n<p data-start=\"747\" data-end=\"816\"><img decoding=\"async\" class=\"size-full wp-image-22391 aligncenter\" src=\"https:\/\/mekulo.com\/template\/wp-content\/uploads\/sites\/6\/2026\/01\/Sb2b791cbf6a44233b527bdc36dc7552f3.webp\" alt=\"\" width=\"1601\" height=\"1601\" \/><\/p>\n<h2 style=\"text-align: center\" data-start=\"818\" data-end=\"832\">S\u00e5dan Bruges \ud83d\udccc<\/h2>\n<ol data-start=\"833\" data-end=\"1081\">\n<li data-start=\"833\" data-end=\"876\">\n<p data-start=\"836\" data-end=\"876\">Forl\u00e6ng v\u00e6rkt\u00f8jet til den \u00f8nskede l\u00e6ngde.<\/p>\n<\/li>\n<li data-start=\"877\" data-end=\"926\">\n<p data-start=\"880\" data-end=\"926\">T\u00e6nd for LED-lyset for bedre synlighed.<\/p>\n<\/li>\n<li data-start=\"927\" data-end=\"977\">\n<p data-start=\"930\" data-end=\"977\">F\u00f8r den magnetiske spids mod metalgenstanden.<\/p>\n<\/li>\n<li data-start=\"978\" data-end=\"1027\">\n<p data-start=\"981\" data-end=\"1027\">Saml genstanden sikkert op med magneten.<\/p>\n<\/li>\n<li data-start=\"1028\" data-end=\"1081\">\n<p data-start=\"1031\" data-end=\"1081\">Tr\u00e6k v\u00e6rkt\u00f8jet ind, og sluk for lyset efter brug.<\/p>\n<\/li>\n<\/ol>\n<h2 style=\"text-align: center\" data-start=\"1083\" data-end=\"1102\">Produktdetaljer \ud83d\udccf<\/h2>\n<ul data-start=\"1103\" data-end=\"1337\">\n<li data-start=\"1103\" data-end=\"1131\">\n<p data-start=\"1105\" data-end=\"1131\">Materiale: Aluminiumslegering<\/p>\n<\/li>\n<li data-start=\"1132\" data-end=\"1184\">\n<p data-start=\"1134\" data-end=\"1184\">L\u00e6ngde: 17,5 cm (sammentrukket), 57,5 cm (udstrakt)<\/p>\n<\/li>\n<li data-start=\"1185\" data-end=\"1210\">\n<p data-start=\"1187\" data-end=\"1210\">V\u00e6gt: Ca. 100 g<\/p>\n<\/li>\n<li data-start=\"1211\" data-end=\"1244\">\n<p data-start=\"1213\" data-end=\"1244\">Belysning: 3 klare LED-lys<\/p>\n<\/li>\n<li data-start=\"1245\" data-end=\"1299\">\n<p data-start=\"1247\" data-end=\"1299\">Str\u00f8mforsyning: 4x LR44-knapbatterier (medf\u00f8lger)<\/p>\n<\/li>\n<li data-start=\"1300\" data-end=\"1337\">\n<p data-start=\"1302\" data-end=\"1337\">Fleksibilitet: 360\u00b0 justerbar hals<\/p>\n<\/li>\n<\/ul>\n<h2 style=\"text-align: center\" data-start=\"1339\" data-end=\"1359\">Pakken Indeholder \ud83d\udce6<\/h2>\n<ul data-start=\"1360\" data-end=\"1461\" data-is-last-node=\"\" data-is-only-node=\"\">\n<li data-start=\"1360\" data-end=\"1410\">\n<p data-start=\"1362\" data-end=\"1410\">1, 2x 2-i-1 magnetisk pickup-v\u00e6rkt\u00f8j med LED-lys<\/p>\n<\/li>\n<li data-start=\"1411\" data-end=\"1438\">\n<p data-start=\"1413\" data-end=\"1438\">4, 8x LR44-knapbatterier.<\/p>\n<\/li>\n<\/ul>\n<\/div>\n<\/div>\n<\/div>\n<\/div>\n<\/div>\n<\/div>\n<\/article>\n<\/div>\n","protected":false},"excerpt":{"rendered":"<p>\ud83d\udd26Dette 2-i-1 magnetiske opsamlingsv\u00e6rkt\u00f8j med LED-lys hj\u00e6lper dig med at finde skruer, bolte og sm\u00e5 metaldele uden at b\u00f8je dig eller k\u00e6mpe.<br \/>\n\ud83d\udccfDet teleskopiske og fleksible design n\u00e5r sv\u00e6rt tilg\u00e6ngelige omr\u00e5der, mens de klare LED-lys forbedrer synligheden.<br \/>\n\ud83e\uddf0Et praktisk hverdagsv\u00e6rkt\u00f8j, der sparer tid, kr\u00e6fter og frustrationer derhjemme, p\u00e5 arbejdet eller udend\u00f8rs.<\/p>\n","protected":false},"featured_media":20505,"comment_status":"open","ping_status":"closed","template":"","meta":{"site-sidebar-layout":"default","site-content-layout":"","ast-site-content-layout":"default","site-content-style":"default","site-sidebar-style":"default","ast-global-header-display":"","ast-banner-title-visibility":"","ast-main-header-display":"","ast-hfb-above-header-display":"","ast-hfb-below-header-display":"","ast-hfb-mobile-header-display":"","site-post-title":"","ast-breadcrumbs-content":"","ast-featured-img":"","footer-sml-layout":"","ast-disable-related-posts":"","theme-transparent-header-meta":"default","adv-header-id-meta":"","stick-header-meta":"","header-above-stick-meta":"","header-main-stick-meta":"","header-below-stick-meta":"","astra-migrate-meta-layouts":"set","ast-page-background-enabled":"default","ast-page-background-meta":{"desktop":{"background-color":"var(--ast-global-color-5)","background-image":"","background-repeat":"repeat","background-position":"center center","background-size":"auto","background-attachment":"scroll","background-type":"","background-media":"","overlay-type":"","overlay-color":"","overlay-opacity":"","overlay-gradient":""},"tablet":{"background-color":"","background-image":"","background-repeat":"repeat","background-position":"center center","background-size":"auto","background-attachment":"scroll","background-type":"","background-media":"","overlay-type":"","overlay-color":"","overlay-opacity":"","overlay-gradient":""},"mobile":{"background-color":"","background-image":"","background-repeat":"repeat","background-position":"center center","background-size":"auto","background-attachment":"scroll","background-type":"","background-media":"","overlay-type":"","overlay-color":"","overlay-opacity":"","overlay-gradient":""}},"ast-content-background-meta":{"desktop":{"background-color":"var(--ast-global-color-4)","background-image":"","background-repeat":"repeat","background-position":"center center","background-size":"auto","background-attachment":"scroll","background-type":"","background-media":"","overlay-type":"","overlay-color":"","overlay-opacity":"","overlay-gradient":""},"tablet":{"background-color":"var(--ast-global-color-4)","background-image":"","background-repeat":"repeat","background-position":"center center","background-size":"auto","background-attachment":"scroll","background-type":"","background-media":"","overlay-type":"","overlay-color":"","overlay-opacity":"","overlay-gradient":""},"mobile":{"background-color":"var(--ast-global-color-4)","background-image":"","background-repeat":"repeat","background-position":"center center","background-size":"auto","background-attachment":"scroll","background-type":"","background-media":"","overlay-type":"","overlay-color":"","overlay-opacity":"","overlay-gradient":""}}},"product_brand":[],"product_cat":[171],"product_tag":[],"class_list":{"0":"post-20509","1":"product","2":"type-product","3":"status-publish","4":"has-post-thumbnail","6":"product_cat-vaerktoejer","7":"pa_52671_ity7tp4s-1-stk","8":"pa_52671_ity7tp4s-2-stk","9":"desktop-align-left","10":"tablet-align-left","11":"mobile-align-left","13":"first","14":"instock","15":"shipping-taxable","16":"purchasable","17":"product-type-variable"},"yoast_head":"<!-- This site is optimized with the Yoast SEO plugin v27.4 - https:\/\/yoast.com\/product\/yoast-seo-wordpress\/ -->\n<title>2-i-1 magnetisk pickup-v\u00e6rkt\u00f8j med LED-lys - Mekulo DK<\/title>\n<meta name=\"robots\" content=\"index, follow, max-snippet:-1, max-image-preview:large, max-video-preview:-1\" \/>\n<link rel=\"canonical\" href=\"https:\/\/mekulo.com\/dk\/produkt\/2-i-1-magnetisk-pickup-vaerktoej-med-led-lys\/\" \/>\n<meta property=\"og:locale\" content=\"da_DK\" \/>\n<meta property=\"og:type\" content=\"article\" \/>\n<meta property=\"og:title\" content=\"2-i-1 magnetisk pickup-v\u00e6rkt\u00f8j med LED-lys - Mekulo DK\" \/>\n<meta property=\"og:description\" content=\"\ud83d\udd26Dette 2-i-1 magnetiske opsamlingsv\u00e6rkt\u00f8j med LED-lys hj\u00e6lper dig med at finde skruer, bolte og sm\u00e5 metaldele uden at b\u00f8je dig eller k\u00e6mpe. \ud83d\udccfDet teleskopiske og fleksible design n\u00e5r sv\u00e6rt tilg\u00e6ngelige omr\u00e5der, mens de klare LED-lys forbedrer synligheden. \ud83e\uddf0Et praktisk hverdagsv\u00e6rkt\u00f8j, der sparer tid, kr\u00e6fter og frustrationer derhjemme, p\u00e5 arbejdet eller udend\u00f8rs.\" \/>\n<meta property=\"og:url\" content=\"https:\/\/mekulo.com\/dk\/produkt\/2-i-1-magnetisk-pickup-vaerktoej-med-led-lys\/\" \/>\n<meta property=\"og:site_name\" content=\"Mekulo DK\" \/>\n<meta property=\"article:modified_time\" content=\"2026-01-28T17:43:04+00:00\" \/>\n<meta property=\"og:image\" content=\"https:\/\/mekulo.com\/dk\/wp-content\/uploads\/sites\/12\/2026\/01\/67go50m-1.jpg\" \/>\n\t<meta property=\"og:image:width\" content=\"1080\" \/>\n\t<meta property=\"og:image:height\" content=\"1080\" \/>\n\t<meta property=\"og:image:type\" content=\"image\/jpeg\" \/>\n<meta name=\"twitter:card\" content=\"summary_large_image\" \/>\n<meta name=\"twitter:label1\" content=\"Estimeret l\u00e6setid\" \/>\n\t<meta name=\"twitter:data1\" content=\"2 minutter\" \/>\n<script type=\"application\/ld+json\" class=\"yoast-schema-graph\">{\"@context\":\"https:\\\/\\\/schema.org\",\"@graph\":[{\"@type\":\"WebPage\",\"@id\":\"https:\\\/\\\/mekulo.com\\\/dk\\\/produkt\\\/2-i-1-magnetisk-pickup-vaerktoej-med-led-lys\\\/\",\"url\":\"https:\\\/\\\/mekulo.com\\\/dk\\\/produkt\\\/2-i-1-magnetisk-pickup-vaerktoej-med-led-lys\\\/\",\"name\":\"2-i-1 magnetisk pickup-v\u00e6rkt\u00f8j med LED-lys - Mekulo DK\",\"isPartOf\":{\"@id\":\"https:\\\/\\\/mekulo.com\\\/dk\\\/#website\"},\"primaryImageOfPage\":{\"@id\":\"https:\\\/\\\/mekulo.com\\\/dk\\\/produkt\\\/2-i-1-magnetisk-pickup-vaerktoej-med-led-lys\\\/#primaryimage\"},\"image\":{\"@id\":\"https:\\\/\\\/mekulo.com\\\/dk\\\/produkt\\\/2-i-1-magnetisk-pickup-vaerktoej-med-led-lys\\\/#primaryimage\"},\"thumbnailUrl\":\"https:\\\/\\\/mekulo.com\\\/dk\\\/wp-content\\\/uploads\\\/sites\\\/12\\\/2026\\\/01\\\/67go50m-1.jpg\",\"datePublished\":\"2026-01-28T17:42:57+00:00\",\"dateModified\":\"2026-01-28T17:43:04+00:00\",\"breadcrumb\":{\"@id\":\"https:\\\/\\\/mekulo.com\\\/dk\\\/produkt\\\/2-i-1-magnetisk-pickup-vaerktoej-med-led-lys\\\/#breadcrumb\"},\"inLanguage\":\"da-DK\",\"potentialAction\":[{\"@type\":\"ReadAction\",\"target\":[\"https:\\\/\\\/mekulo.com\\\/dk\\\/produkt\\\/2-i-1-magnetisk-pickup-vaerktoej-med-led-lys\\\/\"]}]},{\"@type\":\"ImageObject\",\"inLanguage\":\"da-DK\",\"@id\":\"https:\\\/\\\/mekulo.com\\\/dk\\\/produkt\\\/2-i-1-magnetisk-pickup-vaerktoej-med-led-lys\\\/#primaryimage\",\"url\":\"https:\\\/\\\/mekulo.com\\\/dk\\\/wp-content\\\/uploads\\\/sites\\\/12\\\/2026\\\/01\\\/67go50m-1.jpg\",\"contentUrl\":\"https:\\\/\\\/mekulo.com\\\/dk\\\/wp-content\\\/uploads\\\/sites\\\/12\\\/2026\\\/01\\\/67go50m-1.jpg\",\"width\":1080,\"height\":1080},{\"@type\":\"BreadcrumbList\",\"@id\":\"https:\\\/\\\/mekulo.com\\\/dk\\\/produkt\\\/2-i-1-magnetisk-pickup-vaerktoej-med-led-lys\\\/#breadcrumb\",\"itemListElement\":[{\"@type\":\"ListItem\",\"position\":1,\"name\":\"Home\",\"item\":\"https:\\\/\\\/mekulo.com\\\/dk\\\/\"},{\"@type\":\"ListItem\",\"position\":2,\"name\":\"Butik\",\"item\":\"https:\\\/\\\/mekulo.com\\\/dk\\\/butik\\\/\"},{\"@type\":\"ListItem\",\"position\":3,\"name\":\"2-i-1 magnetisk pickup-v\u00e6rkt\u00f8j med LED-lys\"}]},{\"@type\":\"WebSite\",\"@id\":\"https:\\\/\\\/mekulo.com\\\/dk\\\/#website\",\"url\":\"https:\\\/\\\/mekulo.com\\\/dk\\\/\",\"name\":\"Mekulo DK\",\"description\":\"\",\"publisher\":{\"@id\":\"https:\\\/\\\/mekulo.com\\\/dk\\\/#organization\"},\"potentialAction\":[{\"@type\":\"SearchAction\",\"target\":{\"@type\":\"EntryPoint\",\"urlTemplate\":\"https:\\\/\\\/mekulo.com\\\/dk\\\/?s={search_term_string}\"},\"query-input\":{\"@type\":\"PropertyValueSpecification\",\"valueRequired\":true,\"valueName\":\"search_term_string\"}}],\"inLanguage\":\"da-DK\"},{\"@type\":\"Organization\",\"@id\":\"https:\\\/\\\/mekulo.com\\\/dk\\\/#organization\",\"name\":\"Mekulo\",\"url\":\"https:\\\/\\\/mekulo.com\\\/dk\\\/\",\"logo\":{\"@type\":\"ImageObject\",\"inLanguage\":\"da-DK\",\"@id\":\"https:\\\/\\\/mekulo.com\\\/dk\\\/#\\\/schema\\\/logo\\\/image\\\/\",\"url\":\"https:\\\/\\\/mekulo.com\\\/dk\\\/wp-content\\\/uploads\\\/sites\\\/12\\\/2025\\\/12\\\/favicon_mekulo.png\",\"contentUrl\":\"https:\\\/\\\/mekulo.com\\\/dk\\\/wp-content\\\/uploads\\\/sites\\\/12\\\/2025\\\/12\\\/favicon_mekulo.png\",\"width\":50,\"height\":50,\"caption\":\"Mekulo\"},\"image\":{\"@id\":\"https:\\\/\\\/mekulo.com\\\/dk\\\/#\\\/schema\\\/logo\\\/image\\\/\"}}]}<\/script>\n<!-- \/ Yoast SEO plugin. -->","yoast_head_json":{"title":"2-i-1 magnetisk pickup-v\u00e6rkt\u00f8j med LED-lys - Mekulo DK","robots":{"index":"index","follow":"follow","max-snippet":"max-snippet:-1","max-image-preview":"max-image-preview:large","max-video-preview":"max-video-preview:-1"},"canonical":"https:\/\/mekulo.com\/dk\/produkt\/2-i-1-magnetisk-pickup-vaerktoej-med-led-lys\/","og_locale":"da_DK","og_type":"article","og_title":"2-i-1 magnetisk pickup-v\u00e6rkt\u00f8j med LED-lys - Mekulo DK","og_description":"\ud83d\udd26Dette 2-i-1 magnetiske opsamlingsv\u00e6rkt\u00f8j med LED-lys hj\u00e6lper dig med at finde skruer, bolte og sm\u00e5 metaldele uden at b\u00f8je dig eller k\u00e6mpe. \ud83d\udccfDet teleskopiske og fleksible design n\u00e5r sv\u00e6rt tilg\u00e6ngelige omr\u00e5der, mens de klare LED-lys forbedrer synligheden. \ud83e\uddf0Et praktisk hverdagsv\u00e6rkt\u00f8j, der sparer tid, kr\u00e6fter og frustrationer derhjemme, p\u00e5 arbejdet eller udend\u00f8rs.","og_url":"https:\/\/mekulo.com\/dk\/produkt\/2-i-1-magnetisk-pickup-vaerktoej-med-led-lys\/","og_site_name":"Mekulo DK","article_modified_time":"2026-01-28T17:43:04+00:00","og_image":[{"width":1080,"height":1080,"url":"https:\/\/mekulo.com\/dk\/wp-content\/uploads\/sites\/12\/2026\/01\/67go50m-1.jpg","type":"image\/jpeg"}],"twitter_card":"summary_large_image","twitter_misc":{"Estimeret l\u00e6setid":"2 minutter"},"schema":{"@context":"https:\/\/schema.org","@graph":[{"@type":"WebPage","@id":"https:\/\/mekulo.com\/dk\/produkt\/2-i-1-magnetisk-pickup-vaerktoej-med-led-lys\/","url":"https:\/\/mekulo.com\/dk\/produkt\/2-i-1-magnetisk-pickup-vaerktoej-med-led-lys\/","name":"2-i-1 magnetisk pickup-v\u00e6rkt\u00f8j med LED-lys - Mekulo DK","isPartOf":{"@id":"https:\/\/mekulo.com\/dk\/#website"},"primaryImageOfPage":{"@id":"https:\/\/mekulo.com\/dk\/produkt\/2-i-1-magnetisk-pickup-vaerktoej-med-led-lys\/#primaryimage"},"image":{"@id":"https:\/\/mekulo.com\/dk\/produkt\/2-i-1-magnetisk-pickup-vaerktoej-med-led-lys\/#primaryimage"},"thumbnailUrl":"https:\/\/mekulo.com\/dk\/wp-content\/uploads\/sites\/12\/2026\/01\/67go50m-1.jpg","datePublished":"2026-01-28T17:42:57+00:00","dateModified":"2026-01-28T17:43:04+00:00","breadcrumb":{"@id":"https:\/\/mekulo.com\/dk\/produkt\/2-i-1-magnetisk-pickup-vaerktoej-med-led-lys\/#breadcrumb"},"inLanguage":"da-DK","potentialAction":[{"@type":"ReadAction","target":["https:\/\/mekulo.com\/dk\/produkt\/2-i-1-magnetisk-pickup-vaerktoej-med-led-lys\/"]}]},{"@type":"ImageObject","inLanguage":"da-DK","@id":"https:\/\/mekulo.com\/dk\/produkt\/2-i-1-magnetisk-pickup-vaerktoej-med-led-lys\/#primaryimage","url":"https:\/\/mekulo.com\/dk\/wp-content\/uploads\/sites\/12\/2026\/01\/67go50m-1.jpg","contentUrl":"https:\/\/mekulo.com\/dk\/wp-content\/uploads\/sites\/12\/2026\/01\/67go50m-1.jpg","width":1080,"height":1080},{"@type":"BreadcrumbList","@id":"https:\/\/mekulo.com\/dk\/produkt\/2-i-1-magnetisk-pickup-vaerktoej-med-led-lys\/#breadcrumb","itemListElement":[{"@type":"ListItem","position":1,"name":"Home","item":"https:\/\/mekulo.com\/dk\/"},{"@type":"ListItem","position":2,"name":"Butik","item":"https:\/\/mekulo.com\/dk\/butik\/"},{"@type":"ListItem","position":3,"name":"2-i-1 magnetisk pickup-v\u00e6rkt\u00f8j med LED-lys"}]},{"@type":"WebSite","@id":"https:\/\/mekulo.com\/dk\/#website","url":"https:\/\/mekulo.com\/dk\/","name":"Mekulo DK","description":"","publisher":{"@id":"https:\/\/mekulo.com\/dk\/#organization"},"potentialAction":[{"@type":"SearchAction","target":{"@type":"EntryPoint","urlTemplate":"https:\/\/mekulo.com\/dk\/?s={search_term_string}"},"query-input":{"@type":"PropertyValueSpecification","valueRequired":true,"valueName":"search_term_string"}}],"inLanguage":"da-DK"},{"@type":"Organization","@id":"https:\/\/mekulo.com\/dk\/#organization","name":"Mekulo","url":"https:\/\/mekulo.com\/dk\/","logo":{"@type":"ImageObject","inLanguage":"da-DK","@id":"https:\/\/mekulo.com\/dk\/#\/schema\/logo\/image\/","url":"https:\/\/mekulo.com\/dk\/wp-content\/uploads\/sites\/12\/2025\/12\/favicon_mekulo.png","contentUrl":"https:\/\/mekulo.com\/dk\/wp-content\/uploads\/sites\/12\/2025\/12\/favicon_mekulo.png","width":50,"height":50,"caption":"Mekulo"},"image":{"@id":"https:\/\/mekulo.com\/dk\/#\/schema\/logo\/image\/"}}]}},"_links":{"self":[{"href":"https:\/\/mekulo.com\/dk\/wp-json\/wp\/v2\/product\/20509","targetHints":{"allow":["GET"]}}],"collection":[{"href":"https:\/\/mekulo.com\/dk\/wp-json\/wp\/v2\/product"}],"about":[{"href":"https:\/\/mekulo.com\/dk\/wp-json\/wp\/v2\/types\/product"}],"replies":[{"embeddable":true,"href":"https:\/\/mekulo.com\/dk\/wp-json\/wp\/v2\/comments?post=20509"}],"wp:featuredmedia":[{"embeddable":true,"href":"https:\/\/mekulo.com\/dk\/wp-json\/wp\/v2\/media\/20505"}],"wp:attachment":[{"href":"https:\/\/mekulo.com\/dk\/wp-json\/wp\/v2\/media?parent=20509"}],"wp:term":[{"taxonomy":"product_brand","embeddable":true,"href":"https:\/\/mekulo.com\/dk\/wp-json\/wp\/v2\/product_brand?post=20509"},{"taxonomy":"product_cat","embeddable":true,"href":"https:\/\/mekulo.com\/dk\/wp-json\/wp\/v2\/product_cat?post=20509"},{"taxonomy":"product_tag","embeddable":true,"href":"https:\/\/mekulo.com\/dk\/wp-json\/wp\/v2\/product_tag?post=20509"}],"curies":[{"name":"wp","href":"https:\/\/api.w.org\/{rel}","templated":true}]}}