{"id":20500,"date":"2026-01-28T19:41:26","date_gmt":"2026-01-28T17:41:26","guid":{"rendered":"https:\/\/mekulo.com\/dk\/produkt\/kobling-til-fedtsproejte\/"},"modified":"2026-02-10T11:12:48","modified_gmt":"2026-02-10T09:12:48","slug":"kobling-til-fedtsproejte","status":"publish","type":"product","link":"https:\/\/mekulo.com\/dk\/produkt\/kobling-til-fedtsproejte\/","title":{"rendered":"Kobling til fedtspr\u00f8jte"},"content":{"rendered":"<p style=\"text-align: center\" data-start=\"0\" data-end=\"72\"><strong data-start=\"0\" data-end=\"72\">L\u00e5s sikkert p\u00e5 sm\u00f8renipler, og sm\u00f8r uden l\u00e6kager eller rod. \ud83d\udca8<\/strong><\/p>\n<p data-start=\"74\" data-end=\"382\"><img fetchpriority=\"high\" decoding=\"async\" class=\"size-full wp-image-22378 aligncenter\" src=\"https:\/\/mekulo.com\/template\/wp-content\/uploads\/sites\/6\/2026\/01\/77fe2a188c104734663aacc7ef5427ab37cad129-900.jpg\" alt=\"\" width=\"1080\" height=\"1080\" \/><\/p>\n<h2 style=\"text-align: center\" data-start=\"384\" data-end=\"401\">Hovedfordele \ud83d\udd12<\/h2>\n<p data-start=\"404\" data-end=\"466\">\ud83d\udd12 St\u00e6rk l\u00e5seforsegling &#8211; Bliver siddende uden at glide.<\/p>\n<p data-start=\"469\" data-end=\"524\">\ud83d\udca7 L\u00e6kagefri ydeevne &#8211; Fungerer op til 12.000 PSI.<\/p>\n<p data-start=\"527\" data-end=\"586\">\u270b Enh\u00e5ndsbetjening &#8211; Skridsikkert h\u00e5ndtag til nem brug.<\/p>\n<p data-start=\"589\" data-end=\"651\">\ud83e\uddf0 Kraftig konstruktion &#8211; Tykt st\u00e5l og forst\u00e6rkede fjedre.<\/p>\n<p data-start=\"654\" data-end=\"704\">\ud83d\udcb8 Sparer fedt og penge &#8211; Intet spild eller rod.<\/p>\n<p data-start=\"707\" data-end=\"766\">\ud83d\udd27 Bred kompatibilitet &#8211; Passer til standard fedtpistolspidser.<\/p>\n<p data-start=\"707\" data-end=\"766\"><img decoding=\"async\" class=\"size-full wp-image-22377 aligncenter\" src=\"https:\/\/mekulo.com\/template\/wp-content\/uploads\/sites\/6\/2026\/01\/8839133fa986bf25caf51d584c4700480421eb38-900.jpg\" alt=\"\" width=\"1080\" height=\"1080\" \/><\/p>\n<h2 style=\"text-align: center\" data-start=\"768\" data-end=\"782\">S\u00e5dan Bruges \ud83d\udccc<\/h2>\n<ol data-start=\"783\" data-end=\"998\">\n<li data-start=\"783\" data-end=\"823\">\n<p data-start=\"786\" data-end=\"823\">Fjern din gamle fedtpistolkobling.<\/p>\n<\/li>\n<li data-start=\"824\" data-end=\"871\">\n<p data-start=\"827\" data-end=\"871\">S\u00e6t fedtpistolkoblingen p\u00e5 pistolen.<\/p>\n<\/li>\n<li data-start=\"872\" data-end=\"919\">\n<p data-start=\"875\" data-end=\"919\">Tryk koblingen p\u00e5 fedtfittingen.<\/p>\n<\/li>\n<li data-start=\"920\" data-end=\"956\">\n<p data-start=\"923\" data-end=\"956\">L\u00e5s den p\u00e5 plads med den ene h\u00e5nd.<\/p>\n<\/li>\n<li data-start=\"957\" data-end=\"998\">\n<p data-start=\"960\" data-end=\"998\">Pump fedt og slip, n\u00e5r du er f\u00e6rdig.<\/p>\n<\/li>\n<\/ol>\n<h2 style=\"text-align: center\" data-start=\"1000\" data-end=\"1019\">Produktdetaljer \ud83d\udccf<\/h2>\n<ul data-start=\"1020\" data-end=\"1271\">\n<li data-start=\"1020\" data-end=\"1056\">\n<p data-start=\"1022\" data-end=\"1056\">Materiale: Galvaniseret legeret st\u00e5l<\/p>\n<\/li>\n<li data-start=\"1057\" data-end=\"1094\">\n<p data-start=\"1059\" data-end=\"1094\">Trykstyrke: Op til 12.000 PSI<\/p>\n<\/li>\n<li data-start=\"1095\" data-end=\"1141\">\n<p data-start=\"1097\" data-end=\"1141\">Design: 6-punkts l\u00e5se- og t\u00e6tningssystem<\/p>\n<\/li>\n<li data-start=\"1142\" data-end=\"1176\">\n<p data-start=\"1144\" data-end=\"1176\">Greb: Forl\u00e6nget skridsikkert h\u00e5ndtag<\/p>\n<\/li>\n<li data-start=\"1177\" data-end=\"1210\">\n<p data-start=\"1179\" data-end=\"1210\">Gevindtype: 1\/8 NPT standard<\/p>\n<\/li>\n<li data-start=\"1211\" data-end=\"1271\">\n<p data-start=\"1213\" data-end=\"1271\">Anvendelsesomr\u00e5der: V\u00e6rksted, garage, byggeri, g\u00e5rd, fabrik<\/p>\n<\/li>\n<\/ul>\n<h2 style=\"text-align: center\" data-start=\"1273\" data-end=\"1293\">Pakken Indeholder \ud83d\udce6<\/h2>\n<ul data-start=\"1294\" data-end=\"1319\" data-is-last-node=\"\" data-is-only-node=\"\">\n<li data-start=\"1294\" data-end=\"1319\" data-is-last-node=\"\">\n<p data-start=\"1296\" data-end=\"1319\" data-is-last-node=\"\">1x fedtspr\u00f8jtekobling<\/p>\n<\/li>\n<li data-start=\"1294\" data-end=\"1319\" data-is-last-node=\"\">\n<p data-start=\"1296\" data-end=\"1319\" data-is-last-node=\"\">1x fleksibel fedtslange<\/p>\n<\/li>\n<li data-start=\"1294\" data-end=\"1319\" data-is-last-node=\"\">4x fedtfittings\/dyser.<\/li>\n<\/ul>\n","protected":false},"excerpt":{"rendered":"<p>\ud83d\udca8Denne fedtspr\u00f8jtekobling sidder godt fast p\u00e5 fedtfittings og forbliver forseglet selv under ekstremt tryk.<br \/>\n\ud83d\udd90\ufe0fIt l\u00e5ser p\u00e5 plads, forhindrer l\u00e6kager og lader dig sm\u00f8re med \u00e9n h\u00e5nd, hvilket sparer tid og reducerer spild af fedt.<br \/>\n\ud83e\uddfcEn p\u00e5lidelig opgradering, der g\u00f8r sm\u00f8ring hurtigere, renere og mere effektiv hver gang.<\/p>\n","protected":false},"featured_media":20496,"comment_status":"open","ping_status":"closed","template":"","meta":{"site-sidebar-layout":"default","site-content-layout":"","ast-site-content-layout":"default","site-content-style":"default","site-sidebar-style":"default","ast-global-header-display":"","ast-banner-title-visibility":"","ast-main-header-display":"","ast-hfb-above-header-display":"","ast-hfb-below-header-display":"","ast-hfb-mobile-header-display":"","site-post-title":"","ast-breadcrumbs-content":"","ast-featured-img":"","footer-sml-layout":"","theme-transparent-header-meta":"default","adv-header-id-meta":"","stick-header-meta":"","header-above-stick-meta":"","header-main-stick-meta":"","header-below-stick-meta":"","astra-migrate-meta-layouts":"set","ast-page-background-enabled":"default","ast-page-background-meta":{"desktop":{"background-color":"var(--ast-global-color-5)","background-image":"","background-repeat":"repeat","background-position":"center center","background-size":"auto","background-attachment":"scroll","background-type":"","background-media":"","overlay-type":"","overlay-color":"","overlay-opacity":"","overlay-gradient":""},"tablet":{"background-color":"","background-image":"","background-repeat":"repeat","background-position":"center center","background-size":"auto","background-attachment":"scroll","background-type":"","background-media":"","overlay-type":"","overlay-color":"","overlay-opacity":"","overlay-gradient":""},"mobile":{"background-color":"","background-image":"","background-repeat":"repeat","background-position":"center center","background-size":"auto","background-attachment":"scroll","background-type":"","background-media":"","overlay-type":"","overlay-color":"","overlay-opacity":"","overlay-gradient":""}},"ast-content-background-meta":{"desktop":{"background-color":"var(--ast-global-color-4)","background-image":"","background-repeat":"repeat","background-position":"center center","background-size":"auto","background-attachment":"scroll","background-type":"","background-media":"","overlay-type":"","overlay-color":"","overlay-opacity":"","overlay-gradient":""},"tablet":{"background-color":"var(--ast-global-color-4)","background-image":"","background-repeat":"repeat","background-position":"center center","background-size":"auto","background-attachment":"scroll","background-type":"","background-media":"","overlay-type":"","overlay-color":"","overlay-opacity":"","overlay-gradient":""},"mobile":{"background-color":"var(--ast-global-color-4)","background-image":"","background-repeat":"repeat","background-position":"center center","background-size":"auto","background-attachment":"scroll","background-type":"","background-media":"","overlay-type":"","overlay-color":"","overlay-opacity":"","overlay-gradient":""}}},"product_brand":[],"product_cat":[15],"product_tag":[],"class_list":{"0":"post-20500","1":"product","2":"type-product","3":"status-publish","4":"has-post-thumbnail","6":"product_cat-uncategorized","7":"desktop-align-left","8":"tablet-align-left","9":"mobile-align-left","11":"first","12":"instock","13":"shipping-taxable","14":"purchasable","15":"product-type-simple"},"yoast_head":"<!-- This site is optimized with the Yoast SEO plugin v26.6 - https:\/\/yoast.com\/wordpress\/plugins\/seo\/ -->\n<title>Kobling til fedtspr\u00f8jte - Mekulo DK<\/title>\n<meta name=\"robots\" content=\"index, follow, max-snippet:-1, max-image-preview:large, max-video-preview:-1\" \/>\n<link rel=\"canonical\" href=\"https:\/\/mekulo.com\/dk\/produkt\/kobling-til-fedtsproejte\/\" \/>\n<meta property=\"og:locale\" content=\"da_DK\" \/>\n<meta property=\"og:type\" content=\"article\" \/>\n<meta property=\"og:title\" content=\"Kobling til fedtspr\u00f8jte - Mekulo DK\" \/>\n<meta property=\"og:description\" content=\"\ud83d\udca8Denne fedtspr\u00f8jtekobling sidder godt fast p\u00e5 fedtfittings og forbliver forseglet selv under ekstremt tryk. \ud83d\udd90\ufe0fIt l\u00e5ser p\u00e5 plads, forhindrer l\u00e6kager og lader dig sm\u00f8re med \u00e9n h\u00e5nd, hvilket sparer tid og reducerer spild af fedt. \ud83e\uddfcEn p\u00e5lidelig opgradering, der g\u00f8r sm\u00f8ring hurtigere, renere og mere effektiv hver gang.\" \/>\n<meta property=\"og:url\" content=\"https:\/\/mekulo.com\/dk\/produkt\/kobling-til-fedtsproejte\/\" \/>\n<meta property=\"og:site_name\" content=\"Mekulo DK\" \/>\n<meta property=\"article:modified_time\" content=\"2026-02-10T09:12:48+00:00\" \/>\n<meta property=\"og:image\" content=\"https:\/\/mekulo.com\/dk\/wp-content\/uploads\/sites\/12\/2026\/01\/6bdk1nq-1.webp\" \/>\n\t<meta property=\"og:image:width\" content=\"800\" \/>\n\t<meta property=\"og:image:height\" content=\"800\" \/>\n\t<meta property=\"og:image:type\" content=\"image\/webp\" \/>\n<meta name=\"twitter:card\" content=\"summary_large_image\" \/>\n<meta name=\"twitter:label1\" content=\"Estimeret l\u00e6setid\" \/>\n\t<meta name=\"twitter:data1\" content=\"2 minutter\" \/>\n<script type=\"application\/ld+json\" class=\"yoast-schema-graph\">{\"@context\":\"https:\/\/schema.org\",\"@graph\":[{\"@type\":\"WebPage\",\"@id\":\"https:\/\/mekulo.com\/dk\/produkt\/kobling-til-fedtsproejte\/\",\"url\":\"https:\/\/mekulo.com\/dk\/produkt\/kobling-til-fedtsproejte\/\",\"name\":\"Kobling til fedtspr\u00f8jte - Mekulo DK\",\"isPartOf\":{\"@id\":\"https:\/\/mekulo.com\/dk\/#website\"},\"primaryImageOfPage\":{\"@id\":\"https:\/\/mekulo.com\/dk\/produkt\/kobling-til-fedtsproejte\/#primaryimage\"},\"image\":{\"@id\":\"https:\/\/mekulo.com\/dk\/produkt\/kobling-til-fedtsproejte\/#primaryimage\"},\"thumbnailUrl\":\"https:\/\/mekulo.com\/dk\/wp-content\/uploads\/sites\/12\/2026\/01\/6bdk1nq-1.webp\",\"datePublished\":\"2026-01-28T17:41:26+00:00\",\"dateModified\":\"2026-02-10T09:12:48+00:00\",\"breadcrumb\":{\"@id\":\"https:\/\/mekulo.com\/dk\/produkt\/kobling-til-fedtsproejte\/#breadcrumb\"},\"inLanguage\":\"da-DK\",\"potentialAction\":[{\"@type\":\"ReadAction\",\"target\":[\"https:\/\/mekulo.com\/dk\/produkt\/kobling-til-fedtsproejte\/\"]}]},{\"@type\":\"ImageObject\",\"inLanguage\":\"da-DK\",\"@id\":\"https:\/\/mekulo.com\/dk\/produkt\/kobling-til-fedtsproejte\/#primaryimage\",\"url\":\"https:\/\/mekulo.com\/dk\/wp-content\/uploads\/sites\/12\/2026\/01\/6bdk1nq-1.webp\",\"contentUrl\":\"https:\/\/mekulo.com\/dk\/wp-content\/uploads\/sites\/12\/2026\/01\/6bdk1nq-1.webp\",\"width\":800,\"height\":800},{\"@type\":\"BreadcrumbList\",\"@id\":\"https:\/\/mekulo.com\/dk\/produkt\/kobling-til-fedtsproejte\/#breadcrumb\",\"itemListElement\":[{\"@type\":\"ListItem\",\"position\":1,\"name\":\"Home\",\"item\":\"https:\/\/mekulo.com\/dk\/\"},{\"@type\":\"ListItem\",\"position\":2,\"name\":\"Butik\",\"item\":\"https:\/\/mekulo.com\/dk\/butik\/\"},{\"@type\":\"ListItem\",\"position\":3,\"name\":\"Kobling til fedtspr\u00f8jte\"}]},{\"@type\":\"WebSite\",\"@id\":\"https:\/\/mekulo.com\/dk\/#website\",\"url\":\"https:\/\/mekulo.com\/dk\/\",\"name\":\"Mekulo DK\",\"description\":\"\",\"publisher\":{\"@id\":\"https:\/\/mekulo.com\/dk\/#organization\"},\"potentialAction\":[{\"@type\":\"SearchAction\",\"target\":{\"@type\":\"EntryPoint\",\"urlTemplate\":\"https:\/\/mekulo.com\/dk\/?s={search_term_string}\"},\"query-input\":{\"@type\":\"PropertyValueSpecification\",\"valueRequired\":true,\"valueName\":\"search_term_string\"}}],\"inLanguage\":\"da-DK\"},{\"@type\":\"Organization\",\"@id\":\"https:\/\/mekulo.com\/dk\/#organization\",\"name\":\"Mekulo\",\"url\":\"https:\/\/mekulo.com\/dk\/\",\"logo\":{\"@type\":\"ImageObject\",\"inLanguage\":\"da-DK\",\"@id\":\"https:\/\/mekulo.com\/dk\/#\/schema\/logo\/image\/\",\"url\":\"https:\/\/mekulo.com\/dk\/wp-content\/uploads\/sites\/12\/2025\/12\/favicon_mekulo.png\",\"contentUrl\":\"https:\/\/mekulo.com\/dk\/wp-content\/uploads\/sites\/12\/2025\/12\/favicon_mekulo.png\",\"width\":50,\"height\":50,\"caption\":\"Mekulo\"},\"image\":{\"@id\":\"https:\/\/mekulo.com\/dk\/#\/schema\/logo\/image\/\"}}]}<\/script>\n<!-- \/ Yoast SEO plugin. -->","yoast_head_json":{"title":"Kobling til fedtspr\u00f8jte - Mekulo DK","robots":{"index":"index","follow":"follow","max-snippet":"max-snippet:-1","max-image-preview":"max-image-preview:large","max-video-preview":"max-video-preview:-1"},"canonical":"https:\/\/mekulo.com\/dk\/produkt\/kobling-til-fedtsproejte\/","og_locale":"da_DK","og_type":"article","og_title":"Kobling til fedtspr\u00f8jte - Mekulo DK","og_description":"\ud83d\udca8Denne fedtspr\u00f8jtekobling sidder godt fast p\u00e5 fedtfittings og forbliver forseglet selv under ekstremt tryk. \ud83d\udd90\ufe0fIt l\u00e5ser p\u00e5 plads, forhindrer l\u00e6kager og lader dig sm\u00f8re med \u00e9n h\u00e5nd, hvilket sparer tid og reducerer spild af fedt. \ud83e\uddfcEn p\u00e5lidelig opgradering, der g\u00f8r sm\u00f8ring hurtigere, renere og mere effektiv hver gang.","og_url":"https:\/\/mekulo.com\/dk\/produkt\/kobling-til-fedtsproejte\/","og_site_name":"Mekulo DK","article_modified_time":"2026-02-10T09:12:48+00:00","og_image":[{"width":800,"height":800,"url":"https:\/\/mekulo.com\/dk\/wp-content\/uploads\/sites\/12\/2026\/01\/6bdk1nq-1.webp","type":"image\/webp"}],"twitter_card":"summary_large_image","twitter_misc":{"Estimeret l\u00e6setid":"2 minutter"},"schema":{"@context":"https:\/\/schema.org","@graph":[{"@type":"WebPage","@id":"https:\/\/mekulo.com\/dk\/produkt\/kobling-til-fedtsproejte\/","url":"https:\/\/mekulo.com\/dk\/produkt\/kobling-til-fedtsproejte\/","name":"Kobling til fedtspr\u00f8jte - Mekulo DK","isPartOf":{"@id":"https:\/\/mekulo.com\/dk\/#website"},"primaryImageOfPage":{"@id":"https:\/\/mekulo.com\/dk\/produkt\/kobling-til-fedtsproejte\/#primaryimage"},"image":{"@id":"https:\/\/mekulo.com\/dk\/produkt\/kobling-til-fedtsproejte\/#primaryimage"},"thumbnailUrl":"https:\/\/mekulo.com\/dk\/wp-content\/uploads\/sites\/12\/2026\/01\/6bdk1nq-1.webp","datePublished":"2026-01-28T17:41:26+00:00","dateModified":"2026-02-10T09:12:48+00:00","breadcrumb":{"@id":"https:\/\/mekulo.com\/dk\/produkt\/kobling-til-fedtsproejte\/#breadcrumb"},"inLanguage":"da-DK","potentialAction":[{"@type":"ReadAction","target":["https:\/\/mekulo.com\/dk\/produkt\/kobling-til-fedtsproejte\/"]}]},{"@type":"ImageObject","inLanguage":"da-DK","@id":"https:\/\/mekulo.com\/dk\/produkt\/kobling-til-fedtsproejte\/#primaryimage","url":"https:\/\/mekulo.com\/dk\/wp-content\/uploads\/sites\/12\/2026\/01\/6bdk1nq-1.webp","contentUrl":"https:\/\/mekulo.com\/dk\/wp-content\/uploads\/sites\/12\/2026\/01\/6bdk1nq-1.webp","width":800,"height":800},{"@type":"BreadcrumbList","@id":"https:\/\/mekulo.com\/dk\/produkt\/kobling-til-fedtsproejte\/#breadcrumb","itemListElement":[{"@type":"ListItem","position":1,"name":"Home","item":"https:\/\/mekulo.com\/dk\/"},{"@type":"ListItem","position":2,"name":"Butik","item":"https:\/\/mekulo.com\/dk\/butik\/"},{"@type":"ListItem","position":3,"name":"Kobling til fedtspr\u00f8jte"}]},{"@type":"WebSite","@id":"https:\/\/mekulo.com\/dk\/#website","url":"https:\/\/mekulo.com\/dk\/","name":"Mekulo DK","description":"","publisher":{"@id":"https:\/\/mekulo.com\/dk\/#organization"},"potentialAction":[{"@type":"SearchAction","target":{"@type":"EntryPoint","urlTemplate":"https:\/\/mekulo.com\/dk\/?s={search_term_string}"},"query-input":{"@type":"PropertyValueSpecification","valueRequired":true,"valueName":"search_term_string"}}],"inLanguage":"da-DK"},{"@type":"Organization","@id":"https:\/\/mekulo.com\/dk\/#organization","name":"Mekulo","url":"https:\/\/mekulo.com\/dk\/","logo":{"@type":"ImageObject","inLanguage":"da-DK","@id":"https:\/\/mekulo.com\/dk\/#\/schema\/logo\/image\/","url":"https:\/\/mekulo.com\/dk\/wp-content\/uploads\/sites\/12\/2025\/12\/favicon_mekulo.png","contentUrl":"https:\/\/mekulo.com\/dk\/wp-content\/uploads\/sites\/12\/2025\/12\/favicon_mekulo.png","width":50,"height":50,"caption":"Mekulo"},"image":{"@id":"https:\/\/mekulo.com\/dk\/#\/schema\/logo\/image\/"}}]}},"_links":{"self":[{"href":"https:\/\/mekulo.com\/dk\/wp-json\/wp\/v2\/product\/20500","targetHints":{"allow":["GET"]}}],"collection":[{"href":"https:\/\/mekulo.com\/dk\/wp-json\/wp\/v2\/product"}],"about":[{"href":"https:\/\/mekulo.com\/dk\/wp-json\/wp\/v2\/types\/product"}],"replies":[{"embeddable":true,"href":"https:\/\/mekulo.com\/dk\/wp-json\/wp\/v2\/comments?post=20500"}],"wp:featuredmedia":[{"embeddable":true,"href":"https:\/\/mekulo.com\/dk\/wp-json\/wp\/v2\/media\/20496"}],"wp:attachment":[{"href":"https:\/\/mekulo.com\/dk\/wp-json\/wp\/v2\/media?parent=20500"}],"wp:term":[{"taxonomy":"product_brand","embeddable":true,"href":"https:\/\/mekulo.com\/dk\/wp-json\/wp\/v2\/product_brand?post=20500"},{"taxonomy":"product_cat","embeddable":true,"href":"https:\/\/mekulo.com\/dk\/wp-json\/wp\/v2\/product_cat?post=20500"},{"taxonomy":"product_tag","embeddable":true,"href":"https:\/\/mekulo.com\/dk\/wp-json\/wp\/v2\/product_tag?post=20500"}],"curies":[{"name":"wp","href":"https:\/\/api.w.org\/{rel}","templated":true}]}}