{"id":20469,"date":"2026-01-28T19:39:18","date_gmt":"2026-01-28T17:39:18","guid":{"rendered":"https:\/\/mekulo.com\/dk\/produkt\/taske-med-bogstavprint-til-kvinder\/"},"modified":"2026-01-28T19:39:53","modified_gmt":"2026-01-28T17:39:53","slug":"taske-med-bogstavprint-til-kvinder","status":"publish","type":"product","link":"https:\/\/mekulo.com\/dk\/produkt\/taske-med-bogstavprint-til-kvinder\/","title":{"rendered":"Taske med bogstavprint til kvinder"},"content":{"rendered":"<p style=\"text-align: center\" data-start=\"0\" data-end=\"67\"><strong data-start=\"0\" data-end=\"67\">B\u00e6r alt, hvad du har brug for, i en stilfuld og rummelig tote bag. \ud83d\udc5c<\/strong><\/p>\n<p data-start=\"0\" data-end=\"67\"><img fetchpriority=\"high\" decoding=\"async\" class=\"size-full wp-image-22347 aligncenter\" src=\"https:\/\/mekulo.com\/template\/wp-content\/uploads\/sites\/6\/2026\/01\/Sf2eee745d97d4ac7b673daf5fd6ce0b4v.jpg\" alt=\"\" width=\"1080\" height=\"1031\" \/><\/p>\n<h2 style=\"text-align: center\" data-start=\"364\" data-end=\"381\"><strong>Hovedfordele \ud83d\udc5c<\/strong><\/h2>\n<p data-start=\"384\" data-end=\"440\">\ud83d\udc5c Stor kapacitet &#8211; Passer til alle dine daglige forn\u00f8denheder.<\/p>\n<p data-start=\"443\" data-end=\"502\">\u270d\ufe0f Design med bogstavprint &#8211; Trendy og i\u00f8jnefaldende look.<\/p>\n<p data-start=\"505\" data-end=\"560\">\ud83d\udcaa Robuste h\u00e5ndtag &#8211; Behagelige og nemme at b\u00e6re.<\/p>\n<p data-start=\"563\" data-end=\"627\">\ud83d\udc57 Stilfuldt tilbeh\u00f8r &#8211; Passer til afslappede og hverdagslige outfits.<\/p>\n<p data-start=\"630\" data-end=\"694\">\ud83c\udf0d Alsidig brug &#8211; Perfekt til arbejde, shopping, fitnesscenter eller strand.<\/p>\n<p data-start=\"630\" data-end=\"694\"><img decoding=\"async\" class=\"size-full wp-image-22352 aligncenter\" src=\"https:\/\/mekulo.com\/template\/wp-content\/uploads\/sites\/6\/2026\/01\/S6ec538bd8d4342b0a712a45f5139015ao.webp\" alt=\"\" width=\"800\" height=\"800\" \/><\/p>\n<h2 style=\"text-align: center\" data-start=\"696\" data-end=\"710\"><strong>Anvendelse \ud83d\udccc<\/strong><\/h2>\n<ol data-start=\"711\" data-end=\"893\">\n<li data-start=\"711\" data-end=\"758\">\n<p data-start=\"714\" data-end=\"758\">Placer dine vigtigste ting i tasken.<\/p>\n<\/li>\n<li data-start=\"759\" data-end=\"798\">\n<p data-start=\"762\" data-end=\"798\">B\u00e6r den ved hj\u00e6lp af de robuste h\u00e5ndtag.<\/p>\n<\/li>\n<li data-start=\"799\" data-end=\"860\">\n<p data-start=\"802\" data-end=\"860\">Brug den til arbejde, \u00e6rinder, rejser eller fritidsaktiviteter.<\/p>\n<\/li>\n<li data-start=\"861\" data-end=\"893\">\n<p data-start=\"864\" data-end=\"893\">Opbevares nemt, n\u00e5r den ikke er i brug.<\/p>\n<\/li>\n<\/ol>\n<h2 style=\"text-align: center\" data-start=\"895\" data-end=\"914\"><strong>Produktdetaljer \ud83d\udccf<\/strong><\/h2>\n<ul data-start=\"915\" data-end=\"1109\">\n<li data-start=\"942\" data-end=\"966\">\n<p data-start=\"944\" data-end=\"966\">Design: Bogstavprint<\/p>\n<\/li>\n<li data-start=\"967\" data-end=\"1006\">\n<p data-start=\"969\" data-end=\"1006\">Indvendigt: Rummeligt hovedrum<\/p>\n<\/li>\n<li data-start=\"1007\" data-end=\"1055\">\n<p data-start=\"1009\" data-end=\"1055\">B\u00e6restil: B\u00e6res i h\u00e5nden eller p\u00e5 skulderen<\/p>\n<\/li>\n<li data-start=\"1056\" data-end=\"1109\">\n<p data-start=\"1058\" data-end=\"1109\">Brugsanledninger: Arbejde, shopping, fitness, rejser, strand<\/p>\n<\/li>\n<li data-start=\"1056\" data-end=\"1109\">29 x 34 cm<\/li>\n<\/ul>\n<h2 style=\"text-align: center\" data-start=\"1111\" data-end=\"1131\"><strong>Pakken indeholder \ud83d\udce6<\/strong><\/h2>\n<ul data-start=\"1132\" data-end=\"1167\" data-is-last-node=\"\" data-is-only-node=\"\">\n<li data-start=\"1132\" data-end=\"1167\" data-is-last-node=\"\">\n<p data-start=\"1134\" data-end=\"1167\" data-is-last-node=\"\">1x dametaske med bogstavprint.<\/p>\n<\/li>\n<\/ul>\n","protected":false},"excerpt":{"rendered":"<p>\ud83d\udc5dDenne tote bag med bogstavprint til kvinder kombinerer mode og hverdagsfunktion i \u00e9t brugervenligt design.<br \/>\n\ud83d\udcf1Den giver masser af plads til dine daglige forn\u00f8denheder og tilf\u00f8jer et moderne touch til ethvert outfit.<br \/>\n\ud83d\udc57Perfekt til kvinder, der \u00f8nsker en praktisk taske, der ogs\u00e5 giver et stilfuldt udtryk, uanset hvor de g\u00e5r.<\/p>\n","protected":false},"featured_media":20465,"comment_status":"open","ping_status":"closed","template":"","meta":{"site-sidebar-layout":"default","site-content-layout":"","ast-site-content-layout":"default","site-content-style":"default","site-sidebar-style":"default","ast-global-header-display":"","ast-banner-title-visibility":"","ast-main-header-display":"","ast-hfb-above-header-display":"","ast-hfb-below-header-display":"","ast-hfb-mobile-header-display":"","site-post-title":"","ast-breadcrumbs-content":"","ast-featured-img":"","footer-sml-layout":"","ast-disable-related-posts":"","theme-transparent-header-meta":"default","adv-header-id-meta":"","stick-header-meta":"","header-above-stick-meta":"","header-main-stick-meta":"","header-below-stick-meta":"","astra-migrate-meta-layouts":"set","ast-page-background-enabled":"default","ast-page-background-meta":{"desktop":{"background-color":"var(--ast-global-color-5)","background-image":"","background-repeat":"repeat","background-position":"center center","background-size":"auto","background-attachment":"scroll","background-type":"","background-media":"","overlay-type":"","overlay-color":"","overlay-opacity":"","overlay-gradient":""},"tablet":{"background-color":"","background-image":"","background-repeat":"repeat","background-position":"center center","background-size":"auto","background-attachment":"scroll","background-type":"","background-media":"","overlay-type":"","overlay-color":"","overlay-opacity":"","overlay-gradient":""},"mobile":{"background-color":"","background-image":"","background-repeat":"repeat","background-position":"center center","background-size":"auto","background-attachment":"scroll","background-type":"","background-media":"","overlay-type":"","overlay-color":"","overlay-opacity":"","overlay-gradient":""}},"ast-content-background-meta":{"desktop":{"background-color":"var(--ast-global-color-4)","background-image":"","background-repeat":"repeat","background-position":"center center","background-size":"auto","background-attachment":"scroll","background-type":"","background-media":"","overlay-type":"","overlay-color":"","overlay-opacity":"","overlay-gradient":""},"tablet":{"background-color":"var(--ast-global-color-4)","background-image":"","background-repeat":"repeat","background-position":"center center","background-size":"auto","background-attachment":"scroll","background-type":"","background-media":"","overlay-type":"","overlay-color":"","overlay-opacity":"","overlay-gradient":""},"mobile":{"background-color":"var(--ast-global-color-4)","background-image":"","background-repeat":"repeat","background-position":"center center","background-size":"auto","background-attachment":"scroll","background-type":"","background-media":"","overlay-type":"","overlay-color":"","overlay-opacity":"","overlay-gradient":""}}},"product_brand":[],"product_cat":[165],"product_tag":[],"class_list":{"0":"post-20469","1":"product","2":"type-product","3":"status-publish","4":"has-post-thumbnail","6":"product_cat-fodtoej-tilbehoer","7":"pa_52644_6wyc6tb4-brun","8":"pa_52644_6wyc6tb4-graa","9":"pa_52644_6wyc6tb4-groen","10":"pa_52644_6wyc6tb4-gul","11":"pa_52644_6wyc6tb4-hvid","12":"pa_52644_6wyc6tb4-lyseroed","13":"pa_52644_6wyc6tb4-moerkegraa","14":"pa_52644_6wyc6tb4-orange","15":"pa_52644_6wyc6tb4-roed","16":"pa_52644_6wyc6tb4-rosenroed","17":"pa_52644_6wyc6tb4-sort","18":"desktop-align-left","19":"tablet-align-left","20":"mobile-align-left","22":"first","23":"instock","24":"shipping-taxable","25":"purchasable","26":"product-type-variable"},"yoast_head":"<!-- This site is optimized with the Yoast SEO plugin v27.4 - https:\/\/yoast.com\/product\/yoast-seo-wordpress\/ -->\n<title>Taske med bogstavprint til kvinder - Mekulo DK<\/title>\n<meta name=\"robots\" content=\"index, follow, max-snippet:-1, max-image-preview:large, max-video-preview:-1\" \/>\n<link rel=\"canonical\" href=\"https:\/\/mekulo.com\/dk\/produkt\/taske-med-bogstavprint-til-kvinder\/\" \/>\n<meta property=\"og:locale\" content=\"da_DK\" \/>\n<meta property=\"og:type\" content=\"article\" \/>\n<meta property=\"og:title\" content=\"Taske med bogstavprint til kvinder - Mekulo DK\" \/>\n<meta property=\"og:description\" content=\"\ud83d\udc5dDenne tote bag med bogstavprint til kvinder kombinerer mode og hverdagsfunktion i \u00e9t brugervenligt design. \ud83d\udcf1Den giver masser af plads til dine daglige forn\u00f8denheder og tilf\u00f8jer et moderne touch til ethvert outfit. \ud83d\udc57Perfekt til kvinder, der \u00f8nsker en praktisk taske, der ogs\u00e5 giver et stilfuldt udtryk, uanset hvor de g\u00e5r.\" \/>\n<meta property=\"og:url\" content=\"https:\/\/mekulo.com\/dk\/produkt\/taske-med-bogstavprint-til-kvinder\/\" \/>\n<meta property=\"og:site_name\" content=\"Mekulo DK\" \/>\n<meta property=\"article:modified_time\" content=\"2026-01-28T17:39:53+00:00\" \/>\n<meta property=\"og:image\" content=\"https:\/\/mekulo.com\/dk\/wp-content\/uploads\/sites\/12\/2026\/01\/vfe0uiq-1.jpg\" \/>\n\t<meta property=\"og:image:width\" content=\"800\" \/>\n\t<meta property=\"og:image:height\" content=\"800\" \/>\n\t<meta property=\"og:image:type\" content=\"image\/jpeg\" \/>\n<meta name=\"twitter:card\" content=\"summary_large_image\" \/>\n<meta name=\"twitter:label1\" content=\"Estimeret l\u00e6setid\" \/>\n\t<meta name=\"twitter:data1\" content=\"2 minutter\" \/>\n<script type=\"application\/ld+json\" class=\"yoast-schema-graph\">{\"@context\":\"https:\\\/\\\/schema.org\",\"@graph\":[{\"@type\":\"WebPage\",\"@id\":\"https:\\\/\\\/mekulo.com\\\/dk\\\/produkt\\\/taske-med-bogstavprint-til-kvinder\\\/\",\"url\":\"https:\\\/\\\/mekulo.com\\\/dk\\\/produkt\\\/taske-med-bogstavprint-til-kvinder\\\/\",\"name\":\"Taske med bogstavprint til kvinder - Mekulo DK\",\"isPartOf\":{\"@id\":\"https:\\\/\\\/mekulo.com\\\/dk\\\/#website\"},\"primaryImageOfPage\":{\"@id\":\"https:\\\/\\\/mekulo.com\\\/dk\\\/produkt\\\/taske-med-bogstavprint-til-kvinder\\\/#primaryimage\"},\"image\":{\"@id\":\"https:\\\/\\\/mekulo.com\\\/dk\\\/produkt\\\/taske-med-bogstavprint-til-kvinder\\\/#primaryimage\"},\"thumbnailUrl\":\"https:\\\/\\\/mekulo.com\\\/dk\\\/wp-content\\\/uploads\\\/sites\\\/12\\\/2026\\\/01\\\/vfe0uiq-1.jpg\",\"datePublished\":\"2026-01-28T17:39:18+00:00\",\"dateModified\":\"2026-01-28T17:39:53+00:00\",\"breadcrumb\":{\"@id\":\"https:\\\/\\\/mekulo.com\\\/dk\\\/produkt\\\/taske-med-bogstavprint-til-kvinder\\\/#breadcrumb\"},\"inLanguage\":\"da-DK\",\"potentialAction\":[{\"@type\":\"ReadAction\",\"target\":[\"https:\\\/\\\/mekulo.com\\\/dk\\\/produkt\\\/taske-med-bogstavprint-til-kvinder\\\/\"]}]},{\"@type\":\"ImageObject\",\"inLanguage\":\"da-DK\",\"@id\":\"https:\\\/\\\/mekulo.com\\\/dk\\\/produkt\\\/taske-med-bogstavprint-til-kvinder\\\/#primaryimage\",\"url\":\"https:\\\/\\\/mekulo.com\\\/dk\\\/wp-content\\\/uploads\\\/sites\\\/12\\\/2026\\\/01\\\/vfe0uiq-1.jpg\",\"contentUrl\":\"https:\\\/\\\/mekulo.com\\\/dk\\\/wp-content\\\/uploads\\\/sites\\\/12\\\/2026\\\/01\\\/vfe0uiq-1.jpg\",\"width\":800,\"height\":800},{\"@type\":\"BreadcrumbList\",\"@id\":\"https:\\\/\\\/mekulo.com\\\/dk\\\/produkt\\\/taske-med-bogstavprint-til-kvinder\\\/#breadcrumb\",\"itemListElement\":[{\"@type\":\"ListItem\",\"position\":1,\"name\":\"Home\",\"item\":\"https:\\\/\\\/mekulo.com\\\/dk\\\/\"},{\"@type\":\"ListItem\",\"position\":2,\"name\":\"Butik\",\"item\":\"https:\\\/\\\/mekulo.com\\\/dk\\\/butik\\\/\"},{\"@type\":\"ListItem\",\"position\":3,\"name\":\"Taske med bogstavprint til kvinder\"}]},{\"@type\":\"WebSite\",\"@id\":\"https:\\\/\\\/mekulo.com\\\/dk\\\/#website\",\"url\":\"https:\\\/\\\/mekulo.com\\\/dk\\\/\",\"name\":\"Mekulo DK\",\"description\":\"\",\"publisher\":{\"@id\":\"https:\\\/\\\/mekulo.com\\\/dk\\\/#organization\"},\"potentialAction\":[{\"@type\":\"SearchAction\",\"target\":{\"@type\":\"EntryPoint\",\"urlTemplate\":\"https:\\\/\\\/mekulo.com\\\/dk\\\/?s={search_term_string}\"},\"query-input\":{\"@type\":\"PropertyValueSpecification\",\"valueRequired\":true,\"valueName\":\"search_term_string\"}}],\"inLanguage\":\"da-DK\"},{\"@type\":\"Organization\",\"@id\":\"https:\\\/\\\/mekulo.com\\\/dk\\\/#organization\",\"name\":\"Mekulo\",\"url\":\"https:\\\/\\\/mekulo.com\\\/dk\\\/\",\"logo\":{\"@type\":\"ImageObject\",\"inLanguage\":\"da-DK\",\"@id\":\"https:\\\/\\\/mekulo.com\\\/dk\\\/#\\\/schema\\\/logo\\\/image\\\/\",\"url\":\"https:\\\/\\\/mekulo.com\\\/dk\\\/wp-content\\\/uploads\\\/sites\\\/12\\\/2025\\\/12\\\/favicon_mekulo.png\",\"contentUrl\":\"https:\\\/\\\/mekulo.com\\\/dk\\\/wp-content\\\/uploads\\\/sites\\\/12\\\/2025\\\/12\\\/favicon_mekulo.png\",\"width\":50,\"height\":50,\"caption\":\"Mekulo\"},\"image\":{\"@id\":\"https:\\\/\\\/mekulo.com\\\/dk\\\/#\\\/schema\\\/logo\\\/image\\\/\"}}]}<\/script>\n<!-- \/ Yoast SEO plugin. -->","yoast_head_json":{"title":"Taske med bogstavprint til kvinder - Mekulo DK","robots":{"index":"index","follow":"follow","max-snippet":"max-snippet:-1","max-image-preview":"max-image-preview:large","max-video-preview":"max-video-preview:-1"},"canonical":"https:\/\/mekulo.com\/dk\/produkt\/taske-med-bogstavprint-til-kvinder\/","og_locale":"da_DK","og_type":"article","og_title":"Taske med bogstavprint til kvinder - Mekulo DK","og_description":"\ud83d\udc5dDenne tote bag med bogstavprint til kvinder kombinerer mode og hverdagsfunktion i \u00e9t brugervenligt design. \ud83d\udcf1Den giver masser af plads til dine daglige forn\u00f8denheder og tilf\u00f8jer et moderne touch til ethvert outfit. \ud83d\udc57Perfekt til kvinder, der \u00f8nsker en praktisk taske, der ogs\u00e5 giver et stilfuldt udtryk, uanset hvor de g\u00e5r.","og_url":"https:\/\/mekulo.com\/dk\/produkt\/taske-med-bogstavprint-til-kvinder\/","og_site_name":"Mekulo DK","article_modified_time":"2026-01-28T17:39:53+00:00","og_image":[{"width":800,"height":800,"url":"https:\/\/mekulo.com\/dk\/wp-content\/uploads\/sites\/12\/2026\/01\/vfe0uiq-1.jpg","type":"image\/jpeg"}],"twitter_card":"summary_large_image","twitter_misc":{"Estimeret l\u00e6setid":"2 minutter"},"schema":{"@context":"https:\/\/schema.org","@graph":[{"@type":"WebPage","@id":"https:\/\/mekulo.com\/dk\/produkt\/taske-med-bogstavprint-til-kvinder\/","url":"https:\/\/mekulo.com\/dk\/produkt\/taske-med-bogstavprint-til-kvinder\/","name":"Taske med bogstavprint til kvinder - Mekulo DK","isPartOf":{"@id":"https:\/\/mekulo.com\/dk\/#website"},"primaryImageOfPage":{"@id":"https:\/\/mekulo.com\/dk\/produkt\/taske-med-bogstavprint-til-kvinder\/#primaryimage"},"image":{"@id":"https:\/\/mekulo.com\/dk\/produkt\/taske-med-bogstavprint-til-kvinder\/#primaryimage"},"thumbnailUrl":"https:\/\/mekulo.com\/dk\/wp-content\/uploads\/sites\/12\/2026\/01\/vfe0uiq-1.jpg","datePublished":"2026-01-28T17:39:18+00:00","dateModified":"2026-01-28T17:39:53+00:00","breadcrumb":{"@id":"https:\/\/mekulo.com\/dk\/produkt\/taske-med-bogstavprint-til-kvinder\/#breadcrumb"},"inLanguage":"da-DK","potentialAction":[{"@type":"ReadAction","target":["https:\/\/mekulo.com\/dk\/produkt\/taske-med-bogstavprint-til-kvinder\/"]}]},{"@type":"ImageObject","inLanguage":"da-DK","@id":"https:\/\/mekulo.com\/dk\/produkt\/taske-med-bogstavprint-til-kvinder\/#primaryimage","url":"https:\/\/mekulo.com\/dk\/wp-content\/uploads\/sites\/12\/2026\/01\/vfe0uiq-1.jpg","contentUrl":"https:\/\/mekulo.com\/dk\/wp-content\/uploads\/sites\/12\/2026\/01\/vfe0uiq-1.jpg","width":800,"height":800},{"@type":"BreadcrumbList","@id":"https:\/\/mekulo.com\/dk\/produkt\/taske-med-bogstavprint-til-kvinder\/#breadcrumb","itemListElement":[{"@type":"ListItem","position":1,"name":"Home","item":"https:\/\/mekulo.com\/dk\/"},{"@type":"ListItem","position":2,"name":"Butik","item":"https:\/\/mekulo.com\/dk\/butik\/"},{"@type":"ListItem","position":3,"name":"Taske med bogstavprint til kvinder"}]},{"@type":"WebSite","@id":"https:\/\/mekulo.com\/dk\/#website","url":"https:\/\/mekulo.com\/dk\/","name":"Mekulo DK","description":"","publisher":{"@id":"https:\/\/mekulo.com\/dk\/#organization"},"potentialAction":[{"@type":"SearchAction","target":{"@type":"EntryPoint","urlTemplate":"https:\/\/mekulo.com\/dk\/?s={search_term_string}"},"query-input":{"@type":"PropertyValueSpecification","valueRequired":true,"valueName":"search_term_string"}}],"inLanguage":"da-DK"},{"@type":"Organization","@id":"https:\/\/mekulo.com\/dk\/#organization","name":"Mekulo","url":"https:\/\/mekulo.com\/dk\/","logo":{"@type":"ImageObject","inLanguage":"da-DK","@id":"https:\/\/mekulo.com\/dk\/#\/schema\/logo\/image\/","url":"https:\/\/mekulo.com\/dk\/wp-content\/uploads\/sites\/12\/2025\/12\/favicon_mekulo.png","contentUrl":"https:\/\/mekulo.com\/dk\/wp-content\/uploads\/sites\/12\/2025\/12\/favicon_mekulo.png","width":50,"height":50,"caption":"Mekulo"},"image":{"@id":"https:\/\/mekulo.com\/dk\/#\/schema\/logo\/image\/"}}]}},"_links":{"self":[{"href":"https:\/\/mekulo.com\/dk\/wp-json\/wp\/v2\/product\/20469","targetHints":{"allow":["GET"]}}],"collection":[{"href":"https:\/\/mekulo.com\/dk\/wp-json\/wp\/v2\/product"}],"about":[{"href":"https:\/\/mekulo.com\/dk\/wp-json\/wp\/v2\/types\/product"}],"replies":[{"embeddable":true,"href":"https:\/\/mekulo.com\/dk\/wp-json\/wp\/v2\/comments?post=20469"}],"wp:featuredmedia":[{"embeddable":true,"href":"https:\/\/mekulo.com\/dk\/wp-json\/wp\/v2\/media\/20465"}],"wp:attachment":[{"href":"https:\/\/mekulo.com\/dk\/wp-json\/wp\/v2\/media?parent=20469"}],"wp:term":[{"taxonomy":"product_brand","embeddable":true,"href":"https:\/\/mekulo.com\/dk\/wp-json\/wp\/v2\/product_brand?post=20469"},{"taxonomy":"product_cat","embeddable":true,"href":"https:\/\/mekulo.com\/dk\/wp-json\/wp\/v2\/product_cat?post=20469"},{"taxonomy":"product_tag","embeddable":true,"href":"https:\/\/mekulo.com\/dk\/wp-json\/wp\/v2\/product_tag?post=20469"}],"curies":[{"name":"wp","href":"https:\/\/api.w.org\/{rel}","templated":true}]}}