{"id":20445,"date":"2026-01-28T19:36:50","date_gmt":"2026-01-28T17:36:50","guid":{"rendered":"https:\/\/mekulo.com\/dk\/produkt\/foldbart-haengselbeslag\/"},"modified":"2026-01-28T19:37:11","modified_gmt":"2026-01-28T17:37:11","slug":"foldbart-haengselbeslag","status":"publish","type":"product","link":"https:\/\/mekulo.com\/dk\/produkt\/foldbart-haengselbeslag\/","title":{"rendered":"Foldbart h\u00e6ngselbeslag"},"content":{"rendered":"<p style=\"text-align: center\" data-start=\"0\" data-end=\"68\"><strong data-start=\"0\" data-end=\"68\">Skab St\u00e6rke, Sammenklappelige M\u00f8bler Med En Sikker L\u00e5sest\u00f8tte. \ud83c\udfe1<\/strong><\/p>\n<p data-start=\"0\" data-end=\"68\"><img decoding=\"async\" class=\"size-full wp-image-22332 aligncenter\" src=\"https:\/\/mekulo.com\/template\/wp-content\/uploads\/sites\/6\/2026\/01\/505afc46b27ade85340fa3a4d786e6ab18d77a6b-900.avif\" alt=\"\" \/><\/p>\n<h2 style=\"text-align: center\" data-start=\"410\" data-end=\"427\">Hovedfordele \ud83c\udfe0<\/h2>\n<p data-start=\"430\" data-end=\"489\">\ud83d\udcaa Kraftig st\u00f8tte &#8211; Holder over 226 kg pr. beslag.<\/p>\n<p data-start=\"492\" data-end=\"544\">\ud83d\udd10 Selvl\u00e5sende design &#8211; L\u00e5ser sikkert i 90\u00b0.<\/p>\n<p data-start=\"547\" data-end=\"602\">\ud83e\uddf2 Hurtig udl\u00f8sning &#8211; Tryk for at folde, intet v\u00e6rkt\u00f8j er n\u00f8dvendigt.<\/p>\n<p data-start=\"605\" data-end=\"660\">\ud83d\udee1\ufe0f St\u00e6rk st\u00e5lkonstruktion &#8211; 2,5 mm koldvalset st\u00e5l.<\/p>\n<p data-start=\"663\" data-end=\"727\">\ud83c\udf27\ufe0f Rustbestandig &#8211; Galvaniseret til indend\u00f8rs og udend\u00f8rs brug.<\/p>\n<p data-start=\"730\" data-end=\"798\">\ud83c\udfaf Alsidig brug &#8211; Ideel til m\u00f8bler og pladsbesparende byggerier.<\/p>\n<p data-start=\"730\" data-end=\"798\"><img decoding=\"async\" class=\"size-full wp-image-22333 aligncenter\" src=\"https:\/\/mekulo.com\/template\/wp-content\/uploads\/sites\/6\/2026\/01\/61aa03485daf78cf2c0c71b492dc1421739e79e7-900.avif\" alt=\"\" \/><\/p>\n<h2 style=\"text-align: center\" data-start=\"800\" data-end=\"814\">S\u00e5dan Bruges \ud83d\udccc<\/h2>\n<ol data-start=\"815\" data-end=\"1051\">\n<li data-start=\"815\" data-end=\"865\">\n<p data-start=\"818\" data-end=\"865\">Placer beslaget, hvor der er brug for st\u00f8tte.<\/p>\n<\/li>\n<li data-start=\"866\" data-end=\"917\">\n<p data-start=\"869\" data-end=\"917\">Juster de forborede huller med din overflade.<\/p>\n<\/li>\n<li data-start=\"918\" data-end=\"958\">\n<p data-start=\"921\" data-end=\"958\">Fastg\u00f8r med skruer (medf\u00f8lger ikke).<\/p>\n<\/li>\n<li data-start=\"959\" data-end=\"1005\">\n<p data-start=\"962\" data-end=\"1005\">Forl\u00e6ng beslaget, indtil det l\u00e5ser i 90\u00b0.<\/p>\n<\/li>\n<li data-start=\"1006\" data-end=\"1051\">\n<p data-start=\"1009\" data-end=\"1051\">Tryk p\u00e5 udl\u00f8seren for at folde det sammen, n\u00e5r det ikke er i brug.<\/p>\n<\/li>\n<\/ol>\n<h2 style=\"text-align: center\" data-start=\"1053\" data-end=\"1072\">Produktdetaljer \ud83d\udccf<\/h2>\n<ul data-start=\"1073\" data-end=\"1299\">\n<li data-start=\"1073\" data-end=\"1131\">\n<p data-start=\"1075\" data-end=\"1131\">Materiale: 2,5 mm koldvalset st\u00e5l, elektrogalvaniseret<\/p>\n<\/li>\n<li data-start=\"1132\" data-end=\"1174\">\n<p data-start=\"1134\" data-end=\"1174\">Belastningskapacitet: Over 226 kg pr. beslag<\/p>\n<\/li>\n<li data-start=\"1175\" data-end=\"1211\">\n<p data-start=\"1177\" data-end=\"1211\">L\u00e5sevinkel: 90\u00b0, selvl\u00e5sende<\/p>\n<\/li>\n<li data-start=\"1212\" data-end=\"1243\">\n<p data-start=\"1214\" data-end=\"1243\">Dimensioner: 63 x 68 x 54 mm<\/p>\n<\/li>\n<li data-start=\"1244\" data-end=\"1273\">\n<p data-start=\"1246\" data-end=\"1273\">V\u00e6gt: 180 g pr. beslag<\/p>\n<\/li>\n<\/ul>\n<h2 style=\"text-align: center\" data-start=\"1301\" data-end=\"1321\">Pakken Indeholder \ud83d\udce6<\/h2>\n<ul data-start=\"1322\" data-end=\"1349\" data-is-last-node=\"\" data-is-only-node=\"\">\n<li data-start=\"1322\" data-end=\"1349\" data-is-last-node=\"\">\n<p data-start=\"1324\" data-end=\"1349\" data-is-last-node=\"\">1, 2, 4x foldbart h\u00e6ngselbeslag\/s<\/p>\n<\/li>\n<li data-start=\"1322\" data-end=\"1349\" data-is-last-node=\"\">\n<p data-start=\"1324\" data-end=\"1349\" data-is-last-node=\"\">9, 18, 36x skruer.<\/p>\n<\/li>\n<\/ul>\n","protected":false},"excerpt":{"rendered":"<p>\ud83e\udeb5Dette foldbare h\u00e6ngselbeslag giver kraftig st\u00f8tte, samtidig med at borde, b\u00e6nke og m\u00f8beldele kan foldes v\u00e6k, n\u00e5r de ikke er i brug.<br \/>\n\ud83e\uddf2Det l\u00e5ses fast i en 90\u00b0 vinkel og foldes let ned, hvilket g\u00f8r det ideelt til at spare plads og bygge specialprojekter.<br \/>\n\ud83d\udecb\ufe0fPerfect til g\u00f8r-det-selv-byggerier, hvor styrke, sikkerhed og fleksibilitet er afg\u00f8rende.<\/p>\n","protected":false},"featured_media":20441,"comment_status":"open","ping_status":"closed","template":"","meta":{"site-sidebar-layout":"default","site-content-layout":"","ast-site-content-layout":"default","site-content-style":"default","site-sidebar-style":"default","ast-global-header-display":"","ast-banner-title-visibility":"","ast-main-header-display":"","ast-hfb-above-header-display":"","ast-hfb-below-header-display":"","ast-hfb-mobile-header-display":"","site-post-title":"","ast-breadcrumbs-content":"","ast-featured-img":"","footer-sml-layout":"","ast-disable-related-posts":"","theme-transparent-header-meta":"default","adv-header-id-meta":"","stick-header-meta":"","header-above-stick-meta":"","header-main-stick-meta":"","header-below-stick-meta":"","astra-migrate-meta-layouts":"set","ast-page-background-enabled":"default","ast-page-background-meta":{"desktop":{"background-color":"var(--ast-global-color-5)","background-image":"","background-repeat":"repeat","background-position":"center center","background-size":"auto","background-attachment":"scroll","background-type":"","background-media":"","overlay-type":"","overlay-color":"","overlay-opacity":"","overlay-gradient":""},"tablet":{"background-color":"","background-image":"","background-repeat":"repeat","background-position":"center center","background-size":"auto","background-attachment":"scroll","background-type":"","background-media":"","overlay-type":"","overlay-color":"","overlay-opacity":"","overlay-gradient":""},"mobile":{"background-color":"","background-image":"","background-repeat":"repeat","background-position":"center center","background-size":"auto","background-attachment":"scroll","background-type":"","background-media":"","overlay-type":"","overlay-color":"","overlay-opacity":"","overlay-gradient":""}},"ast-content-background-meta":{"desktop":{"background-color":"var(--ast-global-color-4)","background-image":"","background-repeat":"repeat","background-position":"center center","background-size":"auto","background-attachment":"scroll","background-type":"","background-media":"","overlay-type":"","overlay-color":"","overlay-opacity":"","overlay-gradient":""},"tablet":{"background-color":"var(--ast-global-color-4)","background-image":"","background-repeat":"repeat","background-position":"center center","background-size":"auto","background-attachment":"scroll","background-type":"","background-media":"","overlay-type":"","overlay-color":"","overlay-opacity":"","overlay-gradient":""},"mobile":{"background-color":"var(--ast-global-color-4)","background-image":"","background-repeat":"repeat","background-position":"center center","background-size":"auto","background-attachment":"scroll","background-type":"","background-media":"","overlay-type":"","overlay-color":"","overlay-opacity":"","overlay-gradient":""}}},"product_brand":[],"product_cat":[168],"product_tag":[],"class_list":{"0":"post-20445","1":"product","2":"type-product","3":"status-publish","4":"has-post-thumbnail","6":"product_cat-husholdningsartikler","7":"pa_52576_9zp99yc8-1-stk","8":"pa_52576_9zp99yc8-2-stk","9":"pa_52576_9zp99yc8-4-stk","10":"pa_52576_srvu8ybp-soelv","11":"pa_52576_srvu8ybp-sort","12":"desktop-align-left","13":"tablet-align-left","14":"mobile-align-left","16":"first","17":"instock","18":"shipping-taxable","19":"purchasable","20":"product-type-variable","21":"has-default-attributes"},"yoast_head":"<!-- This site is optimized with the Yoast SEO plugin v27.4 - https:\/\/yoast.com\/product\/yoast-seo-wordpress\/ -->\n<title>Foldbart h\u00e6ngselbeslag - Mekulo DK<\/title>\n<meta name=\"robots\" content=\"index, follow, max-snippet:-1, max-image-preview:large, max-video-preview:-1\" \/>\n<link rel=\"canonical\" href=\"https:\/\/mekulo.com\/dk\/produkt\/foldbart-haengselbeslag\/\" \/>\n<meta property=\"og:locale\" content=\"da_DK\" \/>\n<meta property=\"og:type\" content=\"article\" \/>\n<meta property=\"og:title\" content=\"Foldbart h\u00e6ngselbeslag - Mekulo DK\" \/>\n<meta property=\"og:description\" content=\"\ud83e\udeb5Dette foldbare h\u00e6ngselbeslag giver kraftig st\u00f8tte, samtidig med at borde, b\u00e6nke og m\u00f8beldele kan foldes v\u00e6k, n\u00e5r de ikke er i brug. \ud83e\uddf2Det l\u00e5ses fast i en 90\u00b0 vinkel og foldes let ned, hvilket g\u00f8r det ideelt til at spare plads og bygge specialprojekter. \ud83d\udecb\ufe0fPerfect til g\u00f8r-det-selv-byggerier, hvor styrke, sikkerhed og fleksibilitet er afg\u00f8rende.\" \/>\n<meta property=\"og:url\" content=\"https:\/\/mekulo.com\/dk\/produkt\/foldbart-haengselbeslag\/\" \/>\n<meta property=\"og:site_name\" content=\"Mekulo DK\" \/>\n<meta property=\"article:modified_time\" content=\"2026-01-28T17:37:11+00:00\" \/>\n<meta property=\"og:image\" content=\"https:\/\/mekulo.com\/dk\/wp-content\/uploads\/sites\/12\/2026\/01\/pf5lrs5-1.jpg\" \/>\n\t<meta property=\"og:image:width\" content=\"800\" \/>\n\t<meta property=\"og:image:height\" content=\"800\" \/>\n\t<meta property=\"og:image:type\" content=\"image\/jpeg\" \/>\n<meta name=\"twitter:card\" content=\"summary_large_image\" \/>\n<meta name=\"twitter:label1\" content=\"Estimeret l\u00e6setid\" \/>\n\t<meta name=\"twitter:data1\" content=\"2 minutter\" \/>\n<script type=\"application\/ld+json\" class=\"yoast-schema-graph\">{\"@context\":\"https:\\\/\\\/schema.org\",\"@graph\":[{\"@type\":\"WebPage\",\"@id\":\"https:\\\/\\\/mekulo.com\\\/dk\\\/produkt\\\/foldbart-haengselbeslag\\\/\",\"url\":\"https:\\\/\\\/mekulo.com\\\/dk\\\/produkt\\\/foldbart-haengselbeslag\\\/\",\"name\":\"Foldbart h\u00e6ngselbeslag - Mekulo DK\",\"isPartOf\":{\"@id\":\"https:\\\/\\\/mekulo.com\\\/dk\\\/#website\"},\"primaryImageOfPage\":{\"@id\":\"https:\\\/\\\/mekulo.com\\\/dk\\\/produkt\\\/foldbart-haengselbeslag\\\/#primaryimage\"},\"image\":{\"@id\":\"https:\\\/\\\/mekulo.com\\\/dk\\\/produkt\\\/foldbart-haengselbeslag\\\/#primaryimage\"},\"thumbnailUrl\":\"https:\\\/\\\/mekulo.com\\\/dk\\\/wp-content\\\/uploads\\\/sites\\\/12\\\/2026\\\/01\\\/pf5lrs5-1.jpg\",\"datePublished\":\"2026-01-28T17:36:50+00:00\",\"dateModified\":\"2026-01-28T17:37:11+00:00\",\"breadcrumb\":{\"@id\":\"https:\\\/\\\/mekulo.com\\\/dk\\\/produkt\\\/foldbart-haengselbeslag\\\/#breadcrumb\"},\"inLanguage\":\"da-DK\",\"potentialAction\":[{\"@type\":\"ReadAction\",\"target\":[\"https:\\\/\\\/mekulo.com\\\/dk\\\/produkt\\\/foldbart-haengselbeslag\\\/\"]}]},{\"@type\":\"ImageObject\",\"inLanguage\":\"da-DK\",\"@id\":\"https:\\\/\\\/mekulo.com\\\/dk\\\/produkt\\\/foldbart-haengselbeslag\\\/#primaryimage\",\"url\":\"https:\\\/\\\/mekulo.com\\\/dk\\\/wp-content\\\/uploads\\\/sites\\\/12\\\/2026\\\/01\\\/pf5lrs5-1.jpg\",\"contentUrl\":\"https:\\\/\\\/mekulo.com\\\/dk\\\/wp-content\\\/uploads\\\/sites\\\/12\\\/2026\\\/01\\\/pf5lrs5-1.jpg\",\"width\":800,\"height\":800},{\"@type\":\"BreadcrumbList\",\"@id\":\"https:\\\/\\\/mekulo.com\\\/dk\\\/produkt\\\/foldbart-haengselbeslag\\\/#breadcrumb\",\"itemListElement\":[{\"@type\":\"ListItem\",\"position\":1,\"name\":\"Home\",\"item\":\"https:\\\/\\\/mekulo.com\\\/dk\\\/\"},{\"@type\":\"ListItem\",\"position\":2,\"name\":\"Butik\",\"item\":\"https:\\\/\\\/mekulo.com\\\/dk\\\/butik\\\/\"},{\"@type\":\"ListItem\",\"position\":3,\"name\":\"Foldbart h\u00e6ngselbeslag\"}]},{\"@type\":\"WebSite\",\"@id\":\"https:\\\/\\\/mekulo.com\\\/dk\\\/#website\",\"url\":\"https:\\\/\\\/mekulo.com\\\/dk\\\/\",\"name\":\"Mekulo DK\",\"description\":\"\",\"publisher\":{\"@id\":\"https:\\\/\\\/mekulo.com\\\/dk\\\/#organization\"},\"potentialAction\":[{\"@type\":\"SearchAction\",\"target\":{\"@type\":\"EntryPoint\",\"urlTemplate\":\"https:\\\/\\\/mekulo.com\\\/dk\\\/?s={search_term_string}\"},\"query-input\":{\"@type\":\"PropertyValueSpecification\",\"valueRequired\":true,\"valueName\":\"search_term_string\"}}],\"inLanguage\":\"da-DK\"},{\"@type\":\"Organization\",\"@id\":\"https:\\\/\\\/mekulo.com\\\/dk\\\/#organization\",\"name\":\"Mekulo\",\"url\":\"https:\\\/\\\/mekulo.com\\\/dk\\\/\",\"logo\":{\"@type\":\"ImageObject\",\"inLanguage\":\"da-DK\",\"@id\":\"https:\\\/\\\/mekulo.com\\\/dk\\\/#\\\/schema\\\/logo\\\/image\\\/\",\"url\":\"https:\\\/\\\/mekulo.com\\\/dk\\\/wp-content\\\/uploads\\\/sites\\\/12\\\/2025\\\/12\\\/favicon_mekulo.png\",\"contentUrl\":\"https:\\\/\\\/mekulo.com\\\/dk\\\/wp-content\\\/uploads\\\/sites\\\/12\\\/2025\\\/12\\\/favicon_mekulo.png\",\"width\":50,\"height\":50,\"caption\":\"Mekulo\"},\"image\":{\"@id\":\"https:\\\/\\\/mekulo.com\\\/dk\\\/#\\\/schema\\\/logo\\\/image\\\/\"}}]}<\/script>\n<!-- \/ Yoast SEO plugin. -->","yoast_head_json":{"title":"Foldbart h\u00e6ngselbeslag - Mekulo DK","robots":{"index":"index","follow":"follow","max-snippet":"max-snippet:-1","max-image-preview":"max-image-preview:large","max-video-preview":"max-video-preview:-1"},"canonical":"https:\/\/mekulo.com\/dk\/produkt\/foldbart-haengselbeslag\/","og_locale":"da_DK","og_type":"article","og_title":"Foldbart h\u00e6ngselbeslag - Mekulo DK","og_description":"\ud83e\udeb5Dette foldbare h\u00e6ngselbeslag giver kraftig st\u00f8tte, samtidig med at borde, b\u00e6nke og m\u00f8beldele kan foldes v\u00e6k, n\u00e5r de ikke er i brug. \ud83e\uddf2Det l\u00e5ses fast i en 90\u00b0 vinkel og foldes let ned, hvilket g\u00f8r det ideelt til at spare plads og bygge specialprojekter. \ud83d\udecb\ufe0fPerfect til g\u00f8r-det-selv-byggerier, hvor styrke, sikkerhed og fleksibilitet er afg\u00f8rende.","og_url":"https:\/\/mekulo.com\/dk\/produkt\/foldbart-haengselbeslag\/","og_site_name":"Mekulo DK","article_modified_time":"2026-01-28T17:37:11+00:00","og_image":[{"width":800,"height":800,"url":"https:\/\/mekulo.com\/dk\/wp-content\/uploads\/sites\/12\/2026\/01\/pf5lrs5-1.jpg","type":"image\/jpeg"}],"twitter_card":"summary_large_image","twitter_misc":{"Estimeret l\u00e6setid":"2 minutter"},"schema":{"@context":"https:\/\/schema.org","@graph":[{"@type":"WebPage","@id":"https:\/\/mekulo.com\/dk\/produkt\/foldbart-haengselbeslag\/","url":"https:\/\/mekulo.com\/dk\/produkt\/foldbart-haengselbeslag\/","name":"Foldbart h\u00e6ngselbeslag - Mekulo DK","isPartOf":{"@id":"https:\/\/mekulo.com\/dk\/#website"},"primaryImageOfPage":{"@id":"https:\/\/mekulo.com\/dk\/produkt\/foldbart-haengselbeslag\/#primaryimage"},"image":{"@id":"https:\/\/mekulo.com\/dk\/produkt\/foldbart-haengselbeslag\/#primaryimage"},"thumbnailUrl":"https:\/\/mekulo.com\/dk\/wp-content\/uploads\/sites\/12\/2026\/01\/pf5lrs5-1.jpg","datePublished":"2026-01-28T17:36:50+00:00","dateModified":"2026-01-28T17:37:11+00:00","breadcrumb":{"@id":"https:\/\/mekulo.com\/dk\/produkt\/foldbart-haengselbeslag\/#breadcrumb"},"inLanguage":"da-DK","potentialAction":[{"@type":"ReadAction","target":["https:\/\/mekulo.com\/dk\/produkt\/foldbart-haengselbeslag\/"]}]},{"@type":"ImageObject","inLanguage":"da-DK","@id":"https:\/\/mekulo.com\/dk\/produkt\/foldbart-haengselbeslag\/#primaryimage","url":"https:\/\/mekulo.com\/dk\/wp-content\/uploads\/sites\/12\/2026\/01\/pf5lrs5-1.jpg","contentUrl":"https:\/\/mekulo.com\/dk\/wp-content\/uploads\/sites\/12\/2026\/01\/pf5lrs5-1.jpg","width":800,"height":800},{"@type":"BreadcrumbList","@id":"https:\/\/mekulo.com\/dk\/produkt\/foldbart-haengselbeslag\/#breadcrumb","itemListElement":[{"@type":"ListItem","position":1,"name":"Home","item":"https:\/\/mekulo.com\/dk\/"},{"@type":"ListItem","position":2,"name":"Butik","item":"https:\/\/mekulo.com\/dk\/butik\/"},{"@type":"ListItem","position":3,"name":"Foldbart h\u00e6ngselbeslag"}]},{"@type":"WebSite","@id":"https:\/\/mekulo.com\/dk\/#website","url":"https:\/\/mekulo.com\/dk\/","name":"Mekulo DK","description":"","publisher":{"@id":"https:\/\/mekulo.com\/dk\/#organization"},"potentialAction":[{"@type":"SearchAction","target":{"@type":"EntryPoint","urlTemplate":"https:\/\/mekulo.com\/dk\/?s={search_term_string}"},"query-input":{"@type":"PropertyValueSpecification","valueRequired":true,"valueName":"search_term_string"}}],"inLanguage":"da-DK"},{"@type":"Organization","@id":"https:\/\/mekulo.com\/dk\/#organization","name":"Mekulo","url":"https:\/\/mekulo.com\/dk\/","logo":{"@type":"ImageObject","inLanguage":"da-DK","@id":"https:\/\/mekulo.com\/dk\/#\/schema\/logo\/image\/","url":"https:\/\/mekulo.com\/dk\/wp-content\/uploads\/sites\/12\/2025\/12\/favicon_mekulo.png","contentUrl":"https:\/\/mekulo.com\/dk\/wp-content\/uploads\/sites\/12\/2025\/12\/favicon_mekulo.png","width":50,"height":50,"caption":"Mekulo"},"image":{"@id":"https:\/\/mekulo.com\/dk\/#\/schema\/logo\/image\/"}}]}},"_links":{"self":[{"href":"https:\/\/mekulo.com\/dk\/wp-json\/wp\/v2\/product\/20445","targetHints":{"allow":["GET"]}}],"collection":[{"href":"https:\/\/mekulo.com\/dk\/wp-json\/wp\/v2\/product"}],"about":[{"href":"https:\/\/mekulo.com\/dk\/wp-json\/wp\/v2\/types\/product"}],"replies":[{"embeddable":true,"href":"https:\/\/mekulo.com\/dk\/wp-json\/wp\/v2\/comments?post=20445"}],"wp:featuredmedia":[{"embeddable":true,"href":"https:\/\/mekulo.com\/dk\/wp-json\/wp\/v2\/media\/20441"}],"wp:attachment":[{"href":"https:\/\/mekulo.com\/dk\/wp-json\/wp\/v2\/media?parent=20445"}],"wp:term":[{"taxonomy":"product_brand","embeddable":true,"href":"https:\/\/mekulo.com\/dk\/wp-json\/wp\/v2\/product_brand?post=20445"},{"taxonomy":"product_cat","embeddable":true,"href":"https:\/\/mekulo.com\/dk\/wp-json\/wp\/v2\/product_cat?post=20445"},{"taxonomy":"product_tag","embeddable":true,"href":"https:\/\/mekulo.com\/dk\/wp-json\/wp\/v2\/product_tag?post=20445"}],"curies":[{"name":"wp","href":"https:\/\/api.w.org\/{rel}","templated":true}]}}