{"id":20405,"date":"2026-01-28T19:27:35","date_gmt":"2026-01-28T17:27:35","guid":{"rendered":"https:\/\/mekulo.com\/dk\/produkt\/telt-til-kaeledyr\/"},"modified":"2026-01-28T19:27:54","modified_gmt":"2026-01-28T17:27:54","slug":"telt-til-kaeledyr","status":"publish","type":"product","link":"https:\/\/mekulo.com\/dk\/produkt\/telt-til-kaeledyr\/","title":{"rendered":"Telt til k\u00e6ledyr"},"content":{"rendered":"<p style=\"text-align: center\" data-start=\"14\" data-end=\"82\"><strong data-start=\"14\" data-end=\"82\">Et Hyggeligt Og Sikkert Skjulested, Der Holder Dit K\u00e6ledyr Varmt Og Afslappet. \ud83d\udc31<\/strong><\/p>\n<p data-start=\"14\" data-end=\"82\"><img decoding=\"async\" class=\"size-full wp-image-22208 aligncenter\" src=\"https:\/\/mekulo.com\/template\/wp-content\/uploads\/sites\/6\/2026\/01\/190cb0da4197b016db80445f17f9ddfdd60bbcf0.avif\" alt=\"\" \/><\/p>\n<h2 style=\"text-align: center\" data-start=\"559\" data-end=\"576\">Hovedfordele \ud83d\udc08<\/h2>\n<p data-start=\"578\" data-end=\"669\">\ud83d\udc3e Varmt og hyggeligt interi\u00f8r &#8211; Bl\u00f8d fleece og tyk polstring holder k\u00e6ledyr varme og komfortable.<\/p>\n<p data-start=\"671\" data-end=\"751\">\ud83c\udfe0 Halvlukket design &#8211; Skaber et privat rum, der hj\u00e6lper k\u00e6ledyr med at f\u00f8le sig trygge.<\/p>\n<p data-start=\"753\" data-end=\"832\">\ud83e\uddfc Aftagelig og vaskbar bund &#8211; Bund med lynl\u00e5s giver mulighed for nem maskinvask.<\/p>\n<p data-start=\"834\" data-end=\"915\">\ud83e\uddf2 Skridsikker bund &#8211; Oxford-bund hj\u00e6lper med at holde teltet stabilt p\u00e5 glatte gulve.<\/p>\n<p data-start=\"917\" data-end=\"1001\">\ud83c\udf2c \u00c5ndbar struktur &#8211; Fremmer luftgennemstr\u00f8mning for et friskt og behageligt milj\u00f8.<\/p>\n<p data-start=\"917\" data-end=\"1001\"><img fetchpriority=\"high\" decoding=\"async\" class=\"size-full wp-image-22210 aligncenter\" src=\"https:\/\/mekulo.com\/template\/wp-content\/uploads\/sites\/6\/2026\/01\/S72c1d91ce016483b8e59e6b97f62542c3.webp\" alt=\"\" width=\"1200\" height=\"1200\" \/><\/p>\n<h2 style=\"text-align: center\" data-start=\"1008\" data-end=\"1022\">S\u00e5dan Bruges \ud83d\udccc<\/h2>\n<ol data-start=\"1024\" data-end=\"1235\">\n<li data-start=\"1024\" data-end=\"1073\">\n<p data-start=\"1027\" data-end=\"1073\">Placer k\u00e6ledyrsteltet p\u00e5 en flad indend\u00f8rs overflade.<\/p>\n<\/li>\n<li data-start=\"1074\" data-end=\"1128\">\n<p data-start=\"1077\" data-end=\"1128\">Lad dit k\u00e6ledyr komme frit ind gennem den \u00e5bne front.<\/p>\n<\/li>\n<li data-start=\"1129\" data-end=\"1180\">\n<p data-start=\"1132\" data-end=\"1180\">Fjern bundpuden, n\u00e5r der er behov for reng\u00f8ring.<\/p>\n<\/li>\n<li data-start=\"1181\" data-end=\"1235\">\n<p data-start=\"1184\" data-end=\"1235\">Vask puden i maskinen, og saml den igen efter t\u00f8rring.<\/p>\n<\/li>\n<\/ol>\n<h2 style=\"text-align: center\" data-start=\"1242\" data-end=\"1261\">Produktdetaljer \ud83d\udccf<\/h2>\n<ul data-start=\"1263\" data-end=\"1534\">\n<li data-start=\"1263\" data-end=\"1314\">\n<p data-start=\"1265\" data-end=\"1314\">Materiale: Fleece + PP-bomuld + polyesterstof<\/p>\n<\/li>\n<li data-start=\"1315\" data-end=\"1348\">\n<p data-start=\"1317\" data-end=\"1348\">Bund: Skridsikker Oxford-klud<\/p>\n<\/li>\n<li data-start=\"1349\" data-end=\"1400\">\n<p data-start=\"1351\" data-end=\"1400\">Design: Semi-lukket med \u00e5ndbar struktur<\/p>\n<\/li>\n<li data-start=\"1401\" data-end=\"1445\">\n<p data-start=\"1403\" data-end=\"1445\">Velegnet til: Indend\u00f8rs katte og sm\u00e5 hunde<\/p>\n<\/li>\n<li data-start=\"1485\" data-end=\"1534\">\n<p data-start=\"1487\" data-end=\"1534\">Reng\u00f8ring: Aftagelig og maskinvaskbar bund<\/p>\n<\/li>\n<li data-start=\"1485\" data-end=\"1534\">St\u00f8rrelse: S (3 kg) (35 x 35 x 30 cm) , M (5 kg) (40 x 40 x 35 cm), L (7,5 kg) (50 x 50 x 45 cm)<\/li>\n<\/ul>\n<h2 style=\"text-align: center\" data-start=\"1541\" data-end=\"1561\">Pakken Indeholder \ud83d\udce6<\/h2>\n<ul data-start=\"1563\" data-end=\"1579\">\n<li data-start=\"1563\" data-end=\"1579\">\n<p data-start=\"1565\" data-end=\"1579\">1x k\u00e6ledyrstelt.<\/p>\n<\/li>\n<\/ul>\n","protected":false},"excerpt":{"rendered":"<p>\ud83d\udc08\u200d\u2b1bThis k\u00e6ledyrstelt skaber et bl\u00f8dt, halvlukket rum, hvor katte og sm\u00e5 hunde kan hvile komfortabelt.<br \/>\n\u26faDet giver varme, privatliv og et sikkert sted, hvor dit k\u00e6ledyr kan sove og f\u00f8le sig rolig indend\u00f8rs.<br \/>\n\ud83d\udca4Det halvlukkede design giver k\u00e6ledyr en f\u00f8lelse af sikkerhed uden at f\u00f8le sig lukket inde. Den er perfekt til daglige lure, nattes\u00f8vn eller stille afslapning.<\/p>\n","protected":false},"featured_media":20401,"comment_status":"open","ping_status":"closed","template":"","meta":{"site-sidebar-layout":"default","site-content-layout":"","ast-site-content-layout":"default","site-content-style":"default","site-sidebar-style":"default","ast-global-header-display":"","ast-banner-title-visibility":"","ast-main-header-display":"","ast-hfb-above-header-display":"","ast-hfb-below-header-display":"","ast-hfb-mobile-header-display":"","site-post-title":"","ast-breadcrumbs-content":"","ast-featured-img":"","footer-sml-layout":"","ast-disable-related-posts":"","theme-transparent-header-meta":"default","adv-header-id-meta":"","stick-header-meta":"","header-above-stick-meta":"","header-main-stick-meta":"","header-below-stick-meta":"","astra-migrate-meta-layouts":"set","ast-page-background-enabled":"default","ast-page-background-meta":{"desktop":{"background-color":"var(--ast-global-color-5)","background-image":"","background-repeat":"repeat","background-position":"center center","background-size":"auto","background-attachment":"scroll","background-type":"","background-media":"","overlay-type":"","overlay-color":"","overlay-opacity":"","overlay-gradient":""},"tablet":{"background-color":"","background-image":"","background-repeat":"repeat","background-position":"center center","background-size":"auto","background-attachment":"scroll","background-type":"","background-media":"","overlay-type":"","overlay-color":"","overlay-opacity":"","overlay-gradient":""},"mobile":{"background-color":"","background-image":"","background-repeat":"repeat","background-position":"center center","background-size":"auto","background-attachment":"scroll","background-type":"","background-media":"","overlay-type":"","overlay-color":"","overlay-opacity":"","overlay-gradient":""}},"ast-content-background-meta":{"desktop":{"background-color":"var(--ast-global-color-4)","background-image":"","background-repeat":"repeat","background-position":"center center","background-size":"auto","background-attachment":"scroll","background-type":"","background-media":"","overlay-type":"","overlay-color":"","overlay-opacity":"","overlay-gradient":""},"tablet":{"background-color":"var(--ast-global-color-4)","background-image":"","background-repeat":"repeat","background-position":"center center","background-size":"auto","background-attachment":"scroll","background-type":"","background-media":"","overlay-type":"","overlay-color":"","overlay-opacity":"","overlay-gradient":""},"mobile":{"background-color":"var(--ast-global-color-4)","background-image":"","background-repeat":"repeat","background-position":"center center","background-size":"auto","background-attachment":"scroll","background-type":"","background-media":"","overlay-type":"","overlay-color":"","overlay-opacity":"","overlay-gradient":""}}},"product_brand":[],"product_cat":[169],"product_tag":[],"class_list":{"0":"post-20405","1":"product","2":"type-product","3":"status-publish","4":"has-post-thumbnail","6":"product_cat-kaeledyrsprodukter","7":"pa_51988_o5hy01xv-l","8":"pa_51988_o5hy01xv-m","9":"pa_51988_o5hy01xv-s","10":"pa_51988_z4sse40y-groen","11":"pa_51988_z4sse40y-hvid","12":"desktop-align-left","13":"tablet-align-left","14":"mobile-align-left","16":"first","17":"instock","18":"shipping-taxable","19":"purchasable","20":"product-type-variable","21":"has-default-attributes"},"yoast_head":"<!-- This site is optimized with the Yoast SEO plugin v27.4 - https:\/\/yoast.com\/product\/yoast-seo-wordpress\/ -->\n<title>Telt til k\u00e6ledyr - Mekulo DK<\/title>\n<meta name=\"robots\" content=\"index, follow, max-snippet:-1, max-image-preview:large, max-video-preview:-1\" \/>\n<link rel=\"canonical\" href=\"https:\/\/mekulo.com\/dk\/produkt\/telt-til-kaeledyr\/\" \/>\n<meta property=\"og:locale\" content=\"da_DK\" \/>\n<meta property=\"og:type\" content=\"article\" \/>\n<meta property=\"og:title\" content=\"Telt til k\u00e6ledyr - Mekulo DK\" \/>\n<meta property=\"og:description\" content=\"\ud83d\udc08\u200d\u2b1bThis k\u00e6ledyrstelt skaber et bl\u00f8dt, halvlukket rum, hvor katte og sm\u00e5 hunde kan hvile komfortabelt. \u26faDet giver varme, privatliv og et sikkert sted, hvor dit k\u00e6ledyr kan sove og f\u00f8le sig rolig indend\u00f8rs. \ud83d\udca4Det halvlukkede design giver k\u00e6ledyr en f\u00f8lelse af sikkerhed uden at f\u00f8le sig lukket inde. Den er perfekt til daglige lure, nattes\u00f8vn eller stille afslapning.\" \/>\n<meta property=\"og:url\" content=\"https:\/\/mekulo.com\/dk\/produkt\/telt-til-kaeledyr\/\" \/>\n<meta property=\"og:site_name\" content=\"Mekulo DK\" \/>\n<meta property=\"article:modified_time\" content=\"2026-01-28T17:27:54+00:00\" \/>\n<meta property=\"og:image\" content=\"https:\/\/mekulo.com\/dk\/wp-content\/uploads\/sites\/12\/2026\/01\/6i37vhz-1.jpg\" \/>\n\t<meta property=\"og:image:width\" content=\"700\" \/>\n\t<meta property=\"og:image:height\" content=\"700\" \/>\n\t<meta property=\"og:image:type\" content=\"image\/jpeg\" \/>\n<meta name=\"twitter:card\" content=\"summary_large_image\" \/>\n<meta name=\"twitter:label1\" content=\"Estimeret l\u00e6setid\" \/>\n\t<meta name=\"twitter:data1\" content=\"2 minutter\" \/>\n<script type=\"application\/ld+json\" class=\"yoast-schema-graph\">{\"@context\":\"https:\\\/\\\/schema.org\",\"@graph\":[{\"@type\":\"WebPage\",\"@id\":\"https:\\\/\\\/mekulo.com\\\/dk\\\/produkt\\\/telt-til-kaeledyr\\\/\",\"url\":\"https:\\\/\\\/mekulo.com\\\/dk\\\/produkt\\\/telt-til-kaeledyr\\\/\",\"name\":\"Telt til k\u00e6ledyr - Mekulo DK\",\"isPartOf\":{\"@id\":\"https:\\\/\\\/mekulo.com\\\/dk\\\/#website\"},\"primaryImageOfPage\":{\"@id\":\"https:\\\/\\\/mekulo.com\\\/dk\\\/produkt\\\/telt-til-kaeledyr\\\/#primaryimage\"},\"image\":{\"@id\":\"https:\\\/\\\/mekulo.com\\\/dk\\\/produkt\\\/telt-til-kaeledyr\\\/#primaryimage\"},\"thumbnailUrl\":\"https:\\\/\\\/mekulo.com\\\/dk\\\/wp-content\\\/uploads\\\/sites\\\/12\\\/2026\\\/01\\\/6i37vhz-1.jpg\",\"datePublished\":\"2026-01-28T17:27:35+00:00\",\"dateModified\":\"2026-01-28T17:27:54+00:00\",\"breadcrumb\":{\"@id\":\"https:\\\/\\\/mekulo.com\\\/dk\\\/produkt\\\/telt-til-kaeledyr\\\/#breadcrumb\"},\"inLanguage\":\"da-DK\",\"potentialAction\":[{\"@type\":\"ReadAction\",\"target\":[\"https:\\\/\\\/mekulo.com\\\/dk\\\/produkt\\\/telt-til-kaeledyr\\\/\"]}]},{\"@type\":\"ImageObject\",\"inLanguage\":\"da-DK\",\"@id\":\"https:\\\/\\\/mekulo.com\\\/dk\\\/produkt\\\/telt-til-kaeledyr\\\/#primaryimage\",\"url\":\"https:\\\/\\\/mekulo.com\\\/dk\\\/wp-content\\\/uploads\\\/sites\\\/12\\\/2026\\\/01\\\/6i37vhz-1.jpg\",\"contentUrl\":\"https:\\\/\\\/mekulo.com\\\/dk\\\/wp-content\\\/uploads\\\/sites\\\/12\\\/2026\\\/01\\\/6i37vhz-1.jpg\",\"width\":700,\"height\":700},{\"@type\":\"BreadcrumbList\",\"@id\":\"https:\\\/\\\/mekulo.com\\\/dk\\\/produkt\\\/telt-til-kaeledyr\\\/#breadcrumb\",\"itemListElement\":[{\"@type\":\"ListItem\",\"position\":1,\"name\":\"Home\",\"item\":\"https:\\\/\\\/mekulo.com\\\/dk\\\/\"},{\"@type\":\"ListItem\",\"position\":2,\"name\":\"Butik\",\"item\":\"https:\\\/\\\/mekulo.com\\\/dk\\\/butik\\\/\"},{\"@type\":\"ListItem\",\"position\":3,\"name\":\"Telt til k\u00e6ledyr\"}]},{\"@type\":\"WebSite\",\"@id\":\"https:\\\/\\\/mekulo.com\\\/dk\\\/#website\",\"url\":\"https:\\\/\\\/mekulo.com\\\/dk\\\/\",\"name\":\"Mekulo DK\",\"description\":\"\",\"publisher\":{\"@id\":\"https:\\\/\\\/mekulo.com\\\/dk\\\/#organization\"},\"potentialAction\":[{\"@type\":\"SearchAction\",\"target\":{\"@type\":\"EntryPoint\",\"urlTemplate\":\"https:\\\/\\\/mekulo.com\\\/dk\\\/?s={search_term_string}\"},\"query-input\":{\"@type\":\"PropertyValueSpecification\",\"valueRequired\":true,\"valueName\":\"search_term_string\"}}],\"inLanguage\":\"da-DK\"},{\"@type\":\"Organization\",\"@id\":\"https:\\\/\\\/mekulo.com\\\/dk\\\/#organization\",\"name\":\"Mekulo\",\"url\":\"https:\\\/\\\/mekulo.com\\\/dk\\\/\",\"logo\":{\"@type\":\"ImageObject\",\"inLanguage\":\"da-DK\",\"@id\":\"https:\\\/\\\/mekulo.com\\\/dk\\\/#\\\/schema\\\/logo\\\/image\\\/\",\"url\":\"https:\\\/\\\/mekulo.com\\\/dk\\\/wp-content\\\/uploads\\\/sites\\\/12\\\/2025\\\/12\\\/favicon_mekulo.png\",\"contentUrl\":\"https:\\\/\\\/mekulo.com\\\/dk\\\/wp-content\\\/uploads\\\/sites\\\/12\\\/2025\\\/12\\\/favicon_mekulo.png\",\"width\":50,\"height\":50,\"caption\":\"Mekulo\"},\"image\":{\"@id\":\"https:\\\/\\\/mekulo.com\\\/dk\\\/#\\\/schema\\\/logo\\\/image\\\/\"}}]}<\/script>\n<!-- \/ Yoast SEO plugin. -->","yoast_head_json":{"title":"Telt til k\u00e6ledyr - Mekulo DK","robots":{"index":"index","follow":"follow","max-snippet":"max-snippet:-1","max-image-preview":"max-image-preview:large","max-video-preview":"max-video-preview:-1"},"canonical":"https:\/\/mekulo.com\/dk\/produkt\/telt-til-kaeledyr\/","og_locale":"da_DK","og_type":"article","og_title":"Telt til k\u00e6ledyr - Mekulo DK","og_description":"\ud83d\udc08\u200d\u2b1bThis k\u00e6ledyrstelt skaber et bl\u00f8dt, halvlukket rum, hvor katte og sm\u00e5 hunde kan hvile komfortabelt. \u26faDet giver varme, privatliv og et sikkert sted, hvor dit k\u00e6ledyr kan sove og f\u00f8le sig rolig indend\u00f8rs. \ud83d\udca4Det halvlukkede design giver k\u00e6ledyr en f\u00f8lelse af sikkerhed uden at f\u00f8le sig lukket inde. Den er perfekt til daglige lure, nattes\u00f8vn eller stille afslapning.","og_url":"https:\/\/mekulo.com\/dk\/produkt\/telt-til-kaeledyr\/","og_site_name":"Mekulo DK","article_modified_time":"2026-01-28T17:27:54+00:00","og_image":[{"width":700,"height":700,"url":"https:\/\/mekulo.com\/dk\/wp-content\/uploads\/sites\/12\/2026\/01\/6i37vhz-1.jpg","type":"image\/jpeg"}],"twitter_card":"summary_large_image","twitter_misc":{"Estimeret l\u00e6setid":"2 minutter"},"schema":{"@context":"https:\/\/schema.org","@graph":[{"@type":"WebPage","@id":"https:\/\/mekulo.com\/dk\/produkt\/telt-til-kaeledyr\/","url":"https:\/\/mekulo.com\/dk\/produkt\/telt-til-kaeledyr\/","name":"Telt til k\u00e6ledyr - Mekulo DK","isPartOf":{"@id":"https:\/\/mekulo.com\/dk\/#website"},"primaryImageOfPage":{"@id":"https:\/\/mekulo.com\/dk\/produkt\/telt-til-kaeledyr\/#primaryimage"},"image":{"@id":"https:\/\/mekulo.com\/dk\/produkt\/telt-til-kaeledyr\/#primaryimage"},"thumbnailUrl":"https:\/\/mekulo.com\/dk\/wp-content\/uploads\/sites\/12\/2026\/01\/6i37vhz-1.jpg","datePublished":"2026-01-28T17:27:35+00:00","dateModified":"2026-01-28T17:27:54+00:00","breadcrumb":{"@id":"https:\/\/mekulo.com\/dk\/produkt\/telt-til-kaeledyr\/#breadcrumb"},"inLanguage":"da-DK","potentialAction":[{"@type":"ReadAction","target":["https:\/\/mekulo.com\/dk\/produkt\/telt-til-kaeledyr\/"]}]},{"@type":"ImageObject","inLanguage":"da-DK","@id":"https:\/\/mekulo.com\/dk\/produkt\/telt-til-kaeledyr\/#primaryimage","url":"https:\/\/mekulo.com\/dk\/wp-content\/uploads\/sites\/12\/2026\/01\/6i37vhz-1.jpg","contentUrl":"https:\/\/mekulo.com\/dk\/wp-content\/uploads\/sites\/12\/2026\/01\/6i37vhz-1.jpg","width":700,"height":700},{"@type":"BreadcrumbList","@id":"https:\/\/mekulo.com\/dk\/produkt\/telt-til-kaeledyr\/#breadcrumb","itemListElement":[{"@type":"ListItem","position":1,"name":"Home","item":"https:\/\/mekulo.com\/dk\/"},{"@type":"ListItem","position":2,"name":"Butik","item":"https:\/\/mekulo.com\/dk\/butik\/"},{"@type":"ListItem","position":3,"name":"Telt til k\u00e6ledyr"}]},{"@type":"WebSite","@id":"https:\/\/mekulo.com\/dk\/#website","url":"https:\/\/mekulo.com\/dk\/","name":"Mekulo DK","description":"","publisher":{"@id":"https:\/\/mekulo.com\/dk\/#organization"},"potentialAction":[{"@type":"SearchAction","target":{"@type":"EntryPoint","urlTemplate":"https:\/\/mekulo.com\/dk\/?s={search_term_string}"},"query-input":{"@type":"PropertyValueSpecification","valueRequired":true,"valueName":"search_term_string"}}],"inLanguage":"da-DK"},{"@type":"Organization","@id":"https:\/\/mekulo.com\/dk\/#organization","name":"Mekulo","url":"https:\/\/mekulo.com\/dk\/","logo":{"@type":"ImageObject","inLanguage":"da-DK","@id":"https:\/\/mekulo.com\/dk\/#\/schema\/logo\/image\/","url":"https:\/\/mekulo.com\/dk\/wp-content\/uploads\/sites\/12\/2025\/12\/favicon_mekulo.png","contentUrl":"https:\/\/mekulo.com\/dk\/wp-content\/uploads\/sites\/12\/2025\/12\/favicon_mekulo.png","width":50,"height":50,"caption":"Mekulo"},"image":{"@id":"https:\/\/mekulo.com\/dk\/#\/schema\/logo\/image\/"}}]}},"_links":{"self":[{"href":"https:\/\/mekulo.com\/dk\/wp-json\/wp\/v2\/product\/20405","targetHints":{"allow":["GET"]}}],"collection":[{"href":"https:\/\/mekulo.com\/dk\/wp-json\/wp\/v2\/product"}],"about":[{"href":"https:\/\/mekulo.com\/dk\/wp-json\/wp\/v2\/types\/product"}],"replies":[{"embeddable":true,"href":"https:\/\/mekulo.com\/dk\/wp-json\/wp\/v2\/comments?post=20405"}],"wp:featuredmedia":[{"embeddable":true,"href":"https:\/\/mekulo.com\/dk\/wp-json\/wp\/v2\/media\/20401"}],"wp:attachment":[{"href":"https:\/\/mekulo.com\/dk\/wp-json\/wp\/v2\/media?parent=20405"}],"wp:term":[{"taxonomy":"product_brand","embeddable":true,"href":"https:\/\/mekulo.com\/dk\/wp-json\/wp\/v2\/product_brand?post=20405"},{"taxonomy":"product_cat","embeddable":true,"href":"https:\/\/mekulo.com\/dk\/wp-json\/wp\/v2\/product_cat?post=20405"},{"taxonomy":"product_tag","embeddable":true,"href":"https:\/\/mekulo.com\/dk\/wp-json\/wp\/v2\/product_tag?post=20405"}],"curies":[{"name":"wp","href":"https:\/\/api.w.org\/{rel}","templated":true}]}}