{"id":20370,"date":"2026-01-28T19:24:44","date_gmt":"2026-01-28T17:24:44","guid":{"rendered":"https:\/\/mekulo.com\/dk\/produkt\/caps-rengoeringsassistent\/"},"modified":"2026-02-03T18:37:38","modified_gmt":"2026-02-03T16:37:38","slug":"caps-rengoeringsassistent","status":"publish","type":"product","link":"https:\/\/mekulo.com\/dk\/produkt\/caps-rengoeringsassistent\/","title":{"rendered":"Caps reng\u00f8ringsassistent"},"content":{"rendered":"<p style=\"text-align: center\" data-start=\"29\" data-end=\"83\"><strong data-start=\"29\" data-end=\"83\">Reng\u00f8r dine kasketter sikkert uden at miste deres form. \ud83e\uddfc<\/strong><\/p>\n<p data-start=\"29\" data-end=\"83\"><img fetchpriority=\"high\" decoding=\"async\" class=\"size-full wp-image-22158 aligncenter\" src=\"https:\/\/mekulo.com\/template\/wp-content\/uploads\/sites\/6\/2026\/01\/89b74173fabb51740ae72c40c7dd20dbe63f121d-700.png\" alt=\"\" width=\"679\" height=\"732\" \/><\/p>\n<h2 style=\"text-align: center\" data-start=\"529\" data-end=\"546\"><strong>Hovedfordele \ud83e\udde2<\/strong><\/h2>\n<p data-start=\"548\" data-end=\"622\">\ud83e\udde2 Formbeskyttelse &#8211; Holder skygger og kroner fra at b\u00f8je eller knuse.<\/p>\n<p data-start=\"624\" data-end=\"688\">\ud83e\uddfa Sikker maskinvask &#8211; Fungerer i vaskemaskiner og t\u00f8rretumblere.<\/p>\n<p data-start=\"690\" data-end=\"754\">\u23f1 H\u00e5ndfri reng\u00f8ring &#8211; Ingen skrubning eller h\u00e5ndvask n\u00f8dvendig.<\/p>\n<p data-start=\"756\" data-end=\"829\">\ud83e\uddf3 Multi-use design &#8211; Brug til vask, opbevaring eller rejsebeskyttelse.<\/p>\n<p data-start=\"831\" data-end=\"893\">\ud83d\udcaa Holdbar konstruktion &#8211; St\u00e6rke materialer til gentagen brug.<\/p>\n<p data-start=\"831\" data-end=\"893\"><img decoding=\"async\" class=\"size-full wp-image-22163 aligncenter\" src=\"https:\/\/mekulo.com\/template\/wp-content\/uploads\/sites\/6\/2026\/01\/S13a824f8e9f64b8ab5a24423841434c75.jpg_960x960q75.jpg_.avif\" alt=\"\" width=\"800\" height=\"800\" \/><\/p>\n<h2 style=\"text-align: center\" data-start=\"900\" data-end=\"914\"><strong>S\u00e5dan Bruges \ud83d\udccc<\/strong><\/h2>\n<ol data-start=\"916\" data-end=\"1110\">\n<li data-start=\"916\" data-end=\"953\">\n<p data-start=\"919\" data-end=\"953\">Placer din kasket i rammen.<\/p>\n<\/li>\n<li data-start=\"954\" data-end=\"1009\">\n<p data-start=\"957\" data-end=\"1009\">S\u00e6t den fast i netholderen, eller luk den med lynl\u00e5s.<\/p>\n<\/li>\n<li data-start=\"1010\" data-end=\"1066\">\n<p data-start=\"1013\" data-end=\"1066\">L\u00e6g den i vaskemaskinen med almindeligt vasket\u00f8j.<\/p>\n<\/li>\n<li data-start=\"1067\" data-end=\"1110\">\n<p data-start=\"1070\" data-end=\"1110\">Luftt\u00f8r eller brug en t\u00f8rretumbler, hvis det anbefales.<\/p>\n<\/li>\n<\/ol>\n<h2 style=\"text-align: center\" data-start=\"1117\" data-end=\"1136\"><strong>Produktdetaljer \ud83d\udccf<\/strong><\/h2>\n<ul data-start=\"1138\" data-end=\"1349\">\n<li data-start=\"1138\" data-end=\"1187\">\n<p data-start=\"1140\" data-end=\"1187\">Anvendelse: Vask af kasketter, t\u00f8rring, opbevaring og rejser<\/p>\n<\/li>\n<li data-start=\"1188\" data-end=\"1246\">\n<p data-start=\"1190\" data-end=\"1246\">Kompatibel med: Baseballkasketter, golfhatte, sportshatte<\/p>\n<\/li>\n<li data-start=\"1247\" data-end=\"1299\">\n<p data-start=\"1249\" data-end=\"1299\">Materiale: Holdbar plastramme med netholder<\/p>\n<\/li>\n<li data-start=\"1300\" data-end=\"1349\">\n<p data-start=\"1302\" data-end=\"1349\">Design: Anti-deformation beskyttelsesstruktur<\/p>\n<\/li>\n<li data-start=\"1300\" data-end=\"1349\">\n<p data-start=\"1302\" data-end=\"1349\">St\u00f8rrelse p\u00e5 kaskettens reng\u00f8ringsassistent: 34 x 23 x 13 cm<\/p>\n<\/li>\n<li data-start=\"1300\" data-end=\"1349\">St\u00f8rrelse p\u00e5 tasken: 35 x 24 x 14 cm<\/li>\n<\/ul>\n<h2 style=\"text-align: center\" data-start=\"1356\" data-end=\"1376\"><strong>Pakken Indeholder \ud83d\udce6<\/strong><\/h2>\n<ul data-start=\"1378\" data-end=\"1409\">\n<li data-start=\"1378\" data-end=\"1409\">\n<p data-start=\"1380\" data-end=\"1409\">1, 2, 3x kasketrensningsassistent<\/p>\n<\/li>\n<li data-start=\"1378\" data-end=\"1409\">\n<p data-start=\"1380\" data-end=\"1409\">1, 2, 3x kasketrensningsassistent med poser.<\/p>\n<\/li>\n<\/ul>\n","protected":false},"excerpt":{"rendered":"<p>\ud83e\udde2Denne reng\u00f8ringsassistent til kasketter beskytter dine kasketter under vask, s\u00e5 de bliver rene og perfekt formede.<br \/>\n\ud83e\uddfcIngen b\u00f8jede skygger, knuste kroner eller besv\u00e6r med h\u00e5ndvask.<br \/>\n\ud83e\udee7Den holder dine kasketter p\u00e5 plads, mens vand og s\u00e6be renser dem grundigt. Perfekt til baseballkasketter, golfhatte og sportshatte.<\/p>\n","protected":false},"featured_media":20366,"comment_status":"open","ping_status":"closed","template":"","meta":{"site-sidebar-layout":"default","site-content-layout":"","ast-site-content-layout":"default","site-content-style":"default","site-sidebar-style":"default","ast-global-header-display":"","ast-banner-title-visibility":"","ast-main-header-display":"","ast-hfb-above-header-display":"","ast-hfb-below-header-display":"","ast-hfb-mobile-header-display":"","site-post-title":"","ast-breadcrumbs-content":"","ast-featured-img":"","footer-sml-layout":"","theme-transparent-header-meta":"default","adv-header-id-meta":"","stick-header-meta":"","header-above-stick-meta":"","header-main-stick-meta":"","header-below-stick-meta":"","astra-migrate-meta-layouts":"set","ast-page-background-enabled":"default","ast-page-background-meta":{"desktop":{"background-color":"var(--ast-global-color-5)","background-image":"","background-repeat":"repeat","background-position":"center center","background-size":"auto","background-attachment":"scroll","background-type":"","background-media":"","overlay-type":"","overlay-color":"","overlay-opacity":"","overlay-gradient":""},"tablet":{"background-color":"","background-image":"","background-repeat":"repeat","background-position":"center center","background-size":"auto","background-attachment":"scroll","background-type":"","background-media":"","overlay-type":"","overlay-color":"","overlay-opacity":"","overlay-gradient":""},"mobile":{"background-color":"","background-image":"","background-repeat":"repeat","background-position":"center center","background-size":"auto","background-attachment":"scroll","background-type":"","background-media":"","overlay-type":"","overlay-color":"","overlay-opacity":"","overlay-gradient":""}},"ast-content-background-meta":{"desktop":{"background-color":"var(--ast-global-color-4)","background-image":"","background-repeat":"repeat","background-position":"center center","background-size":"auto","background-attachment":"scroll","background-type":"","background-media":"","overlay-type":"","overlay-color":"","overlay-opacity":"","overlay-gradient":""},"tablet":{"background-color":"var(--ast-global-color-4)","background-image":"","background-repeat":"repeat","background-position":"center center","background-size":"auto","background-attachment":"scroll","background-type":"","background-media":"","overlay-type":"","overlay-color":"","overlay-opacity":"","overlay-gradient":""},"mobile":{"background-color":"var(--ast-global-color-4)","background-image":"","background-repeat":"repeat","background-position":"center center","background-size":"auto","background-attachment":"scroll","background-type":"","background-media":"","overlay-type":"","overlay-color":"","overlay-opacity":"","overlay-gradient":""}}},"product_brand":[],"product_cat":[168],"product_tag":[],"class_list":{"0":"post-20370","1":"product","2":"type-product","3":"status-publish","4":"has-post-thumbnail","6":"product_cat-husholdningsartikler","7":"pa_51985_6oq6iyc1-med-taske","8":"pa_51985_6oq6iyc1-uden-taske","9":"pa_51985_gj35f7x8-hvid","10":"pa_51985_gj35f7x8-sort","11":"pa_51985_m3u1i0dr-1-stk","12":"pa_51985_m3u1i0dr-2-stk","13":"pa_51985_m3u1i0dr-3-stk","14":"desktop-align-left","15":"tablet-align-left","16":"mobile-align-left","18":"first","19":"instock","20":"shipping-taxable","21":"purchasable","22":"product-type-variable","23":"has-default-attributes"},"yoast_head":"<!-- This site is optimized with the Yoast SEO plugin v26.6 - https:\/\/yoast.com\/wordpress\/plugins\/seo\/ -->\n<title>Caps reng\u00f8ringsassistent - Mekulo DK<\/title>\n<meta name=\"robots\" content=\"index, follow, max-snippet:-1, max-image-preview:large, max-video-preview:-1\" \/>\n<link rel=\"canonical\" href=\"https:\/\/mekulo.com\/dk\/produkt\/caps-rengoeringsassistent\/\" \/>\n<meta property=\"og:locale\" content=\"da_DK\" \/>\n<meta property=\"og:type\" content=\"article\" \/>\n<meta property=\"og:title\" content=\"Caps reng\u00f8ringsassistent - Mekulo DK\" \/>\n<meta property=\"og:description\" content=\"\ud83e\udde2Denne reng\u00f8ringsassistent til kasketter beskytter dine kasketter under vask, s\u00e5 de bliver rene og perfekt formede. \ud83e\uddfcIngen b\u00f8jede skygger, knuste kroner eller besv\u00e6r med h\u00e5ndvask. \ud83e\udee7Den holder dine kasketter p\u00e5 plads, mens vand og s\u00e6be renser dem grundigt. Perfekt til baseballkasketter, golfhatte og sportshatte.\" \/>\n<meta property=\"og:url\" content=\"https:\/\/mekulo.com\/dk\/produkt\/caps-rengoeringsassistent\/\" \/>\n<meta property=\"og:site_name\" content=\"Mekulo DK\" \/>\n<meta property=\"article:modified_time\" content=\"2026-02-03T16:37:38+00:00\" \/>\n<meta property=\"og:image\" content=\"https:\/\/mekulo.com\/dk\/wp-content\/uploads\/sites\/12\/2026\/01\/78jmeyc-1.jpg\" \/>\n\t<meta property=\"og:image:width\" content=\"679\" \/>\n\t<meta property=\"og:image:height\" content=\"666\" \/>\n\t<meta property=\"og:image:type\" content=\"image\/jpeg\" \/>\n<meta name=\"twitter:card\" content=\"summary_large_image\" \/>\n<meta name=\"twitter:label1\" content=\"Estimeret l\u00e6setid\" \/>\n\t<meta name=\"twitter:data1\" content=\"2 minutter\" \/>\n<script type=\"application\/ld+json\" class=\"yoast-schema-graph\">{\"@context\":\"https:\/\/schema.org\",\"@graph\":[{\"@type\":\"WebPage\",\"@id\":\"https:\/\/mekulo.com\/dk\/produkt\/caps-rengoeringsassistent\/\",\"url\":\"https:\/\/mekulo.com\/dk\/produkt\/caps-rengoeringsassistent\/\",\"name\":\"Caps reng\u00f8ringsassistent - Mekulo DK\",\"isPartOf\":{\"@id\":\"https:\/\/mekulo.com\/dk\/#website\"},\"primaryImageOfPage\":{\"@id\":\"https:\/\/mekulo.com\/dk\/produkt\/caps-rengoeringsassistent\/#primaryimage\"},\"image\":{\"@id\":\"https:\/\/mekulo.com\/dk\/produkt\/caps-rengoeringsassistent\/#primaryimage\"},\"thumbnailUrl\":\"https:\/\/mekulo.com\/dk\/wp-content\/uploads\/sites\/12\/2026\/01\/78jmeyc-1.jpg\",\"datePublished\":\"2026-01-28T17:24:44+00:00\",\"dateModified\":\"2026-02-03T16:37:38+00:00\",\"breadcrumb\":{\"@id\":\"https:\/\/mekulo.com\/dk\/produkt\/caps-rengoeringsassistent\/#breadcrumb\"},\"inLanguage\":\"da-DK\",\"potentialAction\":[{\"@type\":\"ReadAction\",\"target\":[\"https:\/\/mekulo.com\/dk\/produkt\/caps-rengoeringsassistent\/\"]}]},{\"@type\":\"ImageObject\",\"inLanguage\":\"da-DK\",\"@id\":\"https:\/\/mekulo.com\/dk\/produkt\/caps-rengoeringsassistent\/#primaryimage\",\"url\":\"https:\/\/mekulo.com\/dk\/wp-content\/uploads\/sites\/12\/2026\/01\/78jmeyc-1.jpg\",\"contentUrl\":\"https:\/\/mekulo.com\/dk\/wp-content\/uploads\/sites\/12\/2026\/01\/78jmeyc-1.jpg\",\"width\":679,\"height\":666},{\"@type\":\"BreadcrumbList\",\"@id\":\"https:\/\/mekulo.com\/dk\/produkt\/caps-rengoeringsassistent\/#breadcrumb\",\"itemListElement\":[{\"@type\":\"ListItem\",\"position\":1,\"name\":\"Home\",\"item\":\"https:\/\/mekulo.com\/dk\/\"},{\"@type\":\"ListItem\",\"position\":2,\"name\":\"Butik\",\"item\":\"https:\/\/mekulo.com\/dk\/butik\/\"},{\"@type\":\"ListItem\",\"position\":3,\"name\":\"Caps reng\u00f8ringsassistent\"}]},{\"@type\":\"WebSite\",\"@id\":\"https:\/\/mekulo.com\/dk\/#website\",\"url\":\"https:\/\/mekulo.com\/dk\/\",\"name\":\"Mekulo DK\",\"description\":\"\",\"publisher\":{\"@id\":\"https:\/\/mekulo.com\/dk\/#organization\"},\"potentialAction\":[{\"@type\":\"SearchAction\",\"target\":{\"@type\":\"EntryPoint\",\"urlTemplate\":\"https:\/\/mekulo.com\/dk\/?s={search_term_string}\"},\"query-input\":{\"@type\":\"PropertyValueSpecification\",\"valueRequired\":true,\"valueName\":\"search_term_string\"}}],\"inLanguage\":\"da-DK\"},{\"@type\":\"Organization\",\"@id\":\"https:\/\/mekulo.com\/dk\/#organization\",\"name\":\"Mekulo\",\"url\":\"https:\/\/mekulo.com\/dk\/\",\"logo\":{\"@type\":\"ImageObject\",\"inLanguage\":\"da-DK\",\"@id\":\"https:\/\/mekulo.com\/dk\/#\/schema\/logo\/image\/\",\"url\":\"https:\/\/mekulo.com\/dk\/wp-content\/uploads\/sites\/12\/2025\/12\/favicon_mekulo.png\",\"contentUrl\":\"https:\/\/mekulo.com\/dk\/wp-content\/uploads\/sites\/12\/2025\/12\/favicon_mekulo.png\",\"width\":50,\"height\":50,\"caption\":\"Mekulo\"},\"image\":{\"@id\":\"https:\/\/mekulo.com\/dk\/#\/schema\/logo\/image\/\"}}]}<\/script>\n<!-- \/ Yoast SEO plugin. -->","yoast_head_json":{"title":"Caps reng\u00f8ringsassistent - Mekulo DK","robots":{"index":"index","follow":"follow","max-snippet":"max-snippet:-1","max-image-preview":"max-image-preview:large","max-video-preview":"max-video-preview:-1"},"canonical":"https:\/\/mekulo.com\/dk\/produkt\/caps-rengoeringsassistent\/","og_locale":"da_DK","og_type":"article","og_title":"Caps reng\u00f8ringsassistent - Mekulo DK","og_description":"\ud83e\udde2Denne reng\u00f8ringsassistent til kasketter beskytter dine kasketter under vask, s\u00e5 de bliver rene og perfekt formede. \ud83e\uddfcIngen b\u00f8jede skygger, knuste kroner eller besv\u00e6r med h\u00e5ndvask. \ud83e\udee7Den holder dine kasketter p\u00e5 plads, mens vand og s\u00e6be renser dem grundigt. Perfekt til baseballkasketter, golfhatte og sportshatte.","og_url":"https:\/\/mekulo.com\/dk\/produkt\/caps-rengoeringsassistent\/","og_site_name":"Mekulo DK","article_modified_time":"2026-02-03T16:37:38+00:00","og_image":[{"width":679,"height":666,"url":"https:\/\/mekulo.com\/dk\/wp-content\/uploads\/sites\/12\/2026\/01\/78jmeyc-1.jpg","type":"image\/jpeg"}],"twitter_card":"summary_large_image","twitter_misc":{"Estimeret l\u00e6setid":"2 minutter"},"schema":{"@context":"https:\/\/schema.org","@graph":[{"@type":"WebPage","@id":"https:\/\/mekulo.com\/dk\/produkt\/caps-rengoeringsassistent\/","url":"https:\/\/mekulo.com\/dk\/produkt\/caps-rengoeringsassistent\/","name":"Caps reng\u00f8ringsassistent - Mekulo DK","isPartOf":{"@id":"https:\/\/mekulo.com\/dk\/#website"},"primaryImageOfPage":{"@id":"https:\/\/mekulo.com\/dk\/produkt\/caps-rengoeringsassistent\/#primaryimage"},"image":{"@id":"https:\/\/mekulo.com\/dk\/produkt\/caps-rengoeringsassistent\/#primaryimage"},"thumbnailUrl":"https:\/\/mekulo.com\/dk\/wp-content\/uploads\/sites\/12\/2026\/01\/78jmeyc-1.jpg","datePublished":"2026-01-28T17:24:44+00:00","dateModified":"2026-02-03T16:37:38+00:00","breadcrumb":{"@id":"https:\/\/mekulo.com\/dk\/produkt\/caps-rengoeringsassistent\/#breadcrumb"},"inLanguage":"da-DK","potentialAction":[{"@type":"ReadAction","target":["https:\/\/mekulo.com\/dk\/produkt\/caps-rengoeringsassistent\/"]}]},{"@type":"ImageObject","inLanguage":"da-DK","@id":"https:\/\/mekulo.com\/dk\/produkt\/caps-rengoeringsassistent\/#primaryimage","url":"https:\/\/mekulo.com\/dk\/wp-content\/uploads\/sites\/12\/2026\/01\/78jmeyc-1.jpg","contentUrl":"https:\/\/mekulo.com\/dk\/wp-content\/uploads\/sites\/12\/2026\/01\/78jmeyc-1.jpg","width":679,"height":666},{"@type":"BreadcrumbList","@id":"https:\/\/mekulo.com\/dk\/produkt\/caps-rengoeringsassistent\/#breadcrumb","itemListElement":[{"@type":"ListItem","position":1,"name":"Home","item":"https:\/\/mekulo.com\/dk\/"},{"@type":"ListItem","position":2,"name":"Butik","item":"https:\/\/mekulo.com\/dk\/butik\/"},{"@type":"ListItem","position":3,"name":"Caps reng\u00f8ringsassistent"}]},{"@type":"WebSite","@id":"https:\/\/mekulo.com\/dk\/#website","url":"https:\/\/mekulo.com\/dk\/","name":"Mekulo DK","description":"","publisher":{"@id":"https:\/\/mekulo.com\/dk\/#organization"},"potentialAction":[{"@type":"SearchAction","target":{"@type":"EntryPoint","urlTemplate":"https:\/\/mekulo.com\/dk\/?s={search_term_string}"},"query-input":{"@type":"PropertyValueSpecification","valueRequired":true,"valueName":"search_term_string"}}],"inLanguage":"da-DK"},{"@type":"Organization","@id":"https:\/\/mekulo.com\/dk\/#organization","name":"Mekulo","url":"https:\/\/mekulo.com\/dk\/","logo":{"@type":"ImageObject","inLanguage":"da-DK","@id":"https:\/\/mekulo.com\/dk\/#\/schema\/logo\/image\/","url":"https:\/\/mekulo.com\/dk\/wp-content\/uploads\/sites\/12\/2025\/12\/favicon_mekulo.png","contentUrl":"https:\/\/mekulo.com\/dk\/wp-content\/uploads\/sites\/12\/2025\/12\/favicon_mekulo.png","width":50,"height":50,"caption":"Mekulo"},"image":{"@id":"https:\/\/mekulo.com\/dk\/#\/schema\/logo\/image\/"}}]}},"_links":{"self":[{"href":"https:\/\/mekulo.com\/dk\/wp-json\/wp\/v2\/product\/20370","targetHints":{"allow":["GET"]}}],"collection":[{"href":"https:\/\/mekulo.com\/dk\/wp-json\/wp\/v2\/product"}],"about":[{"href":"https:\/\/mekulo.com\/dk\/wp-json\/wp\/v2\/types\/product"}],"replies":[{"embeddable":true,"href":"https:\/\/mekulo.com\/dk\/wp-json\/wp\/v2\/comments?post=20370"}],"wp:featuredmedia":[{"embeddable":true,"href":"https:\/\/mekulo.com\/dk\/wp-json\/wp\/v2\/media\/20366"}],"wp:attachment":[{"href":"https:\/\/mekulo.com\/dk\/wp-json\/wp\/v2\/media?parent=20370"}],"wp:term":[{"taxonomy":"product_brand","embeddable":true,"href":"https:\/\/mekulo.com\/dk\/wp-json\/wp\/v2\/product_brand?post=20370"},{"taxonomy":"product_cat","embeddable":true,"href":"https:\/\/mekulo.com\/dk\/wp-json\/wp\/v2\/product_cat?post=20370"},{"taxonomy":"product_tag","embeddable":true,"href":"https:\/\/mekulo.com\/dk\/wp-json\/wp\/v2\/product_tag?post=20370"}],"curies":[{"name":"wp","href":"https:\/\/api.w.org\/{rel}","templated":true}]}}