{"id":20288,"date":"2026-01-28T19:17:19","date_gmt":"2026-01-28T17:17:19","guid":{"rendered":"https:\/\/mekulo.com\/dk\/produkt\/usb-baerbart-elektrisk-loddekolbesaet\/"},"modified":"2026-02-03T18:35:14","modified_gmt":"2026-02-03T16:35:14","slug":"usb-baerbart-elektrisk-loddekolbesaet","status":"publish","type":"product","link":"https:\/\/mekulo.com\/dk\/produkt\/usb-baerbart-elektrisk-loddekolbesaet\/","title":{"rendered":"USB-b\u00e6rbart elektrisk loddekolbes\u00e6t"},"content":{"rendered":"<p style=\"text-align: center\" data-start=\"46\" data-end=\"118\"><strong data-start=\"46\" data-end=\"118\">Lodder Hurtigt Og Pr\u00e6cist Overalt Med Hurtig USB-Drevet Opvarmning. \ud83e\udee0<\/strong><\/p>\n<p data-start=\"46\" data-end=\"118\"><img fetchpriority=\"high\" decoding=\"async\" class=\"size-full wp-image-22088 aligncenter\" src=\"https:\/\/mekulo.com\/template\/wp-content\/uploads\/sites\/6\/2026\/01\/S64c112195ce74f1085c01b661207ec4fY.jpeg_960x960q75.jpeg_.jpg\" alt=\"\" width=\"1080\" height=\"1080\" \/><\/p>\n<h2 style=\"text-align: center\" data-start=\"709\" data-end=\"726\">Hovedfordele \ud83d\udc68\u200d\ud83d\udd27<\/h2>\n<p data-start=\"728\" data-end=\"787\">\ud83d\udd25 Hurtig opvarmning &#8211; smelter loddetin p\u00e5 mindre end 15 sekunder.<\/p>\n<p data-start=\"789\" data-end=\"844\">\ud83d\udd0b Genopladelig USB &#8211; drives af enhver 5V USB-kilde.<\/p>\n<p data-start=\"846\" data-end=\"916\">\ud83c\udf21 Justerbar temperatur &#8211; tre varmeniveauer fra 330\u00b0C til 450\u00b0C.<\/p>\n<p data-start=\"918\" data-end=\"986\">\ud83e\udde0 Automatisk dvaletilstand &#8211; Slukker efter 10 minutter for en sikkerheds skyld.<\/p>\n<p data-start=\"988\" data-end=\"1044\">\ud83e\uddf3 B\u00e6rbar og let &#8211; Nem at b\u00e6re og opbevare.<\/p>\n<p data-start=\"1046\" data-end=\"1113\">\ud83d\udd29 Pr\u00e6cis lille spids &#8211; Perfekt til SMD og fine loddeopgaver.<\/p>\n<p data-start=\"1046\" data-end=\"1113\"><img decoding=\"async\" class=\"size-full wp-image-22089 aligncenter\" src=\"https:\/\/mekulo.com\/template\/wp-content\/uploads\/sites\/6\/2026\/01\/2ce2de3cf5cad697ae93e01cfb383dae1e74f309-800.jpg\" alt=\"\" width=\"1080\" height=\"1080\" \/><\/p>\n<h2 style=\"text-align: center\" data-start=\"1120\" data-end=\"1134\">S\u00e5dan Bruges \ud83d\udccc<\/h2>\n<ol data-start=\"1136\" data-end=\"1457\">\n<li data-start=\"1136\" data-end=\"1190\">\n<p data-start=\"1139\" data-end=\"1190\">Tilslut loddekolben til en USB-str\u00f8mkilde.<\/p>\n<\/li>\n<li data-start=\"1191\" data-end=\"1256\">\n<p data-start=\"1194\" data-end=\"1256\">Tryk og hold t\u00e6nd\/sluk-knappen nede i 2 sekunder for at t\u00e6nde den.<\/p>\n<\/li>\n<li data-start=\"1257\" data-end=\"1314\">\n<p data-start=\"1260\" data-end=\"1314\">V\u00e6lg temperaturniveauet ved at trykke p\u00e5 knappen.<\/p>\n<\/li>\n<li data-start=\"1315\" data-end=\"1357\">\n<p data-start=\"1318\" data-end=\"1357\">Vent et par sekunder, indtil den varmer op.<\/p>\n<\/li>\n<li data-start=\"1358\" data-end=\"1395\">\n<p data-start=\"1361\" data-end=\"1395\">Begynd at lodde dine komponenter.<\/p>\n<\/li>\n<li data-start=\"1396\" data-end=\"1457\">\n<p data-start=\"1399\" data-end=\"1457\">Strygejernet g\u00e5r automatisk i dvaletilstand efter 10 minutter.<\/p>\n<\/li>\n<\/ol>\n<h2 style=\"text-align: center\" data-start=\"1464\" data-end=\"1483\">Produktdetaljer \ud83d\udccf<\/h2>\n<ul data-start=\"1485\" data-end=\"1789\">\n<li data-start=\"1527\" data-end=\"1543\">\n<p data-start=\"1529\" data-end=\"1543\">Effekt: 8-10W<\/p>\n<\/li>\n<li data-start=\"1544\" data-end=\"1578\">\n<p data-start=\"1546\" data-end=\"1578\">Temperaturomr\u00e5de: 330\u00b0C-450\u00b0C<\/p>\n<\/li>\n<li data-start=\"1579\" data-end=\"1613\">\n<p data-start=\"1581\" data-end=\"1613\">Heating time: Under 15 sekunder<\/p>\n<\/li>\n<li data-start=\"1614\" data-end=\"1692\">\n<p data-start=\"1616\" data-end=\"1640\">Temperaturindikator:<\/p>\n<ul data-start=\"1643\" data-end=\"1692\">\n<li data-start=\"1643\" data-end=\"1657\">\n<p data-start=\"1645\" data-end=\"1657\">Gr\u00f8n: Lav<\/p>\n<\/li>\n<li data-start=\"1660\" data-end=\"1676\">\n<p data-start=\"1662\" data-end=\"1676\">Bl\u00e5: Medium<\/p>\n<\/li>\n<li data-start=\"1679\" data-end=\"1692\">\n<p data-start=\"1681\" data-end=\"1692\">R\u00f8d: H\u00f8j<\/p>\n<\/li>\n<\/ul>\n<\/li>\n<li data-start=\"1693\" data-end=\"1724\">\n<p data-start=\"1695\" data-end=\"1724\">Automatisk dvale: 10 minutter<\/p>\n<\/li>\n<li data-start=\"1725\" data-end=\"1754\">\n<p data-start=\"1727\" data-end=\"1754\">Materiale: Rustfrit st\u00e5l<\/p>\n<\/li>\n<li data-start=\"1755\" data-end=\"1789\">\n<p data-start=\"1757\" data-end=\"1789\">Pakningsst\u00f8rrelse: 150 x 80 x 45 mm<\/p>\n<\/li>\n<\/ul>\n<h2 style=\"text-align: center\" data-start=\"1796\" data-end=\"1816\">Pakken Indeholder \ud83d\udce6<\/h2>\n<ul data-start=\"1818\" data-end=\"1955\">\n<li data-start=\"1818\" data-end=\"1844\">\n<p data-start=\"1820\" data-end=\"1844\">1x USB-loddekolbe<\/p>\n<\/li>\n<li data-start=\"1845\" data-end=\"1871\">\n<p data-start=\"1847\" data-end=\"1871\">1x loddespids<\/p>\n<\/li>\n<li data-start=\"1872\" data-end=\"1894\">\n<p data-start=\"1874\" data-end=\"1894\">1x USB-datakabel<\/p>\n<\/li>\n<li data-start=\"1895\" data-end=\"1918\">\n<p data-start=\"1897\" data-end=\"1918\">1x loddestativ<\/p>\n<\/li>\n<li data-start=\"1919\" data-end=\"1935\">\n<p data-start=\"1921\" data-end=\"1935\">1x tintr\u00e5d<\/p>\n<\/li>\n<li data-start=\"1936\" data-end=\"1955\">\n<p data-start=\"1938\" data-end=\"1955\">1x brugervejledning.<\/p>\n<\/li>\n<\/ul>\n","protected":false},"excerpt":{"rendered":"<p>\ud83d\udd25Designet til bekvemmelighed og effektivitet, n\u00e5r dette USB-b\u00e6rbare elektriske loddekolbes\u00e6t arbejdstemperatur p\u00e5 under 15 sekunder.<br \/>\n\ud83c\udf21Det tilbyder justerbare varmeindstillinger til forskellige opgaver og k\u00f8ler hurtigt ned efter brug.<br \/>\n\ud83c\udfe0Den lette st\u00f8rrelse g\u00f8r den ideel til rejser, reparationer i marken og detaljeret loddearbejde.<\/p>\n","protected":false},"featured_media":20284,"comment_status":"open","ping_status":"closed","template":"","meta":{"site-sidebar-layout":"default","site-content-layout":"","ast-site-content-layout":"default","site-content-style":"default","site-sidebar-style":"default","ast-global-header-display":"","ast-banner-title-visibility":"","ast-main-header-display":"","ast-hfb-above-header-display":"","ast-hfb-below-header-display":"","ast-hfb-mobile-header-display":"","site-post-title":"","ast-breadcrumbs-content":"","ast-featured-img":"","footer-sml-layout":"","theme-transparent-header-meta":"default","adv-header-id-meta":"","stick-header-meta":"","header-above-stick-meta":"","header-main-stick-meta":"","header-below-stick-meta":"","astra-migrate-meta-layouts":"set","ast-page-background-enabled":"default","ast-page-background-meta":{"desktop":{"background-color":"var(--ast-global-color-5)","background-image":"","background-repeat":"repeat","background-position":"center center","background-size":"auto","background-attachment":"scroll","background-type":"","background-media":"","overlay-type":"","overlay-color":"","overlay-opacity":"","overlay-gradient":""},"tablet":{"background-color":"","background-image":"","background-repeat":"repeat","background-position":"center center","background-size":"auto","background-attachment":"scroll","background-type":"","background-media":"","overlay-type":"","overlay-color":"","overlay-opacity":"","overlay-gradient":""},"mobile":{"background-color":"","background-image":"","background-repeat":"repeat","background-position":"center center","background-size":"auto","background-attachment":"scroll","background-type":"","background-media":"","overlay-type":"","overlay-color":"","overlay-opacity":"","overlay-gradient":""}},"ast-content-background-meta":{"desktop":{"background-color":"var(--ast-global-color-4)","background-image":"","background-repeat":"repeat","background-position":"center center","background-size":"auto","background-attachment":"scroll","background-type":"","background-media":"","overlay-type":"","overlay-color":"","overlay-opacity":"","overlay-gradient":""},"tablet":{"background-color":"var(--ast-global-color-4)","background-image":"","background-repeat":"repeat","background-position":"center center","background-size":"auto","background-attachment":"scroll","background-type":"","background-media":"","overlay-type":"","overlay-color":"","overlay-opacity":"","overlay-gradient":""},"mobile":{"background-color":"var(--ast-global-color-4)","background-image":"","background-repeat":"repeat","background-position":"center center","background-size":"auto","background-attachment":"scroll","background-type":"","background-media":"","overlay-type":"","overlay-color":"","overlay-opacity":"","overlay-gradient":""}}},"product_brand":[],"product_cat":[171],"product_tag":[],"class_list":{"0":"post-20288","1":"product","2":"type-product","3":"status-publish","4":"has-post-thumbnail","6":"product_cat-vaerktoejer","7":"pa_51796_22vk2avg-a","8":"pa_51796_22vk2avg-b","9":"pa_51796_22vk2avg-saet-af-a-og-b","10":"desktop-align-left","11":"tablet-align-left","12":"mobile-align-left","14":"first","15":"instock","16":"shipping-taxable","17":"purchasable","18":"product-type-variable"},"yoast_head":"<!-- This site is optimized with the Yoast SEO plugin v26.6 - https:\/\/yoast.com\/wordpress\/plugins\/seo\/ -->\n<title>USB-b\u00e6rbart elektrisk loddekolbes\u00e6t - Mekulo DK<\/title>\n<meta name=\"robots\" content=\"index, follow, max-snippet:-1, max-image-preview:large, max-video-preview:-1\" \/>\n<link rel=\"canonical\" href=\"https:\/\/mekulo.com\/dk\/produkt\/usb-baerbart-elektrisk-loddekolbesaet\/\" \/>\n<meta property=\"og:locale\" content=\"da_DK\" \/>\n<meta property=\"og:type\" content=\"article\" \/>\n<meta property=\"og:title\" content=\"USB-b\u00e6rbart elektrisk loddekolbes\u00e6t - Mekulo DK\" \/>\n<meta property=\"og:description\" content=\"\ud83d\udd25Designet til bekvemmelighed og effektivitet, n\u00e5r dette USB-b\u00e6rbare elektriske loddekolbes\u00e6t arbejdstemperatur p\u00e5 under 15 sekunder. \ud83c\udf21Det tilbyder justerbare varmeindstillinger til forskellige opgaver og k\u00f8ler hurtigt ned efter brug. \ud83c\udfe0Den lette st\u00f8rrelse g\u00f8r den ideel til rejser, reparationer i marken og detaljeret loddearbejde.\" \/>\n<meta property=\"og:url\" content=\"https:\/\/mekulo.com\/dk\/produkt\/usb-baerbart-elektrisk-loddekolbesaet\/\" \/>\n<meta property=\"og:site_name\" content=\"Mekulo DK\" \/>\n<meta property=\"article:modified_time\" content=\"2026-02-03T16:35:14+00:00\" \/>\n<meta property=\"og:image\" content=\"https:\/\/mekulo.com\/dk\/wp-content\/uploads\/sites\/12\/2026\/01\/29stfg2-1.jpg\" \/>\n\t<meta property=\"og:image:width\" content=\"800\" \/>\n\t<meta property=\"og:image:height\" content=\"800\" \/>\n\t<meta property=\"og:image:type\" content=\"image\/jpeg\" \/>\n<meta name=\"twitter:card\" content=\"summary_large_image\" \/>\n<meta name=\"twitter:label1\" content=\"Estimeret l\u00e6setid\" \/>\n\t<meta name=\"twitter:data1\" content=\"2 minutter\" \/>\n<script type=\"application\/ld+json\" class=\"yoast-schema-graph\">{\"@context\":\"https:\/\/schema.org\",\"@graph\":[{\"@type\":\"WebPage\",\"@id\":\"https:\/\/mekulo.com\/dk\/produkt\/usb-baerbart-elektrisk-loddekolbesaet\/\",\"url\":\"https:\/\/mekulo.com\/dk\/produkt\/usb-baerbart-elektrisk-loddekolbesaet\/\",\"name\":\"USB-b\u00e6rbart elektrisk loddekolbes\u00e6t - Mekulo DK\",\"isPartOf\":{\"@id\":\"https:\/\/mekulo.com\/dk\/#website\"},\"primaryImageOfPage\":{\"@id\":\"https:\/\/mekulo.com\/dk\/produkt\/usb-baerbart-elektrisk-loddekolbesaet\/#primaryimage\"},\"image\":{\"@id\":\"https:\/\/mekulo.com\/dk\/produkt\/usb-baerbart-elektrisk-loddekolbesaet\/#primaryimage\"},\"thumbnailUrl\":\"https:\/\/mekulo.com\/dk\/wp-content\/uploads\/sites\/12\/2026\/01\/29stfg2-1.jpg\",\"datePublished\":\"2026-01-28T17:17:19+00:00\",\"dateModified\":\"2026-02-03T16:35:14+00:00\",\"breadcrumb\":{\"@id\":\"https:\/\/mekulo.com\/dk\/produkt\/usb-baerbart-elektrisk-loddekolbesaet\/#breadcrumb\"},\"inLanguage\":\"da-DK\",\"potentialAction\":[{\"@type\":\"ReadAction\",\"target\":[\"https:\/\/mekulo.com\/dk\/produkt\/usb-baerbart-elektrisk-loddekolbesaet\/\"]}]},{\"@type\":\"ImageObject\",\"inLanguage\":\"da-DK\",\"@id\":\"https:\/\/mekulo.com\/dk\/produkt\/usb-baerbart-elektrisk-loddekolbesaet\/#primaryimage\",\"url\":\"https:\/\/mekulo.com\/dk\/wp-content\/uploads\/sites\/12\/2026\/01\/29stfg2-1.jpg\",\"contentUrl\":\"https:\/\/mekulo.com\/dk\/wp-content\/uploads\/sites\/12\/2026\/01\/29stfg2-1.jpg\",\"width\":800,\"height\":800},{\"@type\":\"BreadcrumbList\",\"@id\":\"https:\/\/mekulo.com\/dk\/produkt\/usb-baerbart-elektrisk-loddekolbesaet\/#breadcrumb\",\"itemListElement\":[{\"@type\":\"ListItem\",\"position\":1,\"name\":\"Home\",\"item\":\"https:\/\/mekulo.com\/dk\/\"},{\"@type\":\"ListItem\",\"position\":2,\"name\":\"Butik\",\"item\":\"https:\/\/mekulo.com\/dk\/butik\/\"},{\"@type\":\"ListItem\",\"position\":3,\"name\":\"USB-b\u00e6rbart elektrisk loddekolbes\u00e6t\"}]},{\"@type\":\"WebSite\",\"@id\":\"https:\/\/mekulo.com\/dk\/#website\",\"url\":\"https:\/\/mekulo.com\/dk\/\",\"name\":\"Mekulo DK\",\"description\":\"\",\"publisher\":{\"@id\":\"https:\/\/mekulo.com\/dk\/#organization\"},\"potentialAction\":[{\"@type\":\"SearchAction\",\"target\":{\"@type\":\"EntryPoint\",\"urlTemplate\":\"https:\/\/mekulo.com\/dk\/?s={search_term_string}\"},\"query-input\":{\"@type\":\"PropertyValueSpecification\",\"valueRequired\":true,\"valueName\":\"search_term_string\"}}],\"inLanguage\":\"da-DK\"},{\"@type\":\"Organization\",\"@id\":\"https:\/\/mekulo.com\/dk\/#organization\",\"name\":\"Mekulo\",\"url\":\"https:\/\/mekulo.com\/dk\/\",\"logo\":{\"@type\":\"ImageObject\",\"inLanguage\":\"da-DK\",\"@id\":\"https:\/\/mekulo.com\/dk\/#\/schema\/logo\/image\/\",\"url\":\"https:\/\/mekulo.com\/dk\/wp-content\/uploads\/sites\/12\/2025\/12\/favicon_mekulo.png\",\"contentUrl\":\"https:\/\/mekulo.com\/dk\/wp-content\/uploads\/sites\/12\/2025\/12\/favicon_mekulo.png\",\"width\":50,\"height\":50,\"caption\":\"Mekulo\"},\"image\":{\"@id\":\"https:\/\/mekulo.com\/dk\/#\/schema\/logo\/image\/\"}}]}<\/script>\n<!-- \/ Yoast SEO plugin. -->","yoast_head_json":{"title":"USB-b\u00e6rbart elektrisk loddekolbes\u00e6t - Mekulo DK","robots":{"index":"index","follow":"follow","max-snippet":"max-snippet:-1","max-image-preview":"max-image-preview:large","max-video-preview":"max-video-preview:-1"},"canonical":"https:\/\/mekulo.com\/dk\/produkt\/usb-baerbart-elektrisk-loddekolbesaet\/","og_locale":"da_DK","og_type":"article","og_title":"USB-b\u00e6rbart elektrisk loddekolbes\u00e6t - Mekulo DK","og_description":"\ud83d\udd25Designet til bekvemmelighed og effektivitet, n\u00e5r dette USB-b\u00e6rbare elektriske loddekolbes\u00e6t arbejdstemperatur p\u00e5 under 15 sekunder. \ud83c\udf21Det tilbyder justerbare varmeindstillinger til forskellige opgaver og k\u00f8ler hurtigt ned efter brug. \ud83c\udfe0Den lette st\u00f8rrelse g\u00f8r den ideel til rejser, reparationer i marken og detaljeret loddearbejde.","og_url":"https:\/\/mekulo.com\/dk\/produkt\/usb-baerbart-elektrisk-loddekolbesaet\/","og_site_name":"Mekulo DK","article_modified_time":"2026-02-03T16:35:14+00:00","og_image":[{"width":800,"height":800,"url":"https:\/\/mekulo.com\/dk\/wp-content\/uploads\/sites\/12\/2026\/01\/29stfg2-1.jpg","type":"image\/jpeg"}],"twitter_card":"summary_large_image","twitter_misc":{"Estimeret l\u00e6setid":"2 minutter"},"schema":{"@context":"https:\/\/schema.org","@graph":[{"@type":"WebPage","@id":"https:\/\/mekulo.com\/dk\/produkt\/usb-baerbart-elektrisk-loddekolbesaet\/","url":"https:\/\/mekulo.com\/dk\/produkt\/usb-baerbart-elektrisk-loddekolbesaet\/","name":"USB-b\u00e6rbart elektrisk loddekolbes\u00e6t - Mekulo DK","isPartOf":{"@id":"https:\/\/mekulo.com\/dk\/#website"},"primaryImageOfPage":{"@id":"https:\/\/mekulo.com\/dk\/produkt\/usb-baerbart-elektrisk-loddekolbesaet\/#primaryimage"},"image":{"@id":"https:\/\/mekulo.com\/dk\/produkt\/usb-baerbart-elektrisk-loddekolbesaet\/#primaryimage"},"thumbnailUrl":"https:\/\/mekulo.com\/dk\/wp-content\/uploads\/sites\/12\/2026\/01\/29stfg2-1.jpg","datePublished":"2026-01-28T17:17:19+00:00","dateModified":"2026-02-03T16:35:14+00:00","breadcrumb":{"@id":"https:\/\/mekulo.com\/dk\/produkt\/usb-baerbart-elektrisk-loddekolbesaet\/#breadcrumb"},"inLanguage":"da-DK","potentialAction":[{"@type":"ReadAction","target":["https:\/\/mekulo.com\/dk\/produkt\/usb-baerbart-elektrisk-loddekolbesaet\/"]}]},{"@type":"ImageObject","inLanguage":"da-DK","@id":"https:\/\/mekulo.com\/dk\/produkt\/usb-baerbart-elektrisk-loddekolbesaet\/#primaryimage","url":"https:\/\/mekulo.com\/dk\/wp-content\/uploads\/sites\/12\/2026\/01\/29stfg2-1.jpg","contentUrl":"https:\/\/mekulo.com\/dk\/wp-content\/uploads\/sites\/12\/2026\/01\/29stfg2-1.jpg","width":800,"height":800},{"@type":"BreadcrumbList","@id":"https:\/\/mekulo.com\/dk\/produkt\/usb-baerbart-elektrisk-loddekolbesaet\/#breadcrumb","itemListElement":[{"@type":"ListItem","position":1,"name":"Home","item":"https:\/\/mekulo.com\/dk\/"},{"@type":"ListItem","position":2,"name":"Butik","item":"https:\/\/mekulo.com\/dk\/butik\/"},{"@type":"ListItem","position":3,"name":"USB-b\u00e6rbart elektrisk loddekolbes\u00e6t"}]},{"@type":"WebSite","@id":"https:\/\/mekulo.com\/dk\/#website","url":"https:\/\/mekulo.com\/dk\/","name":"Mekulo DK","description":"","publisher":{"@id":"https:\/\/mekulo.com\/dk\/#organization"},"potentialAction":[{"@type":"SearchAction","target":{"@type":"EntryPoint","urlTemplate":"https:\/\/mekulo.com\/dk\/?s={search_term_string}"},"query-input":{"@type":"PropertyValueSpecification","valueRequired":true,"valueName":"search_term_string"}}],"inLanguage":"da-DK"},{"@type":"Organization","@id":"https:\/\/mekulo.com\/dk\/#organization","name":"Mekulo","url":"https:\/\/mekulo.com\/dk\/","logo":{"@type":"ImageObject","inLanguage":"da-DK","@id":"https:\/\/mekulo.com\/dk\/#\/schema\/logo\/image\/","url":"https:\/\/mekulo.com\/dk\/wp-content\/uploads\/sites\/12\/2025\/12\/favicon_mekulo.png","contentUrl":"https:\/\/mekulo.com\/dk\/wp-content\/uploads\/sites\/12\/2025\/12\/favicon_mekulo.png","width":50,"height":50,"caption":"Mekulo"},"image":{"@id":"https:\/\/mekulo.com\/dk\/#\/schema\/logo\/image\/"}}]}},"_links":{"self":[{"href":"https:\/\/mekulo.com\/dk\/wp-json\/wp\/v2\/product\/20288","targetHints":{"allow":["GET"]}}],"collection":[{"href":"https:\/\/mekulo.com\/dk\/wp-json\/wp\/v2\/product"}],"about":[{"href":"https:\/\/mekulo.com\/dk\/wp-json\/wp\/v2\/types\/product"}],"replies":[{"embeddable":true,"href":"https:\/\/mekulo.com\/dk\/wp-json\/wp\/v2\/comments?post=20288"}],"wp:featuredmedia":[{"embeddable":true,"href":"https:\/\/mekulo.com\/dk\/wp-json\/wp\/v2\/media\/20284"}],"wp:attachment":[{"href":"https:\/\/mekulo.com\/dk\/wp-json\/wp\/v2\/media?parent=20288"}],"wp:term":[{"taxonomy":"product_brand","embeddable":true,"href":"https:\/\/mekulo.com\/dk\/wp-json\/wp\/v2\/product_brand?post=20288"},{"taxonomy":"product_cat","embeddable":true,"href":"https:\/\/mekulo.com\/dk\/wp-json\/wp\/v2\/product_cat?post=20288"},{"taxonomy":"product_tag","embeddable":true,"href":"https:\/\/mekulo.com\/dk\/wp-json\/wp\/v2\/product_tag?post=20288"}],"curies":[{"name":"wp","href":"https:\/\/api.w.org\/{rel}","templated":true}]}}