{"id":20253,"date":"2026-01-28T19:14:28","date_gmt":"2026-01-28T17:14:28","guid":{"rendered":"https:\/\/mekulo.com\/dk\/produkt\/fleksibel-usb-opladelig-boglampe\/"},"modified":"2026-03-02T12:29:36","modified_gmt":"2026-03-02T10:29:36","slug":"fleksibel-usb-opladelig-boglampe","status":"publish","type":"product","link":"https:\/\/mekulo.com\/dk\/produkt\/fleksibel-usb-opladelig-boglampe\/","title":{"rendered":"Fleksibel USB-opladelig boglampe"},"content":{"rendered":"<p style=\"text-align: center\" data-start=\"42\" data-end=\"104\"><strong data-start=\"42\" data-end=\"104\">L\u00e6s komfortabelt om natten med bl\u00f8dt, \u00f8jensikkert ravfarvet lys. \ud83d\udc41\ufe0f<\/strong><\/p>\n<p data-start=\"42\" data-end=\"104\"><img fetchpriority=\"high\" decoding=\"async\" class=\"size-full wp-image-22055 aligncenter\" src=\"https:\/\/mekulo.com\/template\/wp-content\/uploads\/sites\/6\/2026\/01\/fec6827634ad107546cfe7e90425cbc7edcde31b.jpg\" alt=\"\" width=\"1080\" height=\"442\" \/><\/p>\n<h2 style=\"text-align: center\"><b><strong>Vigtigste fordele<\/strong><\/b><\/h2>\n<p style=\"text-align: center\" data-start=\"655\" data-end=\"726\">\ud83d\udc41 \u00d8jenpleje med ravfarvet lys &#8211; 1800K varmt lys blokerer 99,95 % af det bl\u00e5 lys.<\/p>\n<p style=\"text-align: center\" data-start=\"728\" data-end=\"796\">\ud83d\udd0b USB-genopladelig \u2013 Indbygget USB-opladning uden ekstra kabler.<\/p>\n<p style=\"text-align: center\" data-start=\"798\" data-end=\"863\">\ud83d\udca1 3 lysstyrkeniveauer \u2013 V\u00e6lg mellem 30 %, 60 % eller 100 % lysstyrke.<\/p>\n<p style=\"text-align: center\" data-start=\"865\" data-end=\"943\">\ud83d\udcd6 Klips- og bogm\u00e6rkedesign \u2013 Klips fast og foldes fladt sammen, n\u00e5r det ikke er i brug.<\/p>\n<p style=\"text-align: center\" data-start=\"945\" data-end=\"1018\">\ud83d\udd04 Fuldt fleksibel vinkel &#8211; Juster lysretningen for perfekt visning.<\/p>\n<p style=\"text-align: center\" data-start=\"1020\" data-end=\"1099\">\ud83e\udeb6 Let og b\u00e6rbar &#8211; Kun 39 g, ideel til rejser og brug ved sengen.<\/p>\n<p data-start=\"1020\" data-end=\"1099\"><img decoding=\"async\" class=\"size-full wp-image-22056 aligncenter\" src=\"https:\/\/mekulo.com\/template\/wp-content\/uploads\/sites\/6\/2026\/01\/1464x600_85df15b9-66d8-4b06-a376-dc1cbcde932b-1.jpg\" alt=\"\" width=\"1080\" height=\"442\" \/><\/p>\n<h2 style=\"text-align: center\" data-start=\"1106\" data-end=\"1120\"><strong>S\u00e5dan Bruges \ud83d\udccc<\/strong><\/h2>\n<ol data-start=\"1122\" data-end=\"1355\">\n<li data-start=\"1122\" data-end=\"1168\">\n<p data-start=\"1125\" data-end=\"1168\">Klip lyset fast p\u00e5 din bog eller overflade.<\/p>\n<\/li>\n<li data-start=\"1169\" data-end=\"1220\">\n<p data-start=\"1172\" data-end=\"1220\">B\u00f8j den fleksible arm til din foretrukne vinkel.<\/p>\n<\/li>\n<li data-start=\"1221\" data-end=\"1264\">\n<p data-start=\"1224\" data-end=\"1264\">Tryk p\u00e5 knappen for at justere lysstyrken.<\/p>\n<\/li>\n<li data-start=\"1265\" data-end=\"1303\">\n<p data-start=\"1268\" data-end=\"1303\">Langt tryk for at slukke lyset.<\/p>\n<\/li>\n<li data-start=\"1304\" data-end=\"1355\">\n<p data-start=\"1307\" data-end=\"1355\">Genoplad ved at tilslutte direkte til en USB-port.<\/p>\n<\/li>\n<\/ol>\n<h2 style=\"text-align: center\" data-start=\"1362\" data-end=\"1381\"><strong>Produktdetaljer \ud83d\udccf<\/strong><\/h2>\n<ul data-start=\"1383\" data-end=\"1680\">\n<li data-start=\"1383\" data-end=\"1413\">\n<p data-start=\"1385\" data-end=\"1413\">Lysfarve: Amber (1800K)<\/p>\n<\/li>\n<li data-start=\"1414\" data-end=\"1445\">\n<p data-start=\"1416\" data-end=\"1445\">Blokering af bl\u00e5t lys: 99,95%<\/p>\n<\/li>\n<li data-start=\"1446\" data-end=\"1480\">\n<p data-start=\"1448\" data-end=\"1480\">Batteri: 200mA lithiumbatteri<\/p>\n<\/li>\n<li data-start=\"1481\" data-end=\"1515\">\n<p data-start=\"1483\" data-end=\"1515\">Opladningstid: Ca. 1,5 timer<\/p>\n<\/li>\n<li data-start=\"1516\" data-end=\"1545\">\n<p data-start=\"1518\" data-end=\"1545\">Brugstid: Op til 8 timer<\/p>\n<\/li>\n<li data-start=\"1546\" data-end=\"1589\">\n<p data-start=\"1548\" data-end=\"1589\">Lysstyrkeniveauer: 3 (30% \/ 60% \/ 100%)<\/p>\n<\/li>\n<li data-start=\"1590\" data-end=\"1609\">\n<p data-start=\"1592\" data-end=\"1609\">V\u00e6gt: 39 g<\/p>\n<\/li>\n<li data-start=\"1610\" data-end=\"1649\">\n<p data-start=\"1612\" data-end=\"1649\">Vinkeljustering: 315\u00b0 fleksibel arm<\/p>\n<\/li>\n<li data-start=\"1650\" data-end=\"1680\">\n<p data-start=\"1652\" data-end=\"1680\">Str\u00f8mkilde: Indbygget USB<\/p>\n<\/li>\n<li data-start=\"1650\" data-end=\"1680\">St\u00f8rrelse: 10,5 x 4,6 cm<\/li>\n<\/ul>\n<h2 style=\"text-align: center\" data-start=\"1687\" data-end=\"1707\"><strong>Pakken Indeholder \ud83d\udce6<\/strong><\/h2>\n<ul data-start=\"1709\" data-end=\"1753\">\n<li style=\"list-style-type: none\">\n<ul data-start=\"1709\" data-end=\"1753\">\n<li data-start=\"1709\" data-end=\"1753\">\n<p data-start=\"1711\" data-end=\"1753\">1, 2, 3x fleksibel USB genopladelig boglampe.<\/p>\n<\/li>\n<\/ul>\n<\/li>\n<\/ul>\n","protected":false},"excerpt":{"rendered":"<p>\ud83d\udcd7Designet til nattel\u00e6sere, denne fleksible genopladelige USB-boglampe blokerer n\u00e6sten alt bl\u00e5t lys for at reducere belastningen af \u00f8jnene og beskytte din s\u00f8vncyklus.<br \/>\n\ud83c\udf03Det kompakte og fleksible design g\u00f8r den perfekt til sovev\u00e6relser, rejser eller studiesessioner sent om aftenen.<br \/>\n\ud83e\uddd8\u200d\u2640\ufe0fIt leverer fokuseret lys pr\u00e6cis, hvor du har brug for det.<\/p>\n","protected":false},"featured_media":20249,"comment_status":"open","ping_status":"closed","template":"","meta":{"site-sidebar-layout":"default","site-content-layout":"","ast-site-content-layout":"default","site-content-style":"default","site-sidebar-style":"default","ast-global-header-display":"","ast-banner-title-visibility":"","ast-main-header-display":"","ast-hfb-above-header-display":"","ast-hfb-below-header-display":"","ast-hfb-mobile-header-display":"","site-post-title":"","ast-breadcrumbs-content":"","ast-featured-img":"","footer-sml-layout":"","theme-transparent-header-meta":"default","adv-header-id-meta":"","stick-header-meta":"","header-above-stick-meta":"","header-main-stick-meta":"","header-below-stick-meta":"","astra-migrate-meta-layouts":"set","ast-page-background-enabled":"default","ast-page-background-meta":{"desktop":{"background-color":"var(--ast-global-color-5)","background-image":"","background-repeat":"repeat","background-position":"center center","background-size":"auto","background-attachment":"scroll","background-type":"","background-media":"","overlay-type":"","overlay-color":"","overlay-opacity":"","overlay-gradient":""},"tablet":{"background-color":"","background-image":"","background-repeat":"repeat","background-position":"center center","background-size":"auto","background-attachment":"scroll","background-type":"","background-media":"","overlay-type":"","overlay-color":"","overlay-opacity":"","overlay-gradient":""},"mobile":{"background-color":"","background-image":"","background-repeat":"repeat","background-position":"center center","background-size":"auto","background-attachment":"scroll","background-type":"","background-media":"","overlay-type":"","overlay-color":"","overlay-opacity":"","overlay-gradient":""}},"ast-content-background-meta":{"desktop":{"background-color":"var(--ast-global-color-4)","background-image":"","background-repeat":"repeat","background-position":"center center","background-size":"auto","background-attachment":"scroll","background-type":"","background-media":"","overlay-type":"","overlay-color":"","overlay-opacity":"","overlay-gradient":""},"tablet":{"background-color":"var(--ast-global-color-4)","background-image":"","background-repeat":"repeat","background-position":"center center","background-size":"auto","background-attachment":"scroll","background-type":"","background-media":"","overlay-type":"","overlay-color":"","overlay-opacity":"","overlay-gradient":""},"mobile":{"background-color":"var(--ast-global-color-4)","background-image":"","background-repeat":"repeat","background-position":"center center","background-size":"auto","background-attachment":"scroll","background-type":"","background-media":"","overlay-type":"","overlay-color":"","overlay-opacity":"","overlay-gradient":""}}},"product_brand":[],"product_cat":[173,168],"product_tag":[],"class_list":{"0":"post-20253","1":"product","2":"type-product","3":"status-publish","4":"has-post-thumbnail","6":"product_cat-elektronik","7":"product_cat-husholdningsartikler","8":"pa_51794_182mxmwu-1-stk","9":"pa_51794_182mxmwu-2-stk","10":"pa_51794_182mxmwu-3-stk","11":"pa_51794_bbd2xfii-blaa","12":"pa_51794_bbd2xfii-hvid","13":"pa_51794_bbd2xfii-lyseroed","14":"pa_51794_bbd2xfii-sort","15":"desktop-align-left","16":"tablet-align-left","17":"mobile-align-left","19":"first","20":"instock","21":"shipping-taxable","22":"purchasable","23":"product-type-variable","24":"has-default-attributes"},"yoast_head":"<!-- This site is optimized with the Yoast SEO plugin v26.6 - https:\/\/yoast.com\/wordpress\/plugins\/seo\/ -->\n<title>Fleksibel USB-opladelig boglampe - Mekulo DK<\/title>\n<meta name=\"robots\" content=\"index, follow, max-snippet:-1, max-image-preview:large, max-video-preview:-1\" \/>\n<link rel=\"canonical\" href=\"https:\/\/mekulo.com\/dk\/produkt\/fleksibel-usb-opladelig-boglampe\/\" \/>\n<meta property=\"og:locale\" content=\"da_DK\" \/>\n<meta property=\"og:type\" content=\"article\" \/>\n<meta property=\"og:title\" content=\"Fleksibel USB-opladelig boglampe - Mekulo DK\" \/>\n<meta property=\"og:description\" content=\"\ud83d\udcd7Designet til nattel\u00e6sere, denne fleksible genopladelige USB-boglampe blokerer n\u00e6sten alt bl\u00e5t lys for at reducere belastningen af \u00f8jnene og beskytte din s\u00f8vncyklus. \ud83c\udf03Det kompakte og fleksible design g\u00f8r den perfekt til sovev\u00e6relser, rejser eller studiesessioner sent om aftenen. \ud83e\uddd8\u200d\u2640\ufe0fIt leverer fokuseret lys pr\u00e6cis, hvor du har brug for det.\" \/>\n<meta property=\"og:url\" content=\"https:\/\/mekulo.com\/dk\/produkt\/fleksibel-usb-opladelig-boglampe\/\" \/>\n<meta property=\"og:site_name\" content=\"Mekulo DK\" \/>\n<meta property=\"article:modified_time\" content=\"2026-03-02T10:29:36+00:00\" \/>\n<meta property=\"og:image\" content=\"https:\/\/mekulo.com\/dk\/wp-content\/uploads\/sites\/12\/2026\/01\/vz4bb2c-1.jpg\" \/>\n\t<meta property=\"og:image:width\" content=\"960\" \/>\n\t<meta property=\"og:image:height\" content=\"960\" \/>\n\t<meta property=\"og:image:type\" content=\"image\/jpeg\" \/>\n<meta name=\"twitter:card\" content=\"summary_large_image\" \/>\n<meta name=\"twitter:label1\" content=\"Estimeret l\u00e6setid\" \/>\n\t<meta name=\"twitter:data1\" content=\"2 minutter\" \/>\n<script type=\"application\/ld+json\" class=\"yoast-schema-graph\">{\"@context\":\"https:\/\/schema.org\",\"@graph\":[{\"@type\":\"WebPage\",\"@id\":\"https:\/\/mekulo.com\/dk\/produkt\/fleksibel-usb-opladelig-boglampe\/\",\"url\":\"https:\/\/mekulo.com\/dk\/produkt\/fleksibel-usb-opladelig-boglampe\/\",\"name\":\"Fleksibel USB-opladelig boglampe - Mekulo DK\",\"isPartOf\":{\"@id\":\"https:\/\/mekulo.com\/dk\/#website\"},\"primaryImageOfPage\":{\"@id\":\"https:\/\/mekulo.com\/dk\/produkt\/fleksibel-usb-opladelig-boglampe\/#primaryimage\"},\"image\":{\"@id\":\"https:\/\/mekulo.com\/dk\/produkt\/fleksibel-usb-opladelig-boglampe\/#primaryimage\"},\"thumbnailUrl\":\"https:\/\/mekulo.com\/dk\/wp-content\/uploads\/sites\/12\/2026\/01\/vz4bb2c-1.jpg\",\"datePublished\":\"2026-01-28T17:14:28+00:00\",\"dateModified\":\"2026-03-02T10:29:36+00:00\",\"breadcrumb\":{\"@id\":\"https:\/\/mekulo.com\/dk\/produkt\/fleksibel-usb-opladelig-boglampe\/#breadcrumb\"},\"inLanguage\":\"da-DK\",\"potentialAction\":[{\"@type\":\"ReadAction\",\"target\":[\"https:\/\/mekulo.com\/dk\/produkt\/fleksibel-usb-opladelig-boglampe\/\"]}]},{\"@type\":\"ImageObject\",\"inLanguage\":\"da-DK\",\"@id\":\"https:\/\/mekulo.com\/dk\/produkt\/fleksibel-usb-opladelig-boglampe\/#primaryimage\",\"url\":\"https:\/\/mekulo.com\/dk\/wp-content\/uploads\/sites\/12\/2026\/01\/vz4bb2c-1.jpg\",\"contentUrl\":\"https:\/\/mekulo.com\/dk\/wp-content\/uploads\/sites\/12\/2026\/01\/vz4bb2c-1.jpg\",\"width\":960,\"height\":960},{\"@type\":\"BreadcrumbList\",\"@id\":\"https:\/\/mekulo.com\/dk\/produkt\/fleksibel-usb-opladelig-boglampe\/#breadcrumb\",\"itemListElement\":[{\"@type\":\"ListItem\",\"position\":1,\"name\":\"Home\",\"item\":\"https:\/\/mekulo.com\/dk\/\"},{\"@type\":\"ListItem\",\"position\":2,\"name\":\"Butik\",\"item\":\"https:\/\/mekulo.com\/dk\/butik\/\"},{\"@type\":\"ListItem\",\"position\":3,\"name\":\"Fleksibel USB-opladelig boglampe\"}]},{\"@type\":\"WebSite\",\"@id\":\"https:\/\/mekulo.com\/dk\/#website\",\"url\":\"https:\/\/mekulo.com\/dk\/\",\"name\":\"Mekulo DK\",\"description\":\"\",\"publisher\":{\"@id\":\"https:\/\/mekulo.com\/dk\/#organization\"},\"potentialAction\":[{\"@type\":\"SearchAction\",\"target\":{\"@type\":\"EntryPoint\",\"urlTemplate\":\"https:\/\/mekulo.com\/dk\/?s={search_term_string}\"},\"query-input\":{\"@type\":\"PropertyValueSpecification\",\"valueRequired\":true,\"valueName\":\"search_term_string\"}}],\"inLanguage\":\"da-DK\"},{\"@type\":\"Organization\",\"@id\":\"https:\/\/mekulo.com\/dk\/#organization\",\"name\":\"Mekulo\",\"url\":\"https:\/\/mekulo.com\/dk\/\",\"logo\":{\"@type\":\"ImageObject\",\"inLanguage\":\"da-DK\",\"@id\":\"https:\/\/mekulo.com\/dk\/#\/schema\/logo\/image\/\",\"url\":\"https:\/\/mekulo.com\/dk\/wp-content\/uploads\/sites\/12\/2025\/12\/favicon_mekulo.png\",\"contentUrl\":\"https:\/\/mekulo.com\/dk\/wp-content\/uploads\/sites\/12\/2025\/12\/favicon_mekulo.png\",\"width\":50,\"height\":50,\"caption\":\"Mekulo\"},\"image\":{\"@id\":\"https:\/\/mekulo.com\/dk\/#\/schema\/logo\/image\/\"}}]}<\/script>\n<!-- \/ Yoast SEO plugin. -->","yoast_head_json":{"title":"Fleksibel USB-opladelig boglampe - Mekulo DK","robots":{"index":"index","follow":"follow","max-snippet":"max-snippet:-1","max-image-preview":"max-image-preview:large","max-video-preview":"max-video-preview:-1"},"canonical":"https:\/\/mekulo.com\/dk\/produkt\/fleksibel-usb-opladelig-boglampe\/","og_locale":"da_DK","og_type":"article","og_title":"Fleksibel USB-opladelig boglampe - Mekulo DK","og_description":"\ud83d\udcd7Designet til nattel\u00e6sere, denne fleksible genopladelige USB-boglampe blokerer n\u00e6sten alt bl\u00e5t lys for at reducere belastningen af \u00f8jnene og beskytte din s\u00f8vncyklus. \ud83c\udf03Det kompakte og fleksible design g\u00f8r den perfekt til sovev\u00e6relser, rejser eller studiesessioner sent om aftenen. \ud83e\uddd8\u200d\u2640\ufe0fIt leverer fokuseret lys pr\u00e6cis, hvor du har brug for det.","og_url":"https:\/\/mekulo.com\/dk\/produkt\/fleksibel-usb-opladelig-boglampe\/","og_site_name":"Mekulo DK","article_modified_time":"2026-03-02T10:29:36+00:00","og_image":[{"width":960,"height":960,"url":"https:\/\/mekulo.com\/dk\/wp-content\/uploads\/sites\/12\/2026\/01\/vz4bb2c-1.jpg","type":"image\/jpeg"}],"twitter_card":"summary_large_image","twitter_misc":{"Estimeret l\u00e6setid":"2 minutter"},"schema":{"@context":"https:\/\/schema.org","@graph":[{"@type":"WebPage","@id":"https:\/\/mekulo.com\/dk\/produkt\/fleksibel-usb-opladelig-boglampe\/","url":"https:\/\/mekulo.com\/dk\/produkt\/fleksibel-usb-opladelig-boglampe\/","name":"Fleksibel USB-opladelig boglampe - Mekulo DK","isPartOf":{"@id":"https:\/\/mekulo.com\/dk\/#website"},"primaryImageOfPage":{"@id":"https:\/\/mekulo.com\/dk\/produkt\/fleksibel-usb-opladelig-boglampe\/#primaryimage"},"image":{"@id":"https:\/\/mekulo.com\/dk\/produkt\/fleksibel-usb-opladelig-boglampe\/#primaryimage"},"thumbnailUrl":"https:\/\/mekulo.com\/dk\/wp-content\/uploads\/sites\/12\/2026\/01\/vz4bb2c-1.jpg","datePublished":"2026-01-28T17:14:28+00:00","dateModified":"2026-03-02T10:29:36+00:00","breadcrumb":{"@id":"https:\/\/mekulo.com\/dk\/produkt\/fleksibel-usb-opladelig-boglampe\/#breadcrumb"},"inLanguage":"da-DK","potentialAction":[{"@type":"ReadAction","target":["https:\/\/mekulo.com\/dk\/produkt\/fleksibel-usb-opladelig-boglampe\/"]}]},{"@type":"ImageObject","inLanguage":"da-DK","@id":"https:\/\/mekulo.com\/dk\/produkt\/fleksibel-usb-opladelig-boglampe\/#primaryimage","url":"https:\/\/mekulo.com\/dk\/wp-content\/uploads\/sites\/12\/2026\/01\/vz4bb2c-1.jpg","contentUrl":"https:\/\/mekulo.com\/dk\/wp-content\/uploads\/sites\/12\/2026\/01\/vz4bb2c-1.jpg","width":960,"height":960},{"@type":"BreadcrumbList","@id":"https:\/\/mekulo.com\/dk\/produkt\/fleksibel-usb-opladelig-boglampe\/#breadcrumb","itemListElement":[{"@type":"ListItem","position":1,"name":"Home","item":"https:\/\/mekulo.com\/dk\/"},{"@type":"ListItem","position":2,"name":"Butik","item":"https:\/\/mekulo.com\/dk\/butik\/"},{"@type":"ListItem","position":3,"name":"Fleksibel USB-opladelig boglampe"}]},{"@type":"WebSite","@id":"https:\/\/mekulo.com\/dk\/#website","url":"https:\/\/mekulo.com\/dk\/","name":"Mekulo DK","description":"","publisher":{"@id":"https:\/\/mekulo.com\/dk\/#organization"},"potentialAction":[{"@type":"SearchAction","target":{"@type":"EntryPoint","urlTemplate":"https:\/\/mekulo.com\/dk\/?s={search_term_string}"},"query-input":{"@type":"PropertyValueSpecification","valueRequired":true,"valueName":"search_term_string"}}],"inLanguage":"da-DK"},{"@type":"Organization","@id":"https:\/\/mekulo.com\/dk\/#organization","name":"Mekulo","url":"https:\/\/mekulo.com\/dk\/","logo":{"@type":"ImageObject","inLanguage":"da-DK","@id":"https:\/\/mekulo.com\/dk\/#\/schema\/logo\/image\/","url":"https:\/\/mekulo.com\/dk\/wp-content\/uploads\/sites\/12\/2025\/12\/favicon_mekulo.png","contentUrl":"https:\/\/mekulo.com\/dk\/wp-content\/uploads\/sites\/12\/2025\/12\/favicon_mekulo.png","width":50,"height":50,"caption":"Mekulo"},"image":{"@id":"https:\/\/mekulo.com\/dk\/#\/schema\/logo\/image\/"}}]}},"_links":{"self":[{"href":"https:\/\/mekulo.com\/dk\/wp-json\/wp\/v2\/product\/20253","targetHints":{"allow":["GET"]}}],"collection":[{"href":"https:\/\/mekulo.com\/dk\/wp-json\/wp\/v2\/product"}],"about":[{"href":"https:\/\/mekulo.com\/dk\/wp-json\/wp\/v2\/types\/product"}],"replies":[{"embeddable":true,"href":"https:\/\/mekulo.com\/dk\/wp-json\/wp\/v2\/comments?post=20253"}],"wp:featuredmedia":[{"embeddable":true,"href":"https:\/\/mekulo.com\/dk\/wp-json\/wp\/v2\/media\/20249"}],"wp:attachment":[{"href":"https:\/\/mekulo.com\/dk\/wp-json\/wp\/v2\/media?parent=20253"}],"wp:term":[{"taxonomy":"product_brand","embeddable":true,"href":"https:\/\/mekulo.com\/dk\/wp-json\/wp\/v2\/product_brand?post=20253"},{"taxonomy":"product_cat","embeddable":true,"href":"https:\/\/mekulo.com\/dk\/wp-json\/wp\/v2\/product_cat?post=20253"},{"taxonomy":"product_tag","embeddable":true,"href":"https:\/\/mekulo.com\/dk\/wp-json\/wp\/v2\/product_tag?post=20253"}],"curies":[{"name":"wp","href":"https:\/\/api.w.org\/{rel}","templated":true}]}}