{"id":20232,"date":"2026-01-28T19:10:34","date_gmt":"2026-01-28T17:10:34","guid":{"rendered":"https:\/\/mekulo.com\/dk\/produkt\/360-graders-vaerktoej-til-bremsekaliber\/"},"modified":"2026-01-28T19:10:34","modified_gmt":"2026-01-28T17:10:34","slug":"360-graders-vaerktoej-til-bremsekaliber","status":"publish","type":"product","link":"https:\/\/mekulo.com\/dk\/produkt\/360-graders-vaerktoej-til-bremsekaliber\/","title":{"rendered":"360 graders v\u00e6rkt\u00f8j til bremsekaliber"},"content":{"rendered":"<p style=\"text-align: center\" data-start=\"35\" data-end=\"119\"><strong data-start=\"35\" data-end=\"119\">Tr\u00e6k Nemt Bremsekaliberens Stempler Tilbage For At Installere Nye Bremseklodser Uden Besv\u00e6r. \ud83d\ude9a<\/strong><\/p>\n<p data-start=\"35\" data-end=\"119\"><img decoding=\"async\" class=\"size-full wp-image-22007 aligncenter\" src=\"https:\/\/mekulo.com\/template\/wp-content\/uploads\/sites\/6\/2026\/01\/a63101529ca3f4d67992a5de084f28e2ddda2f5bb8f8653eb0ff6e0a3a13c9a5-800.avif\" alt=\"\" \/><\/p>\n<h2 style=\"text-align: center\" data-start=\"382\" data-end=\"399\">Hovedfordele \ud83d\ude98<\/h2>\n<p data-start=\"402\" data-end=\"475\">\ud83d\udd27 360\u00b0 skraldefunktion &#8211; Komprimer stemplerne j\u00e6vnt fra alle vinkler.<\/p>\n<p data-start=\"478\" data-end=\"545\">\ud83d\udee0\ufe0f St\u00e6rkt kulstofst\u00e5l &#8211; Holdbart og bygget til langvarig brug.<\/p>\n<p data-start=\"548\" data-end=\"624\">\ud83d\ude97 Kompatibel med flere stempler &#8211; Fungerer med enkelt-, dobbelt- og firestempler.<\/p>\n<p data-start=\"627\" data-end=\"701\">\ud83c\udfaf Pr\u00e6cis justering &#8211; J\u00e6vnt tryk forhindrer skader p\u00e5 bremsekomponenterne.<\/p>\n<p data-start=\"704\" data-end=\"765\">\u23f1\ufe0f Sparer tid og kr\u00e6fter &#8211; Nemmere end C-klemmer eller t\u00e6nger.<\/p>\n<p data-start=\"768\" data-end=\"836\">\ud83e\uddf0 Professionel og g\u00f8r-det-selv-venlig &#8211; Enkel og p\u00e5lidelig betjening.<\/p>\n<p data-start=\"768\" data-end=\"836\"><img fetchpriority=\"high\" decoding=\"async\" class=\"size-full wp-image-22011 aligncenter\" src=\"https:\/\/mekulo.com\/template\/wp-content\/uploads\/sites\/6\/2026\/01\/Se589fadc73a44602813d1684d755e6c9E.jpg_960x960q75.jpg_.avif\" alt=\"\" width=\"960\" height=\"960\" \/><\/p>\n<h2 style=\"text-align: center\" data-start=\"843\" data-end=\"857\">S\u00e5dan Bruges \ud83d\udccc<\/h2>\n<ol data-start=\"858\" data-end=\"1073\">\n<li data-start=\"858\" data-end=\"912\">\n<p data-start=\"861\" data-end=\"912\">Placer stempelpladerne inde i bremsekaliberen.<\/p>\n<\/li>\n<li data-start=\"913\" data-end=\"957\">\n<p data-start=\"916\" data-end=\"957\">Juster v\u00e6rkt\u00f8jet med stempeloverfladen.<\/p>\n<\/li>\n<li data-start=\"958\" data-end=\"1017\">\n<p data-start=\"961\" data-end=\"1017\">Drej skraldeh\u00e5ndtaget for at komprimere stemplet j\u00e6vnt.<\/p>\n<\/li>\n<li data-start=\"1018\" data-end=\"1073\">\n<p data-start=\"1021\" data-end=\"1073\">Tr\u00e6k det helt tilbage for nemt at installere nye bremseklodser.<\/p>\n<\/li>\n<\/ol>\n<h2 style=\"text-align: center\" data-start=\"1080\" data-end=\"1099\">Produktoplysninger \ud83d\udccf<\/h2>\n<ul data-start=\"1100\" data-end=\"1380\">\n<li data-start=\"1140\" data-end=\"1166\">\n<p data-start=\"1142\" data-end=\"1166\">Materiale: Kulstofst\u00e5l<\/p>\n<\/li>\n<li data-start=\"1167\" data-end=\"1213\">\n<p data-start=\"1169\" data-end=\"1213\">Funktion: Komprimering af bremsekaliberstempel<\/p>\n<\/li>\n<li data-start=\"1214\" data-end=\"1271\">\n<p data-start=\"1216\" data-end=\"1271\">Kompatibilitet: Enkelt-, dobbelt- og firestemplede calipre<\/p>\n<\/li>\n<li data-start=\"1272\" data-end=\"1337\">\n<p data-start=\"1274\" data-end=\"1337\">Anvendelse: Bageste bremsekalibre, stempler med h\u00f8jre gevind<\/p>\n<\/li>\n<li data-start=\"1338\" data-end=\"1380\">\n<p data-start=\"1340\" data-end=\"1380\">Anvendelsestype: Vedligeholdelse af bilbremser<\/p>\n<\/li>\n<\/ul>\n<h2 style=\"text-align: center\" data-start=\"1387\" data-end=\"1407\">Pakken Indeholder \ud83d\udce6<\/h2>\n<ul data-start=\"1408\" data-end=\"1445\">\n<li data-start=\"1408\" data-end=\"1445\">\n<p data-start=\"1410\" data-end=\"1445\">1x 360 graders bremsekaliberv\u00e6rkt\u00f8j.<\/p>\n<\/li>\n<\/ul>\n","protected":false},"excerpt":{"rendered":"<p>\u2699\ufe0fThis 360 graders bremsekaliberv\u00e6rkt\u00f8j hj\u00e6lper dig med hurtigt at komprimere bremsestempler for at skabe plads nok til tykkere, nye bremseklodser.<br \/>\n\ud83d\ude97Det er ideelt til bremsevedligeholdelse, hvilket g\u00f8r udskiftning af klodser hurtigere, sikrere og mere pr\u00e6cis for b\u00e5de professionelle og g\u00f8r-det-selv-brugere.<br \/>\n\ud83d\udd27Et must-have-v\u00e6rkt\u00f8j til sikker, hurtig og ubesv\u00e6ret udskiftning af bremseklodser, designet til at g\u00f8re ethvert bremsejob glattere og mere effektivt.<\/p>\n","protected":false},"featured_media":20228,"comment_status":"open","ping_status":"closed","template":"","meta":{"site-sidebar-layout":"default","site-content-layout":"","ast-site-content-layout":"default","site-content-style":"default","site-sidebar-style":"default","ast-global-header-display":"","ast-banner-title-visibility":"","ast-main-header-display":"","ast-hfb-above-header-display":"","ast-hfb-below-header-display":"","ast-hfb-mobile-header-display":"","site-post-title":"","ast-breadcrumbs-content":"","ast-featured-img":"","footer-sml-layout":"","ast-disable-related-posts":"","theme-transparent-header-meta":"default","adv-header-id-meta":"","stick-header-meta":"","header-above-stick-meta":"","header-main-stick-meta":"","header-below-stick-meta":"","astra-migrate-meta-layouts":"set","ast-page-background-enabled":"default","ast-page-background-meta":{"desktop":{"background-color":"var(--ast-global-color-5)","background-image":"","background-repeat":"repeat","background-position":"center center","background-size":"auto","background-attachment":"scroll","background-type":"","background-media":"","overlay-type":"","overlay-color":"","overlay-opacity":"","overlay-gradient":""},"tablet":{"background-color":"","background-image":"","background-repeat":"repeat","background-position":"center center","background-size":"auto","background-attachment":"scroll","background-type":"","background-media":"","overlay-type":"","overlay-color":"","overlay-opacity":"","overlay-gradient":""},"mobile":{"background-color":"","background-image":"","background-repeat":"repeat","background-position":"center center","background-size":"auto","background-attachment":"scroll","background-type":"","background-media":"","overlay-type":"","overlay-color":"","overlay-opacity":"","overlay-gradient":""}},"ast-content-background-meta":{"desktop":{"background-color":"var(--ast-global-color-4)","background-image":"","background-repeat":"repeat","background-position":"center center","background-size":"auto","background-attachment":"scroll","background-type":"","background-media":"","overlay-type":"","overlay-color":"","overlay-opacity":"","overlay-gradient":""},"tablet":{"background-color":"var(--ast-global-color-4)","background-image":"","background-repeat":"repeat","background-position":"center center","background-size":"auto","background-attachment":"scroll","background-type":"","background-media":"","overlay-type":"","overlay-color":"","overlay-opacity":"","overlay-gradient":""},"mobile":{"background-color":"var(--ast-global-color-4)","background-image":"","background-repeat":"repeat","background-position":"center center","background-size":"auto","background-attachment":"scroll","background-type":"","background-media":"","overlay-type":"","overlay-color":"","overlay-opacity":"","overlay-gradient":""}}},"product_brand":[],"product_cat":[171],"product_tag":[],"class_list":{"0":"post-20232","1":"product","2":"type-product","3":"status-publish","4":"has-post-thumbnail","6":"product_cat-vaerktoejer","7":"desktop-align-left","8":"tablet-align-left","9":"mobile-align-left","11":"first","12":"instock","13":"shipping-taxable","14":"purchasable","15":"product-type-simple"},"yoast_head":"<!-- This site is optimized with the Yoast SEO plugin v27.4 - https:\/\/yoast.com\/product\/yoast-seo-wordpress\/ -->\n<title>360 graders v\u00e6rkt\u00f8j til bremsekaliber - Mekulo DK<\/title>\n<meta name=\"robots\" content=\"index, follow, max-snippet:-1, max-image-preview:large, max-video-preview:-1\" \/>\n<link rel=\"canonical\" href=\"https:\/\/mekulo.com\/dk\/produkt\/360-graders-vaerktoej-til-bremsekaliber\/\" \/>\n<meta property=\"og:locale\" content=\"da_DK\" \/>\n<meta property=\"og:type\" content=\"article\" \/>\n<meta property=\"og:title\" content=\"360 graders v\u00e6rkt\u00f8j til bremsekaliber - Mekulo DK\" \/>\n<meta property=\"og:description\" content=\"\u2699\ufe0fThis 360 graders bremsekaliberv\u00e6rkt\u00f8j hj\u00e6lper dig med hurtigt at komprimere bremsestempler for at skabe plads nok til tykkere, nye bremseklodser. \ud83d\ude97Det er ideelt til bremsevedligeholdelse, hvilket g\u00f8r udskiftning af klodser hurtigere, sikrere og mere pr\u00e6cis for b\u00e5de professionelle og g\u00f8r-det-selv-brugere. \ud83d\udd27Et must-have-v\u00e6rkt\u00f8j til sikker, hurtig og ubesv\u00e6ret udskiftning af bremseklodser, designet til at g\u00f8re ethvert bremsejob glattere og mere effektivt.\" \/>\n<meta property=\"og:url\" content=\"https:\/\/mekulo.com\/dk\/produkt\/360-graders-vaerktoej-til-bremsekaliber\/\" \/>\n<meta property=\"og:site_name\" content=\"Mekulo DK\" \/>\n<meta property=\"og:image\" content=\"https:\/\/mekulo.com\/dk\/wp-content\/uploads\/sites\/12\/2026\/01\/h6aij6w-1.jpg\" \/>\n\t<meta property=\"og:image:width\" content=\"754\" \/>\n\t<meta property=\"og:image:height\" content=\"720\" \/>\n\t<meta property=\"og:image:type\" content=\"image\/jpeg\" \/>\n<meta name=\"twitter:card\" content=\"summary_large_image\" \/>\n<meta name=\"twitter:label1\" content=\"Estimeret l\u00e6setid\" \/>\n\t<meta name=\"twitter:data1\" content=\"2 minutter\" \/>\n<script type=\"application\/ld+json\" class=\"yoast-schema-graph\">{\"@context\":\"https:\\\/\\\/schema.org\",\"@graph\":[{\"@type\":\"WebPage\",\"@id\":\"https:\\\/\\\/mekulo.com\\\/dk\\\/produkt\\\/360-graders-vaerktoej-til-bremsekaliber\\\/\",\"url\":\"https:\\\/\\\/mekulo.com\\\/dk\\\/produkt\\\/360-graders-vaerktoej-til-bremsekaliber\\\/\",\"name\":\"360 graders v\u00e6rkt\u00f8j til bremsekaliber - Mekulo DK\",\"isPartOf\":{\"@id\":\"https:\\\/\\\/mekulo.com\\\/dk\\\/#website\"},\"primaryImageOfPage\":{\"@id\":\"https:\\\/\\\/mekulo.com\\\/dk\\\/produkt\\\/360-graders-vaerktoej-til-bremsekaliber\\\/#primaryimage\"},\"image\":{\"@id\":\"https:\\\/\\\/mekulo.com\\\/dk\\\/produkt\\\/360-graders-vaerktoej-til-bremsekaliber\\\/#primaryimage\"},\"thumbnailUrl\":\"https:\\\/\\\/mekulo.com\\\/dk\\\/wp-content\\\/uploads\\\/sites\\\/12\\\/2026\\\/01\\\/h6aij6w-1.jpg\",\"datePublished\":\"2026-01-28T17:10:34+00:00\",\"breadcrumb\":{\"@id\":\"https:\\\/\\\/mekulo.com\\\/dk\\\/produkt\\\/360-graders-vaerktoej-til-bremsekaliber\\\/#breadcrumb\"},\"inLanguage\":\"da-DK\",\"potentialAction\":[{\"@type\":\"ReadAction\",\"target\":[\"https:\\\/\\\/mekulo.com\\\/dk\\\/produkt\\\/360-graders-vaerktoej-til-bremsekaliber\\\/\"]}]},{\"@type\":\"ImageObject\",\"inLanguage\":\"da-DK\",\"@id\":\"https:\\\/\\\/mekulo.com\\\/dk\\\/produkt\\\/360-graders-vaerktoej-til-bremsekaliber\\\/#primaryimage\",\"url\":\"https:\\\/\\\/mekulo.com\\\/dk\\\/wp-content\\\/uploads\\\/sites\\\/12\\\/2026\\\/01\\\/h6aij6w-1.jpg\",\"contentUrl\":\"https:\\\/\\\/mekulo.com\\\/dk\\\/wp-content\\\/uploads\\\/sites\\\/12\\\/2026\\\/01\\\/h6aij6w-1.jpg\",\"width\":754,\"height\":720},{\"@type\":\"BreadcrumbList\",\"@id\":\"https:\\\/\\\/mekulo.com\\\/dk\\\/produkt\\\/360-graders-vaerktoej-til-bremsekaliber\\\/#breadcrumb\",\"itemListElement\":[{\"@type\":\"ListItem\",\"position\":1,\"name\":\"Home\",\"item\":\"https:\\\/\\\/mekulo.com\\\/dk\\\/\"},{\"@type\":\"ListItem\",\"position\":2,\"name\":\"Butik\",\"item\":\"https:\\\/\\\/mekulo.com\\\/dk\\\/butik\\\/\"},{\"@type\":\"ListItem\",\"position\":3,\"name\":\"360 graders v\u00e6rkt\u00f8j til bremsekaliber\"}]},{\"@type\":\"WebSite\",\"@id\":\"https:\\\/\\\/mekulo.com\\\/dk\\\/#website\",\"url\":\"https:\\\/\\\/mekulo.com\\\/dk\\\/\",\"name\":\"Mekulo DK\",\"description\":\"\",\"publisher\":{\"@id\":\"https:\\\/\\\/mekulo.com\\\/dk\\\/#organization\"},\"potentialAction\":[{\"@type\":\"SearchAction\",\"target\":{\"@type\":\"EntryPoint\",\"urlTemplate\":\"https:\\\/\\\/mekulo.com\\\/dk\\\/?s={search_term_string}\"},\"query-input\":{\"@type\":\"PropertyValueSpecification\",\"valueRequired\":true,\"valueName\":\"search_term_string\"}}],\"inLanguage\":\"da-DK\"},{\"@type\":\"Organization\",\"@id\":\"https:\\\/\\\/mekulo.com\\\/dk\\\/#organization\",\"name\":\"Mekulo\",\"url\":\"https:\\\/\\\/mekulo.com\\\/dk\\\/\",\"logo\":{\"@type\":\"ImageObject\",\"inLanguage\":\"da-DK\",\"@id\":\"https:\\\/\\\/mekulo.com\\\/dk\\\/#\\\/schema\\\/logo\\\/image\\\/\",\"url\":\"https:\\\/\\\/mekulo.com\\\/dk\\\/wp-content\\\/uploads\\\/sites\\\/12\\\/2025\\\/12\\\/favicon_mekulo.png\",\"contentUrl\":\"https:\\\/\\\/mekulo.com\\\/dk\\\/wp-content\\\/uploads\\\/sites\\\/12\\\/2025\\\/12\\\/favicon_mekulo.png\",\"width\":50,\"height\":50,\"caption\":\"Mekulo\"},\"image\":{\"@id\":\"https:\\\/\\\/mekulo.com\\\/dk\\\/#\\\/schema\\\/logo\\\/image\\\/\"}}]}<\/script>\n<!-- \/ Yoast SEO plugin. -->","yoast_head_json":{"title":"360 graders v\u00e6rkt\u00f8j til bremsekaliber - Mekulo DK","robots":{"index":"index","follow":"follow","max-snippet":"max-snippet:-1","max-image-preview":"max-image-preview:large","max-video-preview":"max-video-preview:-1"},"canonical":"https:\/\/mekulo.com\/dk\/produkt\/360-graders-vaerktoej-til-bremsekaliber\/","og_locale":"da_DK","og_type":"article","og_title":"360 graders v\u00e6rkt\u00f8j til bremsekaliber - Mekulo DK","og_description":"\u2699\ufe0fThis 360 graders bremsekaliberv\u00e6rkt\u00f8j hj\u00e6lper dig med hurtigt at komprimere bremsestempler for at skabe plads nok til tykkere, nye bremseklodser. \ud83d\ude97Det er ideelt til bremsevedligeholdelse, hvilket g\u00f8r udskiftning af klodser hurtigere, sikrere og mere pr\u00e6cis for b\u00e5de professionelle og g\u00f8r-det-selv-brugere. \ud83d\udd27Et must-have-v\u00e6rkt\u00f8j til sikker, hurtig og ubesv\u00e6ret udskiftning af bremseklodser, designet til at g\u00f8re ethvert bremsejob glattere og mere effektivt.","og_url":"https:\/\/mekulo.com\/dk\/produkt\/360-graders-vaerktoej-til-bremsekaliber\/","og_site_name":"Mekulo DK","og_image":[{"width":754,"height":720,"url":"https:\/\/mekulo.com\/dk\/wp-content\/uploads\/sites\/12\/2026\/01\/h6aij6w-1.jpg","type":"image\/jpeg"}],"twitter_card":"summary_large_image","twitter_misc":{"Estimeret l\u00e6setid":"2 minutter"},"schema":{"@context":"https:\/\/schema.org","@graph":[{"@type":"WebPage","@id":"https:\/\/mekulo.com\/dk\/produkt\/360-graders-vaerktoej-til-bremsekaliber\/","url":"https:\/\/mekulo.com\/dk\/produkt\/360-graders-vaerktoej-til-bremsekaliber\/","name":"360 graders v\u00e6rkt\u00f8j til bremsekaliber - Mekulo DK","isPartOf":{"@id":"https:\/\/mekulo.com\/dk\/#website"},"primaryImageOfPage":{"@id":"https:\/\/mekulo.com\/dk\/produkt\/360-graders-vaerktoej-til-bremsekaliber\/#primaryimage"},"image":{"@id":"https:\/\/mekulo.com\/dk\/produkt\/360-graders-vaerktoej-til-bremsekaliber\/#primaryimage"},"thumbnailUrl":"https:\/\/mekulo.com\/dk\/wp-content\/uploads\/sites\/12\/2026\/01\/h6aij6w-1.jpg","datePublished":"2026-01-28T17:10:34+00:00","breadcrumb":{"@id":"https:\/\/mekulo.com\/dk\/produkt\/360-graders-vaerktoej-til-bremsekaliber\/#breadcrumb"},"inLanguage":"da-DK","potentialAction":[{"@type":"ReadAction","target":["https:\/\/mekulo.com\/dk\/produkt\/360-graders-vaerktoej-til-bremsekaliber\/"]}]},{"@type":"ImageObject","inLanguage":"da-DK","@id":"https:\/\/mekulo.com\/dk\/produkt\/360-graders-vaerktoej-til-bremsekaliber\/#primaryimage","url":"https:\/\/mekulo.com\/dk\/wp-content\/uploads\/sites\/12\/2026\/01\/h6aij6w-1.jpg","contentUrl":"https:\/\/mekulo.com\/dk\/wp-content\/uploads\/sites\/12\/2026\/01\/h6aij6w-1.jpg","width":754,"height":720},{"@type":"BreadcrumbList","@id":"https:\/\/mekulo.com\/dk\/produkt\/360-graders-vaerktoej-til-bremsekaliber\/#breadcrumb","itemListElement":[{"@type":"ListItem","position":1,"name":"Home","item":"https:\/\/mekulo.com\/dk\/"},{"@type":"ListItem","position":2,"name":"Butik","item":"https:\/\/mekulo.com\/dk\/butik\/"},{"@type":"ListItem","position":3,"name":"360 graders v\u00e6rkt\u00f8j til bremsekaliber"}]},{"@type":"WebSite","@id":"https:\/\/mekulo.com\/dk\/#website","url":"https:\/\/mekulo.com\/dk\/","name":"Mekulo DK","description":"","publisher":{"@id":"https:\/\/mekulo.com\/dk\/#organization"},"potentialAction":[{"@type":"SearchAction","target":{"@type":"EntryPoint","urlTemplate":"https:\/\/mekulo.com\/dk\/?s={search_term_string}"},"query-input":{"@type":"PropertyValueSpecification","valueRequired":true,"valueName":"search_term_string"}}],"inLanguage":"da-DK"},{"@type":"Organization","@id":"https:\/\/mekulo.com\/dk\/#organization","name":"Mekulo","url":"https:\/\/mekulo.com\/dk\/","logo":{"@type":"ImageObject","inLanguage":"da-DK","@id":"https:\/\/mekulo.com\/dk\/#\/schema\/logo\/image\/","url":"https:\/\/mekulo.com\/dk\/wp-content\/uploads\/sites\/12\/2025\/12\/favicon_mekulo.png","contentUrl":"https:\/\/mekulo.com\/dk\/wp-content\/uploads\/sites\/12\/2025\/12\/favicon_mekulo.png","width":50,"height":50,"caption":"Mekulo"},"image":{"@id":"https:\/\/mekulo.com\/dk\/#\/schema\/logo\/image\/"}}]}},"_links":{"self":[{"href":"https:\/\/mekulo.com\/dk\/wp-json\/wp\/v2\/product\/20232","targetHints":{"allow":["GET"]}}],"collection":[{"href":"https:\/\/mekulo.com\/dk\/wp-json\/wp\/v2\/product"}],"about":[{"href":"https:\/\/mekulo.com\/dk\/wp-json\/wp\/v2\/types\/product"}],"replies":[{"embeddable":true,"href":"https:\/\/mekulo.com\/dk\/wp-json\/wp\/v2\/comments?post=20232"}],"wp:featuredmedia":[{"embeddable":true,"href":"https:\/\/mekulo.com\/dk\/wp-json\/wp\/v2\/media\/20228"}],"wp:attachment":[{"href":"https:\/\/mekulo.com\/dk\/wp-json\/wp\/v2\/media?parent=20232"}],"wp:term":[{"taxonomy":"product_brand","embeddable":true,"href":"https:\/\/mekulo.com\/dk\/wp-json\/wp\/v2\/product_brand?post=20232"},{"taxonomy":"product_cat","embeddable":true,"href":"https:\/\/mekulo.com\/dk\/wp-json\/wp\/v2\/product_cat?post=20232"},{"taxonomy":"product_tag","embeddable":true,"href":"https:\/\/mekulo.com\/dk\/wp-json\/wp\/v2\/product_tag?post=20232"}],"curies":[{"name":"wp","href":"https:\/\/api.w.org\/{rel}","templated":true}]}}