{"id":20219,"date":"2026-01-28T19:08:36","date_gmt":"2026-01-28T17:08:36","guid":{"rendered":"https:\/\/mekulo.com\/dk\/produkt\/flise-og-glasskaerer\/"},"modified":"2026-01-29T17:39:41","modified_gmt":"2026-01-29T15:39:41","slug":"flise-og-glasskaerer","status":"publish","type":"product","link":"https:\/\/mekulo.com\/dk\/produkt\/flise-og-glasskaerer\/","title":{"rendered":"Flise- og glassk\u00e6rer"},"content":{"rendered":"<p style=\"text-align: center\" data-start=\"27\" data-end=\"93\"><strong data-start=\"27\" data-end=\"93\">Sk\u00e6r fliser og glas rent med \u00e9t enkelt letv\u00e6gtsv\u00e6rkt\u00f8j. \ud83c\udf77<\/strong><\/p>\n<p data-start=\"27\" data-end=\"93\"><img fetchpriority=\"high\" decoding=\"async\" class=\"size-full wp-image-22002 aligncenter\" src=\"https:\/\/mekulo.com\/template\/wp-content\/uploads\/sites\/6\/2026\/01\/S410ff57d86524ccd992cfd4c7db3fa04T.webp\" alt=\"\" width=\"1100\" height=\"1100\" \/><\/p>\n<h2 style=\"text-align: center\"><strong>Vigtigste fordele<\/strong><\/h2>\n<p style=\"text-align: center\" data-start=\"346\" data-end=\"416\">\u2699\ufe0f 2-i-1-design &#8211; Sk\u00e6reblad og knusetang i \u00e9t v\u00e6rkt\u00f8j.<\/p>\n<p style=\"text-align: center\" data-start=\"419\" data-end=\"493\">\u2728 Rene &amp; glatte snit &#8211; Wolframst\u00e5lhjul sikrer pr\u00e6cis sk\u00e6ring.<\/p>\n<p style=\"text-align: center\" data-start=\"496\" data-end=\"557\">\ud83d\udd90\ufe0f Ergonomisk h\u00e5ndtag &#8211; Reducerer tr\u00e6thed i h\u00e5ndleddet under brug.<\/p>\n<p style=\"text-align: center\" data-start=\"560\" data-end=\"632\">\ud83c\udfaf H\u00f8j n\u00f8jagtighed &#8211; Indbygget sk\u00e6reguide til lige, rene snit.<\/p>\n<p style=\"text-align: center\" data-start=\"635\" data-end=\"699\">\ud83e\uddf3 Let &amp; b\u00e6rbar &#8211; Nem at b\u00e6re og bruge overalt.<\/p>\n<p style=\"text-align: center\" data-start=\"702\" data-end=\"774\">\ud83e\udde9 Bred kompatibilitet &#8211; Fungerer p\u00e5 glas, spejle og keramiske fliser.<\/p>\n<p data-start=\"702\" data-end=\"774\"><img decoding=\"async\" class=\"size-full wp-image-21999 aligncenter\" src=\"https:\/\/mekulo.com\/template\/wp-content\/uploads\/sites\/6\/2026\/01\/5-11.jpeg\" alt=\"\" width=\"1100\" height=\"1100\" \/><\/p>\n<h2 style=\"text-align: center\"><strong>S\u00e5dan bruges \ud83d\udccc<\/strong><\/h2>\n<ol data-start=\"796\" data-end=\"1015\">\n<li data-start=\"796\" data-end=\"844\">\n<p data-start=\"799\" data-end=\"844\">Tegn sk\u00e6relinjen p\u00e5 flisen eller glasset.<\/p>\n<\/li>\n<li data-start=\"845\" data-end=\"908\">\n<p data-start=\"848\" data-end=\"908\">Brug kniven til at sk\u00e6re langs linjen med j\u00e6vnt tryk.<\/p>\n<\/li>\n<li data-start=\"909\" data-end=\"949\">\n<p data-start=\"912\" data-end=\"949\">Fastsp\u00e6nd materialet med tangen.<\/p>\n<\/li>\n<li data-start=\"950\" data-end=\"1015\">\n<p data-start=\"953\" data-end=\"1015\">Drej langsomt h\u00e5ndtaget for at kn\u00e6kke rent langs sk\u00e6relinjen.<\/p>\n<\/li>\n<\/ol>\n<p data-start=\"1017\" data-end=\"1086\"><em data-start=\"1017\" data-end=\"1086\">Tip: Anvend j\u00e6vn kraft, og juster sk\u00e6relinjen for at f\u00e5 de bedste resultater.<\/em><\/p>\n<h2 data-start=\"1017\" data-end=\"1086\"><\/h2>\n<h2 style=\"text-align: center\"><strong>Produktdetaljer \ud83d\udccf<\/strong><\/h2>\n<ul data-start=\"1113\" data-end=\"1435\">\n<li data-start=\"1157\" data-end=\"1196\">\n<p data-start=\"1159\" data-end=\"1196\">Bladmateriale: Fint wolframst\u00e5l<\/p>\n<\/li>\n<li data-start=\"1197\" data-end=\"1247\">\n<p data-start=\"1199\" data-end=\"1247\">V\u00e6gt: Ca. 245g\u2013340g (letv\u00e6gtsdesign)<\/p>\n<\/li>\n<li data-start=\"1248\" data-end=\"1284\">\n<p data-start=\"1250\" data-end=\"1284\">H\u00e5ndtag: Ergonomisk, skridsikkert greb<\/p>\n<\/li>\n<li data-start=\"1285\" data-end=\"1358\">\n<p data-start=\"1287\" data-end=\"1358\">Anvendelsesomr\u00e5der: Glas, spejle, keramiske fliser, glaserede fliser, v\u00e6gfliser<\/p>\n<\/li>\n<li data-start=\"1359\" data-end=\"1435\">\n<p data-start=\"1361\" data-end=\"1435\">Funktioner: L\u00e5sbar hovedskrue, udskiftelige blade, pr\u00e6cis ridseguide<\/p>\n<\/li>\n<li data-start=\"1359\" data-end=\"1435\">St\u00f8rrelse: 9,5 x 8,5 x 8,5 cm<\/li>\n<\/ul>\n<h2 style=\"text-align: center\"><strong>Pakken indeholder \ud83d\udce6<\/strong><\/h2>\n<ul data-start=\"1463\" data-end=\"1546\">\n<li data-start=\"1463\" data-end=\"1492\">\n<p data-start=\"1465\" data-end=\"1492\">1x flise- og glassk\u00e6rer<\/p>\n<\/li>\n<li data-start=\"1493\" data-end=\"1524\">\n<p data-start=\"1495\" data-end=\"1524\">2x ekstra fine hjulblade<\/p>\n<\/li>\n<li data-start=\"1525\" data-end=\"1546\">\n<p data-start=\"1527\" data-end=\"1546\">4x trykspidser.<\/p>\n<\/li>\n<\/ul>\n","protected":false},"excerpt":{"rendered":"<p>\ud83e\udd42Med denne 2-i-1 flise- og glassk\u00e6rer kan du nemt ridse og kn\u00e6kke materialer uden tungt v\u00e6rkt\u00f8j eller komplicerede trin.<br \/>\n\ud83c\udfe0Den er perfekt til g\u00f8r-det-selv-projekter, reparationer i hjemmet og sm\u00e5 renoveringsopgaver, hvor pr\u00e6cision og kontrol er vigtig.<br \/>\n\ud83d\udd27Et praktisk og p\u00e5lideligt v\u00e6rkt\u00f8j, der g\u00f8r flise- og glassk\u00e6ring nemmere, sikrere og mere pr\u00e6cis for b\u00e5de begyndere og erfarne g\u00f8r-det-selv-brugere.<\/p>\n","protected":false},"featured_media":20215,"comment_status":"open","ping_status":"closed","template":"","meta":{"site-sidebar-layout":"default","site-content-layout":"","ast-site-content-layout":"default","site-content-style":"default","site-sidebar-style":"default","ast-global-header-display":"","ast-banner-title-visibility":"","ast-main-header-display":"","ast-hfb-above-header-display":"","ast-hfb-below-header-display":"","ast-hfb-mobile-header-display":"","site-post-title":"","ast-breadcrumbs-content":"","ast-featured-img":"","footer-sml-layout":"","ast-disable-related-posts":"","theme-transparent-header-meta":"default","adv-header-id-meta":"","stick-header-meta":"","header-above-stick-meta":"","header-main-stick-meta":"","header-below-stick-meta":"","astra-migrate-meta-layouts":"set","ast-page-background-enabled":"default","ast-page-background-meta":{"desktop":{"background-color":"var(--ast-global-color-5)","background-image":"","background-repeat":"repeat","background-position":"center center","background-size":"auto","background-attachment":"scroll","background-type":"","background-media":"","overlay-type":"","overlay-color":"","overlay-opacity":"","overlay-gradient":""},"tablet":{"background-color":"","background-image":"","background-repeat":"repeat","background-position":"center center","background-size":"auto","background-attachment":"scroll","background-type":"","background-media":"","overlay-type":"","overlay-color":"","overlay-opacity":"","overlay-gradient":""},"mobile":{"background-color":"","background-image":"","background-repeat":"repeat","background-position":"center center","background-size":"auto","background-attachment":"scroll","background-type":"","background-media":"","overlay-type":"","overlay-color":"","overlay-opacity":"","overlay-gradient":""}},"ast-content-background-meta":{"desktop":{"background-color":"var(--ast-global-color-4)","background-image":"","background-repeat":"repeat","background-position":"center center","background-size":"auto","background-attachment":"scroll","background-type":"","background-media":"","overlay-type":"","overlay-color":"","overlay-opacity":"","overlay-gradient":""},"tablet":{"background-color":"var(--ast-global-color-4)","background-image":"","background-repeat":"repeat","background-position":"center center","background-size":"auto","background-attachment":"scroll","background-type":"","background-media":"","overlay-type":"","overlay-color":"","overlay-opacity":"","overlay-gradient":""},"mobile":{"background-color":"var(--ast-global-color-4)","background-image":"","background-repeat":"repeat","background-position":"center center","background-size":"auto","background-attachment":"scroll","background-type":"","background-media":"","overlay-type":"","overlay-color":"","overlay-opacity":"","overlay-gradient":""}}},"product_brand":[],"product_cat":[171],"product_tag":[],"class_list":{"0":"post-20219","1":"product","2":"type-product","3":"status-publish","4":"has-post-thumbnail","6":"product_cat-vaerktoejer","7":"desktop-align-left","8":"tablet-align-left","9":"mobile-align-left","11":"first","12":"instock","13":"shipping-taxable","14":"purchasable","15":"product-type-simple"},"yoast_head":"<!-- This site is optimized with the Yoast SEO plugin v27.4 - https:\/\/yoast.com\/product\/yoast-seo-wordpress\/ -->\n<title>Flise- og glassk\u00e6rer - Mekulo DK<\/title>\n<meta name=\"robots\" content=\"index, follow, max-snippet:-1, max-image-preview:large, max-video-preview:-1\" \/>\n<link rel=\"canonical\" href=\"https:\/\/mekulo.com\/dk\/produkt\/flise-og-glasskaerer\/\" \/>\n<meta property=\"og:locale\" content=\"da_DK\" \/>\n<meta property=\"og:type\" content=\"article\" \/>\n<meta property=\"og:title\" content=\"Flise- og glassk\u00e6rer - Mekulo DK\" \/>\n<meta property=\"og:description\" content=\"\ud83e\udd42Med denne 2-i-1 flise- og glassk\u00e6rer kan du nemt ridse og kn\u00e6kke materialer uden tungt v\u00e6rkt\u00f8j eller komplicerede trin. \ud83c\udfe0Den er perfekt til g\u00f8r-det-selv-projekter, reparationer i hjemmet og sm\u00e5 renoveringsopgaver, hvor pr\u00e6cision og kontrol er vigtig. \ud83d\udd27Et praktisk og p\u00e5lideligt v\u00e6rkt\u00f8j, der g\u00f8r flise- og glassk\u00e6ring nemmere, sikrere og mere pr\u00e6cis for b\u00e5de begyndere og erfarne g\u00f8r-det-selv-brugere.\" \/>\n<meta property=\"og:url\" content=\"https:\/\/mekulo.com\/dk\/produkt\/flise-og-glasskaerer\/\" \/>\n<meta property=\"og:site_name\" content=\"Mekulo DK\" \/>\n<meta property=\"article:modified_time\" content=\"2026-01-29T15:39:41+00:00\" \/>\n<meta property=\"og:image\" content=\"https:\/\/mekulo.com\/dk\/wp-content\/uploads\/sites\/12\/2026\/01\/w4fj0gt-1.jpeg\" \/>\n\t<meta property=\"og:image:width\" content=\"1600\" \/>\n\t<meta property=\"og:image:height\" content=\"1600\" \/>\n\t<meta property=\"og:image:type\" content=\"image\/jpeg\" \/>\n<meta name=\"twitter:card\" content=\"summary_large_image\" \/>\n<meta name=\"twitter:label1\" content=\"Estimeret l\u00e6setid\" \/>\n\t<meta name=\"twitter:data1\" content=\"2 minutter\" \/>\n<script type=\"application\/ld+json\" class=\"yoast-schema-graph\">{\"@context\":\"https:\\\/\\\/schema.org\",\"@graph\":[{\"@type\":\"WebPage\",\"@id\":\"https:\\\/\\\/mekulo.com\\\/dk\\\/produkt\\\/flise-og-glasskaerer\\\/\",\"url\":\"https:\\\/\\\/mekulo.com\\\/dk\\\/produkt\\\/flise-og-glasskaerer\\\/\",\"name\":\"Flise- og glassk\u00e6rer - Mekulo DK\",\"isPartOf\":{\"@id\":\"https:\\\/\\\/mekulo.com\\\/dk\\\/#website\"},\"primaryImageOfPage\":{\"@id\":\"https:\\\/\\\/mekulo.com\\\/dk\\\/produkt\\\/flise-og-glasskaerer\\\/#primaryimage\"},\"image\":{\"@id\":\"https:\\\/\\\/mekulo.com\\\/dk\\\/produkt\\\/flise-og-glasskaerer\\\/#primaryimage\"},\"thumbnailUrl\":\"https:\\\/\\\/mekulo.com\\\/dk\\\/wp-content\\\/uploads\\\/sites\\\/12\\\/2026\\\/01\\\/w4fj0gt-1.jpeg\",\"datePublished\":\"2026-01-28T17:08:36+00:00\",\"dateModified\":\"2026-01-29T15:39:41+00:00\",\"breadcrumb\":{\"@id\":\"https:\\\/\\\/mekulo.com\\\/dk\\\/produkt\\\/flise-og-glasskaerer\\\/#breadcrumb\"},\"inLanguage\":\"da-DK\",\"potentialAction\":[{\"@type\":\"ReadAction\",\"target\":[\"https:\\\/\\\/mekulo.com\\\/dk\\\/produkt\\\/flise-og-glasskaerer\\\/\"]}]},{\"@type\":\"ImageObject\",\"inLanguage\":\"da-DK\",\"@id\":\"https:\\\/\\\/mekulo.com\\\/dk\\\/produkt\\\/flise-og-glasskaerer\\\/#primaryimage\",\"url\":\"https:\\\/\\\/mekulo.com\\\/dk\\\/wp-content\\\/uploads\\\/sites\\\/12\\\/2026\\\/01\\\/w4fj0gt-1.jpeg\",\"contentUrl\":\"https:\\\/\\\/mekulo.com\\\/dk\\\/wp-content\\\/uploads\\\/sites\\\/12\\\/2026\\\/01\\\/w4fj0gt-1.jpeg\",\"width\":1600,\"height\":1600},{\"@type\":\"BreadcrumbList\",\"@id\":\"https:\\\/\\\/mekulo.com\\\/dk\\\/produkt\\\/flise-og-glasskaerer\\\/#breadcrumb\",\"itemListElement\":[{\"@type\":\"ListItem\",\"position\":1,\"name\":\"Home\",\"item\":\"https:\\\/\\\/mekulo.com\\\/dk\\\/\"},{\"@type\":\"ListItem\",\"position\":2,\"name\":\"Butik\",\"item\":\"https:\\\/\\\/mekulo.com\\\/dk\\\/butik\\\/\"},{\"@type\":\"ListItem\",\"position\":3,\"name\":\"Flise- og glassk\u00e6rer\"}]},{\"@type\":\"WebSite\",\"@id\":\"https:\\\/\\\/mekulo.com\\\/dk\\\/#website\",\"url\":\"https:\\\/\\\/mekulo.com\\\/dk\\\/\",\"name\":\"Mekulo DK\",\"description\":\"\",\"publisher\":{\"@id\":\"https:\\\/\\\/mekulo.com\\\/dk\\\/#organization\"},\"potentialAction\":[{\"@type\":\"SearchAction\",\"target\":{\"@type\":\"EntryPoint\",\"urlTemplate\":\"https:\\\/\\\/mekulo.com\\\/dk\\\/?s={search_term_string}\"},\"query-input\":{\"@type\":\"PropertyValueSpecification\",\"valueRequired\":true,\"valueName\":\"search_term_string\"}}],\"inLanguage\":\"da-DK\"},{\"@type\":\"Organization\",\"@id\":\"https:\\\/\\\/mekulo.com\\\/dk\\\/#organization\",\"name\":\"Mekulo\",\"url\":\"https:\\\/\\\/mekulo.com\\\/dk\\\/\",\"logo\":{\"@type\":\"ImageObject\",\"inLanguage\":\"da-DK\",\"@id\":\"https:\\\/\\\/mekulo.com\\\/dk\\\/#\\\/schema\\\/logo\\\/image\\\/\",\"url\":\"https:\\\/\\\/mekulo.com\\\/dk\\\/wp-content\\\/uploads\\\/sites\\\/12\\\/2025\\\/12\\\/favicon_mekulo.png\",\"contentUrl\":\"https:\\\/\\\/mekulo.com\\\/dk\\\/wp-content\\\/uploads\\\/sites\\\/12\\\/2025\\\/12\\\/favicon_mekulo.png\",\"width\":50,\"height\":50,\"caption\":\"Mekulo\"},\"image\":{\"@id\":\"https:\\\/\\\/mekulo.com\\\/dk\\\/#\\\/schema\\\/logo\\\/image\\\/\"}}]}<\/script>\n<!-- \/ Yoast SEO plugin. -->","yoast_head_json":{"title":"Flise- og glassk\u00e6rer - Mekulo DK","robots":{"index":"index","follow":"follow","max-snippet":"max-snippet:-1","max-image-preview":"max-image-preview:large","max-video-preview":"max-video-preview:-1"},"canonical":"https:\/\/mekulo.com\/dk\/produkt\/flise-og-glasskaerer\/","og_locale":"da_DK","og_type":"article","og_title":"Flise- og glassk\u00e6rer - Mekulo DK","og_description":"\ud83e\udd42Med denne 2-i-1 flise- og glassk\u00e6rer kan du nemt ridse og kn\u00e6kke materialer uden tungt v\u00e6rkt\u00f8j eller komplicerede trin. \ud83c\udfe0Den er perfekt til g\u00f8r-det-selv-projekter, reparationer i hjemmet og sm\u00e5 renoveringsopgaver, hvor pr\u00e6cision og kontrol er vigtig. \ud83d\udd27Et praktisk og p\u00e5lideligt v\u00e6rkt\u00f8j, der g\u00f8r flise- og glassk\u00e6ring nemmere, sikrere og mere pr\u00e6cis for b\u00e5de begyndere og erfarne g\u00f8r-det-selv-brugere.","og_url":"https:\/\/mekulo.com\/dk\/produkt\/flise-og-glasskaerer\/","og_site_name":"Mekulo DK","article_modified_time":"2026-01-29T15:39:41+00:00","og_image":[{"width":1600,"height":1600,"url":"https:\/\/mekulo.com\/dk\/wp-content\/uploads\/sites\/12\/2026\/01\/w4fj0gt-1.jpeg","type":"image\/jpeg"}],"twitter_card":"summary_large_image","twitter_misc":{"Estimeret l\u00e6setid":"2 minutter"},"schema":{"@context":"https:\/\/schema.org","@graph":[{"@type":"WebPage","@id":"https:\/\/mekulo.com\/dk\/produkt\/flise-og-glasskaerer\/","url":"https:\/\/mekulo.com\/dk\/produkt\/flise-og-glasskaerer\/","name":"Flise- og glassk\u00e6rer - Mekulo DK","isPartOf":{"@id":"https:\/\/mekulo.com\/dk\/#website"},"primaryImageOfPage":{"@id":"https:\/\/mekulo.com\/dk\/produkt\/flise-og-glasskaerer\/#primaryimage"},"image":{"@id":"https:\/\/mekulo.com\/dk\/produkt\/flise-og-glasskaerer\/#primaryimage"},"thumbnailUrl":"https:\/\/mekulo.com\/dk\/wp-content\/uploads\/sites\/12\/2026\/01\/w4fj0gt-1.jpeg","datePublished":"2026-01-28T17:08:36+00:00","dateModified":"2026-01-29T15:39:41+00:00","breadcrumb":{"@id":"https:\/\/mekulo.com\/dk\/produkt\/flise-og-glasskaerer\/#breadcrumb"},"inLanguage":"da-DK","potentialAction":[{"@type":"ReadAction","target":["https:\/\/mekulo.com\/dk\/produkt\/flise-og-glasskaerer\/"]}]},{"@type":"ImageObject","inLanguage":"da-DK","@id":"https:\/\/mekulo.com\/dk\/produkt\/flise-og-glasskaerer\/#primaryimage","url":"https:\/\/mekulo.com\/dk\/wp-content\/uploads\/sites\/12\/2026\/01\/w4fj0gt-1.jpeg","contentUrl":"https:\/\/mekulo.com\/dk\/wp-content\/uploads\/sites\/12\/2026\/01\/w4fj0gt-1.jpeg","width":1600,"height":1600},{"@type":"BreadcrumbList","@id":"https:\/\/mekulo.com\/dk\/produkt\/flise-og-glasskaerer\/#breadcrumb","itemListElement":[{"@type":"ListItem","position":1,"name":"Home","item":"https:\/\/mekulo.com\/dk\/"},{"@type":"ListItem","position":2,"name":"Butik","item":"https:\/\/mekulo.com\/dk\/butik\/"},{"@type":"ListItem","position":3,"name":"Flise- og glassk\u00e6rer"}]},{"@type":"WebSite","@id":"https:\/\/mekulo.com\/dk\/#website","url":"https:\/\/mekulo.com\/dk\/","name":"Mekulo DK","description":"","publisher":{"@id":"https:\/\/mekulo.com\/dk\/#organization"},"potentialAction":[{"@type":"SearchAction","target":{"@type":"EntryPoint","urlTemplate":"https:\/\/mekulo.com\/dk\/?s={search_term_string}"},"query-input":{"@type":"PropertyValueSpecification","valueRequired":true,"valueName":"search_term_string"}}],"inLanguage":"da-DK"},{"@type":"Organization","@id":"https:\/\/mekulo.com\/dk\/#organization","name":"Mekulo","url":"https:\/\/mekulo.com\/dk\/","logo":{"@type":"ImageObject","inLanguage":"da-DK","@id":"https:\/\/mekulo.com\/dk\/#\/schema\/logo\/image\/","url":"https:\/\/mekulo.com\/dk\/wp-content\/uploads\/sites\/12\/2025\/12\/favicon_mekulo.png","contentUrl":"https:\/\/mekulo.com\/dk\/wp-content\/uploads\/sites\/12\/2025\/12\/favicon_mekulo.png","width":50,"height":50,"caption":"Mekulo"},"image":{"@id":"https:\/\/mekulo.com\/dk\/#\/schema\/logo\/image\/"}}]}},"_links":{"self":[{"href":"https:\/\/mekulo.com\/dk\/wp-json\/wp\/v2\/product\/20219","targetHints":{"allow":["GET"]}}],"collection":[{"href":"https:\/\/mekulo.com\/dk\/wp-json\/wp\/v2\/product"}],"about":[{"href":"https:\/\/mekulo.com\/dk\/wp-json\/wp\/v2\/types\/product"}],"replies":[{"embeddable":true,"href":"https:\/\/mekulo.com\/dk\/wp-json\/wp\/v2\/comments?post=20219"}],"wp:featuredmedia":[{"embeddable":true,"href":"https:\/\/mekulo.com\/dk\/wp-json\/wp\/v2\/media\/20215"}],"wp:attachment":[{"href":"https:\/\/mekulo.com\/dk\/wp-json\/wp\/v2\/media?parent=20219"}],"wp:term":[{"taxonomy":"product_brand","embeddable":true,"href":"https:\/\/mekulo.com\/dk\/wp-json\/wp\/v2\/product_brand?post=20219"},{"taxonomy":"product_cat","embeddable":true,"href":"https:\/\/mekulo.com\/dk\/wp-json\/wp\/v2\/product_cat?post=20219"},{"taxonomy":"product_tag","embeddable":true,"href":"https:\/\/mekulo.com\/dk\/wp-json\/wp\/v2\/product_tag?post=20219"}],"curies":[{"name":"wp","href":"https:\/\/api.w.org\/{rel}","templated":true}]}}