{"id":20206,"date":"2026-01-28T19:06:56","date_gmt":"2026-01-28T17:06:56","guid":{"rendered":"https:\/\/mekulo.com\/dk\/produkt\/elastisk-mesh-organizer-til-bagagerummet\/"},"modified":"2026-01-28T19:07:02","modified_gmt":"2026-01-28T17:07:02","slug":"elastisk-mesh-organizer-til-bagagerummet","status":"publish","type":"product","link":"https:\/\/mekulo.com\/dk\/produkt\/elastisk-mesh-organizer-til-bagagerummet\/","title":{"rendered":"Elastisk mesh-organizer til bagagerummet"},"content":{"rendered":"<p style=\"text-align: center\" data-start=\"34\" data-end=\"89\"><strong data-start=\"34\" data-end=\"89\">Fastg\u00f8r din last hurtigt og sikkert p\u00e5 hver eneste tur. \ud83d\ude98<\/strong><\/p>\n<p data-start=\"34\" data-end=\"89\"><img fetchpriority=\"high\" decoding=\"async\" class=\"size-full wp-image-21992 aligncenter\" src=\"https:\/\/mekulo.com\/template\/wp-content\/uploads\/sites\/6\/2026\/01\/S9dbe54272c6c43f1b8acd6ac4f1207453.webp\" alt=\"\" width=\"800\" height=\"800\" \/><\/p>\n<h2 style=\"text-align: center\" data-start=\"334\" data-end=\"353\"><strong>Hovedfordele<\/strong><\/h2>\n<p data-start=\"355\" data-end=\"437\">\ud83e\uddf2 H\u00f8jelastisk net &#8211; Str\u00e6kker sig let for at holde forskellige varest\u00f8rrelser sikkert.<\/p>\n<p data-start=\"439\" data-end=\"528\">\ud83e\uddf3 Dobbeltlagsopbevaring &#8211; Fungerer som et lastenet og en opbevaringslomme p\u00e5 samme tid.<\/p>\n<p data-start=\"530\" data-end=\"608\">\ud83d\udca7 Vandt\u00e6t og slidst\u00e6rk &#8211; Lavet til at h\u00e5ndtere regn, st\u00f8v og daglig brug.<\/p>\n<p data-start=\"610\" data-end=\"687\">\ud83e\ude9d Nem kroginstallation &#8211; Leveres med 4 kroge til hurtig og stabil ops\u00e6tning.<\/p>\n<p data-start=\"689\" data-end=\"764\">\ud83c\udfcd\ufe0f Brug i flere k\u00f8ret\u00f8jer &#8211; Passer til biler, motorcykler, cykler, ATV&#8217;er og snescootere.<\/p>\n<p data-start=\"689\" data-end=\"764\"><img decoding=\"async\" class=\"size-full wp-image-21987 aligncenter\" src=\"https:\/\/mekulo.com\/template\/wp-content\/uploads\/sites\/6\/2026\/01\/S2b4bc35026cb4ccb86670bb3e10020b67.webp\" alt=\"\" width=\"800\" height=\"800\" \/><\/p>\n<h2 style=\"text-align: center\" data-start=\"771\" data-end=\"788\"><strong>S\u00e5dan Bruges<\/strong><\/h2>\n<ol data-start=\"790\" data-end=\"973\">\n<li data-start=\"790\" data-end=\"837\">\n<p data-start=\"793\" data-end=\"837\">Placer nettet over din bagage eller hjelm.<\/p>\n<\/li>\n<li data-start=\"838\" data-end=\"890\">\n<p data-start=\"841\" data-end=\"890\">Fastg\u00f8r de 4 kroge til stativet eller rammepunkterne.<\/p>\n<\/li>\n<li data-start=\"891\" data-end=\"939\">\n<p data-start=\"894\" data-end=\"939\">Juster nettet for at sikre genstandene.<\/p>\n<\/li>\n<li data-start=\"940\" data-end=\"973\">\n<p data-start=\"943\" data-end=\"973\">Tjek stabiliteten, f\u00f8r du k\u00f8rer.<\/p>\n<\/li>\n<\/ol>\n<h2 style=\"text-align: center\" data-start=\"980\" data-end=\"1002\"><strong>Produktdetaljer<\/strong><\/h2>\n<ul data-start=\"1004\" data-end=\"1233\">\n<li data-start=\"1004\" data-end=\"1049\">\n<p data-start=\"1006\" data-end=\"1049\">Materiale: Elastisk latexnet af h\u00f8j kvalitet<\/p>\n<\/li>\n<li data-start=\"1050\" data-end=\"1084\">\n<p data-start=\"1052\" data-end=\"1084\">Design: Dobbeltlags lastnet<\/p>\n<\/li>\n<li data-start=\"1085\" data-end=\"1119\">\n<p data-start=\"1087\" data-end=\"1119\">Stretch-st\u00f8rrelse: Op til 30 x 25 cm<\/p>\n<\/li>\n<li data-start=\"1120\" data-end=\"1139\">\n<p data-start=\"1122\" data-end=\"1139\">Vandt\u00e6t: Ja<\/p>\n<\/li>\n<li data-start=\"1140\" data-end=\"1176\">\n<p data-start=\"1142\" data-end=\"1176\">V\u00e6gt: Let og sammenklappelig<\/p>\n<\/li>\n<li data-start=\"1177\" data-end=\"1233\">\n<p data-start=\"1179\" data-end=\"1233\">Kompatibilitet: Biler, motorcykler, cykler, ATV&#8217;er, snescootere<\/p>\n<\/li>\n<\/ul>\n<h2 style=\"text-align: center\" data-start=\"1240\" data-end=\"1263\"><strong>Pakken Indeholder<\/strong><\/h2>\n<ul data-start=\"1265\" data-end=\"1301\">\n<li data-start=\"1265\" data-end=\"1301\">\n<p data-start=\"1267\" data-end=\"1301\">1, 2 x elastiske bagagerumsarrang\u00f8rer i mesh.<\/p>\n<\/li>\n<\/ul>\n","protected":false},"excerpt":{"rendered":"<p>\ud83d\udefbDenne elastiske mesh-bagagerumsorganisator holder din hjelm, dine tasker og dit udstyr p\u00e5 plads, mens du k\u00f8rer.<br \/>\n<span style=\"font-size: 16px;font-style: normal;font-weight: 400\">\ud83c\udfcd\ufe0f<\/span>Its Design med h\u00f8j stretch og dobbeltlag giver dig ekstra opbevaring uden at fylde mere, hvilket g\u00f8r den perfekt til daglig pendling eller lange ture.<br \/>\n<span style=\"font-size: 16px;font-style: normal;font-weight: 400\">\u2728<\/span>En enkel, prisvenlig l\u00f8sning til sikrere og mere organiserede ture.<\/p>\n","protected":false},"featured_media":20202,"comment_status":"open","ping_status":"closed","template":"","meta":{"site-sidebar-layout":"default","site-content-layout":"","ast-site-content-layout":"default","site-content-style":"default","site-sidebar-style":"default","ast-global-header-display":"","ast-banner-title-visibility":"","ast-main-header-display":"","ast-hfb-above-header-display":"","ast-hfb-below-header-display":"","ast-hfb-mobile-header-display":"","site-post-title":"","ast-breadcrumbs-content":"","ast-featured-img":"","footer-sml-layout":"","ast-disable-related-posts":"","theme-transparent-header-meta":"default","adv-header-id-meta":"","stick-header-meta":"","header-above-stick-meta":"","header-main-stick-meta":"","header-below-stick-meta":"","astra-migrate-meta-layouts":"set","ast-page-background-enabled":"default","ast-page-background-meta":{"desktop":{"background-color":"var(--ast-global-color-5)","background-image":"","background-repeat":"repeat","background-position":"center center","background-size":"auto","background-attachment":"scroll","background-type":"","background-media":"","overlay-type":"","overlay-color":"","overlay-opacity":"","overlay-gradient":""},"tablet":{"background-color":"","background-image":"","background-repeat":"repeat","background-position":"center center","background-size":"auto","background-attachment":"scroll","background-type":"","background-media":"","overlay-type":"","overlay-color":"","overlay-opacity":"","overlay-gradient":""},"mobile":{"background-color":"","background-image":"","background-repeat":"repeat","background-position":"center center","background-size":"auto","background-attachment":"scroll","background-type":"","background-media":"","overlay-type":"","overlay-color":"","overlay-opacity":"","overlay-gradient":""}},"ast-content-background-meta":{"desktop":{"background-color":"var(--ast-global-color-4)","background-image":"","background-repeat":"repeat","background-position":"center center","background-size":"auto","background-attachment":"scroll","background-type":"","background-media":"","overlay-type":"","overlay-color":"","overlay-opacity":"","overlay-gradient":""},"tablet":{"background-color":"var(--ast-global-color-4)","background-image":"","background-repeat":"repeat","background-position":"center center","background-size":"auto","background-attachment":"scroll","background-type":"","background-media":"","overlay-type":"","overlay-color":"","overlay-opacity":"","overlay-gradient":""},"mobile":{"background-color":"var(--ast-global-color-4)","background-image":"","background-repeat":"repeat","background-position":"center center","background-size":"auto","background-attachment":"scroll","background-type":"","background-media":"","overlay-type":"","overlay-color":"","overlay-opacity":"","overlay-gradient":""}}},"product_brand":[],"product_cat":[15],"product_tag":[],"class_list":{"0":"post-20206","1":"product","2":"type-product","3":"status-publish","4":"has-post-thumbnail","6":"product_cat-uncategorized","7":"pa_51775_62ann9r0-1-stk","8":"pa_51775_62ann9r0-2-stk","9":"desktop-align-left","10":"tablet-align-left","11":"mobile-align-left","13":"first","14":"instock","15":"shipping-taxable","16":"purchasable","17":"product-type-variable"},"yoast_head":"<!-- This site is optimized with the Yoast SEO plugin v27.4 - https:\/\/yoast.com\/product\/yoast-seo-wordpress\/ -->\n<title>Elastisk mesh-organizer til bagagerummet - Mekulo DK<\/title>\n<meta name=\"robots\" content=\"index, follow, max-snippet:-1, max-image-preview:large, max-video-preview:-1\" \/>\n<link rel=\"canonical\" href=\"https:\/\/mekulo.com\/dk\/produkt\/elastisk-mesh-organizer-til-bagagerummet\/\" \/>\n<meta property=\"og:locale\" content=\"da_DK\" \/>\n<meta property=\"og:type\" content=\"article\" \/>\n<meta property=\"og:title\" content=\"Elastisk mesh-organizer til bagagerummet - Mekulo DK\" \/>\n<meta property=\"og:description\" content=\"\ud83d\udefbDenne elastiske mesh-bagagerumsorganisator holder din hjelm, dine tasker og dit udstyr p\u00e5 plads, mens du k\u00f8rer. \ud83c\udfcd\ufe0fIts Design med h\u00f8j stretch og dobbeltlag giver dig ekstra opbevaring uden at fylde mere, hvilket g\u00f8r den perfekt til daglig pendling eller lange ture. \u2728En enkel, prisvenlig l\u00f8sning til sikrere og mere organiserede ture.\" \/>\n<meta property=\"og:url\" content=\"https:\/\/mekulo.com\/dk\/produkt\/elastisk-mesh-organizer-til-bagagerummet\/\" \/>\n<meta property=\"og:site_name\" content=\"Mekulo DK\" \/>\n<meta property=\"article:modified_time\" content=\"2026-01-28T17:07:02+00:00\" \/>\n<meta property=\"og:image\" content=\"https:\/\/mekulo.com\/dk\/wp-content\/uploads\/sites\/12\/2026\/01\/usht0qm-1.webp\" \/>\n\t<meta property=\"og:image:width\" content=\"800\" \/>\n\t<meta property=\"og:image:height\" content=\"800\" \/>\n\t<meta property=\"og:image:type\" content=\"image\/webp\" \/>\n<meta name=\"twitter:card\" content=\"summary_large_image\" \/>\n<meta name=\"twitter:label1\" content=\"Estimeret l\u00e6setid\" \/>\n\t<meta name=\"twitter:data1\" content=\"2 minutter\" \/>\n<script type=\"application\/ld+json\" class=\"yoast-schema-graph\">{\"@context\":\"https:\\\/\\\/schema.org\",\"@graph\":[{\"@type\":\"WebPage\",\"@id\":\"https:\\\/\\\/mekulo.com\\\/dk\\\/produkt\\\/elastisk-mesh-organizer-til-bagagerummet\\\/\",\"url\":\"https:\\\/\\\/mekulo.com\\\/dk\\\/produkt\\\/elastisk-mesh-organizer-til-bagagerummet\\\/\",\"name\":\"Elastisk mesh-organizer til bagagerummet - Mekulo DK\",\"isPartOf\":{\"@id\":\"https:\\\/\\\/mekulo.com\\\/dk\\\/#website\"},\"primaryImageOfPage\":{\"@id\":\"https:\\\/\\\/mekulo.com\\\/dk\\\/produkt\\\/elastisk-mesh-organizer-til-bagagerummet\\\/#primaryimage\"},\"image\":{\"@id\":\"https:\\\/\\\/mekulo.com\\\/dk\\\/produkt\\\/elastisk-mesh-organizer-til-bagagerummet\\\/#primaryimage\"},\"thumbnailUrl\":\"https:\\\/\\\/mekulo.com\\\/dk\\\/wp-content\\\/uploads\\\/sites\\\/12\\\/2026\\\/01\\\/usht0qm-1.webp\",\"datePublished\":\"2026-01-28T17:06:56+00:00\",\"dateModified\":\"2026-01-28T17:07:02+00:00\",\"breadcrumb\":{\"@id\":\"https:\\\/\\\/mekulo.com\\\/dk\\\/produkt\\\/elastisk-mesh-organizer-til-bagagerummet\\\/#breadcrumb\"},\"inLanguage\":\"da-DK\",\"potentialAction\":[{\"@type\":\"ReadAction\",\"target\":[\"https:\\\/\\\/mekulo.com\\\/dk\\\/produkt\\\/elastisk-mesh-organizer-til-bagagerummet\\\/\"]}]},{\"@type\":\"ImageObject\",\"inLanguage\":\"da-DK\",\"@id\":\"https:\\\/\\\/mekulo.com\\\/dk\\\/produkt\\\/elastisk-mesh-organizer-til-bagagerummet\\\/#primaryimage\",\"url\":\"https:\\\/\\\/mekulo.com\\\/dk\\\/wp-content\\\/uploads\\\/sites\\\/12\\\/2026\\\/01\\\/usht0qm-1.webp\",\"contentUrl\":\"https:\\\/\\\/mekulo.com\\\/dk\\\/wp-content\\\/uploads\\\/sites\\\/12\\\/2026\\\/01\\\/usht0qm-1.webp\",\"width\":800,\"height\":800},{\"@type\":\"BreadcrumbList\",\"@id\":\"https:\\\/\\\/mekulo.com\\\/dk\\\/produkt\\\/elastisk-mesh-organizer-til-bagagerummet\\\/#breadcrumb\",\"itemListElement\":[{\"@type\":\"ListItem\",\"position\":1,\"name\":\"Home\",\"item\":\"https:\\\/\\\/mekulo.com\\\/dk\\\/\"},{\"@type\":\"ListItem\",\"position\":2,\"name\":\"Butik\",\"item\":\"https:\\\/\\\/mekulo.com\\\/dk\\\/butik\\\/\"},{\"@type\":\"ListItem\",\"position\":3,\"name\":\"Elastisk mesh-organizer til bagagerummet\"}]},{\"@type\":\"WebSite\",\"@id\":\"https:\\\/\\\/mekulo.com\\\/dk\\\/#website\",\"url\":\"https:\\\/\\\/mekulo.com\\\/dk\\\/\",\"name\":\"Mekulo DK\",\"description\":\"\",\"publisher\":{\"@id\":\"https:\\\/\\\/mekulo.com\\\/dk\\\/#organization\"},\"potentialAction\":[{\"@type\":\"SearchAction\",\"target\":{\"@type\":\"EntryPoint\",\"urlTemplate\":\"https:\\\/\\\/mekulo.com\\\/dk\\\/?s={search_term_string}\"},\"query-input\":{\"@type\":\"PropertyValueSpecification\",\"valueRequired\":true,\"valueName\":\"search_term_string\"}}],\"inLanguage\":\"da-DK\"},{\"@type\":\"Organization\",\"@id\":\"https:\\\/\\\/mekulo.com\\\/dk\\\/#organization\",\"name\":\"Mekulo\",\"url\":\"https:\\\/\\\/mekulo.com\\\/dk\\\/\",\"logo\":{\"@type\":\"ImageObject\",\"inLanguage\":\"da-DK\",\"@id\":\"https:\\\/\\\/mekulo.com\\\/dk\\\/#\\\/schema\\\/logo\\\/image\\\/\",\"url\":\"https:\\\/\\\/mekulo.com\\\/dk\\\/wp-content\\\/uploads\\\/sites\\\/12\\\/2025\\\/12\\\/favicon_mekulo.png\",\"contentUrl\":\"https:\\\/\\\/mekulo.com\\\/dk\\\/wp-content\\\/uploads\\\/sites\\\/12\\\/2025\\\/12\\\/favicon_mekulo.png\",\"width\":50,\"height\":50,\"caption\":\"Mekulo\"},\"image\":{\"@id\":\"https:\\\/\\\/mekulo.com\\\/dk\\\/#\\\/schema\\\/logo\\\/image\\\/\"}}]}<\/script>\n<!-- \/ Yoast SEO plugin. -->","yoast_head_json":{"title":"Elastisk mesh-organizer til bagagerummet - Mekulo DK","robots":{"index":"index","follow":"follow","max-snippet":"max-snippet:-1","max-image-preview":"max-image-preview:large","max-video-preview":"max-video-preview:-1"},"canonical":"https:\/\/mekulo.com\/dk\/produkt\/elastisk-mesh-organizer-til-bagagerummet\/","og_locale":"da_DK","og_type":"article","og_title":"Elastisk mesh-organizer til bagagerummet - Mekulo DK","og_description":"\ud83d\udefbDenne elastiske mesh-bagagerumsorganisator holder din hjelm, dine tasker og dit udstyr p\u00e5 plads, mens du k\u00f8rer. \ud83c\udfcd\ufe0fIts Design med h\u00f8j stretch og dobbeltlag giver dig ekstra opbevaring uden at fylde mere, hvilket g\u00f8r den perfekt til daglig pendling eller lange ture. \u2728En enkel, prisvenlig l\u00f8sning til sikrere og mere organiserede ture.","og_url":"https:\/\/mekulo.com\/dk\/produkt\/elastisk-mesh-organizer-til-bagagerummet\/","og_site_name":"Mekulo DK","article_modified_time":"2026-01-28T17:07:02+00:00","og_image":[{"width":800,"height":800,"url":"https:\/\/mekulo.com\/dk\/wp-content\/uploads\/sites\/12\/2026\/01\/usht0qm-1.webp","type":"image\/webp"}],"twitter_card":"summary_large_image","twitter_misc":{"Estimeret l\u00e6setid":"2 minutter"},"schema":{"@context":"https:\/\/schema.org","@graph":[{"@type":"WebPage","@id":"https:\/\/mekulo.com\/dk\/produkt\/elastisk-mesh-organizer-til-bagagerummet\/","url":"https:\/\/mekulo.com\/dk\/produkt\/elastisk-mesh-organizer-til-bagagerummet\/","name":"Elastisk mesh-organizer til bagagerummet - Mekulo DK","isPartOf":{"@id":"https:\/\/mekulo.com\/dk\/#website"},"primaryImageOfPage":{"@id":"https:\/\/mekulo.com\/dk\/produkt\/elastisk-mesh-organizer-til-bagagerummet\/#primaryimage"},"image":{"@id":"https:\/\/mekulo.com\/dk\/produkt\/elastisk-mesh-organizer-til-bagagerummet\/#primaryimage"},"thumbnailUrl":"https:\/\/mekulo.com\/dk\/wp-content\/uploads\/sites\/12\/2026\/01\/usht0qm-1.webp","datePublished":"2026-01-28T17:06:56+00:00","dateModified":"2026-01-28T17:07:02+00:00","breadcrumb":{"@id":"https:\/\/mekulo.com\/dk\/produkt\/elastisk-mesh-organizer-til-bagagerummet\/#breadcrumb"},"inLanguage":"da-DK","potentialAction":[{"@type":"ReadAction","target":["https:\/\/mekulo.com\/dk\/produkt\/elastisk-mesh-organizer-til-bagagerummet\/"]}]},{"@type":"ImageObject","inLanguage":"da-DK","@id":"https:\/\/mekulo.com\/dk\/produkt\/elastisk-mesh-organizer-til-bagagerummet\/#primaryimage","url":"https:\/\/mekulo.com\/dk\/wp-content\/uploads\/sites\/12\/2026\/01\/usht0qm-1.webp","contentUrl":"https:\/\/mekulo.com\/dk\/wp-content\/uploads\/sites\/12\/2026\/01\/usht0qm-1.webp","width":800,"height":800},{"@type":"BreadcrumbList","@id":"https:\/\/mekulo.com\/dk\/produkt\/elastisk-mesh-organizer-til-bagagerummet\/#breadcrumb","itemListElement":[{"@type":"ListItem","position":1,"name":"Home","item":"https:\/\/mekulo.com\/dk\/"},{"@type":"ListItem","position":2,"name":"Butik","item":"https:\/\/mekulo.com\/dk\/butik\/"},{"@type":"ListItem","position":3,"name":"Elastisk mesh-organizer til bagagerummet"}]},{"@type":"WebSite","@id":"https:\/\/mekulo.com\/dk\/#website","url":"https:\/\/mekulo.com\/dk\/","name":"Mekulo DK","description":"","publisher":{"@id":"https:\/\/mekulo.com\/dk\/#organization"},"potentialAction":[{"@type":"SearchAction","target":{"@type":"EntryPoint","urlTemplate":"https:\/\/mekulo.com\/dk\/?s={search_term_string}"},"query-input":{"@type":"PropertyValueSpecification","valueRequired":true,"valueName":"search_term_string"}}],"inLanguage":"da-DK"},{"@type":"Organization","@id":"https:\/\/mekulo.com\/dk\/#organization","name":"Mekulo","url":"https:\/\/mekulo.com\/dk\/","logo":{"@type":"ImageObject","inLanguage":"da-DK","@id":"https:\/\/mekulo.com\/dk\/#\/schema\/logo\/image\/","url":"https:\/\/mekulo.com\/dk\/wp-content\/uploads\/sites\/12\/2025\/12\/favicon_mekulo.png","contentUrl":"https:\/\/mekulo.com\/dk\/wp-content\/uploads\/sites\/12\/2025\/12\/favicon_mekulo.png","width":50,"height":50,"caption":"Mekulo"},"image":{"@id":"https:\/\/mekulo.com\/dk\/#\/schema\/logo\/image\/"}}]}},"_links":{"self":[{"href":"https:\/\/mekulo.com\/dk\/wp-json\/wp\/v2\/product\/20206","targetHints":{"allow":["GET"]}}],"collection":[{"href":"https:\/\/mekulo.com\/dk\/wp-json\/wp\/v2\/product"}],"about":[{"href":"https:\/\/mekulo.com\/dk\/wp-json\/wp\/v2\/types\/product"}],"replies":[{"embeddable":true,"href":"https:\/\/mekulo.com\/dk\/wp-json\/wp\/v2\/comments?post=20206"}],"wp:featuredmedia":[{"embeddable":true,"href":"https:\/\/mekulo.com\/dk\/wp-json\/wp\/v2\/media\/20202"}],"wp:attachment":[{"href":"https:\/\/mekulo.com\/dk\/wp-json\/wp\/v2\/media?parent=20206"}],"wp:term":[{"taxonomy":"product_brand","embeddable":true,"href":"https:\/\/mekulo.com\/dk\/wp-json\/wp\/v2\/product_brand?post=20206"},{"taxonomy":"product_cat","embeddable":true,"href":"https:\/\/mekulo.com\/dk\/wp-json\/wp\/v2\/product_cat?post=20206"},{"taxonomy":"product_tag","embeddable":true,"href":"https:\/\/mekulo.com\/dk\/wp-json\/wp\/v2\/product_tag?post=20206"}],"curies":[{"name":"wp","href":"https:\/\/api.w.org\/{rel}","templated":true}]}}