{"id":20137,"date":"2026-01-28T19:00:04","date_gmt":"2026-01-28T17:00:04","guid":{"rendered":"https:\/\/mekulo.com\/dk\/produkt\/spar-plads-med-trekantet-vaskedaase\/"},"modified":"2026-02-03T17:20:06","modified_gmt":"2026-02-03T15:20:06","slug":"spar-plads-med-trekantet-vaskedaase","status":"publish","type":"product","link":"https:\/\/mekulo.com\/dk\/produkt\/spar-plads-med-trekantet-vaskedaase\/","title":{"rendered":"Spar plads med trekantet vasked\u00e5se"},"content":{"rendered":"<p style=\"text-align: center\" data-start=\"36\" data-end=\"107\"><strong data-start=\"36\" data-end=\"107\">Hold din vask ren og organiseret uden at optage bordplads. \ud83d\udc69\u200d\ud83c\udf73<\/strong><\/p>\n<p data-start=\"36\" data-end=\"107\"><img decoding=\"async\" class=\"size-full wp-image-21955 aligncenter\" src=\"https:\/\/mekulo.com\/template\/wp-content\/uploads\/sites\/6\/2026\/01\/6825faba7386c34d67ef1d24db59e5efcf503190-700.avif\" alt=\"\" \/><\/p>\n<h2 style=\"text-align: center\" data-start=\"352\" data-end=\"371\">\u2728 Vigtigste Fordele<\/h2>\n<p data-start=\"373\" data-end=\"451\">\ud83e\uddf2 V\u00e6rkt\u00f8jsfri installation &#8211; installeres med det samme med kraftige sugekopper.<\/p>\n<p data-start=\"453\" data-end=\"524\">\ud83d\udd04 360\u00b0 roterende design &#8211; justeres nemt, s\u00e5 den passer til hj\u00f8rner i vasken.<\/p>\n<p data-start=\"526\" data-end=\"597\">\ud83d\udcaa Kraftigt greb &#8211; underst\u00f8tter op til 2,5 kg med dobbelte sugekopper.<\/p>\n<p data-start=\"599\" data-end=\"677\">\ud83d\udca7 Hurtigt afl\u00f8bssystem &#8211; 132 afl\u00f8bshuller holder tingene t\u00f8rre og lugtfri.<\/p>\n<p data-start=\"679\" data-end=\"747\">\ud83e\uddfc Nem at reng\u00f8re &#8211; kan tages helt af og skylles rent under vand.<\/p>\n<p data-start=\"749\" data-end=\"833\">\ud83d\udee1 Ekstra stabilitet &#8211; Dobbelt sugesystem er mere sikkert end enkeltkopholdere.<\/p>\n<p data-start=\"749\" data-end=\"833\"><img fetchpriority=\"high\" decoding=\"async\" class=\"size-full wp-image-21960 aligncenter\" src=\"https:\/\/mekulo.com\/template\/wp-content\/uploads\/sites\/6\/2026\/01\/dde393bae3c7465d64b66ad503e63d1c8f8dd108-700.jpg\" alt=\"\" width=\"1080\" height=\"1080\" \/><\/p>\n<h2 style=\"text-align: center\" data-start=\"840\" data-end=\"857\">\ud83d\udee0 S\u00e5dan Bruges<\/h2>\n<ol data-start=\"859\" data-end=\"1088\">\n<li data-start=\"859\" data-end=\"895\">\n<p data-start=\"862\" data-end=\"895\">Reng\u00f8r og t\u00f8r vaskens overflade.<\/p>\n<\/li>\n<li data-start=\"896\" data-end=\"952\">\n<p data-start=\"899\" data-end=\"952\">Tryk sugekopperne fast i vaskens hj\u00f8rne.<\/p>\n<\/li>\n<li data-start=\"953\" data-end=\"1001\">\n<p data-start=\"956\" data-end=\"1001\">Juster vinklen ved hj\u00e6lp af det roterende design.<\/p>\n<\/li>\n<li data-start=\"1002\" data-end=\"1043\">\n<p data-start=\"1005\" data-end=\"1043\">Placer svampe eller tilbeh\u00f8r indeni.<\/p>\n<\/li>\n<li data-start=\"1044\" data-end=\"1088\">\n<p data-start=\"1047\" data-end=\"1088\">Fjern og skyl, n\u00e5r der er brug for reng\u00f8ring.<\/p>\n<\/li>\n<\/ol>\n<h2 style=\"text-align: center\" data-start=\"1095\" data-end=\"1117\">\ud83d\udccc Produktdetaljer<\/h2>\n<ul data-start=\"1119\" data-end=\"1325\">\n<li data-start=\"1119\" data-end=\"1142\">\n<p data-start=\"1121\" data-end=\"1142\">Materiale: PET + ABS<\/p>\n<\/li>\n<li data-start=\"1143\" data-end=\"1173\">\n<p data-start=\"1145\" data-end=\"1173\">Skala: 16,2 x 10,8 x 7,5 cm<\/p>\n<\/li>\n<li data-start=\"1174\" data-end=\"1191\">\n<p data-start=\"1176\" data-end=\"1191\">V\u00e6gt: 165 g<\/p>\n<\/li>\n<li data-start=\"1192\" data-end=\"1224\">\n<p data-start=\"1194\" data-end=\"1224\">Lastkapacitet: Op til 2,5 kg<\/p>\n<\/li>\n<li data-start=\"1225\" data-end=\"1273\">\n<p data-start=\"1227\" data-end=\"1273\">Installation: Sugekop, kr\u00e6ver ikke v\u00e6rkt\u00f8j<\/p>\n<\/li>\n<li data-start=\"1274\" data-end=\"1325\">\n<p data-start=\"1276\" data-end=\"1325\">Design: Triangle corner fit med dr\u00e6nhuller<\/p>\n<\/li>\n<\/ul>\n<h2 style=\"text-align: center\" data-start=\"1332\" data-end=\"1355\">\ud83d\udce6 Pakken Indeholder<\/h2>\n<ul data-start=\"1357\" data-end=\"1384\">\n<li data-start=\"1357\" data-end=\"1384\">\n<p data-start=\"1359\" data-end=\"1384\">1, 2, 3x triangle sink caddies.<\/p>\n<\/li>\n<\/ul>\n","protected":false},"excerpt":{"rendered":"<p><span style=\"font-size: 16px;font-style: normal;font-weight: 400\">\ud83e\uddfd<\/span>Denne pladsbesparende trekantede vasked\u00e5se passer p\u00e6nt ind i hj\u00f8rnet af din vask til svampe, skrubber eller s\u00e6be, mens alt holdes t\u00f8rt og hygiejnisk.<br \/>\n\ud83e\uddf4De st\u00e6rke sugekopper installeres p\u00e5 f\u00e5 sekunder og roterer frit for at passe til forskellige vaskelayouts.<br \/>\n\ud83e\udee7En enkel og smart m\u00e5de at spare plads p\u00e5 og holde dit vaskeomr\u00e5de rent hver dag.<\/p>\n","protected":false},"featured_media":20133,"comment_status":"open","ping_status":"closed","template":"","meta":{"site-sidebar-layout":"default","site-content-layout":"","ast-site-content-layout":"default","site-content-style":"default","site-sidebar-style":"default","ast-global-header-display":"","ast-banner-title-visibility":"","ast-main-header-display":"","ast-hfb-above-header-display":"","ast-hfb-below-header-display":"","ast-hfb-mobile-header-display":"","site-post-title":"","ast-breadcrumbs-content":"","ast-featured-img":"","footer-sml-layout":"","theme-transparent-header-meta":"default","adv-header-id-meta":"","stick-header-meta":"","header-above-stick-meta":"","header-main-stick-meta":"","header-below-stick-meta":"","astra-migrate-meta-layouts":"set","ast-page-background-enabled":"default","ast-page-background-meta":{"desktop":{"background-color":"var(--ast-global-color-5)","background-image":"","background-repeat":"repeat","background-position":"center center","background-size":"auto","background-attachment":"scroll","background-type":"","background-media":"","overlay-type":"","overlay-color":"","overlay-opacity":"","overlay-gradient":""},"tablet":{"background-color":"","background-image":"","background-repeat":"repeat","background-position":"center center","background-size":"auto","background-attachment":"scroll","background-type":"","background-media":"","overlay-type":"","overlay-color":"","overlay-opacity":"","overlay-gradient":""},"mobile":{"background-color":"","background-image":"","background-repeat":"repeat","background-position":"center center","background-size":"auto","background-attachment":"scroll","background-type":"","background-media":"","overlay-type":"","overlay-color":"","overlay-opacity":"","overlay-gradient":""}},"ast-content-background-meta":{"desktop":{"background-color":"var(--ast-global-color-4)","background-image":"","background-repeat":"repeat","background-position":"center center","background-size":"auto","background-attachment":"scroll","background-type":"","background-media":"","overlay-type":"","overlay-color":"","overlay-opacity":"","overlay-gradient":""},"tablet":{"background-color":"var(--ast-global-color-4)","background-image":"","background-repeat":"repeat","background-position":"center center","background-size":"auto","background-attachment":"scroll","background-type":"","background-media":"","overlay-type":"","overlay-color":"","overlay-opacity":"","overlay-gradient":""},"mobile":{"background-color":"var(--ast-global-color-4)","background-image":"","background-repeat":"repeat","background-position":"center center","background-size":"auto","background-attachment":"scroll","background-type":"","background-media":"","overlay-type":"","overlay-color":"","overlay-opacity":"","overlay-gradient":""}}},"product_brand":[],"product_cat":[168],"product_tag":[],"class_list":{"0":"post-20137","1":"product","2":"type-product","3":"status-publish","4":"has-post-thumbnail","6":"product_cat-husholdningsartikler","7":"pa_51713_ratlh9au-1-stk","8":"pa_51713_ratlh9au-2-stk","9":"pa_51713_ratlh9au-3-stk","10":"pa_51713_rkgd1sbn-gennemsigtig","11":"pa_51713_rkgd1sbn-graa","12":"desktop-align-left","13":"tablet-align-left","14":"mobile-align-left","16":"first","17":"instock","18":"shipping-taxable","19":"purchasable","20":"product-type-variable","21":"has-default-attributes"},"yoast_head":"<!-- This site is optimized with the Yoast SEO plugin v26.6 - https:\/\/yoast.com\/wordpress\/plugins\/seo\/ -->\n<title>Spar plads med trekantet vasked\u00e5se - Mekulo DK<\/title>\n<meta name=\"robots\" content=\"index, follow, max-snippet:-1, max-image-preview:large, max-video-preview:-1\" \/>\n<link rel=\"canonical\" href=\"https:\/\/mekulo.com\/dk\/produkt\/spar-plads-med-trekantet-vaskedaase\/\" \/>\n<meta property=\"og:locale\" content=\"da_DK\" \/>\n<meta property=\"og:type\" content=\"article\" \/>\n<meta property=\"og:title\" content=\"Spar plads med trekantet vasked\u00e5se - Mekulo DK\" \/>\n<meta property=\"og:description\" content=\"\ud83e\uddfdDenne pladsbesparende trekantede vasked\u00e5se passer p\u00e6nt ind i hj\u00f8rnet af din vask til svampe, skrubber eller s\u00e6be, mens alt holdes t\u00f8rt og hygiejnisk. \ud83e\uddf4De st\u00e6rke sugekopper installeres p\u00e5 f\u00e5 sekunder og roterer frit for at passe til forskellige vaskelayouts. \ud83e\udee7En enkel og smart m\u00e5de at spare plads p\u00e5 og holde dit vaskeomr\u00e5de rent hver dag.\" \/>\n<meta property=\"og:url\" content=\"https:\/\/mekulo.com\/dk\/produkt\/spar-plads-med-trekantet-vaskedaase\/\" \/>\n<meta property=\"og:site_name\" content=\"Mekulo DK\" \/>\n<meta property=\"article:modified_time\" content=\"2026-02-03T15:20:06+00:00\" \/>\n<meta property=\"og:image\" content=\"https:\/\/mekulo.com\/dk\/wp-content\/uploads\/sites\/12\/2026\/01\/ofo317p-1.jpg\" \/>\n\t<meta property=\"og:image:width\" content=\"960\" \/>\n\t<meta property=\"og:image:height\" content=\"960\" \/>\n\t<meta property=\"og:image:type\" content=\"image\/jpeg\" \/>\n<meta name=\"twitter:card\" content=\"summary_large_image\" \/>\n<meta name=\"twitter:label1\" content=\"Estimeret l\u00e6setid\" \/>\n\t<meta name=\"twitter:data1\" content=\"2 minutter\" \/>\n<script type=\"application\/ld+json\" class=\"yoast-schema-graph\">{\"@context\":\"https:\/\/schema.org\",\"@graph\":[{\"@type\":\"WebPage\",\"@id\":\"https:\/\/mekulo.com\/dk\/produkt\/spar-plads-med-trekantet-vaskedaase\/\",\"url\":\"https:\/\/mekulo.com\/dk\/produkt\/spar-plads-med-trekantet-vaskedaase\/\",\"name\":\"Spar plads med trekantet vasked\u00e5se - Mekulo DK\",\"isPartOf\":{\"@id\":\"https:\/\/mekulo.com\/dk\/#website\"},\"primaryImageOfPage\":{\"@id\":\"https:\/\/mekulo.com\/dk\/produkt\/spar-plads-med-trekantet-vaskedaase\/#primaryimage\"},\"image\":{\"@id\":\"https:\/\/mekulo.com\/dk\/produkt\/spar-plads-med-trekantet-vaskedaase\/#primaryimage\"},\"thumbnailUrl\":\"https:\/\/mekulo.com\/dk\/wp-content\/uploads\/sites\/12\/2026\/01\/ofo317p-1.jpg\",\"datePublished\":\"2026-01-28T17:00:04+00:00\",\"dateModified\":\"2026-02-03T15:20:06+00:00\",\"breadcrumb\":{\"@id\":\"https:\/\/mekulo.com\/dk\/produkt\/spar-plads-med-trekantet-vaskedaase\/#breadcrumb\"},\"inLanguage\":\"da-DK\",\"potentialAction\":[{\"@type\":\"ReadAction\",\"target\":[\"https:\/\/mekulo.com\/dk\/produkt\/spar-plads-med-trekantet-vaskedaase\/\"]}]},{\"@type\":\"ImageObject\",\"inLanguage\":\"da-DK\",\"@id\":\"https:\/\/mekulo.com\/dk\/produkt\/spar-plads-med-trekantet-vaskedaase\/#primaryimage\",\"url\":\"https:\/\/mekulo.com\/dk\/wp-content\/uploads\/sites\/12\/2026\/01\/ofo317p-1.jpg\",\"contentUrl\":\"https:\/\/mekulo.com\/dk\/wp-content\/uploads\/sites\/12\/2026\/01\/ofo317p-1.jpg\",\"width\":960,\"height\":960},{\"@type\":\"BreadcrumbList\",\"@id\":\"https:\/\/mekulo.com\/dk\/produkt\/spar-plads-med-trekantet-vaskedaase\/#breadcrumb\",\"itemListElement\":[{\"@type\":\"ListItem\",\"position\":1,\"name\":\"Home\",\"item\":\"https:\/\/mekulo.com\/dk\/\"},{\"@type\":\"ListItem\",\"position\":2,\"name\":\"Butik\",\"item\":\"https:\/\/mekulo.com\/dk\/butik\/\"},{\"@type\":\"ListItem\",\"position\":3,\"name\":\"Spar plads med trekantet vasked\u00e5se\"}]},{\"@type\":\"WebSite\",\"@id\":\"https:\/\/mekulo.com\/dk\/#website\",\"url\":\"https:\/\/mekulo.com\/dk\/\",\"name\":\"Mekulo DK\",\"description\":\"\",\"publisher\":{\"@id\":\"https:\/\/mekulo.com\/dk\/#organization\"},\"potentialAction\":[{\"@type\":\"SearchAction\",\"target\":{\"@type\":\"EntryPoint\",\"urlTemplate\":\"https:\/\/mekulo.com\/dk\/?s={search_term_string}\"},\"query-input\":{\"@type\":\"PropertyValueSpecification\",\"valueRequired\":true,\"valueName\":\"search_term_string\"}}],\"inLanguage\":\"da-DK\"},{\"@type\":\"Organization\",\"@id\":\"https:\/\/mekulo.com\/dk\/#organization\",\"name\":\"Mekulo\",\"url\":\"https:\/\/mekulo.com\/dk\/\",\"logo\":{\"@type\":\"ImageObject\",\"inLanguage\":\"da-DK\",\"@id\":\"https:\/\/mekulo.com\/dk\/#\/schema\/logo\/image\/\",\"url\":\"https:\/\/mekulo.com\/dk\/wp-content\/uploads\/sites\/12\/2025\/12\/favicon_mekulo.png\",\"contentUrl\":\"https:\/\/mekulo.com\/dk\/wp-content\/uploads\/sites\/12\/2025\/12\/favicon_mekulo.png\",\"width\":50,\"height\":50,\"caption\":\"Mekulo\"},\"image\":{\"@id\":\"https:\/\/mekulo.com\/dk\/#\/schema\/logo\/image\/\"}}]}<\/script>\n<!-- \/ Yoast SEO plugin. -->","yoast_head_json":{"title":"Spar plads med trekantet vasked\u00e5se - Mekulo DK","robots":{"index":"index","follow":"follow","max-snippet":"max-snippet:-1","max-image-preview":"max-image-preview:large","max-video-preview":"max-video-preview:-1"},"canonical":"https:\/\/mekulo.com\/dk\/produkt\/spar-plads-med-trekantet-vaskedaase\/","og_locale":"da_DK","og_type":"article","og_title":"Spar plads med trekantet vasked\u00e5se - Mekulo DK","og_description":"\ud83e\uddfdDenne pladsbesparende trekantede vasked\u00e5se passer p\u00e6nt ind i hj\u00f8rnet af din vask til svampe, skrubber eller s\u00e6be, mens alt holdes t\u00f8rt og hygiejnisk. \ud83e\uddf4De st\u00e6rke sugekopper installeres p\u00e5 f\u00e5 sekunder og roterer frit for at passe til forskellige vaskelayouts. \ud83e\udee7En enkel og smart m\u00e5de at spare plads p\u00e5 og holde dit vaskeomr\u00e5de rent hver dag.","og_url":"https:\/\/mekulo.com\/dk\/produkt\/spar-plads-med-trekantet-vaskedaase\/","og_site_name":"Mekulo DK","article_modified_time":"2026-02-03T15:20:06+00:00","og_image":[{"width":960,"height":960,"url":"https:\/\/mekulo.com\/dk\/wp-content\/uploads\/sites\/12\/2026\/01\/ofo317p-1.jpg","type":"image\/jpeg"}],"twitter_card":"summary_large_image","twitter_misc":{"Estimeret l\u00e6setid":"2 minutter"},"schema":{"@context":"https:\/\/schema.org","@graph":[{"@type":"WebPage","@id":"https:\/\/mekulo.com\/dk\/produkt\/spar-plads-med-trekantet-vaskedaase\/","url":"https:\/\/mekulo.com\/dk\/produkt\/spar-plads-med-trekantet-vaskedaase\/","name":"Spar plads med trekantet vasked\u00e5se - Mekulo DK","isPartOf":{"@id":"https:\/\/mekulo.com\/dk\/#website"},"primaryImageOfPage":{"@id":"https:\/\/mekulo.com\/dk\/produkt\/spar-plads-med-trekantet-vaskedaase\/#primaryimage"},"image":{"@id":"https:\/\/mekulo.com\/dk\/produkt\/spar-plads-med-trekantet-vaskedaase\/#primaryimage"},"thumbnailUrl":"https:\/\/mekulo.com\/dk\/wp-content\/uploads\/sites\/12\/2026\/01\/ofo317p-1.jpg","datePublished":"2026-01-28T17:00:04+00:00","dateModified":"2026-02-03T15:20:06+00:00","breadcrumb":{"@id":"https:\/\/mekulo.com\/dk\/produkt\/spar-plads-med-trekantet-vaskedaase\/#breadcrumb"},"inLanguage":"da-DK","potentialAction":[{"@type":"ReadAction","target":["https:\/\/mekulo.com\/dk\/produkt\/spar-plads-med-trekantet-vaskedaase\/"]}]},{"@type":"ImageObject","inLanguage":"da-DK","@id":"https:\/\/mekulo.com\/dk\/produkt\/spar-plads-med-trekantet-vaskedaase\/#primaryimage","url":"https:\/\/mekulo.com\/dk\/wp-content\/uploads\/sites\/12\/2026\/01\/ofo317p-1.jpg","contentUrl":"https:\/\/mekulo.com\/dk\/wp-content\/uploads\/sites\/12\/2026\/01\/ofo317p-1.jpg","width":960,"height":960},{"@type":"BreadcrumbList","@id":"https:\/\/mekulo.com\/dk\/produkt\/spar-plads-med-trekantet-vaskedaase\/#breadcrumb","itemListElement":[{"@type":"ListItem","position":1,"name":"Home","item":"https:\/\/mekulo.com\/dk\/"},{"@type":"ListItem","position":2,"name":"Butik","item":"https:\/\/mekulo.com\/dk\/butik\/"},{"@type":"ListItem","position":3,"name":"Spar plads med trekantet vasked\u00e5se"}]},{"@type":"WebSite","@id":"https:\/\/mekulo.com\/dk\/#website","url":"https:\/\/mekulo.com\/dk\/","name":"Mekulo DK","description":"","publisher":{"@id":"https:\/\/mekulo.com\/dk\/#organization"},"potentialAction":[{"@type":"SearchAction","target":{"@type":"EntryPoint","urlTemplate":"https:\/\/mekulo.com\/dk\/?s={search_term_string}"},"query-input":{"@type":"PropertyValueSpecification","valueRequired":true,"valueName":"search_term_string"}}],"inLanguage":"da-DK"},{"@type":"Organization","@id":"https:\/\/mekulo.com\/dk\/#organization","name":"Mekulo","url":"https:\/\/mekulo.com\/dk\/","logo":{"@type":"ImageObject","inLanguage":"da-DK","@id":"https:\/\/mekulo.com\/dk\/#\/schema\/logo\/image\/","url":"https:\/\/mekulo.com\/dk\/wp-content\/uploads\/sites\/12\/2025\/12\/favicon_mekulo.png","contentUrl":"https:\/\/mekulo.com\/dk\/wp-content\/uploads\/sites\/12\/2025\/12\/favicon_mekulo.png","width":50,"height":50,"caption":"Mekulo"},"image":{"@id":"https:\/\/mekulo.com\/dk\/#\/schema\/logo\/image\/"}}]}},"_links":{"self":[{"href":"https:\/\/mekulo.com\/dk\/wp-json\/wp\/v2\/product\/20137","targetHints":{"allow":["GET"]}}],"collection":[{"href":"https:\/\/mekulo.com\/dk\/wp-json\/wp\/v2\/product"}],"about":[{"href":"https:\/\/mekulo.com\/dk\/wp-json\/wp\/v2\/types\/product"}],"replies":[{"embeddable":true,"href":"https:\/\/mekulo.com\/dk\/wp-json\/wp\/v2\/comments?post=20137"}],"wp:featuredmedia":[{"embeddable":true,"href":"https:\/\/mekulo.com\/dk\/wp-json\/wp\/v2\/media\/20133"}],"wp:attachment":[{"href":"https:\/\/mekulo.com\/dk\/wp-json\/wp\/v2\/media?parent=20137"}],"wp:term":[{"taxonomy":"product_brand","embeddable":true,"href":"https:\/\/mekulo.com\/dk\/wp-json\/wp\/v2\/product_brand?post=20137"},{"taxonomy":"product_cat","embeddable":true,"href":"https:\/\/mekulo.com\/dk\/wp-json\/wp\/v2\/product_cat?post=20137"},{"taxonomy":"product_tag","embeddable":true,"href":"https:\/\/mekulo.com\/dk\/wp-json\/wp\/v2\/product_tag?post=20137"}],"curies":[{"name":"wp","href":"https:\/\/api.w.org\/{rel}","templated":true}]}}