{"id":20107,"date":"2026-01-28T18:58:16","date_gmt":"2026-01-28T16:58:16","guid":{"rendered":"https:\/\/mekulo.com\/dk\/produkt\/lufttaet-beholder-til-opbevaring-af-mad\/"},"modified":"2026-01-28T18:58:45","modified_gmt":"2026-01-28T16:58:45","slug":"lufttaet-beholder-til-opbevaring-af-mad","status":"publish","type":"product","link":"https:\/\/mekulo.com\/dk\/produkt\/lufttaet-beholder-til-opbevaring-af-mad\/","title":{"rendered":"Luftt\u00e6t beholder til opbevaring af mad"},"content":{"rendered":"<p style=\"text-align: center\" data-start=\"37\" data-end=\"110\"><strong data-start=\"37\" data-end=\"110\">Hold din mad frisk, t\u00f8r og beskyttet med en st\u00e6rk luftt\u00e6t forsegling. \ud83c\udf5a<\/strong><\/p>\n<p data-start=\"37\" data-end=\"110\"><img fetchpriority=\"high\" decoding=\"async\" class=\"size-full wp-image-21929 aligncenter\" src=\"https:\/\/mekulo.com\/template\/wp-content\/uploads\/sites\/6\/2026\/01\/86d50d24ccdd066428bf429148dc3b6418f4113e.jpg\" alt=\"\" width=\"1080\" height=\"1080\" \/><\/p>\n<h2 style=\"text-align: center\" data-start=\"361\" data-end=\"381\"><strong>Hovedfordele<\/strong><\/h2>\n<p data-start=\"383\" data-end=\"465\">\ud83d\udd12 Luftt\u00e6t forseglingsbeskyttelse &#8211; Silikoneringen og sidel\u00e5sene holder p\u00e5 friskheden.<\/p>\n<p data-start=\"467\" data-end=\"547\">\ud83d\udc40 Klar og nem at se &#8211; Den gennemsigtige krop giver dig mulighed for at tjekke indholdet med det samme.<\/p>\n<p data-start=\"549\" data-end=\"634\">\ud83c\udf5a Stor opbevaringskapacitet &#8211; Perfekt til ris, korn, mel, sukker og dyrefoder.<\/p>\n<p data-start=\"636\" data-end=\"705\">\ud83d\udce6 Stabelbart design &#8211; Sparer plads i skabe, k\u00f8leskab eller spisekammer.<\/p>\n<p data-start=\"707\" data-end=\"774\">\ud83d\udd90 Enh\u00e5ndslukning &#8211; Tryk p\u00e5 l\u00e5get for at lukke, l\u00f8ft for at \u00e5bne.<\/p>\n<p data-start=\"776\" data-end=\"835\">\ud83d\udee1 F\u00f8devarekvalitet &amp; BPA-fri &#8211; Sikker til daglig opbevaring af mad.<\/p>\n<p data-start=\"776\" data-end=\"835\"><img decoding=\"async\" class=\"size-full wp-image-21928 aligncenter\" src=\"https:\/\/mekulo.com\/template\/wp-content\/uploads\/sites\/6\/2026\/01\/b11dd32b58b3213b920f49d21deb85688c5c1ea6-700.jpg\" alt=\"\" width=\"1080\" height=\"1080\" \/><\/p>\n<h2 style=\"text-align: center\" data-start=\"842\" data-end=\"859\"><strong>S\u00e5dan Bruges<\/strong><\/h2>\n<ol data-start=\"861\" data-end=\"1053\">\n<li data-start=\"861\" data-end=\"899\">\n<p data-start=\"864\" data-end=\"899\">Fyld beholderen med t\u00f8rfoder.<\/p>\n<\/li>\n<li data-start=\"900\" data-end=\"964\">\n<p data-start=\"903\" data-end=\"964\">Luk l\u00e5get, og tryk ned for at aktivere den luftt\u00e6tte forsegling.<\/p>\n<\/li>\n<li data-start=\"965\" data-end=\"1011\">\n<p data-start=\"968\" data-end=\"1011\">Opbevar i dit spisekammer, k\u00f8leskab eller skab.<\/p>\n<\/li>\n<li data-start=\"1012\" data-end=\"1053\">\n<p data-start=\"1015\" data-end=\"1053\">L\u00f8ft l\u00e5gets ring for at \u00e5bne, n\u00e5r det er n\u00f8dvendigt.<\/p>\n<\/li>\n<\/ol>\n<h2 style=\"text-align: center\" data-start=\"1060\" data-end=\"1082\"><strong>Produktoplysninger<\/strong><\/h2>\n<ul data-start=\"1084\" data-end=\"1303\">\n<li data-start=\"1084\" data-end=\"1107\">\n<p data-start=\"1086\" data-end=\"1107\">Materiale: PET + ABS<\/p>\n<\/li>\n<li data-start=\"1108\" data-end=\"1153\">\n<p data-start=\"1110\" data-end=\"1153\">Sikringstype: Silikonering med sidel\u00e5s<\/p>\n<\/li>\n<li data-start=\"1154\" data-end=\"1194\">\n<p data-start=\"1156\" data-end=\"1194\">Design: Klar, bred munding, stabelbar<\/p>\n<\/li>\n<li data-start=\"1195\" data-end=\"1253\">\n<p data-start=\"1197\" data-end=\"1215\">Kapacitet tilg\u00e6ngelig: <span style=\"font-size: 16px\">700 ml, <\/span><span style=\"font-size: 16px\">1500 ml, <\/span><span style=\"font-size: 16px\">1900 ml<\/span><\/p>\n<\/li>\n<li data-start=\"1254\" data-end=\"1303\">\n<p data-start=\"1256\" data-end=\"1303\">Brug: T\u00f8rfoder, korn, bagv\u00e6rk, dyrefoder<\/p>\n<\/li>\n<\/ul>\n<h2 style=\"text-align: center\" data-start=\"1310\" data-end=\"1333\"><strong>Pakken Indeholder<\/strong><\/h2>\n<ul data-start=\"1335\" data-end=\"1374\">\n<li data-start=\"1335\" data-end=\"1374\">\n<p data-start=\"1337\" data-end=\"1374\">1, 2, 3x luftt\u00e6tte madopbevaringsbeholdere.<\/p>\n<\/li>\n<\/ul>\n","protected":false},"excerpt":{"rendered":"<p><span style=\"font-size: 16px;font-style: normal;font-weight: 400\">\ud83c\udf53<\/span>Denne luftt\u00e6tte beholder til opbevaring af f\u00f8devarer lukker luft, fugt og insekter ude, s\u00e5 t\u00f8rre f\u00f8devarer holder sig friske i l\u00e6ngere tid.<br \/>\n\ud83d\udc69\u200d\ud83c\udf73The klar krop og bred \u00e5bning g\u00f8r det nemt at se, \u00f8se og organisere alt fra korn til snacks i dit k\u00f8kken eller spisekammer.<br \/>\n\ud83c\udf47En enkel og p\u00e5lidelig m\u00e5de at holde dine f\u00f8devarer friske og dit k\u00f8kken organiseret p\u00e5.<\/p>\n","protected":false},"featured_media":20103,"comment_status":"open","ping_status":"closed","template":"","meta":{"site-sidebar-layout":"default","site-content-layout":"","ast-site-content-layout":"default","site-content-style":"default","site-sidebar-style":"default","ast-global-header-display":"","ast-banner-title-visibility":"","ast-main-header-display":"","ast-hfb-above-header-display":"","ast-hfb-below-header-display":"","ast-hfb-mobile-header-display":"","site-post-title":"","ast-breadcrumbs-content":"","ast-featured-img":"","footer-sml-layout":"","theme-transparent-header-meta":"default","adv-header-id-meta":"","stick-header-meta":"","header-above-stick-meta":"","header-main-stick-meta":"","header-below-stick-meta":"","astra-migrate-meta-layouts":"set","ast-page-background-enabled":"default","ast-page-background-meta":{"desktop":{"background-color":"var(--ast-global-color-5)","background-image":"","background-repeat":"repeat","background-position":"center center","background-size":"auto","background-attachment":"scroll","background-type":"","background-media":"","overlay-type":"","overlay-color":"","overlay-opacity":"","overlay-gradient":""},"tablet":{"background-color":"","background-image":"","background-repeat":"repeat","background-position":"center center","background-size":"auto","background-attachment":"scroll","background-type":"","background-media":"","overlay-type":"","overlay-color":"","overlay-opacity":"","overlay-gradient":""},"mobile":{"background-color":"","background-image":"","background-repeat":"repeat","background-position":"center center","background-size":"auto","background-attachment":"scroll","background-type":"","background-media":"","overlay-type":"","overlay-color":"","overlay-opacity":"","overlay-gradient":""}},"ast-content-background-meta":{"desktop":{"background-color":"var(--ast-global-color-4)","background-image":"","background-repeat":"repeat","background-position":"center center","background-size":"auto","background-attachment":"scroll","background-type":"","background-media":"","overlay-type":"","overlay-color":"","overlay-opacity":"","overlay-gradient":""},"tablet":{"background-color":"var(--ast-global-color-4)","background-image":"","background-repeat":"repeat","background-position":"center center","background-size":"auto","background-attachment":"scroll","background-type":"","background-media":"","overlay-type":"","overlay-color":"","overlay-opacity":"","overlay-gradient":""},"mobile":{"background-color":"var(--ast-global-color-4)","background-image":"","background-repeat":"repeat","background-position":"center center","background-size":"auto","background-attachment":"scroll","background-type":"","background-media":"","overlay-type":"","overlay-color":"","overlay-opacity":"","overlay-gradient":""}}},"product_brand":[],"product_cat":[168],"product_tag":[],"class_list":{"0":"post-20107","1":"product","2":"type-product","3":"status-publish","4":"has-post-thumbnail","6":"product_cat-husholdningsartikler","7":"pa_51710_63fxsy79-1500-ml","8":"pa_51710_63fxsy79-1900-ml","9":"pa_51710_63fxsy79-700-ml","10":"pa_51710_e5q9c3g4-1-stk","11":"pa_51710_e5q9c3g4-2-stk","12":"pa_51710_e5q9c3g4-3-stk","13":"desktop-align-left","14":"tablet-align-left","15":"mobile-align-left","17":"first","18":"instock","19":"shipping-taxable","20":"purchasable","21":"product-type-variable","22":"has-default-attributes"},"yoast_head":"<!-- This site is optimized with the Yoast SEO plugin v26.6 - https:\/\/yoast.com\/wordpress\/plugins\/seo\/ -->\n<title>Luftt\u00e6t beholder til opbevaring af mad - Mekulo DK<\/title>\n<meta name=\"robots\" content=\"index, follow, max-snippet:-1, max-image-preview:large, max-video-preview:-1\" \/>\n<link rel=\"canonical\" href=\"https:\/\/mekulo.com\/dk\/produkt\/lufttaet-beholder-til-opbevaring-af-mad\/\" \/>\n<meta property=\"og:locale\" content=\"da_DK\" \/>\n<meta property=\"og:type\" content=\"article\" \/>\n<meta property=\"og:title\" content=\"Luftt\u00e6t beholder til opbevaring af mad - Mekulo DK\" \/>\n<meta property=\"og:description\" content=\"\ud83c\udf53Denne luftt\u00e6tte beholder til opbevaring af f\u00f8devarer lukker luft, fugt og insekter ude, s\u00e5 t\u00f8rre f\u00f8devarer holder sig friske i l\u00e6ngere tid. \ud83d\udc69\u200d\ud83c\udf73The klar krop og bred \u00e5bning g\u00f8r det nemt at se, \u00f8se og organisere alt fra korn til snacks i dit k\u00f8kken eller spisekammer. \ud83c\udf47En enkel og p\u00e5lidelig m\u00e5de at holde dine f\u00f8devarer friske og dit k\u00f8kken organiseret p\u00e5.\" \/>\n<meta property=\"og:url\" content=\"https:\/\/mekulo.com\/dk\/produkt\/lufttaet-beholder-til-opbevaring-af-mad\/\" \/>\n<meta property=\"og:site_name\" content=\"Mekulo DK\" \/>\n<meta property=\"article:modified_time\" content=\"2026-01-28T16:58:45+00:00\" \/>\n<meta property=\"og:image\" content=\"https:\/\/mekulo.com\/dk\/wp-content\/uploads\/sites\/12\/2026\/01\/qjk1u2g-1.jpg\" \/>\n\t<meta property=\"og:image:width\" content=\"790\" \/>\n\t<meta property=\"og:image:height\" content=\"790\" \/>\n\t<meta property=\"og:image:type\" content=\"image\/jpeg\" \/>\n<meta name=\"twitter:card\" content=\"summary_large_image\" \/>\n<meta name=\"twitter:label1\" content=\"Estimeret l\u00e6setid\" \/>\n\t<meta name=\"twitter:data1\" content=\"2 minutter\" \/>\n<script type=\"application\/ld+json\" class=\"yoast-schema-graph\">{\"@context\":\"https:\/\/schema.org\",\"@graph\":[{\"@type\":\"WebPage\",\"@id\":\"https:\/\/mekulo.com\/dk\/produkt\/lufttaet-beholder-til-opbevaring-af-mad\/\",\"url\":\"https:\/\/mekulo.com\/dk\/produkt\/lufttaet-beholder-til-opbevaring-af-mad\/\",\"name\":\"Luftt\u00e6t beholder til opbevaring af mad - Mekulo DK\",\"isPartOf\":{\"@id\":\"https:\/\/mekulo.com\/dk\/#website\"},\"primaryImageOfPage\":{\"@id\":\"https:\/\/mekulo.com\/dk\/produkt\/lufttaet-beholder-til-opbevaring-af-mad\/#primaryimage\"},\"image\":{\"@id\":\"https:\/\/mekulo.com\/dk\/produkt\/lufttaet-beholder-til-opbevaring-af-mad\/#primaryimage\"},\"thumbnailUrl\":\"https:\/\/mekulo.com\/dk\/wp-content\/uploads\/sites\/12\/2026\/01\/qjk1u2g-1.jpg\",\"datePublished\":\"2026-01-28T16:58:16+00:00\",\"dateModified\":\"2026-01-28T16:58:45+00:00\",\"breadcrumb\":{\"@id\":\"https:\/\/mekulo.com\/dk\/produkt\/lufttaet-beholder-til-opbevaring-af-mad\/#breadcrumb\"},\"inLanguage\":\"da-DK\",\"potentialAction\":[{\"@type\":\"ReadAction\",\"target\":[\"https:\/\/mekulo.com\/dk\/produkt\/lufttaet-beholder-til-opbevaring-af-mad\/\"]}]},{\"@type\":\"ImageObject\",\"inLanguage\":\"da-DK\",\"@id\":\"https:\/\/mekulo.com\/dk\/produkt\/lufttaet-beholder-til-opbevaring-af-mad\/#primaryimage\",\"url\":\"https:\/\/mekulo.com\/dk\/wp-content\/uploads\/sites\/12\/2026\/01\/qjk1u2g-1.jpg\",\"contentUrl\":\"https:\/\/mekulo.com\/dk\/wp-content\/uploads\/sites\/12\/2026\/01\/qjk1u2g-1.jpg\",\"width\":790,\"height\":790},{\"@type\":\"BreadcrumbList\",\"@id\":\"https:\/\/mekulo.com\/dk\/produkt\/lufttaet-beholder-til-opbevaring-af-mad\/#breadcrumb\",\"itemListElement\":[{\"@type\":\"ListItem\",\"position\":1,\"name\":\"Home\",\"item\":\"https:\/\/mekulo.com\/dk\/\"},{\"@type\":\"ListItem\",\"position\":2,\"name\":\"Butik\",\"item\":\"https:\/\/mekulo.com\/dk\/butik\/\"},{\"@type\":\"ListItem\",\"position\":3,\"name\":\"Luftt\u00e6t beholder til opbevaring af mad\"}]},{\"@type\":\"WebSite\",\"@id\":\"https:\/\/mekulo.com\/dk\/#website\",\"url\":\"https:\/\/mekulo.com\/dk\/\",\"name\":\"Mekulo DK\",\"description\":\"\",\"publisher\":{\"@id\":\"https:\/\/mekulo.com\/dk\/#organization\"},\"potentialAction\":[{\"@type\":\"SearchAction\",\"target\":{\"@type\":\"EntryPoint\",\"urlTemplate\":\"https:\/\/mekulo.com\/dk\/?s={search_term_string}\"},\"query-input\":{\"@type\":\"PropertyValueSpecification\",\"valueRequired\":true,\"valueName\":\"search_term_string\"}}],\"inLanguage\":\"da-DK\"},{\"@type\":\"Organization\",\"@id\":\"https:\/\/mekulo.com\/dk\/#organization\",\"name\":\"Mekulo\",\"url\":\"https:\/\/mekulo.com\/dk\/\",\"logo\":{\"@type\":\"ImageObject\",\"inLanguage\":\"da-DK\",\"@id\":\"https:\/\/mekulo.com\/dk\/#\/schema\/logo\/image\/\",\"url\":\"https:\/\/mekulo.com\/dk\/wp-content\/uploads\/sites\/12\/2025\/12\/favicon_mekulo.png\",\"contentUrl\":\"https:\/\/mekulo.com\/dk\/wp-content\/uploads\/sites\/12\/2025\/12\/favicon_mekulo.png\",\"width\":50,\"height\":50,\"caption\":\"Mekulo\"},\"image\":{\"@id\":\"https:\/\/mekulo.com\/dk\/#\/schema\/logo\/image\/\"}}]}<\/script>\n<!-- \/ Yoast SEO plugin. -->","yoast_head_json":{"title":"Luftt\u00e6t beholder til opbevaring af mad - Mekulo DK","robots":{"index":"index","follow":"follow","max-snippet":"max-snippet:-1","max-image-preview":"max-image-preview:large","max-video-preview":"max-video-preview:-1"},"canonical":"https:\/\/mekulo.com\/dk\/produkt\/lufttaet-beholder-til-opbevaring-af-mad\/","og_locale":"da_DK","og_type":"article","og_title":"Luftt\u00e6t beholder til opbevaring af mad - Mekulo DK","og_description":"\ud83c\udf53Denne luftt\u00e6tte beholder til opbevaring af f\u00f8devarer lukker luft, fugt og insekter ude, s\u00e5 t\u00f8rre f\u00f8devarer holder sig friske i l\u00e6ngere tid. \ud83d\udc69\u200d\ud83c\udf73The klar krop og bred \u00e5bning g\u00f8r det nemt at se, \u00f8se og organisere alt fra korn til snacks i dit k\u00f8kken eller spisekammer. \ud83c\udf47En enkel og p\u00e5lidelig m\u00e5de at holde dine f\u00f8devarer friske og dit k\u00f8kken organiseret p\u00e5.","og_url":"https:\/\/mekulo.com\/dk\/produkt\/lufttaet-beholder-til-opbevaring-af-mad\/","og_site_name":"Mekulo DK","article_modified_time":"2026-01-28T16:58:45+00:00","og_image":[{"width":790,"height":790,"url":"https:\/\/mekulo.com\/dk\/wp-content\/uploads\/sites\/12\/2026\/01\/qjk1u2g-1.jpg","type":"image\/jpeg"}],"twitter_card":"summary_large_image","twitter_misc":{"Estimeret l\u00e6setid":"2 minutter"},"schema":{"@context":"https:\/\/schema.org","@graph":[{"@type":"WebPage","@id":"https:\/\/mekulo.com\/dk\/produkt\/lufttaet-beholder-til-opbevaring-af-mad\/","url":"https:\/\/mekulo.com\/dk\/produkt\/lufttaet-beholder-til-opbevaring-af-mad\/","name":"Luftt\u00e6t beholder til opbevaring af mad - Mekulo DK","isPartOf":{"@id":"https:\/\/mekulo.com\/dk\/#website"},"primaryImageOfPage":{"@id":"https:\/\/mekulo.com\/dk\/produkt\/lufttaet-beholder-til-opbevaring-af-mad\/#primaryimage"},"image":{"@id":"https:\/\/mekulo.com\/dk\/produkt\/lufttaet-beholder-til-opbevaring-af-mad\/#primaryimage"},"thumbnailUrl":"https:\/\/mekulo.com\/dk\/wp-content\/uploads\/sites\/12\/2026\/01\/qjk1u2g-1.jpg","datePublished":"2026-01-28T16:58:16+00:00","dateModified":"2026-01-28T16:58:45+00:00","breadcrumb":{"@id":"https:\/\/mekulo.com\/dk\/produkt\/lufttaet-beholder-til-opbevaring-af-mad\/#breadcrumb"},"inLanguage":"da-DK","potentialAction":[{"@type":"ReadAction","target":["https:\/\/mekulo.com\/dk\/produkt\/lufttaet-beholder-til-opbevaring-af-mad\/"]}]},{"@type":"ImageObject","inLanguage":"da-DK","@id":"https:\/\/mekulo.com\/dk\/produkt\/lufttaet-beholder-til-opbevaring-af-mad\/#primaryimage","url":"https:\/\/mekulo.com\/dk\/wp-content\/uploads\/sites\/12\/2026\/01\/qjk1u2g-1.jpg","contentUrl":"https:\/\/mekulo.com\/dk\/wp-content\/uploads\/sites\/12\/2026\/01\/qjk1u2g-1.jpg","width":790,"height":790},{"@type":"BreadcrumbList","@id":"https:\/\/mekulo.com\/dk\/produkt\/lufttaet-beholder-til-opbevaring-af-mad\/#breadcrumb","itemListElement":[{"@type":"ListItem","position":1,"name":"Home","item":"https:\/\/mekulo.com\/dk\/"},{"@type":"ListItem","position":2,"name":"Butik","item":"https:\/\/mekulo.com\/dk\/butik\/"},{"@type":"ListItem","position":3,"name":"Luftt\u00e6t beholder til opbevaring af mad"}]},{"@type":"WebSite","@id":"https:\/\/mekulo.com\/dk\/#website","url":"https:\/\/mekulo.com\/dk\/","name":"Mekulo DK","description":"","publisher":{"@id":"https:\/\/mekulo.com\/dk\/#organization"},"potentialAction":[{"@type":"SearchAction","target":{"@type":"EntryPoint","urlTemplate":"https:\/\/mekulo.com\/dk\/?s={search_term_string}"},"query-input":{"@type":"PropertyValueSpecification","valueRequired":true,"valueName":"search_term_string"}}],"inLanguage":"da-DK"},{"@type":"Organization","@id":"https:\/\/mekulo.com\/dk\/#organization","name":"Mekulo","url":"https:\/\/mekulo.com\/dk\/","logo":{"@type":"ImageObject","inLanguage":"da-DK","@id":"https:\/\/mekulo.com\/dk\/#\/schema\/logo\/image\/","url":"https:\/\/mekulo.com\/dk\/wp-content\/uploads\/sites\/12\/2025\/12\/favicon_mekulo.png","contentUrl":"https:\/\/mekulo.com\/dk\/wp-content\/uploads\/sites\/12\/2025\/12\/favicon_mekulo.png","width":50,"height":50,"caption":"Mekulo"},"image":{"@id":"https:\/\/mekulo.com\/dk\/#\/schema\/logo\/image\/"}}]}},"_links":{"self":[{"href":"https:\/\/mekulo.com\/dk\/wp-json\/wp\/v2\/product\/20107","targetHints":{"allow":["GET"]}}],"collection":[{"href":"https:\/\/mekulo.com\/dk\/wp-json\/wp\/v2\/product"}],"about":[{"href":"https:\/\/mekulo.com\/dk\/wp-json\/wp\/v2\/types\/product"}],"replies":[{"embeddable":true,"href":"https:\/\/mekulo.com\/dk\/wp-json\/wp\/v2\/comments?post=20107"}],"wp:featuredmedia":[{"embeddable":true,"href":"https:\/\/mekulo.com\/dk\/wp-json\/wp\/v2\/media\/20103"}],"wp:attachment":[{"href":"https:\/\/mekulo.com\/dk\/wp-json\/wp\/v2\/media?parent=20107"}],"wp:term":[{"taxonomy":"product_brand","embeddable":true,"href":"https:\/\/mekulo.com\/dk\/wp-json\/wp\/v2\/product_brand?post=20107"},{"taxonomy":"product_cat","embeddable":true,"href":"https:\/\/mekulo.com\/dk\/wp-json\/wp\/v2\/product_cat?post=20107"},{"taxonomy":"product_tag","embeddable":true,"href":"https:\/\/mekulo.com\/dk\/wp-json\/wp\/v2\/product_tag?post=20107"}],"curies":[{"name":"wp","href":"https:\/\/api.w.org\/{rel}","templated":true}]}}