{"id":20088,"date":"2026-01-28T18:55:50","date_gmt":"2026-01-28T16:55:50","guid":{"rendered":"https:\/\/mekulo.com\/dk\/produkt\/multifunktionelt-fonduekrus\/"},"modified":"2026-02-10T11:12:11","modified_gmt":"2026-02-10T09:12:11","slug":"multifunktionelt-fonduekrus","status":"publish","type":"product","link":"https:\/\/mekulo.com\/dk\/produkt\/multifunktionelt-fonduekrus\/","title":{"rendered":"Multifunktionelt fonduekrus"},"content":{"rendered":"<p style=\"text-align: center\" data-start=\"33\" data-end=\"134\"><strong data-start=\"33\" data-end=\"134\">Nyd perfekt smeltet chokolade, ost eller sm\u00f8r n\u00e5r som helst med et enkelt og elegant fonduekrus. \ud83e\uddc8<\/strong><\/p>\n<p data-start=\"33\" data-end=\"134\"><img fetchpriority=\"high\" decoding=\"async\" class=\"size-full wp-image-21916 aligncenter\" src=\"https:\/\/mekulo.com\/template\/wp-content\/uploads\/sites\/6\/2026\/01\/Sc8b0a2d4274c4aa8a15dd96cd60bf3a29.webp\" alt=\"\" width=\"1601\" height=\"1601\" \/><\/p>\n<h2 style=\"text-align: center\"><b><strong>Vigtigste fordele<\/strong><\/b><\/h2>\n<p data-start=\"390\" data-end=\"470\">\ud83d\udd25 J\u00e6vn og blid smeltning &#8211; Keramisk kop holder varmen stabil for j\u00e6vn smeltning.<\/p>\n<p data-start=\"472\" data-end=\"558\">\ud83c\udf53 Perfekt til dypning &#8211; Perfekt til chokolade, ost, sm\u00f8r, karamel og saucer.<\/p>\n<p data-start=\"560\" data-end=\"641\">\ud83d\udd6f Indbygget stearinlysopvarmning &#8211; Lys i bunden holder indholdet varmt og klar.<\/p>\n<p data-start=\"643\" data-end=\"730\">\ud83c\udf89 Ideel til s\u00e6rlige \u00f8jeblikke &#8211; Perfekt til dates, fester, f\u00f8dselsdage og desserter.<\/p>\n<p data-start=\"732\" data-end=\"801\">\ud83c\udf74 Komplet fondues\u00e6t &#8211; Inkluderer gafler til nem og sjov dypning.<\/p>\n<p data-start=\"803\" data-end=\"879\">\ud83e\uddf3 Kompakt og b\u00e6rbar &#8211; Nem at bruge derhjemme, p\u00e5 kontoret eller p\u00e5 rejsen.<\/p>\n<p data-start=\"803\" data-end=\"879\"><img decoding=\"async\" class=\"size-full wp-image-21917 aligncenter\" src=\"https:\/\/mekulo.com\/template\/wp-content\/uploads\/sites\/6\/2026\/01\/Sb4feac42d23e4e38a35bd9503333e792J.webp\" alt=\"\" width=\"1601\" height=\"1601\" \/><\/p>\n<h2 style=\"text-align: center\"><strong>S\u00e5dan bruges<\/strong><\/h2>\n<ol data-start=\"905\" data-end=\"1121\">\n<li data-start=\"905\" data-end=\"950\">\n<p data-start=\"908\" data-end=\"950\">S\u00e6t et lille lys i bundholderen.<\/p>\n<\/li>\n<li data-start=\"951\" data-end=\"1010\">\n<p data-start=\"954\" data-end=\"1010\">Tilf\u00f8j chokolade, ost eller sm\u00f8r i det keramiske krus.<\/p>\n<\/li>\n<li data-start=\"1011\" data-end=\"1061\">\n<p data-start=\"1014\" data-end=\"1061\">T\u00e6nd lyset for forsigtigt at smelte indholdet.<\/p>\n<\/li>\n<li data-start=\"1062\" data-end=\"1121\">\n<p data-start=\"1065\" data-end=\"1121\">Dyp frugt eller snacks ved hj\u00e6lp af de medf\u00f8lgende gafler og nyd.<\/p>\n<\/li>\n<\/ol>\n<h2 style=\"text-align: center\"><strong>Produktdetaljer<\/strong><\/h2>\n<ul data-start=\"1152\" data-end=\"1322\">\n<li data-start=\"1192\" data-end=\"1211\">\n<p data-start=\"1194\" data-end=\"1211\">Kapacitet: 130 ml<\/p>\n<\/li>\n<li data-start=\"1212\" data-end=\"1233\">\n<p data-start=\"1214\" data-end=\"1233\">Materiale: Keramik<\/p>\n<\/li>\n<li data-start=\"1234\" data-end=\"1272\">\n<p data-start=\"1236\" data-end=\"1272\">Varmekilde: Stearinlys (medf\u00f8lger ikke)<\/p>\n<\/li>\n<li data-start=\"1273\" data-end=\"1322\">\n<p data-start=\"1275\" data-end=\"1322\">Anvendelse: Chokolade, ost, sm\u00f8r, karamel, m\u00e6lk<\/p>\n<\/li>\n<\/ul>\n<h2 style=\"text-align: center\"><strong>Pakken indeholder<\/strong><\/h2>\n<ul data-start=\"1354\" data-end=\"1418\">\n<li data-start=\"1354\" data-end=\"1384\">\n<p data-start=\"1356\" data-end=\"1384\">1x keramisk fonduekrus<\/p>\n<\/li>\n<li data-start=\"1385\" data-end=\"1418\">\n<p data-start=\"1387\" data-end=\"1418\">1x gaffel til chokoladedypning<\/p>\n<\/li>\n<li data-start=\"1385\" data-end=\"1418\">1x lang r\u00f8reske.<\/li>\n<\/ul>\n","protected":false},"excerpt":{"rendered":"<p>\u2615Med dette kompakte, multifunktionelle fonduekrus kan du smelte og servere dine yndlingsl\u00e6kkerier ved hj\u00e6lp af blid lysvarme.<br \/>\n<span style=\"font-size: 16px;font-style: normal;font-weight: 400\">\ud83c\udf6b<\/span>Det er perfekt til at dyppe frugt, kiks, skumfiduser eller snacks under hyggelige aftener, sm\u00e5 sammenkomster eller s\u00e6rlige fester.<br \/>\n\ud83c\udf89En enkel og sjov m\u00e5de at g\u00f8re ethvert \u00f8jeblik til en s\u00f8d oplevelse.<\/p>\n","protected":false},"featured_media":20084,"comment_status":"open","ping_status":"closed","template":"","meta":{"site-sidebar-layout":"default","site-content-layout":"","ast-site-content-layout":"default","site-content-style":"default","site-sidebar-style":"default","ast-global-header-display":"","ast-banner-title-visibility":"","ast-main-header-display":"","ast-hfb-above-header-display":"","ast-hfb-below-header-display":"","ast-hfb-mobile-header-display":"","site-post-title":"","ast-breadcrumbs-content":"","ast-featured-img":"","footer-sml-layout":"","ast-disable-related-posts":"","theme-transparent-header-meta":"default","adv-header-id-meta":"","stick-header-meta":"","header-above-stick-meta":"","header-main-stick-meta":"","header-below-stick-meta":"","astra-migrate-meta-layouts":"set","ast-page-background-enabled":"default","ast-page-background-meta":{"desktop":{"background-color":"var(--ast-global-color-5)","background-image":"","background-repeat":"repeat","background-position":"center center","background-size":"auto","background-attachment":"scroll","background-type":"","background-media":"","overlay-type":"","overlay-color":"","overlay-opacity":"","overlay-gradient":""},"tablet":{"background-color":"","background-image":"","background-repeat":"repeat","background-position":"center center","background-size":"auto","background-attachment":"scroll","background-type":"","background-media":"","overlay-type":"","overlay-color":"","overlay-opacity":"","overlay-gradient":""},"mobile":{"background-color":"","background-image":"","background-repeat":"repeat","background-position":"center center","background-size":"auto","background-attachment":"scroll","background-type":"","background-media":"","overlay-type":"","overlay-color":"","overlay-opacity":"","overlay-gradient":""}},"ast-content-background-meta":{"desktop":{"background-color":"var(--ast-global-color-4)","background-image":"","background-repeat":"repeat","background-position":"center center","background-size":"auto","background-attachment":"scroll","background-type":"","background-media":"","overlay-type":"","overlay-color":"","overlay-opacity":"","overlay-gradient":""},"tablet":{"background-color":"var(--ast-global-color-4)","background-image":"","background-repeat":"repeat","background-position":"center center","background-size":"auto","background-attachment":"scroll","background-type":"","background-media":"","overlay-type":"","overlay-color":"","overlay-opacity":"","overlay-gradient":""},"mobile":{"background-color":"var(--ast-global-color-4)","background-image":"","background-repeat":"repeat","background-position":"center center","background-size":"auto","background-attachment":"scroll","background-type":"","background-media":"","overlay-type":"","overlay-color":"","overlay-opacity":"","overlay-gradient":""}}},"product_brand":[],"product_cat":[168],"product_tag":[],"class_list":{"0":"post-20088","1":"product","2":"type-product","3":"status-publish","4":"has-post-thumbnail","6":"product_cat-husholdningsartikler","7":"pa_51690_whtwtk1g-hvid","8":"pa_51690_whtwtk1g-roed","9":"pa_51690_whtwtk1g-sort","10":"desktop-align-left","11":"tablet-align-left","12":"mobile-align-left","14":"first","15":"instock","16":"shipping-taxable","17":"purchasable","18":"product-type-variable"},"yoast_head":"<!-- This site is optimized with the Yoast SEO plugin v27.4 - https:\/\/yoast.com\/product\/yoast-seo-wordpress\/ -->\n<title>Multifunktionelt fonduekrus - Mekulo DK<\/title>\n<meta name=\"robots\" content=\"index, follow, max-snippet:-1, max-image-preview:large, max-video-preview:-1\" \/>\n<link rel=\"canonical\" href=\"https:\/\/mekulo.com\/dk\/produkt\/multifunktionelt-fonduekrus\/\" \/>\n<meta property=\"og:locale\" content=\"da_DK\" \/>\n<meta property=\"og:type\" content=\"article\" \/>\n<meta property=\"og:title\" content=\"Multifunktionelt fonduekrus - Mekulo DK\" \/>\n<meta property=\"og:description\" content=\"\u2615Med dette kompakte, multifunktionelle fonduekrus kan du smelte og servere dine yndlingsl\u00e6kkerier ved hj\u00e6lp af blid lysvarme. \ud83c\udf6bDet er perfekt til at dyppe frugt, kiks, skumfiduser eller snacks under hyggelige aftener, sm\u00e5 sammenkomster eller s\u00e6rlige fester. \ud83c\udf89En enkel og sjov m\u00e5de at g\u00f8re ethvert \u00f8jeblik til en s\u00f8d oplevelse.\" \/>\n<meta property=\"og:url\" content=\"https:\/\/mekulo.com\/dk\/produkt\/multifunktionelt-fonduekrus\/\" \/>\n<meta property=\"og:site_name\" content=\"Mekulo DK\" \/>\n<meta property=\"article:modified_time\" content=\"2026-02-10T09:12:11+00:00\" \/>\n<meta property=\"og:image\" content=\"https:\/\/mekulo.com\/dk\/wp-content\/uploads\/sites\/12\/2026\/01\/dvg6f8x-1.jpg\" \/>\n\t<meta property=\"og:image:width\" content=\"1080\" \/>\n\t<meta property=\"og:image:height\" content=\"1080\" \/>\n\t<meta property=\"og:image:type\" content=\"image\/jpeg\" \/>\n<meta name=\"twitter:card\" content=\"summary_large_image\" \/>\n<meta name=\"twitter:label1\" content=\"Estimeret l\u00e6setid\" \/>\n\t<meta name=\"twitter:data1\" content=\"2 minutter\" \/>\n<script type=\"application\/ld+json\" class=\"yoast-schema-graph\">{\"@context\":\"https:\\\/\\\/schema.org\",\"@graph\":[{\"@type\":\"WebPage\",\"@id\":\"https:\\\/\\\/mekulo.com\\\/dk\\\/produkt\\\/multifunktionelt-fonduekrus\\\/\",\"url\":\"https:\\\/\\\/mekulo.com\\\/dk\\\/produkt\\\/multifunktionelt-fonduekrus\\\/\",\"name\":\"Multifunktionelt fonduekrus - Mekulo DK\",\"isPartOf\":{\"@id\":\"https:\\\/\\\/mekulo.com\\\/dk\\\/#website\"},\"primaryImageOfPage\":{\"@id\":\"https:\\\/\\\/mekulo.com\\\/dk\\\/produkt\\\/multifunktionelt-fonduekrus\\\/#primaryimage\"},\"image\":{\"@id\":\"https:\\\/\\\/mekulo.com\\\/dk\\\/produkt\\\/multifunktionelt-fonduekrus\\\/#primaryimage\"},\"thumbnailUrl\":\"https:\\\/\\\/mekulo.com\\\/dk\\\/wp-content\\\/uploads\\\/sites\\\/12\\\/2026\\\/01\\\/dvg6f8x-1.jpg\",\"datePublished\":\"2026-01-28T16:55:50+00:00\",\"dateModified\":\"2026-02-10T09:12:11+00:00\",\"breadcrumb\":{\"@id\":\"https:\\\/\\\/mekulo.com\\\/dk\\\/produkt\\\/multifunktionelt-fonduekrus\\\/#breadcrumb\"},\"inLanguage\":\"da-DK\",\"potentialAction\":[{\"@type\":\"ReadAction\",\"target\":[\"https:\\\/\\\/mekulo.com\\\/dk\\\/produkt\\\/multifunktionelt-fonduekrus\\\/\"]}]},{\"@type\":\"ImageObject\",\"inLanguage\":\"da-DK\",\"@id\":\"https:\\\/\\\/mekulo.com\\\/dk\\\/produkt\\\/multifunktionelt-fonduekrus\\\/#primaryimage\",\"url\":\"https:\\\/\\\/mekulo.com\\\/dk\\\/wp-content\\\/uploads\\\/sites\\\/12\\\/2026\\\/01\\\/dvg6f8x-1.jpg\",\"contentUrl\":\"https:\\\/\\\/mekulo.com\\\/dk\\\/wp-content\\\/uploads\\\/sites\\\/12\\\/2026\\\/01\\\/dvg6f8x-1.jpg\",\"width\":1080,\"height\":1080},{\"@type\":\"BreadcrumbList\",\"@id\":\"https:\\\/\\\/mekulo.com\\\/dk\\\/produkt\\\/multifunktionelt-fonduekrus\\\/#breadcrumb\",\"itemListElement\":[{\"@type\":\"ListItem\",\"position\":1,\"name\":\"Home\",\"item\":\"https:\\\/\\\/mekulo.com\\\/dk\\\/\"},{\"@type\":\"ListItem\",\"position\":2,\"name\":\"Butik\",\"item\":\"https:\\\/\\\/mekulo.com\\\/dk\\\/butik\\\/\"},{\"@type\":\"ListItem\",\"position\":3,\"name\":\"Multifunktionelt fonduekrus\"}]},{\"@type\":\"WebSite\",\"@id\":\"https:\\\/\\\/mekulo.com\\\/dk\\\/#website\",\"url\":\"https:\\\/\\\/mekulo.com\\\/dk\\\/\",\"name\":\"Mekulo DK\",\"description\":\"\",\"publisher\":{\"@id\":\"https:\\\/\\\/mekulo.com\\\/dk\\\/#organization\"},\"potentialAction\":[{\"@type\":\"SearchAction\",\"target\":{\"@type\":\"EntryPoint\",\"urlTemplate\":\"https:\\\/\\\/mekulo.com\\\/dk\\\/?s={search_term_string}\"},\"query-input\":{\"@type\":\"PropertyValueSpecification\",\"valueRequired\":true,\"valueName\":\"search_term_string\"}}],\"inLanguage\":\"da-DK\"},{\"@type\":\"Organization\",\"@id\":\"https:\\\/\\\/mekulo.com\\\/dk\\\/#organization\",\"name\":\"Mekulo\",\"url\":\"https:\\\/\\\/mekulo.com\\\/dk\\\/\",\"logo\":{\"@type\":\"ImageObject\",\"inLanguage\":\"da-DK\",\"@id\":\"https:\\\/\\\/mekulo.com\\\/dk\\\/#\\\/schema\\\/logo\\\/image\\\/\",\"url\":\"https:\\\/\\\/mekulo.com\\\/dk\\\/wp-content\\\/uploads\\\/sites\\\/12\\\/2025\\\/12\\\/favicon_mekulo.png\",\"contentUrl\":\"https:\\\/\\\/mekulo.com\\\/dk\\\/wp-content\\\/uploads\\\/sites\\\/12\\\/2025\\\/12\\\/favicon_mekulo.png\",\"width\":50,\"height\":50,\"caption\":\"Mekulo\"},\"image\":{\"@id\":\"https:\\\/\\\/mekulo.com\\\/dk\\\/#\\\/schema\\\/logo\\\/image\\\/\"}}]}<\/script>\n<!-- \/ Yoast SEO plugin. -->","yoast_head_json":{"title":"Multifunktionelt fonduekrus - Mekulo DK","robots":{"index":"index","follow":"follow","max-snippet":"max-snippet:-1","max-image-preview":"max-image-preview:large","max-video-preview":"max-video-preview:-1"},"canonical":"https:\/\/mekulo.com\/dk\/produkt\/multifunktionelt-fonduekrus\/","og_locale":"da_DK","og_type":"article","og_title":"Multifunktionelt fonduekrus - Mekulo DK","og_description":"\u2615Med dette kompakte, multifunktionelle fonduekrus kan du smelte og servere dine yndlingsl\u00e6kkerier ved hj\u00e6lp af blid lysvarme. \ud83c\udf6bDet er perfekt til at dyppe frugt, kiks, skumfiduser eller snacks under hyggelige aftener, sm\u00e5 sammenkomster eller s\u00e6rlige fester. \ud83c\udf89En enkel og sjov m\u00e5de at g\u00f8re ethvert \u00f8jeblik til en s\u00f8d oplevelse.","og_url":"https:\/\/mekulo.com\/dk\/produkt\/multifunktionelt-fonduekrus\/","og_site_name":"Mekulo DK","article_modified_time":"2026-02-10T09:12:11+00:00","og_image":[{"width":1080,"height":1080,"url":"https:\/\/mekulo.com\/dk\/wp-content\/uploads\/sites\/12\/2026\/01\/dvg6f8x-1.jpg","type":"image\/jpeg"}],"twitter_card":"summary_large_image","twitter_misc":{"Estimeret l\u00e6setid":"2 minutter"},"schema":{"@context":"https:\/\/schema.org","@graph":[{"@type":"WebPage","@id":"https:\/\/mekulo.com\/dk\/produkt\/multifunktionelt-fonduekrus\/","url":"https:\/\/mekulo.com\/dk\/produkt\/multifunktionelt-fonduekrus\/","name":"Multifunktionelt fonduekrus - Mekulo DK","isPartOf":{"@id":"https:\/\/mekulo.com\/dk\/#website"},"primaryImageOfPage":{"@id":"https:\/\/mekulo.com\/dk\/produkt\/multifunktionelt-fonduekrus\/#primaryimage"},"image":{"@id":"https:\/\/mekulo.com\/dk\/produkt\/multifunktionelt-fonduekrus\/#primaryimage"},"thumbnailUrl":"https:\/\/mekulo.com\/dk\/wp-content\/uploads\/sites\/12\/2026\/01\/dvg6f8x-1.jpg","datePublished":"2026-01-28T16:55:50+00:00","dateModified":"2026-02-10T09:12:11+00:00","breadcrumb":{"@id":"https:\/\/mekulo.com\/dk\/produkt\/multifunktionelt-fonduekrus\/#breadcrumb"},"inLanguage":"da-DK","potentialAction":[{"@type":"ReadAction","target":["https:\/\/mekulo.com\/dk\/produkt\/multifunktionelt-fonduekrus\/"]}]},{"@type":"ImageObject","inLanguage":"da-DK","@id":"https:\/\/mekulo.com\/dk\/produkt\/multifunktionelt-fonduekrus\/#primaryimage","url":"https:\/\/mekulo.com\/dk\/wp-content\/uploads\/sites\/12\/2026\/01\/dvg6f8x-1.jpg","contentUrl":"https:\/\/mekulo.com\/dk\/wp-content\/uploads\/sites\/12\/2026\/01\/dvg6f8x-1.jpg","width":1080,"height":1080},{"@type":"BreadcrumbList","@id":"https:\/\/mekulo.com\/dk\/produkt\/multifunktionelt-fonduekrus\/#breadcrumb","itemListElement":[{"@type":"ListItem","position":1,"name":"Home","item":"https:\/\/mekulo.com\/dk\/"},{"@type":"ListItem","position":2,"name":"Butik","item":"https:\/\/mekulo.com\/dk\/butik\/"},{"@type":"ListItem","position":3,"name":"Multifunktionelt fonduekrus"}]},{"@type":"WebSite","@id":"https:\/\/mekulo.com\/dk\/#website","url":"https:\/\/mekulo.com\/dk\/","name":"Mekulo DK","description":"","publisher":{"@id":"https:\/\/mekulo.com\/dk\/#organization"},"potentialAction":[{"@type":"SearchAction","target":{"@type":"EntryPoint","urlTemplate":"https:\/\/mekulo.com\/dk\/?s={search_term_string}"},"query-input":{"@type":"PropertyValueSpecification","valueRequired":true,"valueName":"search_term_string"}}],"inLanguage":"da-DK"},{"@type":"Organization","@id":"https:\/\/mekulo.com\/dk\/#organization","name":"Mekulo","url":"https:\/\/mekulo.com\/dk\/","logo":{"@type":"ImageObject","inLanguage":"da-DK","@id":"https:\/\/mekulo.com\/dk\/#\/schema\/logo\/image\/","url":"https:\/\/mekulo.com\/dk\/wp-content\/uploads\/sites\/12\/2025\/12\/favicon_mekulo.png","contentUrl":"https:\/\/mekulo.com\/dk\/wp-content\/uploads\/sites\/12\/2025\/12\/favicon_mekulo.png","width":50,"height":50,"caption":"Mekulo"},"image":{"@id":"https:\/\/mekulo.com\/dk\/#\/schema\/logo\/image\/"}}]}},"_links":{"self":[{"href":"https:\/\/mekulo.com\/dk\/wp-json\/wp\/v2\/product\/20088","targetHints":{"allow":["GET"]}}],"collection":[{"href":"https:\/\/mekulo.com\/dk\/wp-json\/wp\/v2\/product"}],"about":[{"href":"https:\/\/mekulo.com\/dk\/wp-json\/wp\/v2\/types\/product"}],"replies":[{"embeddable":true,"href":"https:\/\/mekulo.com\/dk\/wp-json\/wp\/v2\/comments?post=20088"}],"wp:featuredmedia":[{"embeddable":true,"href":"https:\/\/mekulo.com\/dk\/wp-json\/wp\/v2\/media\/20084"}],"wp:attachment":[{"href":"https:\/\/mekulo.com\/dk\/wp-json\/wp\/v2\/media?parent=20088"}],"wp:term":[{"taxonomy":"product_brand","embeddable":true,"href":"https:\/\/mekulo.com\/dk\/wp-json\/wp\/v2\/product_brand?post=20088"},{"taxonomy":"product_cat","embeddable":true,"href":"https:\/\/mekulo.com\/dk\/wp-json\/wp\/v2\/product_cat?post=20088"},{"taxonomy":"product_tag","embeddable":true,"href":"https:\/\/mekulo.com\/dk\/wp-json\/wp\/v2\/product_tag?post=20088"}],"curies":[{"name":"wp","href":"https:\/\/api.w.org\/{rel}","templated":true}]}}