{"id":20031,"date":"2026-01-28T18:52:07","date_gmt":"2026-01-28T16:52:07","guid":{"rendered":"https:\/\/mekulo.com\/dk\/produkt\/landskabelige-ledningsstik-til-lavspaending\/"},"modified":"2026-01-28T18:53:01","modified_gmt":"2026-01-28T16:53:01","slug":"landskabelige-ledningsstik-til-lavspaending","status":"publish","type":"product","link":"https:\/\/mekulo.com\/dk\/produkt\/landskabelige-ledningsstik-til-lavspaending\/","title":{"rendered":"Landskabelige ledningsstik til lavsp\u00e6nding"},"content":{"rendered":"<p style=\"text-align: center\" data-start=\"43\" data-end=\"119\"><strong data-start=\"43\" data-end=\"119\">Tilslut dine landskabslamper hurtigt og sikkert uden brug af v\u00e6rkt\u00f8j. \ud83d\udea8<\/strong><\/p>\n<p data-start=\"43\" data-end=\"119\"><img fetchpriority=\"high\" decoding=\"async\" class=\"size-full wp-image-21862 aligncenter\" src=\"https:\/\/mekulo.com\/template\/wp-content\/uploads\/sites\/6\/2026\/01\/7f4fb52c180074576adeaef1b0fd3405fc37332c-700.jpg\" alt=\"\" width=\"1080\" height=\"1038\" \/><\/p>\n<h2 style=\"text-align: center\" data-start=\"393\" data-end=\"412\"><strong>Hovedfordele<\/strong><\/h2>\n<p data-start=\"414\" data-end=\"490\">\ud83d\udd27 V\u00e6rkt\u00f8jsfri installation &#8211; Ingen sk\u00e6ring, stripping eller krympning kr\u00e6ves.<\/p>\n<p data-start=\"492\" data-end=\"575\">\ud83d\udcaa Fastlock-skruedesign &#8211; Drejet\u00e6t h\u00e6tte sikrer en sikker, stabil forbindelse.<\/p>\n<p data-start=\"577\" data-end=\"662\">\ud83c\udf27 IP65 vandt\u00e6t beskyttelse &#8211; Fungerer sikkert i regn, sne og frostvejr.<\/p>\n<p data-start=\"664\" data-end=\"759\">\ud83d\udd0c St\u00e6rk &amp; p\u00e5lidelig forbindelse &#8211; Nylonskal med galvaniserede messingstifter for holdbarhed.<\/p>\n<p data-start=\"761\" data-end=\"836\">\ud83c\udfe1 Bred kompatibilitet &#8211; Passer til de fleste lavsp\u00e6ndingsledninger til landskabsbelysning.<\/p>\n<p data-start=\"761\" data-end=\"836\"><img decoding=\"async\" class=\"size-full wp-image-21867 aligncenter\" src=\"https:\/\/mekulo.com\/template\/wp-content\/uploads\/sites\/6\/2026\/01\/S6a3f938de1e44cf882e3a5aa900d16c9i.jpg_960x960q75.jpg_.avif\" alt=\"\" width=\"960\" height=\"960\" \/><\/p>\n<h2 style=\"text-align: center\" data-start=\"843\" data-end=\"860\"><strong>S\u00e5dan Bruges<\/strong><\/h2>\n<ol data-start=\"862\" data-end=\"1057\">\n<li data-start=\"862\" data-end=\"902\">\n<p data-start=\"865\" data-end=\"902\">S\u00e6t ledningen ind i stikket.<\/p>\n<\/li>\n<li data-start=\"903\" data-end=\"964\">\n<p data-start=\"906\" data-end=\"964\">Drej h\u00e6tten for at stramme og gennembore ledningsisoleringen.<\/p>\n<\/li>\n<li data-start=\"965\" data-end=\"1004\">\n<p data-start=\"968\" data-end=\"1004\">S\u00f8rg for, at h\u00e6tten er helt strammet.<\/p>\n<\/li>\n<li data-start=\"1005\" data-end=\"1057\">\n<p data-start=\"1008\" data-end=\"1057\">T\u00e6nd for dine lys og nyd en solid forbindelse.<\/p>\n<\/li>\n<\/ol>\n<h2 style=\"text-align: center\" data-start=\"1064\" data-end=\"1086\"><strong>Produktdetaljer<\/strong><\/h2>\n<ul data-start=\"1088\" data-end=\"1368\">\n<li data-start=\"1088\" data-end=\"1148\">\n<p data-start=\"1090\" data-end=\"1148\">Materiale: Nylonplastskal + galvaniserede messingstifter<\/p>\n<\/li>\n<li data-start=\"1149\" data-end=\"1200\">\n<p data-start=\"1151\" data-end=\"1200\">Design: Fastlock skruet\u00e6t gennemtr\u00e6ngende stik<\/p>\n<\/li>\n<li data-start=\"1201\" data-end=\"1228\">\n<p data-start=\"1203\" data-end=\"1228\">Vandt\u00e6t klassificering: IP65<\/p>\n<\/li>\n<li data-start=\"1292\" data-end=\"1327\">\n<p data-start=\"1294\" data-end=\"1327\">Str\u00f8mforbrug: Lavsp\u00e6ndingsbelysning<\/p>\n<\/li>\n<li data-start=\"1328\" data-end=\"1368\">\n<p data-start=\"1330\" data-end=\"1368\">Velegnet til: Indend\u00f8rs og udend\u00f8rs brug<\/p>\n<\/li>\n<li data-start=\"1328\" data-end=\"1368\">\n<p data-start=\"1330\" data-end=\"1368\">St\u00f8rrelse: 37 x 12,5 x 9,5 mm<\/p>\n<\/li>\n<li data-start=\"1328\" data-end=\"1368\">Kompatibel ledningstykkelse: Lyskabel 14\/16\/18\/20 AWG<\/li>\n<\/ul>\n<h2 style=\"text-align: center\" data-start=\"1375\" data-end=\"1398\"><strong>Pakken Indeholder<\/strong><\/h2>\n<ul data-start=\"1400\" data-end=\"1435\">\n<li data-start=\"1400\" data-end=\"1435\">\n<p data-start=\"1402\" data-end=\"1435\">6, 10, 20, 40x lavsp\u00e6ndings landskabsstik.<\/p>\n<\/li>\n<\/ul>\n","protected":false},"excerpt":{"rendered":"<p><span style=\"font-size: 16px;font-style: normal;font-weight: 400\">\u26a1<\/span>Disse lavsp\u00e6ndings landskabsstik g\u00f8r ledningsf\u00f8ring enkel og p\u00e5lidelig til b\u00e5de indend\u00f8rs og udend\u00f8rs belysningsprojekter.<br \/>\n\ud83d\udd27Med et skruet\u00e6t fastlock-design og en gennemtr\u00e6ngende stift skaber de en st\u00e6rk elektrisk forbindelse uden at sk\u00e6re, afisolere eller krympe ledninger.<br \/>\n\ud83d\udca6En hurtig, vejrbestandig og problemfri l\u00f8sning til tilslutning af din landskabsbelysning.<\/p>\n","protected":false},"featured_media":20027,"comment_status":"open","ping_status":"closed","template":"","meta":{"site-sidebar-layout":"default","site-content-layout":"","ast-site-content-layout":"default","site-content-style":"default","site-sidebar-style":"default","ast-global-header-display":"","ast-banner-title-visibility":"","ast-main-header-display":"","ast-hfb-above-header-display":"","ast-hfb-below-header-display":"","ast-hfb-mobile-header-display":"","site-post-title":"","ast-breadcrumbs-content":"","ast-featured-img":"","footer-sml-layout":"","ast-disable-related-posts":"","theme-transparent-header-meta":"default","adv-header-id-meta":"","stick-header-meta":"","header-above-stick-meta":"","header-main-stick-meta":"","header-below-stick-meta":"","astra-migrate-meta-layouts":"set","ast-page-background-enabled":"default","ast-page-background-meta":{"desktop":{"background-color":"var(--ast-global-color-5)","background-image":"","background-repeat":"repeat","background-position":"center center","background-size":"auto","background-attachment":"scroll","background-type":"","background-media":"","overlay-type":"","overlay-color":"","overlay-opacity":"","overlay-gradient":""},"tablet":{"background-color":"","background-image":"","background-repeat":"repeat","background-position":"center center","background-size":"auto","background-attachment":"scroll","background-type":"","background-media":"","overlay-type":"","overlay-color":"","overlay-opacity":"","overlay-gradient":""},"mobile":{"background-color":"","background-image":"","background-repeat":"repeat","background-position":"center center","background-size":"auto","background-attachment":"scroll","background-type":"","background-media":"","overlay-type":"","overlay-color":"","overlay-opacity":"","overlay-gradient":""}},"ast-content-background-meta":{"desktop":{"background-color":"var(--ast-global-color-4)","background-image":"","background-repeat":"repeat","background-position":"center center","background-size":"auto","background-attachment":"scroll","background-type":"","background-media":"","overlay-type":"","overlay-color":"","overlay-opacity":"","overlay-gradient":""},"tablet":{"background-color":"var(--ast-global-color-4)","background-image":"","background-repeat":"repeat","background-position":"center center","background-size":"auto","background-attachment":"scroll","background-type":"","background-media":"","overlay-type":"","overlay-color":"","overlay-opacity":"","overlay-gradient":""},"mobile":{"background-color":"var(--ast-global-color-4)","background-image":"","background-repeat":"repeat","background-position":"center center","background-size":"auto","background-attachment":"scroll","background-type":"","background-media":"","overlay-type":"","overlay-color":"","overlay-opacity":"","overlay-gradient":""}}},"product_brand":[],"product_cat":[171],"product_tag":[],"class_list":{"0":"post-20031","1":"product","2":"type-product","3":"status-publish","4":"has-post-thumbnail","6":"product_cat-vaerktoejer","7":"pa_51679_40j3nlv8-10-stk","8":"pa_51679_40j3nlv8-20-stk","9":"pa_51679_40j3nlv8-40-stk","10":"pa_51679_40j3nlv8-6-stk","11":"pa_51679_jp1vt4nf-blaa","12":"pa_51679_jp1vt4nf-gul","13":"pa_51679_jp1vt4nf-roed","14":"pa_51679_jp1vt4nf-sort","15":"desktop-align-left","16":"tablet-align-left","17":"mobile-align-left","19":"first","20":"instock","21":"shipping-taxable","22":"purchasable","23":"product-type-variable","24":"has-default-attributes"},"yoast_head":"<!-- This site is optimized with the Yoast SEO plugin v27.4 - https:\/\/yoast.com\/product\/yoast-seo-wordpress\/ -->\n<title>Landskabelige ledningsstik til lavsp\u00e6nding - Mekulo DK<\/title>\n<meta name=\"robots\" content=\"index, follow, max-snippet:-1, max-image-preview:large, max-video-preview:-1\" \/>\n<link rel=\"canonical\" href=\"https:\/\/mekulo.com\/dk\/produkt\/landskabelige-ledningsstik-til-lavspaending\/\" \/>\n<meta property=\"og:locale\" content=\"da_DK\" \/>\n<meta property=\"og:type\" content=\"article\" \/>\n<meta property=\"og:title\" content=\"Landskabelige ledningsstik til lavsp\u00e6nding - Mekulo DK\" \/>\n<meta property=\"og:description\" content=\"\u26a1Disse lavsp\u00e6ndings landskabsstik g\u00f8r ledningsf\u00f8ring enkel og p\u00e5lidelig til b\u00e5de indend\u00f8rs og udend\u00f8rs belysningsprojekter. \ud83d\udd27Med et skruet\u00e6t fastlock-design og en gennemtr\u00e6ngende stift skaber de en st\u00e6rk elektrisk forbindelse uden at sk\u00e6re, afisolere eller krympe ledninger. \ud83d\udca6En hurtig, vejrbestandig og problemfri l\u00f8sning til tilslutning af din landskabsbelysning.\" \/>\n<meta property=\"og:url\" content=\"https:\/\/mekulo.com\/dk\/produkt\/landskabelige-ledningsstik-til-lavspaending\/\" \/>\n<meta property=\"og:site_name\" content=\"Mekulo DK\" \/>\n<meta property=\"article:modified_time\" content=\"2026-01-28T16:53:01+00:00\" \/>\n<meta property=\"og:image\" content=\"https:\/\/mekulo.com\/dk\/wp-content\/uploads\/sites\/12\/2026\/01\/or0jn10-1.jpg\" \/>\n\t<meta property=\"og:image:width\" content=\"960\" \/>\n\t<meta property=\"og:image:height\" content=\"960\" \/>\n\t<meta property=\"og:image:type\" content=\"image\/jpeg\" \/>\n<meta name=\"twitter:card\" content=\"summary_large_image\" \/>\n<meta name=\"twitter:label1\" content=\"Estimeret l\u00e6setid\" \/>\n\t<meta name=\"twitter:data1\" content=\"2 minutter\" \/>\n<script type=\"application\/ld+json\" class=\"yoast-schema-graph\">{\"@context\":\"https:\\\/\\\/schema.org\",\"@graph\":[{\"@type\":\"WebPage\",\"@id\":\"https:\\\/\\\/mekulo.com\\\/dk\\\/produkt\\\/landskabelige-ledningsstik-til-lavspaending\\\/\",\"url\":\"https:\\\/\\\/mekulo.com\\\/dk\\\/produkt\\\/landskabelige-ledningsstik-til-lavspaending\\\/\",\"name\":\"Landskabelige ledningsstik til lavsp\u00e6nding - Mekulo DK\",\"isPartOf\":{\"@id\":\"https:\\\/\\\/mekulo.com\\\/dk\\\/#website\"},\"primaryImageOfPage\":{\"@id\":\"https:\\\/\\\/mekulo.com\\\/dk\\\/produkt\\\/landskabelige-ledningsstik-til-lavspaending\\\/#primaryimage\"},\"image\":{\"@id\":\"https:\\\/\\\/mekulo.com\\\/dk\\\/produkt\\\/landskabelige-ledningsstik-til-lavspaending\\\/#primaryimage\"},\"thumbnailUrl\":\"https:\\\/\\\/mekulo.com\\\/dk\\\/wp-content\\\/uploads\\\/sites\\\/12\\\/2026\\\/01\\\/or0jn10-1.jpg\",\"datePublished\":\"2026-01-28T16:52:07+00:00\",\"dateModified\":\"2026-01-28T16:53:01+00:00\",\"breadcrumb\":{\"@id\":\"https:\\\/\\\/mekulo.com\\\/dk\\\/produkt\\\/landskabelige-ledningsstik-til-lavspaending\\\/#breadcrumb\"},\"inLanguage\":\"da-DK\",\"potentialAction\":[{\"@type\":\"ReadAction\",\"target\":[\"https:\\\/\\\/mekulo.com\\\/dk\\\/produkt\\\/landskabelige-ledningsstik-til-lavspaending\\\/\"]}]},{\"@type\":\"ImageObject\",\"inLanguage\":\"da-DK\",\"@id\":\"https:\\\/\\\/mekulo.com\\\/dk\\\/produkt\\\/landskabelige-ledningsstik-til-lavspaending\\\/#primaryimage\",\"url\":\"https:\\\/\\\/mekulo.com\\\/dk\\\/wp-content\\\/uploads\\\/sites\\\/12\\\/2026\\\/01\\\/or0jn10-1.jpg\",\"contentUrl\":\"https:\\\/\\\/mekulo.com\\\/dk\\\/wp-content\\\/uploads\\\/sites\\\/12\\\/2026\\\/01\\\/or0jn10-1.jpg\",\"width\":960,\"height\":960},{\"@type\":\"BreadcrumbList\",\"@id\":\"https:\\\/\\\/mekulo.com\\\/dk\\\/produkt\\\/landskabelige-ledningsstik-til-lavspaending\\\/#breadcrumb\",\"itemListElement\":[{\"@type\":\"ListItem\",\"position\":1,\"name\":\"Home\",\"item\":\"https:\\\/\\\/mekulo.com\\\/dk\\\/\"},{\"@type\":\"ListItem\",\"position\":2,\"name\":\"Butik\",\"item\":\"https:\\\/\\\/mekulo.com\\\/dk\\\/butik\\\/\"},{\"@type\":\"ListItem\",\"position\":3,\"name\":\"Landskabelige ledningsstik til lavsp\u00e6nding\"}]},{\"@type\":\"WebSite\",\"@id\":\"https:\\\/\\\/mekulo.com\\\/dk\\\/#website\",\"url\":\"https:\\\/\\\/mekulo.com\\\/dk\\\/\",\"name\":\"Mekulo DK\",\"description\":\"\",\"publisher\":{\"@id\":\"https:\\\/\\\/mekulo.com\\\/dk\\\/#organization\"},\"potentialAction\":[{\"@type\":\"SearchAction\",\"target\":{\"@type\":\"EntryPoint\",\"urlTemplate\":\"https:\\\/\\\/mekulo.com\\\/dk\\\/?s={search_term_string}\"},\"query-input\":{\"@type\":\"PropertyValueSpecification\",\"valueRequired\":true,\"valueName\":\"search_term_string\"}}],\"inLanguage\":\"da-DK\"},{\"@type\":\"Organization\",\"@id\":\"https:\\\/\\\/mekulo.com\\\/dk\\\/#organization\",\"name\":\"Mekulo\",\"url\":\"https:\\\/\\\/mekulo.com\\\/dk\\\/\",\"logo\":{\"@type\":\"ImageObject\",\"inLanguage\":\"da-DK\",\"@id\":\"https:\\\/\\\/mekulo.com\\\/dk\\\/#\\\/schema\\\/logo\\\/image\\\/\",\"url\":\"https:\\\/\\\/mekulo.com\\\/dk\\\/wp-content\\\/uploads\\\/sites\\\/12\\\/2025\\\/12\\\/favicon_mekulo.png\",\"contentUrl\":\"https:\\\/\\\/mekulo.com\\\/dk\\\/wp-content\\\/uploads\\\/sites\\\/12\\\/2025\\\/12\\\/favicon_mekulo.png\",\"width\":50,\"height\":50,\"caption\":\"Mekulo\"},\"image\":{\"@id\":\"https:\\\/\\\/mekulo.com\\\/dk\\\/#\\\/schema\\\/logo\\\/image\\\/\"}}]}<\/script>\n<!-- \/ Yoast SEO plugin. -->","yoast_head_json":{"title":"Landskabelige ledningsstik til lavsp\u00e6nding - Mekulo DK","robots":{"index":"index","follow":"follow","max-snippet":"max-snippet:-1","max-image-preview":"max-image-preview:large","max-video-preview":"max-video-preview:-1"},"canonical":"https:\/\/mekulo.com\/dk\/produkt\/landskabelige-ledningsstik-til-lavspaending\/","og_locale":"da_DK","og_type":"article","og_title":"Landskabelige ledningsstik til lavsp\u00e6nding - Mekulo DK","og_description":"\u26a1Disse lavsp\u00e6ndings landskabsstik g\u00f8r ledningsf\u00f8ring enkel og p\u00e5lidelig til b\u00e5de indend\u00f8rs og udend\u00f8rs belysningsprojekter. \ud83d\udd27Med et skruet\u00e6t fastlock-design og en gennemtr\u00e6ngende stift skaber de en st\u00e6rk elektrisk forbindelse uden at sk\u00e6re, afisolere eller krympe ledninger. \ud83d\udca6En hurtig, vejrbestandig og problemfri l\u00f8sning til tilslutning af din landskabsbelysning.","og_url":"https:\/\/mekulo.com\/dk\/produkt\/landskabelige-ledningsstik-til-lavspaending\/","og_site_name":"Mekulo DK","article_modified_time":"2026-01-28T16:53:01+00:00","og_image":[{"width":960,"height":960,"url":"https:\/\/mekulo.com\/dk\/wp-content\/uploads\/sites\/12\/2026\/01\/or0jn10-1.jpg","type":"image\/jpeg"}],"twitter_card":"summary_large_image","twitter_misc":{"Estimeret l\u00e6setid":"2 minutter"},"schema":{"@context":"https:\/\/schema.org","@graph":[{"@type":"WebPage","@id":"https:\/\/mekulo.com\/dk\/produkt\/landskabelige-ledningsstik-til-lavspaending\/","url":"https:\/\/mekulo.com\/dk\/produkt\/landskabelige-ledningsstik-til-lavspaending\/","name":"Landskabelige ledningsstik til lavsp\u00e6nding - Mekulo DK","isPartOf":{"@id":"https:\/\/mekulo.com\/dk\/#website"},"primaryImageOfPage":{"@id":"https:\/\/mekulo.com\/dk\/produkt\/landskabelige-ledningsstik-til-lavspaending\/#primaryimage"},"image":{"@id":"https:\/\/mekulo.com\/dk\/produkt\/landskabelige-ledningsstik-til-lavspaending\/#primaryimage"},"thumbnailUrl":"https:\/\/mekulo.com\/dk\/wp-content\/uploads\/sites\/12\/2026\/01\/or0jn10-1.jpg","datePublished":"2026-01-28T16:52:07+00:00","dateModified":"2026-01-28T16:53:01+00:00","breadcrumb":{"@id":"https:\/\/mekulo.com\/dk\/produkt\/landskabelige-ledningsstik-til-lavspaending\/#breadcrumb"},"inLanguage":"da-DK","potentialAction":[{"@type":"ReadAction","target":["https:\/\/mekulo.com\/dk\/produkt\/landskabelige-ledningsstik-til-lavspaending\/"]}]},{"@type":"ImageObject","inLanguage":"da-DK","@id":"https:\/\/mekulo.com\/dk\/produkt\/landskabelige-ledningsstik-til-lavspaending\/#primaryimage","url":"https:\/\/mekulo.com\/dk\/wp-content\/uploads\/sites\/12\/2026\/01\/or0jn10-1.jpg","contentUrl":"https:\/\/mekulo.com\/dk\/wp-content\/uploads\/sites\/12\/2026\/01\/or0jn10-1.jpg","width":960,"height":960},{"@type":"BreadcrumbList","@id":"https:\/\/mekulo.com\/dk\/produkt\/landskabelige-ledningsstik-til-lavspaending\/#breadcrumb","itemListElement":[{"@type":"ListItem","position":1,"name":"Home","item":"https:\/\/mekulo.com\/dk\/"},{"@type":"ListItem","position":2,"name":"Butik","item":"https:\/\/mekulo.com\/dk\/butik\/"},{"@type":"ListItem","position":3,"name":"Landskabelige ledningsstik til lavsp\u00e6nding"}]},{"@type":"WebSite","@id":"https:\/\/mekulo.com\/dk\/#website","url":"https:\/\/mekulo.com\/dk\/","name":"Mekulo DK","description":"","publisher":{"@id":"https:\/\/mekulo.com\/dk\/#organization"},"potentialAction":[{"@type":"SearchAction","target":{"@type":"EntryPoint","urlTemplate":"https:\/\/mekulo.com\/dk\/?s={search_term_string}"},"query-input":{"@type":"PropertyValueSpecification","valueRequired":true,"valueName":"search_term_string"}}],"inLanguage":"da-DK"},{"@type":"Organization","@id":"https:\/\/mekulo.com\/dk\/#organization","name":"Mekulo","url":"https:\/\/mekulo.com\/dk\/","logo":{"@type":"ImageObject","inLanguage":"da-DK","@id":"https:\/\/mekulo.com\/dk\/#\/schema\/logo\/image\/","url":"https:\/\/mekulo.com\/dk\/wp-content\/uploads\/sites\/12\/2025\/12\/favicon_mekulo.png","contentUrl":"https:\/\/mekulo.com\/dk\/wp-content\/uploads\/sites\/12\/2025\/12\/favicon_mekulo.png","width":50,"height":50,"caption":"Mekulo"},"image":{"@id":"https:\/\/mekulo.com\/dk\/#\/schema\/logo\/image\/"}}]}},"_links":{"self":[{"href":"https:\/\/mekulo.com\/dk\/wp-json\/wp\/v2\/product\/20031","targetHints":{"allow":["GET"]}}],"collection":[{"href":"https:\/\/mekulo.com\/dk\/wp-json\/wp\/v2\/product"}],"about":[{"href":"https:\/\/mekulo.com\/dk\/wp-json\/wp\/v2\/types\/product"}],"replies":[{"embeddable":true,"href":"https:\/\/mekulo.com\/dk\/wp-json\/wp\/v2\/comments?post=20031"}],"wp:featuredmedia":[{"embeddable":true,"href":"https:\/\/mekulo.com\/dk\/wp-json\/wp\/v2\/media\/20027"}],"wp:attachment":[{"href":"https:\/\/mekulo.com\/dk\/wp-json\/wp\/v2\/media?parent=20031"}],"wp:term":[{"taxonomy":"product_brand","embeddable":true,"href":"https:\/\/mekulo.com\/dk\/wp-json\/wp\/v2\/product_brand?post=20031"},{"taxonomy":"product_cat","embeddable":true,"href":"https:\/\/mekulo.com\/dk\/wp-json\/wp\/v2\/product_cat?post=20031"},{"taxonomy":"product_tag","embeddable":true,"href":"https:\/\/mekulo.com\/dk\/wp-json\/wp\/v2\/product_tag?post=20031"}],"curies":[{"name":"wp","href":"https:\/\/api.w.org\/{rel}","templated":true}]}}