{"id":19973,"date":"2026-01-28T18:46:05","date_gmt":"2026-01-28T16:46:05","guid":{"rendered":"https:\/\/mekulo.com\/dk\/produkt\/sikker-afledning-af-boejle\/"},"modified":"2026-02-03T17:20:09","modified_gmt":"2026-02-03T15:20:09","slug":"sikker-afledning-af-boejle","status":"publish","type":"product","link":"https:\/\/mekulo.com\/dk\/produkt\/sikker-afledning-af-boejle\/","title":{"rendered":"Sikker afledning af b\u00f8jle"},"content":{"rendered":"<p style=\"text-align: center\" data-start=\"27\" data-end=\"109\"><strong data-start=\"27\" data-end=\"109\">Skjul dine v\u00e6rdigenstande i det fri med en smart og diskret opbevaringsl\u00f8sning. \ud83d\udcb5<\/strong><\/p>\n<p data-start=\"27\" data-end=\"109\"><img fetchpriority=\"high\" decoding=\"async\" class=\"size-full wp-image-21820 aligncenter\" src=\"https:\/\/mekulo.com\/template\/wp-content\/uploads\/sites\/6\/2026\/01\/5-10.jpeg\" alt=\"\" width=\"800\" height=\"800\" \/><\/p>\n<h2 style=\"text-align: center\" data-start=\"350\" data-end=\"370\"><strong>Hovedfordele<\/strong><\/h2>\n<p data-start=\"372\" data-end=\"453\">\ud83e\udde5 Skjult i almindeligt syn &#8211; Forkl\u00e6dt som en b\u00f8jlelomme til diskret opbevaring.<\/p>\n<p data-start=\"455\" data-end=\"538\">\ud83d\udd25\ud83d\udca7 Brand- og vandt\u00e6t stof &#8211; Oxford-stof beskytter v\u00e6rdigenstande mod ulykker.<\/p>\n<p data-start=\"540\" data-end=\"631\">\ud83d\udce6 Stor opbevaringskapacitet &#8211; Rummeligt interi\u00f8r med en ekstra indvendig lomme til organisering.<\/p>\n<p data-start=\"633\" data-end=\"706\">\u2708\ufe0f B\u00e6rbar og rejsevenlig &#8211; Let at pakke og bruge overalt, hvor du g\u00e5r.<\/p>\n<p data-start=\"708\" data-end=\"785\">\ud83c\udf81 God gaveid\u00e9 &#8211; Tankev\u00e6kkende og praktisk gave til s\u00e6rlige lejligheder.<\/p>\n<p data-start=\"708\" data-end=\"785\"><img decoding=\"async\" class=\"size-full wp-image-21821 aligncenter\" src=\"https:\/\/mekulo.com\/template\/wp-content\/uploads\/sites\/6\/2026\/01\/6-16.jpeg\" alt=\"\" width=\"800\" height=\"800\" \/><\/p>\n<h2 style=\"text-align: center\" data-start=\"792\" data-end=\"809\"><strong>S\u00e5dan Bruges<\/strong><\/h2>\n<ol data-start=\"811\" data-end=\"1023\">\n<li data-start=\"811\" data-end=\"853\">\n<p data-start=\"814\" data-end=\"853\">\u00c5bn lynl\u00e5sen p\u00e5 b\u00f8jlelommen.<\/p>\n<\/li>\n<li data-start=\"854\" data-end=\"902\">\n<p data-start=\"857\" data-end=\"902\">Placer kontanter, smykker eller sm\u00e5ting indeni.<\/p>\n<\/li>\n<li data-start=\"903\" data-end=\"931\">\n<p data-start=\"906\" data-end=\"931\">Luk den sikkert med lynl\u00e5sen.<\/p>\n<\/li>\n<li data-start=\"932\" data-end=\"987\">\n<p data-start=\"935\" data-end=\"987\">H\u00e6ng den i skabet eller pak den i bagagen.<\/p>\n<\/li>\n<li data-start=\"988\" data-end=\"1023\">\n<p data-start=\"991\" data-end=\"1023\">F\u00e5 let adgang til tingene, n\u00e5r du har brug for det.<\/p>\n<\/li>\n<\/ol>\n<h2 style=\"text-align: center\" data-start=\"1030\" data-end=\"1052\"><strong>Produktdetaljer<\/strong><\/h2>\n<ul data-start=\"1054\" data-end=\"1252\">\n<li data-start=\"1094\" data-end=\"1133\">\n<p data-start=\"1096\" data-end=\"1133\">Materiale: Oxford-klud af h\u00f8j kvalitet<\/p>\n<\/li>\n<li data-start=\"1134\" data-end=\"1174\">\n<p data-start=\"1136\" data-end=\"1174\">Funktioner: Brandh\u00e6mmende, vandt\u00e6t<\/p>\n<\/li>\n<li data-start=\"1175\" data-end=\"1211\">\n<p data-start=\"1177\" data-end=\"1211\">St\u00f8rrelse: 44,5 x 31,7 cm<\/p>\n<\/li>\n<li data-start=\"1212\" data-end=\"1252\">\n<p data-start=\"1214\" data-end=\"1252\">Anvendelse: Opbevaring i hjemmet eller rejsesikkerhed<\/p>\n<\/li>\n<\/ul>\n<h2 style=\"text-align: center\" data-start=\"1259\" data-end=\"1282\"><strong>Pakken Indeholder<\/strong><\/h2>\n<ul data-start=\"1284\" data-end=\"1313\">\n<li data-start=\"1284\" data-end=\"1313\">\n<p data-start=\"1286\" data-end=\"1313\">1, 2, 3x hanger diversion safe.<\/p>\n<\/li>\n<\/ul>\n","protected":false},"excerpt":{"rendered":"<p>\ud83d\udc8dDenne b\u00f8jleafledningsboks ligner en normal b\u00f8jlelomme, men beskytter i al hemmelighed dine kontanter, smykker og sm\u00e5 v\u00e6rdigenstande.<br \/>\n<span style=\"font-size: 16px;font-style: normal;font-weight: 400\">\ud83d\udd10<\/span>Den passer nemt ind i skabe eller bagage, hvilket g\u00f8r den perfekt til hjemmebrug eller rejser uden at tiltr\u00e6kke sig opm\u00e6rksomhed.<br \/>\n\ud83c\udfe0En enkel, men smart m\u00e5de at beskytte dine v\u00e6rdigenstande p\u00e5, uden at nogen l\u00e6gger m\u00e6rke til det.<\/p>\n","protected":false},"featured_media":19969,"comment_status":"open","ping_status":"closed","template":"","meta":{"site-sidebar-layout":"default","site-content-layout":"","ast-site-content-layout":"default","site-content-style":"default","site-sidebar-style":"default","ast-global-header-display":"","ast-banner-title-visibility":"","ast-main-header-display":"","ast-hfb-above-header-display":"","ast-hfb-below-header-display":"","ast-hfb-mobile-header-display":"","site-post-title":"","ast-breadcrumbs-content":"","ast-featured-img":"","footer-sml-layout":"","ast-disable-related-posts":"","theme-transparent-header-meta":"default","adv-header-id-meta":"","stick-header-meta":"","header-above-stick-meta":"","header-main-stick-meta":"","header-below-stick-meta":"","astra-migrate-meta-layouts":"set","ast-page-background-enabled":"default","ast-page-background-meta":{"desktop":{"background-color":"var(--ast-global-color-5)","background-image":"","background-repeat":"repeat","background-position":"center center","background-size":"auto","background-attachment":"scroll","background-type":"","background-media":"","overlay-type":"","overlay-color":"","overlay-opacity":"","overlay-gradient":""},"tablet":{"background-color":"","background-image":"","background-repeat":"repeat","background-position":"center center","background-size":"auto","background-attachment":"scroll","background-type":"","background-media":"","overlay-type":"","overlay-color":"","overlay-opacity":"","overlay-gradient":""},"mobile":{"background-color":"","background-image":"","background-repeat":"repeat","background-position":"center center","background-size":"auto","background-attachment":"scroll","background-type":"","background-media":"","overlay-type":"","overlay-color":"","overlay-opacity":"","overlay-gradient":""}},"ast-content-background-meta":{"desktop":{"background-color":"var(--ast-global-color-4)","background-image":"","background-repeat":"repeat","background-position":"center center","background-size":"auto","background-attachment":"scroll","background-type":"","background-media":"","overlay-type":"","overlay-color":"","overlay-opacity":"","overlay-gradient":""},"tablet":{"background-color":"var(--ast-global-color-4)","background-image":"","background-repeat":"repeat","background-position":"center center","background-size":"auto","background-attachment":"scroll","background-type":"","background-media":"","overlay-type":"","overlay-color":"","overlay-opacity":"","overlay-gradient":""},"mobile":{"background-color":"var(--ast-global-color-4)","background-image":"","background-repeat":"repeat","background-position":"center center","background-size":"auto","background-attachment":"scroll","background-type":"","background-media":"","overlay-type":"","overlay-color":"","overlay-opacity":"","overlay-gradient":""}}},"product_brand":[],"product_cat":[168],"product_tag":[],"class_list":{"0":"post-19973","1":"product","2":"type-product","3":"status-publish","4":"has-post-thumbnail","6":"product_cat-husholdningsartikler","7":"pa_51635_9ynscqc6-graa","8":"pa_51635_9ynscqc6-sort","9":"pa_51635_fwlxakmx-1-stk","10":"pa_51635_fwlxakmx-2-stk","11":"pa_51635_fwlxakmx-3-stk","12":"desktop-align-left","13":"tablet-align-left","14":"mobile-align-left","16":"first","17":"instock","18":"shipping-taxable","19":"purchasable","20":"product-type-variable","21":"has-default-attributes"},"yoast_head":"<!-- This site is optimized with the Yoast SEO plugin v27.4 - https:\/\/yoast.com\/product\/yoast-seo-wordpress\/ -->\n<title>Sikker afledning af b\u00f8jle - Mekulo DK<\/title>\n<meta name=\"robots\" content=\"index, follow, max-snippet:-1, max-image-preview:large, max-video-preview:-1\" \/>\n<link rel=\"canonical\" href=\"https:\/\/mekulo.com\/dk\/produkt\/sikker-afledning-af-boejle\/\" \/>\n<meta property=\"og:locale\" content=\"da_DK\" \/>\n<meta property=\"og:type\" content=\"article\" \/>\n<meta property=\"og:title\" content=\"Sikker afledning af b\u00f8jle - Mekulo DK\" \/>\n<meta property=\"og:description\" content=\"\ud83d\udc8dDenne b\u00f8jleafledningsboks ligner en normal b\u00f8jlelomme, men beskytter i al hemmelighed dine kontanter, smykker og sm\u00e5 v\u00e6rdigenstande. \ud83d\udd10Den passer nemt ind i skabe eller bagage, hvilket g\u00f8r den perfekt til hjemmebrug eller rejser uden at tiltr\u00e6kke sig opm\u00e6rksomhed. \ud83c\udfe0En enkel, men smart m\u00e5de at beskytte dine v\u00e6rdigenstande p\u00e5, uden at nogen l\u00e6gger m\u00e6rke til det.\" \/>\n<meta property=\"og:url\" content=\"https:\/\/mekulo.com\/dk\/produkt\/sikker-afledning-af-boejle\/\" \/>\n<meta property=\"og:site_name\" content=\"Mekulo DK\" \/>\n<meta property=\"article:modified_time\" content=\"2026-02-03T15:20:09+00:00\" \/>\n<meta property=\"og:image\" content=\"https:\/\/mekulo.com\/dk\/wp-content\/uploads\/sites\/12\/2026\/01\/0sta3o6-1.jpeg\" \/>\n\t<meta property=\"og:image:width\" content=\"800\" \/>\n\t<meta property=\"og:image:height\" content=\"800\" \/>\n\t<meta property=\"og:image:type\" content=\"image\/jpeg\" \/>\n<meta name=\"twitter:card\" content=\"summary_large_image\" \/>\n<meta name=\"twitter:label1\" content=\"Estimeret l\u00e6setid\" \/>\n\t<meta name=\"twitter:data1\" content=\"2 minutter\" \/>\n<script type=\"application\/ld+json\" class=\"yoast-schema-graph\">{\"@context\":\"https:\\\/\\\/schema.org\",\"@graph\":[{\"@type\":\"WebPage\",\"@id\":\"https:\\\/\\\/mekulo.com\\\/dk\\\/produkt\\\/sikker-afledning-af-boejle\\\/\",\"url\":\"https:\\\/\\\/mekulo.com\\\/dk\\\/produkt\\\/sikker-afledning-af-boejle\\\/\",\"name\":\"Sikker afledning af b\u00f8jle - Mekulo DK\",\"isPartOf\":{\"@id\":\"https:\\\/\\\/mekulo.com\\\/dk\\\/#website\"},\"primaryImageOfPage\":{\"@id\":\"https:\\\/\\\/mekulo.com\\\/dk\\\/produkt\\\/sikker-afledning-af-boejle\\\/#primaryimage\"},\"image\":{\"@id\":\"https:\\\/\\\/mekulo.com\\\/dk\\\/produkt\\\/sikker-afledning-af-boejle\\\/#primaryimage\"},\"thumbnailUrl\":\"https:\\\/\\\/mekulo.com\\\/dk\\\/wp-content\\\/uploads\\\/sites\\\/12\\\/2026\\\/01\\\/0sta3o6-1.jpeg\",\"datePublished\":\"2026-01-28T16:46:05+00:00\",\"dateModified\":\"2026-02-03T15:20:09+00:00\",\"breadcrumb\":{\"@id\":\"https:\\\/\\\/mekulo.com\\\/dk\\\/produkt\\\/sikker-afledning-af-boejle\\\/#breadcrumb\"},\"inLanguage\":\"da-DK\",\"potentialAction\":[{\"@type\":\"ReadAction\",\"target\":[\"https:\\\/\\\/mekulo.com\\\/dk\\\/produkt\\\/sikker-afledning-af-boejle\\\/\"]}]},{\"@type\":\"ImageObject\",\"inLanguage\":\"da-DK\",\"@id\":\"https:\\\/\\\/mekulo.com\\\/dk\\\/produkt\\\/sikker-afledning-af-boejle\\\/#primaryimage\",\"url\":\"https:\\\/\\\/mekulo.com\\\/dk\\\/wp-content\\\/uploads\\\/sites\\\/12\\\/2026\\\/01\\\/0sta3o6-1.jpeg\",\"contentUrl\":\"https:\\\/\\\/mekulo.com\\\/dk\\\/wp-content\\\/uploads\\\/sites\\\/12\\\/2026\\\/01\\\/0sta3o6-1.jpeg\",\"width\":800,\"height\":800},{\"@type\":\"BreadcrumbList\",\"@id\":\"https:\\\/\\\/mekulo.com\\\/dk\\\/produkt\\\/sikker-afledning-af-boejle\\\/#breadcrumb\",\"itemListElement\":[{\"@type\":\"ListItem\",\"position\":1,\"name\":\"Home\",\"item\":\"https:\\\/\\\/mekulo.com\\\/dk\\\/\"},{\"@type\":\"ListItem\",\"position\":2,\"name\":\"Butik\",\"item\":\"https:\\\/\\\/mekulo.com\\\/dk\\\/butik\\\/\"},{\"@type\":\"ListItem\",\"position\":3,\"name\":\"Sikker afledning af b\u00f8jle\"}]},{\"@type\":\"WebSite\",\"@id\":\"https:\\\/\\\/mekulo.com\\\/dk\\\/#website\",\"url\":\"https:\\\/\\\/mekulo.com\\\/dk\\\/\",\"name\":\"Mekulo DK\",\"description\":\"\",\"publisher\":{\"@id\":\"https:\\\/\\\/mekulo.com\\\/dk\\\/#organization\"},\"potentialAction\":[{\"@type\":\"SearchAction\",\"target\":{\"@type\":\"EntryPoint\",\"urlTemplate\":\"https:\\\/\\\/mekulo.com\\\/dk\\\/?s={search_term_string}\"},\"query-input\":{\"@type\":\"PropertyValueSpecification\",\"valueRequired\":true,\"valueName\":\"search_term_string\"}}],\"inLanguage\":\"da-DK\"},{\"@type\":\"Organization\",\"@id\":\"https:\\\/\\\/mekulo.com\\\/dk\\\/#organization\",\"name\":\"Mekulo\",\"url\":\"https:\\\/\\\/mekulo.com\\\/dk\\\/\",\"logo\":{\"@type\":\"ImageObject\",\"inLanguage\":\"da-DK\",\"@id\":\"https:\\\/\\\/mekulo.com\\\/dk\\\/#\\\/schema\\\/logo\\\/image\\\/\",\"url\":\"https:\\\/\\\/mekulo.com\\\/dk\\\/wp-content\\\/uploads\\\/sites\\\/12\\\/2025\\\/12\\\/favicon_mekulo.png\",\"contentUrl\":\"https:\\\/\\\/mekulo.com\\\/dk\\\/wp-content\\\/uploads\\\/sites\\\/12\\\/2025\\\/12\\\/favicon_mekulo.png\",\"width\":50,\"height\":50,\"caption\":\"Mekulo\"},\"image\":{\"@id\":\"https:\\\/\\\/mekulo.com\\\/dk\\\/#\\\/schema\\\/logo\\\/image\\\/\"}}]}<\/script>\n<!-- \/ Yoast SEO plugin. -->","yoast_head_json":{"title":"Sikker afledning af b\u00f8jle - Mekulo DK","robots":{"index":"index","follow":"follow","max-snippet":"max-snippet:-1","max-image-preview":"max-image-preview:large","max-video-preview":"max-video-preview:-1"},"canonical":"https:\/\/mekulo.com\/dk\/produkt\/sikker-afledning-af-boejle\/","og_locale":"da_DK","og_type":"article","og_title":"Sikker afledning af b\u00f8jle - Mekulo DK","og_description":"\ud83d\udc8dDenne b\u00f8jleafledningsboks ligner en normal b\u00f8jlelomme, men beskytter i al hemmelighed dine kontanter, smykker og sm\u00e5 v\u00e6rdigenstande. \ud83d\udd10Den passer nemt ind i skabe eller bagage, hvilket g\u00f8r den perfekt til hjemmebrug eller rejser uden at tiltr\u00e6kke sig opm\u00e6rksomhed. \ud83c\udfe0En enkel, men smart m\u00e5de at beskytte dine v\u00e6rdigenstande p\u00e5, uden at nogen l\u00e6gger m\u00e6rke til det.","og_url":"https:\/\/mekulo.com\/dk\/produkt\/sikker-afledning-af-boejle\/","og_site_name":"Mekulo DK","article_modified_time":"2026-02-03T15:20:09+00:00","og_image":[{"width":800,"height":800,"url":"https:\/\/mekulo.com\/dk\/wp-content\/uploads\/sites\/12\/2026\/01\/0sta3o6-1.jpeg","type":"image\/jpeg"}],"twitter_card":"summary_large_image","twitter_misc":{"Estimeret l\u00e6setid":"2 minutter"},"schema":{"@context":"https:\/\/schema.org","@graph":[{"@type":"WebPage","@id":"https:\/\/mekulo.com\/dk\/produkt\/sikker-afledning-af-boejle\/","url":"https:\/\/mekulo.com\/dk\/produkt\/sikker-afledning-af-boejle\/","name":"Sikker afledning af b\u00f8jle - Mekulo DK","isPartOf":{"@id":"https:\/\/mekulo.com\/dk\/#website"},"primaryImageOfPage":{"@id":"https:\/\/mekulo.com\/dk\/produkt\/sikker-afledning-af-boejle\/#primaryimage"},"image":{"@id":"https:\/\/mekulo.com\/dk\/produkt\/sikker-afledning-af-boejle\/#primaryimage"},"thumbnailUrl":"https:\/\/mekulo.com\/dk\/wp-content\/uploads\/sites\/12\/2026\/01\/0sta3o6-1.jpeg","datePublished":"2026-01-28T16:46:05+00:00","dateModified":"2026-02-03T15:20:09+00:00","breadcrumb":{"@id":"https:\/\/mekulo.com\/dk\/produkt\/sikker-afledning-af-boejle\/#breadcrumb"},"inLanguage":"da-DK","potentialAction":[{"@type":"ReadAction","target":["https:\/\/mekulo.com\/dk\/produkt\/sikker-afledning-af-boejle\/"]}]},{"@type":"ImageObject","inLanguage":"da-DK","@id":"https:\/\/mekulo.com\/dk\/produkt\/sikker-afledning-af-boejle\/#primaryimage","url":"https:\/\/mekulo.com\/dk\/wp-content\/uploads\/sites\/12\/2026\/01\/0sta3o6-1.jpeg","contentUrl":"https:\/\/mekulo.com\/dk\/wp-content\/uploads\/sites\/12\/2026\/01\/0sta3o6-1.jpeg","width":800,"height":800},{"@type":"BreadcrumbList","@id":"https:\/\/mekulo.com\/dk\/produkt\/sikker-afledning-af-boejle\/#breadcrumb","itemListElement":[{"@type":"ListItem","position":1,"name":"Home","item":"https:\/\/mekulo.com\/dk\/"},{"@type":"ListItem","position":2,"name":"Butik","item":"https:\/\/mekulo.com\/dk\/butik\/"},{"@type":"ListItem","position":3,"name":"Sikker afledning af b\u00f8jle"}]},{"@type":"WebSite","@id":"https:\/\/mekulo.com\/dk\/#website","url":"https:\/\/mekulo.com\/dk\/","name":"Mekulo DK","description":"","publisher":{"@id":"https:\/\/mekulo.com\/dk\/#organization"},"potentialAction":[{"@type":"SearchAction","target":{"@type":"EntryPoint","urlTemplate":"https:\/\/mekulo.com\/dk\/?s={search_term_string}"},"query-input":{"@type":"PropertyValueSpecification","valueRequired":true,"valueName":"search_term_string"}}],"inLanguage":"da-DK"},{"@type":"Organization","@id":"https:\/\/mekulo.com\/dk\/#organization","name":"Mekulo","url":"https:\/\/mekulo.com\/dk\/","logo":{"@type":"ImageObject","inLanguage":"da-DK","@id":"https:\/\/mekulo.com\/dk\/#\/schema\/logo\/image\/","url":"https:\/\/mekulo.com\/dk\/wp-content\/uploads\/sites\/12\/2025\/12\/favicon_mekulo.png","contentUrl":"https:\/\/mekulo.com\/dk\/wp-content\/uploads\/sites\/12\/2025\/12\/favicon_mekulo.png","width":50,"height":50,"caption":"Mekulo"},"image":{"@id":"https:\/\/mekulo.com\/dk\/#\/schema\/logo\/image\/"}}]}},"_links":{"self":[{"href":"https:\/\/mekulo.com\/dk\/wp-json\/wp\/v2\/product\/19973","targetHints":{"allow":["GET"]}}],"collection":[{"href":"https:\/\/mekulo.com\/dk\/wp-json\/wp\/v2\/product"}],"about":[{"href":"https:\/\/mekulo.com\/dk\/wp-json\/wp\/v2\/types\/product"}],"replies":[{"embeddable":true,"href":"https:\/\/mekulo.com\/dk\/wp-json\/wp\/v2\/comments?post=19973"}],"wp:featuredmedia":[{"embeddable":true,"href":"https:\/\/mekulo.com\/dk\/wp-json\/wp\/v2\/media\/19969"}],"wp:attachment":[{"href":"https:\/\/mekulo.com\/dk\/wp-json\/wp\/v2\/media?parent=19973"}],"wp:term":[{"taxonomy":"product_brand","embeddable":true,"href":"https:\/\/mekulo.com\/dk\/wp-json\/wp\/v2\/product_brand?post=19973"},{"taxonomy":"product_cat","embeddable":true,"href":"https:\/\/mekulo.com\/dk\/wp-json\/wp\/v2\/product_cat?post=19973"},{"taxonomy":"product_tag","embeddable":true,"href":"https:\/\/mekulo.com\/dk\/wp-json\/wp\/v2\/product_tag?post=19973"}],"curies":[{"name":"wp","href":"https:\/\/api.w.org\/{rel}","templated":true}]}}