{"id":19941,"date":"2026-01-28T18:41:44","date_gmt":"2026-01-28T16:41:44","guid":{"rendered":"https:\/\/mekulo.com\/dk\/produkt\/farverige-serpentiner-til-festen\/"},"modified":"2026-01-28T18:41:54","modified_gmt":"2026-01-28T16:41:54","slug":"farverige-serpentiner-til-festen","status":"publish","type":"product","link":"https:\/\/mekulo.com\/dk\/produkt\/farverige-serpentiner-til-festen\/","title":{"rendered":"Farverige serpentiner til festen"},"content":{"rendered":"<p style=\"text-align: center\" data-start=\"30\" data-end=\"110\"><strong data-start=\"30\" data-end=\"110\">Skab \u00f8jeblikkelig festsjov med lyse, sv\u00e6vende b\u00e5nd og ingen beskidt oprydning. \ud83e\udd73<\/strong><\/p>\n<p data-start=\"112\" data-end=\"306\"><img fetchpriority=\"high\" decoding=\"async\" class=\"size-full wp-image-21799 aligncenter\" src=\"https:\/\/mekulo.com\/template\/wp-content\/uploads\/sites\/6\/2026\/01\/Sffb5f18e75e14e38ae4cb79de59c36c1R.webp\" alt=\"\" width=\"800\" height=\"800\" \/><\/p>\n<h2 style=\"text-align: center\" data-start=\"313\" data-end=\"333\"><strong>\ud83c\udf89 Hovedfordele<\/strong><\/h2>\n<p data-start=\"335\" data-end=\"427\">\ud83c\udf08 Lys og farverig effekt &#8211; Lange, levende b\u00e5nd skaber et fantastisk syn i luften.<\/p>\n<p data-start=\"429\" data-end=\"506\">\ud83e\uddf9 Oprydning uden rod &#8211; Du skal blot tage fat i den ene ende og tr\u00e6kke serpentinerne sammen.<\/p>\n<p data-start=\"508\" data-end=\"587\">\ud83d\udd25 Flammeh\u00e6mmende materiale &#8211; Lavet af sikkert, flammeh\u00e6mmende silkepapir.<\/p>\n<p data-start=\"589\" data-end=\"673\">\ud83c\udf88 Perfekt til enhver begivenhed &#8211; Perfekt til f\u00f8dselsdage, bryllupper, ferier og fester.<\/p>\n<p data-start=\"589\" data-end=\"673\"><img decoding=\"async\" class=\"size-full wp-image-21800 aligncenter\" src=\"https:\/\/mekulo.com\/template\/wp-content\/uploads\/sites\/6\/2026\/01\/S7bde4bccda004d47bc96ce58c7df20dfR.jpg_960x960q75.jpg_.avif\" alt=\"\" width=\"800\" height=\"800\" \/><\/p>\n<h2 style=\"text-align: center\" data-start=\"739\" data-end=\"756\"><strong>\ud83d\udee0 S\u00e5dan Bruges<\/strong><\/h2>\n<ol data-start=\"758\" data-end=\"975\">\n<li data-start=\"758\" data-end=\"803\">\n<p data-start=\"761\" data-end=\"803\">Stik fingeren gennem ringh\u00e5ndtaget.<\/p>\n<\/li>\n<li data-start=\"804\" data-end=\"836\">\n<p data-start=\"807\" data-end=\"836\">Tr\u00e6k bagpapiret af.<\/p>\n<\/li>\n<li data-start=\"837\" data-end=\"889\">\n<p data-start=\"840\" data-end=\"889\">Kast streameren opad i en 45-graders vinkel.<\/p>\n<\/li>\n<li data-start=\"890\" data-end=\"928\">\n<p data-start=\"893\" data-end=\"928\">Nyd den farverige b\u00e5ndeffekt.<\/p>\n<\/li>\n<li data-start=\"929\" data-end=\"975\">\n<p data-start=\"932\" data-end=\"975\">Tr\u00e6k i den ene ende for nemt at samle og rydde op.<\/p>\n<\/li>\n<\/ol>\n<h2 style=\"text-align: center\" data-start=\"982\" data-end=\"1004\"><strong>\ud83d\udccc Produktdetaljer<\/strong><\/h2>\n<ul data-start=\"1006\" data-end=\"1190\">\n<li data-start=\"1006\" data-end=\"1048\">\n<p data-start=\"1008\" data-end=\"1048\">Materiale: Flammeh\u00e6mmende silkepapir<\/p>\n<\/li>\n<li data-start=\"1049\" data-end=\"1092\">\n<p data-start=\"1051\" data-end=\"1092\">B\u00e5ndl\u00e6ngde: Ca. 5 m pr. b\u00e5nd<\/p>\n<\/li>\n<li data-start=\"1154\" data-end=\"1190\">\n<p data-start=\"1156\" data-end=\"1190\">Type: H\u00e5ndkastede partystreamers<\/p>\n<\/li>\n<li data-start=\"1154\" data-end=\"1190\">St\u00f8rrelse: 8,7 x 5,5 cm<\/li>\n<\/ul>\n<h2 style=\"text-align: center\" data-start=\"1197\" data-end=\"1220\"><strong>\ud83d\udce6 Pakken Indeholder<\/strong><\/h2>\n<ul data-start=\"1222\" data-end=\"1271\">\n<li data-start=\"1222\" data-end=\"1271\">\n<p data-start=\"1224\" data-end=\"1271\">10, 20, 40x farverige partystreamers.<\/p>\n<\/li>\n<\/ul>\n","protected":false},"excerpt":{"rendered":"<p><span style=\"font-size: 16px;font-style: normal;font-weight: 400\">\ud83c\udf8a<\/span>Disse h\u00e5ndkastede farverige partystreamers tilf\u00f8jer en farverig og sp\u00e6ndende effekt til enhver fest.<br \/>\n\ud83e\uddf9De er nemme at bruge, nemme at reng\u00f8re og perfekte til folk, der vil have det sjove ved konfetti uden rod.<br \/>\n\ud83c\udf80En sjov, farverig og rodfri m\u00e5de at bringe energi og sp\u00e6nding til enhver fest.<\/p>\n","protected":false},"featured_media":19937,"comment_status":"open","ping_status":"closed","template":"","meta":{"site-sidebar-layout":"default","site-content-layout":"","ast-site-content-layout":"default","site-content-style":"default","site-sidebar-style":"default","ast-global-header-display":"","ast-banner-title-visibility":"","ast-main-header-display":"","ast-hfb-above-header-display":"","ast-hfb-below-header-display":"","ast-hfb-mobile-header-display":"","site-post-title":"","ast-breadcrumbs-content":"","ast-featured-img":"","footer-sml-layout":"","ast-disable-related-posts":"","theme-transparent-header-meta":"default","adv-header-id-meta":"","stick-header-meta":"","header-above-stick-meta":"","header-main-stick-meta":"","header-below-stick-meta":"","astra-migrate-meta-layouts":"set","ast-page-background-enabled":"default","ast-page-background-meta":{"desktop":{"background-color":"var(--ast-global-color-5)","background-image":"","background-repeat":"repeat","background-position":"center center","background-size":"auto","background-attachment":"scroll","background-type":"","background-media":"","overlay-type":"","overlay-color":"","overlay-opacity":"","overlay-gradient":""},"tablet":{"background-color":"","background-image":"","background-repeat":"repeat","background-position":"center center","background-size":"auto","background-attachment":"scroll","background-type":"","background-media":"","overlay-type":"","overlay-color":"","overlay-opacity":"","overlay-gradient":""},"mobile":{"background-color":"","background-image":"","background-repeat":"repeat","background-position":"center center","background-size":"auto","background-attachment":"scroll","background-type":"","background-media":"","overlay-type":"","overlay-color":"","overlay-opacity":"","overlay-gradient":""}},"ast-content-background-meta":{"desktop":{"background-color":"var(--ast-global-color-4)","background-image":"","background-repeat":"repeat","background-position":"center center","background-size":"auto","background-attachment":"scroll","background-type":"","background-media":"","overlay-type":"","overlay-color":"","overlay-opacity":"","overlay-gradient":""},"tablet":{"background-color":"var(--ast-global-color-4)","background-image":"","background-repeat":"repeat","background-position":"center center","background-size":"auto","background-attachment":"scroll","background-type":"","background-media":"","overlay-type":"","overlay-color":"","overlay-opacity":"","overlay-gradient":""},"mobile":{"background-color":"var(--ast-global-color-4)","background-image":"","background-repeat":"repeat","background-position":"center center","background-size":"auto","background-attachment":"scroll","background-type":"","background-media":"","overlay-type":"","overlay-color":"","overlay-opacity":"","overlay-gradient":""}}},"product_brand":[],"product_cat":[168],"product_tag":[],"class_list":{"0":"post-19941","1":"product","2":"type-product","3":"status-publish","4":"has-post-thumbnail","6":"product_cat-husholdningsartikler","7":"pa_51630_4x56mpj6-10-stk","8":"pa_51630_4x56mpj6-20-stk","9":"pa_51630_4x56mpj6-40-stk","10":"desktop-align-left","11":"tablet-align-left","12":"mobile-align-left","14":"first","15":"instock","16":"shipping-taxable","17":"purchasable","18":"product-type-variable"},"yoast_head":"<!-- This site is optimized with the Yoast SEO plugin v27.4 - https:\/\/yoast.com\/product\/yoast-seo-wordpress\/ -->\n<title>Farverige serpentiner til festen - Mekulo DK<\/title>\n<meta name=\"robots\" content=\"index, follow, max-snippet:-1, max-image-preview:large, max-video-preview:-1\" \/>\n<link rel=\"canonical\" href=\"https:\/\/mekulo.com\/dk\/produkt\/farverige-serpentiner-til-festen\/\" \/>\n<meta property=\"og:locale\" content=\"fi_FI\" \/>\n<meta property=\"og:type\" content=\"article\" \/>\n<meta property=\"og:title\" content=\"Farverige serpentiner til festen - Mekulo DK\" \/>\n<meta property=\"og:description\" content=\"\ud83c\udf8aDisse h\u00e5ndkastede farverige partystreamers tilf\u00f8jer en farverig og sp\u00e6ndende effekt til enhver fest. \ud83e\uddf9De er nemme at bruge, nemme at reng\u00f8re og perfekte til folk, der vil have det sjove ved konfetti uden rod. \ud83c\udf80En sjov, farverig og rodfri m\u00e5de at bringe energi og sp\u00e6nding til enhver fest.\" \/>\n<meta property=\"og:url\" content=\"https:\/\/mekulo.com\/dk\/produkt\/farverige-serpentiner-til-festen\/\" \/>\n<meta property=\"og:site_name\" content=\"Mekulo DK\" \/>\n<meta property=\"article:modified_time\" content=\"2026-01-28T16:41:54+00:00\" \/>\n<meta property=\"og:image\" content=\"https:\/\/mekulo.com\/dk\/wp-content\/uploads\/sites\/12\/2026\/01\/7ueesun-1.webp\" \/>\n\t<meta property=\"og:image:width\" content=\"800\" \/>\n\t<meta property=\"og:image:height\" content=\"800\" \/>\n\t<meta property=\"og:image:type\" content=\"image\/webp\" \/>\n<meta name=\"twitter:card\" content=\"summary_large_image\" \/>\n<meta name=\"twitter:label1\" content=\"Arvioitu lukuaika\" \/>\n\t<meta name=\"twitter:data1\" content=\"2 minuuttia\" \/>\n<script type=\"application\/ld+json\" class=\"yoast-schema-graph\">{\"@context\":\"https:\\\/\\\/schema.org\",\"@graph\":[{\"@type\":\"WebPage\",\"@id\":\"https:\\\/\\\/mekulo.com\\\/dk\\\/produkt\\\/farverige-serpentiner-til-festen\\\/\",\"url\":\"https:\\\/\\\/mekulo.com\\\/dk\\\/produkt\\\/farverige-serpentiner-til-festen\\\/\",\"name\":\"Farverige serpentiner til festen - Mekulo DK\",\"isPartOf\":{\"@id\":\"https:\\\/\\\/mekulo.com\\\/dk\\\/#website\"},\"primaryImageOfPage\":{\"@id\":\"https:\\\/\\\/mekulo.com\\\/dk\\\/produkt\\\/farverige-serpentiner-til-festen\\\/#primaryimage\"},\"image\":{\"@id\":\"https:\\\/\\\/mekulo.com\\\/dk\\\/produkt\\\/farverige-serpentiner-til-festen\\\/#primaryimage\"},\"thumbnailUrl\":\"https:\\\/\\\/mekulo.com\\\/dk\\\/wp-content\\\/uploads\\\/sites\\\/12\\\/2026\\\/01\\\/7ueesun-1.webp\",\"datePublished\":\"2026-01-28T16:41:44+00:00\",\"dateModified\":\"2026-01-28T16:41:54+00:00\",\"breadcrumb\":{\"@id\":\"https:\\\/\\\/mekulo.com\\\/dk\\\/produkt\\\/farverige-serpentiner-til-festen\\\/#breadcrumb\"},\"inLanguage\":\"fi\",\"potentialAction\":[{\"@type\":\"ReadAction\",\"target\":[\"https:\\\/\\\/mekulo.com\\\/dk\\\/produkt\\\/farverige-serpentiner-til-festen\\\/\"]}]},{\"@type\":\"ImageObject\",\"inLanguage\":\"fi\",\"@id\":\"https:\\\/\\\/mekulo.com\\\/dk\\\/produkt\\\/farverige-serpentiner-til-festen\\\/#primaryimage\",\"url\":\"https:\\\/\\\/mekulo.com\\\/dk\\\/wp-content\\\/uploads\\\/sites\\\/12\\\/2026\\\/01\\\/7ueesun-1.webp\",\"contentUrl\":\"https:\\\/\\\/mekulo.com\\\/dk\\\/wp-content\\\/uploads\\\/sites\\\/12\\\/2026\\\/01\\\/7ueesun-1.webp\",\"width\":800,\"height\":800},{\"@type\":\"BreadcrumbList\",\"@id\":\"https:\\\/\\\/mekulo.com\\\/dk\\\/produkt\\\/farverige-serpentiner-til-festen\\\/#breadcrumb\",\"itemListElement\":[{\"@type\":\"ListItem\",\"position\":1,\"name\":\"Home\",\"item\":\"https:\\\/\\\/mekulo.com\\\/dk\\\/\"},{\"@type\":\"ListItem\",\"position\":2,\"name\":\"Butik\",\"item\":\"https:\\\/\\\/mekulo.com\\\/dk\\\/butik\\\/\"},{\"@type\":\"ListItem\",\"position\":3,\"name\":\"Farverige serpentiner til festen\"}]},{\"@type\":\"WebSite\",\"@id\":\"https:\\\/\\\/mekulo.com\\\/dk\\\/#website\",\"url\":\"https:\\\/\\\/mekulo.com\\\/dk\\\/\",\"name\":\"Mekulo DK\",\"description\":\"\",\"publisher\":{\"@id\":\"https:\\\/\\\/mekulo.com\\\/dk\\\/#organization\"},\"potentialAction\":[{\"@type\":\"SearchAction\",\"target\":{\"@type\":\"EntryPoint\",\"urlTemplate\":\"https:\\\/\\\/mekulo.com\\\/dk\\\/?s={search_term_string}\"},\"query-input\":{\"@type\":\"PropertyValueSpecification\",\"valueRequired\":true,\"valueName\":\"search_term_string\"}}],\"inLanguage\":\"fi\"},{\"@type\":\"Organization\",\"@id\":\"https:\\\/\\\/mekulo.com\\\/dk\\\/#organization\",\"name\":\"Mekulo\",\"url\":\"https:\\\/\\\/mekulo.com\\\/dk\\\/\",\"logo\":{\"@type\":\"ImageObject\",\"inLanguage\":\"fi\",\"@id\":\"https:\\\/\\\/mekulo.com\\\/dk\\\/#\\\/schema\\\/logo\\\/image\\\/\",\"url\":\"https:\\\/\\\/mekulo.com\\\/dk\\\/wp-content\\\/uploads\\\/sites\\\/12\\\/2025\\\/12\\\/favicon_mekulo.png\",\"contentUrl\":\"https:\\\/\\\/mekulo.com\\\/dk\\\/wp-content\\\/uploads\\\/sites\\\/12\\\/2025\\\/12\\\/favicon_mekulo.png\",\"width\":50,\"height\":50,\"caption\":\"Mekulo\"},\"image\":{\"@id\":\"https:\\\/\\\/mekulo.com\\\/dk\\\/#\\\/schema\\\/logo\\\/image\\\/\"}}]}<\/script>\n<!-- \/ Yoast SEO plugin. -->","yoast_head_json":{"title":"Farverige serpentiner til festen - Mekulo DK","robots":{"index":"index","follow":"follow","max-snippet":"max-snippet:-1","max-image-preview":"max-image-preview:large","max-video-preview":"max-video-preview:-1"},"canonical":"https:\/\/mekulo.com\/dk\/produkt\/farverige-serpentiner-til-festen\/","og_locale":"fi_FI","og_type":"article","og_title":"Farverige serpentiner til festen - Mekulo DK","og_description":"\ud83c\udf8aDisse h\u00e5ndkastede farverige partystreamers tilf\u00f8jer en farverig og sp\u00e6ndende effekt til enhver fest. \ud83e\uddf9De er nemme at bruge, nemme at reng\u00f8re og perfekte til folk, der vil have det sjove ved konfetti uden rod. \ud83c\udf80En sjov, farverig og rodfri m\u00e5de at bringe energi og sp\u00e6nding til enhver fest.","og_url":"https:\/\/mekulo.com\/dk\/produkt\/farverige-serpentiner-til-festen\/","og_site_name":"Mekulo DK","article_modified_time":"2026-01-28T16:41:54+00:00","og_image":[{"width":800,"height":800,"url":"https:\/\/mekulo.com\/dk\/wp-content\/uploads\/sites\/12\/2026\/01\/7ueesun-1.webp","type":"image\/webp"}],"twitter_card":"summary_large_image","twitter_misc":{"Arvioitu lukuaika":"2 minuuttia"},"schema":{"@context":"https:\/\/schema.org","@graph":[{"@type":"WebPage","@id":"https:\/\/mekulo.com\/dk\/produkt\/farverige-serpentiner-til-festen\/","url":"https:\/\/mekulo.com\/dk\/produkt\/farverige-serpentiner-til-festen\/","name":"Farverige serpentiner til festen - Mekulo DK","isPartOf":{"@id":"https:\/\/mekulo.com\/dk\/#website"},"primaryImageOfPage":{"@id":"https:\/\/mekulo.com\/dk\/produkt\/farverige-serpentiner-til-festen\/#primaryimage"},"image":{"@id":"https:\/\/mekulo.com\/dk\/produkt\/farverige-serpentiner-til-festen\/#primaryimage"},"thumbnailUrl":"https:\/\/mekulo.com\/dk\/wp-content\/uploads\/sites\/12\/2026\/01\/7ueesun-1.webp","datePublished":"2026-01-28T16:41:44+00:00","dateModified":"2026-01-28T16:41:54+00:00","breadcrumb":{"@id":"https:\/\/mekulo.com\/dk\/produkt\/farverige-serpentiner-til-festen\/#breadcrumb"},"inLanguage":"fi","potentialAction":[{"@type":"ReadAction","target":["https:\/\/mekulo.com\/dk\/produkt\/farverige-serpentiner-til-festen\/"]}]},{"@type":"ImageObject","inLanguage":"fi","@id":"https:\/\/mekulo.com\/dk\/produkt\/farverige-serpentiner-til-festen\/#primaryimage","url":"https:\/\/mekulo.com\/dk\/wp-content\/uploads\/sites\/12\/2026\/01\/7ueesun-1.webp","contentUrl":"https:\/\/mekulo.com\/dk\/wp-content\/uploads\/sites\/12\/2026\/01\/7ueesun-1.webp","width":800,"height":800},{"@type":"BreadcrumbList","@id":"https:\/\/mekulo.com\/dk\/produkt\/farverige-serpentiner-til-festen\/#breadcrumb","itemListElement":[{"@type":"ListItem","position":1,"name":"Home","item":"https:\/\/mekulo.com\/dk\/"},{"@type":"ListItem","position":2,"name":"Butik","item":"https:\/\/mekulo.com\/dk\/butik\/"},{"@type":"ListItem","position":3,"name":"Farverige serpentiner til festen"}]},{"@type":"WebSite","@id":"https:\/\/mekulo.com\/dk\/#website","url":"https:\/\/mekulo.com\/dk\/","name":"Mekulo DK","description":"","publisher":{"@id":"https:\/\/mekulo.com\/dk\/#organization"},"potentialAction":[{"@type":"SearchAction","target":{"@type":"EntryPoint","urlTemplate":"https:\/\/mekulo.com\/dk\/?s={search_term_string}"},"query-input":{"@type":"PropertyValueSpecification","valueRequired":true,"valueName":"search_term_string"}}],"inLanguage":"fi"},{"@type":"Organization","@id":"https:\/\/mekulo.com\/dk\/#organization","name":"Mekulo","url":"https:\/\/mekulo.com\/dk\/","logo":{"@type":"ImageObject","inLanguage":"fi","@id":"https:\/\/mekulo.com\/dk\/#\/schema\/logo\/image\/","url":"https:\/\/mekulo.com\/dk\/wp-content\/uploads\/sites\/12\/2025\/12\/favicon_mekulo.png","contentUrl":"https:\/\/mekulo.com\/dk\/wp-content\/uploads\/sites\/12\/2025\/12\/favicon_mekulo.png","width":50,"height":50,"caption":"Mekulo"},"image":{"@id":"https:\/\/mekulo.com\/dk\/#\/schema\/logo\/image\/"}}]}},"_links":{"self":[{"href":"https:\/\/mekulo.com\/dk\/wp-json\/wp\/v2\/product\/19941","targetHints":{"allow":["GET"]}}],"collection":[{"href":"https:\/\/mekulo.com\/dk\/wp-json\/wp\/v2\/product"}],"about":[{"href":"https:\/\/mekulo.com\/dk\/wp-json\/wp\/v2\/types\/product"}],"replies":[{"embeddable":true,"href":"https:\/\/mekulo.com\/dk\/wp-json\/wp\/v2\/comments?post=19941"}],"wp:featuredmedia":[{"embeddable":true,"href":"https:\/\/mekulo.com\/dk\/wp-json\/wp\/v2\/media\/19937"}],"wp:attachment":[{"href":"https:\/\/mekulo.com\/dk\/wp-json\/wp\/v2\/media?parent=19941"}],"wp:term":[{"taxonomy":"product_brand","embeddable":true,"href":"https:\/\/mekulo.com\/dk\/wp-json\/wp\/v2\/product_brand?post=19941"},{"taxonomy":"product_cat","embeddable":true,"href":"https:\/\/mekulo.com\/dk\/wp-json\/wp\/v2\/product_cat?post=19941"},{"taxonomy":"product_tag","embeddable":true,"href":"https:\/\/mekulo.com\/dk\/wp-json\/wp\/v2\/product_tag?post=19941"}],"curies":[{"name":"wp","href":"https:\/\/api.w.org\/{rel}","templated":true}]}}