{"id":19916,"date":"2026-01-28T18:39:50","date_gmt":"2026-01-28T16:39:50","guid":{"rendered":"https:\/\/mekulo.com\/dk\/produkt\/crossbody-taske-med-flere-lommer\/"},"modified":"2026-02-03T17:20:14","modified_gmt":"2026-02-03T15:20:14","slug":"crossbody-taske-med-flere-lommer","status":"publish","type":"product","link":"https:\/\/mekulo.com\/dk\/produkt\/crossbody-taske-med-flere-lommer\/","title":{"rendered":"Crossbody-taske med flere lommer"},"content":{"rendered":"<p style=\"text-align: center\" data-start=\"32\" data-end=\"92\"><strong data-start=\"32\" data-end=\"92\">Medbring alt, hvad du har brug for, i en stilfuld, organiseret taske. \ud83d\udc5c<\/strong><\/p>\n<p data-start=\"32\" data-end=\"92\"><img decoding=\"async\" class=\"size-full wp-image-21775 aligncenter\" src=\"https:\/\/mekulo.com\/template\/wp-content\/uploads\/sites\/6\/2026\/01\/ab44096e03a70677326038eb2adeb1033c2a4567-700.avif\" alt=\"\" \/><\/p>\n<h2 style=\"text-align: center\" data-start=\"345\" data-end=\"364\"><strong>Hovedfordele<\/strong><\/h2>\n<p data-start=\"366\" data-end=\"449\">\ud83c\udf92 7 smarte lommer &#8211; Holder styr p\u00e5 telefon, pung, n\u00f8gler og tilbeh\u00f8r.<\/p>\n<p data-start=\"451\" data-end=\"536\">\ud83d\udca7 Vandafvisende nylon &#8211; Beskytter dine ejendele mod let regn og st\u00e6nk.<\/p>\n<p data-start=\"538\" data-end=\"616\">\ud83d\udce6 Stor kapacitet &#8211; Rummelig nok til b\u00f8ger, paraply, gymnastikt\u00f8j og meget mere.<\/p>\n<p data-start=\"618\" data-end=\"692\">\ud83d\udd01 Justerbar og alsidig &#8211; Brug den som skuldertaske eller crossbody-taske.<\/p>\n<p data-start=\"694\" data-end=\"779\">\ud83c\udf81 Stilfuld og gaveklar &#8211; Moderne look, der er en perfekt gave til enhver lejlighed.<\/p>\n<p data-start=\"694\" data-end=\"779\"><img decoding=\"async\" class=\"size-full wp-image-21777 aligncenter\" src=\"https:\/\/mekulo.com\/template\/wp-content\/uploads\/sites\/6\/2026\/01\/3e4cccab64abd9fb19a59b9d3ffce064dab6957d-700.avif\" alt=\"\" \/><\/p>\n<h2 style=\"text-align: center\" data-start=\"786\" data-end=\"803\"><strong>S\u00e5dan Bruges<\/strong><\/h2>\n<ol data-start=\"805\" data-end=\"1031\">\n<li data-start=\"805\" data-end=\"861\">\n<p data-start=\"808\" data-end=\"861\">Juster skulderremmen til din foretrukne l\u00e6ngde.<\/p>\n<\/li>\n<li data-start=\"862\" data-end=\"917\">\n<p data-start=\"865\" data-end=\"917\">Placer ting i hovedrummet og lommerne.<\/p>\n<\/li>\n<li data-start=\"918\" data-end=\"973\">\n<p data-start=\"921\" data-end=\"973\">Brug side- og forlommer til hurtigt tilg\u00e6ngelige ting.<\/p>\n<\/li>\n<li data-start=\"974\" data-end=\"1031\">\n<p data-start=\"977\" data-end=\"1031\">Lyn op sikkert og b\u00e6r crossbody eller p\u00e5 skulderen.<\/p>\n<\/li>\n<\/ol>\n<h2 style=\"text-align: center\" data-start=\"1038\" data-end=\"1060\"><strong>Produktdetaljer<\/strong><\/h2>\n<ul data-start=\"1062\" data-end=\"1389\">\n<li data-start=\"1062\" data-end=\"1110\">\n<p data-start=\"1064\" data-end=\"1110\">Materiale: Let, vandafvisende nylon<\/p>\n<\/li>\n<li data-start=\"1111\" data-end=\"1142\">\n<p data-start=\"1113\" data-end=\"1142\">St\u00f8rrelse: 37 x 26 cm<\/p>\n<\/li>\n<li data-start=\"1194\" data-end=\"1219\">\n<p data-start=\"1196\" data-end=\"1219\">H\u00e5ndtagsh\u00f8jde: 30 cm<\/p>\n<\/li>\n<li data-start=\"1220\" data-end=\"1389\">\n<p data-start=\"1222\" data-end=\"1232\">Lommer:<\/p>\n<ul data-start=\"1235\" data-end=\"1389\">\n<li data-start=\"1235\" data-end=\"1284\">\n<p data-start=\"1237\" data-end=\"1284\">Udvendigt: 2 sidelommer, 2 lynl\u00e5slommer foran<\/p>\n<\/li>\n<li data-start=\"1287\" data-end=\"1348\">\n<p data-start=\"1289\" data-end=\"1348\">Indvendigt: 1 hovedrum med velcro + 2 \u00e5bne lommer<\/p>\n<\/li>\n<li data-start=\"1351\" data-end=\"1389\">\n<p data-start=\"1353\" data-end=\"1389\">Udvidelig sidelomme med lynl\u00e5s<\/p>\n<\/li>\n<\/ul>\n<\/li>\n<\/ul>\n<h2 style=\"text-align: center\" data-start=\"1396\" data-end=\"1419\"><strong>Pakken Indeholder<\/strong><\/h2>\n<ul data-start=\"1421\" data-end=\"1455\">\n<li data-start=\"1421\" data-end=\"1455\">\n<p data-start=\"1423\" data-end=\"1455\">1x crossbody-taske med flere lommer.<\/p>\n<\/li>\n<\/ul>\n","protected":false},"excerpt":{"rendered":"<p>\ud83d\udc5dDenne crossbody-taske med flere lommer er designet til at holde dine daglige forn\u00f8denheder p\u00e6nt arrangeret, samtidig med at den er let og behagelig.<br \/>\n\ud83d\udc5bMed syv smarte lommer og et rummeligt indre er den perfekt til rejser, arbejde, shopping eller hverdagsudflugter.<br \/>\n\ud83c\udf80En praktisk, behagelig og stilfuld taske, der holder alt p\u00e5 plads &#8211; perfekt til dagligdagen og \u00f8jeblikke p\u00e5 farten.<\/p>\n","protected":false},"featured_media":19912,"comment_status":"open","ping_status":"closed","template":"","meta":{"site-sidebar-layout":"default","site-content-layout":"","ast-site-content-layout":"default","site-content-style":"default","site-sidebar-style":"default","ast-global-header-display":"","ast-banner-title-visibility":"","ast-main-header-display":"","ast-hfb-above-header-display":"","ast-hfb-below-header-display":"","ast-hfb-mobile-header-display":"","site-post-title":"","ast-breadcrumbs-content":"","ast-featured-img":"","footer-sml-layout":"","theme-transparent-header-meta":"default","adv-header-id-meta":"","stick-header-meta":"","header-above-stick-meta":"","header-main-stick-meta":"","header-below-stick-meta":"","astra-migrate-meta-layouts":"set","ast-page-background-enabled":"default","ast-page-background-meta":{"desktop":{"background-color":"var(--ast-global-color-5)","background-image":"","background-repeat":"repeat","background-position":"center center","background-size":"auto","background-attachment":"scroll","background-type":"","background-media":"","overlay-type":"","overlay-color":"","overlay-opacity":"","overlay-gradient":""},"tablet":{"background-color":"","background-image":"","background-repeat":"repeat","background-position":"center center","background-size":"auto","background-attachment":"scroll","background-type":"","background-media":"","overlay-type":"","overlay-color":"","overlay-opacity":"","overlay-gradient":""},"mobile":{"background-color":"","background-image":"","background-repeat":"repeat","background-position":"center center","background-size":"auto","background-attachment":"scroll","background-type":"","background-media":"","overlay-type":"","overlay-color":"","overlay-opacity":"","overlay-gradient":""}},"ast-content-background-meta":{"desktop":{"background-color":"var(--ast-global-color-4)","background-image":"","background-repeat":"repeat","background-position":"center center","background-size":"auto","background-attachment":"scroll","background-type":"","background-media":"","overlay-type":"","overlay-color":"","overlay-opacity":"","overlay-gradient":""},"tablet":{"background-color":"var(--ast-global-color-4)","background-image":"","background-repeat":"repeat","background-position":"center center","background-size":"auto","background-attachment":"scroll","background-type":"","background-media":"","overlay-type":"","overlay-color":"","overlay-opacity":"","overlay-gradient":""},"mobile":{"background-color":"var(--ast-global-color-4)","background-image":"","background-repeat":"repeat","background-position":"center center","background-size":"auto","background-attachment":"scroll","background-type":"","background-media":"","overlay-type":"","overlay-color":"","overlay-opacity":"","overlay-gradient":""}}},"product_brand":[],"product_cat":[165,164],"product_tag":[],"class_list":{"0":"post-19916","1":"product","2":"type-product","3":"status-publish","4":"has-post-thumbnail","6":"product_cat-fodtoej-tilbehoer","7":"product_cat-toej-til-kvinder","8":"pa_51624_6gq301a5-beige","9":"pa_51624_6gq301a5-blaa","10":"pa_51624_6gq301a5-graa","11":"pa_51624_6gq301a5-khaki","12":"pa_51624_6gq301a5-lilla","13":"pa_51624_6gq301a5-moerk-kaffe","14":"pa_51624_6gq301a5-olivengroen","15":"pa_51624_6gq301a5-sort","16":"desktop-align-left","17":"tablet-align-left","18":"mobile-align-left","20":"first","21":"instock","22":"shipping-taxable","23":"purchasable","24":"product-type-variable"},"yoast_head":"<!-- This site is optimized with the Yoast SEO plugin v26.6 - https:\/\/yoast.com\/wordpress\/plugins\/seo\/ -->\n<title>Crossbody-taske med flere lommer - Mekulo DK<\/title>\n<meta name=\"robots\" content=\"index, follow, max-snippet:-1, max-image-preview:large, max-video-preview:-1\" \/>\n<link rel=\"canonical\" href=\"https:\/\/mekulo.com\/dk\/produkt\/crossbody-taske-med-flere-lommer\/\" \/>\n<meta property=\"og:locale\" content=\"da_DK\" \/>\n<meta property=\"og:type\" content=\"article\" \/>\n<meta property=\"og:title\" content=\"Crossbody-taske med flere lommer - Mekulo DK\" \/>\n<meta property=\"og:description\" content=\"\ud83d\udc5dDenne crossbody-taske med flere lommer er designet til at holde dine daglige forn\u00f8denheder p\u00e6nt arrangeret, samtidig med at den er let og behagelig. \ud83d\udc5bMed syv smarte lommer og et rummeligt indre er den perfekt til rejser, arbejde, shopping eller hverdagsudflugter. \ud83c\udf80En praktisk, behagelig og stilfuld taske, der holder alt p\u00e5 plads - perfekt til dagligdagen og \u00f8jeblikke p\u00e5 farten.\" \/>\n<meta property=\"og:url\" content=\"https:\/\/mekulo.com\/dk\/produkt\/crossbody-taske-med-flere-lommer\/\" \/>\n<meta property=\"og:site_name\" content=\"Mekulo DK\" \/>\n<meta property=\"article:modified_time\" content=\"2026-02-03T15:20:14+00:00\" \/>\n<meta property=\"og:image\" content=\"https:\/\/mekulo.com\/dk\/wp-content\/uploads\/sites\/12\/2026\/01\/k1f5hep-1.jpg\" \/>\n\t<meta property=\"og:image:width\" content=\"700\" \/>\n\t<meta property=\"og:image:height\" content=\"700\" \/>\n\t<meta property=\"og:image:type\" content=\"image\/jpeg\" \/>\n<meta name=\"twitter:card\" content=\"summary_large_image\" \/>\n<meta name=\"twitter:label1\" content=\"Estimeret l\u00e6setid\" \/>\n\t<meta name=\"twitter:data1\" content=\"2 minutter\" \/>\n<script type=\"application\/ld+json\" class=\"yoast-schema-graph\">{\"@context\":\"https:\/\/schema.org\",\"@graph\":[{\"@type\":\"WebPage\",\"@id\":\"https:\/\/mekulo.com\/dk\/produkt\/crossbody-taske-med-flere-lommer\/\",\"url\":\"https:\/\/mekulo.com\/dk\/produkt\/crossbody-taske-med-flere-lommer\/\",\"name\":\"Crossbody-taske med flere lommer - Mekulo DK\",\"isPartOf\":{\"@id\":\"https:\/\/mekulo.com\/dk\/#website\"},\"primaryImageOfPage\":{\"@id\":\"https:\/\/mekulo.com\/dk\/produkt\/crossbody-taske-med-flere-lommer\/#primaryimage\"},\"image\":{\"@id\":\"https:\/\/mekulo.com\/dk\/produkt\/crossbody-taske-med-flere-lommer\/#primaryimage\"},\"thumbnailUrl\":\"https:\/\/mekulo.com\/dk\/wp-content\/uploads\/sites\/12\/2026\/01\/k1f5hep-1.jpg\",\"datePublished\":\"2026-01-28T16:39:50+00:00\",\"dateModified\":\"2026-02-03T15:20:14+00:00\",\"breadcrumb\":{\"@id\":\"https:\/\/mekulo.com\/dk\/produkt\/crossbody-taske-med-flere-lommer\/#breadcrumb\"},\"inLanguage\":\"da-DK\",\"potentialAction\":[{\"@type\":\"ReadAction\",\"target\":[\"https:\/\/mekulo.com\/dk\/produkt\/crossbody-taske-med-flere-lommer\/\"]}]},{\"@type\":\"ImageObject\",\"inLanguage\":\"da-DK\",\"@id\":\"https:\/\/mekulo.com\/dk\/produkt\/crossbody-taske-med-flere-lommer\/#primaryimage\",\"url\":\"https:\/\/mekulo.com\/dk\/wp-content\/uploads\/sites\/12\/2026\/01\/k1f5hep-1.jpg\",\"contentUrl\":\"https:\/\/mekulo.com\/dk\/wp-content\/uploads\/sites\/12\/2026\/01\/k1f5hep-1.jpg\",\"width\":700,\"height\":700},{\"@type\":\"BreadcrumbList\",\"@id\":\"https:\/\/mekulo.com\/dk\/produkt\/crossbody-taske-med-flere-lommer\/#breadcrumb\",\"itemListElement\":[{\"@type\":\"ListItem\",\"position\":1,\"name\":\"Home\",\"item\":\"https:\/\/mekulo.com\/dk\/\"},{\"@type\":\"ListItem\",\"position\":2,\"name\":\"Butik\",\"item\":\"https:\/\/mekulo.com\/dk\/butik\/\"},{\"@type\":\"ListItem\",\"position\":3,\"name\":\"Crossbody-taske med flere lommer\"}]},{\"@type\":\"WebSite\",\"@id\":\"https:\/\/mekulo.com\/dk\/#website\",\"url\":\"https:\/\/mekulo.com\/dk\/\",\"name\":\"Mekulo DK\",\"description\":\"\",\"publisher\":{\"@id\":\"https:\/\/mekulo.com\/dk\/#organization\"},\"potentialAction\":[{\"@type\":\"SearchAction\",\"target\":{\"@type\":\"EntryPoint\",\"urlTemplate\":\"https:\/\/mekulo.com\/dk\/?s={search_term_string}\"},\"query-input\":{\"@type\":\"PropertyValueSpecification\",\"valueRequired\":true,\"valueName\":\"search_term_string\"}}],\"inLanguage\":\"da-DK\"},{\"@type\":\"Organization\",\"@id\":\"https:\/\/mekulo.com\/dk\/#organization\",\"name\":\"Mekulo\",\"url\":\"https:\/\/mekulo.com\/dk\/\",\"logo\":{\"@type\":\"ImageObject\",\"inLanguage\":\"da-DK\",\"@id\":\"https:\/\/mekulo.com\/dk\/#\/schema\/logo\/image\/\",\"url\":\"https:\/\/mekulo.com\/dk\/wp-content\/uploads\/sites\/12\/2025\/12\/favicon_mekulo.png\",\"contentUrl\":\"https:\/\/mekulo.com\/dk\/wp-content\/uploads\/sites\/12\/2025\/12\/favicon_mekulo.png\",\"width\":50,\"height\":50,\"caption\":\"Mekulo\"},\"image\":{\"@id\":\"https:\/\/mekulo.com\/dk\/#\/schema\/logo\/image\/\"}}]}<\/script>\n<!-- \/ Yoast SEO plugin. -->","yoast_head_json":{"title":"Crossbody-taske med flere lommer - Mekulo DK","robots":{"index":"index","follow":"follow","max-snippet":"max-snippet:-1","max-image-preview":"max-image-preview:large","max-video-preview":"max-video-preview:-1"},"canonical":"https:\/\/mekulo.com\/dk\/produkt\/crossbody-taske-med-flere-lommer\/","og_locale":"da_DK","og_type":"article","og_title":"Crossbody-taske med flere lommer - Mekulo DK","og_description":"\ud83d\udc5dDenne crossbody-taske med flere lommer er designet til at holde dine daglige forn\u00f8denheder p\u00e6nt arrangeret, samtidig med at den er let og behagelig. \ud83d\udc5bMed syv smarte lommer og et rummeligt indre er den perfekt til rejser, arbejde, shopping eller hverdagsudflugter. \ud83c\udf80En praktisk, behagelig og stilfuld taske, der holder alt p\u00e5 plads - perfekt til dagligdagen og \u00f8jeblikke p\u00e5 farten.","og_url":"https:\/\/mekulo.com\/dk\/produkt\/crossbody-taske-med-flere-lommer\/","og_site_name":"Mekulo DK","article_modified_time":"2026-02-03T15:20:14+00:00","og_image":[{"width":700,"height":700,"url":"https:\/\/mekulo.com\/dk\/wp-content\/uploads\/sites\/12\/2026\/01\/k1f5hep-1.jpg","type":"image\/jpeg"}],"twitter_card":"summary_large_image","twitter_misc":{"Estimeret l\u00e6setid":"2 minutter"},"schema":{"@context":"https:\/\/schema.org","@graph":[{"@type":"WebPage","@id":"https:\/\/mekulo.com\/dk\/produkt\/crossbody-taske-med-flere-lommer\/","url":"https:\/\/mekulo.com\/dk\/produkt\/crossbody-taske-med-flere-lommer\/","name":"Crossbody-taske med flere lommer - Mekulo DK","isPartOf":{"@id":"https:\/\/mekulo.com\/dk\/#website"},"primaryImageOfPage":{"@id":"https:\/\/mekulo.com\/dk\/produkt\/crossbody-taske-med-flere-lommer\/#primaryimage"},"image":{"@id":"https:\/\/mekulo.com\/dk\/produkt\/crossbody-taske-med-flere-lommer\/#primaryimage"},"thumbnailUrl":"https:\/\/mekulo.com\/dk\/wp-content\/uploads\/sites\/12\/2026\/01\/k1f5hep-1.jpg","datePublished":"2026-01-28T16:39:50+00:00","dateModified":"2026-02-03T15:20:14+00:00","breadcrumb":{"@id":"https:\/\/mekulo.com\/dk\/produkt\/crossbody-taske-med-flere-lommer\/#breadcrumb"},"inLanguage":"da-DK","potentialAction":[{"@type":"ReadAction","target":["https:\/\/mekulo.com\/dk\/produkt\/crossbody-taske-med-flere-lommer\/"]}]},{"@type":"ImageObject","inLanguage":"da-DK","@id":"https:\/\/mekulo.com\/dk\/produkt\/crossbody-taske-med-flere-lommer\/#primaryimage","url":"https:\/\/mekulo.com\/dk\/wp-content\/uploads\/sites\/12\/2026\/01\/k1f5hep-1.jpg","contentUrl":"https:\/\/mekulo.com\/dk\/wp-content\/uploads\/sites\/12\/2026\/01\/k1f5hep-1.jpg","width":700,"height":700},{"@type":"BreadcrumbList","@id":"https:\/\/mekulo.com\/dk\/produkt\/crossbody-taske-med-flere-lommer\/#breadcrumb","itemListElement":[{"@type":"ListItem","position":1,"name":"Home","item":"https:\/\/mekulo.com\/dk\/"},{"@type":"ListItem","position":2,"name":"Butik","item":"https:\/\/mekulo.com\/dk\/butik\/"},{"@type":"ListItem","position":3,"name":"Crossbody-taske med flere lommer"}]},{"@type":"WebSite","@id":"https:\/\/mekulo.com\/dk\/#website","url":"https:\/\/mekulo.com\/dk\/","name":"Mekulo DK","description":"","publisher":{"@id":"https:\/\/mekulo.com\/dk\/#organization"},"potentialAction":[{"@type":"SearchAction","target":{"@type":"EntryPoint","urlTemplate":"https:\/\/mekulo.com\/dk\/?s={search_term_string}"},"query-input":{"@type":"PropertyValueSpecification","valueRequired":true,"valueName":"search_term_string"}}],"inLanguage":"da-DK"},{"@type":"Organization","@id":"https:\/\/mekulo.com\/dk\/#organization","name":"Mekulo","url":"https:\/\/mekulo.com\/dk\/","logo":{"@type":"ImageObject","inLanguage":"da-DK","@id":"https:\/\/mekulo.com\/dk\/#\/schema\/logo\/image\/","url":"https:\/\/mekulo.com\/dk\/wp-content\/uploads\/sites\/12\/2025\/12\/favicon_mekulo.png","contentUrl":"https:\/\/mekulo.com\/dk\/wp-content\/uploads\/sites\/12\/2025\/12\/favicon_mekulo.png","width":50,"height":50,"caption":"Mekulo"},"image":{"@id":"https:\/\/mekulo.com\/dk\/#\/schema\/logo\/image\/"}}]}},"_links":{"self":[{"href":"https:\/\/mekulo.com\/dk\/wp-json\/wp\/v2\/product\/19916","targetHints":{"allow":["GET"]}}],"collection":[{"href":"https:\/\/mekulo.com\/dk\/wp-json\/wp\/v2\/product"}],"about":[{"href":"https:\/\/mekulo.com\/dk\/wp-json\/wp\/v2\/types\/product"}],"replies":[{"embeddable":true,"href":"https:\/\/mekulo.com\/dk\/wp-json\/wp\/v2\/comments?post=19916"}],"wp:featuredmedia":[{"embeddable":true,"href":"https:\/\/mekulo.com\/dk\/wp-json\/wp\/v2\/media\/19912"}],"wp:attachment":[{"href":"https:\/\/mekulo.com\/dk\/wp-json\/wp\/v2\/media?parent=19916"}],"wp:term":[{"taxonomy":"product_brand","embeddable":true,"href":"https:\/\/mekulo.com\/dk\/wp-json\/wp\/v2\/product_brand?post=19916"},{"taxonomy":"product_cat","embeddable":true,"href":"https:\/\/mekulo.com\/dk\/wp-json\/wp\/v2\/product_cat?post=19916"},{"taxonomy":"product_tag","embeddable":true,"href":"https:\/\/mekulo.com\/dk\/wp-json\/wp\/v2\/product_tag?post=19916"}],"curies":[{"name":"wp","href":"https:\/\/api.w.org\/{rel}","templated":true}]}}