{"id":19625,"date":"2026-01-22T21:33:59","date_gmt":"2026-01-22T19:33:59","guid":{"rendered":"https:\/\/mekulo.com\/dk\/produkt\/integreret-sengelampe-med-usb-opladning\/"},"modified":"2026-01-27T11:45:43","modified_gmt":"2026-01-27T09:45:43","slug":"integreret-sengelampe-med-usb-opladning","status":"publish","type":"product","link":"https:\/\/mekulo.com\/dk\/produkt\/integreret-sengelampe-med-usb-opladning\/","title":{"rendered":"Integreret sengelampe med USB-opladning"},"content":{"rendered":"<div class=\"flex max-w-full flex-col grow\">\n<div class=\"min-h-8 text-message relative flex w-full flex-col items-end gap-2 text-start break-words whitespace-normal [.text-message+&amp;]:mt-1\" dir=\"auto\" data-message-author-role=\"assistant\" data-message-id=\"2d771d99-6fb8-4f10-b220-7e4c0bc4dc4b\" data-message-model-slug=\"gpt-5-2\">\n<div class=\"flex w-full flex-col gap-1 empty:hidden first:pt-[1px]\">\n<div class=\"markdown prose dark:prose-invert w-full break-words light markdown-new-styling\">\n<p style=\"text-align: center;\" data-start=\"0\" data-end=\"71\"><strong data-start=\"0\" data-end=\"71\">Oplys Dit Rum Og Oplad Alle Dine Enheder Fra \u00c9n Kompakt Enhed. \ud83d\udecc<\/strong><\/p>\n<p data-start=\"0\" data-end=\"71\"><img fetchpriority=\"high\" decoding=\"async\" class=\"size-full wp-image-21746 aligncenter\" src=\"https:\/\/mekulo.com\/template\/wp-content\/uploads\/sites\/6\/2026\/01\/Scc9057db802049b2882787b1b9117cc3D.jpg\" alt=\"\" width=\"1080\" height=\"1080\" \/><\/p>\n<h2 style=\"text-align: center;\" data-start=\"306\" data-end=\"326\">Hovedfordele \ud83d\udca1<\/h2>\n<p data-start=\"329\" data-end=\"395\">\ud83d\udd0c Alt-i-et-design &#8211; Lampe, stikkontakt og oplader i \u00e9n enhed.<\/p>\n<p data-start=\"398\" data-end=\"460\">\ud83d\udd0b Flere opladningsporte &#8211; 3 USB-porte + 1 Type-C-port.<\/p>\n<p data-start=\"463\" data-end=\"533\">\ud83c\udf19 Uafh\u00e6ngigt natlys &#8211; Bl\u00f8d, varm gl\u00f8d med sin egen kontakt.<\/p>\n<p data-start=\"536\" data-end=\"601\">\ud83d\udcd0 Pladsbesparende &#8211; Perfekt til sm\u00e5 sengeborde eller skriveborde.<\/p>\n<p data-start=\"604\" data-end=\"662\">\u26a1 To str\u00f8mudtag &#8211; S\u00e6t lamper eller andre enheder til.<\/p>\n<p data-start=\"665\" data-end=\"730\">\ud83c\udfe0 Alsidig brug &#8211; Perfekt til sovev\u00e6relse, kontor eller g\u00e6stev\u00e6relse.<\/p>\n<p data-start=\"665\" data-end=\"730\"><img decoding=\"async\" class=\"size-full wp-image-21742 aligncenter\" src=\"https:\/\/mekulo.com\/template\/wp-content\/uploads\/sites\/6\/2026\/01\/4-25.jpg\" alt=\"\" width=\"1080\" height=\"1080\" \/><\/p>\n<h2 style=\"text-align: center;\" data-start=\"737\" data-end=\"751\">S\u00e5dan bruges \ud83d\udccc<\/h2>\n<ol data-start=\"752\" data-end=\"1009\">\n<li data-start=\"752\" data-end=\"790\">\n<p data-start=\"755\" data-end=\"790\">S\u00e6t enheden i en stikkontakt.<\/p>\n<\/li>\n<li data-start=\"791\" data-end=\"842\">\n<p data-start=\"794\" data-end=\"842\">Brug stikkontakterne til lamper eller apparater.<\/p>\n<\/li>\n<li data-start=\"843\" data-end=\"901\">\n<p data-start=\"846\" data-end=\"901\">Tilslut enheder til USB- eller Type-C-portene for at oplade.<\/p>\n<\/li>\n<li data-start=\"902\" data-end=\"964\">\n<p data-start=\"905\" data-end=\"964\">T\u00e6nd eller sluk natlampen ved hj\u00e6lp af den separate kontakt.<\/p>\n<\/li>\n<li data-start=\"965\" data-end=\"1009\">\n<p data-start=\"968\" data-end=\"1009\">Nyd en ren, organiseret ops\u00e6tning ved sengen.<\/p>\n<\/li>\n<\/ol>\n<h2 style=\"text-align: center;\" data-start=\"1016\" data-end=\"1035\">Produktdetaljer \ud83d\udccf<\/h2>\n<ul data-start=\"1036\" data-end=\"1320\">\n<li data-start=\"1096\" data-end=\"1131\">\n<p data-start=\"1098\" data-end=\"1131\">Lysningstyper: Naturlig (4500K), Varm (3000K), K\u00f8lig (6500K)<\/p>\n<\/li>\n<li data-start=\"1132\" data-end=\"1171\">\n<p data-start=\"1134\" data-end=\"1171\">Opladningsporte: 3 x USB, 1 x Type-C<\/p>\n<\/li>\n<li data-start=\"1205\" data-end=\"1230\">\n<p data-start=\"1207\" data-end=\"1230\">Stiktype: 3-vejs stik<\/p>\n<\/li>\n<li data-start=\"1231\" data-end=\"1264\">\n<p data-start=\"1233\" data-end=\"1264\">Design: Kompakt, pladsbesparende<\/p>\n<\/li>\n<li data-start=\"1265\" data-end=\"1320\">\n<p data-start=\"1267\" data-end=\"1320\">Anvendelsesomr\u00e5der: Sovev\u00e6relse, stue, kontor, g\u00e6stev\u00e6relse<\/p>\n<\/li>\n<li data-start=\"1265\" data-end=\"1320\">St\u00f8rrelse: 7,3 x 6,8 x 19 cm<\/li>\n<\/ul>\n<h2 style=\"text-align: center;\" data-start=\"1327\" data-end=\"1347\">Pakken indeholder \ud83d\udce6<\/h2>\n<ul data-start=\"1348\" data-end=\"1398\" data-is-last-node=\"\" data-is-only-node=\"\">\n<li data-start=\"1348\" data-end=\"1398\" data-is-last-node=\"\">\n<p data-start=\"1350\" data-end=\"1398\" data-is-last-node=\"\">1x integreret sengelampe med USB-opladning.<\/p>\n<\/li>\n<\/ul>\n<\/div>\n<\/div>\n<\/div>\n<\/div>\n","protected":false},"excerpt":{"rendered":"<p>\ud83d\udecb\ufe0fDette integreret sengelampe med USB-opladning kombinerer et bl\u00f8dt natlys med flere opladningsporte og str\u00f8mudtag.<br \/>\n\ud83d\udcf1 Den holder sengen p\u00e6n, samtidig med at den giver dig varm belysning og nem adgang til str\u00f8m til alle dine enheder.<br \/>\n\ud83d\udd0cDette g\u00f8r den ideel til opladning og belysning p\u00e5 \u00e9t praktisk sted.<\/p>\n","protected":false},"featured_media":19621,"comment_status":"open","ping_status":"closed","template":"","meta":{"site-sidebar-layout":"default","site-content-layout":"","ast-site-content-layout":"default","site-content-style":"default","site-sidebar-style":"default","ast-global-header-display":"","ast-banner-title-visibility":"","ast-main-header-display":"","ast-hfb-above-header-display":"","ast-hfb-below-header-display":"","ast-hfb-mobile-header-display":"","site-post-title":"","ast-breadcrumbs-content":"","ast-featured-img":"","footer-sml-layout":"","theme-transparent-header-meta":"default","adv-header-id-meta":"","stick-header-meta":"","header-above-stick-meta":"","header-main-stick-meta":"","header-below-stick-meta":"","astra-migrate-meta-layouts":"set","ast-page-background-enabled":"default","ast-page-background-meta":{"desktop":{"background-color":"var(--ast-global-color-5)","background-image":"","background-repeat":"repeat","background-position":"center center","background-size":"auto","background-attachment":"scroll","background-type":"","background-media":"","overlay-type":"","overlay-color":"","overlay-opacity":"","overlay-gradient":""},"tablet":{"background-color":"","background-image":"","background-repeat":"repeat","background-position":"center center","background-size":"auto","background-attachment":"scroll","background-type":"","background-media":"","overlay-type":"","overlay-color":"","overlay-opacity":"","overlay-gradient":""},"mobile":{"background-color":"","background-image":"","background-repeat":"repeat","background-position":"center center","background-size":"auto","background-attachment":"scroll","background-type":"","background-media":"","overlay-type":"","overlay-color":"","overlay-opacity":"","overlay-gradient":""}},"ast-content-background-meta":{"desktop":{"background-color":"var(--ast-global-color-4)","background-image":"","background-repeat":"repeat","background-position":"center center","background-size":"auto","background-attachment":"scroll","background-type":"","background-media":"","overlay-type":"","overlay-color":"","overlay-opacity":"","overlay-gradient":""},"tablet":{"background-color":"var(--ast-global-color-4)","background-image":"","background-repeat":"repeat","background-position":"center center","background-size":"auto","background-attachment":"scroll","background-type":"","background-media":"","overlay-type":"","overlay-color":"","overlay-opacity":"","overlay-gradient":""},"mobile":{"background-color":"var(--ast-global-color-4)","background-image":"","background-repeat":"repeat","background-position":"center center","background-size":"auto","background-attachment":"scroll","background-type":"","background-media":"","overlay-type":"","overlay-color":"","overlay-opacity":"","overlay-gradient":""}}},"product_brand":[],"product_cat":[173,168],"product_tag":[],"class_list":{"0":"post-19625","1":"product","2":"type-product","3":"status-publish","4":"has-post-thumbnail","6":"product_cat-elektronik","7":"product_cat-husholdningsartikler","8":"pa_51615_bqvhzui5-hvid","9":"pa_51615_bqvhzui5-sort","10":"desktop-align-left","11":"tablet-align-left","12":"mobile-align-left","14":"first","15":"instock","16":"shipping-taxable","17":"purchasable","18":"product-type-variable"},"yoast_head":"<!-- This site is optimized with the Yoast SEO plugin v26.6 - https:\/\/yoast.com\/wordpress\/plugins\/seo\/ -->\n<title>Integreret sengelampe med USB-opladning - Mekulo DK<\/title>\n<meta name=\"robots\" content=\"index, follow, max-snippet:-1, max-image-preview:large, max-video-preview:-1\" \/>\n<link rel=\"canonical\" href=\"https:\/\/mekulo.com\/dk\/produkt\/integreret-sengelampe-med-usb-opladning\/\" \/>\n<meta property=\"og:locale\" content=\"da_DK\" \/>\n<meta property=\"og:type\" content=\"article\" \/>\n<meta property=\"og:title\" content=\"Integreret sengelampe med USB-opladning - Mekulo DK\" \/>\n<meta property=\"og:description\" content=\"\ud83d\udecb\ufe0fDette integreret sengelampe med USB-opladning kombinerer et bl\u00f8dt natlys med flere opladningsporte og str\u00f8mudtag. \ud83d\udcf1 Den holder sengen p\u00e6n, samtidig med at den giver dig varm belysning og nem adgang til str\u00f8m til alle dine enheder. \ud83d\udd0cDette g\u00f8r den ideel til opladning og belysning p\u00e5 \u00e9t praktisk sted.\" \/>\n<meta property=\"og:url\" content=\"https:\/\/mekulo.com\/dk\/produkt\/integreret-sengelampe-med-usb-opladning\/\" \/>\n<meta property=\"og:site_name\" content=\"Mekulo DK\" \/>\n<meta property=\"article:modified_time\" content=\"2026-01-27T09:45:43+00:00\" \/>\n<meta property=\"og:image\" content=\"https:\/\/mekulo.com\/dk\/wp-content\/uploads\/sites\/12\/2026\/01\/0ocuiq6-1.jpg\" \/>\n\t<meta property=\"og:image:width\" content=\"1080\" \/>\n\t<meta property=\"og:image:height\" content=\"1080\" \/>\n\t<meta property=\"og:image:type\" content=\"image\/jpeg\" \/>\n<meta name=\"twitter:card\" content=\"summary_large_image\" \/>\n<meta name=\"twitter:label1\" content=\"Estimeret l\u00e6setid\" \/>\n\t<meta name=\"twitter:data1\" content=\"2 minutter\" \/>\n<script type=\"application\/ld+json\" class=\"yoast-schema-graph\">{\"@context\":\"https:\/\/schema.org\",\"@graph\":[{\"@type\":\"WebPage\",\"@id\":\"https:\/\/mekulo.com\/dk\/produkt\/integreret-sengelampe-med-usb-opladning\/\",\"url\":\"https:\/\/mekulo.com\/dk\/produkt\/integreret-sengelampe-med-usb-opladning\/\",\"name\":\"Integreret sengelampe med USB-opladning - Mekulo DK\",\"isPartOf\":{\"@id\":\"https:\/\/mekulo.com\/dk\/#website\"},\"primaryImageOfPage\":{\"@id\":\"https:\/\/mekulo.com\/dk\/produkt\/integreret-sengelampe-med-usb-opladning\/#primaryimage\"},\"image\":{\"@id\":\"https:\/\/mekulo.com\/dk\/produkt\/integreret-sengelampe-med-usb-opladning\/#primaryimage\"},\"thumbnailUrl\":\"https:\/\/mekulo.com\/dk\/wp-content\/uploads\/sites\/12\/2026\/01\/0ocuiq6-1.jpg\",\"datePublished\":\"2026-01-22T19:33:59+00:00\",\"dateModified\":\"2026-01-27T09:45:43+00:00\",\"breadcrumb\":{\"@id\":\"https:\/\/mekulo.com\/dk\/produkt\/integreret-sengelampe-med-usb-opladning\/#breadcrumb\"},\"inLanguage\":\"da-DK\",\"potentialAction\":[{\"@type\":\"ReadAction\",\"target\":[\"https:\/\/mekulo.com\/dk\/produkt\/integreret-sengelampe-med-usb-opladning\/\"]}]},{\"@type\":\"ImageObject\",\"inLanguage\":\"da-DK\",\"@id\":\"https:\/\/mekulo.com\/dk\/produkt\/integreret-sengelampe-med-usb-opladning\/#primaryimage\",\"url\":\"https:\/\/mekulo.com\/dk\/wp-content\/uploads\/sites\/12\/2026\/01\/0ocuiq6-1.jpg\",\"contentUrl\":\"https:\/\/mekulo.com\/dk\/wp-content\/uploads\/sites\/12\/2026\/01\/0ocuiq6-1.jpg\",\"width\":1080,\"height\":1080},{\"@type\":\"BreadcrumbList\",\"@id\":\"https:\/\/mekulo.com\/dk\/produkt\/integreret-sengelampe-med-usb-opladning\/#breadcrumb\",\"itemListElement\":[{\"@type\":\"ListItem\",\"position\":1,\"name\":\"Home\",\"item\":\"https:\/\/mekulo.com\/dk\/\"},{\"@type\":\"ListItem\",\"position\":2,\"name\":\"Butik\",\"item\":\"https:\/\/mekulo.com\/dk\/butik\/\"},{\"@type\":\"ListItem\",\"position\":3,\"name\":\"Integreret sengelampe med USB-opladning\"}]},{\"@type\":\"WebSite\",\"@id\":\"https:\/\/mekulo.com\/dk\/#website\",\"url\":\"https:\/\/mekulo.com\/dk\/\",\"name\":\"Mekulo DK\",\"description\":\"\",\"publisher\":{\"@id\":\"https:\/\/mekulo.com\/dk\/#organization\"},\"potentialAction\":[{\"@type\":\"SearchAction\",\"target\":{\"@type\":\"EntryPoint\",\"urlTemplate\":\"https:\/\/mekulo.com\/dk\/?s={search_term_string}\"},\"query-input\":{\"@type\":\"PropertyValueSpecification\",\"valueRequired\":true,\"valueName\":\"search_term_string\"}}],\"inLanguage\":\"da-DK\"},{\"@type\":\"Organization\",\"@id\":\"https:\/\/mekulo.com\/dk\/#organization\",\"name\":\"Mekulo\",\"url\":\"https:\/\/mekulo.com\/dk\/\",\"logo\":{\"@type\":\"ImageObject\",\"inLanguage\":\"da-DK\",\"@id\":\"https:\/\/mekulo.com\/dk\/#\/schema\/logo\/image\/\",\"url\":\"https:\/\/mekulo.com\/dk\/wp-content\/uploads\/sites\/12\/2025\/12\/favicon_mekulo.png\",\"contentUrl\":\"https:\/\/mekulo.com\/dk\/wp-content\/uploads\/sites\/12\/2025\/12\/favicon_mekulo.png\",\"width\":50,\"height\":50,\"caption\":\"Mekulo\"},\"image\":{\"@id\":\"https:\/\/mekulo.com\/dk\/#\/schema\/logo\/image\/\"}}]}<\/script>\n<!-- \/ Yoast SEO plugin. -->","yoast_head_json":{"title":"Integreret sengelampe med USB-opladning - Mekulo DK","robots":{"index":"index","follow":"follow","max-snippet":"max-snippet:-1","max-image-preview":"max-image-preview:large","max-video-preview":"max-video-preview:-1"},"canonical":"https:\/\/mekulo.com\/dk\/produkt\/integreret-sengelampe-med-usb-opladning\/","og_locale":"da_DK","og_type":"article","og_title":"Integreret sengelampe med USB-opladning - Mekulo DK","og_description":"\ud83d\udecb\ufe0fDette integreret sengelampe med USB-opladning kombinerer et bl\u00f8dt natlys med flere opladningsporte og str\u00f8mudtag. \ud83d\udcf1 Den holder sengen p\u00e6n, samtidig med at den giver dig varm belysning og nem adgang til str\u00f8m til alle dine enheder. \ud83d\udd0cDette g\u00f8r den ideel til opladning og belysning p\u00e5 \u00e9t praktisk sted.","og_url":"https:\/\/mekulo.com\/dk\/produkt\/integreret-sengelampe-med-usb-opladning\/","og_site_name":"Mekulo DK","article_modified_time":"2026-01-27T09:45:43+00:00","og_image":[{"width":1080,"height":1080,"url":"https:\/\/mekulo.com\/dk\/wp-content\/uploads\/sites\/12\/2026\/01\/0ocuiq6-1.jpg","type":"image\/jpeg"}],"twitter_card":"summary_large_image","twitter_misc":{"Estimeret l\u00e6setid":"2 minutter"},"schema":{"@context":"https:\/\/schema.org","@graph":[{"@type":"WebPage","@id":"https:\/\/mekulo.com\/dk\/produkt\/integreret-sengelampe-med-usb-opladning\/","url":"https:\/\/mekulo.com\/dk\/produkt\/integreret-sengelampe-med-usb-opladning\/","name":"Integreret sengelampe med USB-opladning - Mekulo DK","isPartOf":{"@id":"https:\/\/mekulo.com\/dk\/#website"},"primaryImageOfPage":{"@id":"https:\/\/mekulo.com\/dk\/produkt\/integreret-sengelampe-med-usb-opladning\/#primaryimage"},"image":{"@id":"https:\/\/mekulo.com\/dk\/produkt\/integreret-sengelampe-med-usb-opladning\/#primaryimage"},"thumbnailUrl":"https:\/\/mekulo.com\/dk\/wp-content\/uploads\/sites\/12\/2026\/01\/0ocuiq6-1.jpg","datePublished":"2026-01-22T19:33:59+00:00","dateModified":"2026-01-27T09:45:43+00:00","breadcrumb":{"@id":"https:\/\/mekulo.com\/dk\/produkt\/integreret-sengelampe-med-usb-opladning\/#breadcrumb"},"inLanguage":"da-DK","potentialAction":[{"@type":"ReadAction","target":["https:\/\/mekulo.com\/dk\/produkt\/integreret-sengelampe-med-usb-opladning\/"]}]},{"@type":"ImageObject","inLanguage":"da-DK","@id":"https:\/\/mekulo.com\/dk\/produkt\/integreret-sengelampe-med-usb-opladning\/#primaryimage","url":"https:\/\/mekulo.com\/dk\/wp-content\/uploads\/sites\/12\/2026\/01\/0ocuiq6-1.jpg","contentUrl":"https:\/\/mekulo.com\/dk\/wp-content\/uploads\/sites\/12\/2026\/01\/0ocuiq6-1.jpg","width":1080,"height":1080},{"@type":"BreadcrumbList","@id":"https:\/\/mekulo.com\/dk\/produkt\/integreret-sengelampe-med-usb-opladning\/#breadcrumb","itemListElement":[{"@type":"ListItem","position":1,"name":"Home","item":"https:\/\/mekulo.com\/dk\/"},{"@type":"ListItem","position":2,"name":"Butik","item":"https:\/\/mekulo.com\/dk\/butik\/"},{"@type":"ListItem","position":3,"name":"Integreret sengelampe med USB-opladning"}]},{"@type":"WebSite","@id":"https:\/\/mekulo.com\/dk\/#website","url":"https:\/\/mekulo.com\/dk\/","name":"Mekulo DK","description":"","publisher":{"@id":"https:\/\/mekulo.com\/dk\/#organization"},"potentialAction":[{"@type":"SearchAction","target":{"@type":"EntryPoint","urlTemplate":"https:\/\/mekulo.com\/dk\/?s={search_term_string}"},"query-input":{"@type":"PropertyValueSpecification","valueRequired":true,"valueName":"search_term_string"}}],"inLanguage":"da-DK"},{"@type":"Organization","@id":"https:\/\/mekulo.com\/dk\/#organization","name":"Mekulo","url":"https:\/\/mekulo.com\/dk\/","logo":{"@type":"ImageObject","inLanguage":"da-DK","@id":"https:\/\/mekulo.com\/dk\/#\/schema\/logo\/image\/","url":"https:\/\/mekulo.com\/dk\/wp-content\/uploads\/sites\/12\/2025\/12\/favicon_mekulo.png","contentUrl":"https:\/\/mekulo.com\/dk\/wp-content\/uploads\/sites\/12\/2025\/12\/favicon_mekulo.png","width":50,"height":50,"caption":"Mekulo"},"image":{"@id":"https:\/\/mekulo.com\/dk\/#\/schema\/logo\/image\/"}}]}},"_links":{"self":[{"href":"https:\/\/mekulo.com\/dk\/wp-json\/wp\/v2\/product\/19625","targetHints":{"allow":["GET"]}}],"collection":[{"href":"https:\/\/mekulo.com\/dk\/wp-json\/wp\/v2\/product"}],"about":[{"href":"https:\/\/mekulo.com\/dk\/wp-json\/wp\/v2\/types\/product"}],"replies":[{"embeddable":true,"href":"https:\/\/mekulo.com\/dk\/wp-json\/wp\/v2\/comments?post=19625"}],"wp:featuredmedia":[{"embeddable":true,"href":"https:\/\/mekulo.com\/dk\/wp-json\/wp\/v2\/media\/19621"}],"wp:attachment":[{"href":"https:\/\/mekulo.com\/dk\/wp-json\/wp\/v2\/media?parent=19625"}],"wp:term":[{"taxonomy":"product_brand","embeddable":true,"href":"https:\/\/mekulo.com\/dk\/wp-json\/wp\/v2\/product_brand?post=19625"},{"taxonomy":"product_cat","embeddable":true,"href":"https:\/\/mekulo.com\/dk\/wp-json\/wp\/v2\/product_cat?post=19625"},{"taxonomy":"product_tag","embeddable":true,"href":"https:\/\/mekulo.com\/dk\/wp-json\/wp\/v2\/product_tag?post=19625"}],"curies":[{"name":"wp","href":"https:\/\/api.w.org\/{rel}","templated":true}]}}