{"id":19607,"date":"2026-01-22T21:32:08","date_gmt":"2026-01-22T19:32:08","guid":{"rendered":"https:\/\/mekulo.com\/dk\/produkt\/forklaede-til-toejtoerring\/"},"modified":"2026-01-27T11:43:04","modified_gmt":"2026-01-27T09:43:04","slug":"forklaede-til-toejtoerring","status":"publish","type":"product","link":"https:\/\/mekulo.com\/dk\/produkt\/forklaede-til-toejtoerring\/","title":{"rendered":"Forkl\u00e6de til t\u00f8jt\u00f8rring"},"content":{"rendered":"<div class=\"flex max-w-full flex-col grow\">\n<div class=\"min-h-8 text-message relative flex w-full flex-col items-end gap-2 text-start break-words whitespace-normal [.text-message+&amp;]:mt-1\" dir=\"auto\" data-message-author-role=\"assistant\" data-message-id=\"7aeeb9b7-bbe7-4d50-b9ea-0d93e0f1bdb9\" data-message-model-slug=\"gpt-5-2\">\n<div class=\"flex w-full flex-col gap-1 empty:hidden first:pt-[1px]\">\n<div class=\"markdown prose dark:prose-invert w-full break-words light markdown-new-styling\">\n<p style=\"text-align: center;\" data-start=\"0\" data-end=\"68\"><strong data-start=\"0\" data-end=\"68\">Hold Dit T\u00f8j T\u00f8rt Og Dine H\u00e6nder Fri, Mens Du H\u00e6nger Vasket\u00f8j Op. \ud83e\uddfa<\/strong><\/p>\n<p data-start=\"0\" data-end=\"68\"><img decoding=\"async\" class=\"size-full wp-image-21727 aligncenter\" src=\"https:\/\/mekulo.com\/template\/wp-content\/uploads\/sites\/6\/2026\/01\/e0e3315ed9353a8b9996f3fa59712a19d56550c4-700.avif\" alt=\"\" \/><\/p>\n<h2 style=\"text-align: center;\" data-start=\"310\" data-end=\"330\">Hovedfordele \ud83d\udc55<\/h2>\n<p data-start=\"333\" data-end=\"398\">\ud83d\udca7 Vandt\u00e6t beskyttelse &#8211; Holder dit t\u00f8j t\u00f8rt og rent.<\/p>\n<p data-start=\"401\" data-end=\"475\">\ud83e\uddfa Store opbevaringslommer &#8211; Rummer t\u00f8j, vaskemiddel, telefon og n\u00f8gler.<\/p>\n<p data-start=\"478\" data-end=\"550\">\ud83c\udf92 Brede skulderstropper &#8211; Reducerer belastningen og fordeler v\u00e6gten j\u00e6vnt.<\/p>\n<p data-start=\"553\" data-end=\"612\">\ud83e\udeb6 Let og holdbar &#8211; Nem at b\u00e6re til daglig brug.<\/p>\n<p data-start=\"615\" data-end=\"677\">\ud83d\udd27 Justerbar pasform &#8211; Behagelig for forskellige kropsst\u00f8rrelser.<\/p>\n<p data-start=\"680\" data-end=\"750\">\ud83c\udf3f Multifunktionel anvendelse &#8211; Perfekt til t\u00f8jvask, madlavning og havearbejde.<\/p>\n<p data-start=\"680\" data-end=\"750\"><img decoding=\"async\" class=\"size-full wp-image-21728 aligncenter\" src=\"https:\/\/mekulo.com\/template\/wp-content\/uploads\/sites\/6\/2026\/01\/622d9869a0dca6fe12b6ebdbc0a161b84574ed41-700.avif\" alt=\"\" \/><\/p>\n<h2 style=\"text-align: center;\" data-start=\"757\" data-end=\"771\">S\u00e5dan bruges \ud83d\udccc<\/h2>\n<ol data-start=\"772\" data-end=\"1072\">\n<li data-start=\"772\" data-end=\"831\">\n<p data-start=\"775\" data-end=\"831\">Tag forkl\u00e6det p\u00e5, og juster stropperne i nakken og taljen.<\/p>\n<\/li>\n<li data-start=\"832\" data-end=\"878\">\n<p data-start=\"835\" data-end=\"878\">Placer v\u00e5dt t\u00f8j i de store lommer.<\/p>\n<\/li>\n<li data-start=\"879\" data-end=\"924\">\n<p data-start=\"882\" data-end=\"924\">B\u00e6r nemt t\u00f8jet til t\u00f8rreomr\u00e5det.<\/p>\n<\/li>\n<li data-start=\"925\" data-end=\"973\">\n<p data-start=\"928\" data-end=\"973\">H\u00e6ng t\u00f8jet op, mens du holder dit outfit t\u00f8rt.<\/p>\n<\/li>\n<li data-start=\"974\" data-end=\"1036\">\n<p data-start=\"977\" data-end=\"1036\">Opbevar sm\u00e5ting som vaskemiddel eller telefon i lommerne.<\/p>\n<\/li>\n<li data-start=\"1037\" data-end=\"1072\">\n<p data-start=\"1040\" data-end=\"1072\">Skyl eller t\u00f8r det af efter brug.<\/p>\n<\/li>\n<\/ol>\n<h2 style=\"text-align: center;\" data-start=\"1079\" data-end=\"1098\">Produktdetaljer \ud83d\udccf<\/h2>\n<ul data-start=\"1099\" data-end=\"1422\">\n<li data-start=\"1138\" data-end=\"1164\">\n<p data-start=\"1140\" data-end=\"1164\">Materiale: Oxford-stof<\/p>\n<\/li>\n<li data-start=\"1217\" data-end=\"1267\">\n<p data-start=\"1219\" data-end=\"1267\">St\u00f8rrelse: 79 x 55 cm<\/p>\n<\/li>\n<li data-start=\"1268\" data-end=\"1302\">\n<p data-start=\"1270\" data-end=\"1302\">Design: \u00c6rmel\u00f8s, vandt\u00e6t<\/p>\n<\/li>\n<li data-start=\"1303\" data-end=\"1368\">\n<p data-start=\"1305\" data-end=\"1368\">Funktioner: Store lommer, brede skulderstropper, justerbar pasform<\/p>\n<\/li>\n<li data-start=\"1369\" data-end=\"1422\">\n<p data-start=\"1371\" data-end=\"1422\">Brug: T\u00f8jvask, husholdningsarbejde, havearbejde, rejser<\/p>\n<\/li>\n<li data-start=\"1369\" data-end=\"1422\">Kapacitet: Kan foldes sammen til ca. 6 kg<\/li>\n<\/ul>\n<h2 style=\"text-align: center;\" data-start=\"1429\" data-end=\"1449\">Pakken indeholder \ud83d\udce6<\/h2>\n<ul data-start=\"1450\" data-end=\"1479\" data-is-last-node=\"\" data-is-only-node=\"\">\n<li data-start=\"1450\" data-end=\"1479\" data-is-last-node=\"\">\n<p data-start=\"1452\" data-end=\"1479\" data-is-last-node=\"\">1, 2x t\u00f8jt\u00f8rreforkl\u00e6de(r).<\/p>\n<\/li>\n<\/ul>\n<\/div>\n<\/div>\n<\/div>\n<\/div>\n","protected":false},"excerpt":{"rendered":"<p>\ud83d\udc5aMed dette t\u00f8rreforkl\u00e6de kan du b\u00e6re og h\u00e6nge v\u00e5dt t\u00f8j uden at gennembl\u00f8de dit t\u00f8j eller lave rod.<br \/>\n<span style=\"font-size: 16px; font-style: normal; font-weight: 400;\">\ud83c\udfe0<\/span>Med store lommer og et vandt\u00e6t design g\u00f8r det vasket\u00f8jet hurtigere, renere og mere behageligt derhjemme eller p\u00e5 rejsen.<br \/>\n<span style=\"font-size: 16px; font-style: normal; font-weight: 400;\">\ud83d\udca6<\/span>Det hj\u00e6lper ogs\u00e5 med at forhindre v\u00e5de gulve og dryppende vand under vasket\u00f8jsopgaver.<\/p>\n","protected":false},"featured_media":19603,"comment_status":"open","ping_status":"closed","template":"","meta":{"site-sidebar-layout":"default","site-content-layout":"","ast-site-content-layout":"default","site-content-style":"default","site-sidebar-style":"default","ast-global-header-display":"","ast-banner-title-visibility":"","ast-main-header-display":"","ast-hfb-above-header-display":"","ast-hfb-below-header-display":"","ast-hfb-mobile-header-display":"","site-post-title":"","ast-breadcrumbs-content":"","ast-featured-img":"","footer-sml-layout":"","ast-disable-related-posts":"","theme-transparent-header-meta":"default","adv-header-id-meta":"","stick-header-meta":"","header-above-stick-meta":"","header-main-stick-meta":"","header-below-stick-meta":"","astra-migrate-meta-layouts":"set","ast-page-background-enabled":"default","ast-page-background-meta":{"desktop":{"background-color":"var(--ast-global-color-5)","background-image":"","background-repeat":"repeat","background-position":"center center","background-size":"auto","background-attachment":"scroll","background-type":"","background-media":"","overlay-type":"","overlay-color":"","overlay-opacity":"","overlay-gradient":""},"tablet":{"background-color":"","background-image":"","background-repeat":"repeat","background-position":"center center","background-size":"auto","background-attachment":"scroll","background-type":"","background-media":"","overlay-type":"","overlay-color":"","overlay-opacity":"","overlay-gradient":""},"mobile":{"background-color":"","background-image":"","background-repeat":"repeat","background-position":"center center","background-size":"auto","background-attachment":"scroll","background-type":"","background-media":"","overlay-type":"","overlay-color":"","overlay-opacity":"","overlay-gradient":""}},"ast-content-background-meta":{"desktop":{"background-color":"var(--ast-global-color-4)","background-image":"","background-repeat":"repeat","background-position":"center center","background-size":"auto","background-attachment":"scroll","background-type":"","background-media":"","overlay-type":"","overlay-color":"","overlay-opacity":"","overlay-gradient":""},"tablet":{"background-color":"var(--ast-global-color-4)","background-image":"","background-repeat":"repeat","background-position":"center center","background-size":"auto","background-attachment":"scroll","background-type":"","background-media":"","overlay-type":"","overlay-color":"","overlay-opacity":"","overlay-gradient":""},"mobile":{"background-color":"var(--ast-global-color-4)","background-image":"","background-repeat":"repeat","background-position":"center center","background-size":"auto","background-attachment":"scroll","background-type":"","background-media":"","overlay-type":"","overlay-color":"","overlay-opacity":"","overlay-gradient":""}}},"product_brand":[],"product_cat":[168],"product_tag":[],"class_list":{"0":"post-19607","1":"product","2":"type-product","3":"status-publish","4":"has-post-thumbnail","6":"product_cat-husholdningsartikler","7":"pa_51612_6363yyf5-a","8":"pa_51612_6363yyf5-b","9":"pa_51612_lular521-1-stk","10":"pa_51612_lular521-2-stk","11":"desktop-align-left","12":"tablet-align-left","13":"mobile-align-left","15":"first","16":"instock","17":"shipping-taxable","18":"purchasable","19":"product-type-variable","20":"has-default-attributes"},"yoast_head":"<!-- This site is optimized with the Yoast SEO plugin v27.4 - https:\/\/yoast.com\/product\/yoast-seo-wordpress\/ -->\n<title>Forkl\u00e6de til t\u00f8jt\u00f8rring - Mekulo DK<\/title>\n<meta name=\"robots\" content=\"index, follow, max-snippet:-1, max-image-preview:large, max-video-preview:-1\" \/>\n<link rel=\"canonical\" href=\"https:\/\/mekulo.com\/dk\/produkt\/forklaede-til-toejtoerring\/\" \/>\n<meta property=\"og:locale\" content=\"da_DK\" \/>\n<meta property=\"og:type\" content=\"article\" \/>\n<meta property=\"og:title\" content=\"Forkl\u00e6de til t\u00f8jt\u00f8rring - Mekulo DK\" \/>\n<meta property=\"og:description\" content=\"\ud83d\udc5aMed dette t\u00f8rreforkl\u00e6de kan du b\u00e6re og h\u00e6nge v\u00e5dt t\u00f8j uden at gennembl\u00f8de dit t\u00f8j eller lave rod. \ud83c\udfe0Med store lommer og et vandt\u00e6t design g\u00f8r det vasket\u00f8jet hurtigere, renere og mere behageligt derhjemme eller p\u00e5 rejsen. \ud83d\udca6Det hj\u00e6lper ogs\u00e5 med at forhindre v\u00e5de gulve og dryppende vand under vasket\u00f8jsopgaver.\" \/>\n<meta property=\"og:url\" content=\"https:\/\/mekulo.com\/dk\/produkt\/forklaede-til-toejtoerring\/\" \/>\n<meta property=\"og:site_name\" content=\"Mekulo DK\" \/>\n<meta property=\"article:modified_time\" content=\"2026-01-27T09:43:04+00:00\" \/>\n<meta property=\"og:image\" content=\"https:\/\/mekulo.com\/dk\/wp-content\/uploads\/sites\/12\/2026\/01\/ysjtmbz-1.jpg\" \/>\n\t<meta property=\"og:image:width\" content=\"700\" \/>\n\t<meta property=\"og:image:height\" content=\"700\" \/>\n\t<meta property=\"og:image:type\" content=\"image\/jpeg\" \/>\n<meta name=\"twitter:card\" content=\"summary_large_image\" \/>\n<meta name=\"twitter:label1\" content=\"Estimeret l\u00e6setid\" \/>\n\t<meta name=\"twitter:data1\" content=\"2 minutter\" \/>\n<script type=\"application\/ld+json\" class=\"yoast-schema-graph\">{\"@context\":\"https:\\\/\\\/schema.org\",\"@graph\":[{\"@type\":\"WebPage\",\"@id\":\"https:\\\/\\\/mekulo.com\\\/dk\\\/produkt\\\/forklaede-til-toejtoerring\\\/\",\"url\":\"https:\\\/\\\/mekulo.com\\\/dk\\\/produkt\\\/forklaede-til-toejtoerring\\\/\",\"name\":\"Forkl\u00e6de til t\u00f8jt\u00f8rring - Mekulo DK\",\"isPartOf\":{\"@id\":\"https:\\\/\\\/mekulo.com\\\/dk\\\/#website\"},\"primaryImageOfPage\":{\"@id\":\"https:\\\/\\\/mekulo.com\\\/dk\\\/produkt\\\/forklaede-til-toejtoerring\\\/#primaryimage\"},\"image\":{\"@id\":\"https:\\\/\\\/mekulo.com\\\/dk\\\/produkt\\\/forklaede-til-toejtoerring\\\/#primaryimage\"},\"thumbnailUrl\":\"https:\\\/\\\/mekulo.com\\\/dk\\\/wp-content\\\/uploads\\\/sites\\\/12\\\/2026\\\/01\\\/ysjtmbz-1.jpg\",\"datePublished\":\"2026-01-22T19:32:08+00:00\",\"dateModified\":\"2026-01-27T09:43:04+00:00\",\"breadcrumb\":{\"@id\":\"https:\\\/\\\/mekulo.com\\\/dk\\\/produkt\\\/forklaede-til-toejtoerring\\\/#breadcrumb\"},\"inLanguage\":\"da-DK\",\"potentialAction\":[{\"@type\":\"ReadAction\",\"target\":[\"https:\\\/\\\/mekulo.com\\\/dk\\\/produkt\\\/forklaede-til-toejtoerring\\\/\"]}]},{\"@type\":\"ImageObject\",\"inLanguage\":\"da-DK\",\"@id\":\"https:\\\/\\\/mekulo.com\\\/dk\\\/produkt\\\/forklaede-til-toejtoerring\\\/#primaryimage\",\"url\":\"https:\\\/\\\/mekulo.com\\\/dk\\\/wp-content\\\/uploads\\\/sites\\\/12\\\/2026\\\/01\\\/ysjtmbz-1.jpg\",\"contentUrl\":\"https:\\\/\\\/mekulo.com\\\/dk\\\/wp-content\\\/uploads\\\/sites\\\/12\\\/2026\\\/01\\\/ysjtmbz-1.jpg\",\"width\":700,\"height\":700},{\"@type\":\"BreadcrumbList\",\"@id\":\"https:\\\/\\\/mekulo.com\\\/dk\\\/produkt\\\/forklaede-til-toejtoerring\\\/#breadcrumb\",\"itemListElement\":[{\"@type\":\"ListItem\",\"position\":1,\"name\":\"Home\",\"item\":\"https:\\\/\\\/mekulo.com\\\/dk\\\/\"},{\"@type\":\"ListItem\",\"position\":2,\"name\":\"Butik\",\"item\":\"https:\\\/\\\/mekulo.com\\\/dk\\\/butik\\\/\"},{\"@type\":\"ListItem\",\"position\":3,\"name\":\"Forkl\u00e6de til t\u00f8jt\u00f8rring\"}]},{\"@type\":\"WebSite\",\"@id\":\"https:\\\/\\\/mekulo.com\\\/dk\\\/#website\",\"url\":\"https:\\\/\\\/mekulo.com\\\/dk\\\/\",\"name\":\"Mekulo DK\",\"description\":\"\",\"publisher\":{\"@id\":\"https:\\\/\\\/mekulo.com\\\/dk\\\/#organization\"},\"potentialAction\":[{\"@type\":\"SearchAction\",\"target\":{\"@type\":\"EntryPoint\",\"urlTemplate\":\"https:\\\/\\\/mekulo.com\\\/dk\\\/?s={search_term_string}\"},\"query-input\":{\"@type\":\"PropertyValueSpecification\",\"valueRequired\":true,\"valueName\":\"search_term_string\"}}],\"inLanguage\":\"da-DK\"},{\"@type\":\"Organization\",\"@id\":\"https:\\\/\\\/mekulo.com\\\/dk\\\/#organization\",\"name\":\"Mekulo\",\"url\":\"https:\\\/\\\/mekulo.com\\\/dk\\\/\",\"logo\":{\"@type\":\"ImageObject\",\"inLanguage\":\"da-DK\",\"@id\":\"https:\\\/\\\/mekulo.com\\\/dk\\\/#\\\/schema\\\/logo\\\/image\\\/\",\"url\":\"https:\\\/\\\/mekulo.com\\\/dk\\\/wp-content\\\/uploads\\\/sites\\\/12\\\/2025\\\/12\\\/favicon_mekulo.png\",\"contentUrl\":\"https:\\\/\\\/mekulo.com\\\/dk\\\/wp-content\\\/uploads\\\/sites\\\/12\\\/2025\\\/12\\\/favicon_mekulo.png\",\"width\":50,\"height\":50,\"caption\":\"Mekulo\"},\"image\":{\"@id\":\"https:\\\/\\\/mekulo.com\\\/dk\\\/#\\\/schema\\\/logo\\\/image\\\/\"}}]}<\/script>\n<!-- \/ Yoast SEO plugin. -->","yoast_head_json":{"title":"Forkl\u00e6de til t\u00f8jt\u00f8rring - Mekulo DK","robots":{"index":"index","follow":"follow","max-snippet":"max-snippet:-1","max-image-preview":"max-image-preview:large","max-video-preview":"max-video-preview:-1"},"canonical":"https:\/\/mekulo.com\/dk\/produkt\/forklaede-til-toejtoerring\/","og_locale":"da_DK","og_type":"article","og_title":"Forkl\u00e6de til t\u00f8jt\u00f8rring - Mekulo DK","og_description":"\ud83d\udc5aMed dette t\u00f8rreforkl\u00e6de kan du b\u00e6re og h\u00e6nge v\u00e5dt t\u00f8j uden at gennembl\u00f8de dit t\u00f8j eller lave rod. \ud83c\udfe0Med store lommer og et vandt\u00e6t design g\u00f8r det vasket\u00f8jet hurtigere, renere og mere behageligt derhjemme eller p\u00e5 rejsen. \ud83d\udca6Det hj\u00e6lper ogs\u00e5 med at forhindre v\u00e5de gulve og dryppende vand under vasket\u00f8jsopgaver.","og_url":"https:\/\/mekulo.com\/dk\/produkt\/forklaede-til-toejtoerring\/","og_site_name":"Mekulo DK","article_modified_time":"2026-01-27T09:43:04+00:00","og_image":[{"width":700,"height":700,"url":"https:\/\/mekulo.com\/dk\/wp-content\/uploads\/sites\/12\/2026\/01\/ysjtmbz-1.jpg","type":"image\/jpeg"}],"twitter_card":"summary_large_image","twitter_misc":{"Estimeret l\u00e6setid":"2 minutter"},"schema":{"@context":"https:\/\/schema.org","@graph":[{"@type":"WebPage","@id":"https:\/\/mekulo.com\/dk\/produkt\/forklaede-til-toejtoerring\/","url":"https:\/\/mekulo.com\/dk\/produkt\/forklaede-til-toejtoerring\/","name":"Forkl\u00e6de til t\u00f8jt\u00f8rring - Mekulo DK","isPartOf":{"@id":"https:\/\/mekulo.com\/dk\/#website"},"primaryImageOfPage":{"@id":"https:\/\/mekulo.com\/dk\/produkt\/forklaede-til-toejtoerring\/#primaryimage"},"image":{"@id":"https:\/\/mekulo.com\/dk\/produkt\/forklaede-til-toejtoerring\/#primaryimage"},"thumbnailUrl":"https:\/\/mekulo.com\/dk\/wp-content\/uploads\/sites\/12\/2026\/01\/ysjtmbz-1.jpg","datePublished":"2026-01-22T19:32:08+00:00","dateModified":"2026-01-27T09:43:04+00:00","breadcrumb":{"@id":"https:\/\/mekulo.com\/dk\/produkt\/forklaede-til-toejtoerring\/#breadcrumb"},"inLanguage":"da-DK","potentialAction":[{"@type":"ReadAction","target":["https:\/\/mekulo.com\/dk\/produkt\/forklaede-til-toejtoerring\/"]}]},{"@type":"ImageObject","inLanguage":"da-DK","@id":"https:\/\/mekulo.com\/dk\/produkt\/forklaede-til-toejtoerring\/#primaryimage","url":"https:\/\/mekulo.com\/dk\/wp-content\/uploads\/sites\/12\/2026\/01\/ysjtmbz-1.jpg","contentUrl":"https:\/\/mekulo.com\/dk\/wp-content\/uploads\/sites\/12\/2026\/01\/ysjtmbz-1.jpg","width":700,"height":700},{"@type":"BreadcrumbList","@id":"https:\/\/mekulo.com\/dk\/produkt\/forklaede-til-toejtoerring\/#breadcrumb","itemListElement":[{"@type":"ListItem","position":1,"name":"Home","item":"https:\/\/mekulo.com\/dk\/"},{"@type":"ListItem","position":2,"name":"Butik","item":"https:\/\/mekulo.com\/dk\/butik\/"},{"@type":"ListItem","position":3,"name":"Forkl\u00e6de til t\u00f8jt\u00f8rring"}]},{"@type":"WebSite","@id":"https:\/\/mekulo.com\/dk\/#website","url":"https:\/\/mekulo.com\/dk\/","name":"Mekulo DK","description":"","publisher":{"@id":"https:\/\/mekulo.com\/dk\/#organization"},"potentialAction":[{"@type":"SearchAction","target":{"@type":"EntryPoint","urlTemplate":"https:\/\/mekulo.com\/dk\/?s={search_term_string}"},"query-input":{"@type":"PropertyValueSpecification","valueRequired":true,"valueName":"search_term_string"}}],"inLanguage":"da-DK"},{"@type":"Organization","@id":"https:\/\/mekulo.com\/dk\/#organization","name":"Mekulo","url":"https:\/\/mekulo.com\/dk\/","logo":{"@type":"ImageObject","inLanguage":"da-DK","@id":"https:\/\/mekulo.com\/dk\/#\/schema\/logo\/image\/","url":"https:\/\/mekulo.com\/dk\/wp-content\/uploads\/sites\/12\/2025\/12\/favicon_mekulo.png","contentUrl":"https:\/\/mekulo.com\/dk\/wp-content\/uploads\/sites\/12\/2025\/12\/favicon_mekulo.png","width":50,"height":50,"caption":"Mekulo"},"image":{"@id":"https:\/\/mekulo.com\/dk\/#\/schema\/logo\/image\/"}}]}},"_links":{"self":[{"href":"https:\/\/mekulo.com\/dk\/wp-json\/wp\/v2\/product\/19607","targetHints":{"allow":["GET"]}}],"collection":[{"href":"https:\/\/mekulo.com\/dk\/wp-json\/wp\/v2\/product"}],"about":[{"href":"https:\/\/mekulo.com\/dk\/wp-json\/wp\/v2\/types\/product"}],"replies":[{"embeddable":true,"href":"https:\/\/mekulo.com\/dk\/wp-json\/wp\/v2\/comments?post=19607"}],"wp:featuredmedia":[{"embeddable":true,"href":"https:\/\/mekulo.com\/dk\/wp-json\/wp\/v2\/media\/19603"}],"wp:attachment":[{"href":"https:\/\/mekulo.com\/dk\/wp-json\/wp\/v2\/media?parent=19607"}],"wp:term":[{"taxonomy":"product_brand","embeddable":true,"href":"https:\/\/mekulo.com\/dk\/wp-json\/wp\/v2\/product_brand?post=19607"},{"taxonomy":"product_cat","embeddable":true,"href":"https:\/\/mekulo.com\/dk\/wp-json\/wp\/v2\/product_cat?post=19607"},{"taxonomy":"product_tag","embeddable":true,"href":"https:\/\/mekulo.com\/dk\/wp-json\/wp\/v2\/product_tag?post=19607"}],"curies":[{"name":"wp","href":"https:\/\/api.w.org\/{rel}","templated":true}]}}