{"id":19579,"date":"2026-01-22T21:30:13","date_gmt":"2026-01-22T19:30:13","guid":{"rendered":"https:\/\/mekulo.com\/dk\/produkt\/elektrisk-latte-art-pen\/"},"modified":"2026-01-27T11:40:32","modified_gmt":"2026-01-27T09:40:32","slug":"elektrisk-latte-kunst-pen","status":"publish","type":"product","link":"https:\/\/mekulo.com\/dk\/produkt\/elektrisk-latte-kunst-pen\/","title":{"rendered":"Elektrisk latte kunst-pen"},"content":{"rendered":"<div class=\"flex flex-col text-sm pb-25\">\n<article class=\"text-token-text-primary w-full focus:outline-none [--shadow-height:45px] has-data-writing-block:pointer-events-none has-data-writing-block:-mt-(--shadow-height) has-data-writing-block:pt-(--shadow-height) [&amp;:has([data-writing-block])&gt;*]:pointer-events-auto scroll-mt-[calc(var(--header-height)+min(200px,max(70px,20svh)))]\" dir=\"auto\" data-turn-id=\"b446edc1-f740-4967-a22b-0097d843a926\" data-testid=\"conversation-turn-172\" data-scroll-anchor=\"true\" data-turn=\"assistant\">\n<div class=\"text-base my-auto mx-auto pb-10 [--thread-content-margin:--spacing(4)] @w-sm\/main:[--thread-content-margin:--spacing(6)] @w-lg\/main:[--thread-content-margin:--spacing(16)] px-(--thread-content-margin)\">\n<div class=\"[--thread-content-max-width:40rem] @w-lg\/main:[--thread-content-max-width:48rem] mx-auto max-w-(--thread-content-max-width) flex-1 group\/turn-messages focus-visible:outline-hidden relative flex w-full min-w-0 flex-col agent-turn\">\n<div class=\"flex max-w-full flex-col grow\">\n<div class=\"min-h-8 text-message relative flex w-full flex-col items-end gap-2 text-start break-words whitespace-normal [.text-message+&amp;]:mt-1\" dir=\"auto\" data-message-author-role=\"assistant\" data-message-id=\"14b7e48d-be42-4665-b146-1d0b9c2ac2ab\" data-message-model-slug=\"gpt-5-2\">\n<div class=\"flex w-full flex-col gap-1 empty:hidden first:pt-[1px]\">\n<div class=\"markdown prose dark:prose-invert w-full break-words light markdown-new-styling\">\n<p style=\"text-align: center;\" data-start=\"0\" data-end=\"70\"><strong data-start=\"0\" data-end=\"70\">Skab Smuk Latte Art Og Maddesign Med Et Enkelt Tryk. \u2615<\/strong><\/p>\n<p data-start=\"0\" data-end=\"70\"><img fetchpriority=\"high\" decoding=\"async\" class=\"size-full wp-image-21704 aligncenter\" src=\"https:\/\/mekulo.com\/template\/wp-content\/uploads\/sites\/6\/2026\/01\/2-13.jpeg\" alt=\"\" width=\"800\" height=\"800\" \/><\/p>\n<h2 style=\"text-align: center;\" data-start=\"303\" data-end=\"322\">Hovedfordele \u2615<\/h2>\n<p data-start=\"325\" data-end=\"398\">\ud83c\udfa8 Elektrisk tegnepen &#8211; Skab nemt rene og detaljerede m\u00f8nstre.<\/p>\n<p data-start=\"401\" data-end=\"461\">\u26a1 Betjening med \u00e9n knap &#8211; Tryk blot for at begynde at tegne.<\/p>\n<p data-start=\"464\" data-end=\"521\">\ud83c\udf38 Perfekt til latte kunst &#8211; Opgrader kaffen med det samme.<\/p>\n<p data-start=\"524\" data-end=\"586\">\ud83c\udf70 Multi-food-brug &#8211; Dekorer kaffe, kager, desserter og retter.<\/p>\n<p data-start=\"589\" data-end=\"641\">\ud83d\udd04 Let refill-design &#8211; Skift hurtigt pulver.<\/p>\n<p data-start=\"644\" data-end=\"706\">\ud83d\udc68\u200d\ud83d\udc69\u200d\ud83d\udc67 Sjov for alle &#8211; Perfekt til familiens DIY-\u00f8jeblikke.<\/p>\n<p data-start=\"644\" data-end=\"706\"><img decoding=\"async\" class=\"size-full wp-image-21706 aligncenter\" src=\"https:\/\/mekulo.com\/template\/wp-content\/uploads\/sites\/6\/2026\/01\/6-14.jpeg\" alt=\"\" width=\"1000\" height=\"1000\" \/><\/p>\n<h2 style=\"text-align: center;\" data-start=\"713\" data-end=\"727\">S\u00e5dan bruges \ud83d\udccc<\/h2>\n<ol data-start=\"728\" data-end=\"995\">\n<li data-start=\"728\" data-end=\"764\">\n<p data-start=\"731\" data-end=\"764\">\u00c5bn bagsiden af pennen.<\/p>\n<\/li>\n<li data-start=\"765\" data-end=\"828\">\n<p data-start=\"768\" data-end=\"828\">Fyld med pulveriseret topping (kanel, kakao, sukker osv.).<\/p>\n<\/li>\n<li data-start=\"829\" data-end=\"859\">\n<p data-start=\"832\" data-end=\"859\">Luk d\u00e6kslet ordentligt.<\/p>\n<\/li>\n<li data-start=\"860\" data-end=\"902\">\n<p data-start=\"863\" data-end=\"902\">Tryk p\u00e5 knappen for at aktivere pennen.<\/p>\n<\/li>\n<li data-start=\"903\" data-end=\"955\">\n<p data-start=\"906\" data-end=\"955\">Tegn direkte p\u00e5 kaffen eller maden som en pensel.<\/p>\n<\/li>\n<li data-start=\"956\" data-end=\"995\">\n<p data-start=\"959\" data-end=\"995\">Reng\u00f8r og genopfyld til n\u00e6ste brug.<\/p>\n<\/li>\n<\/ol>\n<h2 style=\"text-align: center;\" data-start=\"1002\" data-end=\"1021\">Produktdetaljer \ud83d\udccf<\/h2>\n<ul data-start=\"1022\" data-end=\"1302\">\n<li data-start=\"1101\" data-end=\"1153\">\n<p data-start=\"1103\" data-end=\"1153\">Brug: Kaffekunst, kagedekoration, madkrydderi<\/p>\n<\/li>\n<li data-start=\"1154\" data-end=\"1236\">\n<p data-start=\"1156\" data-end=\"1236\">Kompatible pulvere: Kanel, kakao, kaffepulver, sukker, chilipulver, krydderurter<\/p>\n<\/li>\n<li data-start=\"1237\" data-end=\"1268\">\n<p data-start=\"1239\" data-end=\"1268\">Betjening: Knapaktiveret<\/p>\n<\/li>\n<li data-start=\"1269\" data-end=\"1302\">\n<p data-start=\"1271\" data-end=\"1302\">Design: H\u00e5ndholdt, nem genopfyldning<\/p>\n<\/li>\n<li data-start=\"1269\" data-end=\"1302\">St\u00f8rrelse: 16 cm<\/li>\n<\/ul>\n<h2 style=\"text-align: center;\" data-start=\"1309\" data-end=\"1329\">Pakken indeholder \ud83d\udce6<\/h2>\n<ul data-start=\"1330\" data-end=\"1363\" data-is-last-node=\"\" data-is-only-node=\"\">\n<li data-start=\"1330\" data-end=\"1363\" data-is-last-node=\"\">\n<p data-start=\"1332\" data-end=\"1363\" data-is-last-node=\"\">1, 2x elektrisk(e) latte kunst-pen(ne).<\/p>\n<\/li>\n<\/ul>\n<\/div>\n<\/div>\n<\/div>\n<\/div>\n<\/div>\n<\/div>\n<\/article>\n<\/div>\n","protected":false},"excerpt":{"rendered":"<p>\ud83d\udd8b\ufe0fDette elektrisk latte kunst-pen kan du tegne m\u00f8nstre p\u00e5 kaffe, desserter og mad ved hj\u00e6lp af toppings i pulverform.<br \/>\n\ud83c\udf70Med nem betjening med \u00e9n knap hj\u00e6lper den alle med at forvandle almindelige drikkevarer og retter til i\u00f8jnefaldende kreationer p\u00e5 f\u00e5 sekunder.<br \/>\n\ud83c\udfa8Du beh\u00f8ver ikke s\u00e6rlige f\u00e6rdigheder for at f\u00e5 din mad til at se professionel og sjov ud.<\/p>\n","protected":false},"featured_media":19575,"comment_status":"open","ping_status":"closed","template":"","meta":{"site-sidebar-layout":"default","site-content-layout":"","ast-site-content-layout":"default","site-content-style":"default","site-sidebar-style":"default","ast-global-header-display":"","ast-banner-title-visibility":"","ast-main-header-display":"","ast-hfb-above-header-display":"","ast-hfb-below-header-display":"","ast-hfb-mobile-header-display":"","site-post-title":"","ast-breadcrumbs-content":"","ast-featured-img":"","footer-sml-layout":"","ast-disable-related-posts":"","theme-transparent-header-meta":"default","adv-header-id-meta":"","stick-header-meta":"","header-above-stick-meta":"","header-main-stick-meta":"","header-below-stick-meta":"","astra-migrate-meta-layouts":"set","ast-page-background-enabled":"default","ast-page-background-meta":{"desktop":{"background-color":"var(--ast-global-color-5)","background-image":"","background-repeat":"repeat","background-position":"center center","background-size":"auto","background-attachment":"scroll","background-type":"","background-media":"","overlay-type":"","overlay-color":"","overlay-opacity":"","overlay-gradient":""},"tablet":{"background-color":"","background-image":"","background-repeat":"repeat","background-position":"center center","background-size":"auto","background-attachment":"scroll","background-type":"","background-media":"","overlay-type":"","overlay-color":"","overlay-opacity":"","overlay-gradient":""},"mobile":{"background-color":"","background-image":"","background-repeat":"repeat","background-position":"center center","background-size":"auto","background-attachment":"scroll","background-type":"","background-media":"","overlay-type":"","overlay-color":"","overlay-opacity":"","overlay-gradient":""}},"ast-content-background-meta":{"desktop":{"background-color":"var(--ast-global-color-4)","background-image":"","background-repeat":"repeat","background-position":"center center","background-size":"auto","background-attachment":"scroll","background-type":"","background-media":"","overlay-type":"","overlay-color":"","overlay-opacity":"","overlay-gradient":""},"tablet":{"background-color":"var(--ast-global-color-4)","background-image":"","background-repeat":"repeat","background-position":"center center","background-size":"auto","background-attachment":"scroll","background-type":"","background-media":"","overlay-type":"","overlay-color":"","overlay-opacity":"","overlay-gradient":""},"mobile":{"background-color":"var(--ast-global-color-4)","background-image":"","background-repeat":"repeat","background-position":"center center","background-size":"auto","background-attachment":"scroll","background-type":"","background-media":"","overlay-type":"","overlay-color":"","overlay-opacity":"","overlay-gradient":""}}},"product_brand":[],"product_cat":[168,171],"product_tag":[],"class_list":{"0":"post-19579","1":"product","2":"type-product","3":"status-publish","4":"has-post-thumbnail","6":"product_cat-husholdningsartikler","7":"product_cat-vaerktoejer","8":"pa_51604_3bng98ys-gul","9":"pa_51604_3bng98ys-hvid","10":"pa_51604_3bng98ys-lyseroed","11":"pa_51604_3bng98ys-roed","12":"pa_51604_mskxv5k0-1-stk","13":"pa_51604_mskxv5k0-2-stk","14":"desktop-align-left","15":"tablet-align-left","16":"mobile-align-left","18":"first","19":"instock","20":"shipping-taxable","21":"purchasable","22":"product-type-variable","23":"has-default-attributes"},"yoast_head":"<!-- This site is optimized with the Yoast SEO plugin v27.4 - https:\/\/yoast.com\/product\/yoast-seo-wordpress\/ -->\n<title>Elektrisk latte kunst-pen - Mekulo DK<\/title>\n<meta name=\"robots\" content=\"index, follow, max-snippet:-1, max-image-preview:large, max-video-preview:-1\" \/>\n<link rel=\"canonical\" href=\"https:\/\/mekulo.com\/dk\/produkt\/elektrisk-latte-kunst-pen\/\" \/>\n<meta property=\"og:locale\" content=\"da_DK\" \/>\n<meta property=\"og:type\" content=\"article\" \/>\n<meta property=\"og:title\" content=\"Elektrisk latte kunst-pen - Mekulo DK\" \/>\n<meta property=\"og:description\" content=\"\ud83d\udd8b\ufe0fDette elektrisk latte kunst-pen kan du tegne m\u00f8nstre p\u00e5 kaffe, desserter og mad ved hj\u00e6lp af toppings i pulverform. \ud83c\udf70Med nem betjening med \u00e9n knap hj\u00e6lper den alle med at forvandle almindelige drikkevarer og retter til i\u00f8jnefaldende kreationer p\u00e5 f\u00e5 sekunder. \ud83c\udfa8Du beh\u00f8ver ikke s\u00e6rlige f\u00e6rdigheder for at f\u00e5 din mad til at se professionel og sjov ud.\" \/>\n<meta property=\"og:url\" content=\"https:\/\/mekulo.com\/dk\/produkt\/elektrisk-latte-kunst-pen\/\" \/>\n<meta property=\"og:site_name\" content=\"Mekulo DK\" \/>\n<meta property=\"article:modified_time\" content=\"2026-01-27T09:40:32+00:00\" \/>\n<meta property=\"og:image\" content=\"https:\/\/mekulo.com\/dk\/wp-content\/uploads\/sites\/12\/2026\/01\/whh0s4z-1.jpeg\" \/>\n\t<meta property=\"og:image:width\" content=\"800\" \/>\n\t<meta property=\"og:image:height\" content=\"800\" \/>\n\t<meta property=\"og:image:type\" content=\"image\/jpeg\" \/>\n<meta name=\"twitter:card\" content=\"summary_large_image\" \/>\n<meta name=\"twitter:label1\" content=\"Estimeret l\u00e6setid\" \/>\n\t<meta name=\"twitter:data1\" content=\"2 minutter\" \/>\n<script type=\"application\/ld+json\" class=\"yoast-schema-graph\">{\"@context\":\"https:\\\/\\\/schema.org\",\"@graph\":[{\"@type\":\"WebPage\",\"@id\":\"https:\\\/\\\/mekulo.com\\\/dk\\\/produkt\\\/elektrisk-latte-kunst-pen\\\/\",\"url\":\"https:\\\/\\\/mekulo.com\\\/dk\\\/produkt\\\/elektrisk-latte-kunst-pen\\\/\",\"name\":\"Elektrisk latte kunst-pen - Mekulo DK\",\"isPartOf\":{\"@id\":\"https:\\\/\\\/mekulo.com\\\/dk\\\/#website\"},\"primaryImageOfPage\":{\"@id\":\"https:\\\/\\\/mekulo.com\\\/dk\\\/produkt\\\/elektrisk-latte-kunst-pen\\\/#primaryimage\"},\"image\":{\"@id\":\"https:\\\/\\\/mekulo.com\\\/dk\\\/produkt\\\/elektrisk-latte-kunst-pen\\\/#primaryimage\"},\"thumbnailUrl\":\"https:\\\/\\\/mekulo.com\\\/dk\\\/wp-content\\\/uploads\\\/sites\\\/12\\\/2026\\\/01\\\/whh0s4z-1.jpeg\",\"datePublished\":\"2026-01-22T19:30:13+00:00\",\"dateModified\":\"2026-01-27T09:40:32+00:00\",\"breadcrumb\":{\"@id\":\"https:\\\/\\\/mekulo.com\\\/dk\\\/produkt\\\/elektrisk-latte-kunst-pen\\\/#breadcrumb\"},\"inLanguage\":\"da-DK\",\"potentialAction\":[{\"@type\":\"ReadAction\",\"target\":[\"https:\\\/\\\/mekulo.com\\\/dk\\\/produkt\\\/elektrisk-latte-kunst-pen\\\/\"]}]},{\"@type\":\"ImageObject\",\"inLanguage\":\"da-DK\",\"@id\":\"https:\\\/\\\/mekulo.com\\\/dk\\\/produkt\\\/elektrisk-latte-kunst-pen\\\/#primaryimage\",\"url\":\"https:\\\/\\\/mekulo.com\\\/dk\\\/wp-content\\\/uploads\\\/sites\\\/12\\\/2026\\\/01\\\/whh0s4z-1.jpeg\",\"contentUrl\":\"https:\\\/\\\/mekulo.com\\\/dk\\\/wp-content\\\/uploads\\\/sites\\\/12\\\/2026\\\/01\\\/whh0s4z-1.jpeg\",\"width\":800,\"height\":800},{\"@type\":\"BreadcrumbList\",\"@id\":\"https:\\\/\\\/mekulo.com\\\/dk\\\/produkt\\\/elektrisk-latte-kunst-pen\\\/#breadcrumb\",\"itemListElement\":[{\"@type\":\"ListItem\",\"position\":1,\"name\":\"Home\",\"item\":\"https:\\\/\\\/mekulo.com\\\/dk\\\/\"},{\"@type\":\"ListItem\",\"position\":2,\"name\":\"Butik\",\"item\":\"https:\\\/\\\/mekulo.com\\\/dk\\\/butik\\\/\"},{\"@type\":\"ListItem\",\"position\":3,\"name\":\"Elektrisk latte kunst-pen\"}]},{\"@type\":\"WebSite\",\"@id\":\"https:\\\/\\\/mekulo.com\\\/dk\\\/#website\",\"url\":\"https:\\\/\\\/mekulo.com\\\/dk\\\/\",\"name\":\"Mekulo DK\",\"description\":\"\",\"publisher\":{\"@id\":\"https:\\\/\\\/mekulo.com\\\/dk\\\/#organization\"},\"potentialAction\":[{\"@type\":\"SearchAction\",\"target\":{\"@type\":\"EntryPoint\",\"urlTemplate\":\"https:\\\/\\\/mekulo.com\\\/dk\\\/?s={search_term_string}\"},\"query-input\":{\"@type\":\"PropertyValueSpecification\",\"valueRequired\":true,\"valueName\":\"search_term_string\"}}],\"inLanguage\":\"da-DK\"},{\"@type\":\"Organization\",\"@id\":\"https:\\\/\\\/mekulo.com\\\/dk\\\/#organization\",\"name\":\"Mekulo\",\"url\":\"https:\\\/\\\/mekulo.com\\\/dk\\\/\",\"logo\":{\"@type\":\"ImageObject\",\"inLanguage\":\"da-DK\",\"@id\":\"https:\\\/\\\/mekulo.com\\\/dk\\\/#\\\/schema\\\/logo\\\/image\\\/\",\"url\":\"https:\\\/\\\/mekulo.com\\\/dk\\\/wp-content\\\/uploads\\\/sites\\\/12\\\/2025\\\/12\\\/favicon_mekulo.png\",\"contentUrl\":\"https:\\\/\\\/mekulo.com\\\/dk\\\/wp-content\\\/uploads\\\/sites\\\/12\\\/2025\\\/12\\\/favicon_mekulo.png\",\"width\":50,\"height\":50,\"caption\":\"Mekulo\"},\"image\":{\"@id\":\"https:\\\/\\\/mekulo.com\\\/dk\\\/#\\\/schema\\\/logo\\\/image\\\/\"}}]}<\/script>\n<!-- \/ Yoast SEO plugin. -->","yoast_head_json":{"title":"Elektrisk latte kunst-pen - Mekulo DK","robots":{"index":"index","follow":"follow","max-snippet":"max-snippet:-1","max-image-preview":"max-image-preview:large","max-video-preview":"max-video-preview:-1"},"canonical":"https:\/\/mekulo.com\/dk\/produkt\/elektrisk-latte-kunst-pen\/","og_locale":"da_DK","og_type":"article","og_title":"Elektrisk latte kunst-pen - Mekulo DK","og_description":"\ud83d\udd8b\ufe0fDette elektrisk latte kunst-pen kan du tegne m\u00f8nstre p\u00e5 kaffe, desserter og mad ved hj\u00e6lp af toppings i pulverform. \ud83c\udf70Med nem betjening med \u00e9n knap hj\u00e6lper den alle med at forvandle almindelige drikkevarer og retter til i\u00f8jnefaldende kreationer p\u00e5 f\u00e5 sekunder. \ud83c\udfa8Du beh\u00f8ver ikke s\u00e6rlige f\u00e6rdigheder for at f\u00e5 din mad til at se professionel og sjov ud.","og_url":"https:\/\/mekulo.com\/dk\/produkt\/elektrisk-latte-kunst-pen\/","og_site_name":"Mekulo DK","article_modified_time":"2026-01-27T09:40:32+00:00","og_image":[{"width":800,"height":800,"url":"https:\/\/mekulo.com\/dk\/wp-content\/uploads\/sites\/12\/2026\/01\/whh0s4z-1.jpeg","type":"image\/jpeg"}],"twitter_card":"summary_large_image","twitter_misc":{"Estimeret l\u00e6setid":"2 minutter"},"schema":{"@context":"https:\/\/schema.org","@graph":[{"@type":"WebPage","@id":"https:\/\/mekulo.com\/dk\/produkt\/elektrisk-latte-kunst-pen\/","url":"https:\/\/mekulo.com\/dk\/produkt\/elektrisk-latte-kunst-pen\/","name":"Elektrisk latte kunst-pen - Mekulo DK","isPartOf":{"@id":"https:\/\/mekulo.com\/dk\/#website"},"primaryImageOfPage":{"@id":"https:\/\/mekulo.com\/dk\/produkt\/elektrisk-latte-kunst-pen\/#primaryimage"},"image":{"@id":"https:\/\/mekulo.com\/dk\/produkt\/elektrisk-latte-kunst-pen\/#primaryimage"},"thumbnailUrl":"https:\/\/mekulo.com\/dk\/wp-content\/uploads\/sites\/12\/2026\/01\/whh0s4z-1.jpeg","datePublished":"2026-01-22T19:30:13+00:00","dateModified":"2026-01-27T09:40:32+00:00","breadcrumb":{"@id":"https:\/\/mekulo.com\/dk\/produkt\/elektrisk-latte-kunst-pen\/#breadcrumb"},"inLanguage":"da-DK","potentialAction":[{"@type":"ReadAction","target":["https:\/\/mekulo.com\/dk\/produkt\/elektrisk-latte-kunst-pen\/"]}]},{"@type":"ImageObject","inLanguage":"da-DK","@id":"https:\/\/mekulo.com\/dk\/produkt\/elektrisk-latte-kunst-pen\/#primaryimage","url":"https:\/\/mekulo.com\/dk\/wp-content\/uploads\/sites\/12\/2026\/01\/whh0s4z-1.jpeg","contentUrl":"https:\/\/mekulo.com\/dk\/wp-content\/uploads\/sites\/12\/2026\/01\/whh0s4z-1.jpeg","width":800,"height":800},{"@type":"BreadcrumbList","@id":"https:\/\/mekulo.com\/dk\/produkt\/elektrisk-latte-kunst-pen\/#breadcrumb","itemListElement":[{"@type":"ListItem","position":1,"name":"Home","item":"https:\/\/mekulo.com\/dk\/"},{"@type":"ListItem","position":2,"name":"Butik","item":"https:\/\/mekulo.com\/dk\/butik\/"},{"@type":"ListItem","position":3,"name":"Elektrisk latte kunst-pen"}]},{"@type":"WebSite","@id":"https:\/\/mekulo.com\/dk\/#website","url":"https:\/\/mekulo.com\/dk\/","name":"Mekulo DK","description":"","publisher":{"@id":"https:\/\/mekulo.com\/dk\/#organization"},"potentialAction":[{"@type":"SearchAction","target":{"@type":"EntryPoint","urlTemplate":"https:\/\/mekulo.com\/dk\/?s={search_term_string}"},"query-input":{"@type":"PropertyValueSpecification","valueRequired":true,"valueName":"search_term_string"}}],"inLanguage":"da-DK"},{"@type":"Organization","@id":"https:\/\/mekulo.com\/dk\/#organization","name":"Mekulo","url":"https:\/\/mekulo.com\/dk\/","logo":{"@type":"ImageObject","inLanguage":"da-DK","@id":"https:\/\/mekulo.com\/dk\/#\/schema\/logo\/image\/","url":"https:\/\/mekulo.com\/dk\/wp-content\/uploads\/sites\/12\/2025\/12\/favicon_mekulo.png","contentUrl":"https:\/\/mekulo.com\/dk\/wp-content\/uploads\/sites\/12\/2025\/12\/favicon_mekulo.png","width":50,"height":50,"caption":"Mekulo"},"image":{"@id":"https:\/\/mekulo.com\/dk\/#\/schema\/logo\/image\/"}}]}},"_links":{"self":[{"href":"https:\/\/mekulo.com\/dk\/wp-json\/wp\/v2\/product\/19579","targetHints":{"allow":["GET"]}}],"collection":[{"href":"https:\/\/mekulo.com\/dk\/wp-json\/wp\/v2\/product"}],"about":[{"href":"https:\/\/mekulo.com\/dk\/wp-json\/wp\/v2\/types\/product"}],"replies":[{"embeddable":true,"href":"https:\/\/mekulo.com\/dk\/wp-json\/wp\/v2\/comments?post=19579"}],"wp:featuredmedia":[{"embeddable":true,"href":"https:\/\/mekulo.com\/dk\/wp-json\/wp\/v2\/media\/19575"}],"wp:attachment":[{"href":"https:\/\/mekulo.com\/dk\/wp-json\/wp\/v2\/media?parent=19579"}],"wp:term":[{"taxonomy":"product_brand","embeddable":true,"href":"https:\/\/mekulo.com\/dk\/wp-json\/wp\/v2\/product_brand?post=19579"},{"taxonomy":"product_cat","embeddable":true,"href":"https:\/\/mekulo.com\/dk\/wp-json\/wp\/v2\/product_cat?post=19579"},{"taxonomy":"product_tag","embeddable":true,"href":"https:\/\/mekulo.com\/dk\/wp-json\/wp\/v2\/product_tag?post=19579"}],"curies":[{"name":"wp","href":"https:\/\/api.w.org\/{rel}","templated":true}]}}