{"id":19479,"date":"2026-01-22T21:22:55","date_gmt":"2026-01-22T19:22:55","guid":{"rendered":"https:\/\/mekulo.com\/dk\/produkt\/ramen-skaal-til-mikroovn\/"},"modified":"2026-01-27T11:25:22","modified_gmt":"2026-01-27T09:25:22","slug":"ramen-skaal-til-mikroovn","status":"publish","type":"product","link":"https:\/\/mekulo.com\/dk\/produkt\/ramen-skaal-til-mikroovn\/","title":{"rendered":"Ramen-sk\u00e5l til mikroovn"},"content":{"rendered":"<p style=\"text-align: center;\" data-start=\"0\" data-end=\"63\"><strong data-start=\"0\" data-end=\"63\">Lav varme ramen og m\u00e5ltider hurtigt med en nem mikrob\u00f8lgesk\u00e5l. \ud83d\udd25<\/strong><\/p>\n<p data-start=\"0\" data-end=\"63\"><img decoding=\"async\" class=\"size-full wp-image-21624 aligncenter\" src=\"https:\/\/mekulo.com\/template\/wp-content\/uploads\/sites\/6\/2026\/01\/b9517bbe62ca7fdf0fbe4a35f6666830d4455061.avif\" alt=\"\" \/><\/p>\n<h2 style=\"text-align: center;\" data-start=\"276\" data-end=\"296\">Hovedfordele \ud83c\udf5c<\/h2>\n<p data-start=\"299\" data-end=\"368\">\ud83c\udf7d\ufe0f Alt-i-et-s\u00e6t &#8211; Sk\u00e5l, ske, gaffel og spisepinde inkluderet.<\/p>\n<p data-start=\"371\" data-end=\"421\">\ud83d\udd25 Klar til mikrob\u00f8lgeovn &#8211; Intet komfur eller gryder er n\u00f8dvendige.<\/p>\n<p data-start=\"424\" data-end=\"478\">\ud83e\uddfc Let at reng\u00f8re &#8211; Glat PP-materiale i f\u00f8devarekvalitet.<\/p>\n<p data-start=\"481\" data-end=\"539\">\ud83d\udce6 Kompakt st\u00f8rrelse &#8211; Opbevares let uden at tage plads.<\/p>\n<p data-start=\"542\" data-end=\"602\">\ud83c\udf5d Multifunktionel &#8211; Perfekt til ramen, pasta, havregryn, salater.<\/p>\n<p data-start=\"605\" data-end=\"647\">\u23f1\ufe0f Hurtig tilberedning af m\u00e5ltider &#8211; Klar p\u00e5 f\u00e5 minutter.<\/p>\n<p data-start=\"605\" data-end=\"647\"><img fetchpriority=\"high\" decoding=\"async\" class=\" wp-image-21625 aligncenter\" src=\"https:\/\/mekulo.com\/template\/wp-content\/uploads\/sites\/6\/2026\/01\/d5197b88d1e0d5401a42c302b0e012fd8d9bba3e-700.avif\" alt=\"\" width=\"781\" height=\"781\" \/><\/p>\n<h2 style=\"text-align: center;\" data-start=\"654\" data-end=\"668\">S\u00e5dan bruges \ud83d\udccc<\/h2>\n<ol data-start=\"669\" data-end=\"885\">\n<li data-start=\"669\" data-end=\"710\">\n<p data-start=\"672\" data-end=\"710\">Placer nudler eller mad i sk\u00e5len.<\/p>\n<\/li>\n<li data-start=\"711\" data-end=\"736\">\n<p data-start=\"714\" data-end=\"736\">Tils\u00e6t vand efter behov.<\/p>\n<\/li>\n<li data-start=\"737\" data-end=\"770\">\n<p data-start=\"740\" data-end=\"770\">D\u00e6k sk\u00e5len med l\u00e5get.<\/p>\n<\/li>\n<li data-start=\"771\" data-end=\"800\">\n<p data-start=\"774\" data-end=\"800\">S\u00e6t den i mikrob\u00f8lgeovnen.<\/p>\n<\/li>\n<li data-start=\"801\" data-end=\"824\">\n<p data-start=\"804\" data-end=\"824\">Varm op, indtil den er kogt.<\/p>\n<\/li>\n<li data-start=\"825\" data-end=\"885\">\n<p data-start=\"828\" data-end=\"885\">Tag den forsigtigt ud, og nyd den med de medf\u00f8lgende redskaber.<\/p>\n<\/li>\n<\/ol>\n<h2 style=\"text-align: center;\" data-start=\"892\" data-end=\"911\">Produktdetaljer \ud83d\udccf<\/h2>\n<ul data-start=\"912\" data-end=\"1220\">\n<li data-start=\"951\" data-end=\"978\">\n<p data-start=\"953\" data-end=\"978\">Materiale: PP i f\u00f8devarekvalitet<\/p>\n<\/li>\n<li data-start=\"979\" data-end=\"1027\">\n<p data-start=\"981\" data-end=\"1027\">Sk\u00e5lst\u00f8rrelse: 17,5 x 11 cm<\/p>\n<\/li>\n<li data-start=\"1028\" data-end=\"1073\">\n<p data-start=\"1030\" data-end=\"1073\">Ske st\u00f8rrelse: 16 x 3 cm<\/p>\n<\/li>\n<li data-start=\"1074\" data-end=\"1122\">\n<p data-start=\"1076\" data-end=\"1122\">Gaffel st\u00f8rrelse: 15,5 x 2,5 cm<\/p>\n<\/li>\n<li data-start=\"1123\" data-end=\"1165\">\n<p data-start=\"1125\" data-end=\"1165\">Spisepinde l\u00e6ngde: 18 cm<\/p>\n<\/li>\n<li data-start=\"1166\" data-end=\"1183\">\n<p data-start=\"1168\" data-end=\"1183\">V\u00e6gt: 180 g<\/p>\n<\/li>\n<\/ul>\n<h2 style=\"text-align: center;\" data-start=\"1227\" data-end=\"1247\">Pakken indeholder \ud83d\udce6<\/h2>\n<ul data-start=\"1248\" data-end=\"1340\" data-is-last-node=\"\" data-is-only-node=\"\">\n<li data-start=\"1248\" data-end=\"1279\">\n<p data-start=\"1250\" data-end=\"1279\">1x ramen-sk\u00e5l til mikrob\u00f8lgeovn<\/p>\n<\/li>\n<li data-start=\"1248\" data-end=\"1279\">\n<p data-start=\"1250\" data-end=\"1279\">1x ske<\/p>\n<\/li>\n<li data-start=\"1297\" data-end=\"1312\">\n<p data-start=\"1299\" data-end=\"1312\">1x gaffel<\/p>\n<\/li>\n<li data-start=\"1313\" data-end=\"1340\" data-is-last-node=\"\">\n<p data-start=\"1315\" data-end=\"1340\" data-is-last-node=\"\">1x par spisepinde.<\/p>\n<\/li>\n<\/ul>\n","protected":false},"excerpt":{"rendered":"<p>\ud83c\udf5cMed denne ramen-sk\u00e5l til mikroovn kan du tilberede og nyde ramen uden komfur eller ekstra opvask.<br \/>\n\ud83d\udca7Bare tils\u00e6t vand, mikroovn og spis direkte fra sk\u00e5len, hvilket g\u00f8r den perfekt til travle dage derhjemme, p\u00e5 arbejdet eller i skolen.<br \/>\n\u231bDet sparer tid, samtidig med at det reducerer oprydning og rod.<\/p>\n","protected":false},"featured_media":19475,"comment_status":"open","ping_status":"closed","template":"","meta":{"site-sidebar-layout":"default","site-content-layout":"","ast-site-content-layout":"default","site-content-style":"default","site-sidebar-style":"default","ast-global-header-display":"","ast-banner-title-visibility":"","ast-main-header-display":"","ast-hfb-above-header-display":"","ast-hfb-below-header-display":"","ast-hfb-mobile-header-display":"","site-post-title":"","ast-breadcrumbs-content":"","ast-featured-img":"","footer-sml-layout":"","ast-disable-related-posts":"","theme-transparent-header-meta":"default","adv-header-id-meta":"","stick-header-meta":"","header-above-stick-meta":"","header-main-stick-meta":"","header-below-stick-meta":"","astra-migrate-meta-layouts":"set","ast-page-background-enabled":"default","ast-page-background-meta":{"desktop":{"background-color":"var(--ast-global-color-5)","background-image":"","background-repeat":"repeat","background-position":"center center","background-size":"auto","background-attachment":"scroll","background-type":"","background-media":"","overlay-type":"","overlay-color":"","overlay-opacity":"","overlay-gradient":""},"tablet":{"background-color":"","background-image":"","background-repeat":"repeat","background-position":"center center","background-size":"auto","background-attachment":"scroll","background-type":"","background-media":"","overlay-type":"","overlay-color":"","overlay-opacity":"","overlay-gradient":""},"mobile":{"background-color":"","background-image":"","background-repeat":"repeat","background-position":"center center","background-size":"auto","background-attachment":"scroll","background-type":"","background-media":"","overlay-type":"","overlay-color":"","overlay-opacity":"","overlay-gradient":""}},"ast-content-background-meta":{"desktop":{"background-color":"var(--ast-global-color-4)","background-image":"","background-repeat":"repeat","background-position":"center center","background-size":"auto","background-attachment":"scroll","background-type":"","background-media":"","overlay-type":"","overlay-color":"","overlay-opacity":"","overlay-gradient":""},"tablet":{"background-color":"var(--ast-global-color-4)","background-image":"","background-repeat":"repeat","background-position":"center center","background-size":"auto","background-attachment":"scroll","background-type":"","background-media":"","overlay-type":"","overlay-color":"","overlay-opacity":"","overlay-gradient":""},"mobile":{"background-color":"var(--ast-global-color-4)","background-image":"","background-repeat":"repeat","background-position":"center center","background-size":"auto","background-attachment":"scroll","background-type":"","background-media":"","overlay-type":"","overlay-color":"","overlay-opacity":"","overlay-gradient":""}}},"product_brand":[],"product_cat":[168],"product_tag":[],"class_list":{"0":"post-19479","1":"product","2":"type-product","3":"status-publish","4":"has-post-thumbnail","6":"product_cat-husholdningsartikler","7":"pa_51525_9ua5j63q-1-saet","8":"pa_51525_9ua5j63q-2-saet","9":"pa_51525_9ua5j63q-3-saet","10":"pa_51525_p4zrzsvt-beige","11":"pa_51525_p4zrzsvt-blaa","12":"pa_51525_p4zrzsvt-groen","13":"pa_51525_p4zrzsvt-lyseroed","14":"desktop-align-left","15":"tablet-align-left","16":"mobile-align-left","18":"first","19":"instock","20":"shipping-taxable","21":"purchasable","22":"product-type-variable","23":"has-default-attributes"},"yoast_head":"<!-- This site is optimized with the Yoast SEO plugin v27.4 - https:\/\/yoast.com\/product\/yoast-seo-wordpress\/ -->\n<title>Ramen-sk\u00e5l til mikroovn - Mekulo DK<\/title>\n<meta name=\"robots\" content=\"index, follow, max-snippet:-1, max-image-preview:large, max-video-preview:-1\" \/>\n<link rel=\"canonical\" href=\"https:\/\/mekulo.com\/dk\/produkt\/ramen-skaal-til-mikroovn\/\" \/>\n<meta property=\"og:locale\" content=\"da_DK\" \/>\n<meta property=\"og:type\" content=\"article\" \/>\n<meta property=\"og:title\" content=\"Ramen-sk\u00e5l til mikroovn - Mekulo DK\" \/>\n<meta property=\"og:description\" content=\"\ud83c\udf5cMed denne ramen-sk\u00e5l til mikroovn kan du tilberede og nyde ramen uden komfur eller ekstra opvask. \ud83d\udca7Bare tils\u00e6t vand, mikroovn og spis direkte fra sk\u00e5len, hvilket g\u00f8r den perfekt til travle dage derhjemme, p\u00e5 arbejdet eller i skolen. \u231bDet sparer tid, samtidig med at det reducerer oprydning og rod.\" \/>\n<meta property=\"og:url\" content=\"https:\/\/mekulo.com\/dk\/produkt\/ramen-skaal-til-mikroovn\/\" \/>\n<meta property=\"og:site_name\" content=\"Mekulo DK\" \/>\n<meta property=\"article:modified_time\" content=\"2026-01-27T09:25:22+00:00\" \/>\n<meta property=\"og:image\" content=\"https:\/\/mekulo.com\/dk\/wp-content\/uploads\/sites\/12\/2026\/01\/hdkxwy7-1.jpg\" \/>\n\t<meta property=\"og:image:width\" content=\"700\" \/>\n\t<meta property=\"og:image:height\" content=\"700\" \/>\n\t<meta property=\"og:image:type\" content=\"image\/jpeg\" \/>\n<meta name=\"twitter:card\" content=\"summary_large_image\" \/>\n<meta name=\"twitter:label1\" content=\"Estimeret l\u00e6setid\" \/>\n\t<meta name=\"twitter:data1\" content=\"2 minutter\" \/>\n<script type=\"application\/ld+json\" class=\"yoast-schema-graph\">{\"@context\":\"https:\\\/\\\/schema.org\",\"@graph\":[{\"@type\":\"WebPage\",\"@id\":\"https:\\\/\\\/mekulo.com\\\/dk\\\/produkt\\\/ramen-skaal-til-mikroovn\\\/\",\"url\":\"https:\\\/\\\/mekulo.com\\\/dk\\\/produkt\\\/ramen-skaal-til-mikroovn\\\/\",\"name\":\"Ramen-sk\u00e5l til mikroovn - Mekulo DK\",\"isPartOf\":{\"@id\":\"https:\\\/\\\/mekulo.com\\\/dk\\\/#website\"},\"primaryImageOfPage\":{\"@id\":\"https:\\\/\\\/mekulo.com\\\/dk\\\/produkt\\\/ramen-skaal-til-mikroovn\\\/#primaryimage\"},\"image\":{\"@id\":\"https:\\\/\\\/mekulo.com\\\/dk\\\/produkt\\\/ramen-skaal-til-mikroovn\\\/#primaryimage\"},\"thumbnailUrl\":\"https:\\\/\\\/mekulo.com\\\/dk\\\/wp-content\\\/uploads\\\/sites\\\/12\\\/2026\\\/01\\\/hdkxwy7-1.jpg\",\"datePublished\":\"2026-01-22T19:22:55+00:00\",\"dateModified\":\"2026-01-27T09:25:22+00:00\",\"breadcrumb\":{\"@id\":\"https:\\\/\\\/mekulo.com\\\/dk\\\/produkt\\\/ramen-skaal-til-mikroovn\\\/#breadcrumb\"},\"inLanguage\":\"da-DK\",\"potentialAction\":[{\"@type\":\"ReadAction\",\"target\":[\"https:\\\/\\\/mekulo.com\\\/dk\\\/produkt\\\/ramen-skaal-til-mikroovn\\\/\"]}]},{\"@type\":\"ImageObject\",\"inLanguage\":\"da-DK\",\"@id\":\"https:\\\/\\\/mekulo.com\\\/dk\\\/produkt\\\/ramen-skaal-til-mikroovn\\\/#primaryimage\",\"url\":\"https:\\\/\\\/mekulo.com\\\/dk\\\/wp-content\\\/uploads\\\/sites\\\/12\\\/2026\\\/01\\\/hdkxwy7-1.jpg\",\"contentUrl\":\"https:\\\/\\\/mekulo.com\\\/dk\\\/wp-content\\\/uploads\\\/sites\\\/12\\\/2026\\\/01\\\/hdkxwy7-1.jpg\",\"width\":700,\"height\":700},{\"@type\":\"BreadcrumbList\",\"@id\":\"https:\\\/\\\/mekulo.com\\\/dk\\\/produkt\\\/ramen-skaal-til-mikroovn\\\/#breadcrumb\",\"itemListElement\":[{\"@type\":\"ListItem\",\"position\":1,\"name\":\"Home\",\"item\":\"https:\\\/\\\/mekulo.com\\\/dk\\\/\"},{\"@type\":\"ListItem\",\"position\":2,\"name\":\"Butik\",\"item\":\"https:\\\/\\\/mekulo.com\\\/dk\\\/butik\\\/\"},{\"@type\":\"ListItem\",\"position\":3,\"name\":\"Ramen-sk\u00e5l til mikroovn\"}]},{\"@type\":\"WebSite\",\"@id\":\"https:\\\/\\\/mekulo.com\\\/dk\\\/#website\",\"url\":\"https:\\\/\\\/mekulo.com\\\/dk\\\/\",\"name\":\"Mekulo DK\",\"description\":\"\",\"publisher\":{\"@id\":\"https:\\\/\\\/mekulo.com\\\/dk\\\/#organization\"},\"potentialAction\":[{\"@type\":\"SearchAction\",\"target\":{\"@type\":\"EntryPoint\",\"urlTemplate\":\"https:\\\/\\\/mekulo.com\\\/dk\\\/?s={search_term_string}\"},\"query-input\":{\"@type\":\"PropertyValueSpecification\",\"valueRequired\":true,\"valueName\":\"search_term_string\"}}],\"inLanguage\":\"da-DK\"},{\"@type\":\"Organization\",\"@id\":\"https:\\\/\\\/mekulo.com\\\/dk\\\/#organization\",\"name\":\"Mekulo\",\"url\":\"https:\\\/\\\/mekulo.com\\\/dk\\\/\",\"logo\":{\"@type\":\"ImageObject\",\"inLanguage\":\"da-DK\",\"@id\":\"https:\\\/\\\/mekulo.com\\\/dk\\\/#\\\/schema\\\/logo\\\/image\\\/\",\"url\":\"https:\\\/\\\/mekulo.com\\\/dk\\\/wp-content\\\/uploads\\\/sites\\\/12\\\/2025\\\/12\\\/favicon_mekulo.png\",\"contentUrl\":\"https:\\\/\\\/mekulo.com\\\/dk\\\/wp-content\\\/uploads\\\/sites\\\/12\\\/2025\\\/12\\\/favicon_mekulo.png\",\"width\":50,\"height\":50,\"caption\":\"Mekulo\"},\"image\":{\"@id\":\"https:\\\/\\\/mekulo.com\\\/dk\\\/#\\\/schema\\\/logo\\\/image\\\/\"}}]}<\/script>\n<!-- \/ Yoast SEO plugin. -->","yoast_head_json":{"title":"Ramen-sk\u00e5l til mikroovn - Mekulo DK","robots":{"index":"index","follow":"follow","max-snippet":"max-snippet:-1","max-image-preview":"max-image-preview:large","max-video-preview":"max-video-preview:-1"},"canonical":"https:\/\/mekulo.com\/dk\/produkt\/ramen-skaal-til-mikroovn\/","og_locale":"da_DK","og_type":"article","og_title":"Ramen-sk\u00e5l til mikroovn - Mekulo DK","og_description":"\ud83c\udf5cMed denne ramen-sk\u00e5l til mikroovn kan du tilberede og nyde ramen uden komfur eller ekstra opvask. \ud83d\udca7Bare tils\u00e6t vand, mikroovn og spis direkte fra sk\u00e5len, hvilket g\u00f8r den perfekt til travle dage derhjemme, p\u00e5 arbejdet eller i skolen. \u231bDet sparer tid, samtidig med at det reducerer oprydning og rod.","og_url":"https:\/\/mekulo.com\/dk\/produkt\/ramen-skaal-til-mikroovn\/","og_site_name":"Mekulo DK","article_modified_time":"2026-01-27T09:25:22+00:00","og_image":[{"width":700,"height":700,"url":"https:\/\/mekulo.com\/dk\/wp-content\/uploads\/sites\/12\/2026\/01\/hdkxwy7-1.jpg","type":"image\/jpeg"}],"twitter_card":"summary_large_image","twitter_misc":{"Estimeret l\u00e6setid":"2 minutter"},"schema":{"@context":"https:\/\/schema.org","@graph":[{"@type":"WebPage","@id":"https:\/\/mekulo.com\/dk\/produkt\/ramen-skaal-til-mikroovn\/","url":"https:\/\/mekulo.com\/dk\/produkt\/ramen-skaal-til-mikroovn\/","name":"Ramen-sk\u00e5l til mikroovn - Mekulo DK","isPartOf":{"@id":"https:\/\/mekulo.com\/dk\/#website"},"primaryImageOfPage":{"@id":"https:\/\/mekulo.com\/dk\/produkt\/ramen-skaal-til-mikroovn\/#primaryimage"},"image":{"@id":"https:\/\/mekulo.com\/dk\/produkt\/ramen-skaal-til-mikroovn\/#primaryimage"},"thumbnailUrl":"https:\/\/mekulo.com\/dk\/wp-content\/uploads\/sites\/12\/2026\/01\/hdkxwy7-1.jpg","datePublished":"2026-01-22T19:22:55+00:00","dateModified":"2026-01-27T09:25:22+00:00","breadcrumb":{"@id":"https:\/\/mekulo.com\/dk\/produkt\/ramen-skaal-til-mikroovn\/#breadcrumb"},"inLanguage":"da-DK","potentialAction":[{"@type":"ReadAction","target":["https:\/\/mekulo.com\/dk\/produkt\/ramen-skaal-til-mikroovn\/"]}]},{"@type":"ImageObject","inLanguage":"da-DK","@id":"https:\/\/mekulo.com\/dk\/produkt\/ramen-skaal-til-mikroovn\/#primaryimage","url":"https:\/\/mekulo.com\/dk\/wp-content\/uploads\/sites\/12\/2026\/01\/hdkxwy7-1.jpg","contentUrl":"https:\/\/mekulo.com\/dk\/wp-content\/uploads\/sites\/12\/2026\/01\/hdkxwy7-1.jpg","width":700,"height":700},{"@type":"BreadcrumbList","@id":"https:\/\/mekulo.com\/dk\/produkt\/ramen-skaal-til-mikroovn\/#breadcrumb","itemListElement":[{"@type":"ListItem","position":1,"name":"Home","item":"https:\/\/mekulo.com\/dk\/"},{"@type":"ListItem","position":2,"name":"Butik","item":"https:\/\/mekulo.com\/dk\/butik\/"},{"@type":"ListItem","position":3,"name":"Ramen-sk\u00e5l til mikroovn"}]},{"@type":"WebSite","@id":"https:\/\/mekulo.com\/dk\/#website","url":"https:\/\/mekulo.com\/dk\/","name":"Mekulo DK","description":"","publisher":{"@id":"https:\/\/mekulo.com\/dk\/#organization"},"potentialAction":[{"@type":"SearchAction","target":{"@type":"EntryPoint","urlTemplate":"https:\/\/mekulo.com\/dk\/?s={search_term_string}"},"query-input":{"@type":"PropertyValueSpecification","valueRequired":true,"valueName":"search_term_string"}}],"inLanguage":"da-DK"},{"@type":"Organization","@id":"https:\/\/mekulo.com\/dk\/#organization","name":"Mekulo","url":"https:\/\/mekulo.com\/dk\/","logo":{"@type":"ImageObject","inLanguage":"da-DK","@id":"https:\/\/mekulo.com\/dk\/#\/schema\/logo\/image\/","url":"https:\/\/mekulo.com\/dk\/wp-content\/uploads\/sites\/12\/2025\/12\/favicon_mekulo.png","contentUrl":"https:\/\/mekulo.com\/dk\/wp-content\/uploads\/sites\/12\/2025\/12\/favicon_mekulo.png","width":50,"height":50,"caption":"Mekulo"},"image":{"@id":"https:\/\/mekulo.com\/dk\/#\/schema\/logo\/image\/"}}]}},"_links":{"self":[{"href":"https:\/\/mekulo.com\/dk\/wp-json\/wp\/v2\/product\/19479","targetHints":{"allow":["GET"]}}],"collection":[{"href":"https:\/\/mekulo.com\/dk\/wp-json\/wp\/v2\/product"}],"about":[{"href":"https:\/\/mekulo.com\/dk\/wp-json\/wp\/v2\/types\/product"}],"replies":[{"embeddable":true,"href":"https:\/\/mekulo.com\/dk\/wp-json\/wp\/v2\/comments?post=19479"}],"wp:featuredmedia":[{"embeddable":true,"href":"https:\/\/mekulo.com\/dk\/wp-json\/wp\/v2\/media\/19475"}],"wp:attachment":[{"href":"https:\/\/mekulo.com\/dk\/wp-json\/wp\/v2\/media?parent=19479"}],"wp:term":[{"taxonomy":"product_brand","embeddable":true,"href":"https:\/\/mekulo.com\/dk\/wp-json\/wp\/v2\/product_brand?post=19479"},{"taxonomy":"product_cat","embeddable":true,"href":"https:\/\/mekulo.com\/dk\/wp-json\/wp\/v2\/product_cat?post=19479"},{"taxonomy":"product_tag","embeddable":true,"href":"https:\/\/mekulo.com\/dk\/wp-json\/wp\/v2\/product_tag?post=19479"}],"curies":[{"name":"wp","href":"https:\/\/api.w.org\/{rel}","templated":true}]}}