{"id":19468,"date":"2026-01-22T21:21:20","date_gmt":"2026-01-22T19:21:20","guid":{"rendered":"https:\/\/mekulo.com\/dk\/produkt\/baerbar-bluetooth-hoejttaler\/"},"modified":"2026-01-22T21:21:20","modified_gmt":"2026-01-22T19:21:20","slug":"baerbar-bluetooth-hoejttaler","status":"publish","type":"product","link":"https:\/\/mekulo.com\/dk\/produkt\/baerbar-bluetooth-hoejttaler\/","title":{"rendered":"B\u00e6rbar bluetooth-h\u00f8jttaler"},"content":{"rendered":"<div class=\"flex max-w-full flex-col grow\">\n<div class=\"min-h-8 text-message relative flex w-full flex-col items-end gap-2 text-start break-words whitespace-normal [.text-message+&amp;]:mt-1\" dir=\"auto\" data-message-author-role=\"assistant\" data-message-id=\"321509f4-bbdc-4a1d-9bcd-bf643fbce2b6\" data-message-model-slug=\"gpt-5-2\">\n<div class=\"flex w-full flex-col gap-1 empty:hidden first:pt-[1px]\">\n<div class=\"markdown prose dark:prose-invert w-full break-words light markdown-new-styling\">\n<p style=\"text-align: center\" data-start=\"0\" data-end=\"82\"><strong data-start=\"0\" data-end=\"82\">Nyd Klar Lyd Overalt Med En Letv\u00e6gtsh\u00f8jttaler, Du Kan B\u00e6re Eller S\u00e6tte P\u00e5. \ud83d\udd0a<\/strong><\/p>\n<p data-start=\"0\" data-end=\"82\"><img fetchpriority=\"high\" decoding=\"async\" class=\"size-full wp-image-21618 aligncenter\" src=\"https:\/\/mekulo.com\/template\/wp-content\/uploads\/sites\/6\/2026\/01\/S6be57f6491a74c97936f86bf5492debb0.jpg\" alt=\"\" width=\"1080\" height=\"1080\" \/><\/p>\n<h2 style=\"text-align: center\" data-start=\"351\" data-end=\"371\">Hovedfordele \ud83d\udd0a<\/h2>\n<p data-start=\"374\" data-end=\"438\">\ud83e\uddf2 Flere b\u00e6remuligheder &#8211; Brug af clips, magnet eller snor.<\/p>\n<p data-start=\"441\" data-end=\"495\">\ud83c\udf92 Let og kompakt &#8211; Nem at have med hele dagen.<\/p>\n<p data-start=\"498\" data-end=\"567\">\ud83c\udfb6 Klar og afbalanceret lyd &#8211; Komfortabel lyd uden tr\u00e6thed.<\/p>\n<p data-start=\"570\" data-end=\"627\">\ud83d\udcde H\u00e5ndfri opkald &#8211; Indbygget mikrofonunderst\u00f8ttelse.<\/p>\n<p data-start=\"630\" data-end=\"684\">\ud83d\udcbe TF-kortafspilning &#8211; Afspil musik uden telefon.<\/p>\n<p data-start=\"687\" data-end=\"743\">\ud83d\udcaa Holdbar og faldsikker &#8211; Bygget til aktiv brug.<\/p>\n<p data-start=\"687\" data-end=\"743\">\ud83c\udf27\ufe0f IP56 vandt\u00e6t &amp; st\u00f8vt\u00e6t &#8211; Klar til udend\u00f8rs forhold.<\/p>\n<p data-start=\"687\" data-end=\"743\"><img decoding=\"async\" class=\"size-full wp-image-21617 aligncenter\" src=\"https:\/\/mekulo.com\/template\/wp-content\/uploads\/sites\/6\/2026\/01\/591c10105969ca88c1469652736d691ddb7a071e.jpg\" alt=\"\" width=\"1080\" height=\"1080\" \/><\/p>\n<h2 style=\"text-align: center\" data-start=\"821\" data-end=\"835\">S\u00e5dan Bruges \ud83d\udccc<\/h2>\n<ol data-start=\"836\" data-end=\"1113\">\n<li data-start=\"836\" data-end=\"862\">\n<p data-start=\"839\" data-end=\"862\">T\u00e6nd for h\u00f8jttaleren.<\/p>\n<\/li>\n<li data-start=\"863\" data-end=\"905\">\n<p data-start=\"866\" data-end=\"905\">Opret forbindelse til din enhed via Bluetooth.<\/p>\n<\/li>\n<li data-start=\"906\" data-end=\"962\">\n<p data-start=\"909\" data-end=\"962\">Klip, h\u00e6ng eller fastg\u00f8r den magnetisk, hvor det er n\u00f8dvendigt.<\/p>\n<\/li>\n<li data-start=\"963\" data-end=\"1006\">\n<p data-start=\"966\" data-end=\"1006\">Brug knapper til at styre musik eller opkald.<\/p>\n<\/li>\n<li data-start=\"1007\" data-end=\"1063\">\n<p data-start=\"1010\" data-end=\"1063\">Inds\u00e6t et TF-kort for at afspille musik direkte, hvis det \u00f8nskes.<\/p>\n<\/li>\n<li data-start=\"1064\" data-end=\"1113\">\n<p data-start=\"1067\" data-end=\"1113\">Genoplad ved hj\u00e6lp af Type-C-kablet, n\u00e5r det er n\u00f8dvendigt.<\/p>\n<\/li>\n<\/ol>\n<h2 style=\"text-align: center\" data-start=\"1120\" data-end=\"1139\">Produktdetaljer \ud83d\udccf<\/h2>\n<ul data-start=\"1140\" data-end=\"1527\">\n<li data-start=\"1185\" data-end=\"1211\">\n<p data-start=\"1187\" data-end=\"1211\">Bluetooth-version: 5.3<\/p>\n<\/li>\n<li data-start=\"1212\" data-end=\"1242\">\n<p data-start=\"1214\" data-end=\"1242\">Tr\u00e5dl\u00f8s r\u00e6kkevidde: Op til 10 m<\/p>\n<\/li>\n<li data-start=\"1243\" data-end=\"1264\">\n<p data-start=\"1245\" data-end=\"1264\">H\u00f8jttaler: 40mm, 3W<\/p>\n<\/li>\n<li data-start=\"1265\" data-end=\"1297\">\n<p data-start=\"1267\" data-end=\"1297\">Signal-st\u00f8j-forhold: 95 dB<\/p>\n<\/li>\n<li data-start=\"1298\" data-end=\"1332\">\n<p data-start=\"1300\" data-end=\"1332\">Materiale: ABS + gummibel\u00e6gning<\/p>\n<\/li>\n<li data-start=\"1333\" data-end=\"1370\">\n<p data-start=\"1335\" data-end=\"1370\">Batteri: 3,7V 900mAh genopladeligt<\/p>\n<\/li>\n<li data-start=\"1371\" data-end=\"1396\">\n<p data-start=\"1373\" data-end=\"1396\">Opladningsport: Type-C<\/p>\n<\/li>\n<li data-start=\"1397\" data-end=\"1427\">\n<p data-start=\"1399\" data-end=\"1427\">Opladningstid: 1,5-2 timer<\/p>\n<\/li>\n<li data-start=\"1428\" data-end=\"1455\">\n<p data-start=\"1430\" data-end=\"1455\">Vandt\u00e6t klassificering: IP56<\/p>\n<\/li>\n<li data-start=\"1456\" data-end=\"1505\">\n<p data-start=\"1458\" data-end=\"1505\">St\u00f8rrelse: 78 x 52 x 39 mm<\/p>\n<\/li>\n<\/ul>\n<h2 style=\"text-align: center\" data-start=\"1534\" data-end=\"1554\">Pakken Indeholder \ud83d\udce6<\/h2>\n<ul data-start=\"1555\" data-end=\"1662\" data-is-last-node=\"\" data-is-only-node=\"\">\n<li data-start=\"1555\" data-end=\"1592\">\n<p data-start=\"1557\" data-end=\"1592\">1x b\u00e6rbar bluetooth-h\u00f8jttaler<\/p>\n<\/li>\n<li data-start=\"1593\" data-end=\"1634\">\n<p data-start=\"1595\" data-end=\"1634\">1x USB-A til Type-C-opladerkabel<\/p>\n<\/li>\n<li data-start=\"1635\" data-end=\"1662\" data-is-last-node=\"\">\n<p data-start=\"1637\" data-end=\"1662\" data-is-last-node=\"\">1x brugsanvisning.<\/p>\n<\/li>\n<\/ul>\n<\/div>\n<\/div>\n<\/div>\n<\/div>\n","protected":false},"excerpt":{"rendered":"<p>\ud83d\udd09Med denne b\u00e6rbare Bluetooth-h\u00f8jttaler kan du lytte til musik og tage imod opkald, mens du er h\u00e5ndfri og opm\u00e6rksom p\u00e5 dine omgivelser.<br \/>\n\ud83d\udd0cDet kompakte clip-on-design g\u00f8r den perfekt til arbejde, udend\u00f8rs aktiviteter, rejser eller hverdagsbrug uden at skulle b\u00e6re p\u00e5 en stor h\u00f8jttaler.<br \/>\n\ud83d\udc56Du kan s\u00e6tte den fast p\u00e5 dit t\u00f8j eller udstyr og nyde lyden, uanset hvor du g\u00e5r.<\/p>\n","protected":false},"featured_media":19464,"comment_status":"open","ping_status":"closed","template":"","meta":{"site-sidebar-layout":"default","site-content-layout":"","ast-site-content-layout":"default","site-content-style":"default","site-sidebar-style":"default","ast-global-header-display":"","ast-banner-title-visibility":"","ast-main-header-display":"","ast-hfb-above-header-display":"","ast-hfb-below-header-display":"","ast-hfb-mobile-header-display":"","site-post-title":"","ast-breadcrumbs-content":"","ast-featured-img":"","footer-sml-layout":"","ast-disable-related-posts":"","theme-transparent-header-meta":"default","adv-header-id-meta":"","stick-header-meta":"","header-above-stick-meta":"","header-main-stick-meta":"","header-below-stick-meta":"","astra-migrate-meta-layouts":"set","ast-page-background-enabled":"default","ast-page-background-meta":{"desktop":{"background-color":"var(--ast-global-color-5)","background-image":"","background-repeat":"repeat","background-position":"center center","background-size":"auto","background-attachment":"scroll","background-type":"","background-media":"","overlay-type":"","overlay-color":"","overlay-opacity":"","overlay-gradient":""},"tablet":{"background-color":"","background-image":"","background-repeat":"repeat","background-position":"center center","background-size":"auto","background-attachment":"scroll","background-type":"","background-media":"","overlay-type":"","overlay-color":"","overlay-opacity":"","overlay-gradient":""},"mobile":{"background-color":"","background-image":"","background-repeat":"repeat","background-position":"center center","background-size":"auto","background-attachment":"scroll","background-type":"","background-media":"","overlay-type":"","overlay-color":"","overlay-opacity":"","overlay-gradient":""}},"ast-content-background-meta":{"desktop":{"background-color":"var(--ast-global-color-4)","background-image":"","background-repeat":"repeat","background-position":"center center","background-size":"auto","background-attachment":"scroll","background-type":"","background-media":"","overlay-type":"","overlay-color":"","overlay-opacity":"","overlay-gradient":""},"tablet":{"background-color":"var(--ast-global-color-4)","background-image":"","background-repeat":"repeat","background-position":"center center","background-size":"auto","background-attachment":"scroll","background-type":"","background-media":"","overlay-type":"","overlay-color":"","overlay-opacity":"","overlay-gradient":""},"mobile":{"background-color":"var(--ast-global-color-4)","background-image":"","background-repeat":"repeat","background-position":"center center","background-size":"auto","background-attachment":"scroll","background-type":"","background-media":"","overlay-type":"","overlay-color":"","overlay-opacity":"","overlay-gradient":""}}},"product_brand":[],"product_cat":[173],"product_tag":[],"class_list":{"0":"post-19468","1":"product","2":"type-product","3":"status-publish","4":"has-post-thumbnail","6":"product_cat-elektronik","7":"desktop-align-left","8":"tablet-align-left","9":"mobile-align-left","11":"first","12":"instock","13":"shipping-taxable","14":"purchasable","15":"product-type-simple"},"yoast_head":"<!-- This site is optimized with the Yoast SEO plugin v27.4 - https:\/\/yoast.com\/product\/yoast-seo-wordpress\/ -->\n<title>B\u00e6rbar bluetooth-h\u00f8jttaler - Mekulo DK<\/title>\n<meta name=\"robots\" content=\"index, follow, max-snippet:-1, max-image-preview:large, max-video-preview:-1\" \/>\n<link rel=\"canonical\" href=\"https:\/\/mekulo.com\/dk\/produkt\/baerbar-bluetooth-hoejttaler\/\" \/>\n<meta property=\"og:locale\" content=\"da_DK\" \/>\n<meta property=\"og:type\" content=\"article\" \/>\n<meta property=\"og:title\" content=\"B\u00e6rbar bluetooth-h\u00f8jttaler - Mekulo DK\" \/>\n<meta property=\"og:description\" content=\"\ud83d\udd09Med denne b\u00e6rbare Bluetooth-h\u00f8jttaler kan du lytte til musik og tage imod opkald, mens du er h\u00e5ndfri og opm\u00e6rksom p\u00e5 dine omgivelser. \ud83d\udd0cDet kompakte clip-on-design g\u00f8r den perfekt til arbejde, udend\u00f8rs aktiviteter, rejser eller hverdagsbrug uden at skulle b\u00e6re p\u00e5 en stor h\u00f8jttaler. \ud83d\udc56Du kan s\u00e6tte den fast p\u00e5 dit t\u00f8j eller udstyr og nyde lyden, uanset hvor du g\u00e5r.\" \/>\n<meta property=\"og:url\" content=\"https:\/\/mekulo.com\/dk\/produkt\/baerbar-bluetooth-hoejttaler\/\" \/>\n<meta property=\"og:site_name\" content=\"Mekulo DK\" \/>\n<meta property=\"og:image\" content=\"https:\/\/mekulo.com\/dk\/wp-content\/uploads\/sites\/12\/2026\/01\/mebbcde-1.jpg\" \/>\n\t<meta property=\"og:image:width\" content=\"1080\" \/>\n\t<meta property=\"og:image:height\" content=\"1080\" \/>\n\t<meta property=\"og:image:type\" content=\"image\/jpeg\" \/>\n<meta name=\"twitter:card\" content=\"summary_large_image\" \/>\n<meta name=\"twitter:label1\" content=\"Estimeret l\u00e6setid\" \/>\n\t<meta name=\"twitter:data1\" content=\"2 minutter\" \/>\n<script type=\"application\/ld+json\" class=\"yoast-schema-graph\">{\"@context\":\"https:\\\/\\\/schema.org\",\"@graph\":[{\"@type\":\"WebPage\",\"@id\":\"https:\\\/\\\/mekulo.com\\\/dk\\\/produkt\\\/baerbar-bluetooth-hoejttaler\\\/\",\"url\":\"https:\\\/\\\/mekulo.com\\\/dk\\\/produkt\\\/baerbar-bluetooth-hoejttaler\\\/\",\"name\":\"B\u00e6rbar bluetooth-h\u00f8jttaler - Mekulo DK\",\"isPartOf\":{\"@id\":\"https:\\\/\\\/mekulo.com\\\/dk\\\/#website\"},\"primaryImageOfPage\":{\"@id\":\"https:\\\/\\\/mekulo.com\\\/dk\\\/produkt\\\/baerbar-bluetooth-hoejttaler\\\/#primaryimage\"},\"image\":{\"@id\":\"https:\\\/\\\/mekulo.com\\\/dk\\\/produkt\\\/baerbar-bluetooth-hoejttaler\\\/#primaryimage\"},\"thumbnailUrl\":\"https:\\\/\\\/mekulo.com\\\/dk\\\/wp-content\\\/uploads\\\/sites\\\/12\\\/2026\\\/01\\\/mebbcde-1.jpg\",\"datePublished\":\"2026-01-22T19:21:20+00:00\",\"breadcrumb\":{\"@id\":\"https:\\\/\\\/mekulo.com\\\/dk\\\/produkt\\\/baerbar-bluetooth-hoejttaler\\\/#breadcrumb\"},\"inLanguage\":\"da-DK\",\"potentialAction\":[{\"@type\":\"ReadAction\",\"target\":[\"https:\\\/\\\/mekulo.com\\\/dk\\\/produkt\\\/baerbar-bluetooth-hoejttaler\\\/\"]}]},{\"@type\":\"ImageObject\",\"inLanguage\":\"da-DK\",\"@id\":\"https:\\\/\\\/mekulo.com\\\/dk\\\/produkt\\\/baerbar-bluetooth-hoejttaler\\\/#primaryimage\",\"url\":\"https:\\\/\\\/mekulo.com\\\/dk\\\/wp-content\\\/uploads\\\/sites\\\/12\\\/2026\\\/01\\\/mebbcde-1.jpg\",\"contentUrl\":\"https:\\\/\\\/mekulo.com\\\/dk\\\/wp-content\\\/uploads\\\/sites\\\/12\\\/2026\\\/01\\\/mebbcde-1.jpg\",\"width\":1080,\"height\":1080},{\"@type\":\"BreadcrumbList\",\"@id\":\"https:\\\/\\\/mekulo.com\\\/dk\\\/produkt\\\/baerbar-bluetooth-hoejttaler\\\/#breadcrumb\",\"itemListElement\":[{\"@type\":\"ListItem\",\"position\":1,\"name\":\"Home\",\"item\":\"https:\\\/\\\/mekulo.com\\\/dk\\\/\"},{\"@type\":\"ListItem\",\"position\":2,\"name\":\"Butik\",\"item\":\"https:\\\/\\\/mekulo.com\\\/dk\\\/butik\\\/\"},{\"@type\":\"ListItem\",\"position\":3,\"name\":\"B\u00e6rbar bluetooth-h\u00f8jttaler\"}]},{\"@type\":\"WebSite\",\"@id\":\"https:\\\/\\\/mekulo.com\\\/dk\\\/#website\",\"url\":\"https:\\\/\\\/mekulo.com\\\/dk\\\/\",\"name\":\"Mekulo DK\",\"description\":\"\",\"publisher\":{\"@id\":\"https:\\\/\\\/mekulo.com\\\/dk\\\/#organization\"},\"potentialAction\":[{\"@type\":\"SearchAction\",\"target\":{\"@type\":\"EntryPoint\",\"urlTemplate\":\"https:\\\/\\\/mekulo.com\\\/dk\\\/?s={search_term_string}\"},\"query-input\":{\"@type\":\"PropertyValueSpecification\",\"valueRequired\":true,\"valueName\":\"search_term_string\"}}],\"inLanguage\":\"da-DK\"},{\"@type\":\"Organization\",\"@id\":\"https:\\\/\\\/mekulo.com\\\/dk\\\/#organization\",\"name\":\"Mekulo\",\"url\":\"https:\\\/\\\/mekulo.com\\\/dk\\\/\",\"logo\":{\"@type\":\"ImageObject\",\"inLanguage\":\"da-DK\",\"@id\":\"https:\\\/\\\/mekulo.com\\\/dk\\\/#\\\/schema\\\/logo\\\/image\\\/\",\"url\":\"https:\\\/\\\/mekulo.com\\\/dk\\\/wp-content\\\/uploads\\\/sites\\\/12\\\/2025\\\/12\\\/favicon_mekulo.png\",\"contentUrl\":\"https:\\\/\\\/mekulo.com\\\/dk\\\/wp-content\\\/uploads\\\/sites\\\/12\\\/2025\\\/12\\\/favicon_mekulo.png\",\"width\":50,\"height\":50,\"caption\":\"Mekulo\"},\"image\":{\"@id\":\"https:\\\/\\\/mekulo.com\\\/dk\\\/#\\\/schema\\\/logo\\\/image\\\/\"}}]}<\/script>\n<!-- \/ Yoast SEO plugin. -->","yoast_head_json":{"title":"B\u00e6rbar bluetooth-h\u00f8jttaler - Mekulo DK","robots":{"index":"index","follow":"follow","max-snippet":"max-snippet:-1","max-image-preview":"max-image-preview:large","max-video-preview":"max-video-preview:-1"},"canonical":"https:\/\/mekulo.com\/dk\/produkt\/baerbar-bluetooth-hoejttaler\/","og_locale":"da_DK","og_type":"article","og_title":"B\u00e6rbar bluetooth-h\u00f8jttaler - Mekulo DK","og_description":"\ud83d\udd09Med denne b\u00e6rbare Bluetooth-h\u00f8jttaler kan du lytte til musik og tage imod opkald, mens du er h\u00e5ndfri og opm\u00e6rksom p\u00e5 dine omgivelser. \ud83d\udd0cDet kompakte clip-on-design g\u00f8r den perfekt til arbejde, udend\u00f8rs aktiviteter, rejser eller hverdagsbrug uden at skulle b\u00e6re p\u00e5 en stor h\u00f8jttaler. \ud83d\udc56Du kan s\u00e6tte den fast p\u00e5 dit t\u00f8j eller udstyr og nyde lyden, uanset hvor du g\u00e5r.","og_url":"https:\/\/mekulo.com\/dk\/produkt\/baerbar-bluetooth-hoejttaler\/","og_site_name":"Mekulo DK","og_image":[{"width":1080,"height":1080,"url":"https:\/\/mekulo.com\/dk\/wp-content\/uploads\/sites\/12\/2026\/01\/mebbcde-1.jpg","type":"image\/jpeg"}],"twitter_card":"summary_large_image","twitter_misc":{"Estimeret l\u00e6setid":"2 minutter"},"schema":{"@context":"https:\/\/schema.org","@graph":[{"@type":"WebPage","@id":"https:\/\/mekulo.com\/dk\/produkt\/baerbar-bluetooth-hoejttaler\/","url":"https:\/\/mekulo.com\/dk\/produkt\/baerbar-bluetooth-hoejttaler\/","name":"B\u00e6rbar bluetooth-h\u00f8jttaler - Mekulo DK","isPartOf":{"@id":"https:\/\/mekulo.com\/dk\/#website"},"primaryImageOfPage":{"@id":"https:\/\/mekulo.com\/dk\/produkt\/baerbar-bluetooth-hoejttaler\/#primaryimage"},"image":{"@id":"https:\/\/mekulo.com\/dk\/produkt\/baerbar-bluetooth-hoejttaler\/#primaryimage"},"thumbnailUrl":"https:\/\/mekulo.com\/dk\/wp-content\/uploads\/sites\/12\/2026\/01\/mebbcde-1.jpg","datePublished":"2026-01-22T19:21:20+00:00","breadcrumb":{"@id":"https:\/\/mekulo.com\/dk\/produkt\/baerbar-bluetooth-hoejttaler\/#breadcrumb"},"inLanguage":"da-DK","potentialAction":[{"@type":"ReadAction","target":["https:\/\/mekulo.com\/dk\/produkt\/baerbar-bluetooth-hoejttaler\/"]}]},{"@type":"ImageObject","inLanguage":"da-DK","@id":"https:\/\/mekulo.com\/dk\/produkt\/baerbar-bluetooth-hoejttaler\/#primaryimage","url":"https:\/\/mekulo.com\/dk\/wp-content\/uploads\/sites\/12\/2026\/01\/mebbcde-1.jpg","contentUrl":"https:\/\/mekulo.com\/dk\/wp-content\/uploads\/sites\/12\/2026\/01\/mebbcde-1.jpg","width":1080,"height":1080},{"@type":"BreadcrumbList","@id":"https:\/\/mekulo.com\/dk\/produkt\/baerbar-bluetooth-hoejttaler\/#breadcrumb","itemListElement":[{"@type":"ListItem","position":1,"name":"Home","item":"https:\/\/mekulo.com\/dk\/"},{"@type":"ListItem","position":2,"name":"Butik","item":"https:\/\/mekulo.com\/dk\/butik\/"},{"@type":"ListItem","position":3,"name":"B\u00e6rbar bluetooth-h\u00f8jttaler"}]},{"@type":"WebSite","@id":"https:\/\/mekulo.com\/dk\/#website","url":"https:\/\/mekulo.com\/dk\/","name":"Mekulo DK","description":"","publisher":{"@id":"https:\/\/mekulo.com\/dk\/#organization"},"potentialAction":[{"@type":"SearchAction","target":{"@type":"EntryPoint","urlTemplate":"https:\/\/mekulo.com\/dk\/?s={search_term_string}"},"query-input":{"@type":"PropertyValueSpecification","valueRequired":true,"valueName":"search_term_string"}}],"inLanguage":"da-DK"},{"@type":"Organization","@id":"https:\/\/mekulo.com\/dk\/#organization","name":"Mekulo","url":"https:\/\/mekulo.com\/dk\/","logo":{"@type":"ImageObject","inLanguage":"da-DK","@id":"https:\/\/mekulo.com\/dk\/#\/schema\/logo\/image\/","url":"https:\/\/mekulo.com\/dk\/wp-content\/uploads\/sites\/12\/2025\/12\/favicon_mekulo.png","contentUrl":"https:\/\/mekulo.com\/dk\/wp-content\/uploads\/sites\/12\/2025\/12\/favicon_mekulo.png","width":50,"height":50,"caption":"Mekulo"},"image":{"@id":"https:\/\/mekulo.com\/dk\/#\/schema\/logo\/image\/"}}]}},"_links":{"self":[{"href":"https:\/\/mekulo.com\/dk\/wp-json\/wp\/v2\/product\/19468","targetHints":{"allow":["GET"]}}],"collection":[{"href":"https:\/\/mekulo.com\/dk\/wp-json\/wp\/v2\/product"}],"about":[{"href":"https:\/\/mekulo.com\/dk\/wp-json\/wp\/v2\/types\/product"}],"replies":[{"embeddable":true,"href":"https:\/\/mekulo.com\/dk\/wp-json\/wp\/v2\/comments?post=19468"}],"wp:featuredmedia":[{"embeddable":true,"href":"https:\/\/mekulo.com\/dk\/wp-json\/wp\/v2\/media\/19464"}],"wp:attachment":[{"href":"https:\/\/mekulo.com\/dk\/wp-json\/wp\/v2\/media?parent=19468"}],"wp:term":[{"taxonomy":"product_brand","embeddable":true,"href":"https:\/\/mekulo.com\/dk\/wp-json\/wp\/v2\/product_brand?post=19468"},{"taxonomy":"product_cat","embeddable":true,"href":"https:\/\/mekulo.com\/dk\/wp-json\/wp\/v2\/product_cat?post=19468"},{"taxonomy":"product_tag","embeddable":true,"href":"https:\/\/mekulo.com\/dk\/wp-json\/wp\/v2\/product_tag?post=19468"}],"curies":[{"name":"wp","href":"https:\/\/api.w.org\/{rel}","templated":true}]}}