{"id":19356,"date":"2026-01-22T21:14:15","date_gmt":"2026-01-22T19:14:15","guid":{"rendered":"https:\/\/mekulo.com\/dk\/produkt\/flettet-haarbaand\/"},"modified":"2026-02-03T17:18:15","modified_gmt":"2026-02-03T15:18:15","slug":"flettet-haarbaand","status":"publish","type":"product","link":"https:\/\/mekulo.com\/dk\/produkt\/flettet-haarbaand\/","title":{"rendered":"Flettet h\u00e5rb\u00e5nd"},"content":{"rendered":"<p style=\"text-align: center;\" data-start=\"0\" data-end=\"57\"><strong data-start=\"0\" data-end=\"57\">Tilf\u00f8j naturlig volumen og stil til dit h\u00e5r p\u00e5 f\u00e5 sekunder. \ud83d\udc71\u200d\u2640\ufe0f<\/strong><\/p>\n<p data-start=\"59\" data-end=\"258\"><img fetchpriority=\"high\" decoding=\"async\" class=\"size-full wp-image-21513 aligncenter\" src=\"https:\/\/mekulo.com\/template\/wp-content\/uploads\/sites\/6\/2026\/01\/4-13.jpeg\" alt=\"\" width=\"800\" height=\"800\" \/><\/p>\n<h2 style=\"text-align: center;\" data-start=\"265\" data-end=\"285\">Vigtigste fordele\ud83c\udf38<\/h2>\n<p data-start=\"288\" data-end=\"351\">\ud83d\udc87 Naturligt flettet look &#8211; Passer perfekt til dit h\u00e5r.<\/p>\n<p data-start=\"354\" data-end=\"412\">\ud83e\udd0d Bl\u00f8dt og behageligt &#8211; Ingen knuder eller tryk p\u00e5 hovedbunden.<\/p>\n<p data-start=\"415\" data-end=\"469\">\ud83d\udd04 Elastisk justerbar pasform &#8211; Passer til de fleste hovedst\u00f8rrelser.<\/p>\n<p data-start=\"472\" data-end=\"537\">\ud83e\uddb7 Skridsikkert tanddesign &#8211; Bliver p\u00e5 plads uden at vikle sig sammen.<\/p>\n<p data-start=\"540\" data-end=\"608\">\u2728 Moderigtig stil &#8211; Inspireret af trends fra Japan og Sydkorea.<\/p>\n<p data-start=\"611\" data-end=\"661\">\ud83c\udf80 Let at have p\u00e5 &#8211; Style dit h\u00e5r p\u00e5 f\u00e5 sekunder.<\/p>\n<p data-start=\"611\" data-end=\"661\"><img decoding=\"async\" class=\"size-full wp-image-21509 aligncenter\" src=\"https:\/\/mekulo.com\/template\/wp-content\/uploads\/sites\/6\/2026\/01\/f75372df0cce8c144961174fbf0b7a26c1be3f74-1.jpg\" alt=\"\" width=\"1080\" height=\"668\" \/><\/p>\n<h2 style=\"text-align: center;\" data-start=\"668\" data-end=\"682\">S\u00e5dan bruges \ud83d\udccc<\/h2>\n<ol data-start=\"683\" data-end=\"898\">\n<li data-start=\"683\" data-end=\"723\">\n<p data-start=\"686\" data-end=\"723\">S\u00e6t h\u00e5rb\u00e5ndet over hovedet.<\/p>\n<\/li>\n<li data-start=\"724\" data-end=\"773\">\n<p data-start=\"727\" data-end=\"773\">Placer det, hvor du vil have fletningen til at sidde.<\/p>\n<\/li>\n<li data-start=\"774\" data-end=\"815\">\n<p data-start=\"777\" data-end=\"815\">Juster forsigtigt for at f\u00e5 en behagelig pasform.<\/p>\n<\/li>\n<li data-start=\"816\" data-end=\"864\">\n<p data-start=\"819\" data-end=\"864\">Lad dit naturlige h\u00e5r blande sig med fletningen.<\/p>\n<\/li>\n<li data-start=\"865\" data-end=\"898\">\n<p data-start=\"868\" data-end=\"898\">Nyd et stylet look hele dagen.<\/p>\n<\/li>\n<\/ol>\n<h2 style=\"text-align: center;\" data-start=\"905\" data-end=\"924\">Produktdetaljer \ud83d\udccf<\/h2>\n<ul data-start=\"925\" data-end=\"1242\">\n<li data-start=\"961\" data-end=\"1006\">\n<p data-start=\"963\" data-end=\"1006\">Materiale: Plastik + h\u00f8jtemperaturtr\u00e5d<\/p>\n<\/li>\n<li data-start=\"1105\" data-end=\"1149\">\n<p data-start=\"1107\" data-end=\"1149\">St\u00f8rrelse: Ca. 13 cm diameter, 3 cm bredde<\/p>\n<\/li>\n<li data-start=\"1150\" data-end=\"1178\">\n<p data-start=\"1152\" data-end=\"1178\">Fit: Elastisk, justerbar<\/p>\n<\/li>\n<li data-start=\"1179\" data-end=\"1201\">\n<p data-start=\"1181\" data-end=\"1201\">Anvendelig: Kvinde<\/p>\n<\/li>\n<li data-start=\"1202\" data-end=\"1242\">\n<p data-start=\"1204\" data-end=\"1242\">Funktion: Skridsikkert tandkamsdesign<\/p>\n<\/li>\n<\/ul>\n<h2 style=\"text-align: center;\" data-start=\"1249\" data-end=\"1269\">Pakken indeholder \ud83d\udce6<\/h2>\n<ul data-start=\"1270\" data-end=\"1296\" data-is-last-node=\"\" data-is-only-node=\"\">\n<li data-start=\"1270\" data-end=\"1296\" data-is-last-node=\"\">\n<p data-start=\"1272\" data-end=\"1296\" data-is-last-node=\"\">1, 2, 3x flettet h\u00e5rb\u00e5nd\/s.<\/p>\n<\/li>\n<\/ul>\n","protected":false},"excerpt":{"rendered":"<p>\ud83d\udc69Dette flettede h\u00e5rb\u00e5nd blander sig problemfrit med dit h\u00e5r for at skabe et fuldt, elegant flettet look.<br \/>\n\ud83c\udf80Den bl\u00f8de, fluffy tekstur ligner \u00e6gte h\u00e5r og forbliver behagelig hele dagen uden at tr\u00e6kke eller vikle sig.<br \/>\n\ud83d\udc57Dette g\u00f8r det perfekt til hurtig styling, n\u00e5r du vil have et poleret look med minimal indsats.<\/p>\n","protected":false},"featured_media":19352,"comment_status":"open","ping_status":"closed","template":"","meta":{"site-sidebar-layout":"default","site-content-layout":"","ast-site-content-layout":"default","site-content-style":"default","site-sidebar-style":"default","ast-global-header-display":"","ast-banner-title-visibility":"","ast-main-header-display":"","ast-hfb-above-header-display":"","ast-hfb-below-header-display":"","ast-hfb-mobile-header-display":"","site-post-title":"","ast-breadcrumbs-content":"","ast-featured-img":"","footer-sml-layout":"","ast-disable-related-posts":"","theme-transparent-header-meta":"default","adv-header-id-meta":"","stick-header-meta":"","header-above-stick-meta":"","header-main-stick-meta":"","header-below-stick-meta":"","astra-migrate-meta-layouts":"set","ast-page-background-enabled":"default","ast-page-background-meta":{"desktop":{"background-color":"var(--ast-global-color-5)","background-image":"","background-repeat":"repeat","background-position":"center center","background-size":"auto","background-attachment":"scroll","background-type":"","background-media":"","overlay-type":"","overlay-color":"","overlay-opacity":"","overlay-gradient":""},"tablet":{"background-color":"","background-image":"","background-repeat":"repeat","background-position":"center center","background-size":"auto","background-attachment":"scroll","background-type":"","background-media":"","overlay-type":"","overlay-color":"","overlay-opacity":"","overlay-gradient":""},"mobile":{"background-color":"","background-image":"","background-repeat":"repeat","background-position":"center center","background-size":"auto","background-attachment":"scroll","background-type":"","background-media":"","overlay-type":"","overlay-color":"","overlay-opacity":"","overlay-gradient":""}},"ast-content-background-meta":{"desktop":{"background-color":"var(--ast-global-color-4)","background-image":"","background-repeat":"repeat","background-position":"center center","background-size":"auto","background-attachment":"scroll","background-type":"","background-media":"","overlay-type":"","overlay-color":"","overlay-opacity":"","overlay-gradient":""},"tablet":{"background-color":"var(--ast-global-color-4)","background-image":"","background-repeat":"repeat","background-position":"center center","background-size":"auto","background-attachment":"scroll","background-type":"","background-media":"","overlay-type":"","overlay-color":"","overlay-opacity":"","overlay-gradient":""},"mobile":{"background-color":"var(--ast-global-color-4)","background-image":"","background-repeat":"repeat","background-position":"center center","background-size":"auto","background-attachment":"scroll","background-type":"","background-media":"","overlay-type":"","overlay-color":"","overlay-opacity":"","overlay-gradient":""}}},"product_brand":[],"product_cat":[165],"product_tag":[],"class_list":{"0":"post-19356","1":"product","2":"type-product","3":"status-publish","4":"has-post-thumbnail","6":"product_cat-fodtoej-tilbehoer","7":"pa_51503_crht1gvo-a","8":"pa_51503_crht1gvo-b","9":"pa_51503_crht1gvo-c","10":"pa_51503_crht1gvo-d","11":"pa_51503_crht1gvo-e","12":"pa_51503_crht1gvo-f","13":"pa_51503_crht1gvo-g","14":"pa_51503_crht1gvo-h","15":"pa_51503_crht1gvo-i","16":"pa_51503_crht1gvo-j","17":"pa_51503_zx438g8w-1-stk","18":"pa_51503_zx438g8w-2-stk","19":"pa_51503_zx438g8w-3-stk","20":"desktop-align-left","21":"tablet-align-left","22":"mobile-align-left","24":"first","25":"instock","26":"shipping-taxable","27":"purchasable","28":"product-type-variable","29":"has-default-attributes"},"yoast_head":"<!-- This site is optimized with the Yoast SEO plugin v27.4 - https:\/\/yoast.com\/product\/yoast-seo-wordpress\/ -->\n<title>Flettet h\u00e5rb\u00e5nd - Mekulo DK<\/title>\n<meta name=\"robots\" content=\"index, follow, max-snippet:-1, max-image-preview:large, max-video-preview:-1\" \/>\n<link rel=\"canonical\" href=\"https:\/\/mekulo.com\/dk\/produkt\/flettet-haarbaand\/\" \/>\n<meta property=\"og:locale\" content=\"da_DK\" \/>\n<meta property=\"og:type\" content=\"article\" \/>\n<meta property=\"og:title\" content=\"Flettet h\u00e5rb\u00e5nd - Mekulo DK\" \/>\n<meta property=\"og:description\" content=\"\ud83d\udc69Dette flettede h\u00e5rb\u00e5nd blander sig problemfrit med dit h\u00e5r for at skabe et fuldt, elegant flettet look. \ud83c\udf80Den bl\u00f8de, fluffy tekstur ligner \u00e6gte h\u00e5r og forbliver behagelig hele dagen uden at tr\u00e6kke eller vikle sig. \ud83d\udc57Dette g\u00f8r det perfekt til hurtig styling, n\u00e5r du vil have et poleret look med minimal indsats.\" \/>\n<meta property=\"og:url\" content=\"https:\/\/mekulo.com\/dk\/produkt\/flettet-haarbaand\/\" \/>\n<meta property=\"og:site_name\" content=\"Mekulo DK\" \/>\n<meta property=\"article:modified_time\" content=\"2026-02-03T15:18:15+00:00\" \/>\n<meta property=\"og:image\" content=\"https:\/\/mekulo.com\/dk\/wp-content\/uploads\/sites\/12\/2026\/01\/pmkt3t7-1.jpeg\" \/>\n\t<meta property=\"og:image:width\" content=\"800\" \/>\n\t<meta property=\"og:image:height\" content=\"800\" \/>\n\t<meta property=\"og:image:type\" content=\"image\/jpeg\" \/>\n<meta name=\"twitter:card\" content=\"summary_large_image\" \/>\n<meta name=\"twitter:label1\" content=\"Estimeret l\u00e6setid\" \/>\n\t<meta name=\"twitter:data1\" content=\"2 minutter\" \/>\n<script type=\"application\/ld+json\" class=\"yoast-schema-graph\">{\"@context\":\"https:\\\/\\\/schema.org\",\"@graph\":[{\"@type\":\"WebPage\",\"@id\":\"https:\\\/\\\/mekulo.com\\\/dk\\\/produkt\\\/flettet-haarbaand\\\/\",\"url\":\"https:\\\/\\\/mekulo.com\\\/dk\\\/produkt\\\/flettet-haarbaand\\\/\",\"name\":\"Flettet h\u00e5rb\u00e5nd - Mekulo DK\",\"isPartOf\":{\"@id\":\"https:\\\/\\\/mekulo.com\\\/dk\\\/#website\"},\"primaryImageOfPage\":{\"@id\":\"https:\\\/\\\/mekulo.com\\\/dk\\\/produkt\\\/flettet-haarbaand\\\/#primaryimage\"},\"image\":{\"@id\":\"https:\\\/\\\/mekulo.com\\\/dk\\\/produkt\\\/flettet-haarbaand\\\/#primaryimage\"},\"thumbnailUrl\":\"https:\\\/\\\/mekulo.com\\\/dk\\\/wp-content\\\/uploads\\\/sites\\\/12\\\/2026\\\/01\\\/pmkt3t7-1.jpeg\",\"datePublished\":\"2026-01-22T19:14:15+00:00\",\"dateModified\":\"2026-02-03T15:18:15+00:00\",\"breadcrumb\":{\"@id\":\"https:\\\/\\\/mekulo.com\\\/dk\\\/produkt\\\/flettet-haarbaand\\\/#breadcrumb\"},\"inLanguage\":\"da-DK\",\"potentialAction\":[{\"@type\":\"ReadAction\",\"target\":[\"https:\\\/\\\/mekulo.com\\\/dk\\\/produkt\\\/flettet-haarbaand\\\/\"]}]},{\"@type\":\"ImageObject\",\"inLanguage\":\"da-DK\",\"@id\":\"https:\\\/\\\/mekulo.com\\\/dk\\\/produkt\\\/flettet-haarbaand\\\/#primaryimage\",\"url\":\"https:\\\/\\\/mekulo.com\\\/dk\\\/wp-content\\\/uploads\\\/sites\\\/12\\\/2026\\\/01\\\/pmkt3t7-1.jpeg\",\"contentUrl\":\"https:\\\/\\\/mekulo.com\\\/dk\\\/wp-content\\\/uploads\\\/sites\\\/12\\\/2026\\\/01\\\/pmkt3t7-1.jpeg\",\"width\":800,\"height\":800},{\"@type\":\"BreadcrumbList\",\"@id\":\"https:\\\/\\\/mekulo.com\\\/dk\\\/produkt\\\/flettet-haarbaand\\\/#breadcrumb\",\"itemListElement\":[{\"@type\":\"ListItem\",\"position\":1,\"name\":\"Home\",\"item\":\"https:\\\/\\\/mekulo.com\\\/dk\\\/\"},{\"@type\":\"ListItem\",\"position\":2,\"name\":\"Butik\",\"item\":\"https:\\\/\\\/mekulo.com\\\/dk\\\/butik\\\/\"},{\"@type\":\"ListItem\",\"position\":3,\"name\":\"Flettet h\u00e5rb\u00e5nd\"}]},{\"@type\":\"WebSite\",\"@id\":\"https:\\\/\\\/mekulo.com\\\/dk\\\/#website\",\"url\":\"https:\\\/\\\/mekulo.com\\\/dk\\\/\",\"name\":\"Mekulo DK\",\"description\":\"\",\"publisher\":{\"@id\":\"https:\\\/\\\/mekulo.com\\\/dk\\\/#organization\"},\"potentialAction\":[{\"@type\":\"SearchAction\",\"target\":{\"@type\":\"EntryPoint\",\"urlTemplate\":\"https:\\\/\\\/mekulo.com\\\/dk\\\/?s={search_term_string}\"},\"query-input\":{\"@type\":\"PropertyValueSpecification\",\"valueRequired\":true,\"valueName\":\"search_term_string\"}}],\"inLanguage\":\"da-DK\"},{\"@type\":\"Organization\",\"@id\":\"https:\\\/\\\/mekulo.com\\\/dk\\\/#organization\",\"name\":\"Mekulo\",\"url\":\"https:\\\/\\\/mekulo.com\\\/dk\\\/\",\"logo\":{\"@type\":\"ImageObject\",\"inLanguage\":\"da-DK\",\"@id\":\"https:\\\/\\\/mekulo.com\\\/dk\\\/#\\\/schema\\\/logo\\\/image\\\/\",\"url\":\"https:\\\/\\\/mekulo.com\\\/dk\\\/wp-content\\\/uploads\\\/sites\\\/12\\\/2025\\\/12\\\/favicon_mekulo.png\",\"contentUrl\":\"https:\\\/\\\/mekulo.com\\\/dk\\\/wp-content\\\/uploads\\\/sites\\\/12\\\/2025\\\/12\\\/favicon_mekulo.png\",\"width\":50,\"height\":50,\"caption\":\"Mekulo\"},\"image\":{\"@id\":\"https:\\\/\\\/mekulo.com\\\/dk\\\/#\\\/schema\\\/logo\\\/image\\\/\"}}]}<\/script>\n<!-- \/ Yoast SEO plugin. -->","yoast_head_json":{"title":"Flettet h\u00e5rb\u00e5nd - Mekulo DK","robots":{"index":"index","follow":"follow","max-snippet":"max-snippet:-1","max-image-preview":"max-image-preview:large","max-video-preview":"max-video-preview:-1"},"canonical":"https:\/\/mekulo.com\/dk\/produkt\/flettet-haarbaand\/","og_locale":"da_DK","og_type":"article","og_title":"Flettet h\u00e5rb\u00e5nd - Mekulo DK","og_description":"\ud83d\udc69Dette flettede h\u00e5rb\u00e5nd blander sig problemfrit med dit h\u00e5r for at skabe et fuldt, elegant flettet look. \ud83c\udf80Den bl\u00f8de, fluffy tekstur ligner \u00e6gte h\u00e5r og forbliver behagelig hele dagen uden at tr\u00e6kke eller vikle sig. \ud83d\udc57Dette g\u00f8r det perfekt til hurtig styling, n\u00e5r du vil have et poleret look med minimal indsats.","og_url":"https:\/\/mekulo.com\/dk\/produkt\/flettet-haarbaand\/","og_site_name":"Mekulo DK","article_modified_time":"2026-02-03T15:18:15+00:00","og_image":[{"width":800,"height":800,"url":"https:\/\/mekulo.com\/dk\/wp-content\/uploads\/sites\/12\/2026\/01\/pmkt3t7-1.jpeg","type":"image\/jpeg"}],"twitter_card":"summary_large_image","twitter_misc":{"Estimeret l\u00e6setid":"2 minutter"},"schema":{"@context":"https:\/\/schema.org","@graph":[{"@type":"WebPage","@id":"https:\/\/mekulo.com\/dk\/produkt\/flettet-haarbaand\/","url":"https:\/\/mekulo.com\/dk\/produkt\/flettet-haarbaand\/","name":"Flettet h\u00e5rb\u00e5nd - Mekulo DK","isPartOf":{"@id":"https:\/\/mekulo.com\/dk\/#website"},"primaryImageOfPage":{"@id":"https:\/\/mekulo.com\/dk\/produkt\/flettet-haarbaand\/#primaryimage"},"image":{"@id":"https:\/\/mekulo.com\/dk\/produkt\/flettet-haarbaand\/#primaryimage"},"thumbnailUrl":"https:\/\/mekulo.com\/dk\/wp-content\/uploads\/sites\/12\/2026\/01\/pmkt3t7-1.jpeg","datePublished":"2026-01-22T19:14:15+00:00","dateModified":"2026-02-03T15:18:15+00:00","breadcrumb":{"@id":"https:\/\/mekulo.com\/dk\/produkt\/flettet-haarbaand\/#breadcrumb"},"inLanguage":"da-DK","potentialAction":[{"@type":"ReadAction","target":["https:\/\/mekulo.com\/dk\/produkt\/flettet-haarbaand\/"]}]},{"@type":"ImageObject","inLanguage":"da-DK","@id":"https:\/\/mekulo.com\/dk\/produkt\/flettet-haarbaand\/#primaryimage","url":"https:\/\/mekulo.com\/dk\/wp-content\/uploads\/sites\/12\/2026\/01\/pmkt3t7-1.jpeg","contentUrl":"https:\/\/mekulo.com\/dk\/wp-content\/uploads\/sites\/12\/2026\/01\/pmkt3t7-1.jpeg","width":800,"height":800},{"@type":"BreadcrumbList","@id":"https:\/\/mekulo.com\/dk\/produkt\/flettet-haarbaand\/#breadcrumb","itemListElement":[{"@type":"ListItem","position":1,"name":"Home","item":"https:\/\/mekulo.com\/dk\/"},{"@type":"ListItem","position":2,"name":"Butik","item":"https:\/\/mekulo.com\/dk\/butik\/"},{"@type":"ListItem","position":3,"name":"Flettet h\u00e5rb\u00e5nd"}]},{"@type":"WebSite","@id":"https:\/\/mekulo.com\/dk\/#website","url":"https:\/\/mekulo.com\/dk\/","name":"Mekulo DK","description":"","publisher":{"@id":"https:\/\/mekulo.com\/dk\/#organization"},"potentialAction":[{"@type":"SearchAction","target":{"@type":"EntryPoint","urlTemplate":"https:\/\/mekulo.com\/dk\/?s={search_term_string}"},"query-input":{"@type":"PropertyValueSpecification","valueRequired":true,"valueName":"search_term_string"}}],"inLanguage":"da-DK"},{"@type":"Organization","@id":"https:\/\/mekulo.com\/dk\/#organization","name":"Mekulo","url":"https:\/\/mekulo.com\/dk\/","logo":{"@type":"ImageObject","inLanguage":"da-DK","@id":"https:\/\/mekulo.com\/dk\/#\/schema\/logo\/image\/","url":"https:\/\/mekulo.com\/dk\/wp-content\/uploads\/sites\/12\/2025\/12\/favicon_mekulo.png","contentUrl":"https:\/\/mekulo.com\/dk\/wp-content\/uploads\/sites\/12\/2025\/12\/favicon_mekulo.png","width":50,"height":50,"caption":"Mekulo"},"image":{"@id":"https:\/\/mekulo.com\/dk\/#\/schema\/logo\/image\/"}}]}},"_links":{"self":[{"href":"https:\/\/mekulo.com\/dk\/wp-json\/wp\/v2\/product\/19356","targetHints":{"allow":["GET"]}}],"collection":[{"href":"https:\/\/mekulo.com\/dk\/wp-json\/wp\/v2\/product"}],"about":[{"href":"https:\/\/mekulo.com\/dk\/wp-json\/wp\/v2\/types\/product"}],"replies":[{"embeddable":true,"href":"https:\/\/mekulo.com\/dk\/wp-json\/wp\/v2\/comments?post=19356"}],"wp:featuredmedia":[{"embeddable":true,"href":"https:\/\/mekulo.com\/dk\/wp-json\/wp\/v2\/media\/19352"}],"wp:attachment":[{"href":"https:\/\/mekulo.com\/dk\/wp-json\/wp\/v2\/media?parent=19356"}],"wp:term":[{"taxonomy":"product_brand","embeddable":true,"href":"https:\/\/mekulo.com\/dk\/wp-json\/wp\/v2\/product_brand?post=19356"},{"taxonomy":"product_cat","embeddable":true,"href":"https:\/\/mekulo.com\/dk\/wp-json\/wp\/v2\/product_cat?post=19356"},{"taxonomy":"product_tag","embeddable":true,"href":"https:\/\/mekulo.com\/dk\/wp-json\/wp\/v2\/product_tag?post=19356"}],"curies":[{"name":"wp","href":"https:\/\/api.w.org\/{rel}","templated":true}]}}