{"id":19305,"date":"2026-01-22T21:08:59","date_gmt":"2026-01-22T19:08:59","guid":{"rendered":"https:\/\/mekulo.com\/dk\/produkt\/nylon-taske-med-stor-kapacitet\/"},"modified":"2026-01-27T01:22:17","modified_gmt":"2026-01-26T23:22:17","slug":"nylon-taske-med-stor-kapacitet","status":"publish","type":"product","link":"https:\/\/mekulo.com\/dk\/produkt\/nylon-taske-med-stor-kapacitet\/","title":{"rendered":"Nylon-taske med stor kapacitet"},"content":{"rendered":"<p style=\"text-align: center;\" data-start=\"0\" data-end=\"65\"><strong data-start=\"0\" data-end=\"65\">B\u00e6r alle dine daglige forn\u00f8denheder i en stilfuld og rummelig taske. \ud83d\udc5c<\/strong><\/p>\n<p data-start=\"0\" data-end=\"65\"><img fetchpriority=\"high\" decoding=\"async\" class=\"size-full wp-image-21468 aligncenter\" src=\"https:\/\/mekulo.com\/template\/wp-content\/uploads\/sites\/6\/2026\/01\/3b91bc7289017e866841a9a5d72d1900b203fd22.jpg\" alt=\"\" width=\"1080\" height=\"1080\" \/><\/p>\n<h2 style=\"text-align: center;\" data-start=\"303\" data-end=\"323\">Hovedfordele \ud83d\udc5c<\/h2>\n<p data-start=\"326\" data-end=\"392\">\ud83d\udce6 Stor opbevaringskapacitet &#8211; rummer nemt de vigtigste ting i hverdagen.<\/p>\n<p data-start=\"395\" data-end=\"454\">\ud83e\udde9 Design med flere lommer &#8211; holder tingene p\u00e6nt organiseret.<\/p>\n<p data-start=\"457\" data-end=\"519\">\ud83d\udca7 Vandt\u00e6t nylonmateriale &#8211; holdbart og nemt at reng\u00f8re.<\/p>\n<p data-start=\"522\" data-end=\"587\">\u2728 Minimalistisk stil &#8211; matcher afslappede og semi-formelle t\u00f8j.<\/p>\n<p data-start=\"590\" data-end=\"648\">\ud83c\udf92 Behagelige h\u00e5ndtag &#8211; nemme at b\u00e6re p\u00e5 skulderen eller i h\u00e5nden.<\/p>\n<p data-start=\"651\" data-end=\"713\">\ud83c\udf0d Alsidig brug &#8211; Perfekt til arbejde, rejser, fitnesscenter eller strand.<\/p>\n<p data-start=\"651\" data-end=\"713\"><img decoding=\"async\" class=\"size-full wp-image-21469 aligncenter\" src=\"https:\/\/mekulo.com\/template\/wp-content\/uploads\/sites\/6\/2026\/01\/c4b5ce5c5fd29a0cef6ec2acdbf6dde0aef6a5c8.jpg\" alt=\"\" width=\"1080\" height=\"1080\" \/><\/p>\n<h2 style=\"text-align: center;\" data-start=\"720\" data-end=\"734\">Brug \ud83d\udccc<\/h2>\n<ol data-start=\"735\" data-end=\"974\">\n<li data-start=\"735\" data-end=\"788\">\n<p data-start=\"738\" data-end=\"788\">Placer dine st\u00f8rre ting i hovedrummet.<\/p>\n<\/li>\n<li data-start=\"789\" data-end=\"834\">\n<p data-start=\"792\" data-end=\"834\">Opbevar v\u00e6rdigenstande i den indvendige lynl\u00e5slomme.<\/p>\n<\/li>\n<li data-start=\"835\" data-end=\"884\">\n<p data-start=\"838\" data-end=\"884\">Brug sidelommerne med lynl\u00e5s til hurtigt tilg\u00e6ngelige ting.<\/p>\n<\/li>\n<li data-start=\"885\" data-end=\"925\">\n<p data-start=\"888\" data-end=\"925\">B\u00e6r i h\u00e5nden eller over skulderen.<\/p>\n<\/li>\n<li data-start=\"926\" data-end=\"974\">\n<p data-start=\"929\" data-end=\"974\">Nyd organiseret opbevaring hele dagen.<\/p>\n<\/li>\n<\/ol>\n<h2 style=\"text-align: center;\" data-start=\"981\" data-end=\"1000\">Produktdetaljer \ud83d\udccf<\/h2>\n<ul data-start=\"1001\" data-end=\"1303\">\n<li data-start=\"1049\" data-end=\"1079\">\n<p data-start=\"1051\" data-end=\"1079\">Materiale: Vandt\u00e6t nylon<\/p>\n<\/li>\n<li data-start=\"1080\" data-end=\"1116\">\n<p data-start=\"1082\" data-end=\"1116\">St\u00f8rrelse: 47 x 37 x 18 cm<\/p>\n<\/li>\n<li data-start=\"1117\" data-end=\"1218\">\n<p data-start=\"1119\" data-end=\"1134\">Rum:<\/p>\n<ul data-start=\"1137\" data-end=\"1218\">\n<li data-start=\"1137\" data-end=\"1161\">\n<p data-start=\"1139\" data-end=\"1161\">1x hovedrum<\/p>\n<\/li>\n<li data-start=\"1164\" data-end=\"1191\">\n<p data-start=\"1166\" data-end=\"1191\">1x indvendig lynl\u00e5slomme<\/p>\n<\/li>\n<li data-start=\"1194\" data-end=\"1218\">\n<p data-start=\"1196\" data-end=\"1218\">2x sidelommer med lynl\u00e5s<\/p>\n<\/li>\n<\/ul>\n<\/li>\n<li data-start=\"1219\" data-end=\"1252\">\n<p data-start=\"1221\" data-end=\"1252\">Stil: Minimalistisk, hobo-stil<\/p>\n<\/li>\n<li data-start=\"1253\" data-end=\"1303\">\n<p data-start=\"1255\" data-end=\"1303\">Brug: Arbejde, pendling, shopping, rejser, sport<\/p>\n<\/li>\n<\/ul>\n<h2 style=\"text-align: center;\" data-start=\"1310\" data-end=\"1330\">Pakken indeholder \ud83d\udce6<\/h2>\n<ul data-start=\"1331\" data-end=\"1369\" data-is-last-node=\"\" data-is-only-node=\"\">\n<li data-start=\"1331\" data-end=\"1369\" data-is-last-node=\"\">\n<p data-start=\"1333\" data-end=\"1369\" data-is-last-node=\"\">1x nylon tote bag med stor kapacitet.<\/p>\n<\/li>\n<\/ul>\n","protected":false},"excerpt":{"rendered":"<p>\ud83d\udc5cDenne nylon-taske med stor kapacitet har masser af plads og smarte lommer til at holde alting organiseret.<br \/>\n\ud83d\udca6Det vandt\u00e6tte nylon-design g\u00f8r den perfekt til arbejde, shopping, rejser eller hverdagsbrug, samtidig med at den er behagelig at b\u00e6re.<br \/>\n\ud83d\udc5dDu kan nemt f\u00e5 plads til din tablet, telefon, pung, makeup og andre daglige forn\u00f8denheder i \u00e9n taske.<\/p>\n","protected":false},"featured_media":19301,"comment_status":"open","ping_status":"closed","template":"","meta":{"site-sidebar-layout":"default","site-content-layout":"","ast-site-content-layout":"default","site-content-style":"default","site-sidebar-style":"default","ast-global-header-display":"","ast-banner-title-visibility":"","ast-main-header-display":"","ast-hfb-above-header-display":"","ast-hfb-below-header-display":"","ast-hfb-mobile-header-display":"","site-post-title":"","ast-breadcrumbs-content":"","ast-featured-img":"","footer-sml-layout":"","ast-disable-related-posts":"","theme-transparent-header-meta":"default","adv-header-id-meta":"","stick-header-meta":"","header-above-stick-meta":"","header-main-stick-meta":"","header-below-stick-meta":"","astra-migrate-meta-layouts":"set","ast-page-background-enabled":"default","ast-page-background-meta":{"desktop":{"background-color":"var(--ast-global-color-5)","background-image":"","background-repeat":"repeat","background-position":"center center","background-size":"auto","background-attachment":"scroll","background-type":"","background-media":"","overlay-type":"","overlay-color":"","overlay-opacity":"","overlay-gradient":""},"tablet":{"background-color":"","background-image":"","background-repeat":"repeat","background-position":"center center","background-size":"auto","background-attachment":"scroll","background-type":"","background-media":"","overlay-type":"","overlay-color":"","overlay-opacity":"","overlay-gradient":""},"mobile":{"background-color":"","background-image":"","background-repeat":"repeat","background-position":"center center","background-size":"auto","background-attachment":"scroll","background-type":"","background-media":"","overlay-type":"","overlay-color":"","overlay-opacity":"","overlay-gradient":""}},"ast-content-background-meta":{"desktop":{"background-color":"var(--ast-global-color-4)","background-image":"","background-repeat":"repeat","background-position":"center center","background-size":"auto","background-attachment":"scroll","background-type":"","background-media":"","overlay-type":"","overlay-color":"","overlay-opacity":"","overlay-gradient":""},"tablet":{"background-color":"var(--ast-global-color-4)","background-image":"","background-repeat":"repeat","background-position":"center center","background-size":"auto","background-attachment":"scroll","background-type":"","background-media":"","overlay-type":"","overlay-color":"","overlay-opacity":"","overlay-gradient":""},"mobile":{"background-color":"var(--ast-global-color-4)","background-image":"","background-repeat":"repeat","background-position":"center center","background-size":"auto","background-attachment":"scroll","background-type":"","background-media":"","overlay-type":"","overlay-color":"","overlay-opacity":"","overlay-gradient":""}}},"product_brand":[],"product_cat":[165],"product_tag":[],"class_list":{"0":"post-19305","1":"product","2":"type-product","3":"status-publish","4":"has-post-thumbnail","6":"product_cat-fodtoej-tilbehoer","7":"pa_51481_8lyjk2y6-beige","8":"pa_51481_8lyjk2y6-brun","9":"pa_51481_8lyjk2y6-gul","10":"pa_51481_8lyjk2y6-khaki","11":"pa_51481_8lyjk2y6-roed","12":"pa_51481_8lyjk2y6-sort","13":"desktop-align-left","14":"tablet-align-left","15":"mobile-align-left","17":"first","18":"instock","19":"shipping-taxable","20":"purchasable","21":"product-type-variable"},"yoast_head":"<!-- This site is optimized with the Yoast SEO plugin v27.4 - https:\/\/yoast.com\/product\/yoast-seo-wordpress\/ -->\n<title>Nylon-taske med stor kapacitet - Mekulo DK<\/title>\n<meta name=\"robots\" content=\"index, follow, max-snippet:-1, max-image-preview:large, max-video-preview:-1\" \/>\n<link rel=\"canonical\" href=\"https:\/\/mekulo.com\/dk\/produkt\/nylon-taske-med-stor-kapacitet\/\" \/>\n<meta property=\"og:locale\" content=\"da_DK\" \/>\n<meta property=\"og:type\" content=\"article\" \/>\n<meta property=\"og:title\" content=\"Nylon-taske med stor kapacitet - Mekulo DK\" \/>\n<meta property=\"og:description\" content=\"\ud83d\udc5cDenne nylon-taske med stor kapacitet har masser af plads og smarte lommer til at holde alting organiseret. \ud83d\udca6Det vandt\u00e6tte nylon-design g\u00f8r den perfekt til arbejde, shopping, rejser eller hverdagsbrug, samtidig med at den er behagelig at b\u00e6re. \ud83d\udc5dDu kan nemt f\u00e5 plads til din tablet, telefon, pung, makeup og andre daglige forn\u00f8denheder i \u00e9n taske.\" \/>\n<meta property=\"og:url\" content=\"https:\/\/mekulo.com\/dk\/produkt\/nylon-taske-med-stor-kapacitet\/\" \/>\n<meta property=\"og:site_name\" content=\"Mekulo DK\" \/>\n<meta property=\"article:modified_time\" content=\"2026-01-26T23:22:17+00:00\" \/>\n<meta property=\"og:image\" content=\"https:\/\/mekulo.com\/dk\/wp-content\/uploads\/sites\/12\/2026\/01\/wj1bh0e-1.jpg\" \/>\n\t<meta property=\"og:image:width\" content=\"600\" \/>\n\t<meta property=\"og:image:height\" content=\"800\" \/>\n\t<meta property=\"og:image:type\" content=\"image\/jpeg\" \/>\n<meta name=\"twitter:card\" content=\"summary_large_image\" \/>\n<meta name=\"twitter:label1\" content=\"Estimeret l\u00e6setid\" \/>\n\t<meta name=\"twitter:data1\" content=\"2 minutter\" \/>\n<script type=\"application\/ld+json\" class=\"yoast-schema-graph\">{\"@context\":\"https:\\\/\\\/schema.org\",\"@graph\":[{\"@type\":\"WebPage\",\"@id\":\"https:\\\/\\\/mekulo.com\\\/dk\\\/produkt\\\/nylon-taske-med-stor-kapacitet\\\/\",\"url\":\"https:\\\/\\\/mekulo.com\\\/dk\\\/produkt\\\/nylon-taske-med-stor-kapacitet\\\/\",\"name\":\"Nylon-taske med stor kapacitet - Mekulo DK\",\"isPartOf\":{\"@id\":\"https:\\\/\\\/mekulo.com\\\/dk\\\/#website\"},\"primaryImageOfPage\":{\"@id\":\"https:\\\/\\\/mekulo.com\\\/dk\\\/produkt\\\/nylon-taske-med-stor-kapacitet\\\/#primaryimage\"},\"image\":{\"@id\":\"https:\\\/\\\/mekulo.com\\\/dk\\\/produkt\\\/nylon-taske-med-stor-kapacitet\\\/#primaryimage\"},\"thumbnailUrl\":\"https:\\\/\\\/mekulo.com\\\/dk\\\/wp-content\\\/uploads\\\/sites\\\/12\\\/2026\\\/01\\\/wj1bh0e-1.jpg\",\"datePublished\":\"2026-01-22T19:08:59+00:00\",\"dateModified\":\"2026-01-26T23:22:17+00:00\",\"breadcrumb\":{\"@id\":\"https:\\\/\\\/mekulo.com\\\/dk\\\/produkt\\\/nylon-taske-med-stor-kapacitet\\\/#breadcrumb\"},\"inLanguage\":\"da-DK\",\"potentialAction\":[{\"@type\":\"ReadAction\",\"target\":[\"https:\\\/\\\/mekulo.com\\\/dk\\\/produkt\\\/nylon-taske-med-stor-kapacitet\\\/\"]}]},{\"@type\":\"ImageObject\",\"inLanguage\":\"da-DK\",\"@id\":\"https:\\\/\\\/mekulo.com\\\/dk\\\/produkt\\\/nylon-taske-med-stor-kapacitet\\\/#primaryimage\",\"url\":\"https:\\\/\\\/mekulo.com\\\/dk\\\/wp-content\\\/uploads\\\/sites\\\/12\\\/2026\\\/01\\\/wj1bh0e-1.jpg\",\"contentUrl\":\"https:\\\/\\\/mekulo.com\\\/dk\\\/wp-content\\\/uploads\\\/sites\\\/12\\\/2026\\\/01\\\/wj1bh0e-1.jpg\",\"width\":600,\"height\":800},{\"@type\":\"BreadcrumbList\",\"@id\":\"https:\\\/\\\/mekulo.com\\\/dk\\\/produkt\\\/nylon-taske-med-stor-kapacitet\\\/#breadcrumb\",\"itemListElement\":[{\"@type\":\"ListItem\",\"position\":1,\"name\":\"Home\",\"item\":\"https:\\\/\\\/mekulo.com\\\/dk\\\/\"},{\"@type\":\"ListItem\",\"position\":2,\"name\":\"Butik\",\"item\":\"https:\\\/\\\/mekulo.com\\\/dk\\\/butik\\\/\"},{\"@type\":\"ListItem\",\"position\":3,\"name\":\"Nylon-taske med stor kapacitet\"}]},{\"@type\":\"WebSite\",\"@id\":\"https:\\\/\\\/mekulo.com\\\/dk\\\/#website\",\"url\":\"https:\\\/\\\/mekulo.com\\\/dk\\\/\",\"name\":\"Mekulo DK\",\"description\":\"\",\"publisher\":{\"@id\":\"https:\\\/\\\/mekulo.com\\\/dk\\\/#organization\"},\"potentialAction\":[{\"@type\":\"SearchAction\",\"target\":{\"@type\":\"EntryPoint\",\"urlTemplate\":\"https:\\\/\\\/mekulo.com\\\/dk\\\/?s={search_term_string}\"},\"query-input\":{\"@type\":\"PropertyValueSpecification\",\"valueRequired\":true,\"valueName\":\"search_term_string\"}}],\"inLanguage\":\"da-DK\"},{\"@type\":\"Organization\",\"@id\":\"https:\\\/\\\/mekulo.com\\\/dk\\\/#organization\",\"name\":\"Mekulo\",\"url\":\"https:\\\/\\\/mekulo.com\\\/dk\\\/\",\"logo\":{\"@type\":\"ImageObject\",\"inLanguage\":\"da-DK\",\"@id\":\"https:\\\/\\\/mekulo.com\\\/dk\\\/#\\\/schema\\\/logo\\\/image\\\/\",\"url\":\"https:\\\/\\\/mekulo.com\\\/dk\\\/wp-content\\\/uploads\\\/sites\\\/12\\\/2025\\\/12\\\/favicon_mekulo.png\",\"contentUrl\":\"https:\\\/\\\/mekulo.com\\\/dk\\\/wp-content\\\/uploads\\\/sites\\\/12\\\/2025\\\/12\\\/favicon_mekulo.png\",\"width\":50,\"height\":50,\"caption\":\"Mekulo\"},\"image\":{\"@id\":\"https:\\\/\\\/mekulo.com\\\/dk\\\/#\\\/schema\\\/logo\\\/image\\\/\"}}]}<\/script>\n<!-- \/ Yoast SEO plugin. -->","yoast_head_json":{"title":"Nylon-taske med stor kapacitet - Mekulo DK","robots":{"index":"index","follow":"follow","max-snippet":"max-snippet:-1","max-image-preview":"max-image-preview:large","max-video-preview":"max-video-preview:-1"},"canonical":"https:\/\/mekulo.com\/dk\/produkt\/nylon-taske-med-stor-kapacitet\/","og_locale":"da_DK","og_type":"article","og_title":"Nylon-taske med stor kapacitet - Mekulo DK","og_description":"\ud83d\udc5cDenne nylon-taske med stor kapacitet har masser af plads og smarte lommer til at holde alting organiseret. \ud83d\udca6Det vandt\u00e6tte nylon-design g\u00f8r den perfekt til arbejde, shopping, rejser eller hverdagsbrug, samtidig med at den er behagelig at b\u00e6re. \ud83d\udc5dDu kan nemt f\u00e5 plads til din tablet, telefon, pung, makeup og andre daglige forn\u00f8denheder i \u00e9n taske.","og_url":"https:\/\/mekulo.com\/dk\/produkt\/nylon-taske-med-stor-kapacitet\/","og_site_name":"Mekulo DK","article_modified_time":"2026-01-26T23:22:17+00:00","og_image":[{"width":600,"height":800,"url":"https:\/\/mekulo.com\/dk\/wp-content\/uploads\/sites\/12\/2026\/01\/wj1bh0e-1.jpg","type":"image\/jpeg"}],"twitter_card":"summary_large_image","twitter_misc":{"Estimeret l\u00e6setid":"2 minutter"},"schema":{"@context":"https:\/\/schema.org","@graph":[{"@type":"WebPage","@id":"https:\/\/mekulo.com\/dk\/produkt\/nylon-taske-med-stor-kapacitet\/","url":"https:\/\/mekulo.com\/dk\/produkt\/nylon-taske-med-stor-kapacitet\/","name":"Nylon-taske med stor kapacitet - Mekulo DK","isPartOf":{"@id":"https:\/\/mekulo.com\/dk\/#website"},"primaryImageOfPage":{"@id":"https:\/\/mekulo.com\/dk\/produkt\/nylon-taske-med-stor-kapacitet\/#primaryimage"},"image":{"@id":"https:\/\/mekulo.com\/dk\/produkt\/nylon-taske-med-stor-kapacitet\/#primaryimage"},"thumbnailUrl":"https:\/\/mekulo.com\/dk\/wp-content\/uploads\/sites\/12\/2026\/01\/wj1bh0e-1.jpg","datePublished":"2026-01-22T19:08:59+00:00","dateModified":"2026-01-26T23:22:17+00:00","breadcrumb":{"@id":"https:\/\/mekulo.com\/dk\/produkt\/nylon-taske-med-stor-kapacitet\/#breadcrumb"},"inLanguage":"da-DK","potentialAction":[{"@type":"ReadAction","target":["https:\/\/mekulo.com\/dk\/produkt\/nylon-taske-med-stor-kapacitet\/"]}]},{"@type":"ImageObject","inLanguage":"da-DK","@id":"https:\/\/mekulo.com\/dk\/produkt\/nylon-taske-med-stor-kapacitet\/#primaryimage","url":"https:\/\/mekulo.com\/dk\/wp-content\/uploads\/sites\/12\/2026\/01\/wj1bh0e-1.jpg","contentUrl":"https:\/\/mekulo.com\/dk\/wp-content\/uploads\/sites\/12\/2026\/01\/wj1bh0e-1.jpg","width":600,"height":800},{"@type":"BreadcrumbList","@id":"https:\/\/mekulo.com\/dk\/produkt\/nylon-taske-med-stor-kapacitet\/#breadcrumb","itemListElement":[{"@type":"ListItem","position":1,"name":"Home","item":"https:\/\/mekulo.com\/dk\/"},{"@type":"ListItem","position":2,"name":"Butik","item":"https:\/\/mekulo.com\/dk\/butik\/"},{"@type":"ListItem","position":3,"name":"Nylon-taske med stor kapacitet"}]},{"@type":"WebSite","@id":"https:\/\/mekulo.com\/dk\/#website","url":"https:\/\/mekulo.com\/dk\/","name":"Mekulo DK","description":"","publisher":{"@id":"https:\/\/mekulo.com\/dk\/#organization"},"potentialAction":[{"@type":"SearchAction","target":{"@type":"EntryPoint","urlTemplate":"https:\/\/mekulo.com\/dk\/?s={search_term_string}"},"query-input":{"@type":"PropertyValueSpecification","valueRequired":true,"valueName":"search_term_string"}}],"inLanguage":"da-DK"},{"@type":"Organization","@id":"https:\/\/mekulo.com\/dk\/#organization","name":"Mekulo","url":"https:\/\/mekulo.com\/dk\/","logo":{"@type":"ImageObject","inLanguage":"da-DK","@id":"https:\/\/mekulo.com\/dk\/#\/schema\/logo\/image\/","url":"https:\/\/mekulo.com\/dk\/wp-content\/uploads\/sites\/12\/2025\/12\/favicon_mekulo.png","contentUrl":"https:\/\/mekulo.com\/dk\/wp-content\/uploads\/sites\/12\/2025\/12\/favicon_mekulo.png","width":50,"height":50,"caption":"Mekulo"},"image":{"@id":"https:\/\/mekulo.com\/dk\/#\/schema\/logo\/image\/"}}]}},"_links":{"self":[{"href":"https:\/\/mekulo.com\/dk\/wp-json\/wp\/v2\/product\/19305","targetHints":{"allow":["GET"]}}],"collection":[{"href":"https:\/\/mekulo.com\/dk\/wp-json\/wp\/v2\/product"}],"about":[{"href":"https:\/\/mekulo.com\/dk\/wp-json\/wp\/v2\/types\/product"}],"replies":[{"embeddable":true,"href":"https:\/\/mekulo.com\/dk\/wp-json\/wp\/v2\/comments?post=19305"}],"wp:featuredmedia":[{"embeddable":true,"href":"https:\/\/mekulo.com\/dk\/wp-json\/wp\/v2\/media\/19301"}],"wp:attachment":[{"href":"https:\/\/mekulo.com\/dk\/wp-json\/wp\/v2\/media?parent=19305"}],"wp:term":[{"taxonomy":"product_brand","embeddable":true,"href":"https:\/\/mekulo.com\/dk\/wp-json\/wp\/v2\/product_brand?post=19305"},{"taxonomy":"product_cat","embeddable":true,"href":"https:\/\/mekulo.com\/dk\/wp-json\/wp\/v2\/product_cat?post=19305"},{"taxonomy":"product_tag","embeddable":true,"href":"https:\/\/mekulo.com\/dk\/wp-json\/wp\/v2\/product_tag?post=19305"}],"curies":[{"name":"wp","href":"https:\/\/api.w.org\/{rel}","templated":true}]}}