{"id":19284,"date":"2026-01-22T21:07:11","date_gmt":"2026-01-22T19:07:11","guid":{"rendered":"https:\/\/mekulo.com\/dk\/produkt\/taktisk-taske-til-flaskeholder\/"},"modified":"2026-02-03T17:17:20","modified_gmt":"2026-02-03T15:17:20","slug":"taktisk-taske-til-flaskeholder","status":"publish","type":"product","link":"https:\/\/mekulo.com\/dk\/produkt\/taktisk-taske-til-flaskeholder\/","title":{"rendered":"Taktisk taske til flaskeholder"},"content":{"rendered":"<div class=\"flex max-w-full flex-col grow\">\n<div class=\"min-h-8 text-message relative flex w-full flex-col items-end gap-2 text-start break-words whitespace-normal [.text-message+&amp;]:mt-1\" dir=\"auto\" data-message-author-role=\"assistant\" data-message-id=\"e3379a51-5be6-4740-94bf-e325209d3dc9\" data-message-model-slug=\"gpt-5-2\">\n<div class=\"flex w-full flex-col gap-1 empty:hidden first:pt-[1px]\">\n<div class=\"markdown prose dark:prose-invert w-full break-words light markdown-new-styling\">\n<p style=\"text-align: center;\" data-start=\"0\" data-end=\"68\"><strong data-start=\"0\" data-end=\"68\">B\u00e6r Din Vandflaske Sikkert Og H\u00e5ndfrit, Uanset Hvor Du G\u00e5r. \ud83d\udca7<\/strong><\/p>\n<div class=\"flex flex-col text-sm pb-25\">\n<article class=\"text-token-text-primary w-full focus:outline-none [--shadow-height:45px] has-data-writing-block:pointer-events-none has-data-writing-block:-mt-(--shadow-height) has-data-writing-block:pt-(--shadow-height) [&amp;:has([data-writing-block])&gt;*]:pointer-events-auto scroll-mt-[calc(var(--header-height)+min(200px,max(70px,20svh)))]\" dir=\"auto\" data-turn-id=\"request-6967c1f1-7850-8327-b867-fefbba98715c-5\" data-testid=\"conversation-turn-86\" data-scroll-anchor=\"true\" data-turn=\"assistant\">\n<div class=\"text-base my-auto mx-auto pb-10 [--thread-content-margin:--spacing(4)] @w-sm\/main:[--thread-content-margin:--spacing(6)] @w-lg\/main:[--thread-content-margin:--spacing(16)] px-(--thread-content-margin)\">\n<div class=\"[--thread-content-max-width:40rem] @w-lg\/main:[--thread-content-max-width:48rem] mx-auto max-w-(--thread-content-max-width) flex-1 group\/turn-messages focus-visible:outline-hidden relative flex w-full min-w-0 flex-col agent-turn\">\n<div class=\"flex max-w-full flex-col grow\">\n<div class=\"min-h-8 text-message relative flex w-full flex-col items-end gap-2 text-start break-words whitespace-normal [.text-message+&amp;]:mt-1\" dir=\"auto\" data-message-author-role=\"assistant\" data-message-id=\"fe3f25bc-465b-4fca-a91c-c81f63b504f2\" data-message-model-slug=\"gpt-5-2\">\n<div class=\"flex w-full flex-col gap-1 empty:hidden first:pt-[1px]\">\n<div class=\"markdown prose dark:prose-invert w-full break-words light markdown-new-styling\">\n<p data-start=\"118\" data-end=\"427\" data-is-last-node=\"\" data-is-only-node=\"\"><img fetchpriority=\"high\" decoding=\"async\" class=\"size-full wp-image-21258 aligncenter\" src=\"https:\/\/mekulo.com\/template\/wp-content\/uploads\/sites\/6\/2026\/01\/1-9.jpeg\" alt=\"\" width=\"800\" height=\"800\" \/><\/p>\n<\/div>\n<\/div>\n<\/div>\n<\/div>\n<\/div>\n<\/div>\n<\/article>\n<\/div>\n<h2 style=\"text-align: center;\" data-start=\"314\" data-end=\"334\">Vigtigste fordele \ud83d\udca7<\/h2>\n<p data-start=\"337\" data-end=\"407\">\ud83c\udf92 H\u00e5ndfri b\u00e6ring &#8211; Komfortabel skulderrem til nem brug.<\/p>\n<p data-start=\"410\" data-end=\"475\">\ud83e\uddf4 Flaskeklart design &#8211; Sikker plads til din vandflaske.<\/p>\n<p data-start=\"478\" data-end=\"533\">\ud83d\udd12 Lynl\u00e5slukning &#8211; Holder tingene sikre, mens du bev\u00e6ger dig.<\/p>\n<p data-start=\"536\" data-end=\"604\">\ud83e\uddf5 Holdbart nylonmateriale &#8211; Bygget til hverdags- og udend\u00f8rsbrug.<\/p>\n<p data-start=\"607\" data-end=\"653\">\ud83c\udf26\ufe0f Brug hele \u00e5ret rundt &#8211; Velegnet \u00e5ret rundt.<\/p>\n<p data-start=\"656\" data-end=\"701\">\ud83e\uddcd Unisex-stil &#8211; Designet til alle.<\/p>\n<p data-start=\"656\" data-end=\"701\"><img decoding=\"async\" class=\"size-full wp-image-21261 aligncenter\" src=\"https:\/\/mekulo.com\/template\/wp-content\/uploads\/sites\/6\/2026\/01\/4-10.jpeg\" alt=\"\" width=\"800\" height=\"800\" \/><\/p>\n<h2 style=\"text-align: center;\" data-start=\"708\" data-end=\"722\">S\u00e5dan bruges den \ud83d\udccc<\/h2>\n<ol data-start=\"723\" data-end=\"979\">\n<li data-start=\"723\" data-end=\"756\">\n<p data-start=\"726\" data-end=\"756\">\u00c5bn lynl\u00e5srummet.<\/p>\n<\/li>\n<li data-start=\"757\" data-end=\"804\">\n<p data-start=\"760\" data-end=\"804\">Placer din vandflaske i holderen.<\/p>\n<\/li>\n<li data-start=\"805\" data-end=\"858\">\n<p data-start=\"808\" data-end=\"858\">Opbevar sm\u00e5ting i den ydre lomme, hvis det er n\u00f8dvendigt.<\/p>\n<\/li>\n<li data-start=\"859\" data-end=\"885\">\n<p data-start=\"862\" data-end=\"885\">Luk tasken forsvarligt.<\/p>\n<\/li>\n<li data-start=\"886\" data-end=\"929\">\n<p data-start=\"889\" data-end=\"929\">Juster skulderremmen for komfort.<\/p>\n<\/li>\n<li data-start=\"930\" data-end=\"979\">\n<p data-start=\"933\" data-end=\"979\">B\u00e6r den crossbody eller p\u00e5 skulderen og g\u00e5.<\/p>\n<\/li>\n<\/ol>\n<h2 style=\"text-align: center;\" data-start=\"986\" data-end=\"1005\">Produktdetaljer \ud83d\udccf<\/h2>\n<ul data-start=\"1006\" data-end=\"1370\">\n<li data-start=\"1047\" data-end=\"1085\">\n<p data-start=\"1049\" data-end=\"1085\">Tasketype: Skulder-\/crossbody-taske<\/p>\n<\/li>\n<li data-start=\"1086\" data-end=\"1110\">\n<p data-start=\"1088\" data-end=\"1110\">Hovedmateriale: Nylon<\/p>\n<\/li>\n<li data-start=\"1111\" data-end=\"1141\">\n<p data-start=\"1113\" data-end=\"1141\">Foringsmateriale: Polyester<\/p>\n<\/li>\n<li data-start=\"1142\" data-end=\"1166\">\n<p data-start=\"1144\" data-end=\"1166\">Lukningstype: Lynl\u00e5s<\/p>\n<\/li>\n<li data-start=\"1167\" data-end=\"1195\">\n<p data-start=\"1169\" data-end=\"1195\">Bl\u00f8dhed: Bl\u00f8d struktur<\/p>\n<\/li>\n<li data-start=\"1196\" data-end=\"1214\">\n<p data-start=\"1198\" data-end=\"1214\">M\u00f8nster: Ensfarvet<\/p>\n<\/li>\n<li data-start=\"1215\" data-end=\"1233\">\n<p data-start=\"1217\" data-end=\"1233\">K\u00f8n: Unisex<\/p>\n<\/li>\n<li data-start=\"1270\" data-end=\"1337\">\n<p data-start=\"1272\" data-end=\"1279\">St\u00f8rrelse: 24 x 14 x 4 cm<\/p>\n<\/li>\n<li data-start=\"1338\" data-end=\"1370\">\n<p data-start=\"1340\" data-end=\"1370\">Rem: Enkelt skulderrem<\/p>\n<\/li>\n<\/ul>\n<h2 style=\"text-align: center;\" data-start=\"1377\" data-end=\"1397\">Pakken indeholder \ud83d\udce6<\/h2>\n<ul data-start=\"1398\" data-end=\"1429\" data-is-last-node=\"\" data-is-only-node=\"\">\n<li data-start=\"1398\" data-end=\"1429\" data-is-last-node=\"\">\n<p data-start=\"1400\" data-end=\"1429\" data-is-last-node=\"\">1x taktisk flaskeholder taske.<\/p>\n<\/li>\n<\/ul>\n<\/div>\n<\/div>\n<\/div>\n<\/div>\n","protected":false},"excerpt":{"rendered":"<p>\ud83d\udc5cDenne taktiske flaskeholdertaske er en kompakt skuldertaske designet til at holde din flaske og sm\u00e5 n\u00f8dvendigheder p\u00e5 \u00e9t sted.<br \/>\n\ud83e\uddf5Lavet af slidst\u00e6rk nylon med lynl\u00e5slukning, den er perfekt til daglig brug, rejser, udend\u00f8rs aktiviteter og alle \u00e5rstider.<br \/>\n\ud83d\udca6Det h\u00e5ndfri design g\u00f8r det nemt at holde sig hydreret, mens du er p\u00e5 farten.<\/p>\n","protected":false},"featured_media":19280,"comment_status":"open","ping_status":"closed","template":"","meta":{"site-sidebar-layout":"default","site-content-layout":"","ast-site-content-layout":"default","site-content-style":"default","site-sidebar-style":"default","ast-global-header-display":"","ast-banner-title-visibility":"","ast-main-header-display":"","ast-hfb-above-header-display":"","ast-hfb-below-header-display":"","ast-hfb-mobile-header-display":"","site-post-title":"","ast-breadcrumbs-content":"","ast-featured-img":"","footer-sml-layout":"","ast-disable-related-posts":"","theme-transparent-header-meta":"default","adv-header-id-meta":"","stick-header-meta":"","header-above-stick-meta":"","header-main-stick-meta":"","header-below-stick-meta":"","astra-migrate-meta-layouts":"set","ast-page-background-enabled":"default","ast-page-background-meta":{"desktop":{"background-color":"var(--ast-global-color-5)","background-image":"","background-repeat":"repeat","background-position":"center center","background-size":"auto","background-attachment":"scroll","background-type":"","background-media":"","overlay-type":"","overlay-color":"","overlay-opacity":"","overlay-gradient":""},"tablet":{"background-color":"","background-image":"","background-repeat":"repeat","background-position":"center center","background-size":"auto","background-attachment":"scroll","background-type":"","background-media":"","overlay-type":"","overlay-color":"","overlay-opacity":"","overlay-gradient":""},"mobile":{"background-color":"","background-image":"","background-repeat":"repeat","background-position":"center center","background-size":"auto","background-attachment":"scroll","background-type":"","background-media":"","overlay-type":"","overlay-color":"","overlay-opacity":"","overlay-gradient":""}},"ast-content-background-meta":{"desktop":{"background-color":"var(--ast-global-color-4)","background-image":"","background-repeat":"repeat","background-position":"center center","background-size":"auto","background-attachment":"scroll","background-type":"","background-media":"","overlay-type":"","overlay-color":"","overlay-opacity":"","overlay-gradient":""},"tablet":{"background-color":"var(--ast-global-color-4)","background-image":"","background-repeat":"repeat","background-position":"center center","background-size":"auto","background-attachment":"scroll","background-type":"","background-media":"","overlay-type":"","overlay-color":"","overlay-opacity":"","overlay-gradient":""},"mobile":{"background-color":"var(--ast-global-color-4)","background-image":"","background-repeat":"repeat","background-position":"center center","background-size":"auto","background-attachment":"scroll","background-type":"","background-media":"","overlay-type":"","overlay-color":"","overlay-opacity":"","overlay-gradient":""}}},"product_brand":[],"product_cat":[15],"product_tag":[],"class_list":{"0":"post-19284","1":"product","2":"type-product","3":"status-publish","4":"has-post-thumbnail","6":"product_cat-uncategorized","7":"pa_51476_ws59xdvc-groen","8":"pa_51476_ws59xdvc-khaki","9":"pa_51476_ws59xdvc-orange","10":"pa_51476_ws59xdvc-sort","11":"desktop-align-left","12":"tablet-align-left","13":"mobile-align-left","15":"first","16":"instock","17":"shipping-taxable","18":"purchasable","19":"product-type-variable"},"yoast_head":"<!-- This site is optimized with the Yoast SEO plugin v27.4 - https:\/\/yoast.com\/product\/yoast-seo-wordpress\/ -->\n<title>Taktisk taske til flaskeholder - Mekulo DK<\/title>\n<meta name=\"robots\" content=\"index, follow, max-snippet:-1, max-image-preview:large, max-video-preview:-1\" \/>\n<link rel=\"canonical\" href=\"https:\/\/mekulo.com\/dk\/produkt\/taktisk-taske-til-flaskeholder\/\" \/>\n<meta property=\"og:locale\" content=\"da_DK\" \/>\n<meta property=\"og:type\" content=\"article\" \/>\n<meta property=\"og:title\" content=\"Taktisk taske til flaskeholder - Mekulo DK\" \/>\n<meta property=\"og:description\" content=\"\ud83d\udc5cDenne taktiske flaskeholdertaske er en kompakt skuldertaske designet til at holde din flaske og sm\u00e5 n\u00f8dvendigheder p\u00e5 \u00e9t sted. \ud83e\uddf5Lavet af slidst\u00e6rk nylon med lynl\u00e5slukning, den er perfekt til daglig brug, rejser, udend\u00f8rs aktiviteter og alle \u00e5rstider. \ud83d\udca6Det h\u00e5ndfri design g\u00f8r det nemt at holde sig hydreret, mens du er p\u00e5 farten.\" \/>\n<meta property=\"og:url\" content=\"https:\/\/mekulo.com\/dk\/produkt\/taktisk-taske-til-flaskeholder\/\" \/>\n<meta property=\"og:site_name\" content=\"Mekulo DK\" \/>\n<meta property=\"article:modified_time\" content=\"2026-02-03T15:17:20+00:00\" \/>\n<meta property=\"og:image\" content=\"https:\/\/mekulo.com\/dk\/wp-content\/uploads\/sites\/12\/2026\/01\/5s5564y-1.jpeg\" \/>\n\t<meta property=\"og:image:width\" content=\"800\" \/>\n\t<meta property=\"og:image:height\" content=\"800\" \/>\n\t<meta property=\"og:image:type\" content=\"image\/jpeg\" \/>\n<meta name=\"twitter:card\" content=\"summary_large_image\" \/>\n<meta name=\"twitter:label1\" content=\"Estimeret l\u00e6setid\" \/>\n\t<meta name=\"twitter:data1\" content=\"2 minutter\" \/>\n<script type=\"application\/ld+json\" class=\"yoast-schema-graph\">{\"@context\":\"https:\\\/\\\/schema.org\",\"@graph\":[{\"@type\":\"WebPage\",\"@id\":\"https:\\\/\\\/mekulo.com\\\/dk\\\/produkt\\\/taktisk-taske-til-flaskeholder\\\/\",\"url\":\"https:\\\/\\\/mekulo.com\\\/dk\\\/produkt\\\/taktisk-taske-til-flaskeholder\\\/\",\"name\":\"Taktisk taske til flaskeholder - Mekulo DK\",\"isPartOf\":{\"@id\":\"https:\\\/\\\/mekulo.com\\\/dk\\\/#website\"},\"primaryImageOfPage\":{\"@id\":\"https:\\\/\\\/mekulo.com\\\/dk\\\/produkt\\\/taktisk-taske-til-flaskeholder\\\/#primaryimage\"},\"image\":{\"@id\":\"https:\\\/\\\/mekulo.com\\\/dk\\\/produkt\\\/taktisk-taske-til-flaskeholder\\\/#primaryimage\"},\"thumbnailUrl\":\"https:\\\/\\\/mekulo.com\\\/dk\\\/wp-content\\\/uploads\\\/sites\\\/12\\\/2026\\\/01\\\/5s5564y-1.jpeg\",\"datePublished\":\"2026-01-22T19:07:11+00:00\",\"dateModified\":\"2026-02-03T15:17:20+00:00\",\"breadcrumb\":{\"@id\":\"https:\\\/\\\/mekulo.com\\\/dk\\\/produkt\\\/taktisk-taske-til-flaskeholder\\\/#breadcrumb\"},\"inLanguage\":\"da-DK\",\"potentialAction\":[{\"@type\":\"ReadAction\",\"target\":[\"https:\\\/\\\/mekulo.com\\\/dk\\\/produkt\\\/taktisk-taske-til-flaskeholder\\\/\"]}]},{\"@type\":\"ImageObject\",\"inLanguage\":\"da-DK\",\"@id\":\"https:\\\/\\\/mekulo.com\\\/dk\\\/produkt\\\/taktisk-taske-til-flaskeholder\\\/#primaryimage\",\"url\":\"https:\\\/\\\/mekulo.com\\\/dk\\\/wp-content\\\/uploads\\\/sites\\\/12\\\/2026\\\/01\\\/5s5564y-1.jpeg\",\"contentUrl\":\"https:\\\/\\\/mekulo.com\\\/dk\\\/wp-content\\\/uploads\\\/sites\\\/12\\\/2026\\\/01\\\/5s5564y-1.jpeg\",\"width\":800,\"height\":800},{\"@type\":\"BreadcrumbList\",\"@id\":\"https:\\\/\\\/mekulo.com\\\/dk\\\/produkt\\\/taktisk-taske-til-flaskeholder\\\/#breadcrumb\",\"itemListElement\":[{\"@type\":\"ListItem\",\"position\":1,\"name\":\"Home\",\"item\":\"https:\\\/\\\/mekulo.com\\\/dk\\\/\"},{\"@type\":\"ListItem\",\"position\":2,\"name\":\"Butik\",\"item\":\"https:\\\/\\\/mekulo.com\\\/dk\\\/butik\\\/\"},{\"@type\":\"ListItem\",\"position\":3,\"name\":\"Taktisk taske til flaskeholder\"}]},{\"@type\":\"WebSite\",\"@id\":\"https:\\\/\\\/mekulo.com\\\/dk\\\/#website\",\"url\":\"https:\\\/\\\/mekulo.com\\\/dk\\\/\",\"name\":\"Mekulo DK\",\"description\":\"\",\"publisher\":{\"@id\":\"https:\\\/\\\/mekulo.com\\\/dk\\\/#organization\"},\"potentialAction\":[{\"@type\":\"SearchAction\",\"target\":{\"@type\":\"EntryPoint\",\"urlTemplate\":\"https:\\\/\\\/mekulo.com\\\/dk\\\/?s={search_term_string}\"},\"query-input\":{\"@type\":\"PropertyValueSpecification\",\"valueRequired\":true,\"valueName\":\"search_term_string\"}}],\"inLanguage\":\"da-DK\"},{\"@type\":\"Organization\",\"@id\":\"https:\\\/\\\/mekulo.com\\\/dk\\\/#organization\",\"name\":\"Mekulo\",\"url\":\"https:\\\/\\\/mekulo.com\\\/dk\\\/\",\"logo\":{\"@type\":\"ImageObject\",\"inLanguage\":\"da-DK\",\"@id\":\"https:\\\/\\\/mekulo.com\\\/dk\\\/#\\\/schema\\\/logo\\\/image\\\/\",\"url\":\"https:\\\/\\\/mekulo.com\\\/dk\\\/wp-content\\\/uploads\\\/sites\\\/12\\\/2025\\\/12\\\/favicon_mekulo.png\",\"contentUrl\":\"https:\\\/\\\/mekulo.com\\\/dk\\\/wp-content\\\/uploads\\\/sites\\\/12\\\/2025\\\/12\\\/favicon_mekulo.png\",\"width\":50,\"height\":50,\"caption\":\"Mekulo\"},\"image\":{\"@id\":\"https:\\\/\\\/mekulo.com\\\/dk\\\/#\\\/schema\\\/logo\\\/image\\\/\"}}]}<\/script>\n<!-- \/ Yoast SEO plugin. -->","yoast_head_json":{"title":"Taktisk taske til flaskeholder - Mekulo DK","robots":{"index":"index","follow":"follow","max-snippet":"max-snippet:-1","max-image-preview":"max-image-preview:large","max-video-preview":"max-video-preview:-1"},"canonical":"https:\/\/mekulo.com\/dk\/produkt\/taktisk-taske-til-flaskeholder\/","og_locale":"da_DK","og_type":"article","og_title":"Taktisk taske til flaskeholder - Mekulo DK","og_description":"\ud83d\udc5cDenne taktiske flaskeholdertaske er en kompakt skuldertaske designet til at holde din flaske og sm\u00e5 n\u00f8dvendigheder p\u00e5 \u00e9t sted. \ud83e\uddf5Lavet af slidst\u00e6rk nylon med lynl\u00e5slukning, den er perfekt til daglig brug, rejser, udend\u00f8rs aktiviteter og alle \u00e5rstider. \ud83d\udca6Det h\u00e5ndfri design g\u00f8r det nemt at holde sig hydreret, mens du er p\u00e5 farten.","og_url":"https:\/\/mekulo.com\/dk\/produkt\/taktisk-taske-til-flaskeholder\/","og_site_name":"Mekulo DK","article_modified_time":"2026-02-03T15:17:20+00:00","og_image":[{"width":800,"height":800,"url":"https:\/\/mekulo.com\/dk\/wp-content\/uploads\/sites\/12\/2026\/01\/5s5564y-1.jpeg","type":"image\/jpeg"}],"twitter_card":"summary_large_image","twitter_misc":{"Estimeret l\u00e6setid":"2 minutter"},"schema":{"@context":"https:\/\/schema.org","@graph":[{"@type":"WebPage","@id":"https:\/\/mekulo.com\/dk\/produkt\/taktisk-taske-til-flaskeholder\/","url":"https:\/\/mekulo.com\/dk\/produkt\/taktisk-taske-til-flaskeholder\/","name":"Taktisk taske til flaskeholder - Mekulo DK","isPartOf":{"@id":"https:\/\/mekulo.com\/dk\/#website"},"primaryImageOfPage":{"@id":"https:\/\/mekulo.com\/dk\/produkt\/taktisk-taske-til-flaskeholder\/#primaryimage"},"image":{"@id":"https:\/\/mekulo.com\/dk\/produkt\/taktisk-taske-til-flaskeholder\/#primaryimage"},"thumbnailUrl":"https:\/\/mekulo.com\/dk\/wp-content\/uploads\/sites\/12\/2026\/01\/5s5564y-1.jpeg","datePublished":"2026-01-22T19:07:11+00:00","dateModified":"2026-02-03T15:17:20+00:00","breadcrumb":{"@id":"https:\/\/mekulo.com\/dk\/produkt\/taktisk-taske-til-flaskeholder\/#breadcrumb"},"inLanguage":"da-DK","potentialAction":[{"@type":"ReadAction","target":["https:\/\/mekulo.com\/dk\/produkt\/taktisk-taske-til-flaskeholder\/"]}]},{"@type":"ImageObject","inLanguage":"da-DK","@id":"https:\/\/mekulo.com\/dk\/produkt\/taktisk-taske-til-flaskeholder\/#primaryimage","url":"https:\/\/mekulo.com\/dk\/wp-content\/uploads\/sites\/12\/2026\/01\/5s5564y-1.jpeg","contentUrl":"https:\/\/mekulo.com\/dk\/wp-content\/uploads\/sites\/12\/2026\/01\/5s5564y-1.jpeg","width":800,"height":800},{"@type":"BreadcrumbList","@id":"https:\/\/mekulo.com\/dk\/produkt\/taktisk-taske-til-flaskeholder\/#breadcrumb","itemListElement":[{"@type":"ListItem","position":1,"name":"Home","item":"https:\/\/mekulo.com\/dk\/"},{"@type":"ListItem","position":2,"name":"Butik","item":"https:\/\/mekulo.com\/dk\/butik\/"},{"@type":"ListItem","position":3,"name":"Taktisk taske til flaskeholder"}]},{"@type":"WebSite","@id":"https:\/\/mekulo.com\/dk\/#website","url":"https:\/\/mekulo.com\/dk\/","name":"Mekulo DK","description":"","publisher":{"@id":"https:\/\/mekulo.com\/dk\/#organization"},"potentialAction":[{"@type":"SearchAction","target":{"@type":"EntryPoint","urlTemplate":"https:\/\/mekulo.com\/dk\/?s={search_term_string}"},"query-input":{"@type":"PropertyValueSpecification","valueRequired":true,"valueName":"search_term_string"}}],"inLanguage":"da-DK"},{"@type":"Organization","@id":"https:\/\/mekulo.com\/dk\/#organization","name":"Mekulo","url":"https:\/\/mekulo.com\/dk\/","logo":{"@type":"ImageObject","inLanguage":"da-DK","@id":"https:\/\/mekulo.com\/dk\/#\/schema\/logo\/image\/","url":"https:\/\/mekulo.com\/dk\/wp-content\/uploads\/sites\/12\/2025\/12\/favicon_mekulo.png","contentUrl":"https:\/\/mekulo.com\/dk\/wp-content\/uploads\/sites\/12\/2025\/12\/favicon_mekulo.png","width":50,"height":50,"caption":"Mekulo"},"image":{"@id":"https:\/\/mekulo.com\/dk\/#\/schema\/logo\/image\/"}}]}},"_links":{"self":[{"href":"https:\/\/mekulo.com\/dk\/wp-json\/wp\/v2\/product\/19284","targetHints":{"allow":["GET"]}}],"collection":[{"href":"https:\/\/mekulo.com\/dk\/wp-json\/wp\/v2\/product"}],"about":[{"href":"https:\/\/mekulo.com\/dk\/wp-json\/wp\/v2\/types\/product"}],"replies":[{"embeddable":true,"href":"https:\/\/mekulo.com\/dk\/wp-json\/wp\/v2\/comments?post=19284"}],"wp:featuredmedia":[{"embeddable":true,"href":"https:\/\/mekulo.com\/dk\/wp-json\/wp\/v2\/media\/19280"}],"wp:attachment":[{"href":"https:\/\/mekulo.com\/dk\/wp-json\/wp\/v2\/media?parent=19284"}],"wp:term":[{"taxonomy":"product_brand","embeddable":true,"href":"https:\/\/mekulo.com\/dk\/wp-json\/wp\/v2\/product_brand?post=19284"},{"taxonomy":"product_cat","embeddable":true,"href":"https:\/\/mekulo.com\/dk\/wp-json\/wp\/v2\/product_cat?post=19284"},{"taxonomy":"product_tag","embeddable":true,"href":"https:\/\/mekulo.com\/dk\/wp-json\/wp\/v2\/product_tag?post=19284"}],"curies":[{"name":"wp","href":"https:\/\/api.w.org\/{rel}","templated":true}]}}