{"id":19209,"date":"2026-01-22T20:59:56","date_gmt":"2026-01-22T18:59:56","guid":{"rendered":"https:\/\/mekulo.com\/dk\/produkt\/quad-oelaabner-og-holder-2-stk\/"},"modified":"2026-02-03T17:17:47","modified_gmt":"2026-02-03T15:17:47","slug":"quad-oelaabner-og-holder-2-stk","status":"publish","type":"product","link":"https:\/\/mekulo.com\/dk\/produkt\/quad-oelaabner-og-holder-2-stk\/","title":{"rendered":"Quad-\u00f8l\u00e5bner og holder (2 stk.)"},"content":{"rendered":"<p style=\"text-align: center;\" data-start=\"0\" data-end=\"57\"><strong data-start=\"0\" data-end=\"57\">\u00c5bn og b\u00e6r fire \u00f8l p\u00e5 \u00e9n gang med et enkelt tr\u00e6k. \ud83c\udf7a<\/strong><\/p>\n<p data-start=\"59\" data-end=\"273\"><img fetchpriority=\"high\" decoding=\"async\" class=\"size-full wp-image-21380 aligncenter\" src=\"https:\/\/mekulo.com\/template\/wp-content\/uploads\/sites\/6\/2026\/01\/3-20.jpg\" alt=\"\" width=\"1080\" height=\"1080\" \/><\/p>\n<h2 style=\"text-align: center;\" data-start=\"280\" data-end=\"300\">Vigtigste fordele \ud83c\udf7b<\/h2>\n<p data-start=\"303\" data-end=\"375\">\ud83c\udf7a \u00c5bner fire flasker p\u00e5 \u00e9n gang &#8211; Hurtig og ubesv\u00e6ret \u00e5bning af flasker.<\/p>\n<p data-start=\"378\" data-end=\"443\">\u270b Indbygget b\u00e6rer &#8211; B\u00e6r op til fire \u00e5bnede \u00f8l sammen.<\/p>\n<p data-start=\"446\" data-end=\"504\">\ud83d\udcaa St\u00e6rkt rustfrit st\u00e5l &#8211; Holdbart og langtidsholdbart.<\/p>\n<p data-start=\"507\" data-end=\"575\">\ud83c\udf89 Perfekt til fester &#8211; Perfekt til grillaftener, tailgates og events.<\/p>\n<p data-start=\"578\" data-end=\"637\">\u2728 Stilfuldt design &#8211; Rent look med klassisk \u00f8lstil.<\/p>\n<p data-start=\"640\" data-end=\"688\">\ud83d\udd27 Let at bruge &#8211; Ingen f\u00e6rdigheder eller v\u00e6rkt\u00f8jer er n\u00f8dvendige.<\/p>\n<p data-start=\"640\" data-end=\"688\"><img decoding=\"async\" class=\"size-full wp-image-21377 aligncenter\" src=\"https:\/\/mekulo.com\/template\/wp-content\/uploads\/sites\/6\/2026\/01\/4-12.jpeg\" alt=\"\" width=\"800\" height=\"800\" \/><\/p>\n<h2 style=\"text-align: center;\" data-start=\"695\" data-end=\"709\">S\u00e5dan bruges \ud83d\udccc<\/h2>\n<ol data-start=\"710\" data-end=\"936\">\n<li data-start=\"710\" data-end=\"754\">\n<p data-start=\"713\" data-end=\"754\">Placer oplukkeren over fire flaskekapsler.<\/p>\n<\/li>\n<li data-start=\"755\" data-end=\"800\">\n<p data-start=\"758\" data-end=\"800\">S\u00f8rg for, at alle kapsler er justeret korrekt.<\/p>\n<\/li>\n<li data-start=\"801\" data-end=\"824\">\n<p data-start=\"804\" data-end=\"824\">Tryk godt ned.<\/p>\n<\/li>\n<li data-start=\"825\" data-end=\"853\">\n<p data-start=\"828\" data-end=\"853\">L\u00f8ft oplukkeren opad.<\/p>\n<\/li>\n<li data-start=\"854\" data-end=\"901\">\n<p data-start=\"857\" data-end=\"901\">B\u00e6r de \u00e5bnede flasker ved hj\u00e6lp af h\u00e5ndtaget.<\/p>\n<\/li>\n<li data-start=\"902\" data-end=\"936\">\n<p data-start=\"905\" data-end=\"936\">Nyd og del med venner.<\/p>\n<\/li>\n<\/ol>\n<h2 style=\"text-align: center;\" data-start=\"943\" data-end=\"962\">Produktdetaljer \ud83d\udccf<\/h2>\n<ul data-start=\"963\" data-end=\"1185\">\n<li data-start=\"1008\" data-end=\"1037\">\n<p data-start=\"1010\" data-end=\"1037\">Materiale: Rustfrit st\u00e5l<\/p>\n<\/li>\n<li data-start=\"1038\" data-end=\"1057\">\n<p data-start=\"1040\" data-end=\"1057\">Farve: Gr\u00e5<\/p>\n<\/li>\n<li data-start=\"1058\" data-end=\"1094\">\n<p data-start=\"1060\" data-end=\"1094\">St\u00f8rrelse: Ca. 27 x 12,8 x 5,5 cm<\/p>\n<\/li>\n<li data-start=\"1095\" data-end=\"1139\">\n<p data-start=\"1097\" data-end=\"1139\">Funktion: \u00c5bner og b\u00e6rer fire flasker<\/p>\n<\/li>\n<li data-start=\"1140\" data-end=\"1185\">\n<p data-start=\"1142\" data-end=\"1185\">Brug: Fester, grillaftener, haleh\u00e6ng, sammenkomster<\/p>\n<\/li>\n<\/ul>\n<h2 style=\"text-align: center;\" data-start=\"1192\" data-end=\"1212\">Pakken indeholder \ud83d\udce6<\/h2>\n<ul data-start=\"1213\" data-end=\"1317\" data-is-last-node=\"\" data-is-only-node=\"\">\n<li data-start=\"1257\" data-end=\"1317\" data-is-last-node=\"\">\n<p data-start=\"1259\" data-end=\"1317\" data-is-last-node=\"\">2x quad \u00f8loplukker og holder.<\/p>\n<\/li>\n<\/ul>\n","protected":false},"excerpt":{"rendered":"<p>\ud83c\udf7bMed denne firdobbelte \u00f8loplukker og b\u00e6rer kan du \u00e5bne fire flasker p\u00e5 samme tid og b\u00e6re dem sammen.<br \/>\n\ud83c\udf56Den sparer tid, reducerer indsatsen og g\u00f8r servering af drinks hurtigere og sjovere til fester, grillfester og sammenkomster.<br \/>\n\ud83d\udeb6Den er perfekt til at dele drinks uden at l\u00f8be frem og tilbage.<\/p>\n","protected":false},"featured_media":19205,"comment_status":"open","ping_status":"closed","template":"","meta":{"site-sidebar-layout":"default","site-content-layout":"","ast-site-content-layout":"default","site-content-style":"default","site-sidebar-style":"default","ast-global-header-display":"","ast-banner-title-visibility":"","ast-main-header-display":"","ast-hfb-above-header-display":"","ast-hfb-below-header-display":"","ast-hfb-mobile-header-display":"","site-post-title":"","ast-breadcrumbs-content":"","ast-featured-img":"","footer-sml-layout":"","ast-disable-related-posts":"","theme-transparent-header-meta":"default","adv-header-id-meta":"","stick-header-meta":"","header-above-stick-meta":"","header-main-stick-meta":"","header-below-stick-meta":"","astra-migrate-meta-layouts":"set","ast-page-background-enabled":"default","ast-page-background-meta":{"desktop":{"background-color":"var(--ast-global-color-5)","background-image":"","background-repeat":"repeat","background-position":"center center","background-size":"auto","background-attachment":"scroll","background-type":"","background-media":"","overlay-type":"","overlay-color":"","overlay-opacity":"","overlay-gradient":""},"tablet":{"background-color":"","background-image":"","background-repeat":"repeat","background-position":"center center","background-size":"auto","background-attachment":"scroll","background-type":"","background-media":"","overlay-type":"","overlay-color":"","overlay-opacity":"","overlay-gradient":""},"mobile":{"background-color":"","background-image":"","background-repeat":"repeat","background-position":"center center","background-size":"auto","background-attachment":"scroll","background-type":"","background-media":"","overlay-type":"","overlay-color":"","overlay-opacity":"","overlay-gradient":""}},"ast-content-background-meta":{"desktop":{"background-color":"var(--ast-global-color-4)","background-image":"","background-repeat":"repeat","background-position":"center center","background-size":"auto","background-attachment":"scroll","background-type":"","background-media":"","overlay-type":"","overlay-color":"","overlay-opacity":"","overlay-gradient":""},"tablet":{"background-color":"var(--ast-global-color-4)","background-image":"","background-repeat":"repeat","background-position":"center center","background-size":"auto","background-attachment":"scroll","background-type":"","background-media":"","overlay-type":"","overlay-color":"","overlay-opacity":"","overlay-gradient":""},"mobile":{"background-color":"var(--ast-global-color-4)","background-image":"","background-repeat":"repeat","background-position":"center center","background-size":"auto","background-attachment":"scroll","background-type":"","background-media":"","overlay-type":"","overlay-color":"","overlay-opacity":"","overlay-gradient":""}}},"product_brand":[],"product_cat":[15],"product_tag":[],"class_list":{"0":"post-19209","1":"product","2":"type-product","3":"status-publish","4":"has-post-thumbnail","6":"product_cat-uncategorized","7":"desktop-align-left","8":"tablet-align-left","9":"mobile-align-left","11":"first","12":"instock","13":"shipping-taxable","14":"purchasable","15":"product-type-simple"},"yoast_head":"<!-- This site is optimized with the Yoast SEO plugin v27.4 - https:\/\/yoast.com\/product\/yoast-seo-wordpress\/ -->\n<title>Quad-\u00f8l\u00e5bner og holder (2 stk.) - Mekulo DK<\/title>\n<meta name=\"robots\" content=\"index, follow, max-snippet:-1, max-image-preview:large, max-video-preview:-1\" \/>\n<link rel=\"canonical\" href=\"https:\/\/mekulo.com\/dk\/produkt\/quad-oelaabner-og-holder-2-stk\/\" \/>\n<meta property=\"og:locale\" content=\"da_DK\" \/>\n<meta property=\"og:type\" content=\"article\" \/>\n<meta property=\"og:title\" content=\"Quad-\u00f8l\u00e5bner og holder (2 stk.) - Mekulo DK\" \/>\n<meta property=\"og:description\" content=\"\ud83c\udf7bMed denne firdobbelte \u00f8loplukker og b\u00e6rer kan du \u00e5bne fire flasker p\u00e5 samme tid og b\u00e6re dem sammen. \ud83c\udf56Den sparer tid, reducerer indsatsen og g\u00f8r servering af drinks hurtigere og sjovere til fester, grillfester og sammenkomster. \ud83d\udeb6Den er perfekt til at dele drinks uden at l\u00f8be frem og tilbage.\" \/>\n<meta property=\"og:url\" content=\"https:\/\/mekulo.com\/dk\/produkt\/quad-oelaabner-og-holder-2-stk\/\" \/>\n<meta property=\"og:site_name\" content=\"Mekulo DK\" \/>\n<meta property=\"article:modified_time\" content=\"2026-02-03T15:17:47+00:00\" \/>\n<meta property=\"og:image\" content=\"https:\/\/mekulo.com\/dk\/wp-content\/uploads\/sites\/12\/2026\/01\/gxwegkh-1.jpeg\" \/>\n\t<meta property=\"og:image:width\" content=\"800\" \/>\n\t<meta property=\"og:image:height\" content=\"800\" \/>\n\t<meta property=\"og:image:type\" content=\"image\/jpeg\" \/>\n<meta name=\"twitter:card\" content=\"summary_large_image\" \/>\n<meta name=\"twitter:label1\" content=\"Estimeret l\u00e6setid\" \/>\n\t<meta name=\"twitter:data1\" content=\"2 minutter\" \/>\n<script type=\"application\/ld+json\" class=\"yoast-schema-graph\">{\"@context\":\"https:\\\/\\\/schema.org\",\"@graph\":[{\"@type\":\"WebPage\",\"@id\":\"https:\\\/\\\/mekulo.com\\\/dk\\\/produkt\\\/quad-oelaabner-og-holder-2-stk\\\/\",\"url\":\"https:\\\/\\\/mekulo.com\\\/dk\\\/produkt\\\/quad-oelaabner-og-holder-2-stk\\\/\",\"name\":\"Quad-\u00f8l\u00e5bner og holder (2 stk.) - Mekulo DK\",\"isPartOf\":{\"@id\":\"https:\\\/\\\/mekulo.com\\\/dk\\\/#website\"},\"primaryImageOfPage\":{\"@id\":\"https:\\\/\\\/mekulo.com\\\/dk\\\/produkt\\\/quad-oelaabner-og-holder-2-stk\\\/#primaryimage\"},\"image\":{\"@id\":\"https:\\\/\\\/mekulo.com\\\/dk\\\/produkt\\\/quad-oelaabner-og-holder-2-stk\\\/#primaryimage\"},\"thumbnailUrl\":\"https:\\\/\\\/mekulo.com\\\/dk\\\/wp-content\\\/uploads\\\/sites\\\/12\\\/2026\\\/01\\\/gxwegkh-1.jpeg\",\"datePublished\":\"2026-01-22T18:59:56+00:00\",\"dateModified\":\"2026-02-03T15:17:47+00:00\",\"breadcrumb\":{\"@id\":\"https:\\\/\\\/mekulo.com\\\/dk\\\/produkt\\\/quad-oelaabner-og-holder-2-stk\\\/#breadcrumb\"},\"inLanguage\":\"da-DK\",\"potentialAction\":[{\"@type\":\"ReadAction\",\"target\":[\"https:\\\/\\\/mekulo.com\\\/dk\\\/produkt\\\/quad-oelaabner-og-holder-2-stk\\\/\"]}]},{\"@type\":\"ImageObject\",\"inLanguage\":\"da-DK\",\"@id\":\"https:\\\/\\\/mekulo.com\\\/dk\\\/produkt\\\/quad-oelaabner-og-holder-2-stk\\\/#primaryimage\",\"url\":\"https:\\\/\\\/mekulo.com\\\/dk\\\/wp-content\\\/uploads\\\/sites\\\/12\\\/2026\\\/01\\\/gxwegkh-1.jpeg\",\"contentUrl\":\"https:\\\/\\\/mekulo.com\\\/dk\\\/wp-content\\\/uploads\\\/sites\\\/12\\\/2026\\\/01\\\/gxwegkh-1.jpeg\",\"width\":800,\"height\":800},{\"@type\":\"BreadcrumbList\",\"@id\":\"https:\\\/\\\/mekulo.com\\\/dk\\\/produkt\\\/quad-oelaabner-og-holder-2-stk\\\/#breadcrumb\",\"itemListElement\":[{\"@type\":\"ListItem\",\"position\":1,\"name\":\"Home\",\"item\":\"https:\\\/\\\/mekulo.com\\\/dk\\\/\"},{\"@type\":\"ListItem\",\"position\":2,\"name\":\"Butik\",\"item\":\"https:\\\/\\\/mekulo.com\\\/dk\\\/butik\\\/\"},{\"@type\":\"ListItem\",\"position\":3,\"name\":\"Quad-\u00f8l\u00e5bner og holder (2 stk.)\"}]},{\"@type\":\"WebSite\",\"@id\":\"https:\\\/\\\/mekulo.com\\\/dk\\\/#website\",\"url\":\"https:\\\/\\\/mekulo.com\\\/dk\\\/\",\"name\":\"Mekulo DK\",\"description\":\"\",\"publisher\":{\"@id\":\"https:\\\/\\\/mekulo.com\\\/dk\\\/#organization\"},\"potentialAction\":[{\"@type\":\"SearchAction\",\"target\":{\"@type\":\"EntryPoint\",\"urlTemplate\":\"https:\\\/\\\/mekulo.com\\\/dk\\\/?s={search_term_string}\"},\"query-input\":{\"@type\":\"PropertyValueSpecification\",\"valueRequired\":true,\"valueName\":\"search_term_string\"}}],\"inLanguage\":\"da-DK\"},{\"@type\":\"Organization\",\"@id\":\"https:\\\/\\\/mekulo.com\\\/dk\\\/#organization\",\"name\":\"Mekulo\",\"url\":\"https:\\\/\\\/mekulo.com\\\/dk\\\/\",\"logo\":{\"@type\":\"ImageObject\",\"inLanguage\":\"da-DK\",\"@id\":\"https:\\\/\\\/mekulo.com\\\/dk\\\/#\\\/schema\\\/logo\\\/image\\\/\",\"url\":\"https:\\\/\\\/mekulo.com\\\/dk\\\/wp-content\\\/uploads\\\/sites\\\/12\\\/2025\\\/12\\\/favicon_mekulo.png\",\"contentUrl\":\"https:\\\/\\\/mekulo.com\\\/dk\\\/wp-content\\\/uploads\\\/sites\\\/12\\\/2025\\\/12\\\/favicon_mekulo.png\",\"width\":50,\"height\":50,\"caption\":\"Mekulo\"},\"image\":{\"@id\":\"https:\\\/\\\/mekulo.com\\\/dk\\\/#\\\/schema\\\/logo\\\/image\\\/\"}}]}<\/script>\n<!-- \/ Yoast SEO plugin. -->","yoast_head_json":{"title":"Quad-\u00f8l\u00e5bner og holder (2 stk.) - Mekulo DK","robots":{"index":"index","follow":"follow","max-snippet":"max-snippet:-1","max-image-preview":"max-image-preview:large","max-video-preview":"max-video-preview:-1"},"canonical":"https:\/\/mekulo.com\/dk\/produkt\/quad-oelaabner-og-holder-2-stk\/","og_locale":"da_DK","og_type":"article","og_title":"Quad-\u00f8l\u00e5bner og holder (2 stk.) - Mekulo DK","og_description":"\ud83c\udf7bMed denne firdobbelte \u00f8loplukker og b\u00e6rer kan du \u00e5bne fire flasker p\u00e5 samme tid og b\u00e6re dem sammen. \ud83c\udf56Den sparer tid, reducerer indsatsen og g\u00f8r servering af drinks hurtigere og sjovere til fester, grillfester og sammenkomster. \ud83d\udeb6Den er perfekt til at dele drinks uden at l\u00f8be frem og tilbage.","og_url":"https:\/\/mekulo.com\/dk\/produkt\/quad-oelaabner-og-holder-2-stk\/","og_site_name":"Mekulo DK","article_modified_time":"2026-02-03T15:17:47+00:00","og_image":[{"width":800,"height":800,"url":"https:\/\/mekulo.com\/dk\/wp-content\/uploads\/sites\/12\/2026\/01\/gxwegkh-1.jpeg","type":"image\/jpeg"}],"twitter_card":"summary_large_image","twitter_misc":{"Estimeret l\u00e6setid":"2 minutter"},"schema":{"@context":"https:\/\/schema.org","@graph":[{"@type":"WebPage","@id":"https:\/\/mekulo.com\/dk\/produkt\/quad-oelaabner-og-holder-2-stk\/","url":"https:\/\/mekulo.com\/dk\/produkt\/quad-oelaabner-og-holder-2-stk\/","name":"Quad-\u00f8l\u00e5bner og holder (2 stk.) - Mekulo DK","isPartOf":{"@id":"https:\/\/mekulo.com\/dk\/#website"},"primaryImageOfPage":{"@id":"https:\/\/mekulo.com\/dk\/produkt\/quad-oelaabner-og-holder-2-stk\/#primaryimage"},"image":{"@id":"https:\/\/mekulo.com\/dk\/produkt\/quad-oelaabner-og-holder-2-stk\/#primaryimage"},"thumbnailUrl":"https:\/\/mekulo.com\/dk\/wp-content\/uploads\/sites\/12\/2026\/01\/gxwegkh-1.jpeg","datePublished":"2026-01-22T18:59:56+00:00","dateModified":"2026-02-03T15:17:47+00:00","breadcrumb":{"@id":"https:\/\/mekulo.com\/dk\/produkt\/quad-oelaabner-og-holder-2-stk\/#breadcrumb"},"inLanguage":"da-DK","potentialAction":[{"@type":"ReadAction","target":["https:\/\/mekulo.com\/dk\/produkt\/quad-oelaabner-og-holder-2-stk\/"]}]},{"@type":"ImageObject","inLanguage":"da-DK","@id":"https:\/\/mekulo.com\/dk\/produkt\/quad-oelaabner-og-holder-2-stk\/#primaryimage","url":"https:\/\/mekulo.com\/dk\/wp-content\/uploads\/sites\/12\/2026\/01\/gxwegkh-1.jpeg","contentUrl":"https:\/\/mekulo.com\/dk\/wp-content\/uploads\/sites\/12\/2026\/01\/gxwegkh-1.jpeg","width":800,"height":800},{"@type":"BreadcrumbList","@id":"https:\/\/mekulo.com\/dk\/produkt\/quad-oelaabner-og-holder-2-stk\/#breadcrumb","itemListElement":[{"@type":"ListItem","position":1,"name":"Home","item":"https:\/\/mekulo.com\/dk\/"},{"@type":"ListItem","position":2,"name":"Butik","item":"https:\/\/mekulo.com\/dk\/butik\/"},{"@type":"ListItem","position":3,"name":"Quad-\u00f8l\u00e5bner og holder (2 stk.)"}]},{"@type":"WebSite","@id":"https:\/\/mekulo.com\/dk\/#website","url":"https:\/\/mekulo.com\/dk\/","name":"Mekulo DK","description":"","publisher":{"@id":"https:\/\/mekulo.com\/dk\/#organization"},"potentialAction":[{"@type":"SearchAction","target":{"@type":"EntryPoint","urlTemplate":"https:\/\/mekulo.com\/dk\/?s={search_term_string}"},"query-input":{"@type":"PropertyValueSpecification","valueRequired":true,"valueName":"search_term_string"}}],"inLanguage":"da-DK"},{"@type":"Organization","@id":"https:\/\/mekulo.com\/dk\/#organization","name":"Mekulo","url":"https:\/\/mekulo.com\/dk\/","logo":{"@type":"ImageObject","inLanguage":"da-DK","@id":"https:\/\/mekulo.com\/dk\/#\/schema\/logo\/image\/","url":"https:\/\/mekulo.com\/dk\/wp-content\/uploads\/sites\/12\/2025\/12\/favicon_mekulo.png","contentUrl":"https:\/\/mekulo.com\/dk\/wp-content\/uploads\/sites\/12\/2025\/12\/favicon_mekulo.png","width":50,"height":50,"caption":"Mekulo"},"image":{"@id":"https:\/\/mekulo.com\/dk\/#\/schema\/logo\/image\/"}}]}},"_links":{"self":[{"href":"https:\/\/mekulo.com\/dk\/wp-json\/wp\/v2\/product\/19209","targetHints":{"allow":["GET"]}}],"collection":[{"href":"https:\/\/mekulo.com\/dk\/wp-json\/wp\/v2\/product"}],"about":[{"href":"https:\/\/mekulo.com\/dk\/wp-json\/wp\/v2\/types\/product"}],"replies":[{"embeddable":true,"href":"https:\/\/mekulo.com\/dk\/wp-json\/wp\/v2\/comments?post=19209"}],"wp:featuredmedia":[{"embeddable":true,"href":"https:\/\/mekulo.com\/dk\/wp-json\/wp\/v2\/media\/19205"}],"wp:attachment":[{"href":"https:\/\/mekulo.com\/dk\/wp-json\/wp\/v2\/media?parent=19209"}],"wp:term":[{"taxonomy":"product_brand","embeddable":true,"href":"https:\/\/mekulo.com\/dk\/wp-json\/wp\/v2\/product_brand?post=19209"},{"taxonomy":"product_cat","embeddable":true,"href":"https:\/\/mekulo.com\/dk\/wp-json\/wp\/v2\/product_cat?post=19209"},{"taxonomy":"product_tag","embeddable":true,"href":"https:\/\/mekulo.com\/dk\/wp-json\/wp\/v2\/product_tag?post=19209"}],"curies":[{"name":"wp","href":"https:\/\/api.w.org\/{rel}","templated":true}]}}