{"id":19163,"date":"2026-01-22T20:56:26","date_gmt":"2026-01-22T18:56:26","guid":{"rendered":"https:\/\/mekulo.com\/dk\/produkt\/soldat-hilser-flaskeaabner-hjelm\/"},"modified":"2026-01-22T20:56:49","modified_gmt":"2026-01-22T18:56:49","slug":"soldat-hilser-flaskeaabner-hjelm","status":"publish","type":"product","link":"https:\/\/mekulo.com\/dk\/produkt\/soldat-hilser-flaskeaabner-hjelm\/","title":{"rendered":"Soldat hilser flaske\u00e5bner hjelm"},"content":{"rendered":"<div class=\"flex max-w-full flex-col grow\">\n<div class=\"min-h-8 text-message relative flex w-full flex-col items-end gap-2 text-start break-words whitespace-normal [.text-message+&amp;]:mt-1\" dir=\"auto\" data-message-author-role=\"assistant\" data-message-id=\"a957dae7-92d5-491e-90b0-f299506f1358\" data-message-model-slug=\"gpt-5-2\">\n<div class=\"flex w-full flex-col gap-1 empty:hidden first:pt-[1px]\">\n<div class=\"markdown prose dark:prose-invert w-full break-words light markdown-new-styling\">\n<p style=\"text-align: center\" data-start=\"0\" data-end=\"65\"><strong data-start=\"0\" data-end=\"65\">\u00c5bn Og Beskyt Din Drink Med Et Sjovt Soldat-Hilsen-Design. \ud83c\udf7e<\/strong><\/p>\n<p data-start=\"0\" data-end=\"65\"><img decoding=\"async\" class=\"size-full wp-image-21361 aligncenter\" src=\"https:\/\/mekulo.com\/template\/wp-content\/uploads\/sites\/6\/2026\/01\/98690ba2abe5b3b382aee4e23925bf9d0b93b4fb.avif\" alt=\"\" \/><\/p>\n<h2 style=\"text-align: center\" data-start=\"340\" data-end=\"360\">Hovedfordele \ud83c\udf7a<\/h2>\n<p data-start=\"363\" data-end=\"433\">\ud83e\ude96 Unikt Soldathilsen-Design &#8211; Sjovt Og I\u00f8jnefaldende Tilbeh\u00f8r.<\/p>\n<p data-start=\"436\" data-end=\"494\">\ud83e\udd9f Holder Drikkevarer Rene &#8211; Hj\u00e6lper Med At Blokere St\u00f8v Og Insekter.<\/p>\n<p data-start=\"497\" data-end=\"561\">\ud83e\uddf2 Let At Bruge &#8211; Intet V\u00e6rkt\u00f8j Er N\u00f8dvendigt, Bare Placer P\u00e5 Flasken.<\/p>\n<p data-start=\"564\" data-end=\"630\">\u267b\ufe0f Genanvendelig &amp; Letv\u00e6gt &#8211; Holdbar Plast Til Gentagen Brug.<\/p>\n<p data-start=\"633\" data-end=\"690\">\ud83c\udf89 Perfekt Til Fester &#8211; Stor Samtalestarter.<\/p>\n<p data-start=\"693\" data-end=\"754\">\ud83c\udf81 God Gaveid\u00e9 &#8211; Ideel Til Veteraner Og \u00d8lelskere.<\/p>\n<p data-start=\"693\" data-end=\"754\"><img fetchpriority=\"high\" decoding=\"async\" class=\"size-full wp-image-21357 aligncenter\" src=\"https:\/\/mekulo.com\/template\/wp-content\/uploads\/sites\/6\/2026\/01\/S94d0914c6576417d85f9e2bbd584e97bH.jpg_960x960q75.jpg_.jpg\" alt=\"\" width=\"1080\" height=\"1080\" \/><\/p>\n<h2 style=\"text-align: center\" data-start=\"761\" data-end=\"775\">S\u00e5dan Bruges \ud83d\udccc<\/h2>\n<ol data-start=\"776\" data-end=\"1007\">\n<li data-start=\"776\" data-end=\"807\">\n<p data-start=\"779\" data-end=\"807\">\u00c5bn Din Flaske Som Normalt.<\/p>\n<\/li>\n<li data-start=\"808\" data-end=\"861\">\n<p data-start=\"811\" data-end=\"861\">Placer Hjelmtoppen Over Flaske\u00e5bningen.<\/p>\n<\/li>\n<li data-start=\"862\" data-end=\"902\">\n<p data-start=\"865\" data-end=\"902\">Tryk Forsigtigt For At Sikre Den P\u00e5 Plads.<\/p>\n<\/li>\n<li data-start=\"903\" data-end=\"966\">\n<p data-start=\"906\" data-end=\"966\">Drik Komfortabelt, Mens Hjelmen Beskytter Din Drik.<\/p>\n<\/li>\n<li data-start=\"967\" data-end=\"1007\">\n<p data-start=\"970\" data-end=\"1007\">Fjern, Skyl Og Genbrug Efter Brug.<\/p>\n<\/li>\n<\/ol>\n<h2 style=\"text-align: center\" data-start=\"1014\" data-end=\"1033\">Produktoplysninger \ud83d\udccf<\/h2>\n<ul data-start=\"1034\" data-end=\"1293\">\n<li data-start=\"1088\" data-end=\"1115\">\n<p data-start=\"1090\" data-end=\"1115\">Materiale: Plast (PLA)<\/p>\n<\/li>\n<li data-start=\"1116\" data-end=\"1159\">\n<p data-start=\"1118\" data-end=\"1159\">Design: Soldaterhjelm Med Honn\u00f8rstilling<\/p>\n<\/li>\n<li data-start=\"1160\" data-end=\"1209\">\n<p data-start=\"1162\" data-end=\"1209\">St\u00f8rrelse: 85 X 85 X 40 Mm<\/p>\n<\/li>\n<li data-start=\"1210\" data-end=\"1245\">\n<p data-start=\"1212\" data-end=\"1245\">Pasform: De Fleste Standard \u00d8lflasker<\/p>\n<\/li>\n<li data-start=\"1246\" data-end=\"1293\">\n<p data-start=\"1248\" data-end=\"1293\">Brug: Drikkevarebeskyttelse Og Nyhedstilbeh\u00f8r<\/p>\n<\/li>\n<\/ul>\n<h2 style=\"text-align: center\" data-start=\"1300\" data-end=\"1320\">Pakken Indeholder \ud83d\udce6<\/h2>\n<ul data-start=\"1321\" data-end=\"1400\" data-is-last-node=\"\" data-is-only-node=\"\">\n<li data-start=\"1321\" data-end=\"1400\" data-is-last-node=\"\">\n<p data-start=\"1323\" data-end=\"1400\" data-is-last-node=\"\">2, 3x Soldat Hilsen Flaske\u00e5bnerhjelme.<\/p>\n<\/li>\n<\/ul>\n<\/div>\n<\/div>\n<\/div>\n<\/div>\n","protected":false},"excerpt":{"rendered":"<p>\ud83e\ude96Denne soldat-hilsen oplukkerhjelm er et kreativt flasketilbeh\u00f8r, der tilf\u00f8jer personlighed og samtidig holder din drink ren.<br \/>\n\ud83e\udeb0Den passer over de fleste standardflasker for at hj\u00e6lpe med at blokere st\u00f8v og insekter, hvilket g\u00f8r hver slurk mere behagelig til fester, grillaftener eller afslappede sammenkomster.<br \/>\n\ud83c\udf89Det legende design forvandler \u00f8jeblikkeligt en almindelig drink til et sjovt samtaleemne.<\/p>\n","protected":false},"featured_media":19159,"comment_status":"open","ping_status":"closed","template":"","meta":{"site-sidebar-layout":"default","site-content-layout":"","ast-site-content-layout":"default","site-content-style":"default","site-sidebar-style":"default","ast-global-header-display":"","ast-banner-title-visibility":"","ast-main-header-display":"","ast-hfb-above-header-display":"","ast-hfb-below-header-display":"","ast-hfb-mobile-header-display":"","site-post-title":"","ast-breadcrumbs-content":"","ast-featured-img":"","footer-sml-layout":"","ast-disable-related-posts":"","theme-transparent-header-meta":"default","adv-header-id-meta":"","stick-header-meta":"","header-above-stick-meta":"","header-main-stick-meta":"","header-below-stick-meta":"","astra-migrate-meta-layouts":"set","ast-page-background-enabled":"default","ast-page-background-meta":{"desktop":{"background-color":"var(--ast-global-color-5)","background-image":"","background-repeat":"repeat","background-position":"center center","background-size":"auto","background-attachment":"scroll","background-type":"","background-media":"","overlay-type":"","overlay-color":"","overlay-opacity":"","overlay-gradient":""},"tablet":{"background-color":"","background-image":"","background-repeat":"repeat","background-position":"center center","background-size":"auto","background-attachment":"scroll","background-type":"","background-media":"","overlay-type":"","overlay-color":"","overlay-opacity":"","overlay-gradient":""},"mobile":{"background-color":"","background-image":"","background-repeat":"repeat","background-position":"center center","background-size":"auto","background-attachment":"scroll","background-type":"","background-media":"","overlay-type":"","overlay-color":"","overlay-opacity":"","overlay-gradient":""}},"ast-content-background-meta":{"desktop":{"background-color":"var(--ast-global-color-4)","background-image":"","background-repeat":"repeat","background-position":"center center","background-size":"auto","background-attachment":"scroll","background-type":"","background-media":"","overlay-type":"","overlay-color":"","overlay-opacity":"","overlay-gradient":""},"tablet":{"background-color":"var(--ast-global-color-4)","background-image":"","background-repeat":"repeat","background-position":"center center","background-size":"auto","background-attachment":"scroll","background-type":"","background-media":"","overlay-type":"","overlay-color":"","overlay-opacity":"","overlay-gradient":""},"mobile":{"background-color":"var(--ast-global-color-4)","background-image":"","background-repeat":"repeat","background-position":"center center","background-size":"auto","background-attachment":"scroll","background-type":"","background-media":"","overlay-type":"","overlay-color":"","overlay-opacity":"","overlay-gradient":""}}},"product_brand":[],"product_cat":[168],"product_tag":[],"class_list":{"0":"post-19163","1":"product","2":"type-product","3":"status-publish","4":"has-post-thumbnail","6":"product_cat-husholdningsartikler","7":"pa_51395_dyem69u8-a","8":"pa_51395_dyem69u8-b","9":"pa_51395_dyem69u8-c","10":"pa_51395_yhjbd2p1-2-stk","11":"pa_51395_yhjbd2p1-3-stk","12":"desktop-align-left","13":"tablet-align-left","14":"mobile-align-left","16":"first","17":"instock","18":"shipping-taxable","19":"purchasable","20":"product-type-variable","21":"has-default-attributes"},"yoast_head":"<!-- This site is optimized with the Yoast SEO plugin v27.4 - https:\/\/yoast.com\/product\/yoast-seo-wordpress\/ -->\n<title>Soldat hilser flaske\u00e5bner hjelm - Mekulo DK<\/title>\n<meta name=\"robots\" content=\"index, follow, max-snippet:-1, max-image-preview:large, max-video-preview:-1\" \/>\n<link rel=\"canonical\" href=\"https:\/\/mekulo.com\/dk\/produkt\/soldat-hilser-flaskeaabner-hjelm\/\" \/>\n<meta property=\"og:locale\" content=\"da_DK\" \/>\n<meta property=\"og:type\" content=\"article\" \/>\n<meta property=\"og:title\" content=\"Soldat hilser flaske\u00e5bner hjelm - Mekulo DK\" \/>\n<meta property=\"og:description\" content=\"\ud83e\ude96Denne soldat-hilsen oplukkerhjelm er et kreativt flasketilbeh\u00f8r, der tilf\u00f8jer personlighed og samtidig holder din drink ren. \ud83e\udeb0Den passer over de fleste standardflasker for at hj\u00e6lpe med at blokere st\u00f8v og insekter, hvilket g\u00f8r hver slurk mere behagelig til fester, grillaftener eller afslappede sammenkomster. \ud83c\udf89Det legende design forvandler \u00f8jeblikkeligt en almindelig drink til et sjovt samtaleemne.\" \/>\n<meta property=\"og:url\" content=\"https:\/\/mekulo.com\/dk\/produkt\/soldat-hilser-flaskeaabner-hjelm\/\" \/>\n<meta property=\"og:site_name\" content=\"Mekulo DK\" \/>\n<meta property=\"article:modified_time\" content=\"2026-01-22T18:56:49+00:00\" \/>\n<meta property=\"og:image\" content=\"https:\/\/mekulo.com\/dk\/wp-content\/uploads\/sites\/12\/2026\/01\/ukuwuq8-1.jpg\" \/>\n\t<meta property=\"og:image:width\" content=\"1080\" \/>\n\t<meta property=\"og:image:height\" content=\"1080\" \/>\n\t<meta property=\"og:image:type\" content=\"image\/jpeg\" \/>\n<meta name=\"twitter:card\" content=\"summary_large_image\" \/>\n<meta name=\"twitter:label1\" content=\"Estimeret l\u00e6setid\" \/>\n\t<meta name=\"twitter:data1\" content=\"2 minutter\" \/>\n<script type=\"application\/ld+json\" class=\"yoast-schema-graph\">{\"@context\":\"https:\\\/\\\/schema.org\",\"@graph\":[{\"@type\":\"WebPage\",\"@id\":\"https:\\\/\\\/mekulo.com\\\/dk\\\/produkt\\\/soldat-hilser-flaskeaabner-hjelm\\\/\",\"url\":\"https:\\\/\\\/mekulo.com\\\/dk\\\/produkt\\\/soldat-hilser-flaskeaabner-hjelm\\\/\",\"name\":\"Soldat hilser flaske\u00e5bner hjelm - Mekulo DK\",\"isPartOf\":{\"@id\":\"https:\\\/\\\/mekulo.com\\\/dk\\\/#website\"},\"primaryImageOfPage\":{\"@id\":\"https:\\\/\\\/mekulo.com\\\/dk\\\/produkt\\\/soldat-hilser-flaskeaabner-hjelm\\\/#primaryimage\"},\"image\":{\"@id\":\"https:\\\/\\\/mekulo.com\\\/dk\\\/produkt\\\/soldat-hilser-flaskeaabner-hjelm\\\/#primaryimage\"},\"thumbnailUrl\":\"https:\\\/\\\/mekulo.com\\\/dk\\\/wp-content\\\/uploads\\\/sites\\\/12\\\/2026\\\/01\\\/ukuwuq8-1.jpg\",\"datePublished\":\"2026-01-22T18:56:26+00:00\",\"dateModified\":\"2026-01-22T18:56:49+00:00\",\"breadcrumb\":{\"@id\":\"https:\\\/\\\/mekulo.com\\\/dk\\\/produkt\\\/soldat-hilser-flaskeaabner-hjelm\\\/#breadcrumb\"},\"inLanguage\":\"da-DK\",\"potentialAction\":[{\"@type\":\"ReadAction\",\"target\":[\"https:\\\/\\\/mekulo.com\\\/dk\\\/produkt\\\/soldat-hilser-flaskeaabner-hjelm\\\/\"]}]},{\"@type\":\"ImageObject\",\"inLanguage\":\"da-DK\",\"@id\":\"https:\\\/\\\/mekulo.com\\\/dk\\\/produkt\\\/soldat-hilser-flaskeaabner-hjelm\\\/#primaryimage\",\"url\":\"https:\\\/\\\/mekulo.com\\\/dk\\\/wp-content\\\/uploads\\\/sites\\\/12\\\/2026\\\/01\\\/ukuwuq8-1.jpg\",\"contentUrl\":\"https:\\\/\\\/mekulo.com\\\/dk\\\/wp-content\\\/uploads\\\/sites\\\/12\\\/2026\\\/01\\\/ukuwuq8-1.jpg\",\"width\":1080,\"height\":1080},{\"@type\":\"BreadcrumbList\",\"@id\":\"https:\\\/\\\/mekulo.com\\\/dk\\\/produkt\\\/soldat-hilser-flaskeaabner-hjelm\\\/#breadcrumb\",\"itemListElement\":[{\"@type\":\"ListItem\",\"position\":1,\"name\":\"Home\",\"item\":\"https:\\\/\\\/mekulo.com\\\/dk\\\/\"},{\"@type\":\"ListItem\",\"position\":2,\"name\":\"Butik\",\"item\":\"https:\\\/\\\/mekulo.com\\\/dk\\\/butik\\\/\"},{\"@type\":\"ListItem\",\"position\":3,\"name\":\"Soldat hilser flaske\u00e5bner hjelm\"}]},{\"@type\":\"WebSite\",\"@id\":\"https:\\\/\\\/mekulo.com\\\/dk\\\/#website\",\"url\":\"https:\\\/\\\/mekulo.com\\\/dk\\\/\",\"name\":\"Mekulo DK\",\"description\":\"\",\"publisher\":{\"@id\":\"https:\\\/\\\/mekulo.com\\\/dk\\\/#organization\"},\"potentialAction\":[{\"@type\":\"SearchAction\",\"target\":{\"@type\":\"EntryPoint\",\"urlTemplate\":\"https:\\\/\\\/mekulo.com\\\/dk\\\/?s={search_term_string}\"},\"query-input\":{\"@type\":\"PropertyValueSpecification\",\"valueRequired\":true,\"valueName\":\"search_term_string\"}}],\"inLanguage\":\"da-DK\"},{\"@type\":\"Organization\",\"@id\":\"https:\\\/\\\/mekulo.com\\\/dk\\\/#organization\",\"name\":\"Mekulo\",\"url\":\"https:\\\/\\\/mekulo.com\\\/dk\\\/\",\"logo\":{\"@type\":\"ImageObject\",\"inLanguage\":\"da-DK\",\"@id\":\"https:\\\/\\\/mekulo.com\\\/dk\\\/#\\\/schema\\\/logo\\\/image\\\/\",\"url\":\"https:\\\/\\\/mekulo.com\\\/dk\\\/wp-content\\\/uploads\\\/sites\\\/12\\\/2025\\\/12\\\/favicon_mekulo.png\",\"contentUrl\":\"https:\\\/\\\/mekulo.com\\\/dk\\\/wp-content\\\/uploads\\\/sites\\\/12\\\/2025\\\/12\\\/favicon_mekulo.png\",\"width\":50,\"height\":50,\"caption\":\"Mekulo\"},\"image\":{\"@id\":\"https:\\\/\\\/mekulo.com\\\/dk\\\/#\\\/schema\\\/logo\\\/image\\\/\"}}]}<\/script>\n<!-- \/ Yoast SEO plugin. -->","yoast_head_json":{"title":"Soldat hilser flaske\u00e5bner hjelm - Mekulo DK","robots":{"index":"index","follow":"follow","max-snippet":"max-snippet:-1","max-image-preview":"max-image-preview:large","max-video-preview":"max-video-preview:-1"},"canonical":"https:\/\/mekulo.com\/dk\/produkt\/soldat-hilser-flaskeaabner-hjelm\/","og_locale":"da_DK","og_type":"article","og_title":"Soldat hilser flaske\u00e5bner hjelm - Mekulo DK","og_description":"\ud83e\ude96Denne soldat-hilsen oplukkerhjelm er et kreativt flasketilbeh\u00f8r, der tilf\u00f8jer personlighed og samtidig holder din drink ren. \ud83e\udeb0Den passer over de fleste standardflasker for at hj\u00e6lpe med at blokere st\u00f8v og insekter, hvilket g\u00f8r hver slurk mere behagelig til fester, grillaftener eller afslappede sammenkomster. \ud83c\udf89Det legende design forvandler \u00f8jeblikkeligt en almindelig drink til et sjovt samtaleemne.","og_url":"https:\/\/mekulo.com\/dk\/produkt\/soldat-hilser-flaskeaabner-hjelm\/","og_site_name":"Mekulo DK","article_modified_time":"2026-01-22T18:56:49+00:00","og_image":[{"width":1080,"height":1080,"url":"https:\/\/mekulo.com\/dk\/wp-content\/uploads\/sites\/12\/2026\/01\/ukuwuq8-1.jpg","type":"image\/jpeg"}],"twitter_card":"summary_large_image","twitter_misc":{"Estimeret l\u00e6setid":"2 minutter"},"schema":{"@context":"https:\/\/schema.org","@graph":[{"@type":"WebPage","@id":"https:\/\/mekulo.com\/dk\/produkt\/soldat-hilser-flaskeaabner-hjelm\/","url":"https:\/\/mekulo.com\/dk\/produkt\/soldat-hilser-flaskeaabner-hjelm\/","name":"Soldat hilser flaske\u00e5bner hjelm - Mekulo DK","isPartOf":{"@id":"https:\/\/mekulo.com\/dk\/#website"},"primaryImageOfPage":{"@id":"https:\/\/mekulo.com\/dk\/produkt\/soldat-hilser-flaskeaabner-hjelm\/#primaryimage"},"image":{"@id":"https:\/\/mekulo.com\/dk\/produkt\/soldat-hilser-flaskeaabner-hjelm\/#primaryimage"},"thumbnailUrl":"https:\/\/mekulo.com\/dk\/wp-content\/uploads\/sites\/12\/2026\/01\/ukuwuq8-1.jpg","datePublished":"2026-01-22T18:56:26+00:00","dateModified":"2026-01-22T18:56:49+00:00","breadcrumb":{"@id":"https:\/\/mekulo.com\/dk\/produkt\/soldat-hilser-flaskeaabner-hjelm\/#breadcrumb"},"inLanguage":"da-DK","potentialAction":[{"@type":"ReadAction","target":["https:\/\/mekulo.com\/dk\/produkt\/soldat-hilser-flaskeaabner-hjelm\/"]}]},{"@type":"ImageObject","inLanguage":"da-DK","@id":"https:\/\/mekulo.com\/dk\/produkt\/soldat-hilser-flaskeaabner-hjelm\/#primaryimage","url":"https:\/\/mekulo.com\/dk\/wp-content\/uploads\/sites\/12\/2026\/01\/ukuwuq8-1.jpg","contentUrl":"https:\/\/mekulo.com\/dk\/wp-content\/uploads\/sites\/12\/2026\/01\/ukuwuq8-1.jpg","width":1080,"height":1080},{"@type":"BreadcrumbList","@id":"https:\/\/mekulo.com\/dk\/produkt\/soldat-hilser-flaskeaabner-hjelm\/#breadcrumb","itemListElement":[{"@type":"ListItem","position":1,"name":"Home","item":"https:\/\/mekulo.com\/dk\/"},{"@type":"ListItem","position":2,"name":"Butik","item":"https:\/\/mekulo.com\/dk\/butik\/"},{"@type":"ListItem","position":3,"name":"Soldat hilser flaske\u00e5bner hjelm"}]},{"@type":"WebSite","@id":"https:\/\/mekulo.com\/dk\/#website","url":"https:\/\/mekulo.com\/dk\/","name":"Mekulo DK","description":"","publisher":{"@id":"https:\/\/mekulo.com\/dk\/#organization"},"potentialAction":[{"@type":"SearchAction","target":{"@type":"EntryPoint","urlTemplate":"https:\/\/mekulo.com\/dk\/?s={search_term_string}"},"query-input":{"@type":"PropertyValueSpecification","valueRequired":true,"valueName":"search_term_string"}}],"inLanguage":"da-DK"},{"@type":"Organization","@id":"https:\/\/mekulo.com\/dk\/#organization","name":"Mekulo","url":"https:\/\/mekulo.com\/dk\/","logo":{"@type":"ImageObject","inLanguage":"da-DK","@id":"https:\/\/mekulo.com\/dk\/#\/schema\/logo\/image\/","url":"https:\/\/mekulo.com\/dk\/wp-content\/uploads\/sites\/12\/2025\/12\/favicon_mekulo.png","contentUrl":"https:\/\/mekulo.com\/dk\/wp-content\/uploads\/sites\/12\/2025\/12\/favicon_mekulo.png","width":50,"height":50,"caption":"Mekulo"},"image":{"@id":"https:\/\/mekulo.com\/dk\/#\/schema\/logo\/image\/"}}]}},"_links":{"self":[{"href":"https:\/\/mekulo.com\/dk\/wp-json\/wp\/v2\/product\/19163","targetHints":{"allow":["GET"]}}],"collection":[{"href":"https:\/\/mekulo.com\/dk\/wp-json\/wp\/v2\/product"}],"about":[{"href":"https:\/\/mekulo.com\/dk\/wp-json\/wp\/v2\/types\/product"}],"replies":[{"embeddable":true,"href":"https:\/\/mekulo.com\/dk\/wp-json\/wp\/v2\/comments?post=19163"}],"wp:featuredmedia":[{"embeddable":true,"href":"https:\/\/mekulo.com\/dk\/wp-json\/wp\/v2\/media\/19159"}],"wp:attachment":[{"href":"https:\/\/mekulo.com\/dk\/wp-json\/wp\/v2\/media?parent=19163"}],"wp:term":[{"taxonomy":"product_brand","embeddable":true,"href":"https:\/\/mekulo.com\/dk\/wp-json\/wp\/v2\/product_brand?post=19163"},{"taxonomy":"product_cat","embeddable":true,"href":"https:\/\/mekulo.com\/dk\/wp-json\/wp\/v2\/product_cat?post=19163"},{"taxonomy":"product_tag","embeddable":true,"href":"https:\/\/mekulo.com\/dk\/wp-json\/wp\/v2\/product_tag?post=19163"}],"curies":[{"name":"wp","href":"https:\/\/api.w.org\/{rel}","templated":true}]}}